{"id":12487,"date":"2021-08-13T10:20:10","date_gmt":"2021-08-13T08:20:10","guid":{"rendered":"https:\/\/linandelle.com\/?page_id=12487"},"modified":"2025-12-16T17:16:13","modified_gmt":"2025-12-16T16:16:13","slug":"livraison","status":"publish","type":"page","link":"https:\/\/linandelle.com\/fr\/livraison\/","title":{"rendered":"Livraison"},"content":{"rendered":"<p>[et_pb_section fb_built=\u00a0\u00bb1&Prime; _builder_version=\u00a0\u00bb4.16&Prime; _module_preset=\u00a0\u00bbdefault\u00a0\u00bb custom_margin=\u00a0\u00bb39px||||false|false\u00a0\u00bb global_colors_info=\u00a0\u00bb{}\u00a0\u00bb][et_pb_row _builder_version=\u00a0\u00bb4.16&Prime; _module_preset=\u00a0\u00bbdefault\u00a0\u00bb global_colors_info=\u00a0\u00bb{}\u00a0\u00bb][et_pb_column type=\u00a0\u00bb4_4&Prime; _builder_version=\u00a0\u00bb4.16&Prime; _module_preset=\u00a0\u00bbdefault\u00a0\u00bb global_colors_info=\u00a0\u00bb{}\u00a0\u00bb][et_pb_text _builder_version=\u00a0\u00bb4.27.5&Prime; _module_preset=\u00a0\u00bbdefault\u00a0\u00bb text_font_size=\u00a0\u00bb1rem\u00a0\u00bb header_font=\u00a0\u00bb|||on|||||\u00a0\u00bb header_text_color=\u00a0\u00bb#154741&Prime; header_2_font=\u00a0\u00bb|||on|||||\u00a0\u00bb header_2_text_color=\u00a0\u00bb#154741&Prime; header_3_font=\u00a0\u00bb|||on|||||\u00a0\u00bb header_4_font=\u00a0\u00bb|||on|||||\u00a0\u00bb hover_enabled=\u00a0\u00bb0&Prime; global_colors_info=\u00a0\u00bb{}\u00a0\u00bb sticky_enabled=\u00a0\u00bb0&Prime;]<\/p>\n<h1>Livraison Linandelle : nos d\u00e9lais, tarifs et conditions de retour<\/h1>\n<p>Chez Linandelle, chaque commande est pr\u00e9par\u00e9e avec le plus grand soin. Nous mettons tout en \u0153uvre pour vous garantir une livraison rapide, fiable et adapt\u00e9e \u00e0 vos besoins.<\/p>\n<h2>De notre atelier \u00e0 votre porte : Modes et Frais de livraison<\/h2>\n<table border=\"1\" style=\"width: 100%; border-collapse: collapse; border-style: dotted; border-color: #4D716C; background-color: #4c706b1f;\">\n<tbody>\n<tr>\n<td><strong>Zone<\/strong><\/td>\n<td style=\"width: 15%; text-align: center;\"><strong>Colissimo \u00e0 domicile<\/strong><\/td>\n<td style=\"width: 15%; text-align: center;\"><strong>Colissimo Relais<\/strong><\/td>\n<td style=\"width: 15%; text-align: center;\"><strong>Chronopost \u00e0 domicile J+1<\/strong><\/td>\n<\/tr>\n<tr>\n<td>France M\u00e9tropolitaine<\/td>\n<td style=\"text-align: center;\"><strong>Gratuit<\/strong><\/td>\n<td style=\"text-align: center;\"><strong>Gratuit<\/strong><\/td>\n<td style=\"text-align: center;\">7,90\u20ac<\/td>\n<\/tr>\n<tr>\n<td>Allemagne, Autriche, Belgique, Bulgarie, Chypre, Croatie, Danemark, Espagne, Estonie, Finlande, France, Gr\u00e8ce, Hongrie, Irlande, Italie, Lettonie, Lituanie, Luxembourg, Malte, Pays-Bas, Pologne, Portugal, R\u00e9publique tch\u00e8que, Roumanie, Slovaquie, Slov\u00e9nie, Su\u00e8de, Suisse, Monaco, Andorre, Liechtenstein<\/td>\n<td style=\"text-align: center;\">12,00\u20ac<\/td>\n<td style=\"text-align: center;\"><em>Non disponible<\/em><\/td>\n<td style=\"text-align: center;\"><em>Non disponible<\/em><\/td>\n<\/tr>\n<tr>\n<td>Canada, Etats-Unis (USA)<\/td>\n<td style=\"text-align: center;\">40,00\u20ac<\/td>\n<td style=\"text-align: center;\"><em>Non disponible<\/em><\/td>\n<td style=\"text-align: center;\"><em>Non disponible<\/em><\/td>\n<\/tr>\n<tr>\n<td>Guadeloupe, Guyane, Martinique, Mayotte, La R\u00e9union<\/td>\n<td style=\"text-align: center;\">30,00\u20ac<\/td>\n<td style=\"text-align: center;\"><em>Non disponible<\/em><\/td>\n<td style=\"text-align: center;\"><em>Non disponible<\/em><\/td>\n<\/tr>\n<tr>\n<td>Wallis et Futuna, la Polyn\u00e9sie fran\u00e7aise, Saint-Martin, Saint-Barth\u00e9lemy et Saint-Pierre-et-Miquelon<\/td>\n<td style=\"text-align: center;\">40,00\u20ac<\/td>\n<td style=\"text-align: center;\"><em>Non disponible<\/em><\/td>\n<td style=\"text-align: center;\"><em>Non disponible<\/em><\/td>\n<\/tr>\n<\/tbody>\n<\/table>\n<p><strong>Vous souhaitez une livraison vers une autre destination ?<\/strong> <a href=\"https:\/\/linandelle.com\/fr\/contact\/\" title=\"Contacter Linandelle\">Contactez-nous<\/a> et nous \u00e9tudierons la meilleure solution pour r\u00e9pondre \u00e0 votre demande.<\/p>\n<p>Les commandes volumineuses n\u00e9cessitant un envoi a\u00e9rien (hors Europe) font l&rsquo;objet de <strong>frais suppl\u00e9mentaires<\/strong>. Ils vous seront soumis \u00e0 validation et pr\u00e9cis\u00e9s apr\u00e8s la confirmation de votre commande, d\u00e8s que notre service exp\u00e9dition les auront \u00e9tudi\u00e9.<\/p>\n<p>Les <strong>taxes et frais de douane<\/strong> restent \u00e0 la charge du client pour toute commande internationale. Pour plus d\u2019informations, nous vous invitons \u00e0 consulter le site officiel des douanes.<\/p>\n<p>Enfin, vous pouvez choisir le lieu de livraison de votre choix et, si vous le souhaitez, <strong>ajouter gratuitement une carte Linandelle personnalis\u00e9e<\/strong> avec un petit mot pour le destinataire. Un geste simple, toujours appr\u00e9ci\u00e9.<\/p>\n<h2>D\u00e9lais de livraison<\/h2>\n<p>Le d\u00e9lai moyen de traitement des commandes est de <strong>24 \u00e0 48 heures ouvr\u00e9es<\/strong>, auquel s\u2019ajoute le d\u00e9lai d\u2019acheminement, variable selon le mode d&rsquo;exp\u00e9dition et la destination. Il s&rsquo;agit de tous les articles signal\u00e9s par un logo, en stock imm\u00e9diat, pr\u00eats \u00e0 partir.<\/p>\n<p>[\/et_pb_text][et_pb_text _builder_version=\u00a0\u00bb4.27.4&Prime; _module_preset=\u00a0\u00bbdefault\u00a0\u00bb text_font_size=\u00a0\u00bb1rem\u00a0\u00bb header_font=\u00a0\u00bb|||on|||||\u00a0\u00bb header_text_color=\u00a0\u00bb#154741&Prime; header_2_font=\u00a0\u00bb|||on|||||\u00a0\u00bb header_2_text_color=\u00a0\u00bb#154741&Prime; header_3_font=\u00a0\u00bb|||on|||||\u00a0\u00bb header_4_font=\u00a0\u00bb|||on|||||\u00a0\u00bb custom_padding=\u00a0\u00bb2rem|2rem|2rem|2rem|false|false\u00a0\u00bb border_width_all=\u00a0\u00bb1px\u00a0\u00bb border_color_all=\u00a0\u00bb#4D716C\u00a0\u00bb global_colors_info=\u00a0\u00bb{}\u00a0\u00bb]<\/p>\n<p><strong>Livraison express Chronopost J+1 : commandez avant le vendredi 11h pour une r\u00e9ception d\u00e8s le samedi.<\/strong><\/p>\n<p>[\/et_pb_text][et_pb_text _builder_version=\u00a0\u00bb4.27.5&Prime; _module_preset=\u00a0\u00bbdefault\u00a0\u00bb text_font_size=\u00a0\u00bb1rem\u00a0\u00bb header_font=\u00a0\u00bb|||on|||||\u00a0\u00bb header_text_color=\u00a0\u00bb#154741&Prime; header_2_font=\u00a0\u00bb|||on|||||\u00a0\u00bb header_2_text_color=\u00a0\u00bb#154741&Prime; header_3_font=\u00a0\u00bb|||on|||||\u00a0\u00bb header_4_font=\u00a0\u00bb|||on|||||\u00a0\u00bb hover_enabled=\u00a0\u00bb0&Prime; global_colors_info=\u00a0\u00bb{}\u00a0\u00bb sticky_enabled=\u00a0\u00bb0&Prime;]<\/p>\n<p>Quant aux articles <strong>personnalis\u00e9s<\/strong>, confectionn\u00e9s avec soin par nos couturi\u00e8res, ils demandent un temps de r\u00e9alisation suppl\u00e9mentaire.<\/p>\n<h2>Retours<\/h2>\n<p>Vous disposez d\u2019un <strong>d\u00e9lai de 14 jours<\/strong> \u00e0 compter de la r\u00e9ception de votre commande pour retourner un produit non utilis\u00e9, dans son emballage d\u2019origine, sans justification ni p\u00e9nalit\u00e9.<\/p>\n<p>Les produits <strong>personnalis\u00e9s<\/strong> (brod\u00e9s ou r\u00e9alis\u00e9s sur mesure) ne peuvent \u00eatre ni repris ni \u00e9chang\u00e9s apr\u00e8s validation de la commande.<\/p>\n<p>Voici comment nous les retourner :<\/p>\n<ol>\n<li>R\u00e9cup\u00e9rez <strong>votre num\u00e9ro de commande<\/strong> ou de <strong>facture<\/strong>.<\/li>\n<li>Muni de ce num\u00e9ro, contactez <strong>notre service client<\/strong> par mail \u00e0 <strong>contact@linandell.com<\/strong> ou au <strong>02.32.68.78.00.<\/strong><\/li>\n<li>Apr\u00e8s accord, vous recevrez un <strong>bon de retour par e-mail<\/strong>.<\/li>\n<li>Replacez le produit dans son <strong>emballage d\u2019origine<\/strong>, indiquez le <strong>num\u00e9ro de retour<\/strong> sur le colis, puis exp\u00e9diez-le \u00e0 Linandelle &#8211; All\u00e9e des Jardins &#8211; 27380 CHARLEVAL France<\/li>\n<\/ol>\n<p>Au del\u00e0 des 14 jours, les frais de retour seront \u00e0 votre charge, sauf en cas d\u2019erreur ou de d\u00e9faut imputable \u00e0 Linandelle.<\/p>\n<p>Nous vous conseillons de choisir un transporteur offrant une <strong>garantie contre la perte ou la d\u00e9t\u00e9rioration<\/strong> (La Poste, Colissimo ou Chronopost).<br \/>Les livraisons \u201cC.O.D.\u201d (paiement \u00e0 r\u00e9ception) ne peuvent \u00eatre accept\u00e9es.<\/p>\n<h3>Remboursement<\/h3>\n<p>D\u00e8s r\u00e9ception et contr\u00f4le de votre colis retour, le remboursement sera effectu\u00e9 selon le <strong>mode de paiement initial<\/strong>.<br \/>Les frais d\u2019exp\u00e9dition ne sont pas rembours\u00e9s. Ils peuvent toutefois \u00eatre pris en charge si le retour est d\u00fb \u00e0 une erreur de notre part (produit incorrect, erreur de pr\u00e9paration ou d\u2019envoi).<br \/>Un d\u00e9lai maximum d\u2019un mois peut \u00eatre n\u00e9cessaire pour que l\u2019op\u00e9ration apparaisse sur votre relev\u00e9 bancaire.<\/p>\n<p>[\/et_pb_text][\/et_pb_column][\/et_pb_row][\/et_pb_section]<\/p>\n","protected":false},"excerpt":{"rendered":"<p>Livraison Linandelle : nos d\u00e9lais, tarifs et conditions de retour Chez Linandelle, chaque commande est pr\u00e9par\u00e9e avec le plus grand soin. Nous mettons tout en \u0153uvre pour vous garantir une livraison rapide, fiable et adapt\u00e9e \u00e0 vos besoins. De notre atelier \u00e0 votre porte : Modes et Frais de livraison Zone Colissimo \u00e0 domicile Colissimo [&hellip;]<\/p>\n","protected":false},"author":14757,"featured_media":0,"parent":0,"menu_order":0,"comment_status":"closed","ping_status":"closed","template":"","meta":{"_et_pb_use_builder":"on","_et_pb_old_content":"","_et_gb_content_width":"","footnotes":""},"class_list":["post-12487","page","type-page","status-publish","hentry"],"yoast_head":"<!-- This site is optimized with the Yoast SEO Premium plugin v27.5 (Yoast SEO v27.5) - https:\/\/yoast.com\/product\/yoast-seo-premium-wordpress\/ -->\n<title>Livraison | Tout ce qu&#039;il faut savoir sur nos services de livraison<\/title>\n<meta name=\"description\" content=\"D\u00e9couvrez tout ce qu&#039;il faut savoir sur la livraison des produits de Linandelle ! D\u00e9lais de livraison, les frais, la politique de retours.\" \/>\n<meta name=\"robots\" content=\"index, follow, max-snippet:-1, max-image-preview:large, max-video-preview:-1\" \/>\n<link rel=\"canonical\" href=\"https:\/\/linandelle.com\/fr\/livraison\/\" \/>\n<meta property=\"og:locale\" content=\"fr_FR\" \/>\n<meta property=\"og:type\" content=\"article\" \/>\n<meta property=\"og:title\" content=\"Livraison | Tout ce qu&#039;il faut savoir sur nos services de livraison\" \/>\n<meta property=\"og:description\" content=\"D\u00e9couvrez tout ce qu&#039;il faut savoir sur la livraison des produits de Linandelle ! D\u00e9lais de livraison, les frais, la politique de retours.\" \/>\n<meta property=\"og:url\" content=\"https:\/\/linandelle.com\/fr\/livraison\/\" \/>\n<meta property=\"og:site_name\" content=\"Linandelle\" \/>\n<meta property=\"article:publisher\" content=\"https:\/\/www.facebook.com\/Linandelle\" \/>\n<meta property=\"article:modified_time\" content=\"2025-12-16T16:16:13+00:00\" \/>\n<meta property=\"og:image\" content=\"https:\/\/linandelle.com\/wp-content\/uploads\/2024\/04\/zoom-drap-tencel-bleu-petrol-nordique.jpg\" \/>\n\t<meta property=\"og:image:width\" content=\"1215\" \/>\n\t<meta property=\"og:image:height\" content=\"1215\" \/>\n\t<meta property=\"og:image:type\" content=\"image\/jpeg\" \/>\n<meta name=\"twitter:card\" content=\"summary_large_image\" \/>\n<meta name=\"twitter:label1\" content=\"Dur\u00e9e de lecture estim\u00e9e\" \/>\n\t<meta name=\"twitter:data1\" content=\"3 minutes\" \/>\n<script type=\"application\/ld+json\" class=\"yoast-schema-graph\">{\"@context\":\"https:\\\/\\\/schema.org\",\"@graph\":[{\"@type\":\"WebPage\",\"@id\":\"https:\\\/\\\/linandelle.com\\\/fr\\\/livraison\\\/\",\"url\":\"https:\\\/\\\/linandelle.com\\\/fr\\\/livraison\\\/\",\"name\":\"Livraison | Tout ce qu'il faut savoir sur nos services de livraison\",\"isPartOf\":{\"@id\":\"https:\\\/\\\/linandelle.com\\\/fr\\\/#website\"},\"datePublished\":\"2021-08-13T08:20:10+00:00\",\"dateModified\":\"2025-12-16T16:16:13+00:00\",\"description\":\"D\u00e9couvrez tout ce qu'il faut savoir sur la livraison des produits de Linandelle ! D\u00e9lais de livraison, les frais, la politique de retours.\",\"inLanguage\":\"fr-FR\",\"potentialAction\":[{\"@type\":\"ReadAction\",\"target\":[\"https:\\\/\\\/linandelle.com\\\/fr\\\/livraison\\\/\"]}]},{\"@type\":\"WebSite\",\"@id\":\"https:\\\/\\\/linandelle.com\\\/fr\\\/#website\",\"url\":\"https:\\\/\\\/linandelle.com\\\/fr\\\/\",\"name\":\"Linandelle\",\"description\":\"Linandelle, plus que du linge, l&#039;essentiel\",\"publisher\":{\"@id\":\"https:\\\/\\\/linandelle.com\\\/fr\\\/#organization\"},\"potentialAction\":[{\"@type\":\"SearchAction\",\"target\":{\"@type\":\"EntryPoint\",\"urlTemplate\":\"https:\\\/\\\/linandelle.com\\\/fr\\\/?s={search_term_string}\"},\"query-input\":{\"@type\":\"PropertyValueSpecification\",\"valueRequired\":true,\"valueName\":\"search_term_string\"}}],\"inLanguage\":\"fr-FR\"},{\"@type\":\"Organization\",\"@id\":\"https:\\\/\\\/linandelle.com\\\/fr\\\/#organization\",\"name\":\"Linandelle\",\"url\":\"https:\\\/\\\/linandelle.com\\\/fr\\\/\",\"logo\":{\"@type\":\"ImageObject\",\"inLanguage\":\"fr-FR\",\"@id\":\"https:\\\/\\\/linandelle.com\\\/fr\\\/#\\\/schema\\\/logo\\\/image\\\/\",\"url\":\"https:\\\/\\\/linandelle.com\\\/wp-content\\\/uploads\\\/2022\\\/03\\\/logo-linandelle.jpg\",\"contentUrl\":\"https:\\\/\\\/linandelle.com\\\/wp-content\\\/uploads\\\/2022\\\/03\\\/logo-linandelle.jpg\",\"width\":739,\"height\":738,\"caption\":\"Linandelle\"},\"image\":{\"@id\":\"https:\\\/\\\/linandelle.com\\\/fr\\\/#\\\/schema\\\/logo\\\/image\\\/\"},\"sameAs\":[\"https:\\\/\\\/www.facebook.com\\\/Linandelle\",\"https:\\\/\\\/www.instagram.com\\\/linandelle\\\/\",\"https:\\\/\\\/www.linkedin.com\\\/company\\\/18483801\\\/admin\\\/dashboard\\\/\",\"https:\\\/\\\/www.pinterest.fr\\\/linandelle\\\/_created\\\/\",\"https:\\\/\\\/www.youtube.com\\\/@linandellecharleval1016\"],\"email\":\"contact@linandelle.com\",\"telephone\":\"0232687800\",\"legalName\":\"SARL DU PONT DES JARDINS\",\"vatID\":\"FR27448856641\",\"taxID\":\"44885664100015\",\"numberOfEmployees\":{\"@type\":\"QuantitativeValue\",\"minValue\":\"1\",\"maxValue\":\"10\"}}]}<\/script>\n<!-- \/ Yoast SEO Premium plugin. -->","yoast_head_json":{"title":"Livraison | Tout ce qu'il faut savoir sur nos services de livraison","description":"D\u00e9couvrez tout ce qu'il faut savoir sur la livraison des produits de Linandelle ! D\u00e9lais de livraison, les frais, la politique de retours.","robots":{"index":"index","follow":"follow","max-snippet":"max-snippet:-1","max-image-preview":"max-image-preview:large","max-video-preview":"max-video-preview:-1"},"canonical":"https:\/\/linandelle.com\/fr\/livraison\/","og_locale":"fr_FR","og_type":"article","og_title":"Livraison | Tout ce qu'il faut savoir sur nos services de livraison","og_description":"D\u00e9couvrez tout ce qu'il faut savoir sur la livraison des produits de Linandelle ! D\u00e9lais de livraison, les frais, la politique de retours.","og_url":"https:\/\/linandelle.com\/fr\/livraison\/","og_site_name":"Linandelle","article_publisher":"https:\/\/www.facebook.com\/Linandelle","article_modified_time":"2025-12-16T16:16:13+00:00","og_image":[{"width":1215,"height":1215,"url":"https:\/\/linandelle.com\/wp-content\/uploads\/2024\/04\/zoom-drap-tencel-bleu-petrol-nordique.jpg","type":"image\/jpeg"}],"twitter_card":"summary_large_image","twitter_misc":{"Dur\u00e9e de lecture estim\u00e9e":"3 minutes"},"schema":{"@context":"https:\/\/schema.org","@graph":[{"@type":"WebPage","@id":"https:\/\/linandelle.com\/fr\/livraison\/","url":"https:\/\/linandelle.com\/fr\/livraison\/","name":"Livraison | Tout ce qu'il faut savoir sur nos services de livraison","isPartOf":{"@id":"https:\/\/linandelle.com\/fr\/#website"},"datePublished":"2021-08-13T08:20:10+00:00","dateModified":"2025-12-16T16:16:13+00:00","description":"D\u00e9couvrez tout ce qu'il faut savoir sur la livraison des produits de Linandelle ! D\u00e9lais de livraison, les frais, la politique de retours.","inLanguage":"fr-FR","potentialAction":[{"@type":"ReadAction","target":["https:\/\/linandelle.com\/fr\/livraison\/"]}]},{"@type":"WebSite","@id":"https:\/\/linandelle.com\/fr\/#website","url":"https:\/\/linandelle.com\/fr\/","name":"Linandelle","description":"Linandelle, plus que du linge, l&#039;essentiel","publisher":{"@id":"https:\/\/linandelle.com\/fr\/#organization"},"potentialAction":[{"@type":"SearchAction","target":{"@type":"EntryPoint","urlTemplate":"https:\/\/linandelle.com\/fr\/?s={search_term_string}"},"query-input":{"@type":"PropertyValueSpecification","valueRequired":true,"valueName":"search_term_string"}}],"inLanguage":"fr-FR"},{"@type":"Organization","@id":"https:\/\/linandelle.com\/fr\/#organization","name":"Linandelle","url":"https:\/\/linandelle.com\/fr\/","logo":{"@type":"ImageObject","inLanguage":"fr-FR","@id":"https:\/\/linandelle.com\/fr\/#\/schema\/logo\/image\/","url":"https:\/\/linandelle.com\/wp-content\/uploads\/2022\/03\/logo-linandelle.jpg","contentUrl":"https:\/\/linandelle.com\/wp-content\/uploads\/2022\/03\/logo-linandelle.jpg","width":739,"height":738,"caption":"Linandelle"},"image":{"@id":"https:\/\/linandelle.com\/fr\/#\/schema\/logo\/image\/"},"sameAs":["https:\/\/www.facebook.com\/Linandelle","https:\/\/www.instagram.com\/linandelle\/","https:\/\/www.linkedin.com\/company\/18483801\/admin\/dashboard\/","https:\/\/www.pinterest.fr\/linandelle\/_created\/","https:\/\/www.youtube.com\/@linandellecharleval1016"],"email":"contact@linandelle.com","telephone":"0232687800","legalName":"SARL DU PONT DES JARDINS","vatID":"FR27448856641","taxID":"44885664100015","numberOfEmployees":{"@type":"QuantitativeValue","minValue":"1","maxValue":"10"}}]}},"_links":{"self":[{"href":"https:\/\/linandelle.com\/fr\/wp-json\/wp\/v2\/pages\/12487","targetHints":{"allow":["GET"]}}],"collection":[{"href":"https:\/\/linandelle.com\/fr\/wp-json\/wp\/v2\/pages"}],"about":[{"href":"https:\/\/linandelle.com\/fr\/wp-json\/wp\/v2\/types\/page"}],"author":[{"embeddable":true,"href":"https:\/\/linandelle.com\/fr\/wp-json\/wp\/v2\/users\/14757"}],"replies":[{"embeddable":true,"href":"https:\/\/linandelle.com\/fr\/wp-json\/wp\/v2\/comments?post=12487"}],"version-history":[{"count":15,"href":"https:\/\/linandelle.com\/fr\/wp-json\/wp\/v2\/pages\/12487\/revisions"}],"predecessor-version":[{"id":86742,"href":"https:\/\/linandelle.com\/fr\/wp-json\/wp\/v2\/pages\/12487\/revisions\/86742"}],"wp:attachment":[{"href":"https:\/\/linandelle.com\/fr\/wp-json\/wp\/v2\/media?parent=12487"}],"curies":[{"name":"wp","href":"https:\/\/api.w.org\/{rel}","templated":true}]}}