{"id":32372,"date":"2022-06-28T14:12:42","date_gmt":"2022-06-28T12:12:42","guid":{"rendered":"https:\/\/linandelle.com\/fr\/?page_id=32372"},"modified":"2024-11-20T16:28:32","modified_gmt":"2024-11-20T15:28:32","slug":"notre-magasin-3","status":"publish","type":"page","link":"https:\/\/linandelle.com\/fr\/notre-magasin-3\/","title":{"rendered":"Notre magasin"},"content":{"rendered":"","protected":false},"excerpt":{"rendered":"","protected":false},"author":628,"featured_media":0,"parent":0,"menu_order":0,"comment_status":"closed","ping_status":"closed","template":"","meta":{"_et_pb_use_builder":"on","_et_pb_old_content":"","_et_gb_content_width":"","footnotes":""},"class_list":["post-32372","page","type-page","status-publish","hentry"],"yoast_head":"<!-- This site is optimized with the Yoast SEO Premium plugin v27.5 (Yoast SEO v27.5) - https:\/\/yoast.com\/product\/yoast-seo-premium-wordpress\/ -->\n<title>Linandelle, du linge de maison personnalis\u00e9, qui vous ressemble<\/title>\n<meta name=\"description\" content=\"Linandelle est \u00e0 la fois une marque de linge de maison Fran\u00e7aise, un magasin Normand et une boutique en ligne avec pr\u00e8s de 2000 articles. Sp\u00e9cialiste des grandes tailles et des tailles sp\u00e9ciales en peignoirs et en linge de lit, votre commande est exp\u00e9di\u00e9e le lendemain.\" \/>\n<meta name=\"robots\" content=\"index, follow, max-snippet:-1, max-image-preview:large, max-video-preview:-1\" \/>\n<link rel=\"canonical\" href=\"https:\/\/linandelle.com\/fr\/notre-magasin-3\/\" \/>\n<meta property=\"og:locale\" content=\"fr_FR\" \/>\n<meta property=\"og:type\" content=\"article\" \/>\n<meta property=\"og:title\" content=\"Linandelle, du linge de maison personnalis\u00e9, qui vous ressemble\" \/>\n<meta property=\"og:description\" content=\"Linandelle est \u00e0 la fois une marque de linge de maison Fran\u00e7aise, un magasin Normand et une boutique en ligne avec pr\u00e8s de 2000 articles. Sp\u00e9cialiste des grandes tailles et des tailles sp\u00e9ciales en peignoirs et en linge de lit, votre commande est exp\u00e9di\u00e9e le lendemain.\" \/>\n<meta property=\"og:url\" content=\"https:\/\/linandelle.com\/fr\/notre-magasin-3\/\" \/>\n<meta property=\"og:site_name\" content=\"Linandelle\" \/>\n<meta property=\"article:publisher\" content=\"https:\/\/www.facebook.com\/Linandelle\" \/>\n<meta property=\"article:modified_time\" content=\"2024-11-20T15:28:32+00:00\" \/>\n<meta property=\"og:image\" content=\"https:\/\/linandelle.com\/wp-content\/uploads\/2024\/04\/zoom-drap-tencel-bleu-petrol-nordique.jpg\" \/>\n\t<meta property=\"og:image:width\" content=\"1215\" \/>\n\t<meta property=\"og:image:height\" content=\"1215\" \/>\n\t<meta property=\"og:image:type\" content=\"image\/jpeg\" \/>\n<meta name=\"twitter:card\" content=\"summary_large_image\" \/>\n<script type=\"application\/ld+json\" class=\"yoast-schema-graph\">{\"@context\":\"https:\\\/\\\/schema.org\",\"@graph\":[{\"@type\":\"WebPage\",\"@id\":\"https:\\\/\\\/linandelle.com\\\/fr\\\/notre-magasin-3\\\/\",\"url\":\"https:\\\/\\\/linandelle.com\\\/fr\\\/notre-magasin-3\\\/\",\"name\":\"Linandelle, du linge de maison personnalis\u00e9, qui vous ressemble\",\"isPartOf\":{\"@id\":\"https:\\\/\\\/linandelle.com\\\/fr\\\/#website\"},\"datePublished\":\"2022-06-28T12:12:42+00:00\",\"dateModified\":\"2024-11-20T15:28:32+00:00\",\"description\":\"Linandelle est \u00e0 la fois une marque de linge de maison Fran\u00e7aise, un magasin Normand et une boutique en ligne avec pr\u00e8s de 2000 articles. Sp\u00e9cialiste des grandes tailles et des tailles sp\u00e9ciales en peignoirs et en linge de lit, votre commande est exp\u00e9di\u00e9e le lendemain.\",\"inLanguage\":\"fr-FR\",\"potentialAction\":[{\"@type\":\"ReadAction\",\"target\":[\"https:\\\/\\\/linandelle.com\\\/fr\\\/notre-magasin-3\\\/\"]}]},{\"@type\":\"WebSite\",\"@id\":\"https:\\\/\\\/linandelle.com\\\/fr\\\/#website\",\"url\":\"https:\\\/\\\/linandelle.com\\\/fr\\\/\",\"name\":\"Linandelle\",\"description\":\"Linandelle, plus que du linge, l&#039;essentiel\",\"publisher\":{\"@id\":\"https:\\\/\\\/linandelle.com\\\/fr\\\/#organization\"},\"potentialAction\":[{\"@type\":\"SearchAction\",\"target\":{\"@type\":\"EntryPoint\",\"urlTemplate\":\"https:\\\/\\\/linandelle.com\\\/fr\\\/?s={search_term_string}\"},\"query-input\":{\"@type\":\"PropertyValueSpecification\",\"valueRequired\":true,\"valueName\":\"search_term_string\"}}],\"inLanguage\":\"fr-FR\"},{\"@type\":\"Organization\",\"@id\":\"https:\\\/\\\/linandelle.com\\\/fr\\\/#organization\",\"name\":\"Linandelle\",\"url\":\"https:\\\/\\\/linandelle.com\\\/fr\\\/\",\"logo\":{\"@type\":\"ImageObject\",\"inLanguage\":\"fr-FR\",\"@id\":\"https:\\\/\\\/linandelle.com\\\/fr\\\/#\\\/schema\\\/logo\\\/image\\\/\",\"url\":\"https:\\\/\\\/linandelle.com\\\/wp-content\\\/uploads\\\/2022\\\/03\\\/logo-linandelle.jpg\",\"contentUrl\":\"https:\\\/\\\/linandelle.com\\\/wp-content\\\/uploads\\\/2022\\\/03\\\/logo-linandelle.jpg\",\"width\":739,\"height\":738,\"caption\":\"Linandelle\"},\"image\":{\"@id\":\"https:\\\/\\\/linandelle.com\\\/fr\\\/#\\\/schema\\\/logo\\\/image\\\/\"},\"sameAs\":[\"https:\\\/\\\/www.facebook.com\\\/Linandelle\",\"https:\\\/\\\/www.instagram.com\\\/linandelle\\\/\",\"https:\\\/\\\/www.linkedin.com\\\/company\\\/18483801\\\/admin\\\/dashboard\\\/\",\"https:\\\/\\\/www.pinterest.fr\\\/linandelle\\\/_created\\\/\",\"https:\\\/\\\/www.youtube.com\\\/@linandellecharleval1016\"],\"email\":\"contact@linandelle.com\",\"telephone\":\"0232687800\",\"legalName\":\"SARL DU PONT DES JARDINS\",\"vatID\":\"FR27448856641\",\"taxID\":\"44885664100015\",\"numberOfEmployees\":{\"@type\":\"QuantitativeValue\",\"minValue\":\"1\",\"maxValue\":\"10\"}}]}<\/script>\n<!-- \/ Yoast SEO Premium plugin. -->","yoast_head_json":{"title":"Linandelle, du linge de maison personnalis\u00e9, qui vous ressemble","description":"Linandelle est \u00e0 la fois une marque de linge de maison Fran\u00e7aise, un magasin Normand et une boutique en ligne avec pr\u00e8s de 2000 articles. Sp\u00e9cialiste des grandes tailles et des tailles sp\u00e9ciales en peignoirs et en linge de lit, votre commande est exp\u00e9di\u00e9e le lendemain.","robots":{"index":"index","follow":"follow","max-snippet":"max-snippet:-1","max-image-preview":"max-image-preview:large","max-video-preview":"max-video-preview:-1"},"canonical":"https:\/\/linandelle.com\/fr\/notre-magasin-3\/","og_locale":"fr_FR","og_type":"article","og_title":"Linandelle, du linge de maison personnalis\u00e9, qui vous ressemble","og_description":"Linandelle est \u00e0 la fois une marque de linge de maison Fran\u00e7aise, un magasin Normand et une boutique en ligne avec pr\u00e8s de 2000 articles. Sp\u00e9cialiste des grandes tailles et des tailles sp\u00e9ciales en peignoirs et en linge de lit, votre commande est exp\u00e9di\u00e9e le lendemain.","og_url":"https:\/\/linandelle.com\/fr\/notre-magasin-3\/","og_site_name":"Linandelle","article_publisher":"https:\/\/www.facebook.com\/Linandelle","article_modified_time":"2024-11-20T15:28:32+00:00","og_image":[{"width":1215,"height":1215,"url":"https:\/\/linandelle.com\/wp-content\/uploads\/2024\/04\/zoom-drap-tencel-bleu-petrol-nordique.jpg","type":"image\/jpeg"}],"twitter_card":"summary_large_image","schema":{"@context":"https:\/\/schema.org","@graph":[{"@type":"WebPage","@id":"https:\/\/linandelle.com\/fr\/notre-magasin-3\/","url":"https:\/\/linandelle.com\/fr\/notre-magasin-3\/","name":"Linandelle, du linge de maison personnalis\u00e9, qui vous ressemble","isPartOf":{"@id":"https:\/\/linandelle.com\/fr\/#website"},"datePublished":"2022-06-28T12:12:42+00:00","dateModified":"2024-11-20T15:28:32+00:00","description":"Linandelle est \u00e0 la fois une marque de linge de maison Fran\u00e7aise, un magasin Normand et une boutique en ligne avec pr\u00e8s de 2000 articles. Sp\u00e9cialiste des grandes tailles et des tailles sp\u00e9ciales en peignoirs et en linge de lit, votre commande est exp\u00e9di\u00e9e le lendemain.","inLanguage":"fr-FR","potentialAction":[{"@type":"ReadAction","target":["https:\/\/linandelle.com\/fr\/notre-magasin-3\/"]}]},{"@type":"WebSite","@id":"https:\/\/linandelle.com\/fr\/#website","url":"https:\/\/linandelle.com\/fr\/","name":"Linandelle","description":"Linandelle, plus que du linge, l&#039;essentiel","publisher":{"@id":"https:\/\/linandelle.com\/fr\/#organization"},"potentialAction":[{"@type":"SearchAction","target":{"@type":"EntryPoint","urlTemplate":"https:\/\/linandelle.com\/fr\/?s={search_term_string}"},"query-input":{"@type":"PropertyValueSpecification","valueRequired":true,"valueName":"search_term_string"}}],"inLanguage":"fr-FR"},{"@type":"Organization","@id":"https:\/\/linandelle.com\/fr\/#organization","name":"Linandelle","url":"https:\/\/linandelle.com\/fr\/","logo":{"@type":"ImageObject","inLanguage":"fr-FR","@id":"https:\/\/linandelle.com\/fr\/#\/schema\/logo\/image\/","url":"https:\/\/linandelle.com\/wp-content\/uploads\/2022\/03\/logo-linandelle.jpg","contentUrl":"https:\/\/linandelle.com\/wp-content\/uploads\/2022\/03\/logo-linandelle.jpg","width":739,"height":738,"caption":"Linandelle"},"image":{"@id":"https:\/\/linandelle.com\/fr\/#\/schema\/logo\/image\/"},"sameAs":["https:\/\/www.facebook.com\/Linandelle","https:\/\/www.instagram.com\/linandelle\/","https:\/\/www.linkedin.com\/company\/18483801\/admin\/dashboard\/","https:\/\/www.pinterest.fr\/linandelle\/_created\/","https:\/\/www.youtube.com\/@linandellecharleval1016"],"email":"contact@linandelle.com","telephone":"0232687800","legalName":"SARL DU PONT DES JARDINS","vatID":"FR27448856641","taxID":"44885664100015","numberOfEmployees":{"@type":"QuantitativeValue","minValue":"1","maxValue":"10"}}]}},"_links":{"self":[{"href":"https:\/\/linandelle.com\/fr\/wp-json\/wp\/v2\/pages\/32372","targetHints":{"allow":["GET"]}}],"collection":[{"href":"https:\/\/linandelle.com\/fr\/wp-json\/wp\/v2\/pages"}],"about":[{"href":"https:\/\/linandelle.com\/fr\/wp-json\/wp\/v2\/types\/page"}],"author":[{"embeddable":true,"href":"https:\/\/linandelle.com\/fr\/wp-json\/wp\/v2\/users\/628"}],"replies":[{"embeddable":true,"href":"https:\/\/linandelle.com\/fr\/wp-json\/wp\/v2\/comments?post=32372"}],"version-history":[{"count":1,"href":"https:\/\/linandelle.com\/fr\/wp-json\/wp\/v2\/pages\/32372\/revisions"}],"predecessor-version":[{"id":80230,"href":"https:\/\/linandelle.com\/fr\/wp-json\/wp\/v2\/pages\/32372\/revisions\/80230"}],"wp:attachment":[{"href":"https:\/\/linandelle.com\/fr\/wp-json\/wp\/v2\/media?parent=32372"}],"curies":[{"name":"wp","href":"https:\/\/api.w.org\/{rel}","templated":true}]}}