{"id":83316,"date":"2025-05-26T14:49:52","date_gmt":"2025-05-26T12:49:52","guid":{"rendered":"https:\/\/linandelle.com\/fr\/?page_id=83316"},"modified":"2025-05-26T14:56:34","modified_gmt":"2025-05-26T12:56:34","slug":"confirmation-contact","status":"publish","type":"page","link":"https:\/\/linandelle.com\/fr\/contact\/confirmation-contact\/","title":{"rendered":"Merci pour votre message"},"content":{"rendered":"<p>[et_pb_section fb_built=\u00a0\u00bb1&Prime; _builder_version=\u00a0\u00bb4.27.4&Prime; _module_preset=\u00a0\u00bbdefault\u00a0\u00bb global_colors_info=\u00a0\u00bb{}\u00a0\u00bb][et_pb_row _builder_version=\u00a0\u00bb4.27.4&Prime; _module_preset=\u00a0\u00bbdefault\u00a0\u00bb global_colors_info=\u00a0\u00bb{}\u00a0\u00bb][et_pb_column type=\u00a0\u00bb4_4&Prime; _builder_version=\u00a0\u00bb4.27.4&Prime; _module_preset=\u00a0\u00bbdefault\u00a0\u00bb global_colors_info=\u00a0\u00bb{}\u00a0\u00bb][et_pb_post_title meta=\u00a0\u00bboff\u00a0\u00bb featured_image=\u00a0\u00bboff\u00a0\u00bb _builder_version=\u00a0\u00bb4.27.4&Prime; _module_preset=\u00a0\u00bbdefault\u00a0\u00bb title_font=\u00a0\u00bb|||on|||||\u00a0\u00bb title_text_align=\u00a0\u00bbcenter\u00a0\u00bb title_font_size=\u00a0\u00bb2rem\u00a0\u00bb title_line_height=\u00a0\u00bb1rem\u00a0\u00bb global_colors_info=\u00a0\u00bb{}\u00a0\u00bb][\/et_pb_post_title][et_pb_text _builder_version=\u00a0\u00bb4.27.4&Prime; _module_preset=\u00a0\u00bbdefault\u00a0\u00bb text_font_size=\u00a0\u00bb1.5rem\u00a0\u00bb text_line_height=\u00a0\u00bb1em\u00a0\u00bb text_orientation=\u00a0\u00bbcenter\u00a0\u00bb global_colors_info=\u00a0\u00bb{}\u00a0\u00bb]<\/p>\n<p><strong>Votre message est bien arriv\u00e9 dans notre atelier !<\/strong><br data-start=\"350\" data-end=\"353\" \/>Comme un fil gliss\u00e9 dans la trame, votre demande a \u00e9t\u00e9 soigneusement prise en compte par notre \u00e9quipe.<\/p>\n<p>[\/et_pb_text][et_pb_testimonial _builder_version=\u00a0\u00bb4.27.4&Prime; _module_preset=\u00a0\u00bbdefault\u00a0\u00bb body_font=\u00a0\u00bbAllura||||||||\u00a0\u00bb body_font_size=\u00a0\u00bb2rem\u00a0\u00bb body_line_height=\u00a0\u00bb1rem\u00a0\u00bb text_orientation=\u00a0\u00bbcenter\u00a0\u00bb custom_css_free_form=\u00a0\u00bbselector p{padding-bottom:0!important}\u00a0\u00bb global_colors_info=\u00a0\u00bb{}\u00a0\u00bb]<\/p>\n<p>Les plus beaux liens sont ceux que l\u2019on tisse avec patience et sinc\u00e9rit\u00e9.<\/p>\n<p>[\/et_pb_testimonial][et_pb_text _builder_version=\u00a0\u00bb4.27.4&Prime; _module_preset=\u00a0\u00bbdefault\u00a0\u00bb header_2_font=\u00a0\u00bb|||on|||||\u00a0\u00bb text_orientation=\u00a0\u00bbcenter\u00a0\u00bb global_colors_info=\u00a0\u00bb{}\u00a0\u00bb]<\/p>\n<p data-start=\"490\" data-end=\"645\"><strong>Chez Linandelle, chaque \u00e9change compte.<\/strong><em><br \/><\/em>Nous vous r\u00e9pondrons dans les meilleurs d\u00e9lais avec la m\u00eame attention que nous portons \u00e0 nos \u00e9toffes.<\/p>\n<p data-start=\"490\" data-end=\"645\">\n<p>[\/et_pb_text][et_pb_button button_url=\u00a0\u00bbhttps:\/\/linandelle.com\/fr\/\u00a0\u00bb button_text=\u00a0\u00bbRetour \u00e0 l&rsquo;accueil\u00a0\u00bb button_alignment=\u00a0\u00bbcenter\u00a0\u00bb _builder_version=\u00a0\u00bb4.27.4&Prime; _module_preset=\u00a0\u00bbdefault\u00a0\u00bb locked=\u00a0\u00bboff\u00a0\u00bb global_colors_info=\u00a0\u00bb{}\u00a0\u00bb][\/et_pb_button][et_pb_text _builder_version=\u00a0\u00bb4.27.4&Prime; _module_preset=\u00a0\u00bbdefault\u00a0\u00bb global_colors_info=\u00a0\u00bb{}\u00a0\u00bb]<\/p>\n<p style=\"text-align: center;\">Pensez \u00e0 v\u00e9rifier vos courriers ind\u00e9sirables si vous ne voyez pas de r\u00e9ponse rapidement.<br data-start=\"1352\" data-end=\"1355\" \/>Et si besoin, n&rsquo;h\u00e9sitez pas \u00e0 nous \u00e9crire directement \u00e0 : <strong data-start=\"1413\" data-end=\"1439\"><a data-start=\"1415\" data-end=\"1437\" class=\"cursor-pointer\" rel=\"noopener\">contact@linandelle.com<\/a><\/strong><\/p>\n<p>[\/et_pb_text][\/et_pb_column][\/et_pb_row][\/et_pb_section]<\/p>\n","protected":false},"excerpt":{"rendered":"<p>Votre message est bien arriv\u00e9 dans notre atelier !Comme un fil gliss\u00e9 dans la trame, votre demande a \u00e9t\u00e9 soigneusement prise en compte par notre \u00e9quipe.Les plus beaux liens sont ceux que l\u2019on tisse avec patience et sinc\u00e9rit\u00e9.Chez Linandelle, chaque \u00e9change compte.Nous vous r\u00e9pondrons dans les meilleurs d\u00e9lais avec la m\u00eame attention que nous portons [&hellip;]<\/p>\n","protected":false},"author":14757,"featured_media":0,"parent":84,"menu_order":0,"comment_status":"closed","ping_status":"closed","template":"","meta":{"_et_pb_use_builder":"on","_et_pb_old_content":"","_et_gb_content_width":"","footnotes":""},"class_list":["post-83316","page","type-page","status-publish","hentry"],"yoast_head":"<!-- This site is optimized with the Yoast SEO Premium plugin v27.5 (Yoast SEO v27.5) - https:\/\/yoast.com\/product\/yoast-seo-premium-wordpress\/ -->\n<title>Linandelle, du linge de maison personnalis\u00e9, qui vous ressemble<\/title>\n<meta name=\"description\" content=\"Linandelle est \u00e0 la fois une marque de linge de maison Fran\u00e7aise, un magasin Normand et une boutique en ligne avec pr\u00e8s de 2000 articles. Sp\u00e9cialiste des grandes tailles et des tailles sp\u00e9ciales en peignoirs et en linge de lit, votre commande est exp\u00e9di\u00e9e le lendemain.\" \/>\n<meta name=\"robots\" content=\"noindex, nofollow\" \/>\n<meta property=\"og:locale\" content=\"fr_FR\" \/>\n<meta property=\"og:type\" content=\"article\" \/>\n<meta property=\"og:title\" content=\"Linandelle, du linge de maison personnalis\u00e9, qui vous ressemble\" \/>\n<meta property=\"og:description\" content=\"Linandelle est \u00e0 la fois une marque de linge de maison Fran\u00e7aise, un magasin Normand et une boutique en ligne avec pr\u00e8s de 2000 articles. Sp\u00e9cialiste des grandes tailles et des tailles sp\u00e9ciales en peignoirs et en linge de lit, votre commande est exp\u00e9di\u00e9e le lendemain.\" \/>\n<meta property=\"og:url\" content=\"https:\/\/linandelle.com\/fr\/contact\/confirmation-contact\/\" \/>\n<meta property=\"og:site_name\" content=\"Linandelle\" \/>\n<meta property=\"article:publisher\" content=\"https:\/\/www.facebook.com\/Linandelle\" \/>\n<meta property=\"article:modified_time\" content=\"2025-05-26T12:56:34+00:00\" \/>\n<meta property=\"og:image\" content=\"https:\/\/linandelle.com\/wp-content\/uploads\/2024\/04\/zoom-drap-tencel-bleu-petrol-nordique.jpg\" \/>\n\t<meta property=\"og:image:width\" content=\"1215\" \/>\n\t<meta property=\"og:image:height\" content=\"1215\" \/>\n\t<meta property=\"og:image:type\" content=\"image\/jpeg\" \/>\n<meta name=\"twitter:card\" content=\"summary_large_image\" \/>\n<meta name=\"twitter:label1\" content=\"Dur\u00e9e de lecture estim\u00e9e\" \/>\n\t<meta name=\"twitter:data1\" content=\"1 minute\" \/>\n<script type=\"application\/ld+json\" class=\"yoast-schema-graph\">{\"@context\":\"https:\\\/\\\/schema.org\",\"@graph\":[{\"@type\":\"WebPage\",\"@id\":\"https:\\\/\\\/linandelle.com\\\/fr\\\/contact\\\/confirmation-contact\\\/\",\"url\":\"https:\\\/\\\/linandelle.com\\\/fr\\\/contact\\\/confirmation-contact\\\/\",\"name\":\"Linandelle, du linge de maison personnalis\u00e9, qui vous ressemble\",\"isPartOf\":{\"@id\":\"https:\\\/\\\/linandelle.com\\\/fr\\\/#website\"},\"datePublished\":\"2025-05-26T12:49:52+00:00\",\"dateModified\":\"2025-05-26T12:56:34+00:00\",\"description\":\"Linandelle est \u00e0 la fois une marque de linge de maison Fran\u00e7aise, un magasin Normand et une boutique en ligne avec pr\u00e8s de 2000 articles. Sp\u00e9cialiste des grandes tailles et des tailles sp\u00e9ciales en peignoirs et en linge de lit, votre commande est exp\u00e9di\u00e9e le lendemain.\",\"breadcrumb\":{\"@id\":\"https:\\\/\\\/linandelle.com\\\/fr\\\/contact\\\/confirmation-contact\\\/#breadcrumb\"},\"inLanguage\":\"fr-FR\",\"potentialAction\":[{\"@type\":\"ReadAction\",\"target\":[\"https:\\\/\\\/linandelle.com\\\/fr\\\/contact\\\/confirmation-contact\\\/\"]}]},{\"@type\":\"BreadcrumbList\",\"@id\":\"https:\\\/\\\/linandelle.com\\\/fr\\\/contact\\\/confirmation-contact\\\/#breadcrumb\",\"itemListElement\":[{\"@type\":\"ListItem\",\"position\":1,\"name\":\"Contact\",\"item\":\"https:\\\/\\\/linandelle.com\\\/fr\\\/contact\\\/\"},{\"@type\":\"ListItem\",\"position\":2,\"name\":\"Merci pour votre message\"}]},{\"@type\":\"WebSite\",\"@id\":\"https:\\\/\\\/linandelle.com\\\/fr\\\/#website\",\"url\":\"https:\\\/\\\/linandelle.com\\\/fr\\\/\",\"name\":\"Linandelle\",\"description\":\"Linandelle, plus que du linge, l&#039;essentiel\",\"publisher\":{\"@id\":\"https:\\\/\\\/linandelle.com\\\/fr\\\/#organization\"},\"potentialAction\":[{\"@type\":\"SearchAction\",\"target\":{\"@type\":\"EntryPoint\",\"urlTemplate\":\"https:\\\/\\\/linandelle.com\\\/fr\\\/?s={search_term_string}\"},\"query-input\":{\"@type\":\"PropertyValueSpecification\",\"valueRequired\":true,\"valueName\":\"search_term_string\"}}],\"inLanguage\":\"fr-FR\"},{\"@type\":\"Organization\",\"@id\":\"https:\\\/\\\/linandelle.com\\\/fr\\\/#organization\",\"name\":\"Linandelle\",\"url\":\"https:\\\/\\\/linandelle.com\\\/fr\\\/\",\"logo\":{\"@type\":\"ImageObject\",\"inLanguage\":\"fr-FR\",\"@id\":\"https:\\\/\\\/linandelle.com\\\/fr\\\/#\\\/schema\\\/logo\\\/image\\\/\",\"url\":\"https:\\\/\\\/linandelle.com\\\/wp-content\\\/uploads\\\/2022\\\/03\\\/logo-linandelle.jpg\",\"contentUrl\":\"https:\\\/\\\/linandelle.com\\\/wp-content\\\/uploads\\\/2022\\\/03\\\/logo-linandelle.jpg\",\"width\":739,\"height\":738,\"caption\":\"Linandelle\"},\"image\":{\"@id\":\"https:\\\/\\\/linandelle.com\\\/fr\\\/#\\\/schema\\\/logo\\\/image\\\/\"},\"sameAs\":[\"https:\\\/\\\/www.facebook.com\\\/Linandelle\",\"https:\\\/\\\/www.instagram.com\\\/linandelle\\\/\",\"https:\\\/\\\/www.linkedin.com\\\/company\\\/18483801\\\/admin\\\/dashboard\\\/\",\"https:\\\/\\\/www.pinterest.fr\\\/linandelle\\\/_created\\\/\",\"https:\\\/\\\/www.youtube.com\\\/@linandellecharleval1016\"],\"email\":\"contact@linandelle.com\",\"telephone\":\"0232687800\",\"legalName\":\"SARL DU PONT DES JARDINS\",\"vatID\":\"FR27448856641\",\"taxID\":\"44885664100015\",\"numberOfEmployees\":{\"@type\":\"QuantitativeValue\",\"minValue\":\"1\",\"maxValue\":\"10\"}}]}<\/script>\n<!-- \/ Yoast SEO Premium plugin. -->","yoast_head_json":{"title":"Linandelle, du linge de maison personnalis\u00e9, qui vous ressemble","description":"Linandelle est \u00e0 la fois une marque de linge de maison Fran\u00e7aise, un magasin Normand et une boutique en ligne avec pr\u00e8s de 2000 articles. Sp\u00e9cialiste des grandes tailles et des tailles sp\u00e9ciales en peignoirs et en linge de lit, votre commande est exp\u00e9di\u00e9e le lendemain.","robots":{"index":"noindex","follow":"nofollow"},"og_locale":"fr_FR","og_type":"article","og_title":"Linandelle, du linge de maison personnalis\u00e9, qui vous ressemble","og_description":"Linandelle est \u00e0 la fois une marque de linge de maison Fran\u00e7aise, un magasin Normand et une boutique en ligne avec pr\u00e8s de 2000 articles. Sp\u00e9cialiste des grandes tailles et des tailles sp\u00e9ciales en peignoirs et en linge de lit, votre commande est exp\u00e9di\u00e9e le lendemain.","og_url":"https:\/\/linandelle.com\/fr\/contact\/confirmation-contact\/","og_site_name":"Linandelle","article_publisher":"https:\/\/www.facebook.com\/Linandelle","article_modified_time":"2025-05-26T12:56:34+00:00","og_image":[{"width":1215,"height":1215,"url":"https:\/\/linandelle.com\/wp-content\/uploads\/2024\/04\/zoom-drap-tencel-bleu-petrol-nordique.jpg","type":"image\/jpeg"}],"twitter_card":"summary_large_image","twitter_misc":{"Dur\u00e9e de lecture estim\u00e9e":"1 minute"},"schema":{"@context":"https:\/\/schema.org","@graph":[{"@type":"WebPage","@id":"https:\/\/linandelle.com\/fr\/contact\/confirmation-contact\/","url":"https:\/\/linandelle.com\/fr\/contact\/confirmation-contact\/","name":"Linandelle, du linge de maison personnalis\u00e9, qui vous ressemble","isPartOf":{"@id":"https:\/\/linandelle.com\/fr\/#website"},"datePublished":"2025-05-26T12:49:52+00:00","dateModified":"2025-05-26T12:56:34+00:00","description":"Linandelle est \u00e0 la fois une marque de linge de maison Fran\u00e7aise, un magasin Normand et une boutique en ligne avec pr\u00e8s de 2000 articles. Sp\u00e9cialiste des grandes tailles et des tailles sp\u00e9ciales en peignoirs et en linge de lit, votre commande est exp\u00e9di\u00e9e le lendemain.","breadcrumb":{"@id":"https:\/\/linandelle.com\/fr\/contact\/confirmation-contact\/#breadcrumb"},"inLanguage":"fr-FR","potentialAction":[{"@type":"ReadAction","target":["https:\/\/linandelle.com\/fr\/contact\/confirmation-contact\/"]}]},{"@type":"BreadcrumbList","@id":"https:\/\/linandelle.com\/fr\/contact\/confirmation-contact\/#breadcrumb","itemListElement":[{"@type":"ListItem","position":1,"name":"Contact","item":"https:\/\/linandelle.com\/fr\/contact\/"},{"@type":"ListItem","position":2,"name":"Merci pour votre message"}]},{"@type":"WebSite","@id":"https:\/\/linandelle.com\/fr\/#website","url":"https:\/\/linandelle.com\/fr\/","name":"Linandelle","description":"Linandelle, plus que du linge, l&#039;essentiel","publisher":{"@id":"https:\/\/linandelle.com\/fr\/#organization"},"potentialAction":[{"@type":"SearchAction","target":{"@type":"EntryPoint","urlTemplate":"https:\/\/linandelle.com\/fr\/?s={search_term_string}"},"query-input":{"@type":"PropertyValueSpecification","valueRequired":true,"valueName":"search_term_string"}}],"inLanguage":"fr-FR"},{"@type":"Organization","@id":"https:\/\/linandelle.com\/fr\/#organization","name":"Linandelle","url":"https:\/\/linandelle.com\/fr\/","logo":{"@type":"ImageObject","inLanguage":"fr-FR","@id":"https:\/\/linandelle.com\/fr\/#\/schema\/logo\/image\/","url":"https:\/\/linandelle.com\/wp-content\/uploads\/2022\/03\/logo-linandelle.jpg","contentUrl":"https:\/\/linandelle.com\/wp-content\/uploads\/2022\/03\/logo-linandelle.jpg","width":739,"height":738,"caption":"Linandelle"},"image":{"@id":"https:\/\/linandelle.com\/fr\/#\/schema\/logo\/image\/"},"sameAs":["https:\/\/www.facebook.com\/Linandelle","https:\/\/www.instagram.com\/linandelle\/","https:\/\/www.linkedin.com\/company\/18483801\/admin\/dashboard\/","https:\/\/www.pinterest.fr\/linandelle\/_created\/","https:\/\/www.youtube.com\/@linandellecharleval1016"],"email":"contact@linandelle.com","telephone":"0232687800","legalName":"SARL DU PONT DES JARDINS","vatID":"FR27448856641","taxID":"44885664100015","numberOfEmployees":{"@type":"QuantitativeValue","minValue":"1","maxValue":"10"}}]}},"_links":{"self":[{"href":"https:\/\/linandelle.com\/fr\/wp-json\/wp\/v2\/pages\/83316","targetHints":{"allow":["GET"]}}],"collection":[{"href":"https:\/\/linandelle.com\/fr\/wp-json\/wp\/v2\/pages"}],"about":[{"href":"https:\/\/linandelle.com\/fr\/wp-json\/wp\/v2\/types\/page"}],"author":[{"embeddable":true,"href":"https:\/\/linandelle.com\/fr\/wp-json\/wp\/v2\/users\/14757"}],"replies":[{"embeddable":true,"href":"https:\/\/linandelle.com\/fr\/wp-json\/wp\/v2\/comments?post=83316"}],"version-history":[{"count":9,"href":"https:\/\/linandelle.com\/fr\/wp-json\/wp\/v2\/pages\/83316\/revisions"}],"predecessor-version":[{"id":83333,"href":"https:\/\/linandelle.com\/fr\/wp-json\/wp\/v2\/pages\/83316\/revisions\/83333"}],"up":[{"embeddable":true,"href":"https:\/\/linandelle.com\/fr\/wp-json\/wp\/v2\/pages\/84"}],"wp:attachment":[{"href":"https:\/\/linandelle.com\/fr\/wp-json\/wp\/v2\/media?parent=83316"}],"curies":[{"name":"wp","href":"https:\/\/api.w.org\/{rel}","templated":true}]}}