{"id":85050,"date":"2025-09-29T09:54:21","date_gmt":"2025-09-29T07:54:21","guid":{"rendered":"https:\/\/linandelle.com\/fr\/?page_id=85050"},"modified":"2025-09-29T09:54:23","modified_gmt":"2025-09-29T07:54:23","slug":"devis-professionnel-merci","status":"publish","type":"page","link":"https:\/\/linandelle.com\/fr\/devis-professionnel-merci\/","title":{"rendered":"Merci pour votre message !"},"content":{"rendered":"\n[et_pb_section fb_built=\u00a0\u00bb1&Prime; _builder_version=\u00a0\u00bb4.27.4&Prime; _module_preset=\u00a0\u00bbdefault\u00a0\u00bb background_image=\u00a0\u00bbhttps:\/\/linandelle.com\/wp-content\/uploads\/2025\/06\/zoom-beige-4-oreillers.jpg\u00a0\u00bb custom_margin=\u00a0\u00bb0px||||false|false\u00a0\u00bb custom_padding=\u00a0\u00bb200px||||false|false\u00a0\u00bb global_colors_info=\u00a0\u00bb{}\u00a0\u00bb][et_pb_row _builder_version=\u00a0\u00bb4.27.4&Prime; _module_preset=\u00a0\u00bbdefault\u00a0\u00bb global_colors_info=\u00a0\u00bb{}\u00a0\u00bb][et_pb_column type=\u00a0\u00bb4_4&Prime; _builder_version=\u00a0\u00bb4.27.4&Prime; _module_preset=\u00a0\u00bbdefault\u00a0\u00bb global_colors_info=\u00a0\u00bb{}\u00a0\u00bb][et_pb_text _builder_version=\u00a0\u00bb4.27.4&Prime; _module_preset=\u00a0\u00bbdefault\u00a0\u00bb custom_margin=\u00a0\u00bb||150px||false|false\u00a0\u00bb hover_enabled=\u00a0\u00bb0&Prime; global_colors_info=\u00a0\u00bb{}\u00a0\u00bb sticky_enabled=\u00a0\u00bb0&Prime;]<h1 style=\"text-align: center\"><span style=\"color: #ffffff\"><strong>Merci de nous avoir contact\u00e9s ! <\/strong><\/span><\/h1>\n<h1 style=\"text-align: center\"><span style=\"color: #ffffff\"><strong><\/strong><\/span><\/h1>\n<h1 style=\"text-align: center\"><span style=\"color: #ffffff\"><strong>Nous prendrons contact avec vous sous peu.<\/strong><\/span><\/h1>[\/et_pb_text][\/et_pb_column][\/et_pb_row][\/et_pb_section]\n","protected":false},"excerpt":{"rendered":"<p>Merci de nous avoir contact\u00e9s ! Nous prendrons contact avec vous sous peu.<\/p>\n","protected":false},"author":15603,"featured_media":0,"parent":0,"menu_order":0,"comment_status":"closed","ping_status":"closed","template":"","meta":{"_et_pb_use_builder":"on","_et_pb_old_content":"","_et_gb_content_width":"","footnotes":""},"class_list":["post-85050","page","type-page","status-publish","hentry"],"yoast_head":"<!-- This site is optimized with the Yoast SEO Premium plugin v27.5 (Yoast SEO v27.5) - https:\/\/yoast.com\/product\/yoast-seo-premium-wordpress\/ -->\n<title>Linandelle, du linge de maison personnalis\u00e9, qui vous ressemble<\/title>\n<meta name=\"description\" content=\"Linandelle est \u00e0 la fois une marque de linge de maison Fran\u00e7aise, un magasin Normand et une boutique en ligne avec pr\u00e8s de 2000 articles. Sp\u00e9cialiste des grandes tailles et des tailles sp\u00e9ciales en peignoirs et en linge de lit, votre commande est exp\u00e9di\u00e9e le lendemain.\" \/>\n<meta name=\"robots\" content=\"index, follow, max-snippet:-1, max-image-preview:large, max-video-preview:-1\" \/>\n<link rel=\"canonical\" href=\"https:\/\/linandelle.com\/fr\/devis-professionnel-merci\/\" \/>\n<meta property=\"og:locale\" content=\"fr_FR\" \/>\n<meta property=\"og:type\" content=\"article\" \/>\n<meta property=\"og:title\" content=\"Linandelle, du linge de maison personnalis\u00e9, qui vous ressemble\" \/>\n<meta property=\"og:description\" content=\"Linandelle est \u00e0 la fois une marque de linge de maison Fran\u00e7aise, un magasin Normand et une boutique en ligne avec pr\u00e8s de 2000 articles. Sp\u00e9cialiste des grandes tailles et des tailles sp\u00e9ciales en peignoirs et en linge de lit, votre commande est exp\u00e9di\u00e9e le lendemain.\" \/>\n<meta property=\"og:url\" content=\"https:\/\/linandelle.com\/fr\/devis-professionnel-merci\/\" \/>\n<meta property=\"og:site_name\" content=\"Linandelle\" \/>\n<meta property=\"article:publisher\" content=\"https:\/\/www.facebook.com\/Linandelle\" \/>\n<meta property=\"article:modified_time\" content=\"2025-09-29T07:54:23+00:00\" \/>\n<meta property=\"og:image\" content=\"https:\/\/linandelle.com\/wp-content\/uploads\/2024\/04\/zoom-drap-tencel-bleu-petrol-nordique.jpg\" \/>\n\t<meta property=\"og:image:width\" content=\"1215\" \/>\n\t<meta property=\"og:image:height\" content=\"1215\" \/>\n\t<meta property=\"og:image:type\" content=\"image\/jpeg\" \/>\n<meta name=\"twitter:card\" content=\"summary_large_image\" \/>\n<meta name=\"twitter:label1\" content=\"Dur\u00e9e de lecture estim\u00e9e\" \/>\n\t<meta name=\"twitter:data1\" content=\"1 minute\" \/>\n<script type=\"application\/ld+json\" class=\"yoast-schema-graph\">{\"@context\":\"https:\\\/\\\/schema.org\",\"@graph\":[{\"@type\":\"WebPage\",\"@id\":\"https:\\\/\\\/linandelle.com\\\/fr\\\/devis-professionnel-merci\\\/\",\"url\":\"https:\\\/\\\/linandelle.com\\\/fr\\\/devis-professionnel-merci\\\/\",\"name\":\"Linandelle, du linge de maison personnalis\u00e9, qui vous ressemble\",\"isPartOf\":{\"@id\":\"https:\\\/\\\/linandelle.com\\\/fr\\\/#website\"},\"datePublished\":\"2025-09-29T07:54:21+00:00\",\"dateModified\":\"2025-09-29T07:54:23+00:00\",\"description\":\"Linandelle est \u00e0 la fois une marque de linge de maison Fran\u00e7aise, un magasin Normand et une boutique en ligne avec pr\u00e8s de 2000 articles. Sp\u00e9cialiste des grandes tailles et des tailles sp\u00e9ciales en peignoirs et en linge de lit, votre commande est exp\u00e9di\u00e9e le lendemain.\",\"inLanguage\":\"fr-FR\",\"potentialAction\":[{\"@type\":\"ReadAction\",\"target\":[\"https:\\\/\\\/linandelle.com\\\/fr\\\/devis-professionnel-merci\\\/\"]}]},{\"@type\":\"WebSite\",\"@id\":\"https:\\\/\\\/linandelle.com\\\/fr\\\/#website\",\"url\":\"https:\\\/\\\/linandelle.com\\\/fr\\\/\",\"name\":\"Linandelle\",\"description\":\"Linandelle, plus que du linge, l&#039;essentiel\",\"publisher\":{\"@id\":\"https:\\\/\\\/linandelle.com\\\/fr\\\/#organization\"},\"potentialAction\":[{\"@type\":\"SearchAction\",\"target\":{\"@type\":\"EntryPoint\",\"urlTemplate\":\"https:\\\/\\\/linandelle.com\\\/fr\\\/?s={search_term_string}\"},\"query-input\":{\"@type\":\"PropertyValueSpecification\",\"valueRequired\":true,\"valueName\":\"search_term_string\"}}],\"inLanguage\":\"fr-FR\"},{\"@type\":\"Organization\",\"@id\":\"https:\\\/\\\/linandelle.com\\\/fr\\\/#organization\",\"name\":\"Linandelle\",\"url\":\"https:\\\/\\\/linandelle.com\\\/fr\\\/\",\"logo\":{\"@type\":\"ImageObject\",\"inLanguage\":\"fr-FR\",\"@id\":\"https:\\\/\\\/linandelle.com\\\/fr\\\/#\\\/schema\\\/logo\\\/image\\\/\",\"url\":\"https:\\\/\\\/linandelle.com\\\/wp-content\\\/uploads\\\/2022\\\/03\\\/logo-linandelle.jpg\",\"contentUrl\":\"https:\\\/\\\/linandelle.com\\\/wp-content\\\/uploads\\\/2022\\\/03\\\/logo-linandelle.jpg\",\"width\":739,\"height\":738,\"caption\":\"Linandelle\"},\"image\":{\"@id\":\"https:\\\/\\\/linandelle.com\\\/fr\\\/#\\\/schema\\\/logo\\\/image\\\/\"},\"sameAs\":[\"https:\\\/\\\/www.facebook.com\\\/Linandelle\",\"https:\\\/\\\/www.instagram.com\\\/linandelle\\\/\",\"https:\\\/\\\/www.linkedin.com\\\/company\\\/18483801\\\/admin\\\/dashboard\\\/\",\"https:\\\/\\\/www.pinterest.fr\\\/linandelle\\\/_created\\\/\",\"https:\\\/\\\/www.youtube.com\\\/@linandellecharleval1016\"],\"email\":\"contact@linandelle.com\",\"telephone\":\"0232687800\",\"legalName\":\"SARL DU PONT DES JARDINS\",\"vatID\":\"FR27448856641\",\"taxID\":\"44885664100015\",\"numberOfEmployees\":{\"@type\":\"QuantitativeValue\",\"minValue\":\"1\",\"maxValue\":\"10\"}}]}<\/script>\n<!-- \/ Yoast SEO Premium plugin. -->","yoast_head_json":{"title":"Linandelle, du linge de maison personnalis\u00e9, qui vous ressemble","description":"Linandelle est \u00e0 la fois une marque de linge de maison Fran\u00e7aise, un magasin Normand et une boutique en ligne avec pr\u00e8s de 2000 articles. Sp\u00e9cialiste des grandes tailles et des tailles sp\u00e9ciales en peignoirs et en linge de lit, votre commande est exp\u00e9di\u00e9e le lendemain.","robots":{"index":"index","follow":"follow","max-snippet":"max-snippet:-1","max-image-preview":"max-image-preview:large","max-video-preview":"max-video-preview:-1"},"canonical":"https:\/\/linandelle.com\/fr\/devis-professionnel-merci\/","og_locale":"fr_FR","og_type":"article","og_title":"Linandelle, du linge de maison personnalis\u00e9, qui vous ressemble","og_description":"Linandelle est \u00e0 la fois une marque de linge de maison Fran\u00e7aise, un magasin Normand et une boutique en ligne avec pr\u00e8s de 2000 articles. Sp\u00e9cialiste des grandes tailles et des tailles sp\u00e9ciales en peignoirs et en linge de lit, votre commande est exp\u00e9di\u00e9e le lendemain.","og_url":"https:\/\/linandelle.com\/fr\/devis-professionnel-merci\/","og_site_name":"Linandelle","article_publisher":"https:\/\/www.facebook.com\/Linandelle","article_modified_time":"2025-09-29T07:54:23+00:00","og_image":[{"width":1215,"height":1215,"url":"https:\/\/linandelle.com\/wp-content\/uploads\/2024\/04\/zoom-drap-tencel-bleu-petrol-nordique.jpg","type":"image\/jpeg"}],"twitter_card":"summary_large_image","twitter_misc":{"Dur\u00e9e de lecture estim\u00e9e":"1 minute"},"schema":{"@context":"https:\/\/schema.org","@graph":[{"@type":"WebPage","@id":"https:\/\/linandelle.com\/fr\/devis-professionnel-merci\/","url":"https:\/\/linandelle.com\/fr\/devis-professionnel-merci\/","name":"Linandelle, du linge de maison personnalis\u00e9, qui vous ressemble","isPartOf":{"@id":"https:\/\/linandelle.com\/fr\/#website"},"datePublished":"2025-09-29T07:54:21+00:00","dateModified":"2025-09-29T07:54:23+00:00","description":"Linandelle est \u00e0 la fois une marque de linge de maison Fran\u00e7aise, un magasin Normand et une boutique en ligne avec pr\u00e8s de 2000 articles. Sp\u00e9cialiste des grandes tailles et des tailles sp\u00e9ciales en peignoirs et en linge de lit, votre commande est exp\u00e9di\u00e9e le lendemain.","inLanguage":"fr-FR","potentialAction":[{"@type":"ReadAction","target":["https:\/\/linandelle.com\/fr\/devis-professionnel-merci\/"]}]},{"@type":"WebSite","@id":"https:\/\/linandelle.com\/fr\/#website","url":"https:\/\/linandelle.com\/fr\/","name":"Linandelle","description":"Linandelle, plus que du linge, l&#039;essentiel","publisher":{"@id":"https:\/\/linandelle.com\/fr\/#organization"},"potentialAction":[{"@type":"SearchAction","target":{"@type":"EntryPoint","urlTemplate":"https:\/\/linandelle.com\/fr\/?s={search_term_string}"},"query-input":{"@type":"PropertyValueSpecification","valueRequired":true,"valueName":"search_term_string"}}],"inLanguage":"fr-FR"},{"@type":"Organization","@id":"https:\/\/linandelle.com\/fr\/#organization","name":"Linandelle","url":"https:\/\/linandelle.com\/fr\/","logo":{"@type":"ImageObject","inLanguage":"fr-FR","@id":"https:\/\/linandelle.com\/fr\/#\/schema\/logo\/image\/","url":"https:\/\/linandelle.com\/wp-content\/uploads\/2022\/03\/logo-linandelle.jpg","contentUrl":"https:\/\/linandelle.com\/wp-content\/uploads\/2022\/03\/logo-linandelle.jpg","width":739,"height":738,"caption":"Linandelle"},"image":{"@id":"https:\/\/linandelle.com\/fr\/#\/schema\/logo\/image\/"},"sameAs":["https:\/\/www.facebook.com\/Linandelle","https:\/\/www.instagram.com\/linandelle\/","https:\/\/www.linkedin.com\/company\/18483801\/admin\/dashboard\/","https:\/\/www.pinterest.fr\/linandelle\/_created\/","https:\/\/www.youtube.com\/@linandellecharleval1016"],"email":"contact@linandelle.com","telephone":"0232687800","legalName":"SARL DU PONT DES JARDINS","vatID":"FR27448856641","taxID":"44885664100015","numberOfEmployees":{"@type":"QuantitativeValue","minValue":"1","maxValue":"10"}}]}},"_links":{"self":[{"href":"https:\/\/linandelle.com\/fr\/wp-json\/wp\/v2\/pages\/85050","targetHints":{"allow":["GET"]}}],"collection":[{"href":"https:\/\/linandelle.com\/fr\/wp-json\/wp\/v2\/pages"}],"about":[{"href":"https:\/\/linandelle.com\/fr\/wp-json\/wp\/v2\/types\/page"}],"author":[{"embeddable":true,"href":"https:\/\/linandelle.com\/fr\/wp-json\/wp\/v2\/users\/15603"}],"replies":[{"embeddable":true,"href":"https:\/\/linandelle.com\/fr\/wp-json\/wp\/v2\/comments?post=85050"}],"version-history":[{"count":5,"href":"https:\/\/linandelle.com\/fr\/wp-json\/wp\/v2\/pages\/85050\/revisions"}],"predecessor-version":[{"id":85056,"href":"https:\/\/linandelle.com\/fr\/wp-json\/wp\/v2\/pages\/85050\/revisions\/85056"}],"wp:attachment":[{"href":"https:\/\/linandelle.com\/fr\/wp-json\/wp\/v2\/media?parent=85050"}],"curies":[{"name":"wp","href":"https:\/\/api.w.org\/{rel}","templated":true}]}}