{"id":11073,"date":"2021-07-22T14:23:59","date_gmt":"2021-07-22T12:23:59","guid":{"rendered":"https:\/\/linandelle.com\/produit\/peignoir-homme-nid-deponge-coloris-gris-clara\/"},"modified":"2026-04-22T09:19:01","modified_gmt":"2026-04-22T07:19:01","slug":"peignoir-nid-deponge-suave-coton-fabrique-en-france","status":"publish","type":"product","link":"https:\/\/linandelle.com\/fr\/produit\/peignoir-nid-deponge-suave-coton-fabrique-en-france\/","title":{"rendered":"Peignoir mixte coton 57 fils double face  nid d&rsquo;\u00e9ponge SUAVE"},"content":{"rendered":"<div class=\"et_pb_tab clearfix et_pb_active_content et-pb-active-slide\">\n<div class=\"et_pb_tab_content\">\n<h4><strong><u>Peignoir Made in France SUAVE <\/u><\/strong><\/h4>\n<p>Vous recherchez un peignoir made in France, en \u00e9ponge 100% coton?<\/p>\n<p>Vous h\u00e9sitez entre le <a href=\"https:\/\/linandelle.com\/fr\/produit\/nid-dabeille-blanc-au-metre\/\">nid d\u2019abeille<\/a> et l\u2019<a href=\"https:\/\/linandelle.com\/fr\/produit\/tissu-bouclette-eponge-au-metre-coloris-blanc\/\">\u00e9ponge\u00a0<\/a>?<\/p>\n<p>Connaissez-vous le nid d\u2019\u00e9ponge\u00a0?<\/p>\n<p>Une face nid d\u2019abeille et une face \u00e9ponge.<\/p>\n<p>Le bon compromis pour allier, l\u2019\u00e9l\u00e9gance, la l\u00e9g\u00e8ret\u00e9, la facilit\u00e9 de transport tout en gardant une superbe absorption.<\/p>\n<p>D\u00e9couvrez notre r\u00e9f\u00e9rence SUAVE, qui vous accompagnera dans vos moments cocooning.<br \/>\nPeignoir coton double face nid d&rsquo;\u00e9ponge, fabriqu\u00e9 dans nos ateliers.<\/p>\n<h5><strong><u>Caract\u00e9ristiques du peignoir\u00a0: <\/u><\/strong><\/h5>\n<p>Vu de l&rsquo;ext\u00e9rieur il a tout d&rsquo;une sortie de bain de standing gr\u00e2ce \u00e0 son tissu en nid d\u2019abeille,\u00a0 mais ses parmentures d\u00e9voilent l&rsquo;int\u00e9rieur en bouclette \u00e9ponge, douce et absorbante.<\/p>\n<p>Ce tissu double face 450gr r\u00e9pond ainsi \u00e0 toutes les exigences, confort \u00e0 l&rsquo;int\u00e9rieur, et v\u00eatement habill\u00e9 \u00e0 l&rsquo;ext\u00e9rieur. Le nid d&rsquo;abeille \u00e0 l&rsquo;ext\u00e9rieur r\u00e9siste mieux \u00e0 l&rsquo;usage car il ne s&rsquo;effiloche pas.<\/p>\n<p>Finition avec deux poches et deux passants de ceinture.<\/p>\n<p>Norme Oeko-Tex<\/p>\n<p><strong><u>Un peignoir personnalisable :<\/u><\/strong><\/p>\n<p>Un Cadeau unique et recherch\u00e9 ?<\/p>\n<p>Choisissez la couleur, la taille, la\u00a0 longueur (court, long et tr\u00e8s long), ou encore l\u2019option broderie (inscrivez y votre pr\u00e9nom ou surnom)&#8230;<\/p>\n<p>Optez pour un peignoir, brod\u00e9, cr\u00e9\u00e9, confectionn\u00e9 sur demande\u00a0 par Linandelle.<\/p>\n<p>Nous tenons \u00e0 rappeler qu\u2019une personnalisation rend votre peignoir unique, nous r\u00e9alisons ni \u00e9change ni retour.<\/p>\n<p>Information de livraison : en raison de la fabrication artisanale de ce mod\u00e8le dans notre atelier, veuillez compter entre 4 \u00e0 7 jours de confection et 48h de livraison.<\/p>\n<h5><\/h5>\n<p><strong><u>GUIDE DES TAILLES :<\/u><\/strong><\/p>\n<table>\n<tbody>\n<tr>\n<td>Taille \u00e0 commander<\/td>\n<td>\u00c9quivalence taille<\/td>\n<td>Tour de poitrine<\/td>\n<\/tr>\n<tr>\n<td>XS<\/td>\n<td>34\/36<\/td>\n<td>70-78<\/td>\n<\/tr>\n<tr>\n<td>S<\/td>\n<td>36\/38<\/td>\n<td>78-86<\/td>\n<\/tr>\n<tr>\n<td>M<\/td>\n<td>38\/40<\/td>\n<td>86-94<\/td>\n<\/tr>\n<tr>\n<td>L<\/td>\n<td>40\/42<\/td>\n<td>94-102<\/td>\n<\/tr>\n<tr>\n<td>XL<\/td>\n<td>42\/44<\/td>\n<td>102-110<\/td>\n<\/tr>\n<tr>\n<td>2XL<\/td>\n<td>44\/46<\/td>\n<td>110-122<\/td>\n<\/tr>\n<tr>\n<td>3XL<\/td>\n<td>46\/48<\/td>\n<td>122-134<\/td>\n<\/tr>\n<tr>\n<td>4XL<\/td>\n<td>48\/50<\/td>\n<td>134-146<\/td>\n<\/tr>\n<tr>\n<td>5XL<\/td>\n<td>50\/52<\/td>\n<td>146-158<\/td>\n<\/tr>\n<tr>\n<td>6XL<\/td>\n<td>52\/54<\/td>\n<td>158-166<\/td>\n<\/tr>\n<tr>\n<td>7XL<\/td>\n<td>54\/56<\/td>\n<td>166-176<\/td>\n<\/tr>\n<tr>\n<td>8XL<\/td>\n<td>56\/58<\/td>\n<td>176-184<\/td>\n<\/tr>\n<tr>\n<td>9XL<\/td>\n<td>58\/60<\/td>\n<td>184-192<\/td>\n<\/tr>\n<tr>\n<td>10XL<\/td>\n<td>60\/62<\/td>\n<td>192-200<\/td>\n<\/tr>\n<\/tbody>\n<\/table>\n<p>&nbsp;<\/p>\n<p>Couleurs disponibles : Blanc, Gris Clair, Marron Fonc\u00e9<br \/>\nTailles disponibles : XS, S, M, L, XL, 2XL, 3XL, 4XL, 5XL, 6XL, 7XL, 8XL, 9XL, 10XL.<\/p>\n<h5><u>Entretien du peignoir :<\/u><\/h5>\n<p>Laisser tremper le peignoir \u00e0 froid quelques heures avant le premier lavage \u00e0 chaud. Lavage \u00e0 60\u00b0C. S\u00e9chage tambour autoris\u00e9.<\/p>\n<p>Composition d\u00e9taill\u00e9e : 100% coton nid d&rsquo;abeille \u00e0 l&rsquo;ext\u00e9rieur, bouclette \u00e9ponge en coton \u00e0 l&rsquo;int\u00e9rieur<\/p>\n<\/div>\n<\/div>\n<p>&nbsp;<\/p>\n<p>En savoir plus\u00a0:<\/p>\n<p>&#8211; Chaud et \u00e9pais<\/p>\n<p>&#8211; Coton nid d&rsquo;\u00e9ponge<\/p>\n<p>&#8211; Double face<\/p>\n<p>&#8211; Col kimono<\/p>\n<p>&#8211; Made in France.<\/p>\n<div class=\"et_pb_tab clearfix et_pb_active_content et-pb-active-slide\">\n<div class=\"et_pb_tab_content\">\n<p>&nbsp;<\/p>\n<\/div>\n<\/div>\n","protected":false},"excerpt":{"rendered":"<p>Nos peignoirs sont fabriqu\u00e9s\u00a0 \u00e0 la demande, en France, par nos couturi\u00e8res.<\/p>\n","protected":false},"featured_media":74632,"template":"","meta":{"_et_pb_use_builder":"","_et_pb_old_content":"","_et_gb_content_width":""},"product_brand":[710],"product_cat":[713,697,402,25],"product_tag":[],"woo-feed-brand":[],"class_list":{"0":"post-11073","1":"product","2":"type-product","3":"status-publish","4":"has-post-thumbnail","6":"product_brand-linandelle","7":"product_cat-selection-hiver","8":"product_cat-produits-made-in-france","9":"product_cat-peignoirs-pour-adultes","10":"product_cat-salle-de-bain","11":"tm-has-options","13":"first","14":"instock","15":"sale","16":"featured","17":"taxable","18":"shipping-taxable","19":"purchasable","20":"product-type-variable"},"yoast_head":"<!-- This site is optimized with the Yoast SEO Premium plugin v27.4 (Yoast SEO v27.4) - https:\/\/yoast.com\/product\/yoast-seo-premium-wordpress\/ -->\n<title>Peignoir nid d&#039;\u00e9ponge grande taille | Linandelle<\/title>\n<meta name=\"description\" content=\"Sortie de bain petites et grandes tailles, 100% coton double face nid d&#039;\u00e9ponge et made in France, personnalisable par broderie\" \/>\n<meta name=\"robots\" content=\"index, follow, max-snippet:-1, max-image-preview:large, max-video-preview:-1\" \/>\n<link rel=\"canonical\" href=\"https:\/\/linandelle.com\/fr\/produit\/peignoir-nid-deponge-suave-coton-fabrique-en-france\/\" \/>\n<meta property=\"og:locale\" content=\"fr_FR\" \/>\n<meta property=\"og:type\" content=\"article\" \/>\n<meta property=\"og:title\" content=\"Peignoir nid d&#039;\u00e9ponge grande taille | Linandelle\" \/>\n<meta property=\"og:description\" content=\"Sortie de bain petites et grandes tailles, 100% coton double face nid d&#039;\u00e9ponge et made in France, personnalisable par broderie\" \/>\n<meta property=\"og:url\" content=\"https:\/\/linandelle.com\/fr\/produit\/peignoir-nid-deponge-suave-coton-fabrique-en-france\/\" \/>\n<meta property=\"og:site_name\" content=\"Linandelle\" \/>\n<meta property=\"article:publisher\" content=\"https:\/\/www.facebook.com\/Linandelle\" \/>\n<meta property=\"article:modified_time\" content=\"2026-04-22T07:19:01+00:00\" \/>\n<meta property=\"og:image\" content=\"https:\/\/linandelle.com\/wp-content\/uploads\/2021\/07\/peignoir-nid-d-eponge-linandelle.jpeg\" \/>\n\t<meta property=\"og:image:width\" content=\"1200\" \/>\n\t<meta property=\"og:image:height\" content=\"1200\" \/>\n\t<meta property=\"og:image:type\" content=\"image\/jpeg\" \/>\n<meta name=\"twitter:card\" content=\"summary_large_image\" \/>\n<meta name=\"twitter:label1\" content=\"Dur\u00e9e de lecture estim\u00e9e\" \/>\n\t<meta name=\"twitter:data1\" content=\"3 minutes\" \/>\n<script type=\"application\/ld+json\" class=\"yoast-schema-graph\">{\"@context\":\"https:\\\/\\\/schema.org\",\"@graph\":[{\"@type\":\"WebPage\",\"@id\":\"https:\\\/\\\/linandelle.com\\\/fr\\\/produit\\\/peignoir-nid-deponge-suave-coton-fabrique-en-france\\\/\",\"url\":\"https:\\\/\\\/linandelle.com\\\/fr\\\/produit\\\/peignoir-nid-deponge-suave-coton-fabrique-en-france\\\/\",\"name\":\"Peignoir nid d'\u00e9ponge grande taille | Linandelle\",\"isPartOf\":{\"@id\":\"https:\\\/\\\/linandelle.com\\\/fr\\\/#website\"},\"primaryImageOfPage\":{\"@id\":\"https:\\\/\\\/linandelle.com\\\/fr\\\/produit\\\/peignoir-nid-deponge-suave-coton-fabrique-en-france\\\/#primaryimage\"},\"image\":{\"@id\":\"https:\\\/\\\/linandelle.com\\\/fr\\\/produit\\\/peignoir-nid-deponge-suave-coton-fabrique-en-france\\\/#primaryimage\"},\"thumbnailUrl\":\"https:\\\/\\\/linandelle.com\\\/wp-content\\\/uploads\\\/2021\\\/07\\\/peignoir-nid-d-eponge-linandelle.jpeg\",\"datePublished\":\"2021-07-22T12:23:59+00:00\",\"dateModified\":\"2026-04-22T07:19:01+00:00\",\"description\":\"Sortie de bain petites et grandes tailles, 100% coton double face nid d'\u00e9ponge et made in France, personnalisable par broderie\",\"breadcrumb\":{\"@id\":\"https:\\\/\\\/linandelle.com\\\/fr\\\/produit\\\/peignoir-nid-deponge-suave-coton-fabrique-en-france\\\/#breadcrumb\"},\"inLanguage\":\"fr-FR\",\"potentialAction\":[{\"@type\":\"ReadAction\",\"target\":[\"https:\\\/\\\/linandelle.com\\\/fr\\\/produit\\\/peignoir-nid-deponge-suave-coton-fabrique-en-france\\\/\"]}]},{\"@type\":\"ImageObject\",\"inLanguage\":\"fr-FR\",\"@id\":\"https:\\\/\\\/linandelle.com\\\/fr\\\/produit\\\/peignoir-nid-deponge-suave-coton-fabrique-en-france\\\/#primaryimage\",\"url\":\"https:\\\/\\\/linandelle.com\\\/wp-content\\\/uploads\\\/2021\\\/07\\\/peignoir-nid-d-eponge-linandelle.jpeg\",\"contentUrl\":\"https:\\\/\\\/linandelle.com\\\/wp-content\\\/uploads\\\/2021\\\/07\\\/peignoir-nid-d-eponge-linandelle.jpeg\",\"width\":1200,\"height\":1200},{\"@type\":\"BreadcrumbList\",\"@id\":\"https:\\\/\\\/linandelle.com\\\/fr\\\/produit\\\/peignoir-nid-deponge-suave-coton-fabrique-en-france\\\/#breadcrumb\",\"itemListElement\":[{\"@type\":\"ListItem\",\"position\":1,\"name\":\"Produits\",\"item\":\"https:\\\/\\\/linandelle.com\\\/fr\\\/shop\\\/\"},{\"@type\":\"ListItem\",\"position\":2,\"name\":\"Peignoir mixte coton 57 fils double face nid d&rsquo;\u00e9ponge SUAVE\"}]},{\"@type\":\"WebSite\",\"@id\":\"https:\\\/\\\/linandelle.com\\\/fr\\\/#website\",\"url\":\"https:\\\/\\\/linandelle.com\\\/fr\\\/\",\"name\":\"Linandelle\",\"description\":\"Linandelle, plus que du linge, l&#039;essentiel\",\"publisher\":{\"@id\":\"https:\\\/\\\/linandelle.com\\\/fr\\\/#organization\"},\"potentialAction\":[{\"@type\":\"SearchAction\",\"target\":{\"@type\":\"EntryPoint\",\"urlTemplate\":\"https:\\\/\\\/linandelle.com\\\/fr\\\/?s={search_term_string}\"},\"query-input\":{\"@type\":\"PropertyValueSpecification\",\"valueRequired\":true,\"valueName\":\"search_term_string\"}}],\"inLanguage\":\"fr-FR\"},{\"@type\":\"Organization\",\"@id\":\"https:\\\/\\\/linandelle.com\\\/fr\\\/#organization\",\"name\":\"Linandelle\",\"url\":\"https:\\\/\\\/linandelle.com\\\/fr\\\/\",\"logo\":{\"@type\":\"ImageObject\",\"inLanguage\":\"fr-FR\",\"@id\":\"https:\\\/\\\/linandelle.com\\\/fr\\\/#\\\/schema\\\/logo\\\/image\\\/\",\"url\":\"https:\\\/\\\/linandelle.com\\\/wp-content\\\/uploads\\\/2022\\\/03\\\/logo-linandelle.jpg\",\"contentUrl\":\"https:\\\/\\\/linandelle.com\\\/wp-content\\\/uploads\\\/2022\\\/03\\\/logo-linandelle.jpg\",\"width\":739,\"height\":738,\"caption\":\"Linandelle\"},\"image\":{\"@id\":\"https:\\\/\\\/linandelle.com\\\/fr\\\/#\\\/schema\\\/logo\\\/image\\\/\"},\"sameAs\":[\"https:\\\/\\\/www.facebook.com\\\/Linandelle\",\"https:\\\/\\\/www.instagram.com\\\/linandelle\\\/\",\"https:\\\/\\\/www.linkedin.com\\\/company\\\/18483801\\\/admin\\\/dashboard\\\/\",\"https:\\\/\\\/www.pinterest.fr\\\/linandelle\\\/_created\\\/\",\"https:\\\/\\\/www.youtube.com\\\/@linandellecharleval1016\"],\"email\":\"contact@linandelle.com\",\"telephone\":\"0232687800\",\"legalName\":\"SARL DU PONT DES JARDINS\",\"vatID\":\"FR27448856641\",\"taxID\":\"44885664100015\",\"numberOfEmployees\":{\"@type\":\"QuantitativeValue\",\"minValue\":\"1\",\"maxValue\":\"10\"}}]}<\/script>\n<!-- \/ Yoast SEO Premium plugin. -->","yoast_head_json":{"title":"Peignoir nid d'\u00e9ponge grande taille | Linandelle","description":"Sortie de bain petites et grandes tailles, 100% coton double face nid d'\u00e9ponge et made in France, personnalisable par broderie","robots":{"index":"index","follow":"follow","max-snippet":"max-snippet:-1","max-image-preview":"max-image-preview:large","max-video-preview":"max-video-preview:-1"},"canonical":"https:\/\/linandelle.com\/fr\/produit\/peignoir-nid-deponge-suave-coton-fabrique-en-france\/","og_locale":"fr_FR","og_type":"article","og_title":"Peignoir nid d'\u00e9ponge grande taille | Linandelle","og_description":"Sortie de bain petites et grandes tailles, 100% coton double face nid d'\u00e9ponge et made in France, personnalisable par broderie","og_url":"https:\/\/linandelle.com\/fr\/produit\/peignoir-nid-deponge-suave-coton-fabrique-en-france\/","og_site_name":"Linandelle","article_publisher":"https:\/\/www.facebook.com\/Linandelle","article_modified_time":"2026-04-22T07:19:01+00:00","og_image":[{"width":1200,"height":1200,"url":"https:\/\/linandelle.com\/wp-content\/uploads\/2021\/07\/peignoir-nid-d-eponge-linandelle.jpeg","type":"image\/jpeg"}],"twitter_card":"summary_large_image","twitter_misc":{"Dur\u00e9e de lecture estim\u00e9e":"3 minutes"},"schema":{"@context":"https:\/\/schema.org","@graph":[{"@type":"WebPage","@id":"https:\/\/linandelle.com\/fr\/produit\/peignoir-nid-deponge-suave-coton-fabrique-en-france\/","url":"https:\/\/linandelle.com\/fr\/produit\/peignoir-nid-deponge-suave-coton-fabrique-en-france\/","name":"Peignoir nid d'\u00e9ponge grande taille | Linandelle","isPartOf":{"@id":"https:\/\/linandelle.com\/fr\/#website"},"primaryImageOfPage":{"@id":"https:\/\/linandelle.com\/fr\/produit\/peignoir-nid-deponge-suave-coton-fabrique-en-france\/#primaryimage"},"image":{"@id":"https:\/\/linandelle.com\/fr\/produit\/peignoir-nid-deponge-suave-coton-fabrique-en-france\/#primaryimage"},"thumbnailUrl":"https:\/\/linandelle.com\/wp-content\/uploads\/2021\/07\/peignoir-nid-d-eponge-linandelle.jpeg","datePublished":"2021-07-22T12:23:59+00:00","dateModified":"2026-04-22T07:19:01+00:00","description":"Sortie de bain petites et grandes tailles, 100% coton double face nid d'\u00e9ponge et made in France, personnalisable par broderie","breadcrumb":{"@id":"https:\/\/linandelle.com\/fr\/produit\/peignoir-nid-deponge-suave-coton-fabrique-en-france\/#breadcrumb"},"inLanguage":"fr-FR","potentialAction":[{"@type":"ReadAction","target":["https:\/\/linandelle.com\/fr\/produit\/peignoir-nid-deponge-suave-coton-fabrique-en-france\/"]}]},{"@type":"ImageObject","inLanguage":"fr-FR","@id":"https:\/\/linandelle.com\/fr\/produit\/peignoir-nid-deponge-suave-coton-fabrique-en-france\/#primaryimage","url":"https:\/\/linandelle.com\/wp-content\/uploads\/2021\/07\/peignoir-nid-d-eponge-linandelle.jpeg","contentUrl":"https:\/\/linandelle.com\/wp-content\/uploads\/2021\/07\/peignoir-nid-d-eponge-linandelle.jpeg","width":1200,"height":1200},{"@type":"BreadcrumbList","@id":"https:\/\/linandelle.com\/fr\/produit\/peignoir-nid-deponge-suave-coton-fabrique-en-france\/#breadcrumb","itemListElement":[{"@type":"ListItem","position":1,"name":"Produits","item":"https:\/\/linandelle.com\/fr\/shop\/"},{"@type":"ListItem","position":2,"name":"Peignoir mixte coton 57 fils double face nid d&rsquo;\u00e9ponge SUAVE"}]},{"@type":"WebSite","@id":"https:\/\/linandelle.com\/fr\/#website","url":"https:\/\/linandelle.com\/fr\/","name":"Linandelle","description":"Linandelle, plus que du linge, l&#039;essentiel","publisher":{"@id":"https:\/\/linandelle.com\/fr\/#organization"},"potentialAction":[{"@type":"SearchAction","target":{"@type":"EntryPoint","urlTemplate":"https:\/\/linandelle.com\/fr\/?s={search_term_string}"},"query-input":{"@type":"PropertyValueSpecification","valueRequired":true,"valueName":"search_term_string"}}],"inLanguage":"fr-FR"},{"@type":"Organization","@id":"https:\/\/linandelle.com\/fr\/#organization","name":"Linandelle","url":"https:\/\/linandelle.com\/fr\/","logo":{"@type":"ImageObject","inLanguage":"fr-FR","@id":"https:\/\/linandelle.com\/fr\/#\/schema\/logo\/image\/","url":"https:\/\/linandelle.com\/wp-content\/uploads\/2022\/03\/logo-linandelle.jpg","contentUrl":"https:\/\/linandelle.com\/wp-content\/uploads\/2022\/03\/logo-linandelle.jpg","width":739,"height":738,"caption":"Linandelle"},"image":{"@id":"https:\/\/linandelle.com\/fr\/#\/schema\/logo\/image\/"},"sameAs":["https:\/\/www.facebook.com\/Linandelle","https:\/\/www.instagram.com\/linandelle\/","https:\/\/www.linkedin.com\/company\/18483801\/admin\/dashboard\/","https:\/\/www.pinterest.fr\/linandelle\/_created\/","https:\/\/www.youtube.com\/@linandellecharleval1016"],"email":"contact@linandelle.com","telephone":"0232687800","legalName":"SARL DU PONT DES JARDINS","vatID":"FR27448856641","taxID":"44885664100015","numberOfEmployees":{"@type":"QuantitativeValue","minValue":"1","maxValue":"10"}}]}},"_links":{"self":[{"href":"https:\/\/linandelle.com\/fr\/wp-json\/wp\/v2\/product\/11073","targetHints":{"allow":["GET"]}}],"collection":[{"href":"https:\/\/linandelle.com\/fr\/wp-json\/wp\/v2\/product"}],"about":[{"href":"https:\/\/linandelle.com\/fr\/wp-json\/wp\/v2\/types\/product"}],"wp:featuredmedia":[{"embeddable":true,"href":"https:\/\/linandelle.com\/fr\/wp-json\/wp\/v2\/media\/74632"}],"wp:attachment":[{"href":"https:\/\/linandelle.com\/fr\/wp-json\/wp\/v2\/media?parent=11073"}],"wp:term":[{"taxonomy":"product_brand","embeddable":true,"href":"https:\/\/linandelle.com\/fr\/wp-json\/wp\/v2\/product_brand?post=11073"},{"taxonomy":"product_cat","embeddable":true,"href":"https:\/\/linandelle.com\/fr\/wp-json\/wp\/v2\/product_cat?post=11073"},{"taxonomy":"product_tag","embeddable":true,"href":"https:\/\/linandelle.com\/fr\/wp-json\/wp\/v2\/product_tag?post=11073"},{"taxonomy":"woo-feed-brand","embeddable":true,"href":"https:\/\/linandelle.com\/fr\/wp-json\/wp\/v2\/woo-feed-brand?post=11073"}],"curies":[{"name":"wp","href":"https:\/\/api.w.org\/{rel}","templated":true}]}}