{"id":11507,"date":"2021-07-22T10:09:55","date_gmt":"2021-07-22T08:09:55","guid":{"rendered":"https:\/\/linandelle.com\/produit\/lot-de-3-carres-eponge-serviette-invite-30x30-rose\/"},"modified":"2026-03-25T10:32:10","modified_gmt":"2026-03-25T09:32:10","slug":"lot-de-3-carres-eponge-serviette-invite-30x30","status":"publish","type":"product","link":"https:\/\/linandelle.com\/fr\/produit\/lot-de-3-carres-eponge-serviette-invite-30x30\/","title":{"rendered":"Lot de 3 serviettes invit\u00e9s coton \u00e9ponge GUEST"},"content":{"rendered":"<p>ot de 3 carr\u00e9s \u00e9ponge bouclette en coton, id\u00e9al \u00e0 la salle de bain, ces essuies mains sont pratiques, peu encombrants, et multi usages.<\/p>\n<p><strong>Caract\u00e9ristique des carr\u00e9s GUEST :<\/strong><\/p>\n<ul>\n<li>Dimension 30x30cm<\/li>\n<\/ul>\n<ul>\n<li>Facile d&rsquo;entretien, 100% coton, lavable en machine \u00e0 60\u00b0C.<\/li>\n<\/ul>\n<ul>\n<li>3 coloris sont propos\u00e9s, lumineux, que vous pourrez \u00e9galement utiliser en accessoires de d\u00e9co.<\/li>\n<\/ul>\n<p>Fabriqu\u00e9 en U.E, norme Oeko Tex.<\/p>\n<p>\u2022\u00a0 Ce produit lab\u00e9llis\u00e9 STANDARD 100 by\u00a0OEKO-TEX\u00ae &#8211; certificat n\u00b0 CQ 1102\/4 IFTH suit un processus de fabrication certifi\u00e9 et contr\u00f4l\u00e9, respectueux de votre peau.<\/p>\n<p>\u2022\u00a0 Le STANDARD 100 by\u00a0OEKO-TEX\u00ae est le premier label qui r\u00e9pond aux besoins des consommateurs en mati\u00e8re d\u2019\u00e9cologie humaine. Il garantit l\u2019absence, dans les articles certifi\u00e9s de substances nocives ou pouvant pr\u00e9senter un risque pour la sant\u00e9\u00bb<\/p>\n<p>En savoir plus :<\/p>\n<p>&#8211; 100% coton<\/p>\n<p>&#8211; petite accroche pour la suspendre<\/p>\n<p>&#8211; 30X50cm<\/p>\n<p>&#8211; Fabriqu\u00e9 en U.E.<\/p>\n<p>&nbsp;<\/p>\n","protected":false},"excerpt":{"rendered":"<p>ot de 3 carr\u00e9s \u00e9ponge bouclette en coton, id\u00e9al \u00e0 la salle de bain, ces essuies mains sont pratiques, peu encombrants, et multi usages. Caract\u00e9ristique des carr\u00e9s GUEST : Dimension 30x30cm Facile d&rsquo;entretien, 100% coton, lavable en machine \u00e0 60\u00b0C. 3 coloris sont propos\u00e9s, lumineux, que vous pourrez \u00e9galement utiliser en accessoires de d\u00e9co. Fabriqu\u00e9 [&hellip;]<\/p>\n","protected":false},"featured_media":74651,"template":"","meta":{"_et_pb_use_builder":"","_et_pb_old_content":"","_et_gb_content_width":""},"product_brand":[710],"product_cat":[626,713,25,279],"product_tag":[],"woo-feed-brand":[],"class_list":{"0":"post-11507","1":"product","2":"type-product","3":"status-publish","4":"has-post-thumbnail","6":"product_brand-linandelle","7":"product_cat-fins-de-series","8":"product_cat-selection-hiver","9":"product_cat-salle-de-bain","10":"product_cat-serviette-de-toilette","11":"tm-has-options","13":"first","14":"instock","15":"sale","16":"featured","17":"taxable","18":"shipping-taxable","19":"purchasable","20":"product-type-variable"},"yoast_head":"<!-- This site is optimized with the Yoast SEO Premium plugin v27.3 (Yoast SEO v27.3) - https:\/\/yoast.com\/product\/yoast-seo-premium-wordpress\/ -->\n<title>Lot de 3 serviettes invit\u00e9s 30x30 coton \u00e9ponge GUEST<\/title>\n<meta name=\"description\" content=\"Lot de 3 serviettes invit\u00e9s coton \u00e9ponge GUEST, les serviettes sont id\u00e9ales pour servir d&#039;essuies main dans la salle de bain ou dans les toilettes.\" \/>\n<meta name=\"robots\" content=\"index, follow, max-snippet:-1, max-image-preview:large, max-video-preview:-1\" \/>\n<link rel=\"canonical\" href=\"https:\/\/linandelle.com\/fr\/produit\/lot-de-3-carres-eponge-serviette-invite-30x30\/\" \/>\n<meta property=\"og:locale\" content=\"fr_FR\" \/>\n<meta property=\"og:type\" content=\"article\" \/>\n<meta property=\"og:title\" content=\"Lot de 3 serviettes invit\u00e9s 30x30 coton \u00e9ponge GUEST\" \/>\n<meta property=\"og:description\" content=\"Lot de 3 serviettes invit\u00e9s coton \u00e9ponge GUEST, les serviettes sont id\u00e9ales pour servir d&#039;essuies main dans la salle de bain ou dans les toilettes.\" \/>\n<meta property=\"og:url\" content=\"https:\/\/linandelle.com\/fr\/produit\/lot-de-3-carres-eponge-serviette-invite-30x30\/\" \/>\n<meta property=\"og:site_name\" content=\"Linandelle\" \/>\n<meta property=\"article:publisher\" content=\"https:\/\/www.facebook.com\/Linandelle\" \/>\n<meta property=\"article:modified_time\" content=\"2026-03-25T09:32:10+00:00\" \/>\n<meta property=\"og:image\" content=\"https:\/\/linandelle.com\/wp-content\/uploads\/2021\/07\/lot-3-serviettes-inv-verte-deco.jpg\" \/>\n\t<meta property=\"og:image:width\" content=\"1200\" \/>\n\t<meta property=\"og:image:height\" content=\"1200\" \/>\n\t<meta property=\"og:image:type\" content=\"image\/jpeg\" \/>\n<meta name=\"twitter:card\" content=\"summary_large_image\" \/>\n<meta name=\"twitter:label1\" content=\"Dur\u00e9e de lecture estim\u00e9e\" \/>\n\t<meta name=\"twitter:data1\" content=\"1 minute\" \/>\n<script type=\"application\/ld+json\" class=\"yoast-schema-graph\">{\"@context\":\"https:\\\/\\\/schema.org\",\"@graph\":[{\"@type\":\"WebPage\",\"@id\":\"https:\\\/\\\/linandelle.com\\\/fr\\\/produit\\\/lot-de-3-carres-eponge-serviette-invite-30x30\\\/\",\"url\":\"https:\\\/\\\/linandelle.com\\\/fr\\\/produit\\\/lot-de-3-carres-eponge-serviette-invite-30x30\\\/\",\"name\":\"Lot de 3 serviettes invit\u00e9s 30x30 coton \u00e9ponge GUEST\",\"isPartOf\":{\"@id\":\"https:\\\/\\\/linandelle.com\\\/fr\\\/#website\"},\"primaryImageOfPage\":{\"@id\":\"https:\\\/\\\/linandelle.com\\\/fr\\\/produit\\\/lot-de-3-carres-eponge-serviette-invite-30x30\\\/#primaryimage\"},\"image\":{\"@id\":\"https:\\\/\\\/linandelle.com\\\/fr\\\/produit\\\/lot-de-3-carres-eponge-serviette-invite-30x30\\\/#primaryimage\"},\"thumbnailUrl\":\"https:\\\/\\\/linandelle.com\\\/wp-content\\\/uploads\\\/2021\\\/07\\\/lot-3-serviettes-inv-verte-deco.jpg\",\"datePublished\":\"2021-07-22T08:09:55+00:00\",\"dateModified\":\"2026-03-25T09:32:10+00:00\",\"description\":\"Lot de 3 serviettes invit\u00e9s coton \u00e9ponge GUEST, les serviettes sont id\u00e9ales pour servir d'essuies main dans la salle de bain ou dans les toilettes.\",\"breadcrumb\":{\"@id\":\"https:\\\/\\\/linandelle.com\\\/fr\\\/produit\\\/lot-de-3-carres-eponge-serviette-invite-30x30\\\/#breadcrumb\"},\"inLanguage\":\"fr-FR\",\"potentialAction\":[{\"@type\":\"ReadAction\",\"target\":[\"https:\\\/\\\/linandelle.com\\\/fr\\\/produit\\\/lot-de-3-carres-eponge-serviette-invite-30x30\\\/\"]}]},{\"@type\":\"ImageObject\",\"inLanguage\":\"fr-FR\",\"@id\":\"https:\\\/\\\/linandelle.com\\\/fr\\\/produit\\\/lot-de-3-carres-eponge-serviette-invite-30x30\\\/#primaryimage\",\"url\":\"https:\\\/\\\/linandelle.com\\\/wp-content\\\/uploads\\\/2021\\\/07\\\/lot-3-serviettes-inv-verte-deco.jpg\",\"contentUrl\":\"https:\\\/\\\/linandelle.com\\\/wp-content\\\/uploads\\\/2021\\\/07\\\/lot-3-serviettes-inv-verte-deco.jpg\",\"width\":1200,\"height\":1200},{\"@type\":\"BreadcrumbList\",\"@id\":\"https:\\\/\\\/linandelle.com\\\/fr\\\/produit\\\/lot-de-3-carres-eponge-serviette-invite-30x30\\\/#breadcrumb\",\"itemListElement\":[{\"@type\":\"ListItem\",\"position\":1,\"name\":\"Produits\",\"item\":\"https:\\\/\\\/linandelle.com\\\/fr\\\/shop\\\/\"},{\"@type\":\"ListItem\",\"position\":2,\"name\":\"Lot de 3 serviettes invit\u00e9s coton \u00e9ponge GUEST\"}]},{\"@type\":\"WebSite\",\"@id\":\"https:\\\/\\\/linandelle.com\\\/fr\\\/#website\",\"url\":\"https:\\\/\\\/linandelle.com\\\/fr\\\/\",\"name\":\"Linandelle\",\"description\":\"Linandelle, plus que du linge, l&#039;essentiel\",\"publisher\":{\"@id\":\"https:\\\/\\\/linandelle.com\\\/fr\\\/#organization\"},\"potentialAction\":[{\"@type\":\"SearchAction\",\"target\":{\"@type\":\"EntryPoint\",\"urlTemplate\":\"https:\\\/\\\/linandelle.com\\\/fr\\\/?s={search_term_string}\"},\"query-input\":{\"@type\":\"PropertyValueSpecification\",\"valueRequired\":true,\"valueName\":\"search_term_string\"}}],\"inLanguage\":\"fr-FR\"},{\"@type\":\"Organization\",\"@id\":\"https:\\\/\\\/linandelle.com\\\/fr\\\/#organization\",\"name\":\"Linandelle\",\"url\":\"https:\\\/\\\/linandelle.com\\\/fr\\\/\",\"logo\":{\"@type\":\"ImageObject\",\"inLanguage\":\"fr-FR\",\"@id\":\"https:\\\/\\\/linandelle.com\\\/fr\\\/#\\\/schema\\\/logo\\\/image\\\/\",\"url\":\"https:\\\/\\\/linandelle.com\\\/wp-content\\\/uploads\\\/2022\\\/03\\\/logo-linandelle.jpg\",\"contentUrl\":\"https:\\\/\\\/linandelle.com\\\/wp-content\\\/uploads\\\/2022\\\/03\\\/logo-linandelle.jpg\",\"width\":739,\"height\":738,\"caption\":\"Linandelle\"},\"image\":{\"@id\":\"https:\\\/\\\/linandelle.com\\\/fr\\\/#\\\/schema\\\/logo\\\/image\\\/\"},\"sameAs\":[\"https:\\\/\\\/www.facebook.com\\\/Linandelle\",\"https:\\\/\\\/www.instagram.com\\\/linandelle\\\/\",\"https:\\\/\\\/www.linkedin.com\\\/company\\\/18483801\\\/admin\\\/dashboard\\\/\",\"https:\\\/\\\/www.pinterest.fr\\\/linandelle\\\/_created\\\/\",\"https:\\\/\\\/www.youtube.com\\\/@linandellecharleval1016\"],\"email\":\"contact@linandelle.com\",\"telephone\":\"0232687800\",\"legalName\":\"SARL DU PONT DES JARDINS\",\"vatID\":\"FR27448856641\",\"taxID\":\"44885664100015\",\"numberOfEmployees\":{\"@type\":\"QuantitativeValue\",\"minValue\":\"1\",\"maxValue\":\"10\"}}]}<\/script>\n<!-- \/ Yoast SEO Premium plugin. -->","yoast_head_json":{"title":"Lot de 3 serviettes invit\u00e9s 30x30 coton \u00e9ponge GUEST","description":"Lot de 3 serviettes invit\u00e9s coton \u00e9ponge GUEST, les serviettes sont id\u00e9ales pour servir d'essuies main dans la salle de bain ou dans les toilettes.","robots":{"index":"index","follow":"follow","max-snippet":"max-snippet:-1","max-image-preview":"max-image-preview:large","max-video-preview":"max-video-preview:-1"},"canonical":"https:\/\/linandelle.com\/fr\/produit\/lot-de-3-carres-eponge-serviette-invite-30x30\/","og_locale":"fr_FR","og_type":"article","og_title":"Lot de 3 serviettes invit\u00e9s 30x30 coton \u00e9ponge GUEST","og_description":"Lot de 3 serviettes invit\u00e9s coton \u00e9ponge GUEST, les serviettes sont id\u00e9ales pour servir d'essuies main dans la salle de bain ou dans les toilettes.","og_url":"https:\/\/linandelle.com\/fr\/produit\/lot-de-3-carres-eponge-serviette-invite-30x30\/","og_site_name":"Linandelle","article_publisher":"https:\/\/www.facebook.com\/Linandelle","article_modified_time":"2026-03-25T09:32:10+00:00","og_image":[{"width":1200,"height":1200,"url":"https:\/\/linandelle.com\/wp-content\/uploads\/2021\/07\/lot-3-serviettes-inv-verte-deco.jpg","type":"image\/jpeg"}],"twitter_card":"summary_large_image","twitter_misc":{"Dur\u00e9e de lecture estim\u00e9e":"1 minute"},"schema":{"@context":"https:\/\/schema.org","@graph":[{"@type":"WebPage","@id":"https:\/\/linandelle.com\/fr\/produit\/lot-de-3-carres-eponge-serviette-invite-30x30\/","url":"https:\/\/linandelle.com\/fr\/produit\/lot-de-3-carres-eponge-serviette-invite-30x30\/","name":"Lot de 3 serviettes invit\u00e9s 30x30 coton \u00e9ponge GUEST","isPartOf":{"@id":"https:\/\/linandelle.com\/fr\/#website"},"primaryImageOfPage":{"@id":"https:\/\/linandelle.com\/fr\/produit\/lot-de-3-carres-eponge-serviette-invite-30x30\/#primaryimage"},"image":{"@id":"https:\/\/linandelle.com\/fr\/produit\/lot-de-3-carres-eponge-serviette-invite-30x30\/#primaryimage"},"thumbnailUrl":"https:\/\/linandelle.com\/wp-content\/uploads\/2021\/07\/lot-3-serviettes-inv-verte-deco.jpg","datePublished":"2021-07-22T08:09:55+00:00","dateModified":"2026-03-25T09:32:10+00:00","description":"Lot de 3 serviettes invit\u00e9s coton \u00e9ponge GUEST, les serviettes sont id\u00e9ales pour servir d'essuies main dans la salle de bain ou dans les toilettes.","breadcrumb":{"@id":"https:\/\/linandelle.com\/fr\/produit\/lot-de-3-carres-eponge-serviette-invite-30x30\/#breadcrumb"},"inLanguage":"fr-FR","potentialAction":[{"@type":"ReadAction","target":["https:\/\/linandelle.com\/fr\/produit\/lot-de-3-carres-eponge-serviette-invite-30x30\/"]}]},{"@type":"ImageObject","inLanguage":"fr-FR","@id":"https:\/\/linandelle.com\/fr\/produit\/lot-de-3-carres-eponge-serviette-invite-30x30\/#primaryimage","url":"https:\/\/linandelle.com\/wp-content\/uploads\/2021\/07\/lot-3-serviettes-inv-verte-deco.jpg","contentUrl":"https:\/\/linandelle.com\/wp-content\/uploads\/2021\/07\/lot-3-serviettes-inv-verte-deco.jpg","width":1200,"height":1200},{"@type":"BreadcrumbList","@id":"https:\/\/linandelle.com\/fr\/produit\/lot-de-3-carres-eponge-serviette-invite-30x30\/#breadcrumb","itemListElement":[{"@type":"ListItem","position":1,"name":"Produits","item":"https:\/\/linandelle.com\/fr\/shop\/"},{"@type":"ListItem","position":2,"name":"Lot de 3 serviettes invit\u00e9s coton \u00e9ponge GUEST"}]},{"@type":"WebSite","@id":"https:\/\/linandelle.com\/fr\/#website","url":"https:\/\/linandelle.com\/fr\/","name":"Linandelle","description":"Linandelle, plus que du linge, l&#039;essentiel","publisher":{"@id":"https:\/\/linandelle.com\/fr\/#organization"},"potentialAction":[{"@type":"SearchAction","target":{"@type":"EntryPoint","urlTemplate":"https:\/\/linandelle.com\/fr\/?s={search_term_string}"},"query-input":{"@type":"PropertyValueSpecification","valueRequired":true,"valueName":"search_term_string"}}],"inLanguage":"fr-FR"},{"@type":"Organization","@id":"https:\/\/linandelle.com\/fr\/#organization","name":"Linandelle","url":"https:\/\/linandelle.com\/fr\/","logo":{"@type":"ImageObject","inLanguage":"fr-FR","@id":"https:\/\/linandelle.com\/fr\/#\/schema\/logo\/image\/","url":"https:\/\/linandelle.com\/wp-content\/uploads\/2022\/03\/logo-linandelle.jpg","contentUrl":"https:\/\/linandelle.com\/wp-content\/uploads\/2022\/03\/logo-linandelle.jpg","width":739,"height":738,"caption":"Linandelle"},"image":{"@id":"https:\/\/linandelle.com\/fr\/#\/schema\/logo\/image\/"},"sameAs":["https:\/\/www.facebook.com\/Linandelle","https:\/\/www.instagram.com\/linandelle\/","https:\/\/www.linkedin.com\/company\/18483801\/admin\/dashboard\/","https:\/\/www.pinterest.fr\/linandelle\/_created\/","https:\/\/www.youtube.com\/@linandellecharleval1016"],"email":"contact@linandelle.com","telephone":"0232687800","legalName":"SARL DU PONT DES JARDINS","vatID":"FR27448856641","taxID":"44885664100015","numberOfEmployees":{"@type":"QuantitativeValue","minValue":"1","maxValue":"10"}}]}},"_links":{"self":[{"href":"https:\/\/linandelle.com\/fr\/wp-json\/wp\/v2\/product\/11507","targetHints":{"allow":["GET"]}}],"collection":[{"href":"https:\/\/linandelle.com\/fr\/wp-json\/wp\/v2\/product"}],"about":[{"href":"https:\/\/linandelle.com\/fr\/wp-json\/wp\/v2\/types\/product"}],"wp:featuredmedia":[{"embeddable":true,"href":"https:\/\/linandelle.com\/fr\/wp-json\/wp\/v2\/media\/74651"}],"wp:attachment":[{"href":"https:\/\/linandelle.com\/fr\/wp-json\/wp\/v2\/media?parent=11507"}],"wp:term":[{"taxonomy":"product_brand","embeddable":true,"href":"https:\/\/linandelle.com\/fr\/wp-json\/wp\/v2\/product_brand?post=11507"},{"taxonomy":"product_cat","embeddable":true,"href":"https:\/\/linandelle.com\/fr\/wp-json\/wp\/v2\/product_cat?post=11507"},{"taxonomy":"product_tag","embeddable":true,"href":"https:\/\/linandelle.com\/fr\/wp-json\/wp\/v2\/product_tag?post=11507"},{"taxonomy":"woo-feed-brand","embeddable":true,"href":"https:\/\/linandelle.com\/fr\/wp-json\/wp\/v2\/woo-feed-brand?post=11507"}],"curies":[{"name":"wp","href":"https:\/\/api.w.org\/{rel}","templated":true}]}}