{"id":27931,"date":"2021-10-19T17:35:23","date_gmt":"2021-10-19T15:35:23","guid":{"rendered":"https:\/\/linandelle.com\/fr\/?post_type=product&#038;p=27931"},"modified":"2026-04-23T17:21:33","modified_gmt":"2026-04-23T15:21:33","slug":"coffret-de-naissance-bavoir-et-cape-a-broder-2","status":"publish","type":"product","link":"https:\/\/linandelle.com\/fr\/produit\/coffret-de-naissance-bavoir-et-cape-a-broder-2\/","title":{"rendered":"Coffret de naissance bavoir et cape \u00e0 broder QUEIDA"},"content":{"rendered":"<h5><strong>Coffret cape de bain coton \u00e9ponge avec toile Aida<\/strong><\/h5>\n<p>Offrir un cadeau de naissance en coffret que vous pourrez personnaliser par une broderie, quoi de plus singulier?<\/p>\n<p>Les coffrets b\u00e9b\u00e9 compos\u00e9s d&rsquo;un bavoir 23x28cm et d&rsquo;une cape de bain \u00e0 capuche 70x85cm est un bon choix si vous aimez broder vous m\u00eame. Les deux articles ont une bande \u00e0 broder d&rsquo;une largeur de 4cm.<\/p>\n<p>Pr\u00e9cision importante, la toile a\u00efda permet la broderie manuelle en point de croix ainsi que la broderie en machine \u00e0 broder. L&rsquo;ensemble est d\u00e9j\u00e0 emball\u00e9 dans un coffret solide.<\/p>\n<p>L&rsquo;\u00e9ponge en 450gr\/m2 est en bouclette \u00e9ponge 100% coton, douce et absorbante. La qualit\u00e9 de l&rsquo;\u00e9ponge est con\u00e7ue pour r\u00e9sister aux lavages intensifs in\u00e9vitables pour les articles de pu\u00e9riculture. Ici la couleur de l&rsquo;\u00e9ponge est rose<\/p>\n<p>Le lavage en machine est autoris\u00e9 \u00e0 40\u00b0C<\/p>\n<p>Fabriqu\u00e9 en U.E, label Oeko Tex<\/p>\n<p>&nbsp;<\/p>\n<p>En savoir plus\u00a0:<\/p>\n<p>&#8211; Coffret liste de naissance id\u00e9al<\/p>\n<p>&#8211; Comprend une cape de bain et un bavoir<\/p>\n<p>&#8211; Livr\u00e9 en coffret cadeau<\/p>\n<p>&#8211; Broderie facile \u00e0 r\u00e9aliser gr\u00e2ce \u00e0 la toile A\u00efda<\/p>\n<p>&#8211; Lavable en machine.<\/p>\n","protected":false},"excerpt":{"rendered":"<p>Coffret de naissance, compos\u00e9 d&rsquo;une cape de bain et d&rsquo;un bavoir avec toile Aida, id\u00e9al pour le point de croix. Livraison rapide 48\/72h.<\/p>\n","protected":false},"featured_media":27932,"template":"","meta":{"_et_pb_use_builder":"","_et_pb_old_content":"","_et_gb_content_width":""},"product_brand":[710],"product_cat":[707],"product_tag":[],"woo-feed-brand":[],"class_list":{"0":"post-27931","1":"product","2":"type-product","3":"status-publish","4":"has-post-thumbnail","6":"product_brand-linandelle","7":"product_cat-cape-de-bain-bebe-fabrique-en-france","8":"tm-has-options","10":"first","11":"instock","12":"sale","13":"taxable","14":"shipping-taxable","15":"purchasable","16":"product-type-variable"},"yoast_head":"<!-- This site is optimized with the Yoast SEO Premium plugin v27.5 (Yoast SEO v27.5) - https:\/\/yoast.com\/product\/yoast-seo-premium-wordpress\/ -->\n<title>Coffret de naissance \u00e0 broder | Linandelle<\/title>\n<meta name=\"description\" content=\"Id\u00e9e cadeau de naissance compos\u00e9e d&#039;un ensemble bavoir et cape de bain \u00e0 broder et point de croix ou en machine. Livr\u00e9 en coffret. Superbe id\u00e9e cadeau.\" \/>\n<meta name=\"robots\" content=\"index, follow, max-snippet:-1, max-image-preview:large, max-video-preview:-1\" \/>\n<link rel=\"canonical\" href=\"https:\/\/linandelle.com\/fr\/produit\/coffret-de-naissance-bavoir-et-cape-a-broder-2\/\" \/>\n<meta property=\"og:locale\" content=\"fr_FR\" \/>\n<meta property=\"og:type\" content=\"article\" \/>\n<meta property=\"og:title\" content=\"Coffret de naissance \u00e0 broder | Linandelle\" \/>\n<meta property=\"og:description\" content=\"Id\u00e9e cadeau de naissance compos\u00e9e d&#039;un ensemble bavoir et cape de bain \u00e0 broder et point de croix ou en machine. Livr\u00e9 en coffret. Superbe id\u00e9e cadeau.\" \/>\n<meta property=\"og:url\" content=\"https:\/\/linandelle.com\/fr\/produit\/coffret-de-naissance-bavoir-et-cape-a-broder-2\/\" \/>\n<meta property=\"og:site_name\" content=\"Linandelle\" \/>\n<meta property=\"article:publisher\" content=\"https:\/\/www.facebook.com\/Linandelle\" \/>\n<meta property=\"article:modified_time\" content=\"2026-04-23T15:21:33+00:00\" \/>\n<meta property=\"og:image\" content=\"https:\/\/linandelle.com\/wp-content\/uploads\/2021\/10\/COFFRET-ROSE.jpg\" \/>\n\t<meta property=\"og:image:width\" content=\"1600\" \/>\n\t<meta property=\"og:image:height\" content=\"1600\" \/>\n\t<meta property=\"og:image:type\" content=\"image\/jpeg\" \/>\n<meta name=\"twitter:card\" content=\"summary_large_image\" \/>\n<meta name=\"twitter:label1\" content=\"Dur\u00e9e de lecture estim\u00e9e\" \/>\n\t<meta name=\"twitter:data1\" content=\"2 minutes\" \/>\n<script type=\"application\/ld+json\" class=\"yoast-schema-graph\">{\"@context\":\"https:\\\/\\\/schema.org\",\"@graph\":[{\"@type\":\"WebPage\",\"@id\":\"https:\\\/\\\/linandelle.com\\\/fr\\\/produit\\\/coffret-de-naissance-bavoir-et-cape-a-broder-2\\\/\",\"url\":\"https:\\\/\\\/linandelle.com\\\/fr\\\/produit\\\/coffret-de-naissance-bavoir-et-cape-a-broder-2\\\/\",\"name\":\"Coffret de naissance \u00e0 broder | Linandelle\",\"isPartOf\":{\"@id\":\"https:\\\/\\\/linandelle.com\\\/fr\\\/#website\"},\"primaryImageOfPage\":{\"@id\":\"https:\\\/\\\/linandelle.com\\\/fr\\\/produit\\\/coffret-de-naissance-bavoir-et-cape-a-broder-2\\\/#primaryimage\"},\"image\":{\"@id\":\"https:\\\/\\\/linandelle.com\\\/fr\\\/produit\\\/coffret-de-naissance-bavoir-et-cape-a-broder-2\\\/#primaryimage\"},\"thumbnailUrl\":\"https:\\\/\\\/linandelle.com\\\/wp-content\\\/uploads\\\/2021\\\/10\\\/COFFRET-ROSE.jpg\",\"datePublished\":\"2021-10-19T15:35:23+00:00\",\"dateModified\":\"2026-04-23T15:21:33+00:00\",\"description\":\"Id\u00e9e cadeau de naissance compos\u00e9e d'un ensemble bavoir et cape de bain \u00e0 broder et point de croix ou en machine. Livr\u00e9 en coffret. Superbe id\u00e9e cadeau.\",\"breadcrumb\":{\"@id\":\"https:\\\/\\\/linandelle.com\\\/fr\\\/produit\\\/coffret-de-naissance-bavoir-et-cape-a-broder-2\\\/#breadcrumb\"},\"inLanguage\":\"fr-FR\",\"potentialAction\":[{\"@type\":\"ReadAction\",\"target\":[\"https:\\\/\\\/linandelle.com\\\/fr\\\/produit\\\/coffret-de-naissance-bavoir-et-cape-a-broder-2\\\/\"]}]},{\"@type\":\"ImageObject\",\"inLanguage\":\"fr-FR\",\"@id\":\"https:\\\/\\\/linandelle.com\\\/fr\\\/produit\\\/coffret-de-naissance-bavoir-et-cape-a-broder-2\\\/#primaryimage\",\"url\":\"https:\\\/\\\/linandelle.com\\\/wp-content\\\/uploads\\\/2021\\\/10\\\/COFFRET-ROSE.jpg\",\"contentUrl\":\"https:\\\/\\\/linandelle.com\\\/wp-content\\\/uploads\\\/2021\\\/10\\\/COFFRET-ROSE.jpg\",\"width\":1600,\"height\":1600,\"caption\":\"id\u00e9e cadeau naissance fille \u00e0 broder linandelle\"},{\"@type\":\"BreadcrumbList\",\"@id\":\"https:\\\/\\\/linandelle.com\\\/fr\\\/produit\\\/coffret-de-naissance-bavoir-et-cape-a-broder-2\\\/#breadcrumb\",\"itemListElement\":[{\"@type\":\"ListItem\",\"position\":1,\"name\":\"Produits\",\"item\":\"https:\\\/\\\/linandelle.com\\\/fr\\\/shop\\\/\"},{\"@type\":\"ListItem\",\"position\":2,\"name\":\"Coffret de naissance bavoir et cape \u00e0 broder QUEIDA\"}]},{\"@type\":\"WebSite\",\"@id\":\"https:\\\/\\\/linandelle.com\\\/fr\\\/#website\",\"url\":\"https:\\\/\\\/linandelle.com\\\/fr\\\/\",\"name\":\"Linandelle\",\"description\":\"Linandelle, plus que du linge, l&#039;essentiel\",\"publisher\":{\"@id\":\"https:\\\/\\\/linandelle.com\\\/fr\\\/#organization\"},\"potentialAction\":[{\"@type\":\"SearchAction\",\"target\":{\"@type\":\"EntryPoint\",\"urlTemplate\":\"https:\\\/\\\/linandelle.com\\\/fr\\\/?s={search_term_string}\"},\"query-input\":{\"@type\":\"PropertyValueSpecification\",\"valueRequired\":true,\"valueName\":\"search_term_string\"}}],\"inLanguage\":\"fr-FR\"},{\"@type\":\"Organization\",\"@id\":\"https:\\\/\\\/linandelle.com\\\/fr\\\/#organization\",\"name\":\"Linandelle\",\"url\":\"https:\\\/\\\/linandelle.com\\\/fr\\\/\",\"logo\":{\"@type\":\"ImageObject\",\"inLanguage\":\"fr-FR\",\"@id\":\"https:\\\/\\\/linandelle.com\\\/fr\\\/#\\\/schema\\\/logo\\\/image\\\/\",\"url\":\"https:\\\/\\\/linandelle.com\\\/wp-content\\\/uploads\\\/2022\\\/03\\\/logo-linandelle.jpg\",\"contentUrl\":\"https:\\\/\\\/linandelle.com\\\/wp-content\\\/uploads\\\/2022\\\/03\\\/logo-linandelle.jpg\",\"width\":739,\"height\":738,\"caption\":\"Linandelle\"},\"image\":{\"@id\":\"https:\\\/\\\/linandelle.com\\\/fr\\\/#\\\/schema\\\/logo\\\/image\\\/\"},\"sameAs\":[\"https:\\\/\\\/www.facebook.com\\\/Linandelle\",\"https:\\\/\\\/www.instagram.com\\\/linandelle\\\/\",\"https:\\\/\\\/www.linkedin.com\\\/company\\\/18483801\\\/admin\\\/dashboard\\\/\",\"https:\\\/\\\/www.pinterest.fr\\\/linandelle\\\/_created\\\/\",\"https:\\\/\\\/www.youtube.com\\\/@linandellecharleval1016\"],\"email\":\"contact@linandelle.com\",\"telephone\":\"0232687800\",\"legalName\":\"SARL DU PONT DES JARDINS\",\"vatID\":\"FR27448856641\",\"taxID\":\"44885664100015\",\"numberOfEmployees\":{\"@type\":\"QuantitativeValue\",\"minValue\":\"1\",\"maxValue\":\"10\"}}]}<\/script>\n<!-- \/ Yoast SEO Premium plugin. -->","yoast_head_json":{"title":"Coffret de naissance \u00e0 broder | Linandelle","description":"Id\u00e9e cadeau de naissance compos\u00e9e d'un ensemble bavoir et cape de bain \u00e0 broder et point de croix ou en machine. Livr\u00e9 en coffret. Superbe id\u00e9e cadeau.","robots":{"index":"index","follow":"follow","max-snippet":"max-snippet:-1","max-image-preview":"max-image-preview:large","max-video-preview":"max-video-preview:-1"},"canonical":"https:\/\/linandelle.com\/fr\/produit\/coffret-de-naissance-bavoir-et-cape-a-broder-2\/","og_locale":"fr_FR","og_type":"article","og_title":"Coffret de naissance \u00e0 broder | Linandelle","og_description":"Id\u00e9e cadeau de naissance compos\u00e9e d'un ensemble bavoir et cape de bain \u00e0 broder et point de croix ou en machine. Livr\u00e9 en coffret. Superbe id\u00e9e cadeau.","og_url":"https:\/\/linandelle.com\/fr\/produit\/coffret-de-naissance-bavoir-et-cape-a-broder-2\/","og_site_name":"Linandelle","article_publisher":"https:\/\/www.facebook.com\/Linandelle","article_modified_time":"2026-04-23T15:21:33+00:00","og_image":[{"width":1600,"height":1600,"url":"https:\/\/linandelle.com\/wp-content\/uploads\/2021\/10\/COFFRET-ROSE.jpg","type":"image\/jpeg"}],"twitter_card":"summary_large_image","twitter_misc":{"Dur\u00e9e de lecture estim\u00e9e":"2 minutes"},"schema":{"@context":"https:\/\/schema.org","@graph":[{"@type":"WebPage","@id":"https:\/\/linandelle.com\/fr\/produit\/coffret-de-naissance-bavoir-et-cape-a-broder-2\/","url":"https:\/\/linandelle.com\/fr\/produit\/coffret-de-naissance-bavoir-et-cape-a-broder-2\/","name":"Coffret de naissance \u00e0 broder | Linandelle","isPartOf":{"@id":"https:\/\/linandelle.com\/fr\/#website"},"primaryImageOfPage":{"@id":"https:\/\/linandelle.com\/fr\/produit\/coffret-de-naissance-bavoir-et-cape-a-broder-2\/#primaryimage"},"image":{"@id":"https:\/\/linandelle.com\/fr\/produit\/coffret-de-naissance-bavoir-et-cape-a-broder-2\/#primaryimage"},"thumbnailUrl":"https:\/\/linandelle.com\/wp-content\/uploads\/2021\/10\/COFFRET-ROSE.jpg","datePublished":"2021-10-19T15:35:23+00:00","dateModified":"2026-04-23T15:21:33+00:00","description":"Id\u00e9e cadeau de naissance compos\u00e9e d'un ensemble bavoir et cape de bain \u00e0 broder et point de croix ou en machine. Livr\u00e9 en coffret. Superbe id\u00e9e cadeau.","breadcrumb":{"@id":"https:\/\/linandelle.com\/fr\/produit\/coffret-de-naissance-bavoir-et-cape-a-broder-2\/#breadcrumb"},"inLanguage":"fr-FR","potentialAction":[{"@type":"ReadAction","target":["https:\/\/linandelle.com\/fr\/produit\/coffret-de-naissance-bavoir-et-cape-a-broder-2\/"]}]},{"@type":"ImageObject","inLanguage":"fr-FR","@id":"https:\/\/linandelle.com\/fr\/produit\/coffret-de-naissance-bavoir-et-cape-a-broder-2\/#primaryimage","url":"https:\/\/linandelle.com\/wp-content\/uploads\/2021\/10\/COFFRET-ROSE.jpg","contentUrl":"https:\/\/linandelle.com\/wp-content\/uploads\/2021\/10\/COFFRET-ROSE.jpg","width":1600,"height":1600,"caption":"id\u00e9e cadeau naissance fille \u00e0 broder linandelle"},{"@type":"BreadcrumbList","@id":"https:\/\/linandelle.com\/fr\/produit\/coffret-de-naissance-bavoir-et-cape-a-broder-2\/#breadcrumb","itemListElement":[{"@type":"ListItem","position":1,"name":"Produits","item":"https:\/\/linandelle.com\/fr\/shop\/"},{"@type":"ListItem","position":2,"name":"Coffret de naissance bavoir et cape \u00e0 broder QUEIDA"}]},{"@type":"WebSite","@id":"https:\/\/linandelle.com\/fr\/#website","url":"https:\/\/linandelle.com\/fr\/","name":"Linandelle","description":"Linandelle, plus que du linge, l&#039;essentiel","publisher":{"@id":"https:\/\/linandelle.com\/fr\/#organization"},"potentialAction":[{"@type":"SearchAction","target":{"@type":"EntryPoint","urlTemplate":"https:\/\/linandelle.com\/fr\/?s={search_term_string}"},"query-input":{"@type":"PropertyValueSpecification","valueRequired":true,"valueName":"search_term_string"}}],"inLanguage":"fr-FR"},{"@type":"Organization","@id":"https:\/\/linandelle.com\/fr\/#organization","name":"Linandelle","url":"https:\/\/linandelle.com\/fr\/","logo":{"@type":"ImageObject","inLanguage":"fr-FR","@id":"https:\/\/linandelle.com\/fr\/#\/schema\/logo\/image\/","url":"https:\/\/linandelle.com\/wp-content\/uploads\/2022\/03\/logo-linandelle.jpg","contentUrl":"https:\/\/linandelle.com\/wp-content\/uploads\/2022\/03\/logo-linandelle.jpg","width":739,"height":738,"caption":"Linandelle"},"image":{"@id":"https:\/\/linandelle.com\/fr\/#\/schema\/logo\/image\/"},"sameAs":["https:\/\/www.facebook.com\/Linandelle","https:\/\/www.instagram.com\/linandelle\/","https:\/\/www.linkedin.com\/company\/18483801\/admin\/dashboard\/","https:\/\/www.pinterest.fr\/linandelle\/_created\/","https:\/\/www.youtube.com\/@linandellecharleval1016"],"email":"contact@linandelle.com","telephone":"0232687800","legalName":"SARL DU PONT DES JARDINS","vatID":"FR27448856641","taxID":"44885664100015","numberOfEmployees":{"@type":"QuantitativeValue","minValue":"1","maxValue":"10"}}]}},"_links":{"self":[{"href":"https:\/\/linandelle.com\/fr\/wp-json\/wp\/v2\/product\/27931","targetHints":{"allow":["GET"]}}],"collection":[{"href":"https:\/\/linandelle.com\/fr\/wp-json\/wp\/v2\/product"}],"about":[{"href":"https:\/\/linandelle.com\/fr\/wp-json\/wp\/v2\/types\/product"}],"wp:featuredmedia":[{"embeddable":true,"href":"https:\/\/linandelle.com\/fr\/wp-json\/wp\/v2\/media\/27932"}],"wp:attachment":[{"href":"https:\/\/linandelle.com\/fr\/wp-json\/wp\/v2\/media?parent=27931"}],"wp:term":[{"taxonomy":"product_brand","embeddable":true,"href":"https:\/\/linandelle.com\/fr\/wp-json\/wp\/v2\/product_brand?post=27931"},{"taxonomy":"product_cat","embeddable":true,"href":"https:\/\/linandelle.com\/fr\/wp-json\/wp\/v2\/product_cat?post=27931"},{"taxonomy":"product_tag","embeddable":true,"href":"https:\/\/linandelle.com\/fr\/wp-json\/wp\/v2\/product_tag?post=27931"},{"taxonomy":"woo-feed-brand","embeddable":true,"href":"https:\/\/linandelle.com\/fr\/wp-json\/wp\/v2\/woo-feed-brand?post=27931"}],"curies":[{"name":"wp","href":"https:\/\/api.w.org\/{rel}","templated":true}]}}