{"id":28057,"date":"2021-10-22T11:40:11","date_gmt":"2021-10-22T09:40:11","guid":{"rendered":"https:\/\/linandelle.com\/fr\/?post_type=product&#038;p=28057"},"modified":"2026-04-23T14:58:00","modified_gmt":"2026-04-23T12:58:00","slug":"lot-de-12-torchons-de-cuisine-pur-lin-rouge-normandie","status":"publish","type":"product","link":"https:\/\/linandelle.com\/fr\/produit\/lot-de-12-torchons-de-cuisine-pur-lin-rouge-normandie\/","title":{"rendered":"Lot de 12 torchons de cuisine pur Lin NORMANDIE"},"content":{"rendered":"<p>Fabriqu\u00e9 \u00e0 partir du Lin Normand, leader mondial de production de Lin, ce <strong>torchon naturel pur lin<\/strong> s&rsquo;inscrit dans notre Adn, pour une entreprise Normande.<br \/>\nVous retrouverez la couleur du lin, la texture du lin et m\u00eame l&rsquo;odeur du lin dans votre cuisine! Les torchons en lin font preuve de r\u00e9sistance et sauront \u00eatre en parfaite harmonie avec votre cuisine.<\/p>\n<p>Caract\u00e9ristiques des torchons NORMANDIE :<\/p>\n<ul>\n<li>100% lin Fran\u00e7ais<\/li>\n<li>Ourlets 4 cot\u00e9s<\/li>\n<li>220gr\/m2<\/li>\n<li>Dimensions 50x75cm<\/li>\n<li>4 coloris de rayures propos\u00e9es<\/li>\n<\/ul>\n<p>Vendus par lot de 12 \u00e0 la couleur. Coloris disponibles : bleu, rouge, vert, orange.<\/p>\n<p>Pas de traitement chimique<\/p>\n<p>Vous pouvez \u00e9galement retrouver nos torchons en lin vendus par lot de 6 <a href=\"https:\/\/linandelle.com\/fr\/produit\/lot-de-6-torchons-de-cuisine-pur-lin-rouge-normandie\/\">ici<\/a>.<\/p>\n<p>Premier lavage \u00e0 froid afin de stabiliser les fibres, puis lavage \u00e0 60\u00b0C.<br \/>\nRetrait de 10% \u00e0 anticiper apr\u00e8s lavage<\/p>\n<p>Norme Oeko Tex<\/p>\n<p>Fabriqu\u00e9e en U.E<\/p>\n<p>Marque Linandelle<\/p>\n<p><strong>En savoir plus :<\/strong><\/p>\n<p>&#8211; Torchon naturel<\/p>\n<p>&#8211; 100% lin<\/p>\n<p>&#8211; Grand torchon<\/p>\n<p>&#8211; Pas de traitement chimique<\/p>\n<p>&#8211; Fabriqu\u00e9 en U.E.<\/p>\n","protected":false},"excerpt":{"rendered":"<p>Fabriqu\u00e9 \u00e0 partir du Lin Normand, leader mondial de production de Lin, ce torchon naturel pur lin s&rsquo;inscrit dans notre Adn, pour une entreprise Normande. Vous retrouverez la couleur du lin, la texture du lin et m\u00eame l&rsquo;odeur du lin dans votre cuisine! Les torchons en lin font preuve de r\u00e9sistance et sauront \u00eatre en [&hellip;]<\/p>\n","protected":false},"featured_media":36042,"template":"","meta":{"_et_pb_use_builder":"","_et_pb_old_content":"","_et_gb_content_width":""},"product_brand":[710],"product_cat":[27,334],"product_tag":[],"woo-feed-brand":[],"class_list":{"0":"post-28057","1":"product","2":"type-product","3":"status-publish","4":"has-post-thumbnail","6":"product_brand-linandelle","7":"product_cat-table","8":"product_cat-torchons-et-essuie-verre","9":"tm-has-options","11":"first","12":"instock","13":"sale","14":"featured","15":"taxable","16":"shipping-taxable","17":"purchasable","18":"product-type-variable"},"yoast_head":"<!-- This site is optimized with the Yoast SEO Premium plugin v27.4 (Yoast SEO v27.4) - https:\/\/yoast.com\/product\/yoast-seo-premium-wordpress\/ -->\n<title>Lot de 12 grands torchons en lin NORMANDIE<\/title>\n<meta name=\"description\" content=\"Id\u00e9al pour votre cuisine, ce lot de 12 torchons en lin normand \u00e0 rayures rouge de 50x75cm est fabriqu\u00e9 en France. Ils sont disponibles en plusieurs coloris. Le torchon en lin est plus absorbant que le coton, et plus r\u00e9sistant. Egalement disponible en lot de 6.\" \/>\n<meta name=\"robots\" content=\"index, follow, max-snippet:-1, max-image-preview:large, max-video-preview:-1\" \/>\n<link rel=\"canonical\" href=\"https:\/\/linandelle.com\/fr\/produit\/lot-de-12-torchons-de-cuisine-pur-lin-rouge-normandie\/\" \/>\n<meta property=\"og:locale\" content=\"fr_FR\" \/>\n<meta property=\"og:type\" content=\"article\" \/>\n<meta property=\"og:title\" content=\"Lot de 12 grands torchons en lin NORMANDIE\" \/>\n<meta property=\"og:description\" content=\"Id\u00e9al pour votre cuisine, ce lot de 12 torchons en lin normand \u00e0 rayures rouge de 50x75cm est fabriqu\u00e9 en France. Ils sont disponibles en plusieurs coloris. Le torchon en lin est plus absorbant que le coton, et plus r\u00e9sistant. Egalement disponible en lot de 6.\" \/>\n<meta property=\"og:url\" content=\"https:\/\/linandelle.com\/fr\/produit\/lot-de-12-torchons-de-cuisine-pur-lin-rouge-normandie\/\" \/>\n<meta property=\"og:site_name\" content=\"Linandelle\" \/>\n<meta property=\"article:publisher\" content=\"https:\/\/www.facebook.com\/Linandelle\" \/>\n<meta property=\"article:modified_time\" content=\"2026-04-23T12:58:00+00:00\" \/>\n<meta property=\"og:image\" content=\"https:\/\/linandelle.com\/wp-content\/uploads\/2021\/07\/torchon-normandie-ambiance-lot-12.jpg\" \/>\n\t<meta property=\"og:image:width\" content=\"1200\" \/>\n\t<meta property=\"og:image:height\" content=\"1200\" \/>\n\t<meta property=\"og:image:type\" content=\"image\/jpeg\" \/>\n<meta name=\"twitter:card\" content=\"summary_large_image\" \/>\n<meta name=\"twitter:label1\" content=\"Dur\u00e9e de lecture estim\u00e9e\" \/>\n\t<meta name=\"twitter:data1\" content=\"1 minute\" \/>\n<script type=\"application\/ld+json\" class=\"yoast-schema-graph\">{\"@context\":\"https:\\\/\\\/schema.org\",\"@graph\":[{\"@type\":\"WebPage\",\"@id\":\"https:\\\/\\\/linandelle.com\\\/fr\\\/produit\\\/lot-de-12-torchons-de-cuisine-pur-lin-rouge-normandie\\\/\",\"url\":\"https:\\\/\\\/linandelle.com\\\/fr\\\/produit\\\/lot-de-12-torchons-de-cuisine-pur-lin-rouge-normandie\\\/\",\"name\":\"Lot de 12 grands torchons en lin NORMANDIE\",\"isPartOf\":{\"@id\":\"https:\\\/\\\/linandelle.com\\\/fr\\\/#website\"},\"primaryImageOfPage\":{\"@id\":\"https:\\\/\\\/linandelle.com\\\/fr\\\/produit\\\/lot-de-12-torchons-de-cuisine-pur-lin-rouge-normandie\\\/#primaryimage\"},\"image\":{\"@id\":\"https:\\\/\\\/linandelle.com\\\/fr\\\/produit\\\/lot-de-12-torchons-de-cuisine-pur-lin-rouge-normandie\\\/#primaryimage\"},\"thumbnailUrl\":\"https:\\\/\\\/linandelle.com\\\/wp-content\\\/uploads\\\/2021\\\/07\\\/torchon-normandie-ambiance-lot-12.jpg\",\"datePublished\":\"2021-10-22T09:40:11+00:00\",\"dateModified\":\"2026-04-23T12:58:00+00:00\",\"description\":\"Id\u00e9al pour votre cuisine, ce lot de 12 torchons en lin normand \u00e0 rayures rouge de 50x75cm est fabriqu\u00e9 en France. Ils sont disponibles en plusieurs coloris. Le torchon en lin est plus absorbant que le coton, et plus r\u00e9sistant. Egalement disponible en lot de 6.\",\"breadcrumb\":{\"@id\":\"https:\\\/\\\/linandelle.com\\\/fr\\\/produit\\\/lot-de-12-torchons-de-cuisine-pur-lin-rouge-normandie\\\/#breadcrumb\"},\"inLanguage\":\"fr-FR\",\"potentialAction\":[{\"@type\":\"ReadAction\",\"target\":[\"https:\\\/\\\/linandelle.com\\\/fr\\\/produit\\\/lot-de-12-torchons-de-cuisine-pur-lin-rouge-normandie\\\/\"]}]},{\"@type\":\"ImageObject\",\"inLanguage\":\"fr-FR\",\"@id\":\"https:\\\/\\\/linandelle.com\\\/fr\\\/produit\\\/lot-de-12-torchons-de-cuisine-pur-lin-rouge-normandie\\\/#primaryimage\",\"url\":\"https:\\\/\\\/linandelle.com\\\/wp-content\\\/uploads\\\/2021\\\/07\\\/torchon-normandie-ambiance-lot-12.jpg\",\"contentUrl\":\"https:\\\/\\\/linandelle.com\\\/wp-content\\\/uploads\\\/2021\\\/07\\\/torchon-normandie-ambiance-lot-12.jpg\",\"width\":1200,\"height\":1200},{\"@type\":\"BreadcrumbList\",\"@id\":\"https:\\\/\\\/linandelle.com\\\/fr\\\/produit\\\/lot-de-12-torchons-de-cuisine-pur-lin-rouge-normandie\\\/#breadcrumb\",\"itemListElement\":[{\"@type\":\"ListItem\",\"position\":1,\"name\":\"Produits\",\"item\":\"https:\\\/\\\/linandelle.com\\\/fr\\\/shop\\\/\"},{\"@type\":\"ListItem\",\"position\":2,\"name\":\"Lot de 12 torchons de cuisine pur Lin NORMANDIE\"}]},{\"@type\":\"WebSite\",\"@id\":\"https:\\\/\\\/linandelle.com\\\/fr\\\/#website\",\"url\":\"https:\\\/\\\/linandelle.com\\\/fr\\\/\",\"name\":\"Linandelle\",\"description\":\"Linandelle, plus que du linge, l&#039;essentiel\",\"publisher\":{\"@id\":\"https:\\\/\\\/linandelle.com\\\/fr\\\/#organization\"},\"potentialAction\":[{\"@type\":\"SearchAction\",\"target\":{\"@type\":\"EntryPoint\",\"urlTemplate\":\"https:\\\/\\\/linandelle.com\\\/fr\\\/?s={search_term_string}\"},\"query-input\":{\"@type\":\"PropertyValueSpecification\",\"valueRequired\":true,\"valueName\":\"search_term_string\"}}],\"inLanguage\":\"fr-FR\"},{\"@type\":\"Organization\",\"@id\":\"https:\\\/\\\/linandelle.com\\\/fr\\\/#organization\",\"name\":\"Linandelle\",\"url\":\"https:\\\/\\\/linandelle.com\\\/fr\\\/\",\"logo\":{\"@type\":\"ImageObject\",\"inLanguage\":\"fr-FR\",\"@id\":\"https:\\\/\\\/linandelle.com\\\/fr\\\/#\\\/schema\\\/logo\\\/image\\\/\",\"url\":\"https:\\\/\\\/linandelle.com\\\/wp-content\\\/uploads\\\/2022\\\/03\\\/logo-linandelle.jpg\",\"contentUrl\":\"https:\\\/\\\/linandelle.com\\\/wp-content\\\/uploads\\\/2022\\\/03\\\/logo-linandelle.jpg\",\"width\":739,\"height\":738,\"caption\":\"Linandelle\"},\"image\":{\"@id\":\"https:\\\/\\\/linandelle.com\\\/fr\\\/#\\\/schema\\\/logo\\\/image\\\/\"},\"sameAs\":[\"https:\\\/\\\/www.facebook.com\\\/Linandelle\",\"https:\\\/\\\/www.instagram.com\\\/linandelle\\\/\",\"https:\\\/\\\/www.linkedin.com\\\/company\\\/18483801\\\/admin\\\/dashboard\\\/\",\"https:\\\/\\\/www.pinterest.fr\\\/linandelle\\\/_created\\\/\",\"https:\\\/\\\/www.youtube.com\\\/@linandellecharleval1016\"],\"email\":\"contact@linandelle.com\",\"telephone\":\"0232687800\",\"legalName\":\"SARL DU PONT DES JARDINS\",\"vatID\":\"FR27448856641\",\"taxID\":\"44885664100015\",\"numberOfEmployees\":{\"@type\":\"QuantitativeValue\",\"minValue\":\"1\",\"maxValue\":\"10\"}}]}<\/script>\n<!-- \/ Yoast SEO Premium plugin. -->","yoast_head_json":{"title":"Lot de 12 grands torchons en lin NORMANDIE","description":"Id\u00e9al pour votre cuisine, ce lot de 12 torchons en lin normand \u00e0 rayures rouge de 50x75cm est fabriqu\u00e9 en France. Ils sont disponibles en plusieurs coloris. Le torchon en lin est plus absorbant que le coton, et plus r\u00e9sistant. Egalement disponible en lot de 6.","robots":{"index":"index","follow":"follow","max-snippet":"max-snippet:-1","max-image-preview":"max-image-preview:large","max-video-preview":"max-video-preview:-1"},"canonical":"https:\/\/linandelle.com\/fr\/produit\/lot-de-12-torchons-de-cuisine-pur-lin-rouge-normandie\/","og_locale":"fr_FR","og_type":"article","og_title":"Lot de 12 grands torchons en lin NORMANDIE","og_description":"Id\u00e9al pour votre cuisine, ce lot de 12 torchons en lin normand \u00e0 rayures rouge de 50x75cm est fabriqu\u00e9 en France. Ils sont disponibles en plusieurs coloris. Le torchon en lin est plus absorbant que le coton, et plus r\u00e9sistant. Egalement disponible en lot de 6.","og_url":"https:\/\/linandelle.com\/fr\/produit\/lot-de-12-torchons-de-cuisine-pur-lin-rouge-normandie\/","og_site_name":"Linandelle","article_publisher":"https:\/\/www.facebook.com\/Linandelle","article_modified_time":"2026-04-23T12:58:00+00:00","og_image":[{"width":1200,"height":1200,"url":"https:\/\/linandelle.com\/wp-content\/uploads\/2021\/07\/torchon-normandie-ambiance-lot-12.jpg","type":"image\/jpeg"}],"twitter_card":"summary_large_image","twitter_misc":{"Dur\u00e9e de lecture estim\u00e9e":"1 minute"},"schema":{"@context":"https:\/\/schema.org","@graph":[{"@type":"WebPage","@id":"https:\/\/linandelle.com\/fr\/produit\/lot-de-12-torchons-de-cuisine-pur-lin-rouge-normandie\/","url":"https:\/\/linandelle.com\/fr\/produit\/lot-de-12-torchons-de-cuisine-pur-lin-rouge-normandie\/","name":"Lot de 12 grands torchons en lin NORMANDIE","isPartOf":{"@id":"https:\/\/linandelle.com\/fr\/#website"},"primaryImageOfPage":{"@id":"https:\/\/linandelle.com\/fr\/produit\/lot-de-12-torchons-de-cuisine-pur-lin-rouge-normandie\/#primaryimage"},"image":{"@id":"https:\/\/linandelle.com\/fr\/produit\/lot-de-12-torchons-de-cuisine-pur-lin-rouge-normandie\/#primaryimage"},"thumbnailUrl":"https:\/\/linandelle.com\/wp-content\/uploads\/2021\/07\/torchon-normandie-ambiance-lot-12.jpg","datePublished":"2021-10-22T09:40:11+00:00","dateModified":"2026-04-23T12:58:00+00:00","description":"Id\u00e9al pour votre cuisine, ce lot de 12 torchons en lin normand \u00e0 rayures rouge de 50x75cm est fabriqu\u00e9 en France. Ils sont disponibles en plusieurs coloris. Le torchon en lin est plus absorbant que le coton, et plus r\u00e9sistant. Egalement disponible en lot de 6.","breadcrumb":{"@id":"https:\/\/linandelle.com\/fr\/produit\/lot-de-12-torchons-de-cuisine-pur-lin-rouge-normandie\/#breadcrumb"},"inLanguage":"fr-FR","potentialAction":[{"@type":"ReadAction","target":["https:\/\/linandelle.com\/fr\/produit\/lot-de-12-torchons-de-cuisine-pur-lin-rouge-normandie\/"]}]},{"@type":"ImageObject","inLanguage":"fr-FR","@id":"https:\/\/linandelle.com\/fr\/produit\/lot-de-12-torchons-de-cuisine-pur-lin-rouge-normandie\/#primaryimage","url":"https:\/\/linandelle.com\/wp-content\/uploads\/2021\/07\/torchon-normandie-ambiance-lot-12.jpg","contentUrl":"https:\/\/linandelle.com\/wp-content\/uploads\/2021\/07\/torchon-normandie-ambiance-lot-12.jpg","width":1200,"height":1200},{"@type":"BreadcrumbList","@id":"https:\/\/linandelle.com\/fr\/produit\/lot-de-12-torchons-de-cuisine-pur-lin-rouge-normandie\/#breadcrumb","itemListElement":[{"@type":"ListItem","position":1,"name":"Produits","item":"https:\/\/linandelle.com\/fr\/shop\/"},{"@type":"ListItem","position":2,"name":"Lot de 12 torchons de cuisine pur Lin NORMANDIE"}]},{"@type":"WebSite","@id":"https:\/\/linandelle.com\/fr\/#website","url":"https:\/\/linandelle.com\/fr\/","name":"Linandelle","description":"Linandelle, plus que du linge, l&#039;essentiel","publisher":{"@id":"https:\/\/linandelle.com\/fr\/#organization"},"potentialAction":[{"@type":"SearchAction","target":{"@type":"EntryPoint","urlTemplate":"https:\/\/linandelle.com\/fr\/?s={search_term_string}"},"query-input":{"@type":"PropertyValueSpecification","valueRequired":true,"valueName":"search_term_string"}}],"inLanguage":"fr-FR"},{"@type":"Organization","@id":"https:\/\/linandelle.com\/fr\/#organization","name":"Linandelle","url":"https:\/\/linandelle.com\/fr\/","logo":{"@type":"ImageObject","inLanguage":"fr-FR","@id":"https:\/\/linandelle.com\/fr\/#\/schema\/logo\/image\/","url":"https:\/\/linandelle.com\/wp-content\/uploads\/2022\/03\/logo-linandelle.jpg","contentUrl":"https:\/\/linandelle.com\/wp-content\/uploads\/2022\/03\/logo-linandelle.jpg","width":739,"height":738,"caption":"Linandelle"},"image":{"@id":"https:\/\/linandelle.com\/fr\/#\/schema\/logo\/image\/"},"sameAs":["https:\/\/www.facebook.com\/Linandelle","https:\/\/www.instagram.com\/linandelle\/","https:\/\/www.linkedin.com\/company\/18483801\/admin\/dashboard\/","https:\/\/www.pinterest.fr\/linandelle\/_created\/","https:\/\/www.youtube.com\/@linandellecharleval1016"],"email":"contact@linandelle.com","telephone":"0232687800","legalName":"SARL DU PONT DES JARDINS","vatID":"FR27448856641","taxID":"44885664100015","numberOfEmployees":{"@type":"QuantitativeValue","minValue":"1","maxValue":"10"}}]}},"_links":{"self":[{"href":"https:\/\/linandelle.com\/fr\/wp-json\/wp\/v2\/product\/28057","targetHints":{"allow":["GET"]}}],"collection":[{"href":"https:\/\/linandelle.com\/fr\/wp-json\/wp\/v2\/product"}],"about":[{"href":"https:\/\/linandelle.com\/fr\/wp-json\/wp\/v2\/types\/product"}],"wp:featuredmedia":[{"embeddable":true,"href":"https:\/\/linandelle.com\/fr\/wp-json\/wp\/v2\/media\/36042"}],"wp:attachment":[{"href":"https:\/\/linandelle.com\/fr\/wp-json\/wp\/v2\/media?parent=28057"}],"wp:term":[{"taxonomy":"product_brand","embeddable":true,"href":"https:\/\/linandelle.com\/fr\/wp-json\/wp\/v2\/product_brand?post=28057"},{"taxonomy":"product_cat","embeddable":true,"href":"https:\/\/linandelle.com\/fr\/wp-json\/wp\/v2\/product_cat?post=28057"},{"taxonomy":"product_tag","embeddable":true,"href":"https:\/\/linandelle.com\/fr\/wp-json\/wp\/v2\/product_tag?post=28057"},{"taxonomy":"woo-feed-brand","embeddable":true,"href":"https:\/\/linandelle.com\/fr\/wp-json\/wp\/v2\/woo-feed-brand?post=28057"}],"curies":[{"name":"wp","href":"https:\/\/api.w.org\/{rel}","templated":true}]}}