{"id":28619,"date":"2021-10-29T11:05:16","date_gmt":"2021-10-29T09:05:16","guid":{"rendered":"https:\/\/linandelle.com\/fr\/?post_type=product&#038;p=28619"},"modified":"2026-04-21T14:49:39","modified_gmt":"2026-04-21T12:49:39","slug":"nid-dabeille-gant-de-toilette-grand-format-pratique","status":"publish","type":"product","link":"https:\/\/linandelle.com\/fr\/produit\/nid-dabeille-gant-de-toilette-grand-format-pratique\/","title":{"rendered":"Lot de 2 gants de toilette nid d&rsquo;abeille WEEK END"},"content":{"rendered":"<p>Les gants de toilette classiques en bouclette \u00e9ponge ont souvent deux probl\u00e8mes. Ils sont trop petits et trop \u00e9pais. La gamme Week End r\u00e9pondra alors \u00e0 vos attentes. Fins et grands, ils auront toute leur place dans vos trousses de toilettes pour partir en escapade!<\/p>\n<ul>\n<li>Composition et particularit\u00e9 :<\/li>\n<\/ul>\n<p>100% fabrication fran\u00e7aise<\/p>\n<p>Format 15x21cm.<\/p>\n<p>100% coton nid d&rsquo;abeille 250gr\/m2<\/p>\n<p>Coloris au choix, et la gamme Week End est assortie aux serviettes et aux draps de bain<\/p>\n<ul>\n<li>Conseils et entretien :<\/li>\n<\/ul>\n<p>Comme toute mati\u00e8re naturelle, et \u00e0 fortiori avec le nid d&rsquo;abeille, il est recommand\u00e9 de laisser tremper \u00e0 l&rsquo;eau froide avant tout lavage \u00e0 l&rsquo;eau chaude.<\/p>\n<p>Cela nettoie le tissu, fixe les couleurs au coeur des fibres, et fixe \u00e9galement la taille des fibres, qui ne r\u00e9tr\u00e9ciront pas au second lavage \u00e0 chaud.<\/p>\n<p>Lavable en machine \u00e0 40\u00b0C<\/p>\n<p>En savoir plus\u00a0:<\/p>\n<p>&#8211; Grand format<\/p>\n<p>&#8211; Fabriqu\u00e9 en France<\/p>\n<p>&#8211; Accroche bien pratique<\/p>\n<p>&#8211; Texture fine et robuste<\/p>\n<p>&#8211; Gamme compl\u00e8te disponible.<\/p>\n","protected":false},"excerpt":{"rendered":"<p>Les gants de toilette classiques en bouclette \u00e9ponge ont souvent deux probl\u00e8mes. Ils sont trop petits et trop \u00e9pais. La gamme Week End r\u00e9pondra alors \u00e0 vos attentes. Fins et grands, ils auront toute leur place dans vos trousses de toilettes pour partir en escapade! Composition et particularit\u00e9 : 100% fabrication fran\u00e7aise Format 15x21cm. 100% [&hellip;]<\/p>\n","protected":false},"featured_media":74660,"template":"","meta":{"_et_pb_use_builder":"","_et_pb_old_content":"","_et_gb_content_width":""},"product_brand":[710],"product_cat":[696,373,697],"product_tag":[],"woo-feed-brand":[],"class_list":{"0":"post-28619","1":"product","2":"type-product","3":"status-publish","4":"has-post-thumbnail","6":"product_brand-linandelle","7":"product_cat-nouveautes-printemps-ete","8":"product_cat-gant-de-toilette","9":"product_cat-produits-made-in-france","10":"tm-has-options","12":"first","13":"instock","14":"taxable","15":"shipping-taxable","16":"purchasable","17":"product-type-variable"},"yoast_head":"<!-- This site is optimized with the Yoast SEO Premium plugin v27.4 (Yoast SEO v27.4) - https:\/\/yoast.com\/product\/yoast-seo-premium-wordpress\/ -->\n<title>Lot de 2 gants de toilette nid d&#039;abeille WEEK END<\/title>\n<meta name=\"description\" content=\"Gamme de bain en coton nid d&#039;abeille blanc fabriqu\u00e9es fran\u00e7aise : drap, maxi drap, gants et serviette. Disponible en 3 coloris\" \/>\n<meta name=\"robots\" content=\"index, follow, max-snippet:-1, max-image-preview:large, max-video-preview:-1\" \/>\n<link rel=\"canonical\" href=\"https:\/\/linandelle.com\/fr\/produit\/nid-dabeille-gant-de-toilette-grand-format-pratique\/\" \/>\n<meta property=\"og:locale\" content=\"fr_FR\" \/>\n<meta property=\"og:type\" content=\"article\" \/>\n<meta property=\"og:title\" content=\"Lot de 2 gants de toilette nid d&#039;abeille WEEK END\" \/>\n<meta property=\"og:description\" content=\"Gamme de bain en coton nid d&#039;abeille blanc fabriqu\u00e9es fran\u00e7aise : drap, maxi drap, gants et serviette. Disponible en 3 coloris\" \/>\n<meta property=\"og:url\" content=\"https:\/\/linandelle.com\/fr\/produit\/nid-dabeille-gant-de-toilette-grand-format-pratique\/\" \/>\n<meta property=\"og:site_name\" content=\"Linandelle\" \/>\n<meta property=\"article:publisher\" content=\"https:\/\/www.facebook.com\/Linandelle\" \/>\n<meta property=\"article:modified_time\" content=\"2026-04-21T12:49:39+00:00\" \/>\n<meta property=\"og:image\" content=\"https:\/\/linandelle.com\/wp-content\/uploads\/2021\/10\/gant-nid-d-abeille-ivoire.jpeg\" \/>\n\t<meta property=\"og:image:width\" content=\"1200\" \/>\n\t<meta property=\"og:image:height\" content=\"1200\" \/>\n\t<meta property=\"og:image:type\" content=\"image\/jpeg\" \/>\n<meta name=\"twitter:card\" content=\"summary_large_image\" \/>\n<meta name=\"twitter:label1\" content=\"Dur\u00e9e de lecture estim\u00e9e\" \/>\n\t<meta name=\"twitter:data1\" content=\"1 minute\" \/>\n<script type=\"application\/ld+json\" class=\"yoast-schema-graph\">{\"@context\":\"https:\\\/\\\/schema.org\",\"@graph\":[{\"@type\":\"WebPage\",\"@id\":\"https:\\\/\\\/linandelle.com\\\/fr\\\/produit\\\/nid-dabeille-gant-de-toilette-grand-format-pratique\\\/\",\"url\":\"https:\\\/\\\/linandelle.com\\\/fr\\\/produit\\\/nid-dabeille-gant-de-toilette-grand-format-pratique\\\/\",\"name\":\"Lot de 2 gants de toilette nid d'abeille WEEK END\",\"isPartOf\":{\"@id\":\"https:\\\/\\\/linandelle.com\\\/fr\\\/#website\"},\"primaryImageOfPage\":{\"@id\":\"https:\\\/\\\/linandelle.com\\\/fr\\\/produit\\\/nid-dabeille-gant-de-toilette-grand-format-pratique\\\/#primaryimage\"},\"image\":{\"@id\":\"https:\\\/\\\/linandelle.com\\\/fr\\\/produit\\\/nid-dabeille-gant-de-toilette-grand-format-pratique\\\/#primaryimage\"},\"thumbnailUrl\":\"https:\\\/\\\/linandelle.com\\\/wp-content\\\/uploads\\\/2021\\\/10\\\/gant-nid-d-abeille-ivoire.jpeg\",\"datePublished\":\"2021-10-29T09:05:16+00:00\",\"dateModified\":\"2026-04-21T12:49:39+00:00\",\"description\":\"Gamme de bain en coton nid d'abeille blanc fabriqu\u00e9es fran\u00e7aise : drap, maxi drap, gants et serviette. Disponible en 3 coloris\",\"breadcrumb\":{\"@id\":\"https:\\\/\\\/linandelle.com\\\/fr\\\/produit\\\/nid-dabeille-gant-de-toilette-grand-format-pratique\\\/#breadcrumb\"},\"inLanguage\":\"fr-FR\",\"potentialAction\":[{\"@type\":\"ReadAction\",\"target\":[\"https:\\\/\\\/linandelle.com\\\/fr\\\/produit\\\/nid-dabeille-gant-de-toilette-grand-format-pratique\\\/\"]}]},{\"@type\":\"ImageObject\",\"inLanguage\":\"fr-FR\",\"@id\":\"https:\\\/\\\/linandelle.com\\\/fr\\\/produit\\\/nid-dabeille-gant-de-toilette-grand-format-pratique\\\/#primaryimage\",\"url\":\"https:\\\/\\\/linandelle.com\\\/wp-content\\\/uploads\\\/2021\\\/10\\\/gant-nid-d-abeille-ivoire.jpeg\",\"contentUrl\":\"https:\\\/\\\/linandelle.com\\\/wp-content\\\/uploads\\\/2021\\\/10\\\/gant-nid-d-abeille-ivoire.jpeg\",\"width\":1200,\"height\":1200},{\"@type\":\"BreadcrumbList\",\"@id\":\"https:\\\/\\\/linandelle.com\\\/fr\\\/produit\\\/nid-dabeille-gant-de-toilette-grand-format-pratique\\\/#breadcrumb\",\"itemListElement\":[{\"@type\":\"ListItem\",\"position\":1,\"name\":\"Produits\",\"item\":\"https:\\\/\\\/linandelle.com\\\/fr\\\/shop\\\/\"},{\"@type\":\"ListItem\",\"position\":2,\"name\":\"Lot de 2 gants de toilette nid d&rsquo;abeille WEEK END\"}]},{\"@type\":\"WebSite\",\"@id\":\"https:\\\/\\\/linandelle.com\\\/fr\\\/#website\",\"url\":\"https:\\\/\\\/linandelle.com\\\/fr\\\/\",\"name\":\"Linandelle\",\"description\":\"Linandelle, plus que du linge, l&#039;essentiel\",\"publisher\":{\"@id\":\"https:\\\/\\\/linandelle.com\\\/fr\\\/#organization\"},\"potentialAction\":[{\"@type\":\"SearchAction\",\"target\":{\"@type\":\"EntryPoint\",\"urlTemplate\":\"https:\\\/\\\/linandelle.com\\\/fr\\\/?s={search_term_string}\"},\"query-input\":{\"@type\":\"PropertyValueSpecification\",\"valueRequired\":true,\"valueName\":\"search_term_string\"}}],\"inLanguage\":\"fr-FR\"},{\"@type\":\"Organization\",\"@id\":\"https:\\\/\\\/linandelle.com\\\/fr\\\/#organization\",\"name\":\"Linandelle\",\"url\":\"https:\\\/\\\/linandelle.com\\\/fr\\\/\",\"logo\":{\"@type\":\"ImageObject\",\"inLanguage\":\"fr-FR\",\"@id\":\"https:\\\/\\\/linandelle.com\\\/fr\\\/#\\\/schema\\\/logo\\\/image\\\/\",\"url\":\"https:\\\/\\\/linandelle.com\\\/wp-content\\\/uploads\\\/2022\\\/03\\\/logo-linandelle.jpg\",\"contentUrl\":\"https:\\\/\\\/linandelle.com\\\/wp-content\\\/uploads\\\/2022\\\/03\\\/logo-linandelle.jpg\",\"width\":739,\"height\":738,\"caption\":\"Linandelle\"},\"image\":{\"@id\":\"https:\\\/\\\/linandelle.com\\\/fr\\\/#\\\/schema\\\/logo\\\/image\\\/\"},\"sameAs\":[\"https:\\\/\\\/www.facebook.com\\\/Linandelle\",\"https:\\\/\\\/www.instagram.com\\\/linandelle\\\/\",\"https:\\\/\\\/www.linkedin.com\\\/company\\\/18483801\\\/admin\\\/dashboard\\\/\",\"https:\\\/\\\/www.pinterest.fr\\\/linandelle\\\/_created\\\/\",\"https:\\\/\\\/www.youtube.com\\\/@linandellecharleval1016\"],\"email\":\"contact@linandelle.com\",\"telephone\":\"0232687800\",\"legalName\":\"SARL DU PONT DES JARDINS\",\"vatID\":\"FR27448856641\",\"taxID\":\"44885664100015\",\"numberOfEmployees\":{\"@type\":\"QuantitativeValue\",\"minValue\":\"1\",\"maxValue\":\"10\"}}]}<\/script>\n<!-- \/ Yoast SEO Premium plugin. -->","yoast_head_json":{"title":"Lot de 2 gants de toilette nid d'abeille WEEK END","description":"Gamme de bain en coton nid d'abeille blanc fabriqu\u00e9es fran\u00e7aise : drap, maxi drap, gants et serviette. Disponible en 3 coloris","robots":{"index":"index","follow":"follow","max-snippet":"max-snippet:-1","max-image-preview":"max-image-preview:large","max-video-preview":"max-video-preview:-1"},"canonical":"https:\/\/linandelle.com\/fr\/produit\/nid-dabeille-gant-de-toilette-grand-format-pratique\/","og_locale":"fr_FR","og_type":"article","og_title":"Lot de 2 gants de toilette nid d'abeille WEEK END","og_description":"Gamme de bain en coton nid d'abeille blanc fabriqu\u00e9es fran\u00e7aise : drap, maxi drap, gants et serviette. Disponible en 3 coloris","og_url":"https:\/\/linandelle.com\/fr\/produit\/nid-dabeille-gant-de-toilette-grand-format-pratique\/","og_site_name":"Linandelle","article_publisher":"https:\/\/www.facebook.com\/Linandelle","article_modified_time":"2026-04-21T12:49:39+00:00","og_image":[{"width":1200,"height":1200,"url":"https:\/\/linandelle.com\/wp-content\/uploads\/2021\/10\/gant-nid-d-abeille-ivoire.jpeg","type":"image\/jpeg"}],"twitter_card":"summary_large_image","twitter_misc":{"Dur\u00e9e de lecture estim\u00e9e":"1 minute"},"schema":{"@context":"https:\/\/schema.org","@graph":[{"@type":"WebPage","@id":"https:\/\/linandelle.com\/fr\/produit\/nid-dabeille-gant-de-toilette-grand-format-pratique\/","url":"https:\/\/linandelle.com\/fr\/produit\/nid-dabeille-gant-de-toilette-grand-format-pratique\/","name":"Lot de 2 gants de toilette nid d'abeille WEEK END","isPartOf":{"@id":"https:\/\/linandelle.com\/fr\/#website"},"primaryImageOfPage":{"@id":"https:\/\/linandelle.com\/fr\/produit\/nid-dabeille-gant-de-toilette-grand-format-pratique\/#primaryimage"},"image":{"@id":"https:\/\/linandelle.com\/fr\/produit\/nid-dabeille-gant-de-toilette-grand-format-pratique\/#primaryimage"},"thumbnailUrl":"https:\/\/linandelle.com\/wp-content\/uploads\/2021\/10\/gant-nid-d-abeille-ivoire.jpeg","datePublished":"2021-10-29T09:05:16+00:00","dateModified":"2026-04-21T12:49:39+00:00","description":"Gamme de bain en coton nid d'abeille blanc fabriqu\u00e9es fran\u00e7aise : drap, maxi drap, gants et serviette. Disponible en 3 coloris","breadcrumb":{"@id":"https:\/\/linandelle.com\/fr\/produit\/nid-dabeille-gant-de-toilette-grand-format-pratique\/#breadcrumb"},"inLanguage":"fr-FR","potentialAction":[{"@type":"ReadAction","target":["https:\/\/linandelle.com\/fr\/produit\/nid-dabeille-gant-de-toilette-grand-format-pratique\/"]}]},{"@type":"ImageObject","inLanguage":"fr-FR","@id":"https:\/\/linandelle.com\/fr\/produit\/nid-dabeille-gant-de-toilette-grand-format-pratique\/#primaryimage","url":"https:\/\/linandelle.com\/wp-content\/uploads\/2021\/10\/gant-nid-d-abeille-ivoire.jpeg","contentUrl":"https:\/\/linandelle.com\/wp-content\/uploads\/2021\/10\/gant-nid-d-abeille-ivoire.jpeg","width":1200,"height":1200},{"@type":"BreadcrumbList","@id":"https:\/\/linandelle.com\/fr\/produit\/nid-dabeille-gant-de-toilette-grand-format-pratique\/#breadcrumb","itemListElement":[{"@type":"ListItem","position":1,"name":"Produits","item":"https:\/\/linandelle.com\/fr\/shop\/"},{"@type":"ListItem","position":2,"name":"Lot de 2 gants de toilette nid d&rsquo;abeille WEEK END"}]},{"@type":"WebSite","@id":"https:\/\/linandelle.com\/fr\/#website","url":"https:\/\/linandelle.com\/fr\/","name":"Linandelle","description":"Linandelle, plus que du linge, l&#039;essentiel","publisher":{"@id":"https:\/\/linandelle.com\/fr\/#organization"},"potentialAction":[{"@type":"SearchAction","target":{"@type":"EntryPoint","urlTemplate":"https:\/\/linandelle.com\/fr\/?s={search_term_string}"},"query-input":{"@type":"PropertyValueSpecification","valueRequired":true,"valueName":"search_term_string"}}],"inLanguage":"fr-FR"},{"@type":"Organization","@id":"https:\/\/linandelle.com\/fr\/#organization","name":"Linandelle","url":"https:\/\/linandelle.com\/fr\/","logo":{"@type":"ImageObject","inLanguage":"fr-FR","@id":"https:\/\/linandelle.com\/fr\/#\/schema\/logo\/image\/","url":"https:\/\/linandelle.com\/wp-content\/uploads\/2022\/03\/logo-linandelle.jpg","contentUrl":"https:\/\/linandelle.com\/wp-content\/uploads\/2022\/03\/logo-linandelle.jpg","width":739,"height":738,"caption":"Linandelle"},"image":{"@id":"https:\/\/linandelle.com\/fr\/#\/schema\/logo\/image\/"},"sameAs":["https:\/\/www.facebook.com\/Linandelle","https:\/\/www.instagram.com\/linandelle\/","https:\/\/www.linkedin.com\/company\/18483801\/admin\/dashboard\/","https:\/\/www.pinterest.fr\/linandelle\/_created\/","https:\/\/www.youtube.com\/@linandellecharleval1016"],"email":"contact@linandelle.com","telephone":"0232687800","legalName":"SARL DU PONT DES JARDINS","vatID":"FR27448856641","taxID":"44885664100015","numberOfEmployees":{"@type":"QuantitativeValue","minValue":"1","maxValue":"10"}}]}},"_links":{"self":[{"href":"https:\/\/linandelle.com\/fr\/wp-json\/wp\/v2\/product\/28619","targetHints":{"allow":["GET"]}}],"collection":[{"href":"https:\/\/linandelle.com\/fr\/wp-json\/wp\/v2\/product"}],"about":[{"href":"https:\/\/linandelle.com\/fr\/wp-json\/wp\/v2\/types\/product"}],"wp:featuredmedia":[{"embeddable":true,"href":"https:\/\/linandelle.com\/fr\/wp-json\/wp\/v2\/media\/74660"}],"wp:attachment":[{"href":"https:\/\/linandelle.com\/fr\/wp-json\/wp\/v2\/media?parent=28619"}],"wp:term":[{"taxonomy":"product_brand","embeddable":true,"href":"https:\/\/linandelle.com\/fr\/wp-json\/wp\/v2\/product_brand?post=28619"},{"taxonomy":"product_cat","embeddable":true,"href":"https:\/\/linandelle.com\/fr\/wp-json\/wp\/v2\/product_cat?post=28619"},{"taxonomy":"product_tag","embeddable":true,"href":"https:\/\/linandelle.com\/fr\/wp-json\/wp\/v2\/product_tag?post=28619"},{"taxonomy":"woo-feed-brand","embeddable":true,"href":"https:\/\/linandelle.com\/fr\/wp-json\/wp\/v2\/woo-feed-brand?post=28619"}],"curies":[{"name":"wp","href":"https:\/\/api.w.org\/{rel}","templated":true}]}}