{"id":28748,"date":"2021-11-04T15:57:42","date_gmt":"2021-11-04T14:57:42","guid":{"rendered":"https:\/\/linandelle.com\/fr\/?post_type=product&#038;p=28748"},"modified":"2026-04-29T09:10:24","modified_gmt":"2026-04-29T07:10:24","slug":"lot-de-12-gants-de-toilette-capucine","status":"publish","type":"product","link":"https:\/\/linandelle.com\/fr\/produit\/lot-de-12-gants-de-toilette-capucine\/","title":{"rendered":"Lot de 12 gants de toilette en coton bouclette \u00e9ponge CAPUCINE"},"content":{"rendered":"<p>Id\u00e9al pour le bain des adultes comme pour celui des enfants, Linandelle a s\u00e9lectionn\u00e9 cette gamme en d\u00e9stockage.<\/p>\n<p class=\"p1\"><span class=\"s1\">Et en prime, un joli rapport qualit\u00e9\/prix propos\u00e9 avec cette gamme de gant de toilette vendu par lot de 12 \u00e0 la couleur.<\/span><\/p>\n<p><strong>Caract\u00e9ristiques des gants de toilette CAPUCINE: <\/strong><\/p>\n<ul class=\"ul1\">\n<li class=\"li2\"><span class=\"s1\">100% coton bouclette \u00e9ponge<\/span><\/li>\n<li>coloris Blanc, Ecru<\/li>\n<li class=\"li2\"><span class=\"s1\">poids : 450gr\/m2<\/span><\/li>\n<li class=\"li2\"><span class=\"s1\">coloris grands teints<\/span><\/li>\n<li class=\"li2\"><span class=\"s1\">lavable en machine \u00e0 60\u00b0C<\/span><\/li>\n<li class=\"li2\"><span class=\"s1\">taille : 15x21cm<\/span><\/li>\n<li>accroche solide et pratique pour les suspendre<\/li>\n<li class=\"li2\"><span class=\"s1\">fin de s\u00e9rie, hors collection, quantit\u00e9s limit\u00e9es<\/span><\/li>\n<\/ul>\n<ul>\n<li><span class=\"s1\">lavable en machine \u00e0 60\u00b0C<\/span><\/li>\n<li><span class=\"s1\">fabriqu\u00e9 en U.E<\/span><\/li>\n<li><span class=\"s1\">norme Oeko Tex<\/span><\/li>\n<\/ul>\n<p>&nbsp;<\/p>\n<div class=\"et_pb_row et_pb_row_3_tb_body\">\n<div class=\"et_pb_column et_pb_column_1_2 et_pb_column_4_tb_body et_pb_css_mix_blend_mode_passthrough\">\n<div class=\"et_pb_module et_pb_wc_tabs et_pb_wc_tabs_0_tb_body et_pb_tabs \">\n<div class=\"et_pb_all_tabs\">\n<div class=\"et_pb_tab clearfix et_pb_active_content et-pb-active-slide\">\n<div class=\"et_pb_tab_content\">\n<p>En savoir plus\u00a0:<\/p>\n<p>&#8211; Lot en fin de s\u00e9rie<\/p>\n<p>&#8211; Gants de toilette coton jacquard<\/p>\n<p>&#8211; format familial par 12<\/p>\n<p>&#8211; Quantit\u00e9 limit\u00e9e<\/p>\n<p>&#8211; Fabriqu\u00e9 en U.E.<\/p>\n<\/div>\n<\/div>\n<\/div>\n<\/div>\n<\/div>\n<div class=\"et_pb_column et_pb_column_1_2 et_pb_column_5_tb_body et_pb_css_mix_blend_mode_passthrough et-last-child\">\n<div class=\"et_pb_module et_pb_wc_images et_pb_wc_images_1_tb_body et_pb_bg_layout_\">\n<div class=\"et_pb_module_inner\">\n<div class=\"woocommerce-product-gallery woocommerce-product-gallery--with-images woocommerce-product-gallery--columns-4 images\" data-columns=\"1\">\n<div class=\"\"><\/div>\n<div class=\"flex-viewport\">\n<div class=\"woocommerce-product-gallery__wrapper\">\n<div class=\"woocommerce-product-gallery__image\" data-thumb=\"https:\/\/sp-ao.shortpixel.ai\/client\/to_auto,q_glossy,ret_img\/https:\/\/linandelle.com\/wp-content\/uploads\/2021\/10\/zoom-gant-blanc-beige-100x100.jpg\" data-thumb-alt=\"lot de 12 gants blanc et lin detail\"><\/div>\n<\/div>\n<\/div>\n<\/div>\n<\/div>\n<\/div>\n<\/div>\n<\/div>\n<div class=\"et_pb_row et_pb_row_4_tb_body\"><\/div>\n","protected":false},"excerpt":{"rendered":"<p>Id\u00e9al pour le bain des adultes comme pour celui des enfants, Linandelle a s\u00e9lectionn\u00e9 cette gamme en d\u00e9stockage. Et en prime, un joli rapport qualit\u00e9\/prix propos\u00e9 avec cette gamme de gant de toilette vendu par lot de 12 \u00e0 la couleur. Caract\u00e9ristiques des gants de toilette CAPUCINE: 100% coton bouclette \u00e9ponge coloris Blanc, Ecru poids [&hellip;]<\/p>\n","protected":false},"featured_media":28754,"template":"","meta":{"_et_pb_use_builder":"","_et_pb_old_content":"","_et_gb_content_width":""},"product_brand":[710],"product_cat":[626,373,713],"product_tag":[],"woo-feed-brand":[],"class_list":{"0":"post-28748","1":"product","2":"type-product","3":"status-publish","4":"has-post-thumbnail","6":"product_brand-linandelle","7":"product_cat-fins-de-series","8":"product_cat-gant-de-toilette","9":"product_cat-selection-hiver","10":"tm-has-options","12":"first","13":"instock","14":"sale","15":"taxable","16":"shipping-taxable","17":"purchasable","18":"product-type-variable"},"yoast_head":"<!-- This site is optimized with the Yoast SEO Premium plugin v27.5 (Yoast SEO v27.5) - https:\/\/yoast.com\/product\/yoast-seo-premium-wordpress\/ -->\n<title>Lot de 12 gants de toilette en coton bouclette \u00e9ponge CAPUCINE - Linandelle<\/title>\n<meta name=\"description\" content=\"Gants de toilettes CAPUCINE ,id\u00e9al pour les familles vendus par lot de 12 \u00e0 prix comp\u00e9titif. Quantit\u00e9s limit\u00e9s.\" \/>\n<meta name=\"robots\" content=\"index, follow, max-snippet:-1, max-image-preview:large, max-video-preview:-1\" \/>\n<link rel=\"canonical\" href=\"https:\/\/linandelle.com\/fr\/produit\/lot-de-12-gants-de-toilette-capucine\/\" \/>\n<meta property=\"og:locale\" content=\"fr_FR\" \/>\n<meta property=\"og:type\" content=\"article\" \/>\n<meta property=\"og:title\" content=\"Lot de 12 gants de toilette en coton bouclette \u00e9ponge CAPUCINE - Linandelle\" \/>\n<meta property=\"og:description\" content=\"Gants de toilettes CAPUCINE ,id\u00e9al pour les familles vendus par lot de 12 \u00e0 prix comp\u00e9titif. Quantit\u00e9s limit\u00e9s.\" \/>\n<meta property=\"og:url\" content=\"https:\/\/linandelle.com\/fr\/produit\/lot-de-12-gants-de-toilette-capucine\/\" \/>\n<meta property=\"og:site_name\" content=\"Linandelle\" \/>\n<meta property=\"article:publisher\" content=\"https:\/\/www.facebook.com\/Linandelle\" \/>\n<meta property=\"article:modified_time\" content=\"2026-04-29T07:10:24+00:00\" \/>\n<meta property=\"og:image\" content=\"https:\/\/linandelle.com\/wp-content\/uploads\/2021\/11\/lot-12-gants-mousse-ecru.jpg\" \/>\n\t<meta property=\"og:image:width\" content=\"1600\" \/>\n\t<meta property=\"og:image:height\" content=\"1600\" \/>\n\t<meta property=\"og:image:type\" content=\"image\/jpeg\" \/>\n<meta name=\"twitter:card\" content=\"summary_large_image\" \/>\n<meta name=\"twitter:label1\" content=\"Dur\u00e9e de lecture estim\u00e9e\" \/>\n\t<meta name=\"twitter:data1\" content=\"1 minute\" \/>\n<script type=\"application\/ld+json\" class=\"yoast-schema-graph\">{\"@context\":\"https:\\\/\\\/schema.org\",\"@graph\":[{\"@type\":\"WebPage\",\"@id\":\"https:\\\/\\\/linandelle.com\\\/fr\\\/produit\\\/lot-de-12-gants-de-toilette-capucine\\\/\",\"url\":\"https:\\\/\\\/linandelle.com\\\/fr\\\/produit\\\/lot-de-12-gants-de-toilette-capucine\\\/\",\"name\":\"Lot de 12 gants de toilette en coton bouclette \u00e9ponge CAPUCINE - Linandelle\",\"isPartOf\":{\"@id\":\"https:\\\/\\\/linandelle.com\\\/fr\\\/#website\"},\"primaryImageOfPage\":{\"@id\":\"https:\\\/\\\/linandelle.com\\\/fr\\\/produit\\\/lot-de-12-gants-de-toilette-capucine\\\/#primaryimage\"},\"image\":{\"@id\":\"https:\\\/\\\/linandelle.com\\\/fr\\\/produit\\\/lot-de-12-gants-de-toilette-capucine\\\/#primaryimage\"},\"thumbnailUrl\":\"https:\\\/\\\/linandelle.com\\\/wp-content\\\/uploads\\\/2021\\\/11\\\/lot-12-gants-mousse-ecru.jpg\",\"datePublished\":\"2021-11-04T14:57:42+00:00\",\"dateModified\":\"2026-04-29T07:10:24+00:00\",\"description\":\"Gants de toilettes CAPUCINE ,id\u00e9al pour les familles vendus par lot de 12 \u00e0 prix comp\u00e9titif. Quantit\u00e9s limit\u00e9s.\",\"breadcrumb\":{\"@id\":\"https:\\\/\\\/linandelle.com\\\/fr\\\/produit\\\/lot-de-12-gants-de-toilette-capucine\\\/#breadcrumb\"},\"inLanguage\":\"fr-FR\",\"potentialAction\":[{\"@type\":\"ReadAction\",\"target\":[\"https:\\\/\\\/linandelle.com\\\/fr\\\/produit\\\/lot-de-12-gants-de-toilette-capucine\\\/\"]}]},{\"@type\":\"ImageObject\",\"inLanguage\":\"fr-FR\",\"@id\":\"https:\\\/\\\/linandelle.com\\\/fr\\\/produit\\\/lot-de-12-gants-de-toilette-capucine\\\/#primaryimage\",\"url\":\"https:\\\/\\\/linandelle.com\\\/wp-content\\\/uploads\\\/2021\\\/11\\\/lot-12-gants-mousse-ecru.jpg\",\"contentUrl\":\"https:\\\/\\\/linandelle.com\\\/wp-content\\\/uploads\\\/2021\\\/11\\\/lot-12-gants-mousse-ecru.jpg\",\"width\":1600,\"height\":1600,\"caption\":\"lot 12 gants de toilette \u00e9cru capucine\"},{\"@type\":\"BreadcrumbList\",\"@id\":\"https:\\\/\\\/linandelle.com\\\/fr\\\/produit\\\/lot-de-12-gants-de-toilette-capucine\\\/#breadcrumb\",\"itemListElement\":[{\"@type\":\"ListItem\",\"position\":1,\"name\":\"Produits\",\"item\":\"https:\\\/\\\/linandelle.com\\\/fr\\\/shop\\\/\"},{\"@type\":\"ListItem\",\"position\":2,\"name\":\"Lot de 12 gants de toilette en coton bouclette \u00e9ponge CAPUCINE\"}]},{\"@type\":\"WebSite\",\"@id\":\"https:\\\/\\\/linandelle.com\\\/fr\\\/#website\",\"url\":\"https:\\\/\\\/linandelle.com\\\/fr\\\/\",\"name\":\"Linandelle\",\"description\":\"Linandelle, plus que du linge, l&#039;essentiel\",\"publisher\":{\"@id\":\"https:\\\/\\\/linandelle.com\\\/fr\\\/#organization\"},\"potentialAction\":[{\"@type\":\"SearchAction\",\"target\":{\"@type\":\"EntryPoint\",\"urlTemplate\":\"https:\\\/\\\/linandelle.com\\\/fr\\\/?s={search_term_string}\"},\"query-input\":{\"@type\":\"PropertyValueSpecification\",\"valueRequired\":true,\"valueName\":\"search_term_string\"}}],\"inLanguage\":\"fr-FR\"},{\"@type\":\"Organization\",\"@id\":\"https:\\\/\\\/linandelle.com\\\/fr\\\/#organization\",\"name\":\"Linandelle\",\"url\":\"https:\\\/\\\/linandelle.com\\\/fr\\\/\",\"logo\":{\"@type\":\"ImageObject\",\"inLanguage\":\"fr-FR\",\"@id\":\"https:\\\/\\\/linandelle.com\\\/fr\\\/#\\\/schema\\\/logo\\\/image\\\/\",\"url\":\"https:\\\/\\\/linandelle.com\\\/wp-content\\\/uploads\\\/2022\\\/03\\\/logo-linandelle.jpg\",\"contentUrl\":\"https:\\\/\\\/linandelle.com\\\/wp-content\\\/uploads\\\/2022\\\/03\\\/logo-linandelle.jpg\",\"width\":739,\"height\":738,\"caption\":\"Linandelle\"},\"image\":{\"@id\":\"https:\\\/\\\/linandelle.com\\\/fr\\\/#\\\/schema\\\/logo\\\/image\\\/\"},\"sameAs\":[\"https:\\\/\\\/www.facebook.com\\\/Linandelle\",\"https:\\\/\\\/www.instagram.com\\\/linandelle\\\/\",\"https:\\\/\\\/www.linkedin.com\\\/company\\\/18483801\\\/admin\\\/dashboard\\\/\",\"https:\\\/\\\/www.pinterest.fr\\\/linandelle\\\/_created\\\/\",\"https:\\\/\\\/www.youtube.com\\\/@linandellecharleval1016\"],\"email\":\"contact@linandelle.com\",\"telephone\":\"0232687800\",\"legalName\":\"SARL DU PONT DES JARDINS\",\"vatID\":\"FR27448856641\",\"taxID\":\"44885664100015\",\"numberOfEmployees\":{\"@type\":\"QuantitativeValue\",\"minValue\":\"1\",\"maxValue\":\"10\"}}]}<\/script>\n<!-- \/ Yoast SEO Premium plugin. -->","yoast_head_json":{"title":"Lot de 12 gants de toilette en coton bouclette \u00e9ponge CAPUCINE - Linandelle","description":"Gants de toilettes CAPUCINE ,id\u00e9al pour les familles vendus par lot de 12 \u00e0 prix comp\u00e9titif. Quantit\u00e9s limit\u00e9s.","robots":{"index":"index","follow":"follow","max-snippet":"max-snippet:-1","max-image-preview":"max-image-preview:large","max-video-preview":"max-video-preview:-1"},"canonical":"https:\/\/linandelle.com\/fr\/produit\/lot-de-12-gants-de-toilette-capucine\/","og_locale":"fr_FR","og_type":"article","og_title":"Lot de 12 gants de toilette en coton bouclette \u00e9ponge CAPUCINE - Linandelle","og_description":"Gants de toilettes CAPUCINE ,id\u00e9al pour les familles vendus par lot de 12 \u00e0 prix comp\u00e9titif. Quantit\u00e9s limit\u00e9s.","og_url":"https:\/\/linandelle.com\/fr\/produit\/lot-de-12-gants-de-toilette-capucine\/","og_site_name":"Linandelle","article_publisher":"https:\/\/www.facebook.com\/Linandelle","article_modified_time":"2026-04-29T07:10:24+00:00","og_image":[{"width":1600,"height":1600,"url":"https:\/\/linandelle.com\/wp-content\/uploads\/2021\/11\/lot-12-gants-mousse-ecru.jpg","type":"image\/jpeg"}],"twitter_card":"summary_large_image","twitter_misc":{"Dur\u00e9e de lecture estim\u00e9e":"1 minute"},"schema":{"@context":"https:\/\/schema.org","@graph":[{"@type":"WebPage","@id":"https:\/\/linandelle.com\/fr\/produit\/lot-de-12-gants-de-toilette-capucine\/","url":"https:\/\/linandelle.com\/fr\/produit\/lot-de-12-gants-de-toilette-capucine\/","name":"Lot de 12 gants de toilette en coton bouclette \u00e9ponge CAPUCINE - Linandelle","isPartOf":{"@id":"https:\/\/linandelle.com\/fr\/#website"},"primaryImageOfPage":{"@id":"https:\/\/linandelle.com\/fr\/produit\/lot-de-12-gants-de-toilette-capucine\/#primaryimage"},"image":{"@id":"https:\/\/linandelle.com\/fr\/produit\/lot-de-12-gants-de-toilette-capucine\/#primaryimage"},"thumbnailUrl":"https:\/\/linandelle.com\/wp-content\/uploads\/2021\/11\/lot-12-gants-mousse-ecru.jpg","datePublished":"2021-11-04T14:57:42+00:00","dateModified":"2026-04-29T07:10:24+00:00","description":"Gants de toilettes CAPUCINE ,id\u00e9al pour les familles vendus par lot de 12 \u00e0 prix comp\u00e9titif. Quantit\u00e9s limit\u00e9s.","breadcrumb":{"@id":"https:\/\/linandelle.com\/fr\/produit\/lot-de-12-gants-de-toilette-capucine\/#breadcrumb"},"inLanguage":"fr-FR","potentialAction":[{"@type":"ReadAction","target":["https:\/\/linandelle.com\/fr\/produit\/lot-de-12-gants-de-toilette-capucine\/"]}]},{"@type":"ImageObject","inLanguage":"fr-FR","@id":"https:\/\/linandelle.com\/fr\/produit\/lot-de-12-gants-de-toilette-capucine\/#primaryimage","url":"https:\/\/linandelle.com\/wp-content\/uploads\/2021\/11\/lot-12-gants-mousse-ecru.jpg","contentUrl":"https:\/\/linandelle.com\/wp-content\/uploads\/2021\/11\/lot-12-gants-mousse-ecru.jpg","width":1600,"height":1600,"caption":"lot 12 gants de toilette \u00e9cru capucine"},{"@type":"BreadcrumbList","@id":"https:\/\/linandelle.com\/fr\/produit\/lot-de-12-gants-de-toilette-capucine\/#breadcrumb","itemListElement":[{"@type":"ListItem","position":1,"name":"Produits","item":"https:\/\/linandelle.com\/fr\/shop\/"},{"@type":"ListItem","position":2,"name":"Lot de 12 gants de toilette en coton bouclette \u00e9ponge CAPUCINE"}]},{"@type":"WebSite","@id":"https:\/\/linandelle.com\/fr\/#website","url":"https:\/\/linandelle.com\/fr\/","name":"Linandelle","description":"Linandelle, plus que du linge, l&#039;essentiel","publisher":{"@id":"https:\/\/linandelle.com\/fr\/#organization"},"potentialAction":[{"@type":"SearchAction","target":{"@type":"EntryPoint","urlTemplate":"https:\/\/linandelle.com\/fr\/?s={search_term_string}"},"query-input":{"@type":"PropertyValueSpecification","valueRequired":true,"valueName":"search_term_string"}}],"inLanguage":"fr-FR"},{"@type":"Organization","@id":"https:\/\/linandelle.com\/fr\/#organization","name":"Linandelle","url":"https:\/\/linandelle.com\/fr\/","logo":{"@type":"ImageObject","inLanguage":"fr-FR","@id":"https:\/\/linandelle.com\/fr\/#\/schema\/logo\/image\/","url":"https:\/\/linandelle.com\/wp-content\/uploads\/2022\/03\/logo-linandelle.jpg","contentUrl":"https:\/\/linandelle.com\/wp-content\/uploads\/2022\/03\/logo-linandelle.jpg","width":739,"height":738,"caption":"Linandelle"},"image":{"@id":"https:\/\/linandelle.com\/fr\/#\/schema\/logo\/image\/"},"sameAs":["https:\/\/www.facebook.com\/Linandelle","https:\/\/www.instagram.com\/linandelle\/","https:\/\/www.linkedin.com\/company\/18483801\/admin\/dashboard\/","https:\/\/www.pinterest.fr\/linandelle\/_created\/","https:\/\/www.youtube.com\/@linandellecharleval1016"],"email":"contact@linandelle.com","telephone":"0232687800","legalName":"SARL DU PONT DES JARDINS","vatID":"FR27448856641","taxID":"44885664100015","numberOfEmployees":{"@type":"QuantitativeValue","minValue":"1","maxValue":"10"}}]}},"_links":{"self":[{"href":"https:\/\/linandelle.com\/fr\/wp-json\/wp\/v2\/product\/28748","targetHints":{"allow":["GET"]}}],"collection":[{"href":"https:\/\/linandelle.com\/fr\/wp-json\/wp\/v2\/product"}],"about":[{"href":"https:\/\/linandelle.com\/fr\/wp-json\/wp\/v2\/types\/product"}],"wp:featuredmedia":[{"embeddable":true,"href":"https:\/\/linandelle.com\/fr\/wp-json\/wp\/v2\/media\/28754"}],"wp:attachment":[{"href":"https:\/\/linandelle.com\/fr\/wp-json\/wp\/v2\/media?parent=28748"}],"wp:term":[{"taxonomy":"product_brand","embeddable":true,"href":"https:\/\/linandelle.com\/fr\/wp-json\/wp\/v2\/product_brand?post=28748"},{"taxonomy":"product_cat","embeddable":true,"href":"https:\/\/linandelle.com\/fr\/wp-json\/wp\/v2\/product_cat?post=28748"},{"taxonomy":"product_tag","embeddable":true,"href":"https:\/\/linandelle.com\/fr\/wp-json\/wp\/v2\/product_tag?post=28748"},{"taxonomy":"woo-feed-brand","embeddable":true,"href":"https:\/\/linandelle.com\/fr\/wp-json\/wp\/v2\/woo-feed-brand?post=28748"}],"curies":[{"name":"wp","href":"https:\/\/api.w.org\/{rel}","templated":true}]}}