{"id":30336,"date":"2022-01-12T17:32:08","date_gmt":"2022-01-12T16:32:08","guid":{"rendered":"https:\/\/linandelle.com\/fr\/?post_type=product&#038;p=30336"},"modified":"2026-04-21T14:50:02","modified_gmt":"2026-04-21T12:50:02","slug":"couette-temperee-375gr-100-naturelle-en-coton-percale","status":"publish","type":"product","link":"https:\/\/linandelle.com\/fr\/produit\/couette-temperee-375gr-100-naturelle-en-coton-percale\/","title":{"rendered":"Couette temp\u00e9r\u00e9e naturelle en coton NATURA"},"content":{"rendered":"<p><strong><u>Couette NATURA :<\/u><\/strong> Vous r\u00eavez de passer des nuits au chaud et dans un cocon naturel ? La couette NATURA est faite pour vous, gr\u00e2ce \u00e0 sa composition 100 % naturelle. <strong>Son garnissage 375gr en \u00a0fibres naturelles de coton permettra \u00e0 votre couette d\u2019\u00eatre plus respirante, r\u00e9sistante, isolante, souple et confortable, <\/strong> La couette Natura est moins lourde que les couettes en fibres creuses ce qui facilitera sa mise en place. <strong>Son enveloppe en coton percale, gage de qualit\u00e9, <\/strong><strong>vous permettra une bonne r\u00e9gulation de la temp\u00e9rature corporelle en hiver comme en \u00e9t\u00e9, ainsi qu\u2019une douceur et une sensation de bien \u00eatre in\u00e9gal\u00e9e.<\/strong> Elle est sans doute la meilleure alli\u00e9e de vos douces nuits<\/p>\n<h5>Caract\u00e9ristiques de la couette NATURA:<\/h5>\n<p>Enveloppe naturelle en\u00a0 percale de coton Garnissage : 100% coton 375GR Entretien : Lavage \u00e0 60\u00b0C Fabrication en U.E par Linandelle, normes Oeko Tex. Couleur : blanc Tailles : 140&#215;200 cm , 200x200cm, 240&#215;220 cm, 260&#215;240 cm, 280&#215;240 cm Dans le m\u00eame esprit, d\u00e9couvrez \u00e9galement<a href=\"https:\/\/linandelle.com\/fr\/produit\/couette-chaude-hiver-600gr-satin-de-coton\/\"> la couette hiver 600gr SATIN<\/a> En savoir plus: &#8211; Couette 100% naturelle &#8211; Couette coton &#8211; Couette enveloppe coton percale &#8211; Couette 375gr m\u00b2 &#8211; Couette adulte.<\/p>\n","protected":false},"excerpt":{"rendered":"<p>Couette NATURA : Vous r\u00eavez de passer des nuits au chaud et dans un cocon naturel ? La couette NATURA est faite pour vous, gr\u00e2ce \u00e0 sa composition 100 % naturelle. Son garnissage 375gr en \u00a0fibres naturelles de coton permettra \u00e0 votre couette d\u2019\u00eatre plus respirante, r\u00e9sistante, isolante, souple et confortable, La couette Natura est [&hellip;]<\/p>\n","protected":false},"featured_media":35607,"template":"","meta":{"_et_pb_use_builder":"off","_et_pb_old_content":"<strong><u>Couette NATURA :<\/u><\/strong>\r\n\r\nVous r\u00eavez de passer des nuits au chaud et dans un cocon naturel ? La couette NATURA est faite pour vous, gr\u00e2ce \u00e0 sa composition 100 % naturelle.\r\n\r\n<strong>Son garnissage 375gr en \u00a0fibres naturelles de coton permettra \u00e0 votre couette d\u2019\u00eatre plus respirante, r\u00e9sistante, isolante, souple et confortable, <\/strong>\r\n\r\nLa couette Natura est moins lourde que les couettes en fibres creuses ce qui facilitera sa mise en place.\r\n\r\n<strong>Son enveloppe en coton percale, gage de qualit\u00e9, <\/strong><strong>vous permettra une bonne r\u00e9gulation de la temp\u00e9rature corporelle en hiver comme en \u00e9t\u00e9, ainsi qu\u2019une douceur et une sensation de bien \u00eatre in\u00e9gal\u00e9e.<\/strong>\r\n\r\nElle est sans doute la meilleure alli\u00e9e de vos douces nuits\r\n<h5>Caract\u00e9ristiques de la couette NATURA:<\/h5>\r\nEnveloppe naturelle en\u00a0 percale de coton\r\nGarnissage : 100% coton 375GR\r\nEntretien : Lavage \u00e0 60\u00b0C\r\n\r\nFabrication en U.E par Linandelle, normes Oeko Tex.\r\n\r\nCouleur : blanc\r\nTailles : 140x200 cm , 200x200cm, 240x220 cm, 260x240 cm, 280x240 cm\r\n\r\nDans le m\u00eame esprit, d\u00e9couvrez \u00e9galement<a href=\"https:\/\/linandelle.com\/fr\/produit\/couette-chaude-hiver-600gr-satin-de-coton\/\"> la couette hiver 600gr SATIN<\/a>\r\n\r\nEn savoir plus:\r\n\r\n- Couette 100% naturelle\r\n\r\n- Couette coton\r\n\r\n- Couette enveloppe coton percale\r\n\r\n- Couette 375gr m\u00b2\r\n\r\n- Couette adulte.","_et_gb_content_width":""},"product_brand":[710],"product_cat":[183,713,24,708],"product_tag":[],"woo-feed-brand":[],"class_list":{"0":"post-30336","1":"product","2":"type-product","3":"status-publish","4":"has-post-thumbnail","6":"product_brand-linandelle","7":"product_cat-couettes-toutes-saisons","8":"product_cat-selection-hiver","9":"product_cat-linge-de-lit","10":"product_cat-selection-rentree","11":"tm-no-options","13":"first","14":"instock","15":"featured","16":"taxable","17":"shipping-taxable","18":"purchasable","19":"product-type-variable","20":"has-default-attributes"},"yoast_head":"<!-- This site is optimized with the Yoast SEO Premium plugin v27.4 (Yoast SEO v27.4) - https:\/\/yoast.com\/product\/yoast-seo-premium-wordpress\/ -->\n<title>Couette naturelle temp\u00e9r\u00e9e 375gr 100% coton percale NATURA<\/title>\n<meta name=\"description\" content=\"Couette temp\u00e9r\u00e9e 375gr, 100% naturelle en percale de coton, tr\u00e8s respectueuse de l\u2019environnement, elle accompagnera vos nuits pour l&#039;ann\u00e9e.\" \/>\n<meta name=\"robots\" content=\"index, follow, max-snippet:-1, max-image-preview:large, max-video-preview:-1\" \/>\n<link rel=\"canonical\" href=\"https:\/\/linandelle.com\/fr\/produit\/couette-temperee-375gr-100-naturelle-en-coton-percale\/\" \/>\n<meta property=\"og:locale\" content=\"fr_FR\" \/>\n<meta property=\"og:type\" content=\"article\" \/>\n<meta property=\"og:title\" content=\"Couette naturelle temp\u00e9r\u00e9e 375gr 100% coton percale NATURA\" \/>\n<meta property=\"og:description\" content=\"Couette temp\u00e9r\u00e9e 375gr, 100% naturelle en percale de coton, tr\u00e8s respectueuse de l\u2019environnement, elle accompagnera vos nuits pour l&#039;ann\u00e9e.\" \/>\n<meta property=\"og:url\" content=\"https:\/\/linandelle.com\/fr\/produit\/couette-temperee-375gr-100-naturelle-en-coton-percale\/\" \/>\n<meta property=\"og:site_name\" content=\"Linandelle\" \/>\n<meta property=\"article:publisher\" content=\"https:\/\/www.facebook.com\/Linandelle\" \/>\n<meta property=\"article:modified_time\" content=\"2026-04-21T12:50:02+00:00\" \/>\n<meta property=\"og:image\" content=\"https:\/\/linandelle.com\/wp-content\/uploads\/2022\/01\/image-5_4-copie.jpg\" \/>\n\t<meta property=\"og:image:width\" content=\"1200\" \/>\n\t<meta property=\"og:image:height\" content=\"1200\" \/>\n\t<meta property=\"og:image:type\" content=\"image\/jpeg\" \/>\n<meta name=\"twitter:card\" content=\"summary_large_image\" \/>\n<meta name=\"twitter:label1\" content=\"Dur\u00e9e de lecture estim\u00e9e\" \/>\n\t<meta name=\"twitter:data1\" content=\"2 minutes\" \/>\n<script type=\"application\/ld+json\" class=\"yoast-schema-graph\">{\"@context\":\"https:\\\/\\\/schema.org\",\"@graph\":[{\"@type\":\"WebPage\",\"@id\":\"https:\\\/\\\/linandelle.com\\\/fr\\\/produit\\\/couette-temperee-375gr-100-naturelle-en-coton-percale\\\/\",\"url\":\"https:\\\/\\\/linandelle.com\\\/fr\\\/produit\\\/couette-temperee-375gr-100-naturelle-en-coton-percale\\\/\",\"name\":\"Couette naturelle temp\u00e9r\u00e9e 375gr 100% coton percale NATURA\",\"isPartOf\":{\"@id\":\"https:\\\/\\\/linandelle.com\\\/fr\\\/#website\"},\"primaryImageOfPage\":{\"@id\":\"https:\\\/\\\/linandelle.com\\\/fr\\\/produit\\\/couette-temperee-375gr-100-naturelle-en-coton-percale\\\/#primaryimage\"},\"image\":{\"@id\":\"https:\\\/\\\/linandelle.com\\\/fr\\\/produit\\\/couette-temperee-375gr-100-naturelle-en-coton-percale\\\/#primaryimage\"},\"thumbnailUrl\":\"https:\\\/\\\/linandelle.com\\\/wp-content\\\/uploads\\\/2022\\\/01\\\/image-5_4-copie.jpg\",\"datePublished\":\"2022-01-12T16:32:08+00:00\",\"dateModified\":\"2026-04-21T12:50:02+00:00\",\"description\":\"Couette temp\u00e9r\u00e9e 375gr, 100% naturelle en percale de coton, tr\u00e8s respectueuse de l\u2019environnement, elle accompagnera vos nuits pour l'ann\u00e9e.\",\"breadcrumb\":{\"@id\":\"https:\\\/\\\/linandelle.com\\\/fr\\\/produit\\\/couette-temperee-375gr-100-naturelle-en-coton-percale\\\/#breadcrumb\"},\"inLanguage\":\"fr-FR\",\"potentialAction\":[{\"@type\":\"ReadAction\",\"target\":[\"https:\\\/\\\/linandelle.com\\\/fr\\\/produit\\\/couette-temperee-375gr-100-naturelle-en-coton-percale\\\/\"]}]},{\"@type\":\"ImageObject\",\"inLanguage\":\"fr-FR\",\"@id\":\"https:\\\/\\\/linandelle.com\\\/fr\\\/produit\\\/couette-temperee-375gr-100-naturelle-en-coton-percale\\\/#primaryimage\",\"url\":\"https:\\\/\\\/linandelle.com\\\/wp-content\\\/uploads\\\/2022\\\/01\\\/image-5_4-copie.jpg\",\"contentUrl\":\"https:\\\/\\\/linandelle.com\\\/wp-content\\\/uploads\\\/2022\\\/01\\\/image-5_4-copie.jpg\",\"width\":1200,\"height\":1200,\"caption\":\"couette natura ambiance\"},{\"@type\":\"BreadcrumbList\",\"@id\":\"https:\\\/\\\/linandelle.com\\\/fr\\\/produit\\\/couette-temperee-375gr-100-naturelle-en-coton-percale\\\/#breadcrumb\",\"itemListElement\":[{\"@type\":\"ListItem\",\"position\":1,\"name\":\"Produits\",\"item\":\"https:\\\/\\\/linandelle.com\\\/fr\\\/shop\\\/\"},{\"@type\":\"ListItem\",\"position\":2,\"name\":\"Couette temp\u00e9r\u00e9e naturelle en coton NATURA\"}]},{\"@type\":\"WebSite\",\"@id\":\"https:\\\/\\\/linandelle.com\\\/fr\\\/#website\",\"url\":\"https:\\\/\\\/linandelle.com\\\/fr\\\/\",\"name\":\"Linandelle\",\"description\":\"Linandelle, plus que du linge, l&#039;essentiel\",\"publisher\":{\"@id\":\"https:\\\/\\\/linandelle.com\\\/fr\\\/#organization\"},\"potentialAction\":[{\"@type\":\"SearchAction\",\"target\":{\"@type\":\"EntryPoint\",\"urlTemplate\":\"https:\\\/\\\/linandelle.com\\\/fr\\\/?s={search_term_string}\"},\"query-input\":{\"@type\":\"PropertyValueSpecification\",\"valueRequired\":true,\"valueName\":\"search_term_string\"}}],\"inLanguage\":\"fr-FR\"},{\"@type\":\"Organization\",\"@id\":\"https:\\\/\\\/linandelle.com\\\/fr\\\/#organization\",\"name\":\"Linandelle\",\"url\":\"https:\\\/\\\/linandelle.com\\\/fr\\\/\",\"logo\":{\"@type\":\"ImageObject\",\"inLanguage\":\"fr-FR\",\"@id\":\"https:\\\/\\\/linandelle.com\\\/fr\\\/#\\\/schema\\\/logo\\\/image\\\/\",\"url\":\"https:\\\/\\\/linandelle.com\\\/wp-content\\\/uploads\\\/2022\\\/03\\\/logo-linandelle.jpg\",\"contentUrl\":\"https:\\\/\\\/linandelle.com\\\/wp-content\\\/uploads\\\/2022\\\/03\\\/logo-linandelle.jpg\",\"width\":739,\"height\":738,\"caption\":\"Linandelle\"},\"image\":{\"@id\":\"https:\\\/\\\/linandelle.com\\\/fr\\\/#\\\/schema\\\/logo\\\/image\\\/\"},\"sameAs\":[\"https:\\\/\\\/www.facebook.com\\\/Linandelle\",\"https:\\\/\\\/www.instagram.com\\\/linandelle\\\/\",\"https:\\\/\\\/www.linkedin.com\\\/company\\\/18483801\\\/admin\\\/dashboard\\\/\",\"https:\\\/\\\/www.pinterest.fr\\\/linandelle\\\/_created\\\/\",\"https:\\\/\\\/www.youtube.com\\\/@linandellecharleval1016\"],\"email\":\"contact@linandelle.com\",\"telephone\":\"0232687800\",\"legalName\":\"SARL DU PONT DES JARDINS\",\"vatID\":\"FR27448856641\",\"taxID\":\"44885664100015\",\"numberOfEmployees\":{\"@type\":\"QuantitativeValue\",\"minValue\":\"1\",\"maxValue\":\"10\"}}]}<\/script>\n<!-- \/ Yoast SEO Premium plugin. -->","yoast_head_json":{"title":"Couette naturelle temp\u00e9r\u00e9e 375gr 100% coton percale NATURA","description":"Couette temp\u00e9r\u00e9e 375gr, 100% naturelle en percale de coton, tr\u00e8s respectueuse de l\u2019environnement, elle accompagnera vos nuits pour l'ann\u00e9e.","robots":{"index":"index","follow":"follow","max-snippet":"max-snippet:-1","max-image-preview":"max-image-preview:large","max-video-preview":"max-video-preview:-1"},"canonical":"https:\/\/linandelle.com\/fr\/produit\/couette-temperee-375gr-100-naturelle-en-coton-percale\/","og_locale":"fr_FR","og_type":"article","og_title":"Couette naturelle temp\u00e9r\u00e9e 375gr 100% coton percale NATURA","og_description":"Couette temp\u00e9r\u00e9e 375gr, 100% naturelle en percale de coton, tr\u00e8s respectueuse de l\u2019environnement, elle accompagnera vos nuits pour l'ann\u00e9e.","og_url":"https:\/\/linandelle.com\/fr\/produit\/couette-temperee-375gr-100-naturelle-en-coton-percale\/","og_site_name":"Linandelle","article_publisher":"https:\/\/www.facebook.com\/Linandelle","article_modified_time":"2026-04-21T12:50:02+00:00","og_image":[{"width":1200,"height":1200,"url":"https:\/\/linandelle.com\/wp-content\/uploads\/2022\/01\/image-5_4-copie.jpg","type":"image\/jpeg"}],"twitter_card":"summary_large_image","twitter_misc":{"Dur\u00e9e de lecture estim\u00e9e":"2 minutes"},"schema":{"@context":"https:\/\/schema.org","@graph":[{"@type":"WebPage","@id":"https:\/\/linandelle.com\/fr\/produit\/couette-temperee-375gr-100-naturelle-en-coton-percale\/","url":"https:\/\/linandelle.com\/fr\/produit\/couette-temperee-375gr-100-naturelle-en-coton-percale\/","name":"Couette naturelle temp\u00e9r\u00e9e 375gr 100% coton percale NATURA","isPartOf":{"@id":"https:\/\/linandelle.com\/fr\/#website"},"primaryImageOfPage":{"@id":"https:\/\/linandelle.com\/fr\/produit\/couette-temperee-375gr-100-naturelle-en-coton-percale\/#primaryimage"},"image":{"@id":"https:\/\/linandelle.com\/fr\/produit\/couette-temperee-375gr-100-naturelle-en-coton-percale\/#primaryimage"},"thumbnailUrl":"https:\/\/linandelle.com\/wp-content\/uploads\/2022\/01\/image-5_4-copie.jpg","datePublished":"2022-01-12T16:32:08+00:00","dateModified":"2026-04-21T12:50:02+00:00","description":"Couette temp\u00e9r\u00e9e 375gr, 100% naturelle en percale de coton, tr\u00e8s respectueuse de l\u2019environnement, elle accompagnera vos nuits pour l'ann\u00e9e.","breadcrumb":{"@id":"https:\/\/linandelle.com\/fr\/produit\/couette-temperee-375gr-100-naturelle-en-coton-percale\/#breadcrumb"},"inLanguage":"fr-FR","potentialAction":[{"@type":"ReadAction","target":["https:\/\/linandelle.com\/fr\/produit\/couette-temperee-375gr-100-naturelle-en-coton-percale\/"]}]},{"@type":"ImageObject","inLanguage":"fr-FR","@id":"https:\/\/linandelle.com\/fr\/produit\/couette-temperee-375gr-100-naturelle-en-coton-percale\/#primaryimage","url":"https:\/\/linandelle.com\/wp-content\/uploads\/2022\/01\/image-5_4-copie.jpg","contentUrl":"https:\/\/linandelle.com\/wp-content\/uploads\/2022\/01\/image-5_4-copie.jpg","width":1200,"height":1200,"caption":"couette natura ambiance"},{"@type":"BreadcrumbList","@id":"https:\/\/linandelle.com\/fr\/produit\/couette-temperee-375gr-100-naturelle-en-coton-percale\/#breadcrumb","itemListElement":[{"@type":"ListItem","position":1,"name":"Produits","item":"https:\/\/linandelle.com\/fr\/shop\/"},{"@type":"ListItem","position":2,"name":"Couette temp\u00e9r\u00e9e naturelle en coton NATURA"}]},{"@type":"WebSite","@id":"https:\/\/linandelle.com\/fr\/#website","url":"https:\/\/linandelle.com\/fr\/","name":"Linandelle","description":"Linandelle, plus que du linge, l&#039;essentiel","publisher":{"@id":"https:\/\/linandelle.com\/fr\/#organization"},"potentialAction":[{"@type":"SearchAction","target":{"@type":"EntryPoint","urlTemplate":"https:\/\/linandelle.com\/fr\/?s={search_term_string}"},"query-input":{"@type":"PropertyValueSpecification","valueRequired":true,"valueName":"search_term_string"}}],"inLanguage":"fr-FR"},{"@type":"Organization","@id":"https:\/\/linandelle.com\/fr\/#organization","name":"Linandelle","url":"https:\/\/linandelle.com\/fr\/","logo":{"@type":"ImageObject","inLanguage":"fr-FR","@id":"https:\/\/linandelle.com\/fr\/#\/schema\/logo\/image\/","url":"https:\/\/linandelle.com\/wp-content\/uploads\/2022\/03\/logo-linandelle.jpg","contentUrl":"https:\/\/linandelle.com\/wp-content\/uploads\/2022\/03\/logo-linandelle.jpg","width":739,"height":738,"caption":"Linandelle"},"image":{"@id":"https:\/\/linandelle.com\/fr\/#\/schema\/logo\/image\/"},"sameAs":["https:\/\/www.facebook.com\/Linandelle","https:\/\/www.instagram.com\/linandelle\/","https:\/\/www.linkedin.com\/company\/18483801\/admin\/dashboard\/","https:\/\/www.pinterest.fr\/linandelle\/_created\/","https:\/\/www.youtube.com\/@linandellecharleval1016"],"email":"contact@linandelle.com","telephone":"0232687800","legalName":"SARL DU PONT DES JARDINS","vatID":"FR27448856641","taxID":"44885664100015","numberOfEmployees":{"@type":"QuantitativeValue","minValue":"1","maxValue":"10"}}]}},"_links":{"self":[{"href":"https:\/\/linandelle.com\/fr\/wp-json\/wp\/v2\/product\/30336","targetHints":{"allow":["GET"]}}],"collection":[{"href":"https:\/\/linandelle.com\/fr\/wp-json\/wp\/v2\/product"}],"about":[{"href":"https:\/\/linandelle.com\/fr\/wp-json\/wp\/v2\/types\/product"}],"wp:featuredmedia":[{"embeddable":true,"href":"https:\/\/linandelle.com\/fr\/wp-json\/wp\/v2\/media\/35607"}],"wp:attachment":[{"href":"https:\/\/linandelle.com\/fr\/wp-json\/wp\/v2\/media?parent=30336"}],"wp:term":[{"taxonomy":"product_brand","embeddable":true,"href":"https:\/\/linandelle.com\/fr\/wp-json\/wp\/v2\/product_brand?post=30336"},{"taxonomy":"product_cat","embeddable":true,"href":"https:\/\/linandelle.com\/fr\/wp-json\/wp\/v2\/product_cat?post=30336"},{"taxonomy":"product_tag","embeddable":true,"href":"https:\/\/linandelle.com\/fr\/wp-json\/wp\/v2\/product_tag?post=30336"},{"taxonomy":"woo-feed-brand","embeddable":true,"href":"https:\/\/linandelle.com\/fr\/wp-json\/wp\/v2\/woo-feed-brand?post=30336"}],"curies":[{"name":"wp","href":"https:\/\/api.w.org\/{rel}","templated":true}]}}