{"id":32018,"date":"2022-05-20T16:00:39","date_gmt":"2022-05-20T14:00:39","guid":{"rendered":"https:\/\/linandelle.com\/fr\/?post_type=product&#038;p=32018"},"modified":"2026-04-29T09:06:58","modified_gmt":"2026-04-29T07:06:58","slug":"tour-de-tete-eponge-480gr-bandeau-made-in-france","status":"publish","type":"product","link":"https:\/\/linandelle.com\/fr\/produit\/tour-de-tete-eponge-480gr-bandeau-made-in-france\/","title":{"rendered":"Tour de t\u00eate coton 480gr \u00e9ponge BANDEAU"},"content":{"rendered":"<h5>Tour de t\u00eate \u00e9ponge BANDEAU<\/h5>\n<p>D\u00e9couvrez ce bandeau \u00e9ponge 480gr m\/\u00b2 avec une attache ajustable de 7cm x 2cm en velcro qui s\u2019adapte \u00e0 votre tour de t\u00eate. Fabriqu\u00e9 en France, ce bandeau \u00e0 cheveux sera votre alli\u00e9 en toute circonstance, pour faire du sport, pour se maquiller, pour vous prot\u00e9ger les bordures de cheveux dans la douche.<\/p>\n<p>Nous avons choisi pour cela un coton bouclette \u00e9ponge doux au contact de la peau, disponibles en plusieurs coloris facilement lavables en machine. Fini les cheveux devant le visage ou qui prennent l&rsquo;eau alors qu&rsquo;ils devraient rester au sec!<\/p>\n<p>Fabriqu\u00e9 en France par notre couturi\u00e8re, ce produit allie praticit\u00e9 et qualit\u00e9 dans le temps.<\/p>\n<h6>Coloris disponible ; Blanc, \u00e9cru, taupe, gris anthracite, noir.<\/h6>\n<h6>Lavage en machine \u00e0 40\u00b0.<\/h6>\n<p>En savoir plus\u00a0:<\/p>\n<p>&#8211; Bandeau absorbant<\/p>\n<p>&#8211; Turban \u00e9ponge 480gr\/m2<\/p>\n<p>&#8211; Garde les cheveux<\/p>\n<p>&#8211; Fabriqu\u00e9 en France<\/p>\n<p>&#8211; Peignoirs assortis.<\/p>\n<p>&nbsp;<\/p>\n","protected":false},"excerpt":{"rendered":"<p>Tour de t\u00eate \u00e9ponge BANDEAU D\u00e9couvrez ce bandeau \u00e9ponge 480gr m\/\u00b2 avec une attache ajustable de 7cm x 2cm en velcro qui s\u2019adapte \u00e0 votre tour de t\u00eate. Fabriqu\u00e9 en France, ce bandeau \u00e0 cheveux sera votre alli\u00e9 en toute circonstance, pour faire du sport, pour se maquiller, pour vous prot\u00e9ger les bordures de cheveux [&hellip;]<\/p>\n","protected":false},"featured_media":32025,"template":"","meta":{"_et_pb_use_builder":"","_et_pb_old_content":"","_et_gb_content_width":""},"product_brand":[710],"product_cat":[697,636,25,279],"product_tag":[],"woo-feed-brand":[],"class_list":{"0":"post-32018","1":"product","2":"type-product","3":"status-publish","4":"has-post-thumbnail","6":"product_brand-linandelle","7":"product_cat-produits-made-in-france","8":"product_cat-noel","9":"product_cat-salle-de-bain","10":"product_cat-serviette-de-toilette","11":"tm-has-options","13":"first","14":"instock","15":"sale","16":"featured","17":"taxable","18":"shipping-taxable","19":"purchasable","20":"product-type-variable"},"yoast_head":"<!-- This site is optimized with the Yoast SEO Premium plugin v27.5 (Yoast SEO v27.5) - https:\/\/yoast.com\/product\/yoast-seo-premium-wordpress\/ -->\n<title>Bandeau tour de t\u00eate en \u00e9ponge absorbante fermeture v\u00e9lcro<\/title>\n<meta name=\"description\" content=\"Bandeau a cheveux fabriqu\u00e9 en France, en mati\u00e8re naturelle et eco-responsable. Ce bandeau est ajustable pour s&#039;adapter \u00e0 votre tour de t\u00eate\" \/>\n<meta name=\"robots\" content=\"index, follow, max-snippet:-1, max-image-preview:large, max-video-preview:-1\" \/>\n<link rel=\"canonical\" href=\"https:\/\/linandelle.com\/fr\/produit\/tour-de-tete-eponge-480gr-bandeau-made-in-france\/\" \/>\n<meta property=\"og:locale\" content=\"fr_FR\" \/>\n<meta property=\"og:type\" content=\"article\" \/>\n<meta property=\"og:title\" content=\"Bandeau tour de t\u00eate en \u00e9ponge absorbante fermeture v\u00e9lcro\" \/>\n<meta property=\"og:description\" content=\"Bandeau a cheveux fabriqu\u00e9 en France, en mati\u00e8re naturelle et eco-responsable. Ce bandeau est ajustable pour s&#039;adapter \u00e0 votre tour de t\u00eate\" \/>\n<meta property=\"og:url\" content=\"https:\/\/linandelle.com\/fr\/produit\/tour-de-tete-eponge-480gr-bandeau-made-in-france\/\" \/>\n<meta property=\"og:site_name\" content=\"Linandelle\" \/>\n<meta property=\"article:publisher\" content=\"https:\/\/www.facebook.com\/Linandelle\" \/>\n<meta property=\"article:modified_time\" content=\"2026-04-29T07:06:58+00:00\" \/>\n<meta property=\"og:image\" content=\"https:\/\/linandelle.com\/wp-content\/uploads\/2022\/05\/taupe-detour.jpg\" \/>\n\t<meta property=\"og:image:width\" content=\"1600\" \/>\n\t<meta property=\"og:image:height\" content=\"1600\" \/>\n\t<meta property=\"og:image:type\" content=\"image\/jpeg\" \/>\n<meta name=\"twitter:card\" content=\"summary_large_image\" \/>\n<meta name=\"twitter:label1\" content=\"Dur\u00e9e de lecture estim\u00e9e\" \/>\n\t<meta name=\"twitter:data1\" content=\"1 minute\" \/>\n<script type=\"application\/ld+json\" class=\"yoast-schema-graph\">{\"@context\":\"https:\\\/\\\/schema.org\",\"@graph\":[{\"@type\":\"WebPage\",\"@id\":\"https:\\\/\\\/linandelle.com\\\/fr\\\/produit\\\/tour-de-tete-eponge-480gr-bandeau-made-in-france\\\/\",\"url\":\"https:\\\/\\\/linandelle.com\\\/fr\\\/produit\\\/tour-de-tete-eponge-480gr-bandeau-made-in-france\\\/\",\"name\":\"Bandeau tour de t\u00eate en \u00e9ponge absorbante fermeture v\u00e9lcro\",\"isPartOf\":{\"@id\":\"https:\\\/\\\/linandelle.com\\\/fr\\\/#website\"},\"primaryImageOfPage\":{\"@id\":\"https:\\\/\\\/linandelle.com\\\/fr\\\/produit\\\/tour-de-tete-eponge-480gr-bandeau-made-in-france\\\/#primaryimage\"},\"image\":{\"@id\":\"https:\\\/\\\/linandelle.com\\\/fr\\\/produit\\\/tour-de-tete-eponge-480gr-bandeau-made-in-france\\\/#primaryimage\"},\"thumbnailUrl\":\"https:\\\/\\\/linandelle.com\\\/wp-content\\\/uploads\\\/2022\\\/05\\\/taupe-detour.jpg\",\"datePublished\":\"2022-05-20T14:00:39+00:00\",\"dateModified\":\"2026-04-29T07:06:58+00:00\",\"description\":\"Bandeau a cheveux fabriqu\u00e9 en France, en mati\u00e8re naturelle et eco-responsable. Ce bandeau est ajustable pour s'adapter \u00e0 votre tour de t\u00eate\",\"breadcrumb\":{\"@id\":\"https:\\\/\\\/linandelle.com\\\/fr\\\/produit\\\/tour-de-tete-eponge-480gr-bandeau-made-in-france\\\/#breadcrumb\"},\"inLanguage\":\"fr-FR\",\"potentialAction\":[{\"@type\":\"ReadAction\",\"target\":[\"https:\\\/\\\/linandelle.com\\\/fr\\\/produit\\\/tour-de-tete-eponge-480gr-bandeau-made-in-france\\\/\"]}]},{\"@type\":\"ImageObject\",\"inLanguage\":\"fr-FR\",\"@id\":\"https:\\\/\\\/linandelle.com\\\/fr\\\/produit\\\/tour-de-tete-eponge-480gr-bandeau-made-in-france\\\/#primaryimage\",\"url\":\"https:\\\/\\\/linandelle.com\\\/wp-content\\\/uploads\\\/2022\\\/05\\\/taupe-detour.jpg\",\"contentUrl\":\"https:\\\/\\\/linandelle.com\\\/wp-content\\\/uploads\\\/2022\\\/05\\\/taupe-detour.jpg\",\"width\":1600,\"height\":1600},{\"@type\":\"BreadcrumbList\",\"@id\":\"https:\\\/\\\/linandelle.com\\\/fr\\\/produit\\\/tour-de-tete-eponge-480gr-bandeau-made-in-france\\\/#breadcrumb\",\"itemListElement\":[{\"@type\":\"ListItem\",\"position\":1,\"name\":\"Produits\",\"item\":\"https:\\\/\\\/linandelle.com\\\/fr\\\/shop\\\/\"},{\"@type\":\"ListItem\",\"position\":2,\"name\":\"Tour de t\u00eate coton 480gr \u00e9ponge BANDEAU\"}]},{\"@type\":\"WebSite\",\"@id\":\"https:\\\/\\\/linandelle.com\\\/fr\\\/#website\",\"url\":\"https:\\\/\\\/linandelle.com\\\/fr\\\/\",\"name\":\"Linandelle\",\"description\":\"Linandelle, plus que du linge, l&#039;essentiel\",\"publisher\":{\"@id\":\"https:\\\/\\\/linandelle.com\\\/fr\\\/#organization\"},\"potentialAction\":[{\"@type\":\"SearchAction\",\"target\":{\"@type\":\"EntryPoint\",\"urlTemplate\":\"https:\\\/\\\/linandelle.com\\\/fr\\\/?s={search_term_string}\"},\"query-input\":{\"@type\":\"PropertyValueSpecification\",\"valueRequired\":true,\"valueName\":\"search_term_string\"}}],\"inLanguage\":\"fr-FR\"},{\"@type\":\"Organization\",\"@id\":\"https:\\\/\\\/linandelle.com\\\/fr\\\/#organization\",\"name\":\"Linandelle\",\"url\":\"https:\\\/\\\/linandelle.com\\\/fr\\\/\",\"logo\":{\"@type\":\"ImageObject\",\"inLanguage\":\"fr-FR\",\"@id\":\"https:\\\/\\\/linandelle.com\\\/fr\\\/#\\\/schema\\\/logo\\\/image\\\/\",\"url\":\"https:\\\/\\\/linandelle.com\\\/wp-content\\\/uploads\\\/2022\\\/03\\\/logo-linandelle.jpg\",\"contentUrl\":\"https:\\\/\\\/linandelle.com\\\/wp-content\\\/uploads\\\/2022\\\/03\\\/logo-linandelle.jpg\",\"width\":739,\"height\":738,\"caption\":\"Linandelle\"},\"image\":{\"@id\":\"https:\\\/\\\/linandelle.com\\\/fr\\\/#\\\/schema\\\/logo\\\/image\\\/\"},\"sameAs\":[\"https:\\\/\\\/www.facebook.com\\\/Linandelle\",\"https:\\\/\\\/www.instagram.com\\\/linandelle\\\/\",\"https:\\\/\\\/www.linkedin.com\\\/company\\\/18483801\\\/admin\\\/dashboard\\\/\",\"https:\\\/\\\/www.pinterest.fr\\\/linandelle\\\/_created\\\/\",\"https:\\\/\\\/www.youtube.com\\\/@linandellecharleval1016\"],\"email\":\"contact@linandelle.com\",\"telephone\":\"0232687800\",\"legalName\":\"SARL DU PONT DES JARDINS\",\"vatID\":\"FR27448856641\",\"taxID\":\"44885664100015\",\"numberOfEmployees\":{\"@type\":\"QuantitativeValue\",\"minValue\":\"1\",\"maxValue\":\"10\"}}]}<\/script>\n<!-- \/ Yoast SEO Premium plugin. -->","yoast_head_json":{"title":"Bandeau tour de t\u00eate en \u00e9ponge absorbante fermeture v\u00e9lcro","description":"Bandeau a cheveux fabriqu\u00e9 en France, en mati\u00e8re naturelle et eco-responsable. Ce bandeau est ajustable pour s'adapter \u00e0 votre tour de t\u00eate","robots":{"index":"index","follow":"follow","max-snippet":"max-snippet:-1","max-image-preview":"max-image-preview:large","max-video-preview":"max-video-preview:-1"},"canonical":"https:\/\/linandelle.com\/fr\/produit\/tour-de-tete-eponge-480gr-bandeau-made-in-france\/","og_locale":"fr_FR","og_type":"article","og_title":"Bandeau tour de t\u00eate en \u00e9ponge absorbante fermeture v\u00e9lcro","og_description":"Bandeau a cheveux fabriqu\u00e9 en France, en mati\u00e8re naturelle et eco-responsable. Ce bandeau est ajustable pour s'adapter \u00e0 votre tour de t\u00eate","og_url":"https:\/\/linandelle.com\/fr\/produit\/tour-de-tete-eponge-480gr-bandeau-made-in-france\/","og_site_name":"Linandelle","article_publisher":"https:\/\/www.facebook.com\/Linandelle","article_modified_time":"2026-04-29T07:06:58+00:00","og_image":[{"width":1600,"height":1600,"url":"https:\/\/linandelle.com\/wp-content\/uploads\/2022\/05\/taupe-detour.jpg","type":"image\/jpeg"}],"twitter_card":"summary_large_image","twitter_misc":{"Dur\u00e9e de lecture estim\u00e9e":"1 minute"},"schema":{"@context":"https:\/\/schema.org","@graph":[{"@type":"WebPage","@id":"https:\/\/linandelle.com\/fr\/produit\/tour-de-tete-eponge-480gr-bandeau-made-in-france\/","url":"https:\/\/linandelle.com\/fr\/produit\/tour-de-tete-eponge-480gr-bandeau-made-in-france\/","name":"Bandeau tour de t\u00eate en \u00e9ponge absorbante fermeture v\u00e9lcro","isPartOf":{"@id":"https:\/\/linandelle.com\/fr\/#website"},"primaryImageOfPage":{"@id":"https:\/\/linandelle.com\/fr\/produit\/tour-de-tete-eponge-480gr-bandeau-made-in-france\/#primaryimage"},"image":{"@id":"https:\/\/linandelle.com\/fr\/produit\/tour-de-tete-eponge-480gr-bandeau-made-in-france\/#primaryimage"},"thumbnailUrl":"https:\/\/linandelle.com\/wp-content\/uploads\/2022\/05\/taupe-detour.jpg","datePublished":"2022-05-20T14:00:39+00:00","dateModified":"2026-04-29T07:06:58+00:00","description":"Bandeau a cheveux fabriqu\u00e9 en France, en mati\u00e8re naturelle et eco-responsable. Ce bandeau est ajustable pour s'adapter \u00e0 votre tour de t\u00eate","breadcrumb":{"@id":"https:\/\/linandelle.com\/fr\/produit\/tour-de-tete-eponge-480gr-bandeau-made-in-france\/#breadcrumb"},"inLanguage":"fr-FR","potentialAction":[{"@type":"ReadAction","target":["https:\/\/linandelle.com\/fr\/produit\/tour-de-tete-eponge-480gr-bandeau-made-in-france\/"]}]},{"@type":"ImageObject","inLanguage":"fr-FR","@id":"https:\/\/linandelle.com\/fr\/produit\/tour-de-tete-eponge-480gr-bandeau-made-in-france\/#primaryimage","url":"https:\/\/linandelle.com\/wp-content\/uploads\/2022\/05\/taupe-detour.jpg","contentUrl":"https:\/\/linandelle.com\/wp-content\/uploads\/2022\/05\/taupe-detour.jpg","width":1600,"height":1600},{"@type":"BreadcrumbList","@id":"https:\/\/linandelle.com\/fr\/produit\/tour-de-tete-eponge-480gr-bandeau-made-in-france\/#breadcrumb","itemListElement":[{"@type":"ListItem","position":1,"name":"Produits","item":"https:\/\/linandelle.com\/fr\/shop\/"},{"@type":"ListItem","position":2,"name":"Tour de t\u00eate coton 480gr \u00e9ponge BANDEAU"}]},{"@type":"WebSite","@id":"https:\/\/linandelle.com\/fr\/#website","url":"https:\/\/linandelle.com\/fr\/","name":"Linandelle","description":"Linandelle, plus que du linge, l&#039;essentiel","publisher":{"@id":"https:\/\/linandelle.com\/fr\/#organization"},"potentialAction":[{"@type":"SearchAction","target":{"@type":"EntryPoint","urlTemplate":"https:\/\/linandelle.com\/fr\/?s={search_term_string}"},"query-input":{"@type":"PropertyValueSpecification","valueRequired":true,"valueName":"search_term_string"}}],"inLanguage":"fr-FR"},{"@type":"Organization","@id":"https:\/\/linandelle.com\/fr\/#organization","name":"Linandelle","url":"https:\/\/linandelle.com\/fr\/","logo":{"@type":"ImageObject","inLanguage":"fr-FR","@id":"https:\/\/linandelle.com\/fr\/#\/schema\/logo\/image\/","url":"https:\/\/linandelle.com\/wp-content\/uploads\/2022\/03\/logo-linandelle.jpg","contentUrl":"https:\/\/linandelle.com\/wp-content\/uploads\/2022\/03\/logo-linandelle.jpg","width":739,"height":738,"caption":"Linandelle"},"image":{"@id":"https:\/\/linandelle.com\/fr\/#\/schema\/logo\/image\/"},"sameAs":["https:\/\/www.facebook.com\/Linandelle","https:\/\/www.instagram.com\/linandelle\/","https:\/\/www.linkedin.com\/company\/18483801\/admin\/dashboard\/","https:\/\/www.pinterest.fr\/linandelle\/_created\/","https:\/\/www.youtube.com\/@linandellecharleval1016"],"email":"contact@linandelle.com","telephone":"0232687800","legalName":"SARL DU PONT DES JARDINS","vatID":"FR27448856641","taxID":"44885664100015","numberOfEmployees":{"@type":"QuantitativeValue","minValue":"1","maxValue":"10"}}]}},"_links":{"self":[{"href":"https:\/\/linandelle.com\/fr\/wp-json\/wp\/v2\/product\/32018","targetHints":{"allow":["GET"]}}],"collection":[{"href":"https:\/\/linandelle.com\/fr\/wp-json\/wp\/v2\/product"}],"about":[{"href":"https:\/\/linandelle.com\/fr\/wp-json\/wp\/v2\/types\/product"}],"wp:featuredmedia":[{"embeddable":true,"href":"https:\/\/linandelle.com\/fr\/wp-json\/wp\/v2\/media\/32025"}],"wp:attachment":[{"href":"https:\/\/linandelle.com\/fr\/wp-json\/wp\/v2\/media?parent=32018"}],"wp:term":[{"taxonomy":"product_brand","embeddable":true,"href":"https:\/\/linandelle.com\/fr\/wp-json\/wp\/v2\/product_brand?post=32018"},{"taxonomy":"product_cat","embeddable":true,"href":"https:\/\/linandelle.com\/fr\/wp-json\/wp\/v2\/product_cat?post=32018"},{"taxonomy":"product_tag","embeddable":true,"href":"https:\/\/linandelle.com\/fr\/wp-json\/wp\/v2\/product_tag?post=32018"},{"taxonomy":"woo-feed-brand","embeddable":true,"href":"https:\/\/linandelle.com\/fr\/wp-json\/wp\/v2\/woo-feed-brand?post=32018"}],"curies":[{"name":"wp","href":"https:\/\/api.w.org\/{rel}","templated":true}]}}