{"id":32031,"date":"2022-05-20T16:51:59","date_gmt":"2022-05-20T14:51:59","guid":{"rendered":"https:\/\/linandelle.com\/fr\/?post_type=product&#038;p=32031"},"modified":"2026-04-21T14:53:11","modified_gmt":"2026-04-21T12:53:11","slug":"tour-de-tete-nid-deponge-bandeau","status":"publish","type":"product","link":"https:\/\/linandelle.com\/fr\/produit\/tour-de-tete-nid-deponge-bandeau\/","title":{"rendered":"Tour de t\u00eate coton 400gr nid d&rsquo;\u00e9ponge BANDEAU"},"content":{"rendered":"<h5>Bandeau \u00e0 cheveux nid d&rsquo;\u00e9ponge BANDEAU<\/h5>\n<p>D\u00e9couvrez ce bandeau nid d&rsquo; \u00e9ponge\u00a0 avec attache en velcro ajustable de 7cm x 2cm qui s\u2019adapte \u00e0 votre tour de t\u00eate. Fabriqu\u00e9 en France, ce bandeau \u00e0 cheveux sera votre alli\u00e9 en toute circonstance, pour faire du sport, pour se maquiller, pour vous prot\u00e9ger les bordures de cheveux dans la douche.<\/p>\n<p>Nous avons choisi une mati\u00e8re double face, le nid d&rsquo;\u00e9ponge, compos\u00e9 d&rsquo;un cot\u00e9 en \u00e9ponge douce et absorbante, cot\u00e9 peau, qui absorbe les exc\u00e8s d&rsquo;eau ou prot\u00e8ge simplement vos cheveux. La face visible est compos\u00e9e en nid d&rsquo;abeille, raffin\u00e9e, et tr\u00e8s pratique puisque les fils du nid d&rsquo;abeille ne s&rsquo;effilochent pas m\u00eame si vous les frottez avec votre bague!<\/p>\n<p>Fabriqu\u00e9 en France par nos couturi\u00e8res, ce produit allie donc praticit\u00e9 et qualit\u00e9 dans le temps.<\/p>\n<h6>Coloris disponible ; Blanc, \u00e9cru, taupe, gris anthracite,<\/h6>\n<h6>Lavage en machine \u00e0 40\u00b0.<\/h6>\n<p>En savoir plus\u00a0:<\/p>\n<p>&#8211; Bandeau absorbant<\/p>\n<p>&#8211; Turban nid d&rsquo;\u00e9ponge 400gr\/m2<\/p>\n<p>&#8211; Tour de t\u00eate nid d&rsquo;\u00e9ponge<\/p>\n<p>&#8211; Fabriqu\u00e9 en France<\/p>\n<p>&#8211; Peignoir assortis.<\/p>\n","protected":false},"excerpt":{"rendered":"<p>Bandeau \u00e0 cheveux nid d&rsquo;\u00e9ponge BANDEAU D\u00e9couvrez ce bandeau nid d&rsquo; \u00e9ponge\u00a0 avec attache en velcro ajustable de 7cm x 2cm qui s\u2019adapte \u00e0 votre tour de t\u00eate. Fabriqu\u00e9 en France, ce bandeau \u00e0 cheveux sera votre alli\u00e9 en toute circonstance, pour faire du sport, pour se maquiller, pour vous prot\u00e9ger les bordures de cheveux [&hellip;]<\/p>\n","protected":false},"featured_media":32037,"template":"","meta":{"_et_pb_use_builder":"","_et_pb_old_content":"","_et_gb_content_width":""},"product_brand":[710],"product_cat":[697,25,279],"product_tag":[],"woo-feed-brand":[],"class_list":{"0":"post-32031","1":"product","2":"type-product","3":"status-publish","4":"has-post-thumbnail","6":"product_brand-linandelle","7":"product_cat-produits-made-in-france","8":"product_cat-salle-de-bain","9":"product_cat-serviette-de-toilette","10":"tm-has-options","12":"first","13":"instock","14":"featured","15":"taxable","16":"shipping-taxable","17":"purchasable","18":"product-type-variable"},"yoast_head":"<!-- This site is optimized with the Yoast SEO Premium plugin v27.4 (Yoast SEO v27.4) - https:\/\/yoast.com\/product\/yoast-seo-premium-wordpress\/ -->\n<title>Bandeau \u00e0 cheveux ou tour de t\u00eate fermeture velcro<\/title>\n<meta name=\"description\" content=\"Tour de t\u00eate nid d&#039;\u00e9ponge Bandeau \u00e0 cheveux fabriqu\u00e9 en France, absorbant et ajustable avec une bande v\u00e9lcro\" \/>\n<meta name=\"robots\" content=\"index, follow, max-snippet:-1, max-image-preview:large, max-video-preview:-1\" \/>\n<link rel=\"canonical\" href=\"https:\/\/linandelle.com\/fr\/produit\/tour-de-tete-nid-deponge-bandeau\/\" \/>\n<meta property=\"og:locale\" content=\"fr_FR\" \/>\n<meta property=\"og:type\" content=\"article\" \/>\n<meta property=\"og:title\" content=\"Bandeau \u00e0 cheveux ou tour de t\u00eate fermeture velcro\" \/>\n<meta property=\"og:description\" content=\"Tour de t\u00eate nid d&#039;\u00e9ponge Bandeau \u00e0 cheveux fabriqu\u00e9 en France, absorbant et ajustable avec une bande v\u00e9lcro\" \/>\n<meta property=\"og:url\" content=\"https:\/\/linandelle.com\/fr\/produit\/tour-de-tete-nid-deponge-bandeau\/\" \/>\n<meta property=\"og:site_name\" content=\"Linandelle\" \/>\n<meta property=\"article:publisher\" content=\"https:\/\/www.facebook.com\/Linandelle\" \/>\n<meta property=\"article:modified_time\" content=\"2026-04-21T12:53:11+00:00\" \/>\n<meta property=\"og:image\" content=\"https:\/\/linandelle.com\/wp-content\/uploads\/2022\/05\/taupe-detour-1.jpg\" \/>\n\t<meta property=\"og:image:width\" content=\"1600\" \/>\n\t<meta property=\"og:image:height\" content=\"1600\" \/>\n\t<meta property=\"og:image:type\" content=\"image\/jpeg\" \/>\n<meta name=\"twitter:card\" content=\"summary_large_image\" \/>\n<meta name=\"twitter:label1\" content=\"Dur\u00e9e de lecture estim\u00e9e\" \/>\n\t<meta name=\"twitter:data1\" content=\"2 minutes\" \/>\n<script type=\"application\/ld+json\" class=\"yoast-schema-graph\">{\"@context\":\"https:\\\/\\\/schema.org\",\"@graph\":[{\"@type\":\"WebPage\",\"@id\":\"https:\\\/\\\/linandelle.com\\\/fr\\\/produit\\\/tour-de-tete-nid-deponge-bandeau\\\/\",\"url\":\"https:\\\/\\\/linandelle.com\\\/fr\\\/produit\\\/tour-de-tete-nid-deponge-bandeau\\\/\",\"name\":\"Bandeau \u00e0 cheveux ou tour de t\u00eate fermeture velcro\",\"isPartOf\":{\"@id\":\"https:\\\/\\\/linandelle.com\\\/fr\\\/#website\"},\"primaryImageOfPage\":{\"@id\":\"https:\\\/\\\/linandelle.com\\\/fr\\\/produit\\\/tour-de-tete-nid-deponge-bandeau\\\/#primaryimage\"},\"image\":{\"@id\":\"https:\\\/\\\/linandelle.com\\\/fr\\\/produit\\\/tour-de-tete-nid-deponge-bandeau\\\/#primaryimage\"},\"thumbnailUrl\":\"https:\\\/\\\/linandelle.com\\\/wp-content\\\/uploads\\\/2022\\\/05\\\/taupe-detour-1.jpg\",\"datePublished\":\"2022-05-20T14:51:59+00:00\",\"dateModified\":\"2026-04-21T12:53:11+00:00\",\"description\":\"Tour de t\u00eate nid d'\u00e9ponge Bandeau \u00e0 cheveux fabriqu\u00e9 en France, absorbant et ajustable avec une bande v\u00e9lcro\",\"breadcrumb\":{\"@id\":\"https:\\\/\\\/linandelle.com\\\/fr\\\/produit\\\/tour-de-tete-nid-deponge-bandeau\\\/#breadcrumb\"},\"inLanguage\":\"fr-FR\",\"potentialAction\":[{\"@type\":\"ReadAction\",\"target\":[\"https:\\\/\\\/linandelle.com\\\/fr\\\/produit\\\/tour-de-tete-nid-deponge-bandeau\\\/\"]}]},{\"@type\":\"ImageObject\",\"inLanguage\":\"fr-FR\",\"@id\":\"https:\\\/\\\/linandelle.com\\\/fr\\\/produit\\\/tour-de-tete-nid-deponge-bandeau\\\/#primaryimage\",\"url\":\"https:\\\/\\\/linandelle.com\\\/wp-content\\\/uploads\\\/2022\\\/05\\\/taupe-detour-1.jpg\",\"contentUrl\":\"https:\\\/\\\/linandelle.com\\\/wp-content\\\/uploads\\\/2022\\\/05\\\/taupe-detour-1.jpg\",\"width\":1600,\"height\":1600},{\"@type\":\"BreadcrumbList\",\"@id\":\"https:\\\/\\\/linandelle.com\\\/fr\\\/produit\\\/tour-de-tete-nid-deponge-bandeau\\\/#breadcrumb\",\"itemListElement\":[{\"@type\":\"ListItem\",\"position\":1,\"name\":\"Produits\",\"item\":\"https:\\\/\\\/linandelle.com\\\/fr\\\/shop\\\/\"},{\"@type\":\"ListItem\",\"position\":2,\"name\":\"Tour de t\u00eate coton 400gr nid d&rsquo;\u00e9ponge BANDEAU\"}]},{\"@type\":\"WebSite\",\"@id\":\"https:\\\/\\\/linandelle.com\\\/fr\\\/#website\",\"url\":\"https:\\\/\\\/linandelle.com\\\/fr\\\/\",\"name\":\"Linandelle\",\"description\":\"Linandelle, plus que du linge, l&#039;essentiel\",\"publisher\":{\"@id\":\"https:\\\/\\\/linandelle.com\\\/fr\\\/#organization\"},\"potentialAction\":[{\"@type\":\"SearchAction\",\"target\":{\"@type\":\"EntryPoint\",\"urlTemplate\":\"https:\\\/\\\/linandelle.com\\\/fr\\\/?s={search_term_string}\"},\"query-input\":{\"@type\":\"PropertyValueSpecification\",\"valueRequired\":true,\"valueName\":\"search_term_string\"}}],\"inLanguage\":\"fr-FR\"},{\"@type\":\"Organization\",\"@id\":\"https:\\\/\\\/linandelle.com\\\/fr\\\/#organization\",\"name\":\"Linandelle\",\"url\":\"https:\\\/\\\/linandelle.com\\\/fr\\\/\",\"logo\":{\"@type\":\"ImageObject\",\"inLanguage\":\"fr-FR\",\"@id\":\"https:\\\/\\\/linandelle.com\\\/fr\\\/#\\\/schema\\\/logo\\\/image\\\/\",\"url\":\"https:\\\/\\\/linandelle.com\\\/wp-content\\\/uploads\\\/2022\\\/03\\\/logo-linandelle.jpg\",\"contentUrl\":\"https:\\\/\\\/linandelle.com\\\/wp-content\\\/uploads\\\/2022\\\/03\\\/logo-linandelle.jpg\",\"width\":739,\"height\":738,\"caption\":\"Linandelle\"},\"image\":{\"@id\":\"https:\\\/\\\/linandelle.com\\\/fr\\\/#\\\/schema\\\/logo\\\/image\\\/\"},\"sameAs\":[\"https:\\\/\\\/www.facebook.com\\\/Linandelle\",\"https:\\\/\\\/www.instagram.com\\\/linandelle\\\/\",\"https:\\\/\\\/www.linkedin.com\\\/company\\\/18483801\\\/admin\\\/dashboard\\\/\",\"https:\\\/\\\/www.pinterest.fr\\\/linandelle\\\/_created\\\/\",\"https:\\\/\\\/www.youtube.com\\\/@linandellecharleval1016\"],\"email\":\"contact@linandelle.com\",\"telephone\":\"0232687800\",\"legalName\":\"SARL DU PONT DES JARDINS\",\"vatID\":\"FR27448856641\",\"taxID\":\"44885664100015\",\"numberOfEmployees\":{\"@type\":\"QuantitativeValue\",\"minValue\":\"1\",\"maxValue\":\"10\"}}]}<\/script>\n<!-- \/ Yoast SEO Premium plugin. -->","yoast_head_json":{"title":"Bandeau \u00e0 cheveux ou tour de t\u00eate fermeture velcro","description":"Tour de t\u00eate nid d'\u00e9ponge Bandeau \u00e0 cheveux fabriqu\u00e9 en France, absorbant et ajustable avec une bande v\u00e9lcro","robots":{"index":"index","follow":"follow","max-snippet":"max-snippet:-1","max-image-preview":"max-image-preview:large","max-video-preview":"max-video-preview:-1"},"canonical":"https:\/\/linandelle.com\/fr\/produit\/tour-de-tete-nid-deponge-bandeau\/","og_locale":"fr_FR","og_type":"article","og_title":"Bandeau \u00e0 cheveux ou tour de t\u00eate fermeture velcro","og_description":"Tour de t\u00eate nid d'\u00e9ponge Bandeau \u00e0 cheveux fabriqu\u00e9 en France, absorbant et ajustable avec une bande v\u00e9lcro","og_url":"https:\/\/linandelle.com\/fr\/produit\/tour-de-tete-nid-deponge-bandeau\/","og_site_name":"Linandelle","article_publisher":"https:\/\/www.facebook.com\/Linandelle","article_modified_time":"2026-04-21T12:53:11+00:00","og_image":[{"width":1600,"height":1600,"url":"https:\/\/linandelle.com\/wp-content\/uploads\/2022\/05\/taupe-detour-1.jpg","type":"image\/jpeg"}],"twitter_card":"summary_large_image","twitter_misc":{"Dur\u00e9e de lecture estim\u00e9e":"2 minutes"},"schema":{"@context":"https:\/\/schema.org","@graph":[{"@type":"WebPage","@id":"https:\/\/linandelle.com\/fr\/produit\/tour-de-tete-nid-deponge-bandeau\/","url":"https:\/\/linandelle.com\/fr\/produit\/tour-de-tete-nid-deponge-bandeau\/","name":"Bandeau \u00e0 cheveux ou tour de t\u00eate fermeture velcro","isPartOf":{"@id":"https:\/\/linandelle.com\/fr\/#website"},"primaryImageOfPage":{"@id":"https:\/\/linandelle.com\/fr\/produit\/tour-de-tete-nid-deponge-bandeau\/#primaryimage"},"image":{"@id":"https:\/\/linandelle.com\/fr\/produit\/tour-de-tete-nid-deponge-bandeau\/#primaryimage"},"thumbnailUrl":"https:\/\/linandelle.com\/wp-content\/uploads\/2022\/05\/taupe-detour-1.jpg","datePublished":"2022-05-20T14:51:59+00:00","dateModified":"2026-04-21T12:53:11+00:00","description":"Tour de t\u00eate nid d'\u00e9ponge Bandeau \u00e0 cheveux fabriqu\u00e9 en France, absorbant et ajustable avec une bande v\u00e9lcro","breadcrumb":{"@id":"https:\/\/linandelle.com\/fr\/produit\/tour-de-tete-nid-deponge-bandeau\/#breadcrumb"},"inLanguage":"fr-FR","potentialAction":[{"@type":"ReadAction","target":["https:\/\/linandelle.com\/fr\/produit\/tour-de-tete-nid-deponge-bandeau\/"]}]},{"@type":"ImageObject","inLanguage":"fr-FR","@id":"https:\/\/linandelle.com\/fr\/produit\/tour-de-tete-nid-deponge-bandeau\/#primaryimage","url":"https:\/\/linandelle.com\/wp-content\/uploads\/2022\/05\/taupe-detour-1.jpg","contentUrl":"https:\/\/linandelle.com\/wp-content\/uploads\/2022\/05\/taupe-detour-1.jpg","width":1600,"height":1600},{"@type":"BreadcrumbList","@id":"https:\/\/linandelle.com\/fr\/produit\/tour-de-tete-nid-deponge-bandeau\/#breadcrumb","itemListElement":[{"@type":"ListItem","position":1,"name":"Produits","item":"https:\/\/linandelle.com\/fr\/shop\/"},{"@type":"ListItem","position":2,"name":"Tour de t\u00eate coton 400gr nid d&rsquo;\u00e9ponge BANDEAU"}]},{"@type":"WebSite","@id":"https:\/\/linandelle.com\/fr\/#website","url":"https:\/\/linandelle.com\/fr\/","name":"Linandelle","description":"Linandelle, plus que du linge, l&#039;essentiel","publisher":{"@id":"https:\/\/linandelle.com\/fr\/#organization"},"potentialAction":[{"@type":"SearchAction","target":{"@type":"EntryPoint","urlTemplate":"https:\/\/linandelle.com\/fr\/?s={search_term_string}"},"query-input":{"@type":"PropertyValueSpecification","valueRequired":true,"valueName":"search_term_string"}}],"inLanguage":"fr-FR"},{"@type":"Organization","@id":"https:\/\/linandelle.com\/fr\/#organization","name":"Linandelle","url":"https:\/\/linandelle.com\/fr\/","logo":{"@type":"ImageObject","inLanguage":"fr-FR","@id":"https:\/\/linandelle.com\/fr\/#\/schema\/logo\/image\/","url":"https:\/\/linandelle.com\/wp-content\/uploads\/2022\/03\/logo-linandelle.jpg","contentUrl":"https:\/\/linandelle.com\/wp-content\/uploads\/2022\/03\/logo-linandelle.jpg","width":739,"height":738,"caption":"Linandelle"},"image":{"@id":"https:\/\/linandelle.com\/fr\/#\/schema\/logo\/image\/"},"sameAs":["https:\/\/www.facebook.com\/Linandelle","https:\/\/www.instagram.com\/linandelle\/","https:\/\/www.linkedin.com\/company\/18483801\/admin\/dashboard\/","https:\/\/www.pinterest.fr\/linandelle\/_created\/","https:\/\/www.youtube.com\/@linandellecharleval1016"],"email":"contact@linandelle.com","telephone":"0232687800","legalName":"SARL DU PONT DES JARDINS","vatID":"FR27448856641","taxID":"44885664100015","numberOfEmployees":{"@type":"QuantitativeValue","minValue":"1","maxValue":"10"}}]}},"_links":{"self":[{"href":"https:\/\/linandelle.com\/fr\/wp-json\/wp\/v2\/product\/32031","targetHints":{"allow":["GET"]}}],"collection":[{"href":"https:\/\/linandelle.com\/fr\/wp-json\/wp\/v2\/product"}],"about":[{"href":"https:\/\/linandelle.com\/fr\/wp-json\/wp\/v2\/types\/product"}],"wp:featuredmedia":[{"embeddable":true,"href":"https:\/\/linandelle.com\/fr\/wp-json\/wp\/v2\/media\/32037"}],"wp:attachment":[{"href":"https:\/\/linandelle.com\/fr\/wp-json\/wp\/v2\/media?parent=32031"}],"wp:term":[{"taxonomy":"product_brand","embeddable":true,"href":"https:\/\/linandelle.com\/fr\/wp-json\/wp\/v2\/product_brand?post=32031"},{"taxonomy":"product_cat","embeddable":true,"href":"https:\/\/linandelle.com\/fr\/wp-json\/wp\/v2\/product_cat?post=32031"},{"taxonomy":"product_tag","embeddable":true,"href":"https:\/\/linandelle.com\/fr\/wp-json\/wp\/v2\/product_tag?post=32031"},{"taxonomy":"woo-feed-brand","embeddable":true,"href":"https:\/\/linandelle.com\/fr\/wp-json\/wp\/v2\/woo-feed-brand?post=32031"}],"curies":[{"name":"wp","href":"https:\/\/api.w.org\/{rel}","templated":true}]}}