{"id":32486,"date":"2022-07-05T14:27:20","date_gmt":"2022-07-05T12:27:20","guid":{"rendered":"https:\/\/linandelle.com\/fr\/?post_type=product&#038;p=32486"},"modified":"2026-04-24T14:36:57","modified_gmt":"2026-04-24T12:36:57","slug":"lot-de-2-essuies-mains-coton-epnge-fabrique-en-france","status":"publish","type":"product","link":"https:\/\/linandelle.com\/fr\/produit\/lot-de-2-essuies-mains-coton-epnge-fabrique-en-france\/","title":{"rendered":"Lot de 2 essuies mains rond  \u00e9ponge 480gr D\u00c9CO"},"content":{"rendered":"<h1><u>Lot de 2 essuies mains coton \u00e9ponge D\u00c9CO<\/u><\/h1>\n<p>Laissez vous tenter par ce lot de 2 torchons en coton \u00e9ponge, fabriqu\u00e9s en <strong>France<\/strong> dans nos ateliers. Tr\u00e8s absorbant et tr\u00e8s doux pour vos mains, cela vient du fait que nous avons choisi \u00e0 la fois un compromis entre une \u00e9ponge dense (480gr\/m2), et une fabrication \u00e0 partir du meilleur coton qui soit, en longues fibres. Notre lot d&rsquo;essuies mains allie donc confort, \u00e9l\u00e9gance et qualit\u00e9, de quoi vous laisser s\u00e9duire.<\/p>\n<div id=\"mainProductDescription\">\n<h5>Caract\u00e9ristiques des essuies mains :<\/h5>\n<ul>\n<li>&#8211; Vendus par lot de 2<\/li>\n<li>&#8211; Dimension de l\u2019essuie main : 45cm de diam\u00e8tre<\/li>\n<li>&#8211; 100% coton peign\u00e9 longues fibres<\/li>\n<li>&#8211; Densit\u00e9 : 480gr\/m2<\/li>\n<li>-Coloris Noir, \u00e9cru, gris, taupe<\/li>\n<li>-le lavage \u00e0 60\u00b0C en machine.<\/li>\n<li>Fabriqu\u00e9 en France.<\/li>\n<\/ul>\n<p>Ce produit labellis\u00e9 STANDARD 100 by OEKO-TEX\u00ae &#8211; certificat n\u00b0 CQ 1102\/4 IFTH suit un processus de fabrication certifi\u00e9 et contr\u00f4l\u00e9, respectueux de votre peau. \u2022 Le STANDARD 100 by OEKO-TEX\u00ae est le premier label qui r\u00e9pond aux besoins des consommateurs en mati\u00e8re d\u2019\u00e9cologie. Il garantit l\u2019absence, dans les articles certifi\u00e9s de substances nocives ou pouvant pr\u00e9senter un risque pour la sant\u00e9.<\/p>\n<\/div>\n","protected":false},"excerpt":{"rendered":"<p>Lot de 2 torchons ronds en \u00e9ponge 480gr m\u00b2, fabriqu\u00e9s en Normandie. Livraison rapide 24\/48h.<\/p>\n","protected":false},"featured_media":85773,"template":"","meta":{"_et_pb_use_builder":"off","_et_pb_old_content":"<h4><u>Lot de 2 essuies mains D\u00c9CO<\/u><\/h4>\r\nLaissez vous tenter par ce lot de 2 torchons en coton \u00e9ponge, fabriqu\u00e9s en <strong>France<\/strong> dans nos ateliers.\r\n\r\nTr\u00e8s absorbant et tr\u00e8s doux pour vos mains, cela vient du fait que nous avons choisi \u00e0 la fois un compromis entre une \u00e9ponge dense (480gr\/m2), et une fabrication \u00e0 partir du meilleur coton qui soit, en longues fibres.\r\n\r\nNotre lot d'essuies mains allie donc confort, \u00e9l\u00e9gance et qualit\u00e9, de quoi vous laisser s\u00e9duire.\r\n<div id=\"mainProductDescription\">\r\n<h5>Caract\u00e9ristiques des essuies mains :<\/h5>\r\n<ul>\r\n \t<li>- Vendus par lot de 2<\/li>\r\n \t<li>- Dimension de l\u2019essuie main : 45x45cm<\/li>\r\n \t<li>- 100% coton peign\u00e9 longues fibres<\/li>\r\n \t<li>- Densit\u00e9 : 480gr\/m2<\/li>\r\n \t<li>-Coloris Noir, \u00e9cru, gris, taupe<\/li>\r\n \t<li>-le lavage \u00e0 60\u00b0C en machine.<\/li>\r\n \t<li>Fabriqu\u00e9 en France.<\/li>\r\n<\/ul>\r\nCe produit labellis\u00e9 STANDARD 100 by OEKO-TEX\u00ae - certificat n\u00b0 CQ 1102\/4 IFTH suit un processus de fabrication certifi\u00e9 et contr\u00f4l\u00e9, respectueux de votre peau.\r\n\r\n\u2022 Le STANDARD 100 by OEKO-TEX\u00ae est le premier label qui r\u00e9pond aux besoins des consommateurs en mati\u00e8re d\u2019\u00e9cologie. Il garantit l\u2019absence, dans les articles certifi\u00e9s de substances nocives ou pouvant pr\u00e9senter un risque pour la sant\u00e9.\r\n\r\n<strong>En savoir plus :<\/strong>\r\n\r\n- Torchons \u00e9ponge 480gr\/m\u00b2\r\n\r\n- Torchons rond \u00e0 broder\r\n\r\n- Essuies mains coton\r\n\r\n- Essuies mains \u00e9ponge\r\n\r\n- Fabriqu\u00e9 en France.\r\n\r\n<\/div>","_et_gb_content_width":""},"product_brand":[710],"product_cat":[697,636,27,334],"product_tag":[],"woo-feed-brand":[],"class_list":{"0":"post-32486","1":"product","2":"type-product","3":"status-publish","4":"has-post-thumbnail","6":"product_brand-linandelle","7":"product_cat-produits-made-in-france","8":"product_cat-noel","9":"product_cat-table","10":"product_cat-torchons-et-essuie-verre","11":"tm-has-options","13":"first","14":"instock","15":"sale","16":"featured","17":"taxable","18":"shipping-taxable","19":"purchasable","20":"product-type-variable"},"yoast_head":"<!-- This site is optimized with the Yoast SEO Premium plugin v27.5 (Yoast SEO v27.5) - https:\/\/yoast.com\/product\/yoast-seo-premium-wordpress\/ -->\n<title>Lot de deux essuies mains ronds en \u00e9ponge d\u00e9co made in france<\/title>\n<meta name=\"description\" content=\", Linandelle vous propose ses essuies mains en coton pour votre cuisine. B\u00e9n\u00e9ficiez d&#039;une touch\u00e9 doux et confortable. Made in France.\" \/>\n<meta name=\"robots\" content=\"index, follow, max-snippet:-1, max-image-preview:large, max-video-preview:-1\" \/>\n<link rel=\"canonical\" href=\"https:\/\/linandelle.com\/fr\/produit\/lot-de-2-essuies-mains-coton-epnge-fabrique-en-france\/\" \/>\n<meta property=\"og:locale\" content=\"fr_FR\" \/>\n<meta property=\"og:type\" content=\"article\" \/>\n<meta property=\"og:title\" content=\"Lot de deux essuies mains ronds en \u00e9ponge d\u00e9co made in france\" \/>\n<meta property=\"og:description\" content=\", Linandelle vous propose ses essuies mains en coton pour votre cuisine. B\u00e9n\u00e9ficiez d&#039;une touch\u00e9 doux et confortable. Made in France.\" \/>\n<meta property=\"og:url\" content=\"https:\/\/linandelle.com\/fr\/produit\/lot-de-2-essuies-mains-coton-epnge-fabrique-en-france\/\" \/>\n<meta property=\"og:site_name\" content=\"Linandelle\" \/>\n<meta property=\"article:publisher\" content=\"https:\/\/www.facebook.com\/Linandelle\" \/>\n<meta property=\"article:modified_time\" content=\"2026-04-24T12:36:57+00:00\" \/>\n<meta property=\"og:image\" content=\"https:\/\/linandelle.com\/wp-content\/uploads\/2022\/09\/deco-ambiance.jpg\" \/>\n\t<meta property=\"og:image:width\" content=\"1200\" \/>\n\t<meta property=\"og:image:height\" content=\"1200\" \/>\n\t<meta property=\"og:image:type\" content=\"image\/jpeg\" \/>\n<meta name=\"twitter:card\" content=\"summary_large_image\" \/>\n<meta name=\"twitter:label1\" content=\"Dur\u00e9e de lecture estim\u00e9e\" \/>\n\t<meta name=\"twitter:data1\" content=\"2 minutes\" \/>\n<script type=\"application\/ld+json\" class=\"yoast-schema-graph\">{\"@context\":\"https:\\\/\\\/schema.org\",\"@graph\":[{\"@type\":\"WebPage\",\"@id\":\"https:\\\/\\\/linandelle.com\\\/fr\\\/produit\\\/lot-de-2-essuies-mains-coton-epnge-fabrique-en-france\\\/\",\"url\":\"https:\\\/\\\/linandelle.com\\\/fr\\\/produit\\\/lot-de-2-essuies-mains-coton-epnge-fabrique-en-france\\\/\",\"name\":\"Lot de deux essuies mains ronds en \u00e9ponge d\u00e9co made in france\",\"isPartOf\":{\"@id\":\"https:\\\/\\\/linandelle.com\\\/fr\\\/#website\"},\"primaryImageOfPage\":{\"@id\":\"https:\\\/\\\/linandelle.com\\\/fr\\\/produit\\\/lot-de-2-essuies-mains-coton-epnge-fabrique-en-france\\\/#primaryimage\"},\"image\":{\"@id\":\"https:\\\/\\\/linandelle.com\\\/fr\\\/produit\\\/lot-de-2-essuies-mains-coton-epnge-fabrique-en-france\\\/#primaryimage\"},\"thumbnailUrl\":\"https:\\\/\\\/linandelle.com\\\/wp-content\\\/uploads\\\/2022\\\/09\\\/deco-ambiance.jpg\",\"datePublished\":\"2022-07-05T12:27:20+00:00\",\"dateModified\":\"2026-04-24T12:36:57+00:00\",\"description\":\", Linandelle vous propose ses essuies mains en coton pour votre cuisine. B\u00e9n\u00e9ficiez d'une touch\u00e9 doux et confortable. Made in France.\",\"breadcrumb\":{\"@id\":\"https:\\\/\\\/linandelle.com\\\/fr\\\/produit\\\/lot-de-2-essuies-mains-coton-epnge-fabrique-en-france\\\/#breadcrumb\"},\"inLanguage\":\"fr-FR\",\"potentialAction\":[{\"@type\":\"ReadAction\",\"target\":[\"https:\\\/\\\/linandelle.com\\\/fr\\\/produit\\\/lot-de-2-essuies-mains-coton-epnge-fabrique-en-france\\\/\"]}]},{\"@type\":\"ImageObject\",\"inLanguage\":\"fr-FR\",\"@id\":\"https:\\\/\\\/linandelle.com\\\/fr\\\/produit\\\/lot-de-2-essuies-mains-coton-epnge-fabrique-en-france\\\/#primaryimage\",\"url\":\"https:\\\/\\\/linandelle.com\\\/wp-content\\\/uploads\\\/2022\\\/09\\\/deco-ambiance.jpg\",\"contentUrl\":\"https:\\\/\\\/linandelle.com\\\/wp-content\\\/uploads\\\/2022\\\/09\\\/deco-ambiance.jpg\",\"width\":1200,\"height\":1200},{\"@type\":\"BreadcrumbList\",\"@id\":\"https:\\\/\\\/linandelle.com\\\/fr\\\/produit\\\/lot-de-2-essuies-mains-coton-epnge-fabrique-en-france\\\/#breadcrumb\",\"itemListElement\":[{\"@type\":\"ListItem\",\"position\":1,\"name\":\"Produits\",\"item\":\"https:\\\/\\\/linandelle.com\\\/fr\\\/shop\\\/\"},{\"@type\":\"ListItem\",\"position\":2,\"name\":\"Lot de 2 essuies mains rond \u00e9ponge 480gr D\u00c9CO\"}]},{\"@type\":\"WebSite\",\"@id\":\"https:\\\/\\\/linandelle.com\\\/fr\\\/#website\",\"url\":\"https:\\\/\\\/linandelle.com\\\/fr\\\/\",\"name\":\"Linandelle\",\"description\":\"Linandelle, plus que du linge, l&#039;essentiel\",\"publisher\":{\"@id\":\"https:\\\/\\\/linandelle.com\\\/fr\\\/#organization\"},\"potentialAction\":[{\"@type\":\"SearchAction\",\"target\":{\"@type\":\"EntryPoint\",\"urlTemplate\":\"https:\\\/\\\/linandelle.com\\\/fr\\\/?s={search_term_string}\"},\"query-input\":{\"@type\":\"PropertyValueSpecification\",\"valueRequired\":true,\"valueName\":\"search_term_string\"}}],\"inLanguage\":\"fr-FR\"},{\"@type\":\"Organization\",\"@id\":\"https:\\\/\\\/linandelle.com\\\/fr\\\/#organization\",\"name\":\"Linandelle\",\"url\":\"https:\\\/\\\/linandelle.com\\\/fr\\\/\",\"logo\":{\"@type\":\"ImageObject\",\"inLanguage\":\"fr-FR\",\"@id\":\"https:\\\/\\\/linandelle.com\\\/fr\\\/#\\\/schema\\\/logo\\\/image\\\/\",\"url\":\"https:\\\/\\\/linandelle.com\\\/wp-content\\\/uploads\\\/2022\\\/03\\\/logo-linandelle.jpg\",\"contentUrl\":\"https:\\\/\\\/linandelle.com\\\/wp-content\\\/uploads\\\/2022\\\/03\\\/logo-linandelle.jpg\",\"width\":739,\"height\":738,\"caption\":\"Linandelle\"},\"image\":{\"@id\":\"https:\\\/\\\/linandelle.com\\\/fr\\\/#\\\/schema\\\/logo\\\/image\\\/\"},\"sameAs\":[\"https:\\\/\\\/www.facebook.com\\\/Linandelle\",\"https:\\\/\\\/www.instagram.com\\\/linandelle\\\/\",\"https:\\\/\\\/www.linkedin.com\\\/company\\\/18483801\\\/admin\\\/dashboard\\\/\",\"https:\\\/\\\/www.pinterest.fr\\\/linandelle\\\/_created\\\/\",\"https:\\\/\\\/www.youtube.com\\\/@linandellecharleval1016\"],\"email\":\"contact@linandelle.com\",\"telephone\":\"0232687800\",\"legalName\":\"SARL DU PONT DES JARDINS\",\"vatID\":\"FR27448856641\",\"taxID\":\"44885664100015\",\"numberOfEmployees\":{\"@type\":\"QuantitativeValue\",\"minValue\":\"1\",\"maxValue\":\"10\"}}]}<\/script>\n<!-- \/ Yoast SEO Premium plugin. -->","yoast_head_json":{"title":"Lot de deux essuies mains ronds en \u00e9ponge d\u00e9co made in france","description":", Linandelle vous propose ses essuies mains en coton pour votre cuisine. B\u00e9n\u00e9ficiez d'une touch\u00e9 doux et confortable. Made in France.","robots":{"index":"index","follow":"follow","max-snippet":"max-snippet:-1","max-image-preview":"max-image-preview:large","max-video-preview":"max-video-preview:-1"},"canonical":"https:\/\/linandelle.com\/fr\/produit\/lot-de-2-essuies-mains-coton-epnge-fabrique-en-france\/","og_locale":"fr_FR","og_type":"article","og_title":"Lot de deux essuies mains ronds en \u00e9ponge d\u00e9co made in france","og_description":", Linandelle vous propose ses essuies mains en coton pour votre cuisine. B\u00e9n\u00e9ficiez d'une touch\u00e9 doux et confortable. Made in France.","og_url":"https:\/\/linandelle.com\/fr\/produit\/lot-de-2-essuies-mains-coton-epnge-fabrique-en-france\/","og_site_name":"Linandelle","article_publisher":"https:\/\/www.facebook.com\/Linandelle","article_modified_time":"2026-04-24T12:36:57+00:00","og_image":[{"width":1200,"height":1200,"url":"https:\/\/linandelle.com\/wp-content\/uploads\/2022\/09\/deco-ambiance.jpg","type":"image\/jpeg"}],"twitter_card":"summary_large_image","twitter_misc":{"Dur\u00e9e de lecture estim\u00e9e":"2 minutes"},"schema":{"@context":"https:\/\/schema.org","@graph":[{"@type":"WebPage","@id":"https:\/\/linandelle.com\/fr\/produit\/lot-de-2-essuies-mains-coton-epnge-fabrique-en-france\/","url":"https:\/\/linandelle.com\/fr\/produit\/lot-de-2-essuies-mains-coton-epnge-fabrique-en-france\/","name":"Lot de deux essuies mains ronds en \u00e9ponge d\u00e9co made in france","isPartOf":{"@id":"https:\/\/linandelle.com\/fr\/#website"},"primaryImageOfPage":{"@id":"https:\/\/linandelle.com\/fr\/produit\/lot-de-2-essuies-mains-coton-epnge-fabrique-en-france\/#primaryimage"},"image":{"@id":"https:\/\/linandelle.com\/fr\/produit\/lot-de-2-essuies-mains-coton-epnge-fabrique-en-france\/#primaryimage"},"thumbnailUrl":"https:\/\/linandelle.com\/wp-content\/uploads\/2022\/09\/deco-ambiance.jpg","datePublished":"2022-07-05T12:27:20+00:00","dateModified":"2026-04-24T12:36:57+00:00","description":", Linandelle vous propose ses essuies mains en coton pour votre cuisine. B\u00e9n\u00e9ficiez d'une touch\u00e9 doux et confortable. Made in France.","breadcrumb":{"@id":"https:\/\/linandelle.com\/fr\/produit\/lot-de-2-essuies-mains-coton-epnge-fabrique-en-france\/#breadcrumb"},"inLanguage":"fr-FR","potentialAction":[{"@type":"ReadAction","target":["https:\/\/linandelle.com\/fr\/produit\/lot-de-2-essuies-mains-coton-epnge-fabrique-en-france\/"]}]},{"@type":"ImageObject","inLanguage":"fr-FR","@id":"https:\/\/linandelle.com\/fr\/produit\/lot-de-2-essuies-mains-coton-epnge-fabrique-en-france\/#primaryimage","url":"https:\/\/linandelle.com\/wp-content\/uploads\/2022\/09\/deco-ambiance.jpg","contentUrl":"https:\/\/linandelle.com\/wp-content\/uploads\/2022\/09\/deco-ambiance.jpg","width":1200,"height":1200},{"@type":"BreadcrumbList","@id":"https:\/\/linandelle.com\/fr\/produit\/lot-de-2-essuies-mains-coton-epnge-fabrique-en-france\/#breadcrumb","itemListElement":[{"@type":"ListItem","position":1,"name":"Produits","item":"https:\/\/linandelle.com\/fr\/shop\/"},{"@type":"ListItem","position":2,"name":"Lot de 2 essuies mains rond \u00e9ponge 480gr D\u00c9CO"}]},{"@type":"WebSite","@id":"https:\/\/linandelle.com\/fr\/#website","url":"https:\/\/linandelle.com\/fr\/","name":"Linandelle","description":"Linandelle, plus que du linge, l&#039;essentiel","publisher":{"@id":"https:\/\/linandelle.com\/fr\/#organization"},"potentialAction":[{"@type":"SearchAction","target":{"@type":"EntryPoint","urlTemplate":"https:\/\/linandelle.com\/fr\/?s={search_term_string}"},"query-input":{"@type":"PropertyValueSpecification","valueRequired":true,"valueName":"search_term_string"}}],"inLanguage":"fr-FR"},{"@type":"Organization","@id":"https:\/\/linandelle.com\/fr\/#organization","name":"Linandelle","url":"https:\/\/linandelle.com\/fr\/","logo":{"@type":"ImageObject","inLanguage":"fr-FR","@id":"https:\/\/linandelle.com\/fr\/#\/schema\/logo\/image\/","url":"https:\/\/linandelle.com\/wp-content\/uploads\/2022\/03\/logo-linandelle.jpg","contentUrl":"https:\/\/linandelle.com\/wp-content\/uploads\/2022\/03\/logo-linandelle.jpg","width":739,"height":738,"caption":"Linandelle"},"image":{"@id":"https:\/\/linandelle.com\/fr\/#\/schema\/logo\/image\/"},"sameAs":["https:\/\/www.facebook.com\/Linandelle","https:\/\/www.instagram.com\/linandelle\/","https:\/\/www.linkedin.com\/company\/18483801\/admin\/dashboard\/","https:\/\/www.pinterest.fr\/linandelle\/_created\/","https:\/\/www.youtube.com\/@linandellecharleval1016"],"email":"contact@linandelle.com","telephone":"0232687800","legalName":"SARL DU PONT DES JARDINS","vatID":"FR27448856641","taxID":"44885664100015","numberOfEmployees":{"@type":"QuantitativeValue","minValue":"1","maxValue":"10"}}]}},"_links":{"self":[{"href":"https:\/\/linandelle.com\/fr\/wp-json\/wp\/v2\/product\/32486","targetHints":{"allow":["GET"]}}],"collection":[{"href":"https:\/\/linandelle.com\/fr\/wp-json\/wp\/v2\/product"}],"about":[{"href":"https:\/\/linandelle.com\/fr\/wp-json\/wp\/v2\/types\/product"}],"wp:featuredmedia":[{"embeddable":true,"href":"https:\/\/linandelle.com\/fr\/wp-json\/wp\/v2\/media\/85773"}],"wp:attachment":[{"href":"https:\/\/linandelle.com\/fr\/wp-json\/wp\/v2\/media?parent=32486"}],"wp:term":[{"taxonomy":"product_brand","embeddable":true,"href":"https:\/\/linandelle.com\/fr\/wp-json\/wp\/v2\/product_brand?post=32486"},{"taxonomy":"product_cat","embeddable":true,"href":"https:\/\/linandelle.com\/fr\/wp-json\/wp\/v2\/product_cat?post=32486"},{"taxonomy":"product_tag","embeddable":true,"href":"https:\/\/linandelle.com\/fr\/wp-json\/wp\/v2\/product_tag?post=32486"},{"taxonomy":"woo-feed-brand","embeddable":true,"href":"https:\/\/linandelle.com\/fr\/wp-json\/wp\/v2\/woo-feed-brand?post=32486"}],"curies":[{"name":"wp","href":"https:\/\/api.w.org\/{rel}","templated":true}]}}