{"id":33639,"date":"2022-10-28T17:26:54","date_gmt":"2022-10-28T15:26:54","guid":{"rendered":"https:\/\/linandelle.com\/fr\/?post_type=product&#038;p=33639"},"modified":"2026-04-22T09:15:20","modified_gmt":"2026-04-22T07:15:20","slug":"turban-de-bain-eponge","status":"publish","type":"product","link":"https:\/\/linandelle.com\/fr\/produit\/turban-de-bain-eponge\/","title":{"rendered":"Serviette de t\u00eate \u00e9ponge fermeture \u00e9lastique TURBAN"},"content":{"rendered":"<p><strong>Turban de bain <\/strong>en bouclette \u00e9ponge 380gr\/m2, fermeture facile par \u00e9lastique, par Linandelle.<\/p>\n<p>Le turban de bain est l&rsquo;accessoire de bain id\u00e9al lorsque vous avez de longs cheveux : plus besoin de faire un noeud avec une serviette qui risque de se d\u00e9faire ! La fermeture \u00e9lastique maintien vos cheveux facilement. Le turban de bain peut tr\u00e8s bien s&rsquo;utiliser chez vous, comme dans un h\u00f4tel ou une chambre d&rsquo;h\u00f4te.<\/p>\n<p>C&rsquo;est une belle id\u00e9e de cadeau, que vous pouvez personnaliser avec une broderie.<\/p>\n<p>Disponible en 10 coloris lumineux et tendances.<\/p>\n<p>Lavable en machine \u00e0 60\u00b0C (laisser tremper \u00e0 l&rsquo;eau froide 1 \u00e0 2h avant le premier lavage \u00e0 chaud).<br \/>\nFabriqu\u00e9 en U.E. 100% coton coloris grands teints.<\/p>\n<p>Coloris disponibles : taupe, ivoire, beige, jaune, orange, bordeaux, rouge, bleu ciel, bleu azur, gris clair.<\/p>\n<p>En savoir plus\u00a0:<\/p>\n<p>&#8211; Turban absorbant<\/p>\n<p>&#8211; Turban \u00e9ponge 380gr\/m2<\/p>\n<p>&#8211; Fermeture facile \u00e0 \u00e9lastique<\/p>\n<p>&#8211; Fabriqu\u00e9e en U.E<\/p>\n<p>&#8211; Tr\u00e8s pratique.<\/p>\n","protected":false},"excerpt":{"rendered":"<p>Turban de bain en bouclette \u00e9ponge 380gr\/m2, fermeture facile par \u00e9lastique, par Linandelle. Le turban de bain est l&rsquo;accessoire de bain id\u00e9al lorsque vous avez de longs cheveux : plus besoin de faire un noeud avec une serviette qui risque de se d\u00e9faire ! La fermeture \u00e9lastique maintien vos cheveux facilement. Le turban de bain [&hellip;]<\/p>\n","protected":false},"featured_media":33640,"template":"","meta":{"_et_pb_use_builder":"","_et_pb_old_content":"","_et_gb_content_width":""},"product_brand":[710],"product_cat":[636,25,279],"product_tag":[],"woo-feed-brand":[],"class_list":{"0":"post-33639","1":"product","2":"type-product","3":"status-publish","4":"has-post-thumbnail","6":"product_brand-linandelle","7":"product_cat-noel","8":"product_cat-salle-de-bain","9":"product_cat-serviette-de-toilette","10":"tm-has-styled-variations","11":"tm-has-options","13":"first","14":"instock","15":"sale","16":"featured","17":"taxable","18":"shipping-taxable","19":"purchasable","20":"product-type-variable"},"yoast_head":"<!-- This site is optimized with the Yoast SEO Premium plugin v27.4 (Yoast SEO v27.4) - https:\/\/yoast.com\/product\/yoast-seo-premium-wordpress\/ -->\n<title>Linandelle | Turban de bain \u00e9ponge \u00e0 personnaliser<\/title>\n<meta name=\"description\" content=\"Turban de bain en bouclette \u00e9ponge 100% coton 400gr\/m2 \u00e0 personnaliser par une broderie, faciles \u00e0 enfiler et tr\u00e8s absorbants\" \/>\n<meta name=\"robots\" content=\"index, follow, max-snippet:-1, max-image-preview:large, max-video-preview:-1\" \/>\n<link rel=\"canonical\" href=\"https:\/\/linandelle.com\/fr\/produit\/turban-de-bain-eponge\/\" \/>\n<meta property=\"og:locale\" content=\"fr_FR\" \/>\n<meta property=\"og:type\" content=\"article\" \/>\n<meta property=\"og:title\" content=\"Linandelle | Turban de bain \u00e9ponge \u00e0 personnaliser\" \/>\n<meta property=\"og:description\" content=\"Turban de bain en bouclette \u00e9ponge 100% coton 400gr\/m2 \u00e0 personnaliser par une broderie, faciles \u00e0 enfiler et tr\u00e8s absorbants\" \/>\n<meta property=\"og:url\" content=\"https:\/\/linandelle.com\/fr\/produit\/turban-de-bain-eponge\/\" \/>\n<meta property=\"og:site_name\" content=\"Linandelle\" \/>\n<meta property=\"article:publisher\" content=\"https:\/\/www.facebook.com\/Linandelle\" \/>\n<meta property=\"article:modified_time\" content=\"2026-04-22T07:15:20+00:00\" \/>\n<meta property=\"og:image\" content=\"https:\/\/linandelle.com\/wp-content\/uploads\/2022\/10\/Linadellejan-2021-7.jpg\" \/>\n\t<meta property=\"og:image:width\" content=\"1200\" \/>\n\t<meta property=\"og:image:height\" content=\"1200\" \/>\n\t<meta property=\"og:image:type\" content=\"image\/jpeg\" \/>\n<meta name=\"twitter:card\" content=\"summary_large_image\" \/>\n<meta name=\"twitter:label1\" content=\"Dur\u00e9e de lecture estim\u00e9e\" \/>\n\t<meta name=\"twitter:data1\" content=\"1 minute\" \/>\n<script type=\"application\/ld+json\" class=\"yoast-schema-graph\">{\"@context\":\"https:\\\/\\\/schema.org\",\"@graph\":[{\"@type\":\"WebPage\",\"@id\":\"https:\\\/\\\/linandelle.com\\\/fr\\\/produit\\\/turban-de-bain-eponge\\\/\",\"url\":\"https:\\\/\\\/linandelle.com\\\/fr\\\/produit\\\/turban-de-bain-eponge\\\/\",\"name\":\"Linandelle | Turban de bain \u00e9ponge \u00e0 personnaliser\",\"isPartOf\":{\"@id\":\"https:\\\/\\\/linandelle.com\\\/fr\\\/#website\"},\"primaryImageOfPage\":{\"@id\":\"https:\\\/\\\/linandelle.com\\\/fr\\\/produit\\\/turban-de-bain-eponge\\\/#primaryimage\"},\"image\":{\"@id\":\"https:\\\/\\\/linandelle.com\\\/fr\\\/produit\\\/turban-de-bain-eponge\\\/#primaryimage\"},\"thumbnailUrl\":\"https:\\\/\\\/linandelle.com\\\/wp-content\\\/uploads\\\/2022\\\/10\\\/Linadellejan-2021-7.jpg\",\"datePublished\":\"2022-10-28T15:26:54+00:00\",\"dateModified\":\"2026-04-22T07:15:20+00:00\",\"description\":\"Turban de bain en bouclette \u00e9ponge 100% coton 400gr\\\/m2 \u00e0 personnaliser par une broderie, faciles \u00e0 enfiler et tr\u00e8s absorbants\",\"breadcrumb\":{\"@id\":\"https:\\\/\\\/linandelle.com\\\/fr\\\/produit\\\/turban-de-bain-eponge\\\/#breadcrumb\"},\"inLanguage\":\"fr-FR\",\"potentialAction\":[{\"@type\":\"ReadAction\",\"target\":[\"https:\\\/\\\/linandelle.com\\\/fr\\\/produit\\\/turban-de-bain-eponge\\\/\"]}]},{\"@type\":\"ImageObject\",\"inLanguage\":\"fr-FR\",\"@id\":\"https:\\\/\\\/linandelle.com\\\/fr\\\/produit\\\/turban-de-bain-eponge\\\/#primaryimage\",\"url\":\"https:\\\/\\\/linandelle.com\\\/wp-content\\\/uploads\\\/2022\\\/10\\\/Linadellejan-2021-7.jpg\",\"contentUrl\":\"https:\\\/\\\/linandelle.com\\\/wp-content\\\/uploads\\\/2022\\\/10\\\/Linadellejan-2021-7.jpg\",\"width\":1200,\"height\":1200},{\"@type\":\"BreadcrumbList\",\"@id\":\"https:\\\/\\\/linandelle.com\\\/fr\\\/produit\\\/turban-de-bain-eponge\\\/#breadcrumb\",\"itemListElement\":[{\"@type\":\"ListItem\",\"position\":1,\"name\":\"Produits\",\"item\":\"https:\\\/\\\/linandelle.com\\\/fr\\\/shop\\\/\"},{\"@type\":\"ListItem\",\"position\":2,\"name\":\"Serviette de t\u00eate \u00e9ponge fermeture \u00e9lastique TURBAN\"}]},{\"@type\":\"WebSite\",\"@id\":\"https:\\\/\\\/linandelle.com\\\/fr\\\/#website\",\"url\":\"https:\\\/\\\/linandelle.com\\\/fr\\\/\",\"name\":\"Linandelle\",\"description\":\"Linandelle, plus que du linge, l&#039;essentiel\",\"publisher\":{\"@id\":\"https:\\\/\\\/linandelle.com\\\/fr\\\/#organization\"},\"potentialAction\":[{\"@type\":\"SearchAction\",\"target\":{\"@type\":\"EntryPoint\",\"urlTemplate\":\"https:\\\/\\\/linandelle.com\\\/fr\\\/?s={search_term_string}\"},\"query-input\":{\"@type\":\"PropertyValueSpecification\",\"valueRequired\":true,\"valueName\":\"search_term_string\"}}],\"inLanguage\":\"fr-FR\"},{\"@type\":\"Organization\",\"@id\":\"https:\\\/\\\/linandelle.com\\\/fr\\\/#organization\",\"name\":\"Linandelle\",\"url\":\"https:\\\/\\\/linandelle.com\\\/fr\\\/\",\"logo\":{\"@type\":\"ImageObject\",\"inLanguage\":\"fr-FR\",\"@id\":\"https:\\\/\\\/linandelle.com\\\/fr\\\/#\\\/schema\\\/logo\\\/image\\\/\",\"url\":\"https:\\\/\\\/linandelle.com\\\/wp-content\\\/uploads\\\/2022\\\/03\\\/logo-linandelle.jpg\",\"contentUrl\":\"https:\\\/\\\/linandelle.com\\\/wp-content\\\/uploads\\\/2022\\\/03\\\/logo-linandelle.jpg\",\"width\":739,\"height\":738,\"caption\":\"Linandelle\"},\"image\":{\"@id\":\"https:\\\/\\\/linandelle.com\\\/fr\\\/#\\\/schema\\\/logo\\\/image\\\/\"},\"sameAs\":[\"https:\\\/\\\/www.facebook.com\\\/Linandelle\",\"https:\\\/\\\/www.instagram.com\\\/linandelle\\\/\",\"https:\\\/\\\/www.linkedin.com\\\/company\\\/18483801\\\/admin\\\/dashboard\\\/\",\"https:\\\/\\\/www.pinterest.fr\\\/linandelle\\\/_created\\\/\",\"https:\\\/\\\/www.youtube.com\\\/@linandellecharleval1016\"],\"email\":\"contact@linandelle.com\",\"telephone\":\"0232687800\",\"legalName\":\"SARL DU PONT DES JARDINS\",\"vatID\":\"FR27448856641\",\"taxID\":\"44885664100015\",\"numberOfEmployees\":{\"@type\":\"QuantitativeValue\",\"minValue\":\"1\",\"maxValue\":\"10\"}}]}<\/script>\n<!-- \/ Yoast SEO Premium plugin. -->","yoast_head_json":{"title":"Linandelle | Turban de bain \u00e9ponge \u00e0 personnaliser","description":"Turban de bain en bouclette \u00e9ponge 100% coton 400gr\/m2 \u00e0 personnaliser par une broderie, faciles \u00e0 enfiler et tr\u00e8s absorbants","robots":{"index":"index","follow":"follow","max-snippet":"max-snippet:-1","max-image-preview":"max-image-preview:large","max-video-preview":"max-video-preview:-1"},"canonical":"https:\/\/linandelle.com\/fr\/produit\/turban-de-bain-eponge\/","og_locale":"fr_FR","og_type":"article","og_title":"Linandelle | Turban de bain \u00e9ponge \u00e0 personnaliser","og_description":"Turban de bain en bouclette \u00e9ponge 100% coton 400gr\/m2 \u00e0 personnaliser par une broderie, faciles \u00e0 enfiler et tr\u00e8s absorbants","og_url":"https:\/\/linandelle.com\/fr\/produit\/turban-de-bain-eponge\/","og_site_name":"Linandelle","article_publisher":"https:\/\/www.facebook.com\/Linandelle","article_modified_time":"2026-04-22T07:15:20+00:00","og_image":[{"width":1200,"height":1200,"url":"https:\/\/linandelle.com\/wp-content\/uploads\/2022\/10\/Linadellejan-2021-7.jpg","type":"image\/jpeg"}],"twitter_card":"summary_large_image","twitter_misc":{"Dur\u00e9e de lecture estim\u00e9e":"1 minute"},"schema":{"@context":"https:\/\/schema.org","@graph":[{"@type":"WebPage","@id":"https:\/\/linandelle.com\/fr\/produit\/turban-de-bain-eponge\/","url":"https:\/\/linandelle.com\/fr\/produit\/turban-de-bain-eponge\/","name":"Linandelle | Turban de bain \u00e9ponge \u00e0 personnaliser","isPartOf":{"@id":"https:\/\/linandelle.com\/fr\/#website"},"primaryImageOfPage":{"@id":"https:\/\/linandelle.com\/fr\/produit\/turban-de-bain-eponge\/#primaryimage"},"image":{"@id":"https:\/\/linandelle.com\/fr\/produit\/turban-de-bain-eponge\/#primaryimage"},"thumbnailUrl":"https:\/\/linandelle.com\/wp-content\/uploads\/2022\/10\/Linadellejan-2021-7.jpg","datePublished":"2022-10-28T15:26:54+00:00","dateModified":"2026-04-22T07:15:20+00:00","description":"Turban de bain en bouclette \u00e9ponge 100% coton 400gr\/m2 \u00e0 personnaliser par une broderie, faciles \u00e0 enfiler et tr\u00e8s absorbants","breadcrumb":{"@id":"https:\/\/linandelle.com\/fr\/produit\/turban-de-bain-eponge\/#breadcrumb"},"inLanguage":"fr-FR","potentialAction":[{"@type":"ReadAction","target":["https:\/\/linandelle.com\/fr\/produit\/turban-de-bain-eponge\/"]}]},{"@type":"ImageObject","inLanguage":"fr-FR","@id":"https:\/\/linandelle.com\/fr\/produit\/turban-de-bain-eponge\/#primaryimage","url":"https:\/\/linandelle.com\/wp-content\/uploads\/2022\/10\/Linadellejan-2021-7.jpg","contentUrl":"https:\/\/linandelle.com\/wp-content\/uploads\/2022\/10\/Linadellejan-2021-7.jpg","width":1200,"height":1200},{"@type":"BreadcrumbList","@id":"https:\/\/linandelle.com\/fr\/produit\/turban-de-bain-eponge\/#breadcrumb","itemListElement":[{"@type":"ListItem","position":1,"name":"Produits","item":"https:\/\/linandelle.com\/fr\/shop\/"},{"@type":"ListItem","position":2,"name":"Serviette de t\u00eate \u00e9ponge fermeture \u00e9lastique TURBAN"}]},{"@type":"WebSite","@id":"https:\/\/linandelle.com\/fr\/#website","url":"https:\/\/linandelle.com\/fr\/","name":"Linandelle","description":"Linandelle, plus que du linge, l&#039;essentiel","publisher":{"@id":"https:\/\/linandelle.com\/fr\/#organization"},"potentialAction":[{"@type":"SearchAction","target":{"@type":"EntryPoint","urlTemplate":"https:\/\/linandelle.com\/fr\/?s={search_term_string}"},"query-input":{"@type":"PropertyValueSpecification","valueRequired":true,"valueName":"search_term_string"}}],"inLanguage":"fr-FR"},{"@type":"Organization","@id":"https:\/\/linandelle.com\/fr\/#organization","name":"Linandelle","url":"https:\/\/linandelle.com\/fr\/","logo":{"@type":"ImageObject","inLanguage":"fr-FR","@id":"https:\/\/linandelle.com\/fr\/#\/schema\/logo\/image\/","url":"https:\/\/linandelle.com\/wp-content\/uploads\/2022\/03\/logo-linandelle.jpg","contentUrl":"https:\/\/linandelle.com\/wp-content\/uploads\/2022\/03\/logo-linandelle.jpg","width":739,"height":738,"caption":"Linandelle"},"image":{"@id":"https:\/\/linandelle.com\/fr\/#\/schema\/logo\/image\/"},"sameAs":["https:\/\/www.facebook.com\/Linandelle","https:\/\/www.instagram.com\/linandelle\/","https:\/\/www.linkedin.com\/company\/18483801\/admin\/dashboard\/","https:\/\/www.pinterest.fr\/linandelle\/_created\/","https:\/\/www.youtube.com\/@linandellecharleval1016"],"email":"contact@linandelle.com","telephone":"0232687800","legalName":"SARL DU PONT DES JARDINS","vatID":"FR27448856641","taxID":"44885664100015","numberOfEmployees":{"@type":"QuantitativeValue","minValue":"1","maxValue":"10"}}]}},"_links":{"self":[{"href":"https:\/\/linandelle.com\/fr\/wp-json\/wp\/v2\/product\/33639","targetHints":{"allow":["GET"]}}],"collection":[{"href":"https:\/\/linandelle.com\/fr\/wp-json\/wp\/v2\/product"}],"about":[{"href":"https:\/\/linandelle.com\/fr\/wp-json\/wp\/v2\/types\/product"}],"wp:featuredmedia":[{"embeddable":true,"href":"https:\/\/linandelle.com\/fr\/wp-json\/wp\/v2\/media\/33640"}],"wp:attachment":[{"href":"https:\/\/linandelle.com\/fr\/wp-json\/wp\/v2\/media?parent=33639"}],"wp:term":[{"taxonomy":"product_brand","embeddable":true,"href":"https:\/\/linandelle.com\/fr\/wp-json\/wp\/v2\/product_brand?post=33639"},{"taxonomy":"product_cat","embeddable":true,"href":"https:\/\/linandelle.com\/fr\/wp-json\/wp\/v2\/product_cat?post=33639"},{"taxonomy":"product_tag","embeddable":true,"href":"https:\/\/linandelle.com\/fr\/wp-json\/wp\/v2\/product_tag?post=33639"},{"taxonomy":"woo-feed-brand","embeddable":true,"href":"https:\/\/linandelle.com\/fr\/wp-json\/wp\/v2\/woo-feed-brand?post=33639"}],"curies":[{"name":"wp","href":"https:\/\/api.w.org\/{rel}","templated":true}]}}