{"id":34014,"date":"2022-12-07T09:55:00","date_gmt":"2022-12-07T08:55:00","guid":{"rendered":"https:\/\/linandelle.com\/fr\/?post_type=product&#038;p=34014"},"modified":"2026-04-28T19:44:55","modified_gmt":"2026-04-28T17:44:55","slug":"peignoir-en-nid-dabeille-kimono","status":"publish","type":"product","link":"https:\/\/linandelle.com\/fr\/produit\/peignoir-en-nid-dabeille-kimono\/","title":{"rendered":"Peignoir mixte  coton 57 fils nid d&rsquo;abeille KIMONO"},"content":{"rendered":"<p><strong>Peignoir KIMONO<\/strong> Un peignoir \u00e9l\u00e9gant\u00a0 absorbant et r\u00e9sistant. C\u2019est la promesse du peignoir\u00a0 coton Kimono, confectionn\u00e9 \u00e0 la demande en France dans nos ateliers. <em>Le nid d&rsquo;abeille est hydrophile, il d\u00e9tient une grande qualit\u00e9 d\u2019absorption, gr\u00e2ce \u00e0 la structure de son motif. C&rsquo;est un tissu robuste, qui tient m\u00eame \u00e0 travers les nombreux lavages. Il s\u00e8che \u00e9galement tr\u00e8s rapidement, enfin il\u00a0 est facilement transportable car peu encombrant.<\/em> Linandelle est le sp\u00e9cialiste des peignoirs de bain grandes tailles fran\u00e7ais. <strong>Description du peignoir fran\u00e7ais Kimono:<\/strong> &#8211;\u00a0\u00a0\u00a0\u00a0\u00a0 100% coton en nid d&rsquo;abeille &#8211;\u00a0\u00a0\u00a0\u00a0\u00a0 250gr\/m\u00b2. &#8211;\u00a0\u00a0\u00a0\u00a0\u00a0 2 grandes poches &#8211;\u00a0\u00a0\u00a0\u00a0\u00a0 2 passants de ceinture &#8211;\u00a0\u00a0\u00a0\u00a0\u00a0 col kimono avec finition parmentures \u00a0 Couleurs disponibles : blanc, noir, ivoire et chocolat. Tailles disponibles : De la taille XS au 10 XL. Il nous paraissait essentiel de proposer ce peignoir adapt\u00e9 \u00a0\u00e0\u00a0 toutes les morphologies. \u00a0 <strong>GUIDE DES TAILLES :<\/strong><\/p>\n<table>\n<tbody>\n<tr>\n<td>Taille \u00e0 commander<\/td>\n<td>\u00c9quivalence taille<\/td>\n<td>Tour de poitrine<\/td>\n<\/tr>\n<tr>\n<td>XS<\/td>\n<td>34\/36<\/td>\n<td>70-78<\/td>\n<\/tr>\n<tr>\n<td>S<\/td>\n<td>36\/38<\/td>\n<td>78-86<\/td>\n<\/tr>\n<tr>\n<td>M<\/td>\n<td>38\/40<\/td>\n<td>86-94<\/td>\n<\/tr>\n<tr>\n<td>L<\/td>\n<td>40\/42<\/td>\n<td>94-102<\/td>\n<\/tr>\n<tr>\n<td>XL<\/td>\n<td>42\/44<\/td>\n<td>102-110<\/td>\n<\/tr>\n<tr>\n<td>2XL<\/td>\n<td>44\/46<\/td>\n<td>110-122<\/td>\n<\/tr>\n<tr>\n<td>3XL<\/td>\n<td>46\/48<\/td>\n<td>122-134<\/td>\n<\/tr>\n<tr>\n<td>4XL<\/td>\n<td>48\/50<\/td>\n<td>134-146<\/td>\n<\/tr>\n<tr>\n<td>5XL<\/td>\n<td>50\/52<\/td>\n<td>146-158<\/td>\n<\/tr>\n<tr>\n<td>6XL<\/td>\n<td>52\/54<\/td>\n<td>158-166<\/td>\n<\/tr>\n<tr>\n<td>7XL<\/td>\n<td>54\/56<\/td>\n<td>166-176<\/td>\n<\/tr>\n<tr>\n<td>8XL<\/td>\n<td>56\/58<\/td>\n<td>176-184<\/td>\n<\/tr>\n<tr>\n<td>9XL<\/td>\n<td>58\/60<\/td>\n<td>184-192<\/td>\n<\/tr>\n<tr>\n<td>10XL<\/td>\n<td>60\/62<\/td>\n<td>192-200<\/td>\n<\/tr>\n<\/tbody>\n<\/table>\n<p>N&rsquo;h\u00e9sitez pas \u00e0 nous contacter par t\u00e9l\u00e9phone au 0232687800 pour toutes questions. Fabriqu\u00e9 en France par notre couturi\u00e8re. <strong>Lorsque vous passez commande, le peignoir n\u2019est pas encore cr\u00e9\u00e9, notre couturi\u00e8re va confectionner \u00a0votre peignoir avec la couleur du tissu souhait\u00e9, en y apposant les patronages pour la taille \u00a0et en ajoutant les options que vous aurez s\u00e9lectionn\u00e9es<\/strong>. Norme Oeko-Tex Un peignoir personnalisable : Un Cadeau unique et recherch\u00e9 ? Choisissez la couleur, la taille, la\u00a0 longueur (court, long et tr\u00e8s long), ou encore l\u2019option broderie (inscrivez y votre pr\u00e9nom ou surnom)&#8230; Optez pour un peignoir, brod\u00e9, cr\u00e9\u00e9, confectionn\u00e9 sur demande\u00a0 par Linandelle. Nous tenons \u00e0 rappeler qu\u2019une personnalisation rend votre peignoir unique, nous r\u00e9alisons ni \u00e9change ni retour. Information de livraison : en raison de la fabrication artisanale de ce mod\u00e8le dans notre atelier, veuillez compter entre 4 \u00e0 7 jours de confection et 48h de livraison.<\/p>\n<p><strong>Conseil d&rsquo;entretien :<\/strong> Ce peignoir en nid d&rsquo;abeille a \u00e9t\u00e9 sanforis\u00e9 afin de limiter le retrait \u00e0 8% et non 20%. Il faut malgr\u00e9 tout le laisser tremper \u00e0 l&rsquo;eau froide quelques heures avant le premier lavage \u00e0 30 \u00b0C MAXIMUM (fixera d\u00e9finitivement couleurs et fibres). Ensuite, seulement un lavage \u00e0 40\u00b0C, au maximum sera possible, Le s\u00e9chage en machine est d\u00e9conseill\u00e9. Le respect de ses instructions de lavage\u00a0 est essentiel pour profiter de la sortie de bain pleinement et durablement. En savoir plus\u00a0: &#8211; Nid d&rsquo;abeille 100% coton &#8211; Fabriqu\u00e9 en France &#8211; Petites et grandes tailles &#8211; Finition poches et ceinture &#8211; Col KIMONO<\/p>\n<p>.<\/p>\n","protected":false},"excerpt":{"rendered":"<p>Nos peignoirs sont fabriqu\u00e9s\u00a0 \u00e0 la demande, en France, par nos couturi\u00e8res.<\/p>\n","protected":false},"featured_media":74669,"template":"","meta":{"_et_pb_use_builder":"off","_et_pb_old_content":"<strong>Peignoir KIMONO<\/strong>\r\n\r\nUn peignoir \u00e9l\u00e9gant\u00a0 absorbant et r\u00e9sistant.\r\n\r\nC\u2019est la promesse du peignoir\u00a0 coton Kimono, confectionn\u00e9 \u00e0 la demande en France dans nos ateliers.\r\n\r\n<em>Le nid d'abeille est hydrophile, il d\u00e9tient une grande qualit\u00e9 d\u2019absorption, gr\u00e2ce \u00e0 la structure de son motif. C'est un tissu robuste, qui tient m\u00eame \u00e0 travers les nombreux lavages. Il s\u00e8che \u00e9galement tr\u00e8s rapidement, enfin il\u00a0 est facilement transportable car peu encombrant.<\/em>\r\n\r\nLinandelle est le sp\u00e9cialiste des peignoirs de bain grandes tailles fran\u00e7ais.\r\n\r\n<strong>Description du peignoir fran\u00e7ais Kimono:<\/strong>\r\n\r\n-\u00a0\u00a0\u00a0\u00a0\u00a0 100% coton en nid d'abeille\r\n\r\n-\u00a0\u00a0\u00a0\u00a0\u00a0 250gr\/m\u00b2.\r\n\r\n-\u00a0\u00a0\u00a0\u00a0\u00a0 2 grandes poches\r\n\r\n-\u00a0\u00a0\u00a0\u00a0\u00a0 2 passants de ceinture\r\n\r\n-\u00a0\u00a0\u00a0\u00a0\u00a0 col kimono avec finition parmentures\r\n\r\n\u00a0\r\n\r\nCouleurs disponibles : blanc, noir, ivoire et chocolat.\r\n\r\nTailles disponibles :\r\n\r\nDe la taille XS au 10 XL.\r\n\r\nIl nous paraissait essentiel de proposer ce peignoir adapt\u00e9 \u00a0\u00e0\u00a0 toutes les morphologies.\r\n\r\n\u00a0\r\n\r\n<strong>GUIDE DES TAILLES :<\/strong>\r\n<table>\r\n<tbody>\r\n<tr>\r\n<td>Taille \u00e0 commander<\/td>\r\n<td>\u00c9quivalence taille<\/td>\r\n<td>Tour de poitrine<\/td>\r\n<\/tr>\r\n<tr>\r\n<td>XS<\/td>\r\n<td>34\/36<\/td>\r\n<td>70-78<\/td>\r\n<\/tr>\r\n<tr>\r\n<td>S<\/td>\r\n<td>36\/38<\/td>\r\n<td>78-86<\/td>\r\n<\/tr>\r\n<tr>\r\n<td>M<\/td>\r\n<td>38\/40<\/td>\r\n<td>86-94<\/td>\r\n<\/tr>\r\n<tr>\r\n<td>L<\/td>\r\n<td>40\/42<\/td>\r\n<td>94-102<\/td>\r\n<\/tr>\r\n<tr>\r\n<td>XL<\/td>\r\n<td>42\/44<\/td>\r\n<td>102-110<\/td>\r\n<\/tr>\r\n<tr>\r\n<td>2XL<\/td>\r\n<td>44\/46<\/td>\r\n<td>110-122<\/td>\r\n<\/tr>\r\n<tr>\r\n<td>3XL<\/td>\r\n<td>46\/48<\/td>\r\n<td>122-134<\/td>\r\n<\/tr>\r\n<tr>\r\n<td>4XL<\/td>\r\n<td>48\/50<\/td>\r\n<td>134-146<\/td>\r\n<\/tr>\r\n<tr>\r\n<td>5XL<\/td>\r\n<td>50\/52<\/td>\r\n<td>146-158<\/td>\r\n<\/tr>\r\n<tr>\r\n<td>6XL<\/td>\r\n<td>52\/54<\/td>\r\n<td>158-166<\/td>\r\n<\/tr>\r\n<tr>\r\n<td>7XL<\/td>\r\n<td>54\/56<\/td>\r\n<td>166-176<\/td>\r\n<\/tr>\r\n<tr>\r\n<td>8XL<\/td>\r\n<td>56\/58<\/td>\r\n<td>176-184<\/td>\r\n<\/tr>\r\n<tr>\r\n<td>9XL<\/td>\r\n<td>58\/60<\/td>\r\n<td>184-192<\/td>\r\n<\/tr>\r\n<tr>\r\n<td>10XL<\/td>\r\n<td>60\/62<\/td>\r\n<td>192-200<\/td>\r\n<\/tr>\r\n<\/tbody>\r\n<\/table>\r\nN'h\u00e9sitez pas \u00e0 nous contacter par t\u00e9l\u00e9phone au 0232687800 pour toutes questions.\r\n\r\nFabriqu\u00e9 en France par notre couturi\u00e8re.\r\n\r\n<strong>Lorsque vous passez commande, le peignoir n\u2019est pas encore cr\u00e9\u00e9, notre couturi\u00e8re va confectionner \u00a0votre peignoir avec la couleur du tissu souhait\u00e9, en y apposant les patronages pour la taille \u00a0et en ajoutant les options que vous aurez s\u00e9lectionn\u00e9es<\/strong>.\r\n\r\nNorme Oeko-Tex\r\n\r\nUn peignoir personnalisable :\r\n\r\nUn Cadeau unique et recherch\u00e9 ?\r\n\r\nChoisissez la couleur, la taille, la\u00a0 longueur (court, long et tr\u00e8s long), ou encore l\u2019option broderie (inscrivez y votre pr\u00e9nom ou surnom)...\r\n\r\nOptez pour un peignoir, brod\u00e9, cr\u00e9\u00e9, confectionn\u00e9 sur demande\u00a0 par Linandelle.\r\n\r\nNous tenons \u00e0 rappeler qu\u2019une personnalisation rend votre peignoir unique, nous r\u00e9alisons ni \u00e9change ni retour.\r\n\r\nInformation de livraison : en raison de la fabrication artisanale de ce mod\u00e8le dans notre atelier, veuillez compter entre 4 \u00e0 7 jours de confection et 48h de livraison.\r\n\r\n<strong>Conseil d'entretien :<\/strong>\r\n\r\nCe peignoir en nid d'abeille a \u00e9t\u00e9 sanforis\u00e9 afin de limiter le retrait \u00e0 8% et non 20%. Il faut malgr\u00e9 tout le laisser tremper \u00e0 l'eau froide quelques heures avant le premier lavage \u00e0 30 \u00b0C.\r\n\r\nEnsuite, seulement un lavage \u00e0 40\u00b0C, au maximum 60\u00b0C sera possible,\u00a0 il fixera d\u00e9finitivement votre peignoir (couleurs, fibres).\r\n\r\nLe s\u00e9chage en machine est d\u00e9conseill\u00e9.\r\n\r\nLe respect de ses instructions de lavage\u00a0 est essentiel pour profiter de la sortie de bain pleinement et durablement.\r\n\r\nEn savoir plus\u00a0:\r\n\r\n- Nid d'abeille 100% coton\r\n\r\n- Fabriqu\u00e9 en France\r\n\r\n- Petites et grandes tailles\r\n\r\n- Finition poches et ceinture\r\n\r\n- Col KIMONO.\r\n\r\n\u00a0","_et_gb_content_width":""},"product_brand":[710],"product_cat":[696,713,697,586,402,25],"product_tag":[],"woo-feed-brand":[],"class_list":{"0":"post-34014","1":"product","2":"type-product","3":"status-publish","4":"has-post-thumbnail","6":"product_brand-linandelle","7":"product_cat-nouveautes-printemps-ete","8":"product_cat-selection-hiver","9":"product_cat-produits-made-in-france","10":"product_cat-nouveautes-linandelle","11":"product_cat-peignoirs-pour-adultes","12":"product_cat-salle-de-bain","13":"tm-has-options","15":"first","16":"instock","17":"sale","18":"taxable","19":"shipping-taxable","20":"purchasable","21":"product-type-variable"},"yoast_head":"<!-- This site is optimized with the Yoast SEO Premium plugin v27.5 (Yoast SEO v27.5) - https:\/\/yoast.com\/product\/yoast-seo-premium-wordpress\/ -->\n<title>Linandelle | Peignoir grande taille adulte en nid d&#039;abeille<\/title>\n<meta name=\"description\" content=\"Sortie de bain en nid d&#039;abeille beige disponible en grandes tailles jusqu&#039;au 10XL pour homme fabriqu\u00e9 en France, avec de nombreuses options personnalisables\" \/>\n<meta name=\"robots\" content=\"index, follow, max-snippet:-1, max-image-preview:large, max-video-preview:-1\" \/>\n<link rel=\"canonical\" href=\"https:\/\/linandelle.com\/fr\/produit\/peignoir-en-nid-dabeille-coloris-blanc-kimon\/\" \/>\n<meta property=\"og:locale\" content=\"fr_FR\" \/>\n<meta property=\"og:type\" content=\"article\" \/>\n<meta property=\"og:title\" content=\"Linandelle | Peignoir grande taille adulte en nid d&#039;abeille\" \/>\n<meta property=\"og:description\" content=\"Sortie de bain en nid d&#039;abeille beige disponible en grandes tailles jusqu&#039;au 10XL pour homme fabriqu\u00e9 en France, avec de nombreuses options personnalisables\" \/>\n<meta property=\"og:url\" content=\"https:\/\/linandelle.com\/fr\/produit\/peignoir-en-nid-dabeille-coloris-blanc-kimon\/\" \/>\n<meta property=\"og:site_name\" content=\"Linandelle\" \/>\n<meta property=\"article:publisher\" content=\"https:\/\/www.facebook.com\/Linandelle\" \/>\n<meta property=\"article:modified_time\" content=\"2026-04-28T17:44:55+00:00\" \/>\n<meta property=\"og:image\" content=\"https:\/\/linandelle.com\/wp-content\/uploads\/2024\/03\/peignoir-kimono-grande-taille-ivoire-.jpg\" \/>\n\t<meta property=\"og:image:width\" content=\"1200\" \/>\n\t<meta property=\"og:image:height\" content=\"1200\" \/>\n\t<meta property=\"og:image:type\" content=\"image\/jpeg\" \/>\n<meta name=\"twitter:card\" content=\"summary_large_image\" \/>\n<meta name=\"twitter:label1\" content=\"Dur\u00e9e de lecture estim\u00e9e\" \/>\n\t<meta name=\"twitter:data1\" content=\"3 minutes\" \/>\n<script type=\"application\/ld+json\" class=\"yoast-schema-graph\">{\"@context\":\"https:\\\/\\\/schema.org\",\"@graph\":[{\"@type\":\"WebPage\",\"@id\":\"https:\\\/\\\/linandelle.com\\\/fr\\\/produit\\\/peignoir-en-nid-dabeille-kimono\\\/\",\"url\":\"https:\\\/\\\/linandelle.com\\\/fr\\\/produit\\\/peignoir-en-nid-dabeille-coloris-blanc-kimon\\\/\",\"name\":\"Linandelle | Peignoir grande taille adulte en nid d'abeille\",\"isPartOf\":{\"@id\":\"https:\\\/\\\/linandelle.com\\\/fr\\\/#website\"},\"primaryImageOfPage\":{\"@id\":\"https:\\\/\\\/linandelle.com\\\/fr\\\/produit\\\/peignoir-en-nid-dabeille-coloris-blanc-kimon\\\/#primaryimage\"},\"image\":{\"@id\":\"https:\\\/\\\/linandelle.com\\\/fr\\\/produit\\\/peignoir-en-nid-dabeille-coloris-blanc-kimon\\\/#primaryimage\"},\"thumbnailUrl\":\"https:\\\/\\\/linandelle.com\\\/wp-content\\\/uploads\\\/2024\\\/03\\\/peignoir-kimono-grande-taille-ivoire-.jpg\",\"datePublished\":\"2022-12-07T08:55:00+00:00\",\"dateModified\":\"2026-04-28T17:44:55+00:00\",\"description\":\"Sortie de bain en nid d'abeille beige disponible en grandes tailles jusqu'au 10XL pour homme fabriqu\u00e9 en France, avec de nombreuses options personnalisables\",\"breadcrumb\":{\"@id\":\"https:\\\/\\\/linandelle.com\\\/fr\\\/produit\\\/peignoir-en-nid-dabeille-coloris-blanc-kimon\\\/#breadcrumb\"},\"inLanguage\":\"fr-FR\",\"potentialAction\":[{\"@type\":\"ReadAction\",\"target\":[\"https:\\\/\\\/linandelle.com\\\/fr\\\/produit\\\/peignoir-en-nid-dabeille-coloris-blanc-kimon\\\/\"]}]},{\"@type\":\"ImageObject\",\"inLanguage\":\"fr-FR\",\"@id\":\"https:\\\/\\\/linandelle.com\\\/fr\\\/produit\\\/peignoir-en-nid-dabeille-coloris-blanc-kimon\\\/#primaryimage\",\"url\":\"https:\\\/\\\/linandelle.com\\\/wp-content\\\/uploads\\\/2024\\\/03\\\/peignoir-kimono-grande-taille-ivoire-.jpg\",\"contentUrl\":\"https:\\\/\\\/linandelle.com\\\/wp-content\\\/uploads\\\/2024\\\/03\\\/peignoir-kimono-grande-taille-ivoire-.jpg\",\"width\":1200,\"height\":1200},{\"@type\":\"BreadcrumbList\",\"@id\":\"https:\\\/\\\/linandelle.com\\\/fr\\\/produit\\\/peignoir-en-nid-dabeille-coloris-blanc-kimon\\\/#breadcrumb\",\"itemListElement\":[{\"@type\":\"ListItem\",\"position\":1,\"name\":\"Produits\",\"item\":\"https:\\\/\\\/linandelle.com\\\/fr\\\/shop\\\/\"},{\"@type\":\"ListItem\",\"position\":2,\"name\":\"Peignoir mixte coton 57 fils nid d&rsquo;abeille KIMONO\"}]},{\"@type\":\"WebSite\",\"@id\":\"https:\\\/\\\/linandelle.com\\\/fr\\\/#website\",\"url\":\"https:\\\/\\\/linandelle.com\\\/fr\\\/\",\"name\":\"Linandelle\",\"description\":\"Linandelle, plus que du linge, l&#039;essentiel\",\"publisher\":{\"@id\":\"https:\\\/\\\/linandelle.com\\\/fr\\\/#organization\"},\"potentialAction\":[{\"@type\":\"SearchAction\",\"target\":{\"@type\":\"EntryPoint\",\"urlTemplate\":\"https:\\\/\\\/linandelle.com\\\/fr\\\/?s={search_term_string}\"},\"query-input\":{\"@type\":\"PropertyValueSpecification\",\"valueRequired\":true,\"valueName\":\"search_term_string\"}}],\"inLanguage\":\"fr-FR\"},{\"@type\":\"Organization\",\"@id\":\"https:\\\/\\\/linandelle.com\\\/fr\\\/#organization\",\"name\":\"Linandelle\",\"url\":\"https:\\\/\\\/linandelle.com\\\/fr\\\/\",\"logo\":{\"@type\":\"ImageObject\",\"inLanguage\":\"fr-FR\",\"@id\":\"https:\\\/\\\/linandelle.com\\\/fr\\\/#\\\/schema\\\/logo\\\/image\\\/\",\"url\":\"https:\\\/\\\/linandelle.com\\\/wp-content\\\/uploads\\\/2022\\\/03\\\/logo-linandelle.jpg\",\"contentUrl\":\"https:\\\/\\\/linandelle.com\\\/wp-content\\\/uploads\\\/2022\\\/03\\\/logo-linandelle.jpg\",\"width\":739,\"height\":738,\"caption\":\"Linandelle\"},\"image\":{\"@id\":\"https:\\\/\\\/linandelle.com\\\/fr\\\/#\\\/schema\\\/logo\\\/image\\\/\"},\"sameAs\":[\"https:\\\/\\\/www.facebook.com\\\/Linandelle\",\"https:\\\/\\\/www.instagram.com\\\/linandelle\\\/\",\"https:\\\/\\\/www.linkedin.com\\\/company\\\/18483801\\\/admin\\\/dashboard\\\/\",\"https:\\\/\\\/www.pinterest.fr\\\/linandelle\\\/_created\\\/\",\"https:\\\/\\\/www.youtube.com\\\/@linandellecharleval1016\"],\"email\":\"contact@linandelle.com\",\"telephone\":\"0232687800\",\"legalName\":\"SARL DU PONT DES JARDINS\",\"vatID\":\"FR27448856641\",\"taxID\":\"44885664100015\",\"numberOfEmployees\":{\"@type\":\"QuantitativeValue\",\"minValue\":\"1\",\"maxValue\":\"10\"}}]}<\/script>\n<!-- \/ Yoast SEO Premium plugin. -->","yoast_head_json":{"title":"Linandelle | Peignoir grande taille adulte en nid d'abeille","description":"Sortie de bain en nid d'abeille beige disponible en grandes tailles jusqu'au 10XL pour homme fabriqu\u00e9 en France, avec de nombreuses options personnalisables","robots":{"index":"index","follow":"follow","max-snippet":"max-snippet:-1","max-image-preview":"max-image-preview:large","max-video-preview":"max-video-preview:-1"},"canonical":"https:\/\/linandelle.com\/fr\/produit\/peignoir-en-nid-dabeille-coloris-blanc-kimon\/","og_locale":"fr_FR","og_type":"article","og_title":"Linandelle | Peignoir grande taille adulte en nid d'abeille","og_description":"Sortie de bain en nid d'abeille beige disponible en grandes tailles jusqu'au 10XL pour homme fabriqu\u00e9 en France, avec de nombreuses options personnalisables","og_url":"https:\/\/linandelle.com\/fr\/produit\/peignoir-en-nid-dabeille-coloris-blanc-kimon\/","og_site_name":"Linandelle","article_publisher":"https:\/\/www.facebook.com\/Linandelle","article_modified_time":"2026-04-28T17:44:55+00:00","og_image":[{"width":1200,"height":1200,"url":"https:\/\/linandelle.com\/wp-content\/uploads\/2024\/03\/peignoir-kimono-grande-taille-ivoire-.jpg","type":"image\/jpeg"}],"twitter_card":"summary_large_image","twitter_misc":{"Dur\u00e9e de lecture estim\u00e9e":"3 minutes"},"schema":{"@context":"https:\/\/schema.org","@graph":[{"@type":"WebPage","@id":"https:\/\/linandelle.com\/fr\/produit\/peignoir-en-nid-dabeille-kimono\/","url":"https:\/\/linandelle.com\/fr\/produit\/peignoir-en-nid-dabeille-coloris-blanc-kimon\/","name":"Linandelle | Peignoir grande taille adulte en nid d'abeille","isPartOf":{"@id":"https:\/\/linandelle.com\/fr\/#website"},"primaryImageOfPage":{"@id":"https:\/\/linandelle.com\/fr\/produit\/peignoir-en-nid-dabeille-coloris-blanc-kimon\/#primaryimage"},"image":{"@id":"https:\/\/linandelle.com\/fr\/produit\/peignoir-en-nid-dabeille-coloris-blanc-kimon\/#primaryimage"},"thumbnailUrl":"https:\/\/linandelle.com\/wp-content\/uploads\/2024\/03\/peignoir-kimono-grande-taille-ivoire-.jpg","datePublished":"2022-12-07T08:55:00+00:00","dateModified":"2026-04-28T17:44:55+00:00","description":"Sortie de bain en nid d'abeille beige disponible en grandes tailles jusqu'au 10XL pour homme fabriqu\u00e9 en France, avec de nombreuses options personnalisables","breadcrumb":{"@id":"https:\/\/linandelle.com\/fr\/produit\/peignoir-en-nid-dabeille-coloris-blanc-kimon\/#breadcrumb"},"inLanguage":"fr-FR","potentialAction":[{"@type":"ReadAction","target":["https:\/\/linandelle.com\/fr\/produit\/peignoir-en-nid-dabeille-coloris-blanc-kimon\/"]}]},{"@type":"ImageObject","inLanguage":"fr-FR","@id":"https:\/\/linandelle.com\/fr\/produit\/peignoir-en-nid-dabeille-coloris-blanc-kimon\/#primaryimage","url":"https:\/\/linandelle.com\/wp-content\/uploads\/2024\/03\/peignoir-kimono-grande-taille-ivoire-.jpg","contentUrl":"https:\/\/linandelle.com\/wp-content\/uploads\/2024\/03\/peignoir-kimono-grande-taille-ivoire-.jpg","width":1200,"height":1200},{"@type":"BreadcrumbList","@id":"https:\/\/linandelle.com\/fr\/produit\/peignoir-en-nid-dabeille-coloris-blanc-kimon\/#breadcrumb","itemListElement":[{"@type":"ListItem","position":1,"name":"Produits","item":"https:\/\/linandelle.com\/fr\/shop\/"},{"@type":"ListItem","position":2,"name":"Peignoir mixte coton 57 fils nid d&rsquo;abeille KIMONO"}]},{"@type":"WebSite","@id":"https:\/\/linandelle.com\/fr\/#website","url":"https:\/\/linandelle.com\/fr\/","name":"Linandelle","description":"Linandelle, plus que du linge, l&#039;essentiel","publisher":{"@id":"https:\/\/linandelle.com\/fr\/#organization"},"potentialAction":[{"@type":"SearchAction","target":{"@type":"EntryPoint","urlTemplate":"https:\/\/linandelle.com\/fr\/?s={search_term_string}"},"query-input":{"@type":"PropertyValueSpecification","valueRequired":true,"valueName":"search_term_string"}}],"inLanguage":"fr-FR"},{"@type":"Organization","@id":"https:\/\/linandelle.com\/fr\/#organization","name":"Linandelle","url":"https:\/\/linandelle.com\/fr\/","logo":{"@type":"ImageObject","inLanguage":"fr-FR","@id":"https:\/\/linandelle.com\/fr\/#\/schema\/logo\/image\/","url":"https:\/\/linandelle.com\/wp-content\/uploads\/2022\/03\/logo-linandelle.jpg","contentUrl":"https:\/\/linandelle.com\/wp-content\/uploads\/2022\/03\/logo-linandelle.jpg","width":739,"height":738,"caption":"Linandelle"},"image":{"@id":"https:\/\/linandelle.com\/fr\/#\/schema\/logo\/image\/"},"sameAs":["https:\/\/www.facebook.com\/Linandelle","https:\/\/www.instagram.com\/linandelle\/","https:\/\/www.linkedin.com\/company\/18483801\/admin\/dashboard\/","https:\/\/www.pinterest.fr\/linandelle\/_created\/","https:\/\/www.youtube.com\/@linandellecharleval1016"],"email":"contact@linandelle.com","telephone":"0232687800","legalName":"SARL DU PONT DES JARDINS","vatID":"FR27448856641","taxID":"44885664100015","numberOfEmployees":{"@type":"QuantitativeValue","minValue":"1","maxValue":"10"}}]}},"_links":{"self":[{"href":"https:\/\/linandelle.com\/fr\/wp-json\/wp\/v2\/product\/34014","targetHints":{"allow":["GET"]}}],"collection":[{"href":"https:\/\/linandelle.com\/fr\/wp-json\/wp\/v2\/product"}],"about":[{"href":"https:\/\/linandelle.com\/fr\/wp-json\/wp\/v2\/types\/product"}],"wp:featuredmedia":[{"embeddable":true,"href":"https:\/\/linandelle.com\/fr\/wp-json\/wp\/v2\/media\/74669"}],"wp:attachment":[{"href":"https:\/\/linandelle.com\/fr\/wp-json\/wp\/v2\/media?parent=34014"}],"wp:term":[{"taxonomy":"product_brand","embeddable":true,"href":"https:\/\/linandelle.com\/fr\/wp-json\/wp\/v2\/product_brand?post=34014"},{"taxonomy":"product_cat","embeddable":true,"href":"https:\/\/linandelle.com\/fr\/wp-json\/wp\/v2\/product_cat?post=34014"},{"taxonomy":"product_tag","embeddable":true,"href":"https:\/\/linandelle.com\/fr\/wp-json\/wp\/v2\/product_tag?post=34014"},{"taxonomy":"woo-feed-brand","embeddable":true,"href":"https:\/\/linandelle.com\/fr\/wp-json\/wp\/v2\/woo-feed-brand?post=34014"}],"curies":[{"name":"wp","href":"https:\/\/api.w.org\/{rel}","templated":true}]}}