{"id":35474,"date":"2023-02-23T17:21:38","date_gmt":"2023-02-23T16:21:38","guid":{"rendered":"https:\/\/linandelle.com\/fr\/?post_type=product&#038;p=35474"},"modified":"2026-04-22T09:16:22","modified_gmt":"2026-04-22T07:16:22","slug":"tablier-100-lin-reglable-ajustable-made-in-france","status":"publish","type":"product","link":"https:\/\/linandelle.com\/fr\/produit\/tablier-100-lin-reglable-ajustable-made-in-france\/","title":{"rendered":"Tablier adulte r\u00e9glable et ajustable 100% Lin LINELLE"},"content":{"rendered":"<h4><u>Tablier r\u00e9glable et ajustable 100% Lin LINELLE<\/u><\/h4>\n<p>Un tablier 100% lin fabriqu\u00e9s en <strong>France<\/strong> dans nos ateliers.<\/p>\n<div id=\"mainProductDescription\">\n<p>Totalement ajustable gr\u00e2ce \u00e0 son attache r\u00e9glable par coulisse, nous avons pens\u00e9 ce tablier pour qu&rsquo;il soit le plus pratique possible et faire profiter tous les membres de la famille. \u00ab\u00a0Je veux aussi\u00a0 mon tablier comme les grands pour aller avec celui de papa et maman \u00a0\u00bb <a href=\"https:\/\/linandelle.com\/fr\/produit\/tablier-enfant-reglable-et-ajustable-100-lin-linelle\/\">tablier enfant<\/a> . <strong>Caract\u00e9ristiques du tablier:<\/strong><\/p>\n<ul>\n<li>&#8211; Vendu \u00e0 l&rsquo;unit\u00e9<\/li>\n<li>&#8211; Dimension du tablier : jusqu\u2019\u00e0 120cm (la longueur peut varier en fonction du r\u00e9glage que vous accordez \u00e0 l\u2019attache)<\/li>\n<li>&#8211; 100% Lin 240gr m\u00b2<\/li>\n<li>-Coloris : naturel.<\/li>\n<li>-Lavage \u00e0 40\u00b0C en machine.<\/li>\n<li>Fermeture \u00e0 liens r\u00e9glable par coulisse<\/li>\n<li>Fabriqu\u00e9 en France.<\/li>\n<\/ul>\n<p>Ce produit lab\u00e9llis\u00e9 STANDARD 100 by OEKO-TEX\u00ae &#8211; certificat n\u00b0 CQ 1102\/4 IFTH suit un processus de fabrication certifi\u00e9 et contr\u00f4l\u00e9, respectueux de votre peau. \u2022 Le STANDARD 100 by OEKO-TEX\u00ae est le premier label qui r\u00e9pond aux besoins des consommateurs en mati\u00e8re d\u2019\u00e9cologie humaine. Il garantit l\u2019absence, dans les articles certifi\u00e9s de substances nocives ou pouvant pr\u00e9senter un risque pour la sant\u00e9\u00bb<\/p>\n<\/div>\n<p>En savoir plus : &#8211; Tablier 100% lin &#8211; Tablier r\u00e9glable &#8211; Fabriqu\u00e9 en France &#8211; Tablier naturel &#8211; 240gr m\u00b2 .<\/p>\n","protected":false},"excerpt":{"rendered":"<p>Tablier r\u00e9glable et ajustable 100% Lin LINELLE Un tablier 100% lin fabriqu\u00e9s en France dans nos ateliers. Totalement ajustable gr\u00e2ce \u00e0 son attache r\u00e9glable par coulisse, nous avons pens\u00e9 ce tablier pour qu&rsquo;il soit le plus pratique possible et faire profiter tous les membres de la famille. \u00ab\u00a0Je veux aussi\u00a0 mon tablier comme les grands [&hellip;]<\/p>\n","protected":false},"featured_media":36067,"template":"","meta":{"_et_pb_use_builder":"off","_et_pb_old_content":"<h4><u>Tablier r\u00e9glable et ajustable 100% Lin LINELLE<\/u><\/h4>\r\nUn tablier 100% lin fabriqu\u00e9s en <strong>France<\/strong> dans nos ateliers.\r\n<div id=\"mainProductDescription\">\r\n\r\nTotalement ajustable gr\u00e2ce \u00e0 son attache r\u00e9glable par coulisse, nous avons pens\u00e9 ce tablier pour qu'il soit le plus pratique possible et faire profiter tous les membres de la famille. \"Je veux aussi\u00a0 mon tablier comme les grands pour aller avec celui de papa et maman \" <a href=\"https:\/\/linandelle.com\/fr\/produit\/tablier-enfant-reglable-et-ajustable-100-lin-linelle\/\">tablier enfant<\/a> . <strong>Caract\u00e9ristiques du tablier:<\/strong>\r\n<ul>\r\n \t<li>- Vendu \u00e0 l'unit\u00e9<\/li>\r\n \t<li>- Dimension du tablier : jusqu\u2019\u00e0 120cm (la longueur peut varier en fonction du r\u00e9glage que vous accordez \u00e0 l\u2019attache)<\/li>\r\n \t<li>- 100% Lin<\/li>\r\n \t<li>-Coloris : naturel.<\/li>\r\n \t<li>-Lavage \u00e0 40\u00b0C en machine.<\/li>\r\n \t<li>Fermeture \u00e0 liens r\u00e9glable par coulisse<\/li>\r\n \t<li>Fabriqu\u00e9 en France.<\/li>\r\n<\/ul>\r\nCe produit lab\u00e9llis\u00e9 STANDARD 100 by OEKO-TEX\u00ae - certificat n\u00b0 CQ 1102\/4 IFTH suit un processus de fabrication certifi\u00e9 et contr\u00f4l\u00e9, respectueux de votre peau. \u2022 Le STANDARD 100 by OEKO-TEX\u00ae est le premier label qui r\u00e9pond aux besoins des consommateurs en mati\u00e8re d\u2019\u00e9cologie humaine. Il garantit l\u2019absence, dans les articles certifi\u00e9s de substances nocives ou pouvant pr\u00e9senter un risque pour la sant\u00e9\u00bb\r\n\r\n<\/div>\r\nEn savoir plus\u00a0: - Tablier 100% lin - Tablier r\u00e9glable - Fabriqu\u00e9 en France - Tablier naturel - 170gr m\u00b2 .","_et_gb_content_width":""},"product_brand":[710],"product_cat":[696,704,697,636,27,337],"product_tag":[],"woo-feed-brand":[],"class_list":{"0":"post-35474","1":"product","2":"type-product","3":"status-publish","4":"has-post-thumbnail","6":"product_brand-linandelle","7":"product_cat-nouveautes-printemps-ete","8":"product_cat-gamme-en-lin","9":"product_cat-produits-made-in-france","10":"product_cat-noel","11":"product_cat-table","12":"product_cat-bavoirs-pour-adultes","13":"tm-has-options","15":"first","16":"instock","17":"sale","18":"featured","19":"taxable","20":"shipping-taxable","21":"purchasable","22":"product-type-simple"},"yoast_head":"<!-- This site is optimized with the Yoast SEO Premium plugin v27.4 (Yoast SEO v27.4) - https:\/\/yoast.com\/product\/yoast-seo-premium-wordpress\/ -->\n<title>Tablier 100% lin r\u00e9glable made in France<\/title>\n<meta name=\"description\" content=\"Linandelle vous propose son tablier 100% fran\u00e7ais en lin , pratique et innovant gr\u00e2ce \u00e0 son attache r\u00e9glable et totalement ajustable.\" \/>\n<meta name=\"robots\" content=\"index, follow, max-snippet:-1, max-image-preview:large, max-video-preview:-1\" \/>\n<link rel=\"canonical\" href=\"https:\/\/linandelle.com\/fr\/produit\/tablier-100-lin-reglable-ajustable-made-in-france\/\" \/>\n<meta property=\"og:locale\" content=\"fr_FR\" \/>\n<meta property=\"og:type\" content=\"article\" \/>\n<meta property=\"og:title\" content=\"Tablier 100% lin r\u00e9glable made in France\" \/>\n<meta property=\"og:description\" content=\"Linandelle vous propose son tablier 100% fran\u00e7ais en lin , pratique et innovant gr\u00e2ce \u00e0 son attache r\u00e9glable et totalement ajustable.\" \/>\n<meta property=\"og:url\" content=\"https:\/\/linandelle.com\/fr\/produit\/tablier-100-lin-reglable-ajustable-made-in-france\/\" \/>\n<meta property=\"og:site_name\" content=\"Linandelle\" \/>\n<meta property=\"article:publisher\" content=\"https:\/\/www.facebook.com\/Linandelle\" \/>\n<meta property=\"article:modified_time\" content=\"2026-04-22T07:16:22+00:00\" \/>\n<meta property=\"og:image\" content=\"https:\/\/linandelle.com\/wp-content\/uploads\/2023\/02\/ambiance-tablier-adulte.jpg\" \/>\n\t<meta property=\"og:image:width\" content=\"1200\" \/>\n\t<meta property=\"og:image:height\" content=\"1200\" \/>\n\t<meta property=\"og:image:type\" content=\"image\/jpeg\" \/>\n<meta name=\"twitter:card\" content=\"summary_large_image\" \/>\n<meta name=\"twitter:label1\" content=\"Dur\u00e9e de lecture estim\u00e9e\" \/>\n\t<meta name=\"twitter:data1\" content=\"2 minutes\" \/>\n<script type=\"application\/ld+json\" class=\"yoast-schema-graph\">{\"@context\":\"https:\\\/\\\/schema.org\",\"@graph\":[{\"@type\":\"WebPage\",\"@id\":\"https:\\\/\\\/linandelle.com\\\/fr\\\/produit\\\/tablier-100-lin-reglable-ajustable-made-in-france\\\/\",\"url\":\"https:\\\/\\\/linandelle.com\\\/fr\\\/produit\\\/tablier-100-lin-reglable-ajustable-made-in-france\\\/\",\"name\":\"Tablier 100% lin r\u00e9glable made in France\",\"isPartOf\":{\"@id\":\"https:\\\/\\\/linandelle.com\\\/fr\\\/#website\"},\"primaryImageOfPage\":{\"@id\":\"https:\\\/\\\/linandelle.com\\\/fr\\\/produit\\\/tablier-100-lin-reglable-ajustable-made-in-france\\\/#primaryimage\"},\"image\":{\"@id\":\"https:\\\/\\\/linandelle.com\\\/fr\\\/produit\\\/tablier-100-lin-reglable-ajustable-made-in-france\\\/#primaryimage\"},\"thumbnailUrl\":\"https:\\\/\\\/linandelle.com\\\/wp-content\\\/uploads\\\/2023\\\/02\\\/ambiance-tablier-adulte.jpg\",\"datePublished\":\"2023-02-23T16:21:38+00:00\",\"dateModified\":\"2026-04-22T07:16:22+00:00\",\"description\":\"Linandelle vous propose son tablier 100% fran\u00e7ais en lin , pratique et innovant gr\u00e2ce \u00e0 son attache r\u00e9glable et totalement ajustable.\",\"breadcrumb\":{\"@id\":\"https:\\\/\\\/linandelle.com\\\/fr\\\/produit\\\/tablier-100-lin-reglable-ajustable-made-in-france\\\/#breadcrumb\"},\"inLanguage\":\"fr-FR\",\"potentialAction\":[{\"@type\":\"ReadAction\",\"target\":[\"https:\\\/\\\/linandelle.com\\\/fr\\\/produit\\\/tablier-100-lin-reglable-ajustable-made-in-france\\\/\"]}]},{\"@type\":\"ImageObject\",\"inLanguage\":\"fr-FR\",\"@id\":\"https:\\\/\\\/linandelle.com\\\/fr\\\/produit\\\/tablier-100-lin-reglable-ajustable-made-in-france\\\/#primaryimage\",\"url\":\"https:\\\/\\\/linandelle.com\\\/wp-content\\\/uploads\\\/2023\\\/02\\\/ambiance-tablier-adulte.jpg\",\"contentUrl\":\"https:\\\/\\\/linandelle.com\\\/wp-content\\\/uploads\\\/2023\\\/02\\\/ambiance-tablier-adulte.jpg\",\"width\":1200,\"height\":1200},{\"@type\":\"BreadcrumbList\",\"@id\":\"https:\\\/\\\/linandelle.com\\\/fr\\\/produit\\\/tablier-100-lin-reglable-ajustable-made-in-france\\\/#breadcrumb\",\"itemListElement\":[{\"@type\":\"ListItem\",\"position\":1,\"name\":\"Produits\",\"item\":\"https:\\\/\\\/linandelle.com\\\/fr\\\/shop\\\/\"},{\"@type\":\"ListItem\",\"position\":2,\"name\":\"Tablier adulte r\u00e9glable et ajustable 100% Lin LINELLE\"}]},{\"@type\":\"WebSite\",\"@id\":\"https:\\\/\\\/linandelle.com\\\/fr\\\/#website\",\"url\":\"https:\\\/\\\/linandelle.com\\\/fr\\\/\",\"name\":\"Linandelle\",\"description\":\"Linandelle, plus que du linge, l&#039;essentiel\",\"publisher\":{\"@id\":\"https:\\\/\\\/linandelle.com\\\/fr\\\/#organization\"},\"potentialAction\":[{\"@type\":\"SearchAction\",\"target\":{\"@type\":\"EntryPoint\",\"urlTemplate\":\"https:\\\/\\\/linandelle.com\\\/fr\\\/?s={search_term_string}\"},\"query-input\":{\"@type\":\"PropertyValueSpecification\",\"valueRequired\":true,\"valueName\":\"search_term_string\"}}],\"inLanguage\":\"fr-FR\"},{\"@type\":\"Organization\",\"@id\":\"https:\\\/\\\/linandelle.com\\\/fr\\\/#organization\",\"name\":\"Linandelle\",\"url\":\"https:\\\/\\\/linandelle.com\\\/fr\\\/\",\"logo\":{\"@type\":\"ImageObject\",\"inLanguage\":\"fr-FR\",\"@id\":\"https:\\\/\\\/linandelle.com\\\/fr\\\/#\\\/schema\\\/logo\\\/image\\\/\",\"url\":\"https:\\\/\\\/linandelle.com\\\/wp-content\\\/uploads\\\/2022\\\/03\\\/logo-linandelle.jpg\",\"contentUrl\":\"https:\\\/\\\/linandelle.com\\\/wp-content\\\/uploads\\\/2022\\\/03\\\/logo-linandelle.jpg\",\"width\":739,\"height\":738,\"caption\":\"Linandelle\"},\"image\":{\"@id\":\"https:\\\/\\\/linandelle.com\\\/fr\\\/#\\\/schema\\\/logo\\\/image\\\/\"},\"sameAs\":[\"https:\\\/\\\/www.facebook.com\\\/Linandelle\",\"https:\\\/\\\/www.instagram.com\\\/linandelle\\\/\",\"https:\\\/\\\/www.linkedin.com\\\/company\\\/18483801\\\/admin\\\/dashboard\\\/\",\"https:\\\/\\\/www.pinterest.fr\\\/linandelle\\\/_created\\\/\",\"https:\\\/\\\/www.youtube.com\\\/@linandellecharleval1016\"],\"email\":\"contact@linandelle.com\",\"telephone\":\"0232687800\",\"legalName\":\"SARL DU PONT DES JARDINS\",\"vatID\":\"FR27448856641\",\"taxID\":\"44885664100015\",\"numberOfEmployees\":{\"@type\":\"QuantitativeValue\",\"minValue\":\"1\",\"maxValue\":\"10\"}}]}<\/script>\n<!-- \/ Yoast SEO Premium plugin. -->","yoast_head_json":{"title":"Tablier 100% lin r\u00e9glable made in France","description":"Linandelle vous propose son tablier 100% fran\u00e7ais en lin , pratique et innovant gr\u00e2ce \u00e0 son attache r\u00e9glable et totalement ajustable.","robots":{"index":"index","follow":"follow","max-snippet":"max-snippet:-1","max-image-preview":"max-image-preview:large","max-video-preview":"max-video-preview:-1"},"canonical":"https:\/\/linandelle.com\/fr\/produit\/tablier-100-lin-reglable-ajustable-made-in-france\/","og_locale":"fr_FR","og_type":"article","og_title":"Tablier 100% lin r\u00e9glable made in France","og_description":"Linandelle vous propose son tablier 100% fran\u00e7ais en lin , pratique et innovant gr\u00e2ce \u00e0 son attache r\u00e9glable et totalement ajustable.","og_url":"https:\/\/linandelle.com\/fr\/produit\/tablier-100-lin-reglable-ajustable-made-in-france\/","og_site_name":"Linandelle","article_publisher":"https:\/\/www.facebook.com\/Linandelle","article_modified_time":"2026-04-22T07:16:22+00:00","og_image":[{"width":1200,"height":1200,"url":"https:\/\/linandelle.com\/wp-content\/uploads\/2023\/02\/ambiance-tablier-adulte.jpg","type":"image\/jpeg"}],"twitter_card":"summary_large_image","twitter_misc":{"Dur\u00e9e de lecture estim\u00e9e":"2 minutes"},"schema":{"@context":"https:\/\/schema.org","@graph":[{"@type":"WebPage","@id":"https:\/\/linandelle.com\/fr\/produit\/tablier-100-lin-reglable-ajustable-made-in-france\/","url":"https:\/\/linandelle.com\/fr\/produit\/tablier-100-lin-reglable-ajustable-made-in-france\/","name":"Tablier 100% lin r\u00e9glable made in France","isPartOf":{"@id":"https:\/\/linandelle.com\/fr\/#website"},"primaryImageOfPage":{"@id":"https:\/\/linandelle.com\/fr\/produit\/tablier-100-lin-reglable-ajustable-made-in-france\/#primaryimage"},"image":{"@id":"https:\/\/linandelle.com\/fr\/produit\/tablier-100-lin-reglable-ajustable-made-in-france\/#primaryimage"},"thumbnailUrl":"https:\/\/linandelle.com\/wp-content\/uploads\/2023\/02\/ambiance-tablier-adulte.jpg","datePublished":"2023-02-23T16:21:38+00:00","dateModified":"2026-04-22T07:16:22+00:00","description":"Linandelle vous propose son tablier 100% fran\u00e7ais en lin , pratique et innovant gr\u00e2ce \u00e0 son attache r\u00e9glable et totalement ajustable.","breadcrumb":{"@id":"https:\/\/linandelle.com\/fr\/produit\/tablier-100-lin-reglable-ajustable-made-in-france\/#breadcrumb"},"inLanguage":"fr-FR","potentialAction":[{"@type":"ReadAction","target":["https:\/\/linandelle.com\/fr\/produit\/tablier-100-lin-reglable-ajustable-made-in-france\/"]}]},{"@type":"ImageObject","inLanguage":"fr-FR","@id":"https:\/\/linandelle.com\/fr\/produit\/tablier-100-lin-reglable-ajustable-made-in-france\/#primaryimage","url":"https:\/\/linandelle.com\/wp-content\/uploads\/2023\/02\/ambiance-tablier-adulte.jpg","contentUrl":"https:\/\/linandelle.com\/wp-content\/uploads\/2023\/02\/ambiance-tablier-adulte.jpg","width":1200,"height":1200},{"@type":"BreadcrumbList","@id":"https:\/\/linandelle.com\/fr\/produit\/tablier-100-lin-reglable-ajustable-made-in-france\/#breadcrumb","itemListElement":[{"@type":"ListItem","position":1,"name":"Produits","item":"https:\/\/linandelle.com\/fr\/shop\/"},{"@type":"ListItem","position":2,"name":"Tablier adulte r\u00e9glable et ajustable 100% Lin LINELLE"}]},{"@type":"WebSite","@id":"https:\/\/linandelle.com\/fr\/#website","url":"https:\/\/linandelle.com\/fr\/","name":"Linandelle","description":"Linandelle, plus que du linge, l&#039;essentiel","publisher":{"@id":"https:\/\/linandelle.com\/fr\/#organization"},"potentialAction":[{"@type":"SearchAction","target":{"@type":"EntryPoint","urlTemplate":"https:\/\/linandelle.com\/fr\/?s={search_term_string}"},"query-input":{"@type":"PropertyValueSpecification","valueRequired":true,"valueName":"search_term_string"}}],"inLanguage":"fr-FR"},{"@type":"Organization","@id":"https:\/\/linandelle.com\/fr\/#organization","name":"Linandelle","url":"https:\/\/linandelle.com\/fr\/","logo":{"@type":"ImageObject","inLanguage":"fr-FR","@id":"https:\/\/linandelle.com\/fr\/#\/schema\/logo\/image\/","url":"https:\/\/linandelle.com\/wp-content\/uploads\/2022\/03\/logo-linandelle.jpg","contentUrl":"https:\/\/linandelle.com\/wp-content\/uploads\/2022\/03\/logo-linandelle.jpg","width":739,"height":738,"caption":"Linandelle"},"image":{"@id":"https:\/\/linandelle.com\/fr\/#\/schema\/logo\/image\/"},"sameAs":["https:\/\/www.facebook.com\/Linandelle","https:\/\/www.instagram.com\/linandelle\/","https:\/\/www.linkedin.com\/company\/18483801\/admin\/dashboard\/","https:\/\/www.pinterest.fr\/linandelle\/_created\/","https:\/\/www.youtube.com\/@linandellecharleval1016"],"email":"contact@linandelle.com","telephone":"0232687800","legalName":"SARL DU PONT DES JARDINS","vatID":"FR27448856641","taxID":"44885664100015","numberOfEmployees":{"@type":"QuantitativeValue","minValue":"1","maxValue":"10"}}]}},"_links":{"self":[{"href":"https:\/\/linandelle.com\/fr\/wp-json\/wp\/v2\/product\/35474","targetHints":{"allow":["GET"]}}],"collection":[{"href":"https:\/\/linandelle.com\/fr\/wp-json\/wp\/v2\/product"}],"about":[{"href":"https:\/\/linandelle.com\/fr\/wp-json\/wp\/v2\/types\/product"}],"wp:featuredmedia":[{"embeddable":true,"href":"https:\/\/linandelle.com\/fr\/wp-json\/wp\/v2\/media\/36067"}],"wp:attachment":[{"href":"https:\/\/linandelle.com\/fr\/wp-json\/wp\/v2\/media?parent=35474"}],"wp:term":[{"taxonomy":"product_brand","embeddable":true,"href":"https:\/\/linandelle.com\/fr\/wp-json\/wp\/v2\/product_brand?post=35474"},{"taxonomy":"product_cat","embeddable":true,"href":"https:\/\/linandelle.com\/fr\/wp-json\/wp\/v2\/product_cat?post=35474"},{"taxonomy":"product_tag","embeddable":true,"href":"https:\/\/linandelle.com\/fr\/wp-json\/wp\/v2\/product_tag?post=35474"},{"taxonomy":"woo-feed-brand","embeddable":true,"href":"https:\/\/linandelle.com\/fr\/wp-json\/wp\/v2\/woo-feed-brand?post=35474"}],"curies":[{"name":"wp","href":"https:\/\/api.w.org\/{rel}","templated":true}]}}