{"id":35495,"date":"2023-02-24T15:31:31","date_gmt":"2023-02-24T14:31:31","guid":{"rendered":"https:\/\/linandelle.com\/fr\/?post_type=product&#038;p=35495"},"modified":"2026-04-04T03:10:54","modified_gmt":"2026-04-04T01:10:54","slug":"sac-a-pain-baguette-tissu-lin-france-linelle","status":"publish","type":"product","link":"https:\/\/linandelle.com\/fr\/produit\/sac-a-pain-baguette-tissu-lin-france-linelle\/","title":{"rendered":"Sac \u00e0 pain et baguette 100% Lin LINELLE"},"content":{"rendered":"<h4><u>Sac \u00e0 pain 100% Lin LINELLE<\/u><\/h4>\n<div id=\"mainProductDescription\">\n<div>Linandelle vous propose ses deux tailles de sac \u00e0 pain pratique et \u00e9cologique.<\/div>\n<div>Il \u00e9vite que le pain tranch\u00e9 ou pain baguette ne s\u00e8che et durcisse trop vite.<\/div>\n<div><\/div>\n<div>Finies les miettes dans la voiture ou encore sur la table de cuisine.<\/div>\n<div><strong>Z\u00e9ro d\u00e9chet, les sacs sont r\u00e9utilisables pendant plusieurs ann\u00e9es !<\/strong><\/div>\n<div><\/div>\n<div>Enfin, il peut \u00eatre suspendu gr\u00e2ce \u00e0 ses liens.<\/div>\n<\/div>\n<div><\/div>\n<div><strong><u>Caract\u00e9ristiques du sac \u00e0 pain :<\/u><\/strong><\/div>\n<div id=\"mainProductDescription\">\n<ul>\n<li>Vendus \u00e0 l&rsquo;unit\u00e9<\/li>\n<li>\u00a0Dimension du sac : 50x30cm ou 70x30cm.<\/li>\n<li>100% Lin 240gr m\u00b2<\/li>\n<li>Coloris : naturel.<\/li>\n<li>Lavage \u00e0 60\u00b0C en machine.<\/li>\n<li>Liens en coton<\/li>\n<li>Fabriqu\u00e9 en France.<\/li>\n<\/ul>\n<p>Ce produit lab\u00e9llis\u00e9 STANDARD 100 by OEKO-TEX\u00ae &#8211; certificat n\u00b0 CQ 1102\/4 IFTH suit un processus de fabrication certifi\u00e9 et contr\u00f4l\u00e9, respectueux de votre peau. \u2022 Le STANDARD 100 by OEKO-TEX\u00ae est le premier label qui r\u00e9pond aux besoins des consommateurs en mati\u00e8re d\u2019\u00e9cologie humaine. Il garantit l\u2019absence, dans les articles certifi\u00e9s de substances nocives ou pouvant pr\u00e9senter un risque pour la sant\u00e9\u00bb<\/p>\n<\/div>\n<p>En savoir plus : &#8211; Sac \u00e0 pain naturel &#8211; Sac \u00e0 pain 100% lin &#8211; Fabriqu\u00e9 en France &#8211; Sac \u00e0 pain \u00e0 liens &#8211; 70&#215;30.<\/p>\n","protected":false},"excerpt":{"rendered":"<p>Petit et grand sac \u00e0 pain en tissu 100% lin, Fabriqu\u00e9s en France dans nos ateliers, livraison rapide 48\/72h.<\/p>\n","protected":false},"featured_media":36064,"template":"","meta":{"_et_pb_use_builder":"off","_et_pb_old_content":"<h4><u>Sac \u00e0 pain 100% Lin LINELLE<\/u><\/h4>\r\n<div id=\"mainProductDescription\">\r\n<div>Linandelle vous propose ses deux tailles de sac \u00e0 pain pratique et \u00e9cologique.<\/div>\r\n<div>Il \u00e9vite que le pain tranch\u00e9 ou pain baguette ne s\u00e8che et durcisse trop vite.<\/div>\r\n<div><\/div>\r\n<div>Finies les miettes dans la voiture ou encore sur la table de cuisine.<\/div>\r\n<div><strong>Z\u00e9ro d\u00e9chet, les sacs sont r\u00e9utilisables pendant plusieurs ann\u00e9es !<\/strong><\/div>\r\n<div><\/div>\r\n<div>Enfin, il peut \u00eatre suspendu gr\u00e2ce \u00e0 ses liens.<\/div>\r\n<\/div>\r\n<div><\/div>\r\n<div><strong><u>Caract\u00e9ristiques du sac \u00e0 pain :<\/u><\/strong><\/div>\r\n<div id=\"mainProductDescription\">\r\n<ul>\r\n \t<li>Vendus \u00e0 l'unit\u00e9<\/li>\r\n \t<li>\u00a0Dimension du sac : 50x30cm ou 70x130cm.<\/li>\r\n \t<li>100% Lin<\/li>\r\n \t<li>Coloris : naturel.<\/li>\r\n \t<li>Lavage \u00e0 60\u00b0C en machine.<\/li>\r\n \t<li>Liens en coton<\/li>\r\n \t<li>Fabriqu\u00e9 en France.<\/li>\r\n<\/ul>\r\nCe produit lab\u00e9llis\u00e9 STANDARD 100 by OEKO-TEX\u00ae - certificat n\u00b0 CQ 1102\/4 IFTH suit un processus de fabrication certifi\u00e9 et contr\u00f4l\u00e9, respectueux de votre peau. \u2022 Le STANDARD 100 by OEKO-TEX\u00ae est le premier label qui r\u00e9pond aux besoins des consommateurs en mati\u00e8re d\u2019\u00e9cologie humaine. Il garantit l\u2019absence, dans les articles certifi\u00e9s de substances nocives ou pouvant pr\u00e9senter un risque pour la sant\u00e9\u00bb\r\n\r\n<\/div>\r\nEn savoir plus\u00a0: - Sac \u00e0 pain naturel - Sac \u00e0 pain 100% lin - Fabriqu\u00e9 en France - Sac \u00e0 pain \u00e0 liens - 70x130.","_et_gb_content_width":""},"product_brand":[710],"product_cat":[704,697,27,334],"product_tag":[],"woo-feed-brand":[],"class_list":{"0":"post-35495","1":"product","2":"type-product","3":"status-publish","4":"has-post-thumbnail","6":"product_brand-linandelle","7":"product_cat-gamme-en-lin","8":"product_cat-produits-made-in-france","9":"product_cat-table","10":"product_cat-torchons-et-essuie-verre","11":"tm-has-options","13":"first","14":"instock","15":"featured","16":"taxable","17":"shipping-taxable","18":"purchasable","19":"product-type-variable"},"yoast_head":"<!-- This site is optimized with the Yoast SEO Premium plugin v27.3 (Yoast SEO v27.3) - https:\/\/yoast.com\/product\/yoast-seo-premium-wordpress\/ -->\n<title>Sac \u00e0 pain tissu 100% lin made in France Linellle<\/title>\n<meta name=\"description\" content=\"Pour un pain tranch\u00e9 ou une baguette, choisissez le sac \u00e0 pain adapt\u00e9 \u00e0 vos besoins, 100% lin, et fabriqu\u00e9 en France, dans nos ateliers par nos couturi\u00e8res.\" \/>\n<meta name=\"robots\" content=\"index, follow, max-snippet:-1, max-image-preview:large, max-video-preview:-1\" \/>\n<link rel=\"canonical\" href=\"https:\/\/linandelle.com\/fr\/produit\/sac-a-pain-baguette-tissu-lin-france-linelle\/\" \/>\n<meta property=\"og:locale\" content=\"fr_FR\" \/>\n<meta property=\"og:type\" content=\"article\" \/>\n<meta property=\"og:title\" content=\"Sac \u00e0 pain tissu 100% lin made in France Linellle\" \/>\n<meta property=\"og:description\" content=\"Pour un pain tranch\u00e9 ou une baguette, choisissez le sac \u00e0 pain adapt\u00e9 \u00e0 vos besoins, 100% lin, et fabriqu\u00e9 en France, dans nos ateliers par nos couturi\u00e8res.\" \/>\n<meta property=\"og:url\" content=\"https:\/\/linandelle.com\/fr\/produit\/sac-a-pain-baguette-tissu-lin-france-linelle\/\" \/>\n<meta property=\"og:site_name\" content=\"Linandelle\" \/>\n<meta property=\"article:publisher\" content=\"https:\/\/www.facebook.com\/Linandelle\" \/>\n<meta property=\"article:modified_time\" content=\"2026-04-04T01:10:54+00:00\" \/>\n<meta property=\"og:image\" content=\"https:\/\/linandelle.com\/wp-content\/uploads\/2023\/02\/ambiance-sac-a-pain.jpg\" \/>\n\t<meta property=\"og:image:width\" content=\"1200\" \/>\n\t<meta property=\"og:image:height\" content=\"1200\" \/>\n\t<meta property=\"og:image:type\" content=\"image\/jpeg\" \/>\n<meta name=\"twitter:card\" content=\"summary_large_image\" \/>\n<meta name=\"twitter:label1\" content=\"Dur\u00e9e de lecture estim\u00e9e\" \/>\n\t<meta name=\"twitter:data1\" content=\"2 minutes\" \/>\n<script type=\"application\/ld+json\" class=\"yoast-schema-graph\">{\"@context\":\"https:\\\/\\\/schema.org\",\"@graph\":[{\"@type\":\"WebPage\",\"@id\":\"https:\\\/\\\/linandelle.com\\\/fr\\\/produit\\\/sac-a-pain-baguette-tissu-lin-france-linelle\\\/\",\"url\":\"https:\\\/\\\/linandelle.com\\\/fr\\\/produit\\\/sac-a-pain-baguette-tissu-lin-france-linelle\\\/\",\"name\":\"Sac \u00e0 pain tissu 100% lin made in France Linellle\",\"isPartOf\":{\"@id\":\"https:\\\/\\\/linandelle.com\\\/fr\\\/#website\"},\"primaryImageOfPage\":{\"@id\":\"https:\\\/\\\/linandelle.com\\\/fr\\\/produit\\\/sac-a-pain-baguette-tissu-lin-france-linelle\\\/#primaryimage\"},\"image\":{\"@id\":\"https:\\\/\\\/linandelle.com\\\/fr\\\/produit\\\/sac-a-pain-baguette-tissu-lin-france-linelle\\\/#primaryimage\"},\"thumbnailUrl\":\"https:\\\/\\\/linandelle.com\\\/wp-content\\\/uploads\\\/2023\\\/02\\\/ambiance-sac-a-pain.jpg\",\"datePublished\":\"2023-02-24T14:31:31+00:00\",\"dateModified\":\"2026-04-04T01:10:54+00:00\",\"description\":\"Pour un pain tranch\u00e9 ou une baguette, choisissez le sac \u00e0 pain adapt\u00e9 \u00e0 vos besoins, 100% lin, et fabriqu\u00e9 en France, dans nos ateliers par nos couturi\u00e8res.\",\"breadcrumb\":{\"@id\":\"https:\\\/\\\/linandelle.com\\\/fr\\\/produit\\\/sac-a-pain-baguette-tissu-lin-france-linelle\\\/#breadcrumb\"},\"inLanguage\":\"fr-FR\",\"potentialAction\":[{\"@type\":\"ReadAction\",\"target\":[\"https:\\\/\\\/linandelle.com\\\/fr\\\/produit\\\/sac-a-pain-baguette-tissu-lin-france-linelle\\\/\"]}]},{\"@type\":\"ImageObject\",\"inLanguage\":\"fr-FR\",\"@id\":\"https:\\\/\\\/linandelle.com\\\/fr\\\/produit\\\/sac-a-pain-baguette-tissu-lin-france-linelle\\\/#primaryimage\",\"url\":\"https:\\\/\\\/linandelle.com\\\/wp-content\\\/uploads\\\/2023\\\/02\\\/ambiance-sac-a-pain.jpg\",\"contentUrl\":\"https:\\\/\\\/linandelle.com\\\/wp-content\\\/uploads\\\/2023\\\/02\\\/ambiance-sac-a-pain.jpg\",\"width\":1200,\"height\":1200},{\"@type\":\"BreadcrumbList\",\"@id\":\"https:\\\/\\\/linandelle.com\\\/fr\\\/produit\\\/sac-a-pain-baguette-tissu-lin-france-linelle\\\/#breadcrumb\",\"itemListElement\":[{\"@type\":\"ListItem\",\"position\":1,\"name\":\"Produits\",\"item\":\"https:\\\/\\\/linandelle.com\\\/fr\\\/shop\\\/\"},{\"@type\":\"ListItem\",\"position\":2,\"name\":\"Sac \u00e0 pain et baguette 100% Lin LINELLE\"}]},{\"@type\":\"WebSite\",\"@id\":\"https:\\\/\\\/linandelle.com\\\/fr\\\/#website\",\"url\":\"https:\\\/\\\/linandelle.com\\\/fr\\\/\",\"name\":\"Linandelle\",\"description\":\"Linandelle, plus que du linge, l&#039;essentiel\",\"publisher\":{\"@id\":\"https:\\\/\\\/linandelle.com\\\/fr\\\/#organization\"},\"potentialAction\":[{\"@type\":\"SearchAction\",\"target\":{\"@type\":\"EntryPoint\",\"urlTemplate\":\"https:\\\/\\\/linandelle.com\\\/fr\\\/?s={search_term_string}\"},\"query-input\":{\"@type\":\"PropertyValueSpecification\",\"valueRequired\":true,\"valueName\":\"search_term_string\"}}],\"inLanguage\":\"fr-FR\"},{\"@type\":\"Organization\",\"@id\":\"https:\\\/\\\/linandelle.com\\\/fr\\\/#organization\",\"name\":\"Linandelle\",\"url\":\"https:\\\/\\\/linandelle.com\\\/fr\\\/\",\"logo\":{\"@type\":\"ImageObject\",\"inLanguage\":\"fr-FR\",\"@id\":\"https:\\\/\\\/linandelle.com\\\/fr\\\/#\\\/schema\\\/logo\\\/image\\\/\",\"url\":\"https:\\\/\\\/linandelle.com\\\/wp-content\\\/uploads\\\/2022\\\/03\\\/logo-linandelle.jpg\",\"contentUrl\":\"https:\\\/\\\/linandelle.com\\\/wp-content\\\/uploads\\\/2022\\\/03\\\/logo-linandelle.jpg\",\"width\":739,\"height\":738,\"caption\":\"Linandelle\"},\"image\":{\"@id\":\"https:\\\/\\\/linandelle.com\\\/fr\\\/#\\\/schema\\\/logo\\\/image\\\/\"},\"sameAs\":[\"https:\\\/\\\/www.facebook.com\\\/Linandelle\",\"https:\\\/\\\/www.instagram.com\\\/linandelle\\\/\",\"https:\\\/\\\/www.linkedin.com\\\/company\\\/18483801\\\/admin\\\/dashboard\\\/\",\"https:\\\/\\\/www.pinterest.fr\\\/linandelle\\\/_created\\\/\",\"https:\\\/\\\/www.youtube.com\\\/@linandellecharleval1016\"],\"email\":\"contact@linandelle.com\",\"telephone\":\"0232687800\",\"legalName\":\"SARL DU PONT DES JARDINS\",\"vatID\":\"FR27448856641\",\"taxID\":\"44885664100015\",\"numberOfEmployees\":{\"@type\":\"QuantitativeValue\",\"minValue\":\"1\",\"maxValue\":\"10\"}}]}<\/script>\n<!-- \/ Yoast SEO Premium plugin. -->","yoast_head_json":{"title":"Sac \u00e0 pain tissu 100% lin made in France Linellle","description":"Pour un pain tranch\u00e9 ou une baguette, choisissez le sac \u00e0 pain adapt\u00e9 \u00e0 vos besoins, 100% lin, et fabriqu\u00e9 en France, dans nos ateliers par nos couturi\u00e8res.","robots":{"index":"index","follow":"follow","max-snippet":"max-snippet:-1","max-image-preview":"max-image-preview:large","max-video-preview":"max-video-preview:-1"},"canonical":"https:\/\/linandelle.com\/fr\/produit\/sac-a-pain-baguette-tissu-lin-france-linelle\/","og_locale":"fr_FR","og_type":"article","og_title":"Sac \u00e0 pain tissu 100% lin made in France Linellle","og_description":"Pour un pain tranch\u00e9 ou une baguette, choisissez le sac \u00e0 pain adapt\u00e9 \u00e0 vos besoins, 100% lin, et fabriqu\u00e9 en France, dans nos ateliers par nos couturi\u00e8res.","og_url":"https:\/\/linandelle.com\/fr\/produit\/sac-a-pain-baguette-tissu-lin-france-linelle\/","og_site_name":"Linandelle","article_publisher":"https:\/\/www.facebook.com\/Linandelle","article_modified_time":"2026-04-04T01:10:54+00:00","og_image":[{"width":1200,"height":1200,"url":"https:\/\/linandelle.com\/wp-content\/uploads\/2023\/02\/ambiance-sac-a-pain.jpg","type":"image\/jpeg"}],"twitter_card":"summary_large_image","twitter_misc":{"Dur\u00e9e de lecture estim\u00e9e":"2 minutes"},"schema":{"@context":"https:\/\/schema.org","@graph":[{"@type":"WebPage","@id":"https:\/\/linandelle.com\/fr\/produit\/sac-a-pain-baguette-tissu-lin-france-linelle\/","url":"https:\/\/linandelle.com\/fr\/produit\/sac-a-pain-baguette-tissu-lin-france-linelle\/","name":"Sac \u00e0 pain tissu 100% lin made in France Linellle","isPartOf":{"@id":"https:\/\/linandelle.com\/fr\/#website"},"primaryImageOfPage":{"@id":"https:\/\/linandelle.com\/fr\/produit\/sac-a-pain-baguette-tissu-lin-france-linelle\/#primaryimage"},"image":{"@id":"https:\/\/linandelle.com\/fr\/produit\/sac-a-pain-baguette-tissu-lin-france-linelle\/#primaryimage"},"thumbnailUrl":"https:\/\/linandelle.com\/wp-content\/uploads\/2023\/02\/ambiance-sac-a-pain.jpg","datePublished":"2023-02-24T14:31:31+00:00","dateModified":"2026-04-04T01:10:54+00:00","description":"Pour un pain tranch\u00e9 ou une baguette, choisissez le sac \u00e0 pain adapt\u00e9 \u00e0 vos besoins, 100% lin, et fabriqu\u00e9 en France, dans nos ateliers par nos couturi\u00e8res.","breadcrumb":{"@id":"https:\/\/linandelle.com\/fr\/produit\/sac-a-pain-baguette-tissu-lin-france-linelle\/#breadcrumb"},"inLanguage":"fr-FR","potentialAction":[{"@type":"ReadAction","target":["https:\/\/linandelle.com\/fr\/produit\/sac-a-pain-baguette-tissu-lin-france-linelle\/"]}]},{"@type":"ImageObject","inLanguage":"fr-FR","@id":"https:\/\/linandelle.com\/fr\/produit\/sac-a-pain-baguette-tissu-lin-france-linelle\/#primaryimage","url":"https:\/\/linandelle.com\/wp-content\/uploads\/2023\/02\/ambiance-sac-a-pain.jpg","contentUrl":"https:\/\/linandelle.com\/wp-content\/uploads\/2023\/02\/ambiance-sac-a-pain.jpg","width":1200,"height":1200},{"@type":"BreadcrumbList","@id":"https:\/\/linandelle.com\/fr\/produit\/sac-a-pain-baguette-tissu-lin-france-linelle\/#breadcrumb","itemListElement":[{"@type":"ListItem","position":1,"name":"Produits","item":"https:\/\/linandelle.com\/fr\/shop\/"},{"@type":"ListItem","position":2,"name":"Sac \u00e0 pain et baguette 100% Lin LINELLE"}]},{"@type":"WebSite","@id":"https:\/\/linandelle.com\/fr\/#website","url":"https:\/\/linandelle.com\/fr\/","name":"Linandelle","description":"Linandelle, plus que du linge, l&#039;essentiel","publisher":{"@id":"https:\/\/linandelle.com\/fr\/#organization"},"potentialAction":[{"@type":"SearchAction","target":{"@type":"EntryPoint","urlTemplate":"https:\/\/linandelle.com\/fr\/?s={search_term_string}"},"query-input":{"@type":"PropertyValueSpecification","valueRequired":true,"valueName":"search_term_string"}}],"inLanguage":"fr-FR"},{"@type":"Organization","@id":"https:\/\/linandelle.com\/fr\/#organization","name":"Linandelle","url":"https:\/\/linandelle.com\/fr\/","logo":{"@type":"ImageObject","inLanguage":"fr-FR","@id":"https:\/\/linandelle.com\/fr\/#\/schema\/logo\/image\/","url":"https:\/\/linandelle.com\/wp-content\/uploads\/2022\/03\/logo-linandelle.jpg","contentUrl":"https:\/\/linandelle.com\/wp-content\/uploads\/2022\/03\/logo-linandelle.jpg","width":739,"height":738,"caption":"Linandelle"},"image":{"@id":"https:\/\/linandelle.com\/fr\/#\/schema\/logo\/image\/"},"sameAs":["https:\/\/www.facebook.com\/Linandelle","https:\/\/www.instagram.com\/linandelle\/","https:\/\/www.linkedin.com\/company\/18483801\/admin\/dashboard\/","https:\/\/www.pinterest.fr\/linandelle\/_created\/","https:\/\/www.youtube.com\/@linandellecharleval1016"],"email":"contact@linandelle.com","telephone":"0232687800","legalName":"SARL DU PONT DES JARDINS","vatID":"FR27448856641","taxID":"44885664100015","numberOfEmployees":{"@type":"QuantitativeValue","minValue":"1","maxValue":"10"}}]}},"_links":{"self":[{"href":"https:\/\/linandelle.com\/fr\/wp-json\/wp\/v2\/product\/35495","targetHints":{"allow":["GET"]}}],"collection":[{"href":"https:\/\/linandelle.com\/fr\/wp-json\/wp\/v2\/product"}],"about":[{"href":"https:\/\/linandelle.com\/fr\/wp-json\/wp\/v2\/types\/product"}],"wp:featuredmedia":[{"embeddable":true,"href":"https:\/\/linandelle.com\/fr\/wp-json\/wp\/v2\/media\/36064"}],"wp:attachment":[{"href":"https:\/\/linandelle.com\/fr\/wp-json\/wp\/v2\/media?parent=35495"}],"wp:term":[{"taxonomy":"product_brand","embeddable":true,"href":"https:\/\/linandelle.com\/fr\/wp-json\/wp\/v2\/product_brand?post=35495"},{"taxonomy":"product_cat","embeddable":true,"href":"https:\/\/linandelle.com\/fr\/wp-json\/wp\/v2\/product_cat?post=35495"},{"taxonomy":"product_tag","embeddable":true,"href":"https:\/\/linandelle.com\/fr\/wp-json\/wp\/v2\/product_tag?post=35495"},{"taxonomy":"woo-feed-brand","embeddable":true,"href":"https:\/\/linandelle.com\/fr\/wp-json\/wp\/v2\/woo-feed-brand?post=35495"}],"curies":[{"name":"wp","href":"https:\/\/api.w.org\/{rel}","templated":true}]}}