{"id":35499,"date":"2023-02-24T16:38:08","date_gmt":"2023-02-24T15:38:08","guid":{"rendered":"https:\/\/linandelle.com\/fr\/?post_type=product&#038;p=35499"},"modified":"2026-04-23T12:23:00","modified_gmt":"2026-04-23T10:23:00","slug":"serviette-de-table-100-lin-linelle","status":"publish","type":"product","link":"https:\/\/linandelle.com\/fr\/produit\/serviette-de-table-100-lin-linelle\/","title":{"rendered":"Lot de 6 serviettes de table 100% Lin LINELLE"},"content":{"rendered":"<h2><strong><u>Lot de 6 serviettes de table \u00a0100% Lin LINELLE<\/u><\/strong><\/h2>\n<p>Une table \u00a0raffin\u00e9e, simple et \u00a0classe, la serviette LINELLE \u00a0sera l\u2019alli\u00e9e de vos tables pour toutes vos id\u00e9es \u00a0de \u00a0d\u00e9cors. Tr\u00e8s facile d\u2019entretien, et adapt\u00e9 au lavage intensif, la serviette LINELLE s\u2019adresse aussi bien aux particuliers qu\u2019aux professionnels. Fabriqu\u00e9 en lin, mati\u00e8re naturelle et \u00e9co-responsable dans nos ateliers de confection fran\u00e7ais. L\u2019option broderie \u00a0apporte la touche personnelle \u00a0sympa qui fait plaisir \u00a0\u00e0 coup s\u00fbr.<\/p>\n<h3><strong>C<\/strong><strong>aract\u00e9ristiques de la serviette :<\/strong><\/h3>\n<ul>\n<li>\u00a0Vendu par lot de 6.<\/li>\n<li>240gr m\u00b2<\/li>\n<li>Dimension : 50&#215;50 \u00a0cm<\/li>\n<li>100% Lin<\/li>\n<li>Coloris : naturel.<\/li>\n<li>Lavage \u00e0 60\u00b0C en machine.<\/li>\n<li>Ourlet sur tout le tour de la serviette.<\/li>\n<li>Fabriqu\u00e9 en France<\/li>\n<\/ul>\n<p>Ce produit lab\u00e9llis\u00e9 STANDARD 100 by OEKO-TEX\u00ae &#8211; certificat n\u00b0 CQ 1102\/4 IFTH suit un processus de fabrication certifi\u00e9 et contr\u00f4l\u00e9, respectueux de votre peau.<\/p>\n<ul>\n<li>Le STANDARD 100 by OEKO-TEX\u00ae est le premier label qui r\u00e9pond aux besoins des consommateurs en mati\u00e8re d\u2019\u00e9cologie humaine. Il garantit l\u2019absence, dans les articles certifi\u00e9s de substances nocives ou pouvant pr\u00e9senter un risque pour la sant\u00e9\u00bb<\/li>\n<\/ul>\n<p>En savoir plus : &#8211; Serviette de table 100% lin &#8211; Fabriqu\u00e9es en France &#8211; 240gr m\u00b2 &#8211; Gamme compl\u00e8te assortie &#8211; 50x50cm.<\/p>\n","protected":false},"excerpt":{"rendered":"<p>Lot de 6 serviettes de table \u00a0100% Lin LINELLE Une table \u00a0raffin\u00e9e, simple et \u00a0classe, la serviette LINELLE \u00a0sera l\u2019alli\u00e9e de vos tables pour toutes vos id\u00e9es \u00a0de \u00a0d\u00e9cors. Tr\u00e8s facile d\u2019entretien, et adapt\u00e9 au lavage intensif, la serviette LINELLE s\u2019adresse aussi bien aux particuliers qu\u2019aux professionnels. Fabriqu\u00e9 en lin, mati\u00e8re naturelle et \u00e9co-responsable dans [&hellip;]<\/p>\n","protected":false},"featured_media":71676,"template":"","meta":{"_et_pb_use_builder":"off","_et_pb_old_content":"<strong><u>Lot de 6 serviettes de table \u00a0100% Lin LINELLE<\/u><\/strong>\r\n\r\nUne table \u00a0raffin\u00e9e, simple et \u00a0classe, la serviette LINELLE \u00a0sera l\u2019alli\u00e9e de vos tables pour toutes vos id\u00e9es \u00a0de \u00a0d\u00e9cors.\r\n\r\nTr\u00e8s facile d\u2019entretien, et adapt\u00e9 au lavage intensif, la serviette LINELLE s\u2019adresse aussi bien aux particuliers qu\u2019aux professionnels.\r\n\r\nFabriqu\u00e9 en lin, mati\u00e8re naturelle et \u00e9co-responsable dans nos ateliers de confection fran\u00e7ais.\r\n\r\nL\u2019option broderie \u00a0apporte la touche personnelle \u00a0sympa qui fait plaisir \u00a0\u00e0 coup s\u00fbr.\r\n\r\n\u00a0\r\n\r\n<strong>Caract\u00e9ristiques de la serviette :<\/strong>\r\n<ul>\r\n \t<li>\u00a0Vendu par lot de 6.<\/li>\r\n \t<li>170gr m\u00b2<\/li>\r\n \t<li>Dimension : 50x50 \u00a0cm<\/li>\r\n \t<li>100% Lin<\/li>\r\n \t<li>Coloris : naturel.<\/li>\r\n \t<li>Lavage \u00e0 60\u00b0C en machine.<\/li>\r\n \t<li>Ourlet sur tout le tour de la serviette.<\/li>\r\n \t<li>Fabriqu\u00e9 en France<\/li>\r\n<\/ul>\r\nCe produit lab\u00e9llis\u00e9 STANDARD 100 by OEKO-TEX\u00ae - certificat n\u00b0 CQ 1102\/4 IFTH suit un processus de fabrication certifi\u00e9 et contr\u00f4l\u00e9, respectueux de votre peau.\r\n<ul>\r\n \t<li>Le STANDARD 100 by OEKO-TEX\u00ae est le premier label qui r\u00e9pond aux besoins des consommateurs en mati\u00e8re d\u2019\u00e9cologie humaine. Il garantit l\u2019absence, dans les articles certifi\u00e9s de substances nocives ou pouvant pr\u00e9senter un risque pour la sant\u00e9\u00bb<\/li>\r\n<\/ul>\r\n\u00a0\r\n\r\nEn savoir plus\u00a0:\r\n\r\n- Serviette de table 100% lin\r\n\r\n- Fabriqu\u00e9es en France\r\n\r\n- 170gr m\u00b2\r\n\r\n- Gamme compl\u00e8te assortie\r\n\r\n- 50x50cm.","_et_gb_content_width":""},"product_brand":[710],"product_cat":[696,704,697,636,329,27],"product_tag":[],"woo-feed-brand":[],"class_list":{"0":"post-35499","1":"product","2":"type-product","3":"status-publish","4":"has-post-thumbnail","6":"product_brand-linandelle","7":"product_cat-nouveautes-printemps-ete","8":"product_cat-gamme-en-lin","9":"product_cat-produits-made-in-france","10":"product_cat-noel","11":"product_cat-serviettes-de-table-a-carreaux","12":"product_cat-table","13":"tm-has-options","15":"first","16":"instock","17":"sale","18":"featured","19":"taxable","20":"shipping-taxable","21":"purchasable","22":"product-type-simple"},"yoast_head":"<!-- This site is optimized with the Yoast SEO Premium plugin v27.4 (Yoast SEO v27.4) - https:\/\/yoast.com\/product\/yoast-seo-premium-wordpress\/ -->\n<title>Serviette de table 100% lin made in France<\/title>\n<meta name=\"description\" content=\"Des serviettes de table en lin de qualit\u00e9, fabriqu\u00e9es en France dans nos ateliers de confection. Vendues par lot de 6, coloris lin naturel\" \/>\n<meta name=\"robots\" content=\"index, follow, max-snippet:-1, max-image-preview:large, max-video-preview:-1\" \/>\n<link rel=\"canonical\" href=\"https:\/\/linandelle.com\/fr\/produit\/serviette-de-table-100-lin-linelle\/\" \/>\n<meta property=\"og:locale\" content=\"fr_FR\" \/>\n<meta property=\"og:type\" content=\"article\" \/>\n<meta property=\"og:title\" content=\"Serviette de table 100% lin made in France\" \/>\n<meta property=\"og:description\" content=\"Des serviettes de table en lin de qualit\u00e9, fabriqu\u00e9es en France dans nos ateliers de confection. Vendues par lot de 6, coloris lin naturel\" \/>\n<meta property=\"og:url\" content=\"https:\/\/linandelle.com\/fr\/produit\/serviette-de-table-100-lin-linelle\/\" \/>\n<meta property=\"og:site_name\" content=\"Linandelle\" \/>\n<meta property=\"article:publisher\" content=\"https:\/\/www.facebook.com\/Linandelle\" \/>\n<meta property=\"article:modified_time\" content=\"2026-04-23T10:23:00+00:00\" \/>\n<meta property=\"og:image\" content=\"https:\/\/linandelle.com\/wp-content\/uploads\/2023\/11\/zoom-nappe-serv-linelle-v1.jpg\" \/>\n\t<meta property=\"og:image:width\" content=\"1600\" \/>\n\t<meta property=\"og:image:height\" content=\"1600\" \/>\n\t<meta property=\"og:image:type\" content=\"image\/jpeg\" \/>\n<meta name=\"twitter:card\" content=\"summary_large_image\" \/>\n<meta name=\"twitter:label1\" content=\"Dur\u00e9e de lecture estim\u00e9e\" \/>\n\t<meta name=\"twitter:data1\" content=\"2 minutes\" \/>\n<script type=\"application\/ld+json\" class=\"yoast-schema-graph\">{\"@context\":\"https:\\\/\\\/schema.org\",\"@graph\":[{\"@type\":\"WebPage\",\"@id\":\"https:\\\/\\\/linandelle.com\\\/fr\\\/produit\\\/serviette-de-table-100-lin-linelle\\\/\",\"url\":\"https:\\\/\\\/linandelle.com\\\/fr\\\/produit\\\/serviette-de-table-100-lin-linelle\\\/\",\"name\":\"Serviette de table 100% lin made in France\",\"isPartOf\":{\"@id\":\"https:\\\/\\\/linandelle.com\\\/fr\\\/#website\"},\"primaryImageOfPage\":{\"@id\":\"https:\\\/\\\/linandelle.com\\\/fr\\\/produit\\\/serviette-de-table-100-lin-linelle\\\/#primaryimage\"},\"image\":{\"@id\":\"https:\\\/\\\/linandelle.com\\\/fr\\\/produit\\\/serviette-de-table-100-lin-linelle\\\/#primaryimage\"},\"thumbnailUrl\":\"https:\\\/\\\/linandelle.com\\\/wp-content\\\/uploads\\\/2023\\\/11\\\/zoom-nappe-serv-linelle-v1.jpg\",\"datePublished\":\"2023-02-24T15:38:08+00:00\",\"dateModified\":\"2026-04-23T10:23:00+00:00\",\"description\":\"Des serviettes de table en lin de qualit\u00e9, fabriqu\u00e9es en France dans nos ateliers de confection. Vendues par lot de 6, coloris lin naturel\",\"breadcrumb\":{\"@id\":\"https:\\\/\\\/linandelle.com\\\/fr\\\/produit\\\/serviette-de-table-100-lin-linelle\\\/#breadcrumb\"},\"inLanguage\":\"fr-FR\",\"potentialAction\":[{\"@type\":\"ReadAction\",\"target\":[\"https:\\\/\\\/linandelle.com\\\/fr\\\/produit\\\/serviette-de-table-100-lin-linelle\\\/\"]}]},{\"@type\":\"ImageObject\",\"inLanguage\":\"fr-FR\",\"@id\":\"https:\\\/\\\/linandelle.com\\\/fr\\\/produit\\\/serviette-de-table-100-lin-linelle\\\/#primaryimage\",\"url\":\"https:\\\/\\\/linandelle.com\\\/wp-content\\\/uploads\\\/2023\\\/11\\\/zoom-nappe-serv-linelle-v1.jpg\",\"contentUrl\":\"https:\\\/\\\/linandelle.com\\\/wp-content\\\/uploads\\\/2023\\\/11\\\/zoom-nappe-serv-linelle-v1.jpg\",\"width\":1600,\"height\":1600},{\"@type\":\"BreadcrumbList\",\"@id\":\"https:\\\/\\\/linandelle.com\\\/fr\\\/produit\\\/serviette-de-table-100-lin-linelle\\\/#breadcrumb\",\"itemListElement\":[{\"@type\":\"ListItem\",\"position\":1,\"name\":\"Produits\",\"item\":\"https:\\\/\\\/linandelle.com\\\/fr\\\/shop\\\/\"},{\"@type\":\"ListItem\",\"position\":2,\"name\":\"Lot de 6 serviettes de table 100% Lin LINELLE\"}]},{\"@type\":\"WebSite\",\"@id\":\"https:\\\/\\\/linandelle.com\\\/fr\\\/#website\",\"url\":\"https:\\\/\\\/linandelle.com\\\/fr\\\/\",\"name\":\"Linandelle\",\"description\":\"Linandelle, plus que du linge, l&#039;essentiel\",\"publisher\":{\"@id\":\"https:\\\/\\\/linandelle.com\\\/fr\\\/#organization\"},\"potentialAction\":[{\"@type\":\"SearchAction\",\"target\":{\"@type\":\"EntryPoint\",\"urlTemplate\":\"https:\\\/\\\/linandelle.com\\\/fr\\\/?s={search_term_string}\"},\"query-input\":{\"@type\":\"PropertyValueSpecification\",\"valueRequired\":true,\"valueName\":\"search_term_string\"}}],\"inLanguage\":\"fr-FR\"},{\"@type\":\"Organization\",\"@id\":\"https:\\\/\\\/linandelle.com\\\/fr\\\/#organization\",\"name\":\"Linandelle\",\"url\":\"https:\\\/\\\/linandelle.com\\\/fr\\\/\",\"logo\":{\"@type\":\"ImageObject\",\"inLanguage\":\"fr-FR\",\"@id\":\"https:\\\/\\\/linandelle.com\\\/fr\\\/#\\\/schema\\\/logo\\\/image\\\/\",\"url\":\"https:\\\/\\\/linandelle.com\\\/wp-content\\\/uploads\\\/2022\\\/03\\\/logo-linandelle.jpg\",\"contentUrl\":\"https:\\\/\\\/linandelle.com\\\/wp-content\\\/uploads\\\/2022\\\/03\\\/logo-linandelle.jpg\",\"width\":739,\"height\":738,\"caption\":\"Linandelle\"},\"image\":{\"@id\":\"https:\\\/\\\/linandelle.com\\\/fr\\\/#\\\/schema\\\/logo\\\/image\\\/\"},\"sameAs\":[\"https:\\\/\\\/www.facebook.com\\\/Linandelle\",\"https:\\\/\\\/www.instagram.com\\\/linandelle\\\/\",\"https:\\\/\\\/www.linkedin.com\\\/company\\\/18483801\\\/admin\\\/dashboard\\\/\",\"https:\\\/\\\/www.pinterest.fr\\\/linandelle\\\/_created\\\/\",\"https:\\\/\\\/www.youtube.com\\\/@linandellecharleval1016\"],\"email\":\"contact@linandelle.com\",\"telephone\":\"0232687800\",\"legalName\":\"SARL DU PONT DES JARDINS\",\"vatID\":\"FR27448856641\",\"taxID\":\"44885664100015\",\"numberOfEmployees\":{\"@type\":\"QuantitativeValue\",\"minValue\":\"1\",\"maxValue\":\"10\"}}]}<\/script>\n<!-- \/ Yoast SEO Premium plugin. -->","yoast_head_json":{"title":"Serviette de table 100% lin made in France","description":"Des serviettes de table en lin de qualit\u00e9, fabriqu\u00e9es en France dans nos ateliers de confection. Vendues par lot de 6, coloris lin naturel","robots":{"index":"index","follow":"follow","max-snippet":"max-snippet:-1","max-image-preview":"max-image-preview:large","max-video-preview":"max-video-preview:-1"},"canonical":"https:\/\/linandelle.com\/fr\/produit\/serviette-de-table-100-lin-linelle\/","og_locale":"fr_FR","og_type":"article","og_title":"Serviette de table 100% lin made in France","og_description":"Des serviettes de table en lin de qualit\u00e9, fabriqu\u00e9es en France dans nos ateliers de confection. Vendues par lot de 6, coloris lin naturel","og_url":"https:\/\/linandelle.com\/fr\/produit\/serviette-de-table-100-lin-linelle\/","og_site_name":"Linandelle","article_publisher":"https:\/\/www.facebook.com\/Linandelle","article_modified_time":"2026-04-23T10:23:00+00:00","og_image":[{"width":1600,"height":1600,"url":"https:\/\/linandelle.com\/wp-content\/uploads\/2023\/11\/zoom-nappe-serv-linelle-v1.jpg","type":"image\/jpeg"}],"twitter_card":"summary_large_image","twitter_misc":{"Dur\u00e9e de lecture estim\u00e9e":"2 minutes"},"schema":{"@context":"https:\/\/schema.org","@graph":[{"@type":"WebPage","@id":"https:\/\/linandelle.com\/fr\/produit\/serviette-de-table-100-lin-linelle\/","url":"https:\/\/linandelle.com\/fr\/produit\/serviette-de-table-100-lin-linelle\/","name":"Serviette de table 100% lin made in France","isPartOf":{"@id":"https:\/\/linandelle.com\/fr\/#website"},"primaryImageOfPage":{"@id":"https:\/\/linandelle.com\/fr\/produit\/serviette-de-table-100-lin-linelle\/#primaryimage"},"image":{"@id":"https:\/\/linandelle.com\/fr\/produit\/serviette-de-table-100-lin-linelle\/#primaryimage"},"thumbnailUrl":"https:\/\/linandelle.com\/wp-content\/uploads\/2023\/11\/zoom-nappe-serv-linelle-v1.jpg","datePublished":"2023-02-24T15:38:08+00:00","dateModified":"2026-04-23T10:23:00+00:00","description":"Des serviettes de table en lin de qualit\u00e9, fabriqu\u00e9es en France dans nos ateliers de confection. Vendues par lot de 6, coloris lin naturel","breadcrumb":{"@id":"https:\/\/linandelle.com\/fr\/produit\/serviette-de-table-100-lin-linelle\/#breadcrumb"},"inLanguage":"fr-FR","potentialAction":[{"@type":"ReadAction","target":["https:\/\/linandelle.com\/fr\/produit\/serviette-de-table-100-lin-linelle\/"]}]},{"@type":"ImageObject","inLanguage":"fr-FR","@id":"https:\/\/linandelle.com\/fr\/produit\/serviette-de-table-100-lin-linelle\/#primaryimage","url":"https:\/\/linandelle.com\/wp-content\/uploads\/2023\/11\/zoom-nappe-serv-linelle-v1.jpg","contentUrl":"https:\/\/linandelle.com\/wp-content\/uploads\/2023\/11\/zoom-nappe-serv-linelle-v1.jpg","width":1600,"height":1600},{"@type":"BreadcrumbList","@id":"https:\/\/linandelle.com\/fr\/produit\/serviette-de-table-100-lin-linelle\/#breadcrumb","itemListElement":[{"@type":"ListItem","position":1,"name":"Produits","item":"https:\/\/linandelle.com\/fr\/shop\/"},{"@type":"ListItem","position":2,"name":"Lot de 6 serviettes de table 100% Lin LINELLE"}]},{"@type":"WebSite","@id":"https:\/\/linandelle.com\/fr\/#website","url":"https:\/\/linandelle.com\/fr\/","name":"Linandelle","description":"Linandelle, plus que du linge, l&#039;essentiel","publisher":{"@id":"https:\/\/linandelle.com\/fr\/#organization"},"potentialAction":[{"@type":"SearchAction","target":{"@type":"EntryPoint","urlTemplate":"https:\/\/linandelle.com\/fr\/?s={search_term_string}"},"query-input":{"@type":"PropertyValueSpecification","valueRequired":true,"valueName":"search_term_string"}}],"inLanguage":"fr-FR"},{"@type":"Organization","@id":"https:\/\/linandelle.com\/fr\/#organization","name":"Linandelle","url":"https:\/\/linandelle.com\/fr\/","logo":{"@type":"ImageObject","inLanguage":"fr-FR","@id":"https:\/\/linandelle.com\/fr\/#\/schema\/logo\/image\/","url":"https:\/\/linandelle.com\/wp-content\/uploads\/2022\/03\/logo-linandelle.jpg","contentUrl":"https:\/\/linandelle.com\/wp-content\/uploads\/2022\/03\/logo-linandelle.jpg","width":739,"height":738,"caption":"Linandelle"},"image":{"@id":"https:\/\/linandelle.com\/fr\/#\/schema\/logo\/image\/"},"sameAs":["https:\/\/www.facebook.com\/Linandelle","https:\/\/www.instagram.com\/linandelle\/","https:\/\/www.linkedin.com\/company\/18483801\/admin\/dashboard\/","https:\/\/www.pinterest.fr\/linandelle\/_created\/","https:\/\/www.youtube.com\/@linandellecharleval1016"],"email":"contact@linandelle.com","telephone":"0232687800","legalName":"SARL DU PONT DES JARDINS","vatID":"FR27448856641","taxID":"44885664100015","numberOfEmployees":{"@type":"QuantitativeValue","minValue":"1","maxValue":"10"}}]}},"_links":{"self":[{"href":"https:\/\/linandelle.com\/fr\/wp-json\/wp\/v2\/product\/35499","targetHints":{"allow":["GET"]}}],"collection":[{"href":"https:\/\/linandelle.com\/fr\/wp-json\/wp\/v2\/product"}],"about":[{"href":"https:\/\/linandelle.com\/fr\/wp-json\/wp\/v2\/types\/product"}],"wp:featuredmedia":[{"embeddable":true,"href":"https:\/\/linandelle.com\/fr\/wp-json\/wp\/v2\/media\/71676"}],"wp:attachment":[{"href":"https:\/\/linandelle.com\/fr\/wp-json\/wp\/v2\/media?parent=35499"}],"wp:term":[{"taxonomy":"product_brand","embeddable":true,"href":"https:\/\/linandelle.com\/fr\/wp-json\/wp\/v2\/product_brand?post=35499"},{"taxonomy":"product_cat","embeddable":true,"href":"https:\/\/linandelle.com\/fr\/wp-json\/wp\/v2\/product_cat?post=35499"},{"taxonomy":"product_tag","embeddable":true,"href":"https:\/\/linandelle.com\/fr\/wp-json\/wp\/v2\/product_tag?post=35499"},{"taxonomy":"woo-feed-brand","embeddable":true,"href":"https:\/\/linandelle.com\/fr\/wp-json\/wp\/v2\/woo-feed-brand?post=35499"}],"curies":[{"name":"wp","href":"https:\/\/api.w.org\/{rel}","templated":true}]}}