{"id":36423,"date":"2023-05-26T12:20:56","date_gmt":"2023-05-26T10:20:56","guid":{"rendered":"https:\/\/linandelle.com\/fr\/?post_type=product&#038;p=36423"},"modified":"2026-04-26T17:42:34","modified_gmt":"2026-04-26T15:42:34","slug":"lot-de-2-taies-doreillers-coton-jersey-douceur","status":"publish","type":"product","link":"https:\/\/linandelle.com\/fr\/produit\/lot-de-2-taies-doreillers-coton-jersey-douceur\/","title":{"rendered":"Lot de 2 taies d&rsquo;oreillers coton jersey DOUCEUR"},"content":{"rendered":"<h6>Gamme DOUCEUR<\/h6>\n<p>Linandelle a con\u00e7u et fabriqu\u00e9 cette gamme exclusive pour r\u00e9pondre \u00e0 des demandes particuli\u00e8res croissantes, de facilit\u00e9 d&rsquo;entretien et de fraicheur.<br \/>\nLa gamme DOUCEUR comprend les draps housses et les taies d&rsquo;oreillers, le tout en 10 coloris choisis par nos soins.<\/p>\n<p><strong>Caract\u00e9ristique des taies d\u2019oreiller coton DOUCEUR <\/strong>:<\/p>\n<p>Taie\u00a0 en jersey extensible<\/p>\n<p>Composition : 100% coton peign\u00e9 jersey 100% coton est r\u00e9alis\u00e9 \u00e0 partir de longues fibres de coton peign\u00e9es (150g\/m2), rendant la fibre plus r\u00e9sistante.<br \/>\nLavable \u00e0 60\u00b0<br \/>\nFabriqu\u00e9 en U.E<\/p>\n<p>Couleurs disponibles : <a href=\"https:\/\/linandelle.com\/fr\/produit\/drap-housse-coton-jersey-extensible-coloris-blanc-gamme-douceur\/\">Blanc<\/a>, <a href=\"https:\/\/linandelle.com\/fr\/produit\/drap-housse-coton-jersey-extensible-bleu-lavande-douceur\/\">bleu lavande<\/a>, <a href=\"https:\/\/linandelle.com\/fr\/produit\/drap-housse-coton-jersey-extensible-coloris-vert-anis-gamme-douceur\/\">vert anis<\/a>, <a href=\"https:\/\/linandelle.com\/fr\/produit\/drap-housse-coton-jersey-extensible-coloris-rose-gamme-douceur\/\">rose<\/a>, <a href=\"https:\/\/linandelle.com\/fr\/produit\/drap-housse-coton-jersey-extensible-coloris-marron-gamme-douceur\/\">marron<\/a>,<a href=\"https:\/\/linandelle.com\/fr\/produit\/drap-housse-coton-jersey-extensible-coloris-jaune-or-gamme-douceur\/\"> jaune or<\/a>, caramel, <a href=\"https:\/\/linandelle.com\/fr\/produit\/drap-housse-coton-jersey-extensible-coloris-noir-gamme-douceur\/\">noir<\/a>, <a href=\"https:\/\/linandelle.com\/fr\/produit\/drap-housse-coton-jersey-extensible-coloris-gris-gamme-douceur\/\">gris<\/a>,<a href=\"https:\/\/linandelle.com\/fr\/produit\/drap-housse-coton-jersey-extensible-coloris-ivoire-gamme-douceur\/\"> ivoire<\/a><\/p>\n<p>Linandelle propose cette gamme pour les particuliers et les professionnels de l&rsquo;h\u00e9bergement, tels que les chambres d&rsquo;h\u00f4tes et les h\u00f4tels. Vous \u00eates professionnels ? N\u2019h\u00e9sitez pas \u00e0 nous demander un devis !<\/p>\n<p>Ce produit lab\u00e9llis\u00e9 STANDARD 100 by OEKO-TEX\u00ae &#8211; certificat n\u00b0 CQ 1102\/4 IFTH suit un processus de fabrication certifi\u00e9 et contr\u00f4l\u00e9, respectueux de votre peau.<br \/>\n\u2022 Le STANDARD 100 by OEKO-TEX\u00ae est le premier label qui r\u00e9pond aux besoins des consommateurs en mati\u00e8re d\u2019\u00e9cologie humaine. Il garantit l\u2019absence, dans les articles certifi\u00e9s de substances nocives ou pouvant pr\u00e9senter un risque pour la sant\u00e9\u00bb<\/p>\n<p>En savoir plus\u00a0:<\/p>\n<p>&#8211; Taie coton extra-sensible<\/p>\n<p>&#8211; Taie douce et r\u00e9sistante<\/p>\n<p>&#8211; Lot de taies 100% coton<\/p>\n<p>&#8211; Taie grand format<\/p>\n<p>&#8211; Fabriqu\u00e9e en Union Europ\u00e9enne.<\/p>\n<p>&nbsp;<\/p>\n","protected":false},"excerpt":{"rendered":"<p>Gamme DOUCEUR Linandelle a con\u00e7u et fabriqu\u00e9 cette gamme exclusive pour r\u00e9pondre \u00e0 des demandes particuli\u00e8res croissantes, de facilit\u00e9 d&rsquo;entretien et de fraicheur. La gamme DOUCEUR comprend les draps housses et les taies d&rsquo;oreillers, le tout en 10 coloris choisis par nos soins. Caract\u00e9ristique des taies d\u2019oreiller coton DOUCEUR : Taie\u00a0 en jersey extensible Composition [&hellip;]<\/p>\n","protected":false},"featured_media":74686,"template":"","meta":{"_et_pb_use_builder":"","_et_pb_old_content":"","_et_gb_content_width":""},"product_brand":[710],"product_cat":[24,262],"product_tag":[],"woo-feed-brand":[],"class_list":{"0":"post-36423","1":"product","2":"type-product","3":"status-publish","4":"has-post-thumbnail","6":"product_brand-linandelle","7":"product_cat-linge-de-lit","8":"product_cat-taies-et-sous-taies","9":"tm-no-options","11":"first","12":"instock","13":"sale","14":"featured","15":"taxable","16":"shipping-taxable","17":"purchasable","18":"product-type-variable"},"yoast_head":"<!-- This site is optimized with the Yoast SEO Premium plugin v27.4 (Yoast SEO v27.4) - https:\/\/yoast.com\/product\/yoast-seo-premium-wordpress\/ -->\n<title>Lot de 2 taies d&#039;oreiller coton jersey extensible<\/title>\n<meta name=\"description\" content=\"Taies d&#039;oreillers en coton jersey extensible facile d&#039;entretien, sans repassage \u00e0 assortir aux draps housses, aux housses de couettes et aux draps plats\" \/>\n<meta name=\"robots\" content=\"index, follow, max-snippet:-1, max-image-preview:large, max-video-preview:-1\" \/>\n<link rel=\"canonical\" href=\"https:\/\/linandelle.com\/fr\/produit\/lot-de-2-taies-doreillers-coton-jersey-douceur\/\" \/>\n<meta property=\"og:locale\" content=\"fr_FR\" \/>\n<meta property=\"og:type\" content=\"article\" \/>\n<meta property=\"og:title\" content=\"Lot de 2 taies d&#039;oreiller coton jersey extensible\" \/>\n<meta property=\"og:description\" content=\"Taies d&#039;oreillers en coton jersey extensible facile d&#039;entretien, sans repassage \u00e0 assortir aux draps housses, aux housses de couettes et aux draps plats\" \/>\n<meta property=\"og:url\" content=\"https:\/\/linandelle.com\/fr\/produit\/lot-de-2-taies-doreillers-coton-jersey-douceur\/\" \/>\n<meta property=\"og:site_name\" content=\"Linandelle\" \/>\n<meta property=\"article:publisher\" content=\"https:\/\/www.facebook.com\/Linandelle\" \/>\n<meta property=\"article:modified_time\" content=\"2026-04-26T15:42:34+00:00\" \/>\n<meta property=\"og:image\" content=\"https:\/\/linandelle.com\/wp-content\/uploads\/2023\/05\/taie-oreiller-coton-jersey-extensible-blanc.jpg\" \/>\n\t<meta property=\"og:image:width\" content=\"1200\" \/>\n\t<meta property=\"og:image:height\" content=\"1200\" \/>\n\t<meta property=\"og:image:type\" content=\"image\/jpeg\" \/>\n<meta name=\"twitter:card\" content=\"summary_large_image\" \/>\n<meta name=\"twitter:label1\" content=\"Dur\u00e9e de lecture estim\u00e9e\" \/>\n\t<meta name=\"twitter:data1\" content=\"2 minutes\" \/>\n<script type=\"application\/ld+json\" class=\"yoast-schema-graph\">{\"@context\":\"https:\\\/\\\/schema.org\",\"@graph\":[{\"@type\":\"WebPage\",\"@id\":\"https:\\\/\\\/linandelle.com\\\/fr\\\/produit\\\/lot-de-2-taies-doreillers-coton-jersey-douceur\\\/\",\"url\":\"https:\\\/\\\/linandelle.com\\\/fr\\\/produit\\\/lot-de-2-taies-doreillers-coton-jersey-douceur\\\/\",\"name\":\"Lot de 2 taies d'oreiller coton jersey extensible\",\"isPartOf\":{\"@id\":\"https:\\\/\\\/linandelle.com\\\/fr\\\/#website\"},\"primaryImageOfPage\":{\"@id\":\"https:\\\/\\\/linandelle.com\\\/fr\\\/produit\\\/lot-de-2-taies-doreillers-coton-jersey-douceur\\\/#primaryimage\"},\"image\":{\"@id\":\"https:\\\/\\\/linandelle.com\\\/fr\\\/produit\\\/lot-de-2-taies-doreillers-coton-jersey-douceur\\\/#primaryimage\"},\"thumbnailUrl\":\"https:\\\/\\\/linandelle.com\\\/wp-content\\\/uploads\\\/2023\\\/05\\\/taie-oreiller-coton-jersey-extensible-blanc.jpg\",\"datePublished\":\"2023-05-26T10:20:56+00:00\",\"dateModified\":\"2026-04-26T15:42:34+00:00\",\"description\":\"Taies d'oreillers en coton jersey extensible facile d'entretien, sans repassage \u00e0 assortir aux draps housses, aux housses de couettes et aux draps plats\",\"breadcrumb\":{\"@id\":\"https:\\\/\\\/linandelle.com\\\/fr\\\/produit\\\/lot-de-2-taies-doreillers-coton-jersey-douceur\\\/#breadcrumb\"},\"inLanguage\":\"fr-FR\",\"potentialAction\":[{\"@type\":\"ReadAction\",\"target\":[\"https:\\\/\\\/linandelle.com\\\/fr\\\/produit\\\/lot-de-2-taies-doreillers-coton-jersey-douceur\\\/\"]}]},{\"@type\":\"ImageObject\",\"inLanguage\":\"fr-FR\",\"@id\":\"https:\\\/\\\/linandelle.com\\\/fr\\\/produit\\\/lot-de-2-taies-doreillers-coton-jersey-douceur\\\/#primaryimage\",\"url\":\"https:\\\/\\\/linandelle.com\\\/wp-content\\\/uploads\\\/2023\\\/05\\\/taie-oreiller-coton-jersey-extensible-blanc.jpg\",\"contentUrl\":\"https:\\\/\\\/linandelle.com\\\/wp-content\\\/uploads\\\/2023\\\/05\\\/taie-oreiller-coton-jersey-extensible-blanc.jpg\",\"width\":1200,\"height\":1200},{\"@type\":\"BreadcrumbList\",\"@id\":\"https:\\\/\\\/linandelle.com\\\/fr\\\/produit\\\/lot-de-2-taies-doreillers-coton-jersey-douceur\\\/#breadcrumb\",\"itemListElement\":[{\"@type\":\"ListItem\",\"position\":1,\"name\":\"Produits\",\"item\":\"https:\\\/\\\/linandelle.com\\\/fr\\\/shop\\\/\"},{\"@type\":\"ListItem\",\"position\":2,\"name\":\"Lot de 2 taies d&rsquo;oreillers coton jersey DOUCEUR\"}]},{\"@type\":\"WebSite\",\"@id\":\"https:\\\/\\\/linandelle.com\\\/fr\\\/#website\",\"url\":\"https:\\\/\\\/linandelle.com\\\/fr\\\/\",\"name\":\"Linandelle\",\"description\":\"Linandelle, plus que du linge, l&#039;essentiel\",\"publisher\":{\"@id\":\"https:\\\/\\\/linandelle.com\\\/fr\\\/#organization\"},\"potentialAction\":[{\"@type\":\"SearchAction\",\"target\":{\"@type\":\"EntryPoint\",\"urlTemplate\":\"https:\\\/\\\/linandelle.com\\\/fr\\\/?s={search_term_string}\"},\"query-input\":{\"@type\":\"PropertyValueSpecification\",\"valueRequired\":true,\"valueName\":\"search_term_string\"}}],\"inLanguage\":\"fr-FR\"},{\"@type\":\"Organization\",\"@id\":\"https:\\\/\\\/linandelle.com\\\/fr\\\/#organization\",\"name\":\"Linandelle\",\"url\":\"https:\\\/\\\/linandelle.com\\\/fr\\\/\",\"logo\":{\"@type\":\"ImageObject\",\"inLanguage\":\"fr-FR\",\"@id\":\"https:\\\/\\\/linandelle.com\\\/fr\\\/#\\\/schema\\\/logo\\\/image\\\/\",\"url\":\"https:\\\/\\\/linandelle.com\\\/wp-content\\\/uploads\\\/2022\\\/03\\\/logo-linandelle.jpg\",\"contentUrl\":\"https:\\\/\\\/linandelle.com\\\/wp-content\\\/uploads\\\/2022\\\/03\\\/logo-linandelle.jpg\",\"width\":739,\"height\":738,\"caption\":\"Linandelle\"},\"image\":{\"@id\":\"https:\\\/\\\/linandelle.com\\\/fr\\\/#\\\/schema\\\/logo\\\/image\\\/\"},\"sameAs\":[\"https:\\\/\\\/www.facebook.com\\\/Linandelle\",\"https:\\\/\\\/www.instagram.com\\\/linandelle\\\/\",\"https:\\\/\\\/www.linkedin.com\\\/company\\\/18483801\\\/admin\\\/dashboard\\\/\",\"https:\\\/\\\/www.pinterest.fr\\\/linandelle\\\/_created\\\/\",\"https:\\\/\\\/www.youtube.com\\\/@linandellecharleval1016\"],\"email\":\"contact@linandelle.com\",\"telephone\":\"0232687800\",\"legalName\":\"SARL DU PONT DES JARDINS\",\"vatID\":\"FR27448856641\",\"taxID\":\"44885664100015\",\"numberOfEmployees\":{\"@type\":\"QuantitativeValue\",\"minValue\":\"1\",\"maxValue\":\"10\"}}]}<\/script>\n<!-- \/ Yoast SEO Premium plugin. -->","yoast_head_json":{"title":"Lot de 2 taies d'oreiller coton jersey extensible","description":"Taies d'oreillers en coton jersey extensible facile d'entretien, sans repassage \u00e0 assortir aux draps housses, aux housses de couettes et aux draps plats","robots":{"index":"index","follow":"follow","max-snippet":"max-snippet:-1","max-image-preview":"max-image-preview:large","max-video-preview":"max-video-preview:-1"},"canonical":"https:\/\/linandelle.com\/fr\/produit\/lot-de-2-taies-doreillers-coton-jersey-douceur\/","og_locale":"fr_FR","og_type":"article","og_title":"Lot de 2 taies d'oreiller coton jersey extensible","og_description":"Taies d'oreillers en coton jersey extensible facile d'entretien, sans repassage \u00e0 assortir aux draps housses, aux housses de couettes et aux draps plats","og_url":"https:\/\/linandelle.com\/fr\/produit\/lot-de-2-taies-doreillers-coton-jersey-douceur\/","og_site_name":"Linandelle","article_publisher":"https:\/\/www.facebook.com\/Linandelle","article_modified_time":"2026-04-26T15:42:34+00:00","og_image":[{"width":1200,"height":1200,"url":"https:\/\/linandelle.com\/wp-content\/uploads\/2023\/05\/taie-oreiller-coton-jersey-extensible-blanc.jpg","type":"image\/jpeg"}],"twitter_card":"summary_large_image","twitter_misc":{"Dur\u00e9e de lecture estim\u00e9e":"2 minutes"},"schema":{"@context":"https:\/\/schema.org","@graph":[{"@type":"WebPage","@id":"https:\/\/linandelle.com\/fr\/produit\/lot-de-2-taies-doreillers-coton-jersey-douceur\/","url":"https:\/\/linandelle.com\/fr\/produit\/lot-de-2-taies-doreillers-coton-jersey-douceur\/","name":"Lot de 2 taies d'oreiller coton jersey extensible","isPartOf":{"@id":"https:\/\/linandelle.com\/fr\/#website"},"primaryImageOfPage":{"@id":"https:\/\/linandelle.com\/fr\/produit\/lot-de-2-taies-doreillers-coton-jersey-douceur\/#primaryimage"},"image":{"@id":"https:\/\/linandelle.com\/fr\/produit\/lot-de-2-taies-doreillers-coton-jersey-douceur\/#primaryimage"},"thumbnailUrl":"https:\/\/linandelle.com\/wp-content\/uploads\/2023\/05\/taie-oreiller-coton-jersey-extensible-blanc.jpg","datePublished":"2023-05-26T10:20:56+00:00","dateModified":"2026-04-26T15:42:34+00:00","description":"Taies d'oreillers en coton jersey extensible facile d'entretien, sans repassage \u00e0 assortir aux draps housses, aux housses de couettes et aux draps plats","breadcrumb":{"@id":"https:\/\/linandelle.com\/fr\/produit\/lot-de-2-taies-doreillers-coton-jersey-douceur\/#breadcrumb"},"inLanguage":"fr-FR","potentialAction":[{"@type":"ReadAction","target":["https:\/\/linandelle.com\/fr\/produit\/lot-de-2-taies-doreillers-coton-jersey-douceur\/"]}]},{"@type":"ImageObject","inLanguage":"fr-FR","@id":"https:\/\/linandelle.com\/fr\/produit\/lot-de-2-taies-doreillers-coton-jersey-douceur\/#primaryimage","url":"https:\/\/linandelle.com\/wp-content\/uploads\/2023\/05\/taie-oreiller-coton-jersey-extensible-blanc.jpg","contentUrl":"https:\/\/linandelle.com\/wp-content\/uploads\/2023\/05\/taie-oreiller-coton-jersey-extensible-blanc.jpg","width":1200,"height":1200},{"@type":"BreadcrumbList","@id":"https:\/\/linandelle.com\/fr\/produit\/lot-de-2-taies-doreillers-coton-jersey-douceur\/#breadcrumb","itemListElement":[{"@type":"ListItem","position":1,"name":"Produits","item":"https:\/\/linandelle.com\/fr\/shop\/"},{"@type":"ListItem","position":2,"name":"Lot de 2 taies d&rsquo;oreillers coton jersey DOUCEUR"}]},{"@type":"WebSite","@id":"https:\/\/linandelle.com\/fr\/#website","url":"https:\/\/linandelle.com\/fr\/","name":"Linandelle","description":"Linandelle, plus que du linge, l&#039;essentiel","publisher":{"@id":"https:\/\/linandelle.com\/fr\/#organization"},"potentialAction":[{"@type":"SearchAction","target":{"@type":"EntryPoint","urlTemplate":"https:\/\/linandelle.com\/fr\/?s={search_term_string}"},"query-input":{"@type":"PropertyValueSpecification","valueRequired":true,"valueName":"search_term_string"}}],"inLanguage":"fr-FR"},{"@type":"Organization","@id":"https:\/\/linandelle.com\/fr\/#organization","name":"Linandelle","url":"https:\/\/linandelle.com\/fr\/","logo":{"@type":"ImageObject","inLanguage":"fr-FR","@id":"https:\/\/linandelle.com\/fr\/#\/schema\/logo\/image\/","url":"https:\/\/linandelle.com\/wp-content\/uploads\/2022\/03\/logo-linandelle.jpg","contentUrl":"https:\/\/linandelle.com\/wp-content\/uploads\/2022\/03\/logo-linandelle.jpg","width":739,"height":738,"caption":"Linandelle"},"image":{"@id":"https:\/\/linandelle.com\/fr\/#\/schema\/logo\/image\/"},"sameAs":["https:\/\/www.facebook.com\/Linandelle","https:\/\/www.instagram.com\/linandelle\/","https:\/\/www.linkedin.com\/company\/18483801\/admin\/dashboard\/","https:\/\/www.pinterest.fr\/linandelle\/_created\/","https:\/\/www.youtube.com\/@linandellecharleval1016"],"email":"contact@linandelle.com","telephone":"0232687800","legalName":"SARL DU PONT DES JARDINS","vatID":"FR27448856641","taxID":"44885664100015","numberOfEmployees":{"@type":"QuantitativeValue","minValue":"1","maxValue":"10"}}]}},"_links":{"self":[{"href":"https:\/\/linandelle.com\/fr\/wp-json\/wp\/v2\/product\/36423","targetHints":{"allow":["GET"]}}],"collection":[{"href":"https:\/\/linandelle.com\/fr\/wp-json\/wp\/v2\/product"}],"about":[{"href":"https:\/\/linandelle.com\/fr\/wp-json\/wp\/v2\/types\/product"}],"wp:featuredmedia":[{"embeddable":true,"href":"https:\/\/linandelle.com\/fr\/wp-json\/wp\/v2\/media\/74686"}],"wp:attachment":[{"href":"https:\/\/linandelle.com\/fr\/wp-json\/wp\/v2\/media?parent=36423"}],"wp:term":[{"taxonomy":"product_brand","embeddable":true,"href":"https:\/\/linandelle.com\/fr\/wp-json\/wp\/v2\/product_brand?post=36423"},{"taxonomy":"product_cat","embeddable":true,"href":"https:\/\/linandelle.com\/fr\/wp-json\/wp\/v2\/product_cat?post=36423"},{"taxonomy":"product_tag","embeddable":true,"href":"https:\/\/linandelle.com\/fr\/wp-json\/wp\/v2\/product_tag?post=36423"},{"taxonomy":"woo-feed-brand","embeddable":true,"href":"https:\/\/linandelle.com\/fr\/wp-json\/wp\/v2\/woo-feed-brand?post=36423"}],"curies":[{"name":"wp","href":"https:\/\/api.w.org\/{rel}","templated":true}]}}