{"id":36963,"date":"2023-06-20T15:10:17","date_gmt":"2023-06-20T13:10:17","guid":{"rendered":"https:\/\/linandelle.com\/fr\/?post_type=product&#038;p=36963"},"modified":"2026-04-22T09:16:36","modified_gmt":"2026-04-22T07:16:36","slug":"poncho-enfant-bebe-fabrique-en-france-mani","status":"publish","type":"product","link":"https:\/\/linandelle.com\/fr\/produit\/poncho-enfant-bebe-fabrique-en-france-mani\/","title":{"rendered":"Poncho \u00e0 capuche \u00e9ponge 480gr m\u00b2 MANI"},"content":{"rendered":"<h5><strong><u>Poncho \u00e9ponge 480gr m\u00b2 MANI<\/u><\/strong><u><\/u><\/h5>\n<p style=\"text-align: left;\">Apr\u00e8s l\u2019\u00e9tape de la <a href=\"https:\/\/linandelle.com\/fr\/produit\/coffret-cadeau-bebe-3-pieces-panda\/\">cape de bain<\/a> b\u00e9b\u00e9 \u00a0et avant le passage au \u00a0premier <a href=\"https:\/\/linandelle.com\/fr\/produit\/peignoir-enfant-a-capuche-coloris-gris-cocoon\/\">peignoir<\/a> enfant, est venu le moment du poncho MANI\u00a0!!!<\/p>\n<p style=\"text-align: left;\">Vous recherchez un PONCHO en \u00e9ponge pour enfant ? Pour sortir du bain, de la piscine ou encore pour les moments cocoonings.<\/p>\n<p style=\"text-align: left;\">Le tout, d\u2019une tr\u00e8s belle qualit\u00e9 \u00a0confectionn\u00e9 et cr\u00e9e en France, dans nos ateliers.<\/p>\n<p style=\"text-align: left;\">\u00a0Les ponchos pour enfants Linandelle sont incontournables ! Plus pratique et plus rapide \u00e0 enfiler qu\u2019un peignoir ordinaire.<\/p>\n<p style=\"text-align: left;\">Il peut \u00eatre personnalis\u00e9 en brodant le pr\u00e9nom ou surnom \u00a0de l&rsquo;enfant, ce qui en fait une tr\u00e8s belle id\u00e9e cadeau.<\/p>\n<p style=\"text-align: center;\"><strong><u>Description du Poncho MANI<\/u><\/strong><\/p>\n<p style=\"text-align: center;\">Linandelle vous propose cet accessoire \u00a0de bain fabriqu\u00e9 dans nos ateliers fran\u00e7ais.<\/p>\n<ul>\n<li>\u00a0Compos\u00e9 en 100% bouclette d&rsquo;\u00e9ponge 480gr\/m2.<\/li>\n<li>Dimensions 60x55cm\u00a0 (60cm de large x 55 de haut)<\/li>\n<li>Disponible en noir, gris, blanc, caramel, \u00e9cru.<\/li>\n<li>Capuche.<\/li>\n<li>Attaches \u00e0 liens sur les c\u00f4t\u00e9s.<\/li>\n<li>Fabriqu\u00e9 en France.<\/li>\n<li>Norme OekoTex.<\/li>\n<\/ul>\n<p>&nbsp;<\/p>\n<h5><strong>Nos conseils d&rsquo;entretien :<\/strong><\/h5>\n<p>100% coton, lavable en machine \u00e0 60\u00b0C, s\u00e8che-linge autoris\u00e9.<\/p>\n<h4><strong>Les avantages de l&rsquo;\u00e9ponge :<\/strong><\/h4>\n<p>L&rsquo;\u00e9ponge est particuli\u00e8rement douce. Nous avons pris le soin de choisir la qualit\u00e9 du coton et le proc\u00e9d\u00e9 de tissage, pour fabriquer une sortie de bain douce et r\u00e9sistante, pour vos enfants.<\/p>\n<p>\u2022 Ce produit lab\u00e9llis\u00e9 STANDARD 100 by OEKO-TEX\u00ae &#8211; certificat n\u00b0 CQ 1102\/4 IFTH suit un processus de fabrication certifi\u00e9 et contr\u00f4l\u00e9, respectueux de votre peau.<br \/>\n\u2022 Le STANDARD 100 by OEKO-TEX\u00ae est le premier label qui r\u00e9pond aux besoins des consommateurs en mati\u00e8re d\u2019\u00e9cologie humaine. Il garantit l\u2019absence, dans les articles certifi\u00e9s de substances nocives ou pouvant pr\u00e9senter un risque pour la sant\u00e9<\/p>\n<p>En savoir plus\u00a0:<\/p>\n<p>&#8211; \u00c9ponge 480gr<\/p>\n<p>&#8211; Fermeture \u00e0 liens<\/p>\n<p>&#8211; Poncho \u00e0 capuche<\/p>\n<p>&#8211; 100% coton<\/p>\n<p>&#8211; Fabriqu\u00e9 en France.<\/p>\n","protected":false},"excerpt":{"rendered":"<p>Cape de bain fabriqu\u00e9e en France, par nos couturi\u00e8res Flora et Amandine. Livraison rapide, 48 \u00e0 72H.<\/p>\n<p>&nbsp;<\/p>\n","protected":false},"featured_media":36975,"template":"","meta":{"_et_pb_use_builder":"","_et_pb_old_content":"","_et_gb_content_width":""},"product_brand":[710],"product_cat":[318,697,357],"product_tag":[],"woo-feed-brand":[],"class_list":{"0":"post-36963","1":"product","2":"type-product","3":"status-publish","4":"has-post-thumbnail","6":"product_brand-linandelle","7":"product_cat-enfants","8":"product_cat-produits-made-in-france","9":"product_cat-peignoirs-enfants-et-ados","10":"tm-has-options","12":"first","13":"instock","14":"sale","15":"featured","16":"taxable","17":"shipping-taxable","18":"purchasable","19":"product-type-variable"},"yoast_head":"<!-- This site is optimized with the Yoast SEO Premium plugin v27.4 (Yoast SEO v27.4) - https:\/\/yoast.com\/product\/yoast-seo-premium-wordpress\/ -->\n<title>Poncho enfant en coton \u00e9ponge, made in France<\/title>\n<meta name=\"description\" content=\"Sortie de bain , pour enfant, avec capuche, \u00e9ponge 480gr\/m2. 100% coton. Poncho personnalisable par broderie de votre choix.\" \/>\n<meta name=\"robots\" content=\"index, follow, max-snippet:-1, max-image-preview:large, max-video-preview:-1\" \/>\n<link rel=\"canonical\" href=\"https:\/\/linandelle.com\/fr\/produit\/poncho-enfant-bebe-fabrique-en-france-mani\/\" \/>\n<meta property=\"og:locale\" content=\"fr_FR\" \/>\n<meta property=\"og:type\" content=\"article\" \/>\n<meta property=\"og:title\" content=\"Poncho enfant en coton \u00e9ponge, made in France\" \/>\n<meta property=\"og:description\" content=\"Sortie de bain , pour enfant, avec capuche, \u00e9ponge 480gr\/m2. 100% coton. Poncho personnalisable par broderie de votre choix.\" \/>\n<meta property=\"og:url\" content=\"https:\/\/linandelle.com\/fr\/produit\/poncho-enfant-bebe-fabrique-en-france-mani\/\" \/>\n<meta property=\"og:site_name\" content=\"Linandelle\" \/>\n<meta property=\"article:publisher\" content=\"https:\/\/www.facebook.com\/Linandelle\" \/>\n<meta property=\"article:modified_time\" content=\"2026-04-22T07:16:36+00:00\" \/>\n<meta property=\"og:image\" content=\"https:\/\/linandelle.com\/wp-content\/uploads\/2023\/06\/poncho-gris-FB.jpg\" \/>\n\t<meta property=\"og:image:width\" content=\"1600\" \/>\n\t<meta property=\"og:image:height\" content=\"1600\" \/>\n\t<meta property=\"og:image:type\" content=\"image\/jpeg\" \/>\n<meta name=\"twitter:card\" content=\"summary_large_image\" \/>\n<meta name=\"twitter:label1\" content=\"Dur\u00e9e de lecture estim\u00e9e\" \/>\n\t<meta name=\"twitter:data1\" content=\"2 minutes\" \/>\n<script type=\"application\/ld+json\" class=\"yoast-schema-graph\">{\"@context\":\"https:\\\/\\\/schema.org\",\"@graph\":[{\"@type\":\"WebPage\",\"@id\":\"https:\\\/\\\/linandelle.com\\\/fr\\\/produit\\\/poncho-enfant-bebe-fabrique-en-france-mani\\\/\",\"url\":\"https:\\\/\\\/linandelle.com\\\/fr\\\/produit\\\/poncho-enfant-bebe-fabrique-en-france-mani\\\/\",\"name\":\"Poncho enfant en coton \u00e9ponge, made in France\",\"isPartOf\":{\"@id\":\"https:\\\/\\\/linandelle.com\\\/fr\\\/#website\"},\"primaryImageOfPage\":{\"@id\":\"https:\\\/\\\/linandelle.com\\\/fr\\\/produit\\\/poncho-enfant-bebe-fabrique-en-france-mani\\\/#primaryimage\"},\"image\":{\"@id\":\"https:\\\/\\\/linandelle.com\\\/fr\\\/produit\\\/poncho-enfant-bebe-fabrique-en-france-mani\\\/#primaryimage\"},\"thumbnailUrl\":\"https:\\\/\\\/linandelle.com\\\/wp-content\\\/uploads\\\/2023\\\/06\\\/poncho-gris-FB.jpg\",\"datePublished\":\"2023-06-20T13:10:17+00:00\",\"dateModified\":\"2026-04-22T07:16:36+00:00\",\"description\":\"Sortie de bain , pour enfant, avec capuche, \u00e9ponge 480gr\\\/m2. 100% coton. Poncho personnalisable par broderie de votre choix.\",\"breadcrumb\":{\"@id\":\"https:\\\/\\\/linandelle.com\\\/fr\\\/produit\\\/poncho-enfant-bebe-fabrique-en-france-mani\\\/#breadcrumb\"},\"inLanguage\":\"fr-FR\",\"potentialAction\":[{\"@type\":\"ReadAction\",\"target\":[\"https:\\\/\\\/linandelle.com\\\/fr\\\/produit\\\/poncho-enfant-bebe-fabrique-en-france-mani\\\/\"]}]},{\"@type\":\"ImageObject\",\"inLanguage\":\"fr-FR\",\"@id\":\"https:\\\/\\\/linandelle.com\\\/fr\\\/produit\\\/poncho-enfant-bebe-fabrique-en-france-mani\\\/#primaryimage\",\"url\":\"https:\\\/\\\/linandelle.com\\\/wp-content\\\/uploads\\\/2023\\\/06\\\/poncho-gris-FB.jpg\",\"contentUrl\":\"https:\\\/\\\/linandelle.com\\\/wp-content\\\/uploads\\\/2023\\\/06\\\/poncho-gris-FB.jpg\",\"width\":1600,\"height\":1600},{\"@type\":\"BreadcrumbList\",\"@id\":\"https:\\\/\\\/linandelle.com\\\/fr\\\/produit\\\/poncho-enfant-bebe-fabrique-en-france-mani\\\/#breadcrumb\",\"itemListElement\":[{\"@type\":\"ListItem\",\"position\":1,\"name\":\"Produits\",\"item\":\"https:\\\/\\\/linandelle.com\\\/fr\\\/shop\\\/\"},{\"@type\":\"ListItem\",\"position\":2,\"name\":\"Poncho \u00e0 capuche \u00e9ponge 480gr m\u00b2 MANI\"}]},{\"@type\":\"WebSite\",\"@id\":\"https:\\\/\\\/linandelle.com\\\/fr\\\/#website\",\"url\":\"https:\\\/\\\/linandelle.com\\\/fr\\\/\",\"name\":\"Linandelle\",\"description\":\"Linandelle, plus que du linge, l&#039;essentiel\",\"publisher\":{\"@id\":\"https:\\\/\\\/linandelle.com\\\/fr\\\/#organization\"},\"potentialAction\":[{\"@type\":\"SearchAction\",\"target\":{\"@type\":\"EntryPoint\",\"urlTemplate\":\"https:\\\/\\\/linandelle.com\\\/fr\\\/?s={search_term_string}\"},\"query-input\":{\"@type\":\"PropertyValueSpecification\",\"valueRequired\":true,\"valueName\":\"search_term_string\"}}],\"inLanguage\":\"fr-FR\"},{\"@type\":\"Organization\",\"@id\":\"https:\\\/\\\/linandelle.com\\\/fr\\\/#organization\",\"name\":\"Linandelle\",\"url\":\"https:\\\/\\\/linandelle.com\\\/fr\\\/\",\"logo\":{\"@type\":\"ImageObject\",\"inLanguage\":\"fr-FR\",\"@id\":\"https:\\\/\\\/linandelle.com\\\/fr\\\/#\\\/schema\\\/logo\\\/image\\\/\",\"url\":\"https:\\\/\\\/linandelle.com\\\/wp-content\\\/uploads\\\/2022\\\/03\\\/logo-linandelle.jpg\",\"contentUrl\":\"https:\\\/\\\/linandelle.com\\\/wp-content\\\/uploads\\\/2022\\\/03\\\/logo-linandelle.jpg\",\"width\":739,\"height\":738,\"caption\":\"Linandelle\"},\"image\":{\"@id\":\"https:\\\/\\\/linandelle.com\\\/fr\\\/#\\\/schema\\\/logo\\\/image\\\/\"},\"sameAs\":[\"https:\\\/\\\/www.facebook.com\\\/Linandelle\",\"https:\\\/\\\/www.instagram.com\\\/linandelle\\\/\",\"https:\\\/\\\/www.linkedin.com\\\/company\\\/18483801\\\/admin\\\/dashboard\\\/\",\"https:\\\/\\\/www.pinterest.fr\\\/linandelle\\\/_created\\\/\",\"https:\\\/\\\/www.youtube.com\\\/@linandellecharleval1016\"],\"email\":\"contact@linandelle.com\",\"telephone\":\"0232687800\",\"legalName\":\"SARL DU PONT DES JARDINS\",\"vatID\":\"FR27448856641\",\"taxID\":\"44885664100015\",\"numberOfEmployees\":{\"@type\":\"QuantitativeValue\",\"minValue\":\"1\",\"maxValue\":\"10\"}}]}<\/script>\n<!-- \/ Yoast SEO Premium plugin. -->","yoast_head_json":{"title":"Poncho enfant en coton \u00e9ponge, made in France","description":"Sortie de bain , pour enfant, avec capuche, \u00e9ponge 480gr\/m2. 100% coton. Poncho personnalisable par broderie de votre choix.","robots":{"index":"index","follow":"follow","max-snippet":"max-snippet:-1","max-image-preview":"max-image-preview:large","max-video-preview":"max-video-preview:-1"},"canonical":"https:\/\/linandelle.com\/fr\/produit\/poncho-enfant-bebe-fabrique-en-france-mani\/","og_locale":"fr_FR","og_type":"article","og_title":"Poncho enfant en coton \u00e9ponge, made in France","og_description":"Sortie de bain , pour enfant, avec capuche, \u00e9ponge 480gr\/m2. 100% coton. Poncho personnalisable par broderie de votre choix.","og_url":"https:\/\/linandelle.com\/fr\/produit\/poncho-enfant-bebe-fabrique-en-france-mani\/","og_site_name":"Linandelle","article_publisher":"https:\/\/www.facebook.com\/Linandelle","article_modified_time":"2026-04-22T07:16:36+00:00","og_image":[{"width":1600,"height":1600,"url":"https:\/\/linandelle.com\/wp-content\/uploads\/2023\/06\/poncho-gris-FB.jpg","type":"image\/jpeg"}],"twitter_card":"summary_large_image","twitter_misc":{"Dur\u00e9e de lecture estim\u00e9e":"2 minutes"},"schema":{"@context":"https:\/\/schema.org","@graph":[{"@type":"WebPage","@id":"https:\/\/linandelle.com\/fr\/produit\/poncho-enfant-bebe-fabrique-en-france-mani\/","url":"https:\/\/linandelle.com\/fr\/produit\/poncho-enfant-bebe-fabrique-en-france-mani\/","name":"Poncho enfant en coton \u00e9ponge, made in France","isPartOf":{"@id":"https:\/\/linandelle.com\/fr\/#website"},"primaryImageOfPage":{"@id":"https:\/\/linandelle.com\/fr\/produit\/poncho-enfant-bebe-fabrique-en-france-mani\/#primaryimage"},"image":{"@id":"https:\/\/linandelle.com\/fr\/produit\/poncho-enfant-bebe-fabrique-en-france-mani\/#primaryimage"},"thumbnailUrl":"https:\/\/linandelle.com\/wp-content\/uploads\/2023\/06\/poncho-gris-FB.jpg","datePublished":"2023-06-20T13:10:17+00:00","dateModified":"2026-04-22T07:16:36+00:00","description":"Sortie de bain , pour enfant, avec capuche, \u00e9ponge 480gr\/m2. 100% coton. Poncho personnalisable par broderie de votre choix.","breadcrumb":{"@id":"https:\/\/linandelle.com\/fr\/produit\/poncho-enfant-bebe-fabrique-en-france-mani\/#breadcrumb"},"inLanguage":"fr-FR","potentialAction":[{"@type":"ReadAction","target":["https:\/\/linandelle.com\/fr\/produit\/poncho-enfant-bebe-fabrique-en-france-mani\/"]}]},{"@type":"ImageObject","inLanguage":"fr-FR","@id":"https:\/\/linandelle.com\/fr\/produit\/poncho-enfant-bebe-fabrique-en-france-mani\/#primaryimage","url":"https:\/\/linandelle.com\/wp-content\/uploads\/2023\/06\/poncho-gris-FB.jpg","contentUrl":"https:\/\/linandelle.com\/wp-content\/uploads\/2023\/06\/poncho-gris-FB.jpg","width":1600,"height":1600},{"@type":"BreadcrumbList","@id":"https:\/\/linandelle.com\/fr\/produit\/poncho-enfant-bebe-fabrique-en-france-mani\/#breadcrumb","itemListElement":[{"@type":"ListItem","position":1,"name":"Produits","item":"https:\/\/linandelle.com\/fr\/shop\/"},{"@type":"ListItem","position":2,"name":"Poncho \u00e0 capuche \u00e9ponge 480gr m\u00b2 MANI"}]},{"@type":"WebSite","@id":"https:\/\/linandelle.com\/fr\/#website","url":"https:\/\/linandelle.com\/fr\/","name":"Linandelle","description":"Linandelle, plus que du linge, l&#039;essentiel","publisher":{"@id":"https:\/\/linandelle.com\/fr\/#organization"},"potentialAction":[{"@type":"SearchAction","target":{"@type":"EntryPoint","urlTemplate":"https:\/\/linandelle.com\/fr\/?s={search_term_string}"},"query-input":{"@type":"PropertyValueSpecification","valueRequired":true,"valueName":"search_term_string"}}],"inLanguage":"fr-FR"},{"@type":"Organization","@id":"https:\/\/linandelle.com\/fr\/#organization","name":"Linandelle","url":"https:\/\/linandelle.com\/fr\/","logo":{"@type":"ImageObject","inLanguage":"fr-FR","@id":"https:\/\/linandelle.com\/fr\/#\/schema\/logo\/image\/","url":"https:\/\/linandelle.com\/wp-content\/uploads\/2022\/03\/logo-linandelle.jpg","contentUrl":"https:\/\/linandelle.com\/wp-content\/uploads\/2022\/03\/logo-linandelle.jpg","width":739,"height":738,"caption":"Linandelle"},"image":{"@id":"https:\/\/linandelle.com\/fr\/#\/schema\/logo\/image\/"},"sameAs":["https:\/\/www.facebook.com\/Linandelle","https:\/\/www.instagram.com\/linandelle\/","https:\/\/www.linkedin.com\/company\/18483801\/admin\/dashboard\/","https:\/\/www.pinterest.fr\/linandelle\/_created\/","https:\/\/www.youtube.com\/@linandellecharleval1016"],"email":"contact@linandelle.com","telephone":"0232687800","legalName":"SARL DU PONT DES JARDINS","vatID":"FR27448856641","taxID":"44885664100015","numberOfEmployees":{"@type":"QuantitativeValue","minValue":"1","maxValue":"10"}}]}},"_links":{"self":[{"href":"https:\/\/linandelle.com\/fr\/wp-json\/wp\/v2\/product\/36963","targetHints":{"allow":["GET"]}}],"collection":[{"href":"https:\/\/linandelle.com\/fr\/wp-json\/wp\/v2\/product"}],"about":[{"href":"https:\/\/linandelle.com\/fr\/wp-json\/wp\/v2\/types\/product"}],"wp:featuredmedia":[{"embeddable":true,"href":"https:\/\/linandelle.com\/fr\/wp-json\/wp\/v2\/media\/36975"}],"wp:attachment":[{"href":"https:\/\/linandelle.com\/fr\/wp-json\/wp\/v2\/media?parent=36963"}],"wp:term":[{"taxonomy":"product_brand","embeddable":true,"href":"https:\/\/linandelle.com\/fr\/wp-json\/wp\/v2\/product_brand?post=36963"},{"taxonomy":"product_cat","embeddable":true,"href":"https:\/\/linandelle.com\/fr\/wp-json\/wp\/v2\/product_cat?post=36963"},{"taxonomy":"product_tag","embeddable":true,"href":"https:\/\/linandelle.com\/fr\/wp-json\/wp\/v2\/product_tag?post=36963"},{"taxonomy":"woo-feed-brand","embeddable":true,"href":"https:\/\/linandelle.com\/fr\/wp-json\/wp\/v2\/woo-feed-brand?post=36963"}],"curies":[{"name":"wp","href":"https:\/\/api.w.org\/{rel}","templated":true}]}}