{"id":37701,"date":"2023-08-25T11:04:35","date_gmt":"2023-08-25T09:04:35","guid":{"rendered":"https:\/\/linandelle.com\/fr\/?post_type=product&#038;p=37701"},"modified":"2026-04-22T09:15:49","modified_gmt":"2026-04-22T07:15:49","slug":"tissu-au-metre100-lin-ecru-naturel","status":"publish","type":"product","link":"https:\/\/linandelle.com\/fr\/produit\/tissu-au-metre100-lin-ecru-naturel\/","title":{"rendered":"Tissu  au m\u00e9tre100% lin naturel"},"content":{"rendered":"<h5><strong>Tissu naturel.<br \/>\n<\/strong><\/h5>\n<p>Tissu lin au m\u00e8tre 170gr m\u00b2, laize 260cm.<\/p>\n<p>Id\u00e9al pour la confection de v\u00eatements, de nappes\u00a0 et divers objets de cr\u00e9ation.<\/p>\n<p>Le tissu est doux et soyeux.<\/p>\n<p>Les propri\u00e9t\u00e9s du lin\u00a0:<\/p>\n<p>C&rsquo;est un textile appr\u00e9ci\u00e9 pour sa souplesse et sa l\u00e9g\u00e8ret\u00e9. Due \u00e0 la propri\u00e9t\u00e9 isolante et thermor\u00e9gulatrice de sa fibre, le tissu nous garde au frais l&rsquo;\u00e9t\u00e9 et au chaud l&rsquo;hiver. \u00c9tant une fibre naturelle, le lin poss\u00e8de des vertus hypoallergiques et n&rsquo;irrite pas la peau<\/p>\n<h4 style=\"text-align: left;\">Caract\u00e9ristiques \u00a0du tissu :<\/h4>\n<p style=\"text-align: left;\">Tissu 100% lin<\/p>\n<p style=\"text-align: left;\">Laize 260cm.<\/p>\n<p style=\"text-align: left;\">170gr m\u00b2<\/p>\n<p style=\"text-align: left;\">Norme Oeko-Tex<\/p>\n<p style=\"text-align: left;\">Fabriqu\u00e9 en U.E<\/p>\n<p>&nbsp;<\/p>\n<p>&nbsp;<\/p>\n","protected":false},"excerpt":{"rendered":"<p>Tissu 100% lin, largeur 260cm.<\/p>\n","protected":false},"featured_media":37703,"template":"","meta":{"_et_pb_use_builder":"","_et_pb_old_content":"","_et_gb_content_width":""},"product_brand":[710],"product_cat":[315,26],"product_tag":[],"woo-feed-brand":[],"class_list":{"0":"post-37701","1":"product","2":"type-product","3":"status-publish","4":"has-post-thumbnail","6":"product_brand-linandelle","7":"product_cat-tissu-100-lin-au-metre","8":"product_cat-tissus-au-metre","9":"tm-no-options","11":"first","12":"instock","13":"sale","14":"featured","15":"taxable","16":"shipping-taxable","17":"purchasable","18":"product-type-simple"},"yoast_head":"<!-- This site is optimized with the Yoast SEO Premium plugin v27.4 (Yoast SEO v27.4) - https:\/\/yoast.com\/product\/yoast-seo-premium-wordpress\/ -->\n<title>Tissu 100% lin au m\u00e8tre \u00e9cru naturel<\/title>\n<meta name=\"description\" content=\"Tissu 100% lin \u00e9cru,naturel, d&#039;une tr\u00e8s belle qualit\u00e9, confectionn\u00e9 au Portugal. C&#039;est le tissu id\u00e9al pour confectionner divers articles d&#039;habillement.\" \/>\n<meta name=\"robots\" content=\"index, follow, max-snippet:-1, max-image-preview:large, max-video-preview:-1\" \/>\n<link rel=\"canonical\" href=\"https:\/\/linandelle.com\/fr\/produit\/tissu-au-metre100-lin-ecru-naturel\/\" \/>\n<meta property=\"og:locale\" content=\"fr_FR\" \/>\n<meta property=\"og:type\" content=\"article\" \/>\n<meta property=\"og:title\" content=\"Tissu 100% lin au m\u00e8tre \u00e9cru naturel\" \/>\n<meta property=\"og:description\" content=\"Tissu 100% lin \u00e9cru,naturel, d&#039;une tr\u00e8s belle qualit\u00e9, confectionn\u00e9 au Portugal. C&#039;est le tissu id\u00e9al pour confectionner divers articles d&#039;habillement.\" \/>\n<meta property=\"og:url\" content=\"https:\/\/linandelle.com\/fr\/produit\/tissu-au-metre100-lin-ecru-naturel\/\" \/>\n<meta property=\"og:site_name\" content=\"Linandelle\" \/>\n<meta property=\"article:publisher\" content=\"https:\/\/www.facebook.com\/Linandelle\" \/>\n<meta property=\"article:modified_time\" content=\"2026-04-22T07:15:49+00:00\" \/>\n<meta property=\"og:image\" content=\"https:\/\/linandelle.com\/wp-content\/uploads\/2023\/08\/lin-naturel-zoom.jpg\" \/>\n\t<meta property=\"og:image:width\" content=\"1600\" \/>\n\t<meta property=\"og:image:height\" content=\"1600\" \/>\n\t<meta property=\"og:image:type\" content=\"image\/jpeg\" \/>\n<meta name=\"twitter:card\" content=\"summary_large_image\" \/>\n<meta name=\"twitter:label1\" content=\"Dur\u00e9e de lecture estim\u00e9e\" \/>\n\t<meta name=\"twitter:data1\" content=\"1 minute\" \/>\n<script type=\"application\/ld+json\" class=\"yoast-schema-graph\">{\"@context\":\"https:\\\/\\\/schema.org\",\"@graph\":[{\"@type\":\"WebPage\",\"@id\":\"https:\\\/\\\/linandelle.com\\\/fr\\\/produit\\\/tissu-au-metre100-lin-ecru-naturel\\\/\",\"url\":\"https:\\\/\\\/linandelle.com\\\/fr\\\/produit\\\/tissu-au-metre100-lin-ecru-naturel\\\/\",\"name\":\"Tissu 100% lin au m\u00e8tre \u00e9cru naturel\",\"isPartOf\":{\"@id\":\"https:\\\/\\\/linandelle.com\\\/fr\\\/#website\"},\"primaryImageOfPage\":{\"@id\":\"https:\\\/\\\/linandelle.com\\\/fr\\\/produit\\\/tissu-au-metre100-lin-ecru-naturel\\\/#primaryimage\"},\"image\":{\"@id\":\"https:\\\/\\\/linandelle.com\\\/fr\\\/produit\\\/tissu-au-metre100-lin-ecru-naturel\\\/#primaryimage\"},\"thumbnailUrl\":\"https:\\\/\\\/linandelle.com\\\/wp-content\\\/uploads\\\/2023\\\/08\\\/lin-naturel-zoom.jpg\",\"datePublished\":\"2023-08-25T09:04:35+00:00\",\"dateModified\":\"2026-04-22T07:15:49+00:00\",\"description\":\"Tissu 100% lin \u00e9cru,naturel, d'une tr\u00e8s belle qualit\u00e9, confectionn\u00e9 au Portugal. C'est le tissu id\u00e9al pour confectionner divers articles d'habillement.\",\"breadcrumb\":{\"@id\":\"https:\\\/\\\/linandelle.com\\\/fr\\\/produit\\\/tissu-au-metre100-lin-ecru-naturel\\\/#breadcrumb\"},\"inLanguage\":\"fr-FR\",\"potentialAction\":[{\"@type\":\"ReadAction\",\"target\":[\"https:\\\/\\\/linandelle.com\\\/fr\\\/produit\\\/tissu-au-metre100-lin-ecru-naturel\\\/\"]}]},{\"@type\":\"ImageObject\",\"inLanguage\":\"fr-FR\",\"@id\":\"https:\\\/\\\/linandelle.com\\\/fr\\\/produit\\\/tissu-au-metre100-lin-ecru-naturel\\\/#primaryimage\",\"url\":\"https:\\\/\\\/linandelle.com\\\/wp-content\\\/uploads\\\/2023\\\/08\\\/lin-naturel-zoom.jpg\",\"contentUrl\":\"https:\\\/\\\/linandelle.com\\\/wp-content\\\/uploads\\\/2023\\\/08\\\/lin-naturel-zoom.jpg\",\"width\":1600,\"height\":1600},{\"@type\":\"BreadcrumbList\",\"@id\":\"https:\\\/\\\/linandelle.com\\\/fr\\\/produit\\\/tissu-au-metre100-lin-ecru-naturel\\\/#breadcrumb\",\"itemListElement\":[{\"@type\":\"ListItem\",\"position\":1,\"name\":\"Produits\",\"item\":\"https:\\\/\\\/linandelle.com\\\/fr\\\/shop\\\/\"},{\"@type\":\"ListItem\",\"position\":2,\"name\":\"Tissu au m\u00e9tre100% lin naturel\"}]},{\"@type\":\"WebSite\",\"@id\":\"https:\\\/\\\/linandelle.com\\\/fr\\\/#website\",\"url\":\"https:\\\/\\\/linandelle.com\\\/fr\\\/\",\"name\":\"Linandelle\",\"description\":\"Linandelle, plus que du linge, l&#039;essentiel\",\"publisher\":{\"@id\":\"https:\\\/\\\/linandelle.com\\\/fr\\\/#organization\"},\"potentialAction\":[{\"@type\":\"SearchAction\",\"target\":{\"@type\":\"EntryPoint\",\"urlTemplate\":\"https:\\\/\\\/linandelle.com\\\/fr\\\/?s={search_term_string}\"},\"query-input\":{\"@type\":\"PropertyValueSpecification\",\"valueRequired\":true,\"valueName\":\"search_term_string\"}}],\"inLanguage\":\"fr-FR\"},{\"@type\":\"Organization\",\"@id\":\"https:\\\/\\\/linandelle.com\\\/fr\\\/#organization\",\"name\":\"Linandelle\",\"url\":\"https:\\\/\\\/linandelle.com\\\/fr\\\/\",\"logo\":{\"@type\":\"ImageObject\",\"inLanguage\":\"fr-FR\",\"@id\":\"https:\\\/\\\/linandelle.com\\\/fr\\\/#\\\/schema\\\/logo\\\/image\\\/\",\"url\":\"https:\\\/\\\/linandelle.com\\\/wp-content\\\/uploads\\\/2022\\\/03\\\/logo-linandelle.jpg\",\"contentUrl\":\"https:\\\/\\\/linandelle.com\\\/wp-content\\\/uploads\\\/2022\\\/03\\\/logo-linandelle.jpg\",\"width\":739,\"height\":738,\"caption\":\"Linandelle\"},\"image\":{\"@id\":\"https:\\\/\\\/linandelle.com\\\/fr\\\/#\\\/schema\\\/logo\\\/image\\\/\"},\"sameAs\":[\"https:\\\/\\\/www.facebook.com\\\/Linandelle\",\"https:\\\/\\\/www.instagram.com\\\/linandelle\\\/\",\"https:\\\/\\\/www.linkedin.com\\\/company\\\/18483801\\\/admin\\\/dashboard\\\/\",\"https:\\\/\\\/www.pinterest.fr\\\/linandelle\\\/_created\\\/\",\"https:\\\/\\\/www.youtube.com\\\/@linandellecharleval1016\"],\"email\":\"contact@linandelle.com\",\"telephone\":\"0232687800\",\"legalName\":\"SARL DU PONT DES JARDINS\",\"vatID\":\"FR27448856641\",\"taxID\":\"44885664100015\",\"numberOfEmployees\":{\"@type\":\"QuantitativeValue\",\"minValue\":\"1\",\"maxValue\":\"10\"}}]}<\/script>\n<!-- \/ Yoast SEO Premium plugin. -->","yoast_head_json":{"title":"Tissu 100% lin au m\u00e8tre \u00e9cru naturel","description":"Tissu 100% lin \u00e9cru,naturel, d'une tr\u00e8s belle qualit\u00e9, confectionn\u00e9 au Portugal. C'est le tissu id\u00e9al pour confectionner divers articles d'habillement.","robots":{"index":"index","follow":"follow","max-snippet":"max-snippet:-1","max-image-preview":"max-image-preview:large","max-video-preview":"max-video-preview:-1"},"canonical":"https:\/\/linandelle.com\/fr\/produit\/tissu-au-metre100-lin-ecru-naturel\/","og_locale":"fr_FR","og_type":"article","og_title":"Tissu 100% lin au m\u00e8tre \u00e9cru naturel","og_description":"Tissu 100% lin \u00e9cru,naturel, d'une tr\u00e8s belle qualit\u00e9, confectionn\u00e9 au Portugal. C'est le tissu id\u00e9al pour confectionner divers articles d'habillement.","og_url":"https:\/\/linandelle.com\/fr\/produit\/tissu-au-metre100-lin-ecru-naturel\/","og_site_name":"Linandelle","article_publisher":"https:\/\/www.facebook.com\/Linandelle","article_modified_time":"2026-04-22T07:15:49+00:00","og_image":[{"width":1600,"height":1600,"url":"https:\/\/linandelle.com\/wp-content\/uploads\/2023\/08\/lin-naturel-zoom.jpg","type":"image\/jpeg"}],"twitter_card":"summary_large_image","twitter_misc":{"Dur\u00e9e de lecture estim\u00e9e":"1 minute"},"schema":{"@context":"https:\/\/schema.org","@graph":[{"@type":"WebPage","@id":"https:\/\/linandelle.com\/fr\/produit\/tissu-au-metre100-lin-ecru-naturel\/","url":"https:\/\/linandelle.com\/fr\/produit\/tissu-au-metre100-lin-ecru-naturel\/","name":"Tissu 100% lin au m\u00e8tre \u00e9cru naturel","isPartOf":{"@id":"https:\/\/linandelle.com\/fr\/#website"},"primaryImageOfPage":{"@id":"https:\/\/linandelle.com\/fr\/produit\/tissu-au-metre100-lin-ecru-naturel\/#primaryimage"},"image":{"@id":"https:\/\/linandelle.com\/fr\/produit\/tissu-au-metre100-lin-ecru-naturel\/#primaryimage"},"thumbnailUrl":"https:\/\/linandelle.com\/wp-content\/uploads\/2023\/08\/lin-naturel-zoom.jpg","datePublished":"2023-08-25T09:04:35+00:00","dateModified":"2026-04-22T07:15:49+00:00","description":"Tissu 100% lin \u00e9cru,naturel, d'une tr\u00e8s belle qualit\u00e9, confectionn\u00e9 au Portugal. C'est le tissu id\u00e9al pour confectionner divers articles d'habillement.","breadcrumb":{"@id":"https:\/\/linandelle.com\/fr\/produit\/tissu-au-metre100-lin-ecru-naturel\/#breadcrumb"},"inLanguage":"fr-FR","potentialAction":[{"@type":"ReadAction","target":["https:\/\/linandelle.com\/fr\/produit\/tissu-au-metre100-lin-ecru-naturel\/"]}]},{"@type":"ImageObject","inLanguage":"fr-FR","@id":"https:\/\/linandelle.com\/fr\/produit\/tissu-au-metre100-lin-ecru-naturel\/#primaryimage","url":"https:\/\/linandelle.com\/wp-content\/uploads\/2023\/08\/lin-naturel-zoom.jpg","contentUrl":"https:\/\/linandelle.com\/wp-content\/uploads\/2023\/08\/lin-naturel-zoom.jpg","width":1600,"height":1600},{"@type":"BreadcrumbList","@id":"https:\/\/linandelle.com\/fr\/produit\/tissu-au-metre100-lin-ecru-naturel\/#breadcrumb","itemListElement":[{"@type":"ListItem","position":1,"name":"Produits","item":"https:\/\/linandelle.com\/fr\/shop\/"},{"@type":"ListItem","position":2,"name":"Tissu au m\u00e9tre100% lin naturel"}]},{"@type":"WebSite","@id":"https:\/\/linandelle.com\/fr\/#website","url":"https:\/\/linandelle.com\/fr\/","name":"Linandelle","description":"Linandelle, plus que du linge, l&#039;essentiel","publisher":{"@id":"https:\/\/linandelle.com\/fr\/#organization"},"potentialAction":[{"@type":"SearchAction","target":{"@type":"EntryPoint","urlTemplate":"https:\/\/linandelle.com\/fr\/?s={search_term_string}"},"query-input":{"@type":"PropertyValueSpecification","valueRequired":true,"valueName":"search_term_string"}}],"inLanguage":"fr-FR"},{"@type":"Organization","@id":"https:\/\/linandelle.com\/fr\/#organization","name":"Linandelle","url":"https:\/\/linandelle.com\/fr\/","logo":{"@type":"ImageObject","inLanguage":"fr-FR","@id":"https:\/\/linandelle.com\/fr\/#\/schema\/logo\/image\/","url":"https:\/\/linandelle.com\/wp-content\/uploads\/2022\/03\/logo-linandelle.jpg","contentUrl":"https:\/\/linandelle.com\/wp-content\/uploads\/2022\/03\/logo-linandelle.jpg","width":739,"height":738,"caption":"Linandelle"},"image":{"@id":"https:\/\/linandelle.com\/fr\/#\/schema\/logo\/image\/"},"sameAs":["https:\/\/www.facebook.com\/Linandelle","https:\/\/www.instagram.com\/linandelle\/","https:\/\/www.linkedin.com\/company\/18483801\/admin\/dashboard\/","https:\/\/www.pinterest.fr\/linandelle\/_created\/","https:\/\/www.youtube.com\/@linandellecharleval1016"],"email":"contact@linandelle.com","telephone":"0232687800","legalName":"SARL DU PONT DES JARDINS","vatID":"FR27448856641","taxID":"44885664100015","numberOfEmployees":{"@type":"QuantitativeValue","minValue":"1","maxValue":"10"}}]}},"_links":{"self":[{"href":"https:\/\/linandelle.com\/fr\/wp-json\/wp\/v2\/product\/37701","targetHints":{"allow":["GET"]}}],"collection":[{"href":"https:\/\/linandelle.com\/fr\/wp-json\/wp\/v2\/product"}],"about":[{"href":"https:\/\/linandelle.com\/fr\/wp-json\/wp\/v2\/types\/product"}],"wp:featuredmedia":[{"embeddable":true,"href":"https:\/\/linandelle.com\/fr\/wp-json\/wp\/v2\/media\/37703"}],"wp:attachment":[{"href":"https:\/\/linandelle.com\/fr\/wp-json\/wp\/v2\/media?parent=37701"}],"wp:term":[{"taxonomy":"product_brand","embeddable":true,"href":"https:\/\/linandelle.com\/fr\/wp-json\/wp\/v2\/product_brand?post=37701"},{"taxonomy":"product_cat","embeddable":true,"href":"https:\/\/linandelle.com\/fr\/wp-json\/wp\/v2\/product_cat?post=37701"},{"taxonomy":"product_tag","embeddable":true,"href":"https:\/\/linandelle.com\/fr\/wp-json\/wp\/v2\/product_tag?post=37701"},{"taxonomy":"woo-feed-brand","embeddable":true,"href":"https:\/\/linandelle.com\/fr\/wp-json\/wp\/v2\/woo-feed-brand?post=37701"}],"curies":[{"name":"wp","href":"https:\/\/api.w.org\/{rel}","templated":true}]}}