{"id":4982,"date":"2021-06-22T11:04:52","date_gmt":"2021-06-22T09:04:52","guid":{"rendered":"https:\/\/linandelle.com\/produit\/housse-de-couette-percale-de-coton-200-fils-coloris-sable-desiree\/"},"modified":"2026-04-28T14:32:34","modified_gmt":"2026-04-28T12:32:34","slug":"housse-de-couette-percale-de-coton-200-fils-desiree","status":"publish","type":"product","link":"https:\/\/linandelle.com\/fr\/produit\/housse-de-couette-percale-de-coton-200-fils-desiree\/","title":{"rendered":"Housse de couette coton percale 200 fils DESIREE"},"content":{"rendered":"<h4><strong><u>Housse de couette DESIREE<\/u><\/strong><\/h4>\n<p>Vous recherchez une housse de couette en coton percale ? Tissu r\u00e9sistant qui s&rsquo;adoucit au fur et \u00e0 mesure des lavages, c&rsquo;est une valeur s\u00fbre pour les prochaines ann\u00e9es.<br \/>\nHousse de couette unie coton percale 200 fils, coloris sable &#8211; Linandelle<\/p>\n<p>Douceur, lumi\u00e8re et r\u00e9sistance sont les caract\u00e9ristiques de cette gamme en pure coton Percale, au tissage tr\u00e8s fin et serr\u00e9 \u00e0 200 fils\/cm2.<br \/>\nVous pourrez composer votre parure de lit compl\u00e8te, ou simplement choisir cette housse de couette pour parer votre lit d&rsquo;un habit raffin\u00e9!<\/p>\n<h5 style=\"text-align: center;\">Caract\u00e9ristiques des housses de couettes coton Percale 200 fils &#8211; R\u00e9f\u00e9rence D\u00e9sir\u00e9e<\/h5>\n<ul>\n<li>Housse de couette 100% coton percale unie<\/li>\n<li>200 fils\/cm2, qualit\u00e9 sup\u00e9rieure \u00e0 la norme et \u00e0 la plupart des offres.<\/li>\n<li>Poids 120gr\/m2<\/li>\n<li>Tissage \u00e0 partir de fibres longues pour assurer douceur et r\u00e9sistance aux lavages et \u00e0 l&rsquo;usage.<\/li>\n<li>Lavage \u00e0 60\u00b0C<\/li>\n<li>Passages de mains au pied de la couette, tr\u00e8s pratique pour changer votre couette facilement<\/li>\n<li>Finition de la housse \u00ab\u00a0bouteille \u00a0\u00bb permettant ainsi de border la housse de couette correctement.<\/li>\n<li>Fabriqu\u00e9 en U.E<\/li>\n<li>Label Oeko Tex (absence de produits nocifs \u00e0 la sant\u00e9)<\/li>\n<li>ailles du 140&#215;200 (lit 90&#215;190) au 280&#215;240 (lit 200&#215;200)<\/li>\n<li>Marque Linandelle<\/li>\n<\/ul>\n<p>\u2022 Ce produit lab\u00e9llis\u00e9 STANDARD 100 by OEKO-TEX\u00ae &#8211; certificat n\u00b0 CQ 1102\/4 IFTH suit un processus de fabrication certifi\u00e9 et contr\u00f4l\u00e9, respectueux de votre peau.<br \/>\n\u2022 Le STANDARD 100 by OEKO-TEX\u00ae est le premier label qui r\u00e9pond aux besoins des consommateurs en mati\u00e8re d\u2019\u00e9cologie humaine. Il garantit l\u2019absence, dans les articles certifi\u00e9s de substances nocives ou pouvant pr\u00e9senter un risque pour la sant\u00e9.<\/p>\n<p>Couleurs disponibles: Sable, <a href=\"https:\/\/linandelle.com\/fr\/produit\/housse-de-couette-percale-de-coton-200-fils-coloris-ivoire-desiree\/\">Ivoire<\/a>, <a href=\"https:\/\/linandelle.com\/fr\/produit\/housse-de-couette-percale-de-coton-200-fils-coloris-blanc-desiree\/\">Blanc<\/a>, <a href=\"https:\/\/linandelle.com\/fr\/produit\/housse-de-couette-percale-de-coton-200-fils-coloris-bleu-lavande-desiree\/\">Bleu lavande<\/a>, <a href=\"https:\/\/linandelle.com\/fr\/produit\/housse-de-couette-percale-de-coton-200-fils-coloris-gris-desiree\/\">Gris<\/a>, <a href=\"https:\/\/linandelle.com\/fr\/produit\/housse-de-couette-percale-de-coton-bois-de-rose-200-fils-desiree\/\">Bois de rose<\/a><\/p>\n<p>Tailles : 140X200 cm, 200X200 cm, 240X220 cm, 240&#215;260 cm, 240&#215;280 cm<\/p>\n<p>En savoir plus:<\/p>\n<p>&#8211; Tr\u00e8s doux<\/p>\n<p>&#8211; 100 coton percale 200 fils<\/p>\n<p>&#8211; Passage de main<\/p>\n<p>&#8211; Coloris grands teints<\/p>\n<p>&#8211; Lavable \u00e0 60\u00b0C<\/p>\n","protected":false},"excerpt":{"rendered":"<p>Housse de couette DESIREE Vous recherchez une housse de couette en coton percale ? Tissu r\u00e9sistant qui s&rsquo;adoucit au fur et \u00e0 mesure des lavages, c&rsquo;est une valeur s\u00fbre pour les prochaines ann\u00e9es. Housse de couette unie coton percale 200 fils, coloris sable &#8211; Linandelle Douceur, lumi\u00e8re et r\u00e9sistance sont les caract\u00e9ristiques de cette gamme [&hellip;]<\/p>\n","protected":false},"featured_media":83305,"template":"","meta":{"_et_pb_use_builder":"","_et_pb_old_content":"","_et_gb_content_width":""},"product_brand":[710],"product_cat":[594,185,713,24,708],"product_tag":[],"woo-feed-brand":[],"class_list":{"0":"post-4982","1":"product","2":"type-product","3":"status-publish","4":"has-post-thumbnail","6":"product_brand-linandelle","7":"product_cat-housse-de-couette-coton-percale","8":"product_cat-housses-de-couettes-unies","9":"product_cat-selection-hiver","10":"product_cat-linge-de-lit","11":"product_cat-selection-rentree","12":"tm-no-options","14":"first","15":"instock","16":"sale","17":"featured","18":"taxable","19":"shipping-taxable","20":"purchasable","21":"product-type-variable"},"yoast_head":"<!-- This site is optimized with the Yoast SEO Premium plugin v27.5 (Yoast SEO v27.5) - https:\/\/yoast.com\/product\/yoast-seo-premium-wordpress\/ -->\n<title>Linandelle | Housse de couette Percale de coton 200 fils<\/title>\n<meta name=\"description\" content=\"Housse de couette en pur coton Percale 200 fils haut de gamme, coloris unis vari\u00e9s gamme D\u00e9sir\u00e9e. Assortis aux taies, aux draps et disponible en parure\" \/>\n<meta name=\"robots\" content=\"index, follow, max-snippet:-1, max-image-preview:large, max-video-preview:-1\" \/>\n<link rel=\"canonical\" href=\"https:\/\/linandelle.com\/fr\/produit\/housse-de-couette-percale-de-coton-200-fils-desiree\/\" \/>\n<meta property=\"og:locale\" content=\"fr_FR\" \/>\n<meta property=\"og:type\" content=\"article\" \/>\n<meta property=\"og:title\" content=\"Linandelle | Housse de couette Percale de coton 200 fils\" \/>\n<meta property=\"og:description\" content=\"Housse de couette en pur coton Percale 200 fils haut de gamme, coloris unis vari\u00e9s gamme D\u00e9sir\u00e9e. Assortis aux taies, aux draps et disponible en parure\" \/>\n<meta property=\"og:url\" content=\"https:\/\/linandelle.com\/fr\/produit\/housse-de-couette-percale-de-coton-200-fils-desiree\/\" \/>\n<meta property=\"og:site_name\" content=\"Linandelle\" \/>\n<meta property=\"article:publisher\" content=\"https:\/\/www.facebook.com\/Linandelle\" \/>\n<meta property=\"article:modified_time\" content=\"2026-04-28T12:32:34+00:00\" \/>\n<meta property=\"og:image\" content=\"https:\/\/linandelle.com\/wp-content\/uploads\/2021\/06\/HC-sable-ambiance-carre-2.jpg\" \/>\n\t<meta property=\"og:image:width\" content=\"1200\" \/>\n\t<meta property=\"og:image:height\" content=\"1200\" \/>\n\t<meta property=\"og:image:type\" content=\"image\/jpeg\" \/>\n<meta name=\"twitter:card\" content=\"summary_large_image\" \/>\n<meta name=\"twitter:label1\" content=\"Dur\u00e9e de lecture estim\u00e9e\" \/>\n\t<meta name=\"twitter:data1\" content=\"2 minutes\" \/>\n<script type=\"application\/ld+json\" class=\"yoast-schema-graph\">{\"@context\":\"https:\\\/\\\/schema.org\",\"@graph\":[{\"@type\":\"WebPage\",\"@id\":\"https:\\\/\\\/linandelle.com\\\/fr\\\/produit\\\/housse-de-couette-percale-de-coton-200-fils-desiree\\\/\",\"url\":\"https:\\\/\\\/linandelle.com\\\/fr\\\/produit\\\/housse-de-couette-percale-de-coton-200-fils-desiree\\\/\",\"name\":\"Linandelle | Housse de couette Percale de coton 200 fils\",\"isPartOf\":{\"@id\":\"https:\\\/\\\/linandelle.com\\\/fr\\\/#website\"},\"primaryImageOfPage\":{\"@id\":\"https:\\\/\\\/linandelle.com\\\/fr\\\/produit\\\/housse-de-couette-percale-de-coton-200-fils-desiree\\\/#primaryimage\"},\"image\":{\"@id\":\"https:\\\/\\\/linandelle.com\\\/fr\\\/produit\\\/housse-de-couette-percale-de-coton-200-fils-desiree\\\/#primaryimage\"},\"thumbnailUrl\":\"https:\\\/\\\/linandelle.com\\\/wp-content\\\/uploads\\\/2021\\\/06\\\/HC-sable-ambiance-carre-2.jpg\",\"datePublished\":\"2021-06-22T09:04:52+00:00\",\"dateModified\":\"2026-04-28T12:32:34+00:00\",\"description\":\"Housse de couette en pur coton Percale 200 fils haut de gamme, coloris unis vari\u00e9s gamme D\u00e9sir\u00e9e. Assortis aux taies, aux draps et disponible en parure\",\"breadcrumb\":{\"@id\":\"https:\\\/\\\/linandelle.com\\\/fr\\\/produit\\\/housse-de-couette-percale-de-coton-200-fils-desiree\\\/#breadcrumb\"},\"inLanguage\":\"fr-FR\",\"potentialAction\":[{\"@type\":\"ReadAction\",\"target\":[\"https:\\\/\\\/linandelle.com\\\/fr\\\/produit\\\/housse-de-couette-percale-de-coton-200-fils-desiree\\\/\"]}]},{\"@type\":\"ImageObject\",\"inLanguage\":\"fr-FR\",\"@id\":\"https:\\\/\\\/linandelle.com\\\/fr\\\/produit\\\/housse-de-couette-percale-de-coton-200-fils-desiree\\\/#primaryimage\",\"url\":\"https:\\\/\\\/linandelle.com\\\/wp-content\\\/uploads\\\/2021\\\/06\\\/HC-sable-ambiance-carre-2.jpg\",\"contentUrl\":\"https:\\\/\\\/linandelle.com\\\/wp-content\\\/uploads\\\/2021\\\/06\\\/HC-sable-ambiance-carre-2.jpg\",\"width\":1200,\"height\":1200,\"caption\":\"Housse de couette percale de coton 200fils DESIREE coloris sable\"},{\"@type\":\"BreadcrumbList\",\"@id\":\"https:\\\/\\\/linandelle.com\\\/fr\\\/produit\\\/housse-de-couette-percale-de-coton-200-fils-desiree\\\/#breadcrumb\",\"itemListElement\":[{\"@type\":\"ListItem\",\"position\":1,\"name\":\"Produits\",\"item\":\"https:\\\/\\\/linandelle.com\\\/fr\\\/shop\\\/\"},{\"@type\":\"ListItem\",\"position\":2,\"name\":\"Housse de couette coton percale 200 fils DESIREE\"}]},{\"@type\":\"WebSite\",\"@id\":\"https:\\\/\\\/linandelle.com\\\/fr\\\/#website\",\"url\":\"https:\\\/\\\/linandelle.com\\\/fr\\\/\",\"name\":\"Linandelle\",\"description\":\"Linandelle, plus que du linge, l&#039;essentiel\",\"publisher\":{\"@id\":\"https:\\\/\\\/linandelle.com\\\/fr\\\/#organization\"},\"potentialAction\":[{\"@type\":\"SearchAction\",\"target\":{\"@type\":\"EntryPoint\",\"urlTemplate\":\"https:\\\/\\\/linandelle.com\\\/fr\\\/?s={search_term_string}\"},\"query-input\":{\"@type\":\"PropertyValueSpecification\",\"valueRequired\":true,\"valueName\":\"search_term_string\"}}],\"inLanguage\":\"fr-FR\"},{\"@type\":\"Organization\",\"@id\":\"https:\\\/\\\/linandelle.com\\\/fr\\\/#organization\",\"name\":\"Linandelle\",\"url\":\"https:\\\/\\\/linandelle.com\\\/fr\\\/\",\"logo\":{\"@type\":\"ImageObject\",\"inLanguage\":\"fr-FR\",\"@id\":\"https:\\\/\\\/linandelle.com\\\/fr\\\/#\\\/schema\\\/logo\\\/image\\\/\",\"url\":\"https:\\\/\\\/linandelle.com\\\/wp-content\\\/uploads\\\/2022\\\/03\\\/logo-linandelle.jpg\",\"contentUrl\":\"https:\\\/\\\/linandelle.com\\\/wp-content\\\/uploads\\\/2022\\\/03\\\/logo-linandelle.jpg\",\"width\":739,\"height\":738,\"caption\":\"Linandelle\"},\"image\":{\"@id\":\"https:\\\/\\\/linandelle.com\\\/fr\\\/#\\\/schema\\\/logo\\\/image\\\/\"},\"sameAs\":[\"https:\\\/\\\/www.facebook.com\\\/Linandelle\",\"https:\\\/\\\/www.instagram.com\\\/linandelle\\\/\",\"https:\\\/\\\/www.linkedin.com\\\/company\\\/18483801\\\/admin\\\/dashboard\\\/\",\"https:\\\/\\\/www.pinterest.fr\\\/linandelle\\\/_created\\\/\",\"https:\\\/\\\/www.youtube.com\\\/@linandellecharleval1016\"],\"email\":\"contact@linandelle.com\",\"telephone\":\"0232687800\",\"legalName\":\"SARL DU PONT DES JARDINS\",\"vatID\":\"FR27448856641\",\"taxID\":\"44885664100015\",\"numberOfEmployees\":{\"@type\":\"QuantitativeValue\",\"minValue\":\"1\",\"maxValue\":\"10\"}}]}<\/script>\n<!-- \/ Yoast SEO Premium plugin. -->","yoast_head_json":{"title":"Linandelle | Housse de couette Percale de coton 200 fils","description":"Housse de couette en pur coton Percale 200 fils haut de gamme, coloris unis vari\u00e9s gamme D\u00e9sir\u00e9e. Assortis aux taies, aux draps et disponible en parure","robots":{"index":"index","follow":"follow","max-snippet":"max-snippet:-1","max-image-preview":"max-image-preview:large","max-video-preview":"max-video-preview:-1"},"canonical":"https:\/\/linandelle.com\/fr\/produit\/housse-de-couette-percale-de-coton-200-fils-desiree\/","og_locale":"fr_FR","og_type":"article","og_title":"Linandelle | Housse de couette Percale de coton 200 fils","og_description":"Housse de couette en pur coton Percale 200 fils haut de gamme, coloris unis vari\u00e9s gamme D\u00e9sir\u00e9e. Assortis aux taies, aux draps et disponible en parure","og_url":"https:\/\/linandelle.com\/fr\/produit\/housse-de-couette-percale-de-coton-200-fils-desiree\/","og_site_name":"Linandelle","article_publisher":"https:\/\/www.facebook.com\/Linandelle","article_modified_time":"2026-04-28T12:32:34+00:00","og_image":[{"width":1200,"height":1200,"url":"https:\/\/linandelle.com\/wp-content\/uploads\/2021\/06\/HC-sable-ambiance-carre-2.jpg","type":"image\/jpeg"}],"twitter_card":"summary_large_image","twitter_misc":{"Dur\u00e9e de lecture estim\u00e9e":"2 minutes"},"schema":{"@context":"https:\/\/schema.org","@graph":[{"@type":"WebPage","@id":"https:\/\/linandelle.com\/fr\/produit\/housse-de-couette-percale-de-coton-200-fils-desiree\/","url":"https:\/\/linandelle.com\/fr\/produit\/housse-de-couette-percale-de-coton-200-fils-desiree\/","name":"Linandelle | Housse de couette Percale de coton 200 fils","isPartOf":{"@id":"https:\/\/linandelle.com\/fr\/#website"},"primaryImageOfPage":{"@id":"https:\/\/linandelle.com\/fr\/produit\/housse-de-couette-percale-de-coton-200-fils-desiree\/#primaryimage"},"image":{"@id":"https:\/\/linandelle.com\/fr\/produit\/housse-de-couette-percale-de-coton-200-fils-desiree\/#primaryimage"},"thumbnailUrl":"https:\/\/linandelle.com\/wp-content\/uploads\/2021\/06\/HC-sable-ambiance-carre-2.jpg","datePublished":"2021-06-22T09:04:52+00:00","dateModified":"2026-04-28T12:32:34+00:00","description":"Housse de couette en pur coton Percale 200 fils haut de gamme, coloris unis vari\u00e9s gamme D\u00e9sir\u00e9e. Assortis aux taies, aux draps et disponible en parure","breadcrumb":{"@id":"https:\/\/linandelle.com\/fr\/produit\/housse-de-couette-percale-de-coton-200-fils-desiree\/#breadcrumb"},"inLanguage":"fr-FR","potentialAction":[{"@type":"ReadAction","target":["https:\/\/linandelle.com\/fr\/produit\/housse-de-couette-percale-de-coton-200-fils-desiree\/"]}]},{"@type":"ImageObject","inLanguage":"fr-FR","@id":"https:\/\/linandelle.com\/fr\/produit\/housse-de-couette-percale-de-coton-200-fils-desiree\/#primaryimage","url":"https:\/\/linandelle.com\/wp-content\/uploads\/2021\/06\/HC-sable-ambiance-carre-2.jpg","contentUrl":"https:\/\/linandelle.com\/wp-content\/uploads\/2021\/06\/HC-sable-ambiance-carre-2.jpg","width":1200,"height":1200,"caption":"Housse de couette percale de coton 200fils DESIREE coloris sable"},{"@type":"BreadcrumbList","@id":"https:\/\/linandelle.com\/fr\/produit\/housse-de-couette-percale-de-coton-200-fils-desiree\/#breadcrumb","itemListElement":[{"@type":"ListItem","position":1,"name":"Produits","item":"https:\/\/linandelle.com\/fr\/shop\/"},{"@type":"ListItem","position":2,"name":"Housse de couette coton percale 200 fils DESIREE"}]},{"@type":"WebSite","@id":"https:\/\/linandelle.com\/fr\/#website","url":"https:\/\/linandelle.com\/fr\/","name":"Linandelle","description":"Linandelle, plus que du linge, l&#039;essentiel","publisher":{"@id":"https:\/\/linandelle.com\/fr\/#organization"},"potentialAction":[{"@type":"SearchAction","target":{"@type":"EntryPoint","urlTemplate":"https:\/\/linandelle.com\/fr\/?s={search_term_string}"},"query-input":{"@type":"PropertyValueSpecification","valueRequired":true,"valueName":"search_term_string"}}],"inLanguage":"fr-FR"},{"@type":"Organization","@id":"https:\/\/linandelle.com\/fr\/#organization","name":"Linandelle","url":"https:\/\/linandelle.com\/fr\/","logo":{"@type":"ImageObject","inLanguage":"fr-FR","@id":"https:\/\/linandelle.com\/fr\/#\/schema\/logo\/image\/","url":"https:\/\/linandelle.com\/wp-content\/uploads\/2022\/03\/logo-linandelle.jpg","contentUrl":"https:\/\/linandelle.com\/wp-content\/uploads\/2022\/03\/logo-linandelle.jpg","width":739,"height":738,"caption":"Linandelle"},"image":{"@id":"https:\/\/linandelle.com\/fr\/#\/schema\/logo\/image\/"},"sameAs":["https:\/\/www.facebook.com\/Linandelle","https:\/\/www.instagram.com\/linandelle\/","https:\/\/www.linkedin.com\/company\/18483801\/admin\/dashboard\/","https:\/\/www.pinterest.fr\/linandelle\/_created\/","https:\/\/www.youtube.com\/@linandellecharleval1016"],"email":"contact@linandelle.com","telephone":"0232687800","legalName":"SARL DU PONT DES JARDINS","vatID":"FR27448856641","taxID":"44885664100015","numberOfEmployees":{"@type":"QuantitativeValue","minValue":"1","maxValue":"10"}}]}},"_links":{"self":[{"href":"https:\/\/linandelle.com\/fr\/wp-json\/wp\/v2\/product\/4982","targetHints":{"allow":["GET"]}}],"collection":[{"href":"https:\/\/linandelle.com\/fr\/wp-json\/wp\/v2\/product"}],"about":[{"href":"https:\/\/linandelle.com\/fr\/wp-json\/wp\/v2\/types\/product"}],"wp:featuredmedia":[{"embeddable":true,"href":"https:\/\/linandelle.com\/fr\/wp-json\/wp\/v2\/media\/83305"}],"wp:attachment":[{"href":"https:\/\/linandelle.com\/fr\/wp-json\/wp\/v2\/media?parent=4982"}],"wp:term":[{"taxonomy":"product_brand","embeddable":true,"href":"https:\/\/linandelle.com\/fr\/wp-json\/wp\/v2\/product_brand?post=4982"},{"taxonomy":"product_cat","embeddable":true,"href":"https:\/\/linandelle.com\/fr\/wp-json\/wp\/v2\/product_cat?post=4982"},{"taxonomy":"product_tag","embeddable":true,"href":"https:\/\/linandelle.com\/fr\/wp-json\/wp\/v2\/product_tag?post=4982"},{"taxonomy":"woo-feed-brand","embeddable":true,"href":"https:\/\/linandelle.com\/fr\/wp-json\/wp\/v2\/woo-feed-brand?post=4982"}],"curies":[{"name":"wp","href":"https:\/\/api.w.org\/{rel}","templated":true}]}}