{"id":5610,"date":"2021-06-22T15:03:37","date_gmt":"2021-06-22T13:03:37","guid":{"rendered":"https:\/\/linandelle.com\/produit\/drap-housse-pour-lit-articule-blanc-140x190cm\/"},"modified":"2026-04-22T09:18:09","modified_gmt":"2026-04-22T07:18:09","slug":"drap-housse-pour-lit-articule-papillon","status":"publish","type":"product","link":"https:\/\/linandelle.com\/fr\/produit\/drap-housse-pour-lit-articule-papillon\/","title":{"rendered":"Drap housse coton extensible lit \u00e9lectrique PAPILLON"},"content":{"rendered":"<p>Drap housse en jersey pour lit articul\u00e9<\/p>\n<p>Drap housse pour lit 2 places aux matelas accol\u00e9s avec t\u00eates et pieds relevables. Pour un confort total, il est reli\u00e9 au centre, sans aucune couture, et le rendant aussi facile \u00e0 enfiler. Fabriqu\u00e9 \u00e0 partir d\u2019un coton longues fibres, il sera r\u00e9sistant et particuli\u00e8rement doux. Il est disponible en 3 couleurs et plusieurs tailles.<\/p>\n<p>Ref : CLA745<\/p>\n<p>Caract\u00e9ristiques du drap housse pour lit articul\u00e9 blanc :<br \/>\nComposition : 100% coton jersey<br \/>\nLavable \u00e0 60\u00b0, coloris grand teint<br \/>\nFabriqu\u00e9 en U.E<br \/>\nCouleurs disponibles : Taupe, Gris, Blanc<\/p>\n<p>Tailles disponibles : 160&#215;200 cm, 180&#215;200 cm, 200&#215;200 cm<\/p>\n<p>Linandelle propose cette gamme de drap housse pour les particuliers et les professionnels de l&rsquo;h\u00e9bergement, tels que les chambres d&rsquo;h\u00f4tes et les h\u00f4tels. Vous \u00eates professionnels ? N\u2019h\u00e9sitez pas \u00e0 nous demander un devis !<\/p>\n<p>En savoir plus:<\/p>\n<p>&#8211; Un seul drap pour lit double<\/p>\n<p>&#8211; 100% coton jersey extensible<\/p>\n<p>&#8211; Couture centrale tr\u00e8s solide<\/p>\n<p>&#8211; Grands bonnets de 28cm<\/p>\n<p>&#8211; Drap housse lit \u00e9lectrique.<\/p>\n<p>&nbsp;<\/p>\n<p>&nbsp;<\/p>\n","protected":false},"excerpt":{"rendered":"<p>Drap housse en jersey pour lit articul\u00e9 Drap housse pour lit 2 places aux matelas accol\u00e9s avec t\u00eates et pieds relevables. Pour un confort total, il est reli\u00e9 au centre, sans aucune couture, et le rendant aussi facile \u00e0 enfiler. Fabriqu\u00e9 \u00e0 partir d\u2019un coton longues fibres, il sera r\u00e9sistant et particuli\u00e8rement doux. Il est [&hellip;]<\/p>\n","protected":false},"featured_media":83748,"template":"","meta":{"_et_pb_use_builder":"","_et_pb_old_content":"","_et_gb_content_width":""},"product_brand":[710],"product_cat":[189,679,24,708],"product_tag":[],"woo-feed-brand":[],"class_list":{"0":"post-5610","1":"product","2":"type-product","3":"status-publish","4":"has-post-thumbnail","6":"product_brand-linandelle","7":"product_cat-drap-housse","8":"product_cat-drap-housse-jersey-extensible-lit-electrique","9":"product_cat-linge-de-lit","10":"product_cat-selection-rentree","11":"tm-no-options","13":"first","14":"instock","15":"sale","16":"featured","17":"taxable","18":"shipping-taxable","19":"purchasable","20":"product-type-variable"},"yoast_head":"<!-- This site is optimized with the Yoast SEO Premium plugin v27.4 (Yoast SEO v27.4) - https:\/\/yoast.com\/product\/yoast-seo-premium-wordpress\/ -->\n<title>Drap housse lit articul\u00e9 Papillon- Linandelle<\/title>\n<meta name=\"description\" content=\"Drap housse en coton blanc pour lit articul\u00e9 140x200 cm par Linandelle. Linge de lit pour lit \u00e9lectrique avec t\u00eates et pieds relevables. Souple, confortable et doux. Plusieurs coloris et tailles disponibles.\" \/>\n<meta name=\"robots\" content=\"index, follow, max-snippet:-1, max-image-preview:large, max-video-preview:-1\" \/>\n<link rel=\"canonical\" href=\"https:\/\/linandelle.com\/fr\/produit\/drap-housse-pour-lit-articule-papillon\/\" \/>\n<meta property=\"og:locale\" content=\"fr_FR\" \/>\n<meta property=\"og:type\" content=\"article\" \/>\n<meta property=\"og:title\" content=\"Drap housse lit articul\u00e9 Papillon- Linandelle\" \/>\n<meta property=\"og:description\" content=\"Drap housse en coton blanc pour lit articul\u00e9 140x200 cm par Linandelle. Linge de lit pour lit \u00e9lectrique avec t\u00eates et pieds relevables. Souple, confortable et doux. Plusieurs coloris et tailles disponibles.\" \/>\n<meta property=\"og:url\" content=\"https:\/\/linandelle.com\/fr\/produit\/drap-housse-pour-lit-articule-papillon\/\" \/>\n<meta property=\"og:site_name\" content=\"Linandelle\" \/>\n<meta property=\"article:publisher\" content=\"https:\/\/www.facebook.com\/Linandelle\" \/>\n<meta property=\"article:modified_time\" content=\"2026-04-22T07:18:09+00:00\" \/>\n<meta property=\"og:image\" content=\"https:\/\/linandelle.com\/wp-content\/uploads\/2021\/06\/papillon-blanc.jpg\" \/>\n\t<meta property=\"og:image:width\" content=\"1200\" \/>\n\t<meta property=\"og:image:height\" content=\"1200\" \/>\n\t<meta property=\"og:image:type\" content=\"image\/jpeg\" \/>\n<meta name=\"twitter:card\" content=\"summary_large_image\" \/>\n<meta name=\"twitter:label1\" content=\"Dur\u00e9e de lecture estim\u00e9e\" \/>\n\t<meta name=\"twitter:data1\" content=\"1 minute\" \/>\n<script type=\"application\/ld+json\" class=\"yoast-schema-graph\">{\"@context\":\"https:\\\/\\\/schema.org\",\"@graph\":[{\"@type\":\"WebPage\",\"@id\":\"https:\\\/\\\/linandelle.com\\\/fr\\\/produit\\\/drap-housse-pour-lit-articule-papillon\\\/\",\"url\":\"https:\\\/\\\/linandelle.com\\\/fr\\\/produit\\\/drap-housse-pour-lit-articule-papillon\\\/\",\"name\":\"Drap housse lit articul\u00e9 Papillon- Linandelle\",\"isPartOf\":{\"@id\":\"https:\\\/\\\/linandelle.com\\\/fr\\\/#website\"},\"primaryImageOfPage\":{\"@id\":\"https:\\\/\\\/linandelle.com\\\/fr\\\/produit\\\/drap-housse-pour-lit-articule-papillon\\\/#primaryimage\"},\"image\":{\"@id\":\"https:\\\/\\\/linandelle.com\\\/fr\\\/produit\\\/drap-housse-pour-lit-articule-papillon\\\/#primaryimage\"},\"thumbnailUrl\":\"https:\\\/\\\/linandelle.com\\\/wp-content\\\/uploads\\\/2021\\\/06\\\/papillon-blanc.jpg\",\"datePublished\":\"2021-06-22T13:03:37+00:00\",\"dateModified\":\"2026-04-22T07:18:09+00:00\",\"description\":\"Drap housse en coton blanc pour lit articul\u00e9 140x200 cm par Linandelle. Linge de lit pour lit \u00e9lectrique avec t\u00eates et pieds relevables. Souple, confortable et doux. Plusieurs coloris et tailles disponibles.\",\"breadcrumb\":{\"@id\":\"https:\\\/\\\/linandelle.com\\\/fr\\\/produit\\\/drap-housse-pour-lit-articule-papillon\\\/#breadcrumb\"},\"inLanguage\":\"fr-FR\",\"potentialAction\":[{\"@type\":\"ReadAction\",\"target\":[\"https:\\\/\\\/linandelle.com\\\/fr\\\/produit\\\/drap-housse-pour-lit-articule-papillon\\\/\"]}]},{\"@type\":\"ImageObject\",\"inLanguage\":\"fr-FR\",\"@id\":\"https:\\\/\\\/linandelle.com\\\/fr\\\/produit\\\/drap-housse-pour-lit-articule-papillon\\\/#primaryimage\",\"url\":\"https:\\\/\\\/linandelle.com\\\/wp-content\\\/uploads\\\/2021\\\/06\\\/papillon-blanc.jpg\",\"contentUrl\":\"https:\\\/\\\/linandelle.com\\\/wp-content\\\/uploads\\\/2021\\\/06\\\/papillon-blanc.jpg\",\"width\":1200,\"height\":1200},{\"@type\":\"BreadcrumbList\",\"@id\":\"https:\\\/\\\/linandelle.com\\\/fr\\\/produit\\\/drap-housse-pour-lit-articule-papillon\\\/#breadcrumb\",\"itemListElement\":[{\"@type\":\"ListItem\",\"position\":1,\"name\":\"Produits\",\"item\":\"https:\\\/\\\/linandelle.com\\\/fr\\\/shop\\\/\"},{\"@type\":\"ListItem\",\"position\":2,\"name\":\"Drap housse coton extensible lit \u00e9lectrique PAPILLON\"}]},{\"@type\":\"WebSite\",\"@id\":\"https:\\\/\\\/linandelle.com\\\/fr\\\/#website\",\"url\":\"https:\\\/\\\/linandelle.com\\\/fr\\\/\",\"name\":\"Linandelle\",\"description\":\"Linandelle, plus que du linge, l&#039;essentiel\",\"publisher\":{\"@id\":\"https:\\\/\\\/linandelle.com\\\/fr\\\/#organization\"},\"potentialAction\":[{\"@type\":\"SearchAction\",\"target\":{\"@type\":\"EntryPoint\",\"urlTemplate\":\"https:\\\/\\\/linandelle.com\\\/fr\\\/?s={search_term_string}\"},\"query-input\":{\"@type\":\"PropertyValueSpecification\",\"valueRequired\":true,\"valueName\":\"search_term_string\"}}],\"inLanguage\":\"fr-FR\"},{\"@type\":\"Organization\",\"@id\":\"https:\\\/\\\/linandelle.com\\\/fr\\\/#organization\",\"name\":\"Linandelle\",\"url\":\"https:\\\/\\\/linandelle.com\\\/fr\\\/\",\"logo\":{\"@type\":\"ImageObject\",\"inLanguage\":\"fr-FR\",\"@id\":\"https:\\\/\\\/linandelle.com\\\/fr\\\/#\\\/schema\\\/logo\\\/image\\\/\",\"url\":\"https:\\\/\\\/linandelle.com\\\/wp-content\\\/uploads\\\/2022\\\/03\\\/logo-linandelle.jpg\",\"contentUrl\":\"https:\\\/\\\/linandelle.com\\\/wp-content\\\/uploads\\\/2022\\\/03\\\/logo-linandelle.jpg\",\"width\":739,\"height\":738,\"caption\":\"Linandelle\"},\"image\":{\"@id\":\"https:\\\/\\\/linandelle.com\\\/fr\\\/#\\\/schema\\\/logo\\\/image\\\/\"},\"sameAs\":[\"https:\\\/\\\/www.facebook.com\\\/Linandelle\",\"https:\\\/\\\/www.instagram.com\\\/linandelle\\\/\",\"https:\\\/\\\/www.linkedin.com\\\/company\\\/18483801\\\/admin\\\/dashboard\\\/\",\"https:\\\/\\\/www.pinterest.fr\\\/linandelle\\\/_created\\\/\",\"https:\\\/\\\/www.youtube.com\\\/@linandellecharleval1016\"],\"email\":\"contact@linandelle.com\",\"telephone\":\"0232687800\",\"legalName\":\"SARL DU PONT DES JARDINS\",\"vatID\":\"FR27448856641\",\"taxID\":\"44885664100015\",\"numberOfEmployees\":{\"@type\":\"QuantitativeValue\",\"minValue\":\"1\",\"maxValue\":\"10\"}}]}<\/script>\n<!-- \/ Yoast SEO Premium plugin. -->","yoast_head_json":{"title":"Drap housse lit articul\u00e9 Papillon- Linandelle","description":"Drap housse en coton blanc pour lit articul\u00e9 140x200 cm par Linandelle. Linge de lit pour lit \u00e9lectrique avec t\u00eates et pieds relevables. Souple, confortable et doux. Plusieurs coloris et tailles disponibles.","robots":{"index":"index","follow":"follow","max-snippet":"max-snippet:-1","max-image-preview":"max-image-preview:large","max-video-preview":"max-video-preview:-1"},"canonical":"https:\/\/linandelle.com\/fr\/produit\/drap-housse-pour-lit-articule-papillon\/","og_locale":"fr_FR","og_type":"article","og_title":"Drap housse lit articul\u00e9 Papillon- Linandelle","og_description":"Drap housse en coton blanc pour lit articul\u00e9 140x200 cm par Linandelle. Linge de lit pour lit \u00e9lectrique avec t\u00eates et pieds relevables. Souple, confortable et doux. Plusieurs coloris et tailles disponibles.","og_url":"https:\/\/linandelle.com\/fr\/produit\/drap-housse-pour-lit-articule-papillon\/","og_site_name":"Linandelle","article_publisher":"https:\/\/www.facebook.com\/Linandelle","article_modified_time":"2026-04-22T07:18:09+00:00","og_image":[{"width":1200,"height":1200,"url":"https:\/\/linandelle.com\/wp-content\/uploads\/2021\/06\/papillon-blanc.jpg","type":"image\/jpeg"}],"twitter_card":"summary_large_image","twitter_misc":{"Dur\u00e9e de lecture estim\u00e9e":"1 minute"},"schema":{"@context":"https:\/\/schema.org","@graph":[{"@type":"WebPage","@id":"https:\/\/linandelle.com\/fr\/produit\/drap-housse-pour-lit-articule-papillon\/","url":"https:\/\/linandelle.com\/fr\/produit\/drap-housse-pour-lit-articule-papillon\/","name":"Drap housse lit articul\u00e9 Papillon- Linandelle","isPartOf":{"@id":"https:\/\/linandelle.com\/fr\/#website"},"primaryImageOfPage":{"@id":"https:\/\/linandelle.com\/fr\/produit\/drap-housse-pour-lit-articule-papillon\/#primaryimage"},"image":{"@id":"https:\/\/linandelle.com\/fr\/produit\/drap-housse-pour-lit-articule-papillon\/#primaryimage"},"thumbnailUrl":"https:\/\/linandelle.com\/wp-content\/uploads\/2021\/06\/papillon-blanc.jpg","datePublished":"2021-06-22T13:03:37+00:00","dateModified":"2026-04-22T07:18:09+00:00","description":"Drap housse en coton blanc pour lit articul\u00e9 140x200 cm par Linandelle. Linge de lit pour lit \u00e9lectrique avec t\u00eates et pieds relevables. Souple, confortable et doux. Plusieurs coloris et tailles disponibles.","breadcrumb":{"@id":"https:\/\/linandelle.com\/fr\/produit\/drap-housse-pour-lit-articule-papillon\/#breadcrumb"},"inLanguage":"fr-FR","potentialAction":[{"@type":"ReadAction","target":["https:\/\/linandelle.com\/fr\/produit\/drap-housse-pour-lit-articule-papillon\/"]}]},{"@type":"ImageObject","inLanguage":"fr-FR","@id":"https:\/\/linandelle.com\/fr\/produit\/drap-housse-pour-lit-articule-papillon\/#primaryimage","url":"https:\/\/linandelle.com\/wp-content\/uploads\/2021\/06\/papillon-blanc.jpg","contentUrl":"https:\/\/linandelle.com\/wp-content\/uploads\/2021\/06\/papillon-blanc.jpg","width":1200,"height":1200},{"@type":"BreadcrumbList","@id":"https:\/\/linandelle.com\/fr\/produit\/drap-housse-pour-lit-articule-papillon\/#breadcrumb","itemListElement":[{"@type":"ListItem","position":1,"name":"Produits","item":"https:\/\/linandelle.com\/fr\/shop\/"},{"@type":"ListItem","position":2,"name":"Drap housse coton extensible lit \u00e9lectrique PAPILLON"}]},{"@type":"WebSite","@id":"https:\/\/linandelle.com\/fr\/#website","url":"https:\/\/linandelle.com\/fr\/","name":"Linandelle","description":"Linandelle, plus que du linge, l&#039;essentiel","publisher":{"@id":"https:\/\/linandelle.com\/fr\/#organization"},"potentialAction":[{"@type":"SearchAction","target":{"@type":"EntryPoint","urlTemplate":"https:\/\/linandelle.com\/fr\/?s={search_term_string}"},"query-input":{"@type":"PropertyValueSpecification","valueRequired":true,"valueName":"search_term_string"}}],"inLanguage":"fr-FR"},{"@type":"Organization","@id":"https:\/\/linandelle.com\/fr\/#organization","name":"Linandelle","url":"https:\/\/linandelle.com\/fr\/","logo":{"@type":"ImageObject","inLanguage":"fr-FR","@id":"https:\/\/linandelle.com\/fr\/#\/schema\/logo\/image\/","url":"https:\/\/linandelle.com\/wp-content\/uploads\/2022\/03\/logo-linandelle.jpg","contentUrl":"https:\/\/linandelle.com\/wp-content\/uploads\/2022\/03\/logo-linandelle.jpg","width":739,"height":738,"caption":"Linandelle"},"image":{"@id":"https:\/\/linandelle.com\/fr\/#\/schema\/logo\/image\/"},"sameAs":["https:\/\/www.facebook.com\/Linandelle","https:\/\/www.instagram.com\/linandelle\/","https:\/\/www.linkedin.com\/company\/18483801\/admin\/dashboard\/","https:\/\/www.pinterest.fr\/linandelle\/_created\/","https:\/\/www.youtube.com\/@linandellecharleval1016"],"email":"contact@linandelle.com","telephone":"0232687800","legalName":"SARL DU PONT DES JARDINS","vatID":"FR27448856641","taxID":"44885664100015","numberOfEmployees":{"@type":"QuantitativeValue","minValue":"1","maxValue":"10"}}]}},"_links":{"self":[{"href":"https:\/\/linandelle.com\/fr\/wp-json\/wp\/v2\/product\/5610","targetHints":{"allow":["GET"]}}],"collection":[{"href":"https:\/\/linandelle.com\/fr\/wp-json\/wp\/v2\/product"}],"about":[{"href":"https:\/\/linandelle.com\/fr\/wp-json\/wp\/v2\/types\/product"}],"wp:featuredmedia":[{"embeddable":true,"href":"https:\/\/linandelle.com\/fr\/wp-json\/wp\/v2\/media\/83748"}],"wp:attachment":[{"href":"https:\/\/linandelle.com\/fr\/wp-json\/wp\/v2\/media?parent=5610"}],"wp:term":[{"taxonomy":"product_brand","embeddable":true,"href":"https:\/\/linandelle.com\/fr\/wp-json\/wp\/v2\/product_brand?post=5610"},{"taxonomy":"product_cat","embeddable":true,"href":"https:\/\/linandelle.com\/fr\/wp-json\/wp\/v2\/product_cat?post=5610"},{"taxonomy":"product_tag","embeddable":true,"href":"https:\/\/linandelle.com\/fr\/wp-json\/wp\/v2\/product_tag?post=5610"},{"taxonomy":"woo-feed-brand","embeddable":true,"href":"https:\/\/linandelle.com\/fr\/wp-json\/wp\/v2\/woo-feed-brand?post=5610"}],"curies":[{"name":"wp","href":"https:\/\/api.w.org\/{rel}","templated":true}]}}