{"id":5639,"date":"2021-06-22T16:28:00","date_gmt":"2021-06-22T14:28:00","guid":{"rendered":"https:\/\/linandelle.com\/produit\/drap-plat-uni-coton-percale-200-fils-bleu-desiree\/"},"modified":"2026-04-23T15:41:17","modified_gmt":"2026-04-23T13:41:17","slug":"drap-plat-uni-coton-percale-200-fils-desiree","status":"publish","type":"product","link":"https:\/\/linandelle.com\/fr\/produit\/drap-plat-uni-coton-percale-200-fils-desiree\/","title":{"rendered":"Drap plat en coton percale 200 fils DESIREE"},"content":{"rendered":"<p>En hiver comme en \u00e9t\u00e9, il et si agr\u00e9able de dormir dans une parure de drap en percale de coton, \u00e0 laquelle vous n&rsquo;aurez plus qu&rsquo;\u00e0 ajouter une couverture l\u00e9g\u00e8re dans une pi\u00e8ce temp\u00e9r\u00e9e. Cette percale vous surprendra, par sa composition minutieusement choisie. Les draps housses sont disponibles s\u00e9par\u00e9ment.<\/p>\n<p><strong>Caract\u00e9ristique du Draps DESIREE<\/strong><\/p>\n<ul>\n<li>disponibles pour des lits de 1 et 2 personnes<\/li>\n<li>draps avec finitions bourdon<\/li>\n<li>Percale de coton 200 fils\/cm2, tr\u00e8s serr\u00e9, tr\u00e8s doux et r\u00e9sistants \u00e0 l&rsquo;usage<\/li>\n<li>Poids 120gr\/m2<\/li>\n<li>Lavage en machine \u00e0 60\u00b0C, s\u00e9chage en machine autoris\u00e9<\/li>\n<li>Trempage \u00e0 froid pendant 1h recommand\u00e9 afin de fixer les teintes et le r\u00e9tr\u00e9cissement avant tout lavage \u00e0 chaud<\/li>\n<li>Fabriqu\u00e9 en U.E<\/li>\n<li>Norme Oeko Tex<\/li>\n<\/ul>\n<p>\u2022\u00a0 Ce produit lab\u00e9llis\u00e9 STANDARD 100 by\u00a0OEKO-TEX\u00ae &#8211; certificat n\u00b0 CQ 1102\/4 IFTH suit un processus de fabrication certifi\u00e9 et contr\u00f4l\u00e9, respectueux de votre peau.<\/p>\n<p>\u2022\u00a0 Le STANDARD 100 by\u00a0OEKO-TEX\u00ae est le premier label qui r\u00e9pond aux besoins des consommateurs en mati\u00e8re d\u2019\u00e9cologie humaine. Il garantit l\u2019absence, dans les articles certifi\u00e9s de substances nocives ou pouvant pr\u00e9senter un risque pour la sant\u00e9\u00bb<\/p>\n<p>En savoir plus\u00a0:<\/p>\n<p>&#8211; Coton percale 200 fils<\/p>\n<p>&#8211; Coton merceris\u00e9 brillant<\/p>\n<p>&#8211; Finition bourdon<\/p>\n<p>&#8211; Fabriqu\u00e9 en U.E<\/p>\n<p>&#8211; Lavage 60\u00b0.<\/p>\n<p>&nbsp;<\/p>\n","protected":false},"excerpt":{"rendered":"<p>En hiver comme en \u00e9t\u00e9, il et si agr\u00e9able de dormir dans une parure de drap en percale de coton, \u00e0 laquelle vous n&rsquo;aurez plus qu&rsquo;\u00e0 ajouter une couverture l\u00e9g\u00e8re dans une pi\u00e8ce temp\u00e9r\u00e9e. Cette percale vous surprendra, par sa composition minutieusement choisie. Les draps housses sont disponibles s\u00e9par\u00e9ment. Caract\u00e9ristique du Draps DESIREE disponibles pour [&hellip;]<\/p>\n","protected":false},"featured_media":83314,"template":"","meta":{"_et_pb_use_builder":"","_et_pb_old_content":"","_et_gb_content_width":""},"product_brand":[710],"product_cat":[243,713,24,708],"product_tag":[],"woo-feed-brand":[],"class_list":{"0":"post-5639","1":"product","2":"type-product","3":"status-publish","4":"has-post-thumbnail","6":"product_brand-linandelle","7":"product_cat-drap-plat-uni","8":"product_cat-selection-hiver","9":"product_cat-linge-de-lit","10":"product_cat-selection-rentree","11":"tm-no-options","13":"first","14":"instock","15":"sale","16":"featured","17":"taxable","18":"shipping-taxable","19":"purchasable","20":"product-type-variable"},"yoast_head":"<!-- This site is optimized with the Yoast SEO Premium plugin v27.5 (Yoast SEO v27.5) - https:\/\/yoast.com\/product\/yoast-seo-premium-wordpress\/ -->\n<title>Linandelle | Drap de lit coton Percale 200 fils DESIREE<\/title>\n<meta name=\"description\" content=\"Draps plat uni en coton Percale 200 fils haut de gamme finition bourdon \u00e0 assortir aux draps housses et aux taies d&#039;oreillers\" \/>\n<meta name=\"robots\" content=\"index, follow, max-snippet:-1, max-image-preview:large, max-video-preview:-1\" \/>\n<link rel=\"canonical\" href=\"https:\/\/linandelle.com\/fr\/produit\/drap-plat-uni-coton-percale-200-fils-desiree\/\" \/>\n<meta property=\"og:locale\" content=\"fr_FR\" \/>\n<meta property=\"og:type\" content=\"article\" \/>\n<meta property=\"og:title\" content=\"Linandelle | Drap de lit coton Percale 200 fils DESIREE\" \/>\n<meta property=\"og:description\" content=\"Draps plat uni en coton Percale 200 fils haut de gamme finition bourdon \u00e0 assortir aux draps housses et aux taies d&#039;oreillers\" \/>\n<meta property=\"og:url\" content=\"https:\/\/linandelle.com\/fr\/produit\/drap-plat-uni-coton-percale-200-fils-desiree\/\" \/>\n<meta property=\"og:site_name\" content=\"Linandelle\" \/>\n<meta property=\"article:publisher\" content=\"https:\/\/www.facebook.com\/Linandelle\" \/>\n<meta property=\"article:modified_time\" content=\"2026-04-23T13:41:17+00:00\" \/>\n<meta property=\"og:image\" content=\"https:\/\/linandelle.com\/wp-content\/uploads\/2021\/06\/zoom-DP-sable.jpg\" \/>\n\t<meta property=\"og:image:width\" content=\"1200\" \/>\n\t<meta property=\"og:image:height\" content=\"1200\" \/>\n\t<meta property=\"og:image:type\" content=\"image\/jpeg\" \/>\n<meta name=\"twitter:card\" content=\"summary_large_image\" \/>\n<meta name=\"twitter:label1\" content=\"Dur\u00e9e de lecture estim\u00e9e\" \/>\n\t<meta name=\"twitter:data1\" content=\"2 minutes\" \/>\n<script type=\"application\/ld+json\" class=\"yoast-schema-graph\">{\"@context\":\"https:\\\/\\\/schema.org\",\"@graph\":[{\"@type\":\"WebPage\",\"@id\":\"https:\\\/\\\/linandelle.com\\\/fr\\\/produit\\\/drap-plat-uni-coton-percale-200-fils-desiree\\\/\",\"url\":\"https:\\\/\\\/linandelle.com\\\/fr\\\/produit\\\/drap-plat-uni-coton-percale-200-fils-desiree\\\/\",\"name\":\"Linandelle | Drap de lit coton Percale 200 fils DESIREE\",\"isPartOf\":{\"@id\":\"https:\\\/\\\/linandelle.com\\\/fr\\\/#website\"},\"primaryImageOfPage\":{\"@id\":\"https:\\\/\\\/linandelle.com\\\/fr\\\/produit\\\/drap-plat-uni-coton-percale-200-fils-desiree\\\/#primaryimage\"},\"image\":{\"@id\":\"https:\\\/\\\/linandelle.com\\\/fr\\\/produit\\\/drap-plat-uni-coton-percale-200-fils-desiree\\\/#primaryimage\"},\"thumbnailUrl\":\"https:\\\/\\\/linandelle.com\\\/wp-content\\\/uploads\\\/2021\\\/06\\\/zoom-DP-sable.jpg\",\"datePublished\":\"2021-06-22T14:28:00+00:00\",\"dateModified\":\"2026-04-23T13:41:17+00:00\",\"description\":\"Draps plat uni en coton Percale 200 fils haut de gamme finition bourdon \u00e0 assortir aux draps housses et aux taies d'oreillers\",\"breadcrumb\":{\"@id\":\"https:\\\/\\\/linandelle.com\\\/fr\\\/produit\\\/drap-plat-uni-coton-percale-200-fils-desiree\\\/#breadcrumb\"},\"inLanguage\":\"fr-FR\",\"potentialAction\":[{\"@type\":\"ReadAction\",\"target\":[\"https:\\\/\\\/linandelle.com\\\/fr\\\/produit\\\/drap-plat-uni-coton-percale-200-fils-desiree\\\/\"]}]},{\"@type\":\"ImageObject\",\"inLanguage\":\"fr-FR\",\"@id\":\"https:\\\/\\\/linandelle.com\\\/fr\\\/produit\\\/drap-plat-uni-coton-percale-200-fils-desiree\\\/#primaryimage\",\"url\":\"https:\\\/\\\/linandelle.com\\\/wp-content\\\/uploads\\\/2021\\\/06\\\/zoom-DP-sable.jpg\",\"contentUrl\":\"https:\\\/\\\/linandelle.com\\\/wp-content\\\/uploads\\\/2021\\\/06\\\/zoom-DP-sable.jpg\",\"width\":1200,\"height\":1200},{\"@type\":\"BreadcrumbList\",\"@id\":\"https:\\\/\\\/linandelle.com\\\/fr\\\/produit\\\/drap-plat-uni-coton-percale-200-fils-desiree\\\/#breadcrumb\",\"itemListElement\":[{\"@type\":\"ListItem\",\"position\":1,\"name\":\"Produits\",\"item\":\"https:\\\/\\\/linandelle.com\\\/fr\\\/shop\\\/\"},{\"@type\":\"ListItem\",\"position\":2,\"name\":\"Drap plat en coton percale 200 fils DESIREE\"}]},{\"@type\":\"WebSite\",\"@id\":\"https:\\\/\\\/linandelle.com\\\/fr\\\/#website\",\"url\":\"https:\\\/\\\/linandelle.com\\\/fr\\\/\",\"name\":\"Linandelle\",\"description\":\"Linandelle, plus que du linge, l&#039;essentiel\",\"publisher\":{\"@id\":\"https:\\\/\\\/linandelle.com\\\/fr\\\/#organization\"},\"potentialAction\":[{\"@type\":\"SearchAction\",\"target\":{\"@type\":\"EntryPoint\",\"urlTemplate\":\"https:\\\/\\\/linandelle.com\\\/fr\\\/?s={search_term_string}\"},\"query-input\":{\"@type\":\"PropertyValueSpecification\",\"valueRequired\":true,\"valueName\":\"search_term_string\"}}],\"inLanguage\":\"fr-FR\"},{\"@type\":\"Organization\",\"@id\":\"https:\\\/\\\/linandelle.com\\\/fr\\\/#organization\",\"name\":\"Linandelle\",\"url\":\"https:\\\/\\\/linandelle.com\\\/fr\\\/\",\"logo\":{\"@type\":\"ImageObject\",\"inLanguage\":\"fr-FR\",\"@id\":\"https:\\\/\\\/linandelle.com\\\/fr\\\/#\\\/schema\\\/logo\\\/image\\\/\",\"url\":\"https:\\\/\\\/linandelle.com\\\/wp-content\\\/uploads\\\/2022\\\/03\\\/logo-linandelle.jpg\",\"contentUrl\":\"https:\\\/\\\/linandelle.com\\\/wp-content\\\/uploads\\\/2022\\\/03\\\/logo-linandelle.jpg\",\"width\":739,\"height\":738,\"caption\":\"Linandelle\"},\"image\":{\"@id\":\"https:\\\/\\\/linandelle.com\\\/fr\\\/#\\\/schema\\\/logo\\\/image\\\/\"},\"sameAs\":[\"https:\\\/\\\/www.facebook.com\\\/Linandelle\",\"https:\\\/\\\/www.instagram.com\\\/linandelle\\\/\",\"https:\\\/\\\/www.linkedin.com\\\/company\\\/18483801\\\/admin\\\/dashboard\\\/\",\"https:\\\/\\\/www.pinterest.fr\\\/linandelle\\\/_created\\\/\",\"https:\\\/\\\/www.youtube.com\\\/@linandellecharleval1016\"],\"email\":\"contact@linandelle.com\",\"telephone\":\"0232687800\",\"legalName\":\"SARL DU PONT DES JARDINS\",\"vatID\":\"FR27448856641\",\"taxID\":\"44885664100015\",\"numberOfEmployees\":{\"@type\":\"QuantitativeValue\",\"minValue\":\"1\",\"maxValue\":\"10\"}}]}<\/script>\n<!-- \/ Yoast SEO Premium plugin. -->","yoast_head_json":{"title":"Linandelle | Drap de lit coton Percale 200 fils DESIREE","description":"Draps plat uni en coton Percale 200 fils haut de gamme finition bourdon \u00e0 assortir aux draps housses et aux taies d'oreillers","robots":{"index":"index","follow":"follow","max-snippet":"max-snippet:-1","max-image-preview":"max-image-preview:large","max-video-preview":"max-video-preview:-1"},"canonical":"https:\/\/linandelle.com\/fr\/produit\/drap-plat-uni-coton-percale-200-fils-desiree\/","og_locale":"fr_FR","og_type":"article","og_title":"Linandelle | Drap de lit coton Percale 200 fils DESIREE","og_description":"Draps plat uni en coton Percale 200 fils haut de gamme finition bourdon \u00e0 assortir aux draps housses et aux taies d'oreillers","og_url":"https:\/\/linandelle.com\/fr\/produit\/drap-plat-uni-coton-percale-200-fils-desiree\/","og_site_name":"Linandelle","article_publisher":"https:\/\/www.facebook.com\/Linandelle","article_modified_time":"2026-04-23T13:41:17+00:00","og_image":[{"width":1200,"height":1200,"url":"https:\/\/linandelle.com\/wp-content\/uploads\/2021\/06\/zoom-DP-sable.jpg","type":"image\/jpeg"}],"twitter_card":"summary_large_image","twitter_misc":{"Dur\u00e9e de lecture estim\u00e9e":"2 minutes"},"schema":{"@context":"https:\/\/schema.org","@graph":[{"@type":"WebPage","@id":"https:\/\/linandelle.com\/fr\/produit\/drap-plat-uni-coton-percale-200-fils-desiree\/","url":"https:\/\/linandelle.com\/fr\/produit\/drap-plat-uni-coton-percale-200-fils-desiree\/","name":"Linandelle | Drap de lit coton Percale 200 fils DESIREE","isPartOf":{"@id":"https:\/\/linandelle.com\/fr\/#website"},"primaryImageOfPage":{"@id":"https:\/\/linandelle.com\/fr\/produit\/drap-plat-uni-coton-percale-200-fils-desiree\/#primaryimage"},"image":{"@id":"https:\/\/linandelle.com\/fr\/produit\/drap-plat-uni-coton-percale-200-fils-desiree\/#primaryimage"},"thumbnailUrl":"https:\/\/linandelle.com\/wp-content\/uploads\/2021\/06\/zoom-DP-sable.jpg","datePublished":"2021-06-22T14:28:00+00:00","dateModified":"2026-04-23T13:41:17+00:00","description":"Draps plat uni en coton Percale 200 fils haut de gamme finition bourdon \u00e0 assortir aux draps housses et aux taies d'oreillers","breadcrumb":{"@id":"https:\/\/linandelle.com\/fr\/produit\/drap-plat-uni-coton-percale-200-fils-desiree\/#breadcrumb"},"inLanguage":"fr-FR","potentialAction":[{"@type":"ReadAction","target":["https:\/\/linandelle.com\/fr\/produit\/drap-plat-uni-coton-percale-200-fils-desiree\/"]}]},{"@type":"ImageObject","inLanguage":"fr-FR","@id":"https:\/\/linandelle.com\/fr\/produit\/drap-plat-uni-coton-percale-200-fils-desiree\/#primaryimage","url":"https:\/\/linandelle.com\/wp-content\/uploads\/2021\/06\/zoom-DP-sable.jpg","contentUrl":"https:\/\/linandelle.com\/wp-content\/uploads\/2021\/06\/zoom-DP-sable.jpg","width":1200,"height":1200},{"@type":"BreadcrumbList","@id":"https:\/\/linandelle.com\/fr\/produit\/drap-plat-uni-coton-percale-200-fils-desiree\/#breadcrumb","itemListElement":[{"@type":"ListItem","position":1,"name":"Produits","item":"https:\/\/linandelle.com\/fr\/shop\/"},{"@type":"ListItem","position":2,"name":"Drap plat en coton percale 200 fils DESIREE"}]},{"@type":"WebSite","@id":"https:\/\/linandelle.com\/fr\/#website","url":"https:\/\/linandelle.com\/fr\/","name":"Linandelle","description":"Linandelle, plus que du linge, l&#039;essentiel","publisher":{"@id":"https:\/\/linandelle.com\/fr\/#organization"},"potentialAction":[{"@type":"SearchAction","target":{"@type":"EntryPoint","urlTemplate":"https:\/\/linandelle.com\/fr\/?s={search_term_string}"},"query-input":{"@type":"PropertyValueSpecification","valueRequired":true,"valueName":"search_term_string"}}],"inLanguage":"fr-FR"},{"@type":"Organization","@id":"https:\/\/linandelle.com\/fr\/#organization","name":"Linandelle","url":"https:\/\/linandelle.com\/fr\/","logo":{"@type":"ImageObject","inLanguage":"fr-FR","@id":"https:\/\/linandelle.com\/fr\/#\/schema\/logo\/image\/","url":"https:\/\/linandelle.com\/wp-content\/uploads\/2022\/03\/logo-linandelle.jpg","contentUrl":"https:\/\/linandelle.com\/wp-content\/uploads\/2022\/03\/logo-linandelle.jpg","width":739,"height":738,"caption":"Linandelle"},"image":{"@id":"https:\/\/linandelle.com\/fr\/#\/schema\/logo\/image\/"},"sameAs":["https:\/\/www.facebook.com\/Linandelle","https:\/\/www.instagram.com\/linandelle\/","https:\/\/www.linkedin.com\/company\/18483801\/admin\/dashboard\/","https:\/\/www.pinterest.fr\/linandelle\/_created\/","https:\/\/www.youtube.com\/@linandellecharleval1016"],"email":"contact@linandelle.com","telephone":"0232687800","legalName":"SARL DU PONT DES JARDINS","vatID":"FR27448856641","taxID":"44885664100015","numberOfEmployees":{"@type":"QuantitativeValue","minValue":"1","maxValue":"10"}}]}},"_links":{"self":[{"href":"https:\/\/linandelle.com\/fr\/wp-json\/wp\/v2\/product\/5639","targetHints":{"allow":["GET"]}}],"collection":[{"href":"https:\/\/linandelle.com\/fr\/wp-json\/wp\/v2\/product"}],"about":[{"href":"https:\/\/linandelle.com\/fr\/wp-json\/wp\/v2\/types\/product"}],"wp:featuredmedia":[{"embeddable":true,"href":"https:\/\/linandelle.com\/fr\/wp-json\/wp\/v2\/media\/83314"}],"wp:attachment":[{"href":"https:\/\/linandelle.com\/fr\/wp-json\/wp\/v2\/media?parent=5639"}],"wp:term":[{"taxonomy":"product_brand","embeddable":true,"href":"https:\/\/linandelle.com\/fr\/wp-json\/wp\/v2\/product_brand?post=5639"},{"taxonomy":"product_cat","embeddable":true,"href":"https:\/\/linandelle.com\/fr\/wp-json\/wp\/v2\/product_cat?post=5639"},{"taxonomy":"product_tag","embeddable":true,"href":"https:\/\/linandelle.com\/fr\/wp-json\/wp\/v2\/product_tag?post=5639"},{"taxonomy":"woo-feed-brand","embeddable":true,"href":"https:\/\/linandelle.com\/fr\/wp-json\/wp\/v2\/woo-feed-brand?post=5639"}],"curies":[{"name":"wp","href":"https:\/\/api.w.org\/{rel}","templated":true}]}}