{"id":73250,"date":"2023-12-18T17:34:55","date_gmt":"2023-12-18T16:34:55","guid":{"rendered":"https:\/\/linandelle.com\/fr\/?post_type=product&#038;p=73250"},"modified":"2026-04-22T09:32:49","modified_gmt":"2026-04-22T07:32:49","slug":"gant-de-toilette-en-coton-eponge-ethnique-copie","status":"publish","type":"product","link":"https:\/\/linandelle.com\/fr\/produit\/gant-de-toilette-en-coton-eponge-ethnique-copie\/","title":{"rendered":"Lot de 2 gants de toilette en coton \u00e9ponge Ethnique"},"content":{"rendered":"<p>Associer la douceur, le confort et la modernit\u00e9 et vous obtiendrez la gamme ETHNIQUE<\/p>\n<p>La gamme d&rsquo;\u00e9ponge est douce , moelleuse tr\u00e8s agr\u00e9able pour se s\u00e9cher.<\/p>\n<p>Cette ligne\u00a0 propose une gamme de choix \u00e0 jouer seule ou \u00e0 marier ,<\/p>\n<p>Caract\u00e9ristiques de la gamme de gants de toilette \u00e9ponge ETHNIQUE :<\/p>\n<ul>\n<li>Bouclette \u00e9ponge 100%\u00a0coton<\/li>\n<li>15&#215;21 cm<\/li>\n<li>Densit\u00e9\u00a0450gr\/m2<\/li>\n<li>Bande d\u00e9corative \u00e0 motifs<\/li>\n<li>Gamme disponible compl\u00e8te du gant de toilette au drap de bain<\/li>\n<\/ul>\n<ul>\n<li>Lavage en machine \u00e0 60\u00b0C<\/li>\n<li>Fabriqu\u00e9 en U.E<\/li>\n<li>Norme Oeko Tex<\/li>\n<\/ul>\n<p>\u2022\u00a0 Ce produit lab\u00e9llis\u00e9 STANDARD 100 by\u00a0OEKO-TEX\u00ae &#8211; certificat n\u00b0 CQ 1102\/4 IFTH suit un processus de fabrication certifi\u00e9 et contr\u00f4l\u00e9, respectueux de votre peau.<\/p>\n<p>\u2022\u00a0 Le STANDARD 100 by\u00a0OEKO-TEX\u00ae est le premier label qui r\u00e9pond aux besoins des consommateurs en mati\u00e8re d\u2019\u00e9cologie humaine. Il garantit l\u2019absence, dans les articles certifi\u00e9s de substances nocives ou pouvant pr\u00e9senter un risque pour la sant\u00e9\u00bb<\/p>\n<p>Couleurs :\u00a0Taupe, Gris , Saumon, Bleu<\/p>\n<p>En savoir plus\u00a0:<\/p>\n<p>&#8211; Gants de toilette motif ethnique<\/p>\n<p>&#8211; \u00c9ponge tr\u00e8s douce<\/p>\n<p>&#8211; Prix pour lot de 2<\/p>\n<p>&#8211; Lavable en machine<\/p>\n<p>&#8211; Fabriqu\u00e9e en U.E.<\/p>\n<p>&nbsp;<\/p>\n","protected":false},"excerpt":{"rendered":"<p>Associer la douceur, le confort et la modernit\u00e9 et vous obtiendrez la gamme ETHNIQUE La gamme d&rsquo;\u00e9ponge est douce , moelleuse tr\u00e8s agr\u00e9able pour se s\u00e9cher. Cette ligne\u00a0 propose une gamme de choix \u00e0 jouer seule ou \u00e0 marier , Caract\u00e9ristiques de la gamme de gants de toilette \u00e9ponge ETHNIQUE : Bouclette \u00e9ponge 100%\u00a0coton 15&#215;21 [&hellip;]<\/p>\n","protected":false},"featured_media":29285,"template":"","meta":{"_et_pb_use_builder":"","_et_pb_old_content":"","_et_gb_content_width":""},"product_brand":[710],"product_cat":[626,373,713],"product_tag":[],"woo-feed-brand":[],"class_list":{"0":"post-73250","1":"product","2":"type-product","3":"status-publish","4":"has-post-thumbnail","6":"product_brand-linandelle","7":"product_cat-fins-de-series","8":"product_cat-gant-de-toilette","9":"product_cat-selection-hiver","10":"tm-has-options","12":"first","13":"instock","14":"sale","15":"taxable","16":"shipping-taxable","17":"purchasable","18":"product-type-variable"},"yoast_head":"<!-- This site is optimized with the Yoast SEO Premium plugin v27.4 (Yoast SEO v27.4) - https:\/\/yoast.com\/product\/yoast-seo-premium-wordpress\/ -->\n<title>Lot de 2 gants de toilette coton \u00e9ponge motifs ETHNIQUE<\/title>\n<meta name=\"description\" content=\"D\u00e9couvrez la gamme de bain ETHNIQUE 450gr\/m2 liant la tendance et la qualit\u00e9, d\u00e9clin\u00e9e en 4 coloris du gant au drap de bain.\" \/>\n<meta name=\"robots\" content=\"index, follow, max-snippet:-1, max-image-preview:large, max-video-preview:-1\" \/>\n<link rel=\"canonical\" href=\"https:\/\/linandelle.com\/fr\/produit\/gant-de-toilette-en-coton-eponge-ethnique-copie\/\" \/>\n<meta property=\"og:locale\" content=\"fr_FR\" \/>\n<meta property=\"og:type\" content=\"article\" \/>\n<meta property=\"og:title\" content=\"Lot de 2 gants de toilette coton \u00e9ponge motifs ETHNIQUE\" \/>\n<meta property=\"og:description\" content=\"D\u00e9couvrez la gamme de bain ETHNIQUE 450gr\/m2 liant la tendance et la qualit\u00e9, d\u00e9clin\u00e9e en 4 coloris du gant au drap de bain.\" \/>\n<meta property=\"og:url\" content=\"https:\/\/linandelle.com\/fr\/produit\/gant-de-toilette-en-coton-eponge-ethnique-copie\/\" \/>\n<meta property=\"og:site_name\" content=\"Linandelle\" \/>\n<meta property=\"article:publisher\" content=\"https:\/\/www.facebook.com\/Linandelle\" \/>\n<meta property=\"article:modified_time\" content=\"2026-04-22T07:32:49+00:00\" \/>\n<meta property=\"og:image\" content=\"https:\/\/linandelle.com\/wp-content\/uploads\/2021\/11\/lot-2-gants-taupe.jpg\" \/>\n\t<meta property=\"og:image:width\" content=\"1600\" \/>\n\t<meta property=\"og:image:height\" content=\"1600\" \/>\n\t<meta property=\"og:image:type\" content=\"image\/jpeg\" \/>\n<meta name=\"twitter:card\" content=\"summary_large_image\" \/>\n<meta name=\"twitter:label1\" content=\"Dur\u00e9e de lecture estim\u00e9e\" \/>\n\t<meta name=\"twitter:data1\" content=\"2 minutes\" \/>\n<script type=\"application\/ld+json\" class=\"yoast-schema-graph\">{\"@context\":\"https:\\\/\\\/schema.org\",\"@graph\":[{\"@type\":\"WebPage\",\"@id\":\"https:\\\/\\\/linandelle.com\\\/fr\\\/produit\\\/gant-de-toilette-en-coton-eponge-ethnique-copie\\\/\",\"url\":\"https:\\\/\\\/linandelle.com\\\/fr\\\/produit\\\/gant-de-toilette-en-coton-eponge-ethnique-copie\\\/\",\"name\":\"Lot de 2 gants de toilette coton \u00e9ponge motifs ETHNIQUE\",\"isPartOf\":{\"@id\":\"https:\\\/\\\/linandelle.com\\\/fr\\\/#website\"},\"primaryImageOfPage\":{\"@id\":\"https:\\\/\\\/linandelle.com\\\/fr\\\/produit\\\/gant-de-toilette-en-coton-eponge-ethnique-copie\\\/#primaryimage\"},\"image\":{\"@id\":\"https:\\\/\\\/linandelle.com\\\/fr\\\/produit\\\/gant-de-toilette-en-coton-eponge-ethnique-copie\\\/#primaryimage\"},\"thumbnailUrl\":\"https:\\\/\\\/linandelle.com\\\/wp-content\\\/uploads\\\/2021\\\/11\\\/lot-2-gants-taupe.jpg\",\"datePublished\":\"2023-12-18T16:34:55+00:00\",\"dateModified\":\"2026-04-22T07:32:49+00:00\",\"description\":\"D\u00e9couvrez la gamme de bain ETHNIQUE 450gr\\\/m2 liant la tendance et la qualit\u00e9, d\u00e9clin\u00e9e en 4 coloris du gant au drap de bain.\",\"breadcrumb\":{\"@id\":\"https:\\\/\\\/linandelle.com\\\/fr\\\/produit\\\/gant-de-toilette-en-coton-eponge-ethnique-copie\\\/#breadcrumb\"},\"inLanguage\":\"fr-FR\",\"potentialAction\":[{\"@type\":\"ReadAction\",\"target\":[\"https:\\\/\\\/linandelle.com\\\/fr\\\/produit\\\/gant-de-toilette-en-coton-eponge-ethnique-copie\\\/\"]}]},{\"@type\":\"ImageObject\",\"inLanguage\":\"fr-FR\",\"@id\":\"https:\\\/\\\/linandelle.com\\\/fr\\\/produit\\\/gant-de-toilette-en-coton-eponge-ethnique-copie\\\/#primaryimage\",\"url\":\"https:\\\/\\\/linandelle.com\\\/wp-content\\\/uploads\\\/2021\\\/11\\\/lot-2-gants-taupe.jpg\",\"contentUrl\":\"https:\\\/\\\/linandelle.com\\\/wp-content\\\/uploads\\\/2021\\\/11\\\/lot-2-gants-taupe.jpg\",\"width\":1600,\"height\":1600,\"caption\":\"Lot de 2 gants de toilettes \u00e9ponge \u00e9thnique beige linandelle\"},{\"@type\":\"BreadcrumbList\",\"@id\":\"https:\\\/\\\/linandelle.com\\\/fr\\\/produit\\\/gant-de-toilette-en-coton-eponge-ethnique-copie\\\/#breadcrumb\",\"itemListElement\":[{\"@type\":\"ListItem\",\"position\":1,\"name\":\"Produits\",\"item\":\"https:\\\/\\\/linandelle.com\\\/fr\\\/shop\\\/\"},{\"@type\":\"ListItem\",\"position\":2,\"name\":\"Lot de 2 gants de toilette en coton \u00e9ponge Ethnique\"}]},{\"@type\":\"WebSite\",\"@id\":\"https:\\\/\\\/linandelle.com\\\/fr\\\/#website\",\"url\":\"https:\\\/\\\/linandelle.com\\\/fr\\\/\",\"name\":\"Linandelle\",\"description\":\"Linandelle, plus que du linge, l&#039;essentiel\",\"publisher\":{\"@id\":\"https:\\\/\\\/linandelle.com\\\/fr\\\/#organization\"},\"potentialAction\":[{\"@type\":\"SearchAction\",\"target\":{\"@type\":\"EntryPoint\",\"urlTemplate\":\"https:\\\/\\\/linandelle.com\\\/fr\\\/?s={search_term_string}\"},\"query-input\":{\"@type\":\"PropertyValueSpecification\",\"valueRequired\":true,\"valueName\":\"search_term_string\"}}],\"inLanguage\":\"fr-FR\"},{\"@type\":\"Organization\",\"@id\":\"https:\\\/\\\/linandelle.com\\\/fr\\\/#organization\",\"name\":\"Linandelle\",\"url\":\"https:\\\/\\\/linandelle.com\\\/fr\\\/\",\"logo\":{\"@type\":\"ImageObject\",\"inLanguage\":\"fr-FR\",\"@id\":\"https:\\\/\\\/linandelle.com\\\/fr\\\/#\\\/schema\\\/logo\\\/image\\\/\",\"url\":\"https:\\\/\\\/linandelle.com\\\/wp-content\\\/uploads\\\/2022\\\/03\\\/logo-linandelle.jpg\",\"contentUrl\":\"https:\\\/\\\/linandelle.com\\\/wp-content\\\/uploads\\\/2022\\\/03\\\/logo-linandelle.jpg\",\"width\":739,\"height\":738,\"caption\":\"Linandelle\"},\"image\":{\"@id\":\"https:\\\/\\\/linandelle.com\\\/fr\\\/#\\\/schema\\\/logo\\\/image\\\/\"},\"sameAs\":[\"https:\\\/\\\/www.facebook.com\\\/Linandelle\",\"https:\\\/\\\/www.instagram.com\\\/linandelle\\\/\",\"https:\\\/\\\/www.linkedin.com\\\/company\\\/18483801\\\/admin\\\/dashboard\\\/\",\"https:\\\/\\\/www.pinterest.fr\\\/linandelle\\\/_created\\\/\",\"https:\\\/\\\/www.youtube.com\\\/@linandellecharleval1016\"],\"email\":\"contact@linandelle.com\",\"telephone\":\"0232687800\",\"legalName\":\"SARL DU PONT DES JARDINS\",\"vatID\":\"FR27448856641\",\"taxID\":\"44885664100015\",\"numberOfEmployees\":{\"@type\":\"QuantitativeValue\",\"minValue\":\"1\",\"maxValue\":\"10\"}}]}<\/script>\n<!-- \/ Yoast SEO Premium plugin. -->","yoast_head_json":{"title":"Lot de 2 gants de toilette coton \u00e9ponge motifs ETHNIQUE","description":"D\u00e9couvrez la gamme de bain ETHNIQUE 450gr\/m2 liant la tendance et la qualit\u00e9, d\u00e9clin\u00e9e en 4 coloris du gant au drap de bain.","robots":{"index":"index","follow":"follow","max-snippet":"max-snippet:-1","max-image-preview":"max-image-preview:large","max-video-preview":"max-video-preview:-1"},"canonical":"https:\/\/linandelle.com\/fr\/produit\/gant-de-toilette-en-coton-eponge-ethnique-copie\/","og_locale":"fr_FR","og_type":"article","og_title":"Lot de 2 gants de toilette coton \u00e9ponge motifs ETHNIQUE","og_description":"D\u00e9couvrez la gamme de bain ETHNIQUE 450gr\/m2 liant la tendance et la qualit\u00e9, d\u00e9clin\u00e9e en 4 coloris du gant au drap de bain.","og_url":"https:\/\/linandelle.com\/fr\/produit\/gant-de-toilette-en-coton-eponge-ethnique-copie\/","og_site_name":"Linandelle","article_publisher":"https:\/\/www.facebook.com\/Linandelle","article_modified_time":"2026-04-22T07:32:49+00:00","og_image":[{"width":1600,"height":1600,"url":"https:\/\/linandelle.com\/wp-content\/uploads\/2021\/11\/lot-2-gants-taupe.jpg","type":"image\/jpeg"}],"twitter_card":"summary_large_image","twitter_misc":{"Dur\u00e9e de lecture estim\u00e9e":"2 minutes"},"schema":{"@context":"https:\/\/schema.org","@graph":[{"@type":"WebPage","@id":"https:\/\/linandelle.com\/fr\/produit\/gant-de-toilette-en-coton-eponge-ethnique-copie\/","url":"https:\/\/linandelle.com\/fr\/produit\/gant-de-toilette-en-coton-eponge-ethnique-copie\/","name":"Lot de 2 gants de toilette coton \u00e9ponge motifs ETHNIQUE","isPartOf":{"@id":"https:\/\/linandelle.com\/fr\/#website"},"primaryImageOfPage":{"@id":"https:\/\/linandelle.com\/fr\/produit\/gant-de-toilette-en-coton-eponge-ethnique-copie\/#primaryimage"},"image":{"@id":"https:\/\/linandelle.com\/fr\/produit\/gant-de-toilette-en-coton-eponge-ethnique-copie\/#primaryimage"},"thumbnailUrl":"https:\/\/linandelle.com\/wp-content\/uploads\/2021\/11\/lot-2-gants-taupe.jpg","datePublished":"2023-12-18T16:34:55+00:00","dateModified":"2026-04-22T07:32:49+00:00","description":"D\u00e9couvrez la gamme de bain ETHNIQUE 450gr\/m2 liant la tendance et la qualit\u00e9, d\u00e9clin\u00e9e en 4 coloris du gant au drap de bain.","breadcrumb":{"@id":"https:\/\/linandelle.com\/fr\/produit\/gant-de-toilette-en-coton-eponge-ethnique-copie\/#breadcrumb"},"inLanguage":"fr-FR","potentialAction":[{"@type":"ReadAction","target":["https:\/\/linandelle.com\/fr\/produit\/gant-de-toilette-en-coton-eponge-ethnique-copie\/"]}]},{"@type":"ImageObject","inLanguage":"fr-FR","@id":"https:\/\/linandelle.com\/fr\/produit\/gant-de-toilette-en-coton-eponge-ethnique-copie\/#primaryimage","url":"https:\/\/linandelle.com\/wp-content\/uploads\/2021\/11\/lot-2-gants-taupe.jpg","contentUrl":"https:\/\/linandelle.com\/wp-content\/uploads\/2021\/11\/lot-2-gants-taupe.jpg","width":1600,"height":1600,"caption":"Lot de 2 gants de toilettes \u00e9ponge \u00e9thnique beige linandelle"},{"@type":"BreadcrumbList","@id":"https:\/\/linandelle.com\/fr\/produit\/gant-de-toilette-en-coton-eponge-ethnique-copie\/#breadcrumb","itemListElement":[{"@type":"ListItem","position":1,"name":"Produits","item":"https:\/\/linandelle.com\/fr\/shop\/"},{"@type":"ListItem","position":2,"name":"Lot de 2 gants de toilette en coton \u00e9ponge Ethnique"}]},{"@type":"WebSite","@id":"https:\/\/linandelle.com\/fr\/#website","url":"https:\/\/linandelle.com\/fr\/","name":"Linandelle","description":"Linandelle, plus que du linge, l&#039;essentiel","publisher":{"@id":"https:\/\/linandelle.com\/fr\/#organization"},"potentialAction":[{"@type":"SearchAction","target":{"@type":"EntryPoint","urlTemplate":"https:\/\/linandelle.com\/fr\/?s={search_term_string}"},"query-input":{"@type":"PropertyValueSpecification","valueRequired":true,"valueName":"search_term_string"}}],"inLanguage":"fr-FR"},{"@type":"Organization","@id":"https:\/\/linandelle.com\/fr\/#organization","name":"Linandelle","url":"https:\/\/linandelle.com\/fr\/","logo":{"@type":"ImageObject","inLanguage":"fr-FR","@id":"https:\/\/linandelle.com\/fr\/#\/schema\/logo\/image\/","url":"https:\/\/linandelle.com\/wp-content\/uploads\/2022\/03\/logo-linandelle.jpg","contentUrl":"https:\/\/linandelle.com\/wp-content\/uploads\/2022\/03\/logo-linandelle.jpg","width":739,"height":738,"caption":"Linandelle"},"image":{"@id":"https:\/\/linandelle.com\/fr\/#\/schema\/logo\/image\/"},"sameAs":["https:\/\/www.facebook.com\/Linandelle","https:\/\/www.instagram.com\/linandelle\/","https:\/\/www.linkedin.com\/company\/18483801\/admin\/dashboard\/","https:\/\/www.pinterest.fr\/linandelle\/_created\/","https:\/\/www.youtube.com\/@linandellecharleval1016"],"email":"contact@linandelle.com","telephone":"0232687800","legalName":"SARL DU PONT DES JARDINS","vatID":"FR27448856641","taxID":"44885664100015","numberOfEmployees":{"@type":"QuantitativeValue","minValue":"1","maxValue":"10"}}]}},"_links":{"self":[{"href":"https:\/\/linandelle.com\/fr\/wp-json\/wp\/v2\/product\/73250","targetHints":{"allow":["GET"]}}],"collection":[{"href":"https:\/\/linandelle.com\/fr\/wp-json\/wp\/v2\/product"}],"about":[{"href":"https:\/\/linandelle.com\/fr\/wp-json\/wp\/v2\/types\/product"}],"wp:featuredmedia":[{"embeddable":true,"href":"https:\/\/linandelle.com\/fr\/wp-json\/wp\/v2\/media\/29285"}],"wp:attachment":[{"href":"https:\/\/linandelle.com\/fr\/wp-json\/wp\/v2\/media?parent=73250"}],"wp:term":[{"taxonomy":"product_brand","embeddable":true,"href":"https:\/\/linandelle.com\/fr\/wp-json\/wp\/v2\/product_brand?post=73250"},{"taxonomy":"product_cat","embeddable":true,"href":"https:\/\/linandelle.com\/fr\/wp-json\/wp\/v2\/product_cat?post=73250"},{"taxonomy":"product_tag","embeddable":true,"href":"https:\/\/linandelle.com\/fr\/wp-json\/wp\/v2\/product_tag?post=73250"},{"taxonomy":"woo-feed-brand","embeddable":true,"href":"https:\/\/linandelle.com\/fr\/wp-json\/wp\/v2\/woo-feed-brand?post=73250"}],"curies":[{"name":"wp","href":"https:\/\/api.w.org\/{rel}","templated":true}]}}