{"id":73359,"date":"2023-12-19T14:08:42","date_gmt":"2023-12-19T13:08:42","guid":{"rendered":"https:\/\/linandelle.com\/fr\/?post_type=product&#038;p=73359"},"modified":"2026-04-22T09:17:25","modified_gmt":"2026-04-22T07:17:25","slug":"nid-dabeille-serviette-coton-57fils-week-end","status":"publish","type":"product","link":"https:\/\/linandelle.com\/fr\/produit\/nid-dabeille-serviette-coton-57fils-week-end\/","title":{"rendered":"Lot de deux serviettes coton 57 fils nid d&rsquo;abeille WEEK END"},"content":{"rendered":"<p>Serviette de toilette en coton nid d&rsquo;abeille blanc fabriqu\u00e9es en Lorraine.<\/p>\n<p>A la fois confortables et peu encombrantes, elles consomment \u00e9galement 30% d&rsquo;eau en moins qu&rsquo;une serviette \u00e9ponge traditionnelle.<\/p>\n<p>Elles seront donc id\u00e9ales pour vos d\u00e9parts en vacances comme pour les usages intensifs (chambres d&rsquo;h\u00f4tes, instituts de beaut\u00e9s, h\u00f4tels..).<\/p>\n<p>Dimensions : 50&#215;100, 70&#215;140 et 100x150cm..<\/p>\n<p>Nid d&rsquo;abeille blanc noir noir.<\/p>\n<p>250gr\/m2, coloris grands teints.<\/p>\n<p>Tiss\u00e9, teint, confectionn\u00e9 en France.<\/p>\n<p>Il faut imp\u00e9rativement laisser tramper \u00e0 froid avant le premier contact \u00e0 l&rsquo;eau chaude. Cela limitera le retrait \u00e0 8% au lieu de 20% si cela n&rsquo;est pas respect\u00e9. Ensuite lavage en machine \u00e0 60\u00b0C.<\/p>\n<p>Composition d\u00e9taill\u00e9e : 100% coton<\/p>\n<p>&nbsp;<\/p>\n<p>En savoir plus\u00a0:<\/p>\n<p>&#8211; Fabrication dans les Vosges<\/p>\n<p>&#8211; Tissu nid d&rsquo;abeille 100% coton<\/p>\n<p>&#8211; Coloris grands teints<\/p>\n<p>&#8211; Tissu fin et l\u00e9ger<\/p>\n<p>&#8211; Gamme compl\u00e8te du gant au maxi drap de bain.<\/p>\n","protected":false},"excerpt":{"rendered":"<p>Serviette de toilette en coton nid d&rsquo;abeille blanc fabriqu\u00e9es en Lorraine. A la fois confortables et peu encombrantes, elles consomment \u00e9galement 30% d&rsquo;eau en moins qu&rsquo;une serviette \u00e9ponge traditionnelle. Elles seront donc id\u00e9ales pour vos d\u00e9parts en vacances comme pour les usages intensifs (chambres d&rsquo;h\u00f4tes, instituts de beaut\u00e9s, h\u00f4tels..). Dimensions : 50&#215;100, 70&#215;140 et 100x150cm.. [&hellip;]<\/p>\n","protected":false},"featured_media":88332,"template":"","meta":{"_et_pb_use_builder":"","_et_pb_old_content":"","_et_gb_content_width":""},"product_brand":[710],"product_cat":[696,697,25,279],"product_tag":[],"woo-feed-brand":[],"class_list":{"0":"post-73359","1":"product","2":"type-product","3":"status-publish","4":"has-post-thumbnail","6":"product_brand-linandelle","7":"product_cat-nouveautes-printemps-ete","8":"product_cat-produits-made-in-france","9":"product_cat-salle-de-bain","10":"product_cat-serviette-de-toilette","11":"tm-has-options","13":"first","14":"instock","15":"sale","16":"taxable","17":"shipping-taxable","18":"purchasable","19":"product-type-variable"},"yoast_head":"<!-- This site is optimized with the Yoast SEO Premium plugin v27.4 (Yoast SEO v27.4) - https:\/\/yoast.com\/product\/yoast-seo-premium-wordpress\/ -->\n<title>Lot de deux serviettes coton 57 fils nid d&#039;abeille WEEK END<\/title>\n<meta name=\"description\" content=\"Gamme de bain en coton nid d&#039;abeille blanc fabriqu\u00e9es fran\u00e7aise : drap, maxi drap, gants et serviette. Disponible en 3 coloris\" \/>\n<meta name=\"robots\" content=\"index, follow, max-snippet:-1, max-image-preview:large, max-video-preview:-1\" \/>\n<link rel=\"canonical\" href=\"https:\/\/linandelle.com\/fr\/produit\/nid-dabeille-serviette-coton-57fils-week-end\/\" \/>\n<meta property=\"og:locale\" content=\"fr_FR\" \/>\n<meta property=\"og:type\" content=\"article\" \/>\n<meta property=\"og:title\" content=\"Lot de deux serviettes coton 57 fils nid d&#039;abeille WEEK END\" \/>\n<meta property=\"og:description\" content=\"Gamme de bain en coton nid d&#039;abeille blanc fabriqu\u00e9es fran\u00e7aise : drap, maxi drap, gants et serviette. Disponible en 3 coloris\" \/>\n<meta property=\"og:url\" content=\"https:\/\/linandelle.com\/fr\/produit\/nid-dabeille-serviette-coton-57fils-week-end\/\" \/>\n<meta property=\"og:site_name\" content=\"Linandelle\" \/>\n<meta property=\"article:publisher\" content=\"https:\/\/www.facebook.com\/Linandelle\" \/>\n<meta property=\"article:modified_time\" content=\"2026-04-22T07:17:25+00:00\" \/>\n<meta property=\"og:image\" content=\"https:\/\/linandelle.com\/wp-content\/uploads\/2023\/12\/serviette-WE-FB-ecru.jpg\" \/>\n\t<meta property=\"og:image:width\" content=\"1200\" \/>\n\t<meta property=\"og:image:height\" content=\"1200\" \/>\n\t<meta property=\"og:image:type\" content=\"image\/jpeg\" \/>\n<meta name=\"twitter:card\" content=\"summary_large_image\" \/>\n<meta name=\"twitter:label1\" content=\"Dur\u00e9e de lecture estim\u00e9e\" \/>\n\t<meta name=\"twitter:data1\" content=\"1 minute\" \/>\n<script type=\"application\/ld+json\" class=\"yoast-schema-graph\">{\"@context\":\"https:\\\/\\\/schema.org\",\"@graph\":[{\"@type\":\"WebPage\",\"@id\":\"https:\\\/\\\/linandelle.com\\\/fr\\\/produit\\\/nid-dabeille-serviette-coton-57fils-week-end\\\/\",\"url\":\"https:\\\/\\\/linandelle.com\\\/fr\\\/produit\\\/nid-dabeille-serviette-coton-57fils-week-end\\\/\",\"name\":\"Lot de deux serviettes coton 57 fils nid d'abeille WEEK END\",\"isPartOf\":{\"@id\":\"https:\\\/\\\/linandelle.com\\\/fr\\\/#website\"},\"primaryImageOfPage\":{\"@id\":\"https:\\\/\\\/linandelle.com\\\/fr\\\/produit\\\/nid-dabeille-serviette-coton-57fils-week-end\\\/#primaryimage\"},\"image\":{\"@id\":\"https:\\\/\\\/linandelle.com\\\/fr\\\/produit\\\/nid-dabeille-serviette-coton-57fils-week-end\\\/#primaryimage\"},\"thumbnailUrl\":\"https:\\\/\\\/linandelle.com\\\/wp-content\\\/uploads\\\/2023\\\/12\\\/serviette-WE-FB-ecru.jpg\",\"datePublished\":\"2023-12-19T13:08:42+00:00\",\"dateModified\":\"2026-04-22T07:17:25+00:00\",\"description\":\"Gamme de bain en coton nid d'abeille blanc fabriqu\u00e9es fran\u00e7aise : drap, maxi drap, gants et serviette. Disponible en 3 coloris\",\"breadcrumb\":{\"@id\":\"https:\\\/\\\/linandelle.com\\\/fr\\\/produit\\\/nid-dabeille-serviette-coton-57fils-week-end\\\/#breadcrumb\"},\"inLanguage\":\"fr-FR\",\"potentialAction\":[{\"@type\":\"ReadAction\",\"target\":[\"https:\\\/\\\/linandelle.com\\\/fr\\\/produit\\\/nid-dabeille-serviette-coton-57fils-week-end\\\/\"]}]},{\"@type\":\"ImageObject\",\"inLanguage\":\"fr-FR\",\"@id\":\"https:\\\/\\\/linandelle.com\\\/fr\\\/produit\\\/nid-dabeille-serviette-coton-57fils-week-end\\\/#primaryimage\",\"url\":\"https:\\\/\\\/linandelle.com\\\/wp-content\\\/uploads\\\/2023\\\/12\\\/serviette-WE-FB-ecru.jpg\",\"contentUrl\":\"https:\\\/\\\/linandelle.com\\\/wp-content\\\/uploads\\\/2023\\\/12\\\/serviette-WE-FB-ecru.jpg\",\"width\":1200,\"height\":1200},{\"@type\":\"BreadcrumbList\",\"@id\":\"https:\\\/\\\/linandelle.com\\\/fr\\\/produit\\\/nid-dabeille-serviette-coton-57fils-week-end\\\/#breadcrumb\",\"itemListElement\":[{\"@type\":\"ListItem\",\"position\":1,\"name\":\"Produits\",\"item\":\"https:\\\/\\\/linandelle.com\\\/fr\\\/shop\\\/\"},{\"@type\":\"ListItem\",\"position\":2,\"name\":\"Lot de deux serviettes coton 57 fils nid d&rsquo;abeille WEEK END\"}]},{\"@type\":\"WebSite\",\"@id\":\"https:\\\/\\\/linandelle.com\\\/fr\\\/#website\",\"url\":\"https:\\\/\\\/linandelle.com\\\/fr\\\/\",\"name\":\"Linandelle\",\"description\":\"Linandelle, plus que du linge, l&#039;essentiel\",\"publisher\":{\"@id\":\"https:\\\/\\\/linandelle.com\\\/fr\\\/#organization\"},\"potentialAction\":[{\"@type\":\"SearchAction\",\"target\":{\"@type\":\"EntryPoint\",\"urlTemplate\":\"https:\\\/\\\/linandelle.com\\\/fr\\\/?s={search_term_string}\"},\"query-input\":{\"@type\":\"PropertyValueSpecification\",\"valueRequired\":true,\"valueName\":\"search_term_string\"}}],\"inLanguage\":\"fr-FR\"},{\"@type\":\"Organization\",\"@id\":\"https:\\\/\\\/linandelle.com\\\/fr\\\/#organization\",\"name\":\"Linandelle\",\"url\":\"https:\\\/\\\/linandelle.com\\\/fr\\\/\",\"logo\":{\"@type\":\"ImageObject\",\"inLanguage\":\"fr-FR\",\"@id\":\"https:\\\/\\\/linandelle.com\\\/fr\\\/#\\\/schema\\\/logo\\\/image\\\/\",\"url\":\"https:\\\/\\\/linandelle.com\\\/wp-content\\\/uploads\\\/2022\\\/03\\\/logo-linandelle.jpg\",\"contentUrl\":\"https:\\\/\\\/linandelle.com\\\/wp-content\\\/uploads\\\/2022\\\/03\\\/logo-linandelle.jpg\",\"width\":739,\"height\":738,\"caption\":\"Linandelle\"},\"image\":{\"@id\":\"https:\\\/\\\/linandelle.com\\\/fr\\\/#\\\/schema\\\/logo\\\/image\\\/\"},\"sameAs\":[\"https:\\\/\\\/www.facebook.com\\\/Linandelle\",\"https:\\\/\\\/www.instagram.com\\\/linandelle\\\/\",\"https:\\\/\\\/www.linkedin.com\\\/company\\\/18483801\\\/admin\\\/dashboard\\\/\",\"https:\\\/\\\/www.pinterest.fr\\\/linandelle\\\/_created\\\/\",\"https:\\\/\\\/www.youtube.com\\\/@linandellecharleval1016\"],\"email\":\"contact@linandelle.com\",\"telephone\":\"0232687800\",\"legalName\":\"SARL DU PONT DES JARDINS\",\"vatID\":\"FR27448856641\",\"taxID\":\"44885664100015\",\"numberOfEmployees\":{\"@type\":\"QuantitativeValue\",\"minValue\":\"1\",\"maxValue\":\"10\"}}]}<\/script>\n<!-- \/ Yoast SEO Premium plugin. -->","yoast_head_json":{"title":"Lot de deux serviettes coton 57 fils nid d'abeille WEEK END","description":"Gamme de bain en coton nid d'abeille blanc fabriqu\u00e9es fran\u00e7aise : drap, maxi drap, gants et serviette. Disponible en 3 coloris","robots":{"index":"index","follow":"follow","max-snippet":"max-snippet:-1","max-image-preview":"max-image-preview:large","max-video-preview":"max-video-preview:-1"},"canonical":"https:\/\/linandelle.com\/fr\/produit\/nid-dabeille-serviette-coton-57fils-week-end\/","og_locale":"fr_FR","og_type":"article","og_title":"Lot de deux serviettes coton 57 fils nid d'abeille WEEK END","og_description":"Gamme de bain en coton nid d'abeille blanc fabriqu\u00e9es fran\u00e7aise : drap, maxi drap, gants et serviette. Disponible en 3 coloris","og_url":"https:\/\/linandelle.com\/fr\/produit\/nid-dabeille-serviette-coton-57fils-week-end\/","og_site_name":"Linandelle","article_publisher":"https:\/\/www.facebook.com\/Linandelle","article_modified_time":"2026-04-22T07:17:25+00:00","og_image":[{"width":1200,"height":1200,"url":"https:\/\/linandelle.com\/wp-content\/uploads\/2023\/12\/serviette-WE-FB-ecru.jpg","type":"image\/jpeg"}],"twitter_card":"summary_large_image","twitter_misc":{"Dur\u00e9e de lecture estim\u00e9e":"1 minute"},"schema":{"@context":"https:\/\/schema.org","@graph":[{"@type":"WebPage","@id":"https:\/\/linandelle.com\/fr\/produit\/nid-dabeille-serviette-coton-57fils-week-end\/","url":"https:\/\/linandelle.com\/fr\/produit\/nid-dabeille-serviette-coton-57fils-week-end\/","name":"Lot de deux serviettes coton 57 fils nid d'abeille WEEK END","isPartOf":{"@id":"https:\/\/linandelle.com\/fr\/#website"},"primaryImageOfPage":{"@id":"https:\/\/linandelle.com\/fr\/produit\/nid-dabeille-serviette-coton-57fils-week-end\/#primaryimage"},"image":{"@id":"https:\/\/linandelle.com\/fr\/produit\/nid-dabeille-serviette-coton-57fils-week-end\/#primaryimage"},"thumbnailUrl":"https:\/\/linandelle.com\/wp-content\/uploads\/2023\/12\/serviette-WE-FB-ecru.jpg","datePublished":"2023-12-19T13:08:42+00:00","dateModified":"2026-04-22T07:17:25+00:00","description":"Gamme de bain en coton nid d'abeille blanc fabriqu\u00e9es fran\u00e7aise : drap, maxi drap, gants et serviette. Disponible en 3 coloris","breadcrumb":{"@id":"https:\/\/linandelle.com\/fr\/produit\/nid-dabeille-serviette-coton-57fils-week-end\/#breadcrumb"},"inLanguage":"fr-FR","potentialAction":[{"@type":"ReadAction","target":["https:\/\/linandelle.com\/fr\/produit\/nid-dabeille-serviette-coton-57fils-week-end\/"]}]},{"@type":"ImageObject","inLanguage":"fr-FR","@id":"https:\/\/linandelle.com\/fr\/produit\/nid-dabeille-serviette-coton-57fils-week-end\/#primaryimage","url":"https:\/\/linandelle.com\/wp-content\/uploads\/2023\/12\/serviette-WE-FB-ecru.jpg","contentUrl":"https:\/\/linandelle.com\/wp-content\/uploads\/2023\/12\/serviette-WE-FB-ecru.jpg","width":1200,"height":1200},{"@type":"BreadcrumbList","@id":"https:\/\/linandelle.com\/fr\/produit\/nid-dabeille-serviette-coton-57fils-week-end\/#breadcrumb","itemListElement":[{"@type":"ListItem","position":1,"name":"Produits","item":"https:\/\/linandelle.com\/fr\/shop\/"},{"@type":"ListItem","position":2,"name":"Lot de deux serviettes coton 57 fils nid d&rsquo;abeille WEEK END"}]},{"@type":"WebSite","@id":"https:\/\/linandelle.com\/fr\/#website","url":"https:\/\/linandelle.com\/fr\/","name":"Linandelle","description":"Linandelle, plus que du linge, l&#039;essentiel","publisher":{"@id":"https:\/\/linandelle.com\/fr\/#organization"},"potentialAction":[{"@type":"SearchAction","target":{"@type":"EntryPoint","urlTemplate":"https:\/\/linandelle.com\/fr\/?s={search_term_string}"},"query-input":{"@type":"PropertyValueSpecification","valueRequired":true,"valueName":"search_term_string"}}],"inLanguage":"fr-FR"},{"@type":"Organization","@id":"https:\/\/linandelle.com\/fr\/#organization","name":"Linandelle","url":"https:\/\/linandelle.com\/fr\/","logo":{"@type":"ImageObject","inLanguage":"fr-FR","@id":"https:\/\/linandelle.com\/fr\/#\/schema\/logo\/image\/","url":"https:\/\/linandelle.com\/wp-content\/uploads\/2022\/03\/logo-linandelle.jpg","contentUrl":"https:\/\/linandelle.com\/wp-content\/uploads\/2022\/03\/logo-linandelle.jpg","width":739,"height":738,"caption":"Linandelle"},"image":{"@id":"https:\/\/linandelle.com\/fr\/#\/schema\/logo\/image\/"},"sameAs":["https:\/\/www.facebook.com\/Linandelle","https:\/\/www.instagram.com\/linandelle\/","https:\/\/www.linkedin.com\/company\/18483801\/admin\/dashboard\/","https:\/\/www.pinterest.fr\/linandelle\/_created\/","https:\/\/www.youtube.com\/@linandellecharleval1016"],"email":"contact@linandelle.com","telephone":"0232687800","legalName":"SARL DU PONT DES JARDINS","vatID":"FR27448856641","taxID":"44885664100015","numberOfEmployees":{"@type":"QuantitativeValue","minValue":"1","maxValue":"10"}}]}},"_links":{"self":[{"href":"https:\/\/linandelle.com\/fr\/wp-json\/wp\/v2\/product\/73359","targetHints":{"allow":["GET"]}}],"collection":[{"href":"https:\/\/linandelle.com\/fr\/wp-json\/wp\/v2\/product"}],"about":[{"href":"https:\/\/linandelle.com\/fr\/wp-json\/wp\/v2\/types\/product"}],"wp:featuredmedia":[{"embeddable":true,"href":"https:\/\/linandelle.com\/fr\/wp-json\/wp\/v2\/media\/88332"}],"wp:attachment":[{"href":"https:\/\/linandelle.com\/fr\/wp-json\/wp\/v2\/media?parent=73359"}],"wp:term":[{"taxonomy":"product_brand","embeddable":true,"href":"https:\/\/linandelle.com\/fr\/wp-json\/wp\/v2\/product_brand?post=73359"},{"taxonomy":"product_cat","embeddable":true,"href":"https:\/\/linandelle.com\/fr\/wp-json\/wp\/v2\/product_cat?post=73359"},{"taxonomy":"product_tag","embeddable":true,"href":"https:\/\/linandelle.com\/fr\/wp-json\/wp\/v2\/product_tag?post=73359"},{"taxonomy":"woo-feed-brand","embeddable":true,"href":"https:\/\/linandelle.com\/fr\/wp-json\/wp\/v2\/woo-feed-brand?post=73359"}],"curies":[{"name":"wp","href":"https:\/\/api.w.org\/{rel}","templated":true}]}}