{"id":73598,"date":"2023-12-20T16:17:04","date_gmt":"2023-12-20T15:17:04","guid":{"rendered":"https:\/\/linandelle.com\/fr\/?post_type=product&#038;p=73598"},"modified":"2026-04-16T03:30:12","modified_gmt":"2026-04-16T01:30:12","slug":"lot-de-2-gants-de-toilette-coton-eponge-essentielle","status":"publish","type":"product","link":"https:\/\/linandelle.com\/fr\/produit\/lot-de-2-gants-de-toilette-coton-eponge-essentielle\/","title":{"rendered":"Lot de 2 gants de toilette coton eponge ESSENTIELLE"},"content":{"rendered":"<p>L&rsquo;accessoire de toilette dont on dit souvent ne plus se servir, mais qui a pourtant tune place de choix dans votre salle de bain! Partant de ce constat, nous ne proposons qu&rsquo;un article de qualit\u00e9, \u00e0 la fois r\u00e9sistant, tr\u00e8s doux, pour les petits comme pour les grands.<\/p>\n<p><strong>Caract\u00e9ristique des lots de 3 gants de toilette coton bouclette \u00e9ponge ESSENTIELLE :<\/strong><\/p>\n<ul>\n<li>Mati\u00e8re en 100% coton peign\u00e9<\/li>\n<li>Taille standard 15x21cm<\/li>\n<li>Choix parmi 9 coloris tendances et lumineux<\/li>\n<li>Une accroche tr\u00e8s pratique pour les suspendre<\/li>\n<li>Densit\u00e9 du tissu \u00e9ponge : 600gr\/m2<\/li>\n<li>Marque Linandelle<\/li>\n<li>Norme Oeko Tex<\/li>\n<li>Fabriqu\u00e9 en UE<\/li>\n<\/ul>\n<p>\u2022\u00a0 Ce produit lab\u00e9llis\u00e9 STANDARD 100 by\u00a0OEKO-TEX\u00ae &#8211; certificat n\u00b0 CQ 1102\/4 IFTH suit un processus de fabrication certifi\u00e9 et contr\u00f4l\u00e9, respectueux de votre peau.<\/p>\n<p>\u2022\u00a0 Le STANDARD 100 by\u00a0OEKO-TEX\u00ae est le premier label qui r\u00e9pond aux besoins des consommateurs en mati\u00e8re d\u2019\u00e9cologie humaine. Il garantit l\u2019absence, dans les articles certifi\u00e9s de substances nocives ou pouvant pr\u00e9senter un risque pour la sant\u00e9\u00bb<\/p>\n<p>En savoir plus\u00a0:<\/p>\n<p>&#8211; Coton peign\u00e9 doux<\/p>\n<p>&#8211; Densit\u00e9 600gr\/m2<\/p>\n<p>&#8211; Finition avec accroche<\/p>\n<p>&#8211; Lot de 2 \u00e0 la couleur<\/p>\n<p>&#8211; Grand choix de couleurs.<\/p>\n","protected":false},"excerpt":{"rendered":"<p>L&rsquo;accessoire de toilette dont on dit souvent ne plus se servir, mais qui a pourtant tune place de choix dans votre salle de bain! Partant de ce constat, nous ne proposons qu&rsquo;un article de qualit\u00e9, \u00e0 la fois r\u00e9sistant, tr\u00e8s doux, pour les petits comme pour les grands. Caract\u00e9ristique des lots de 3 gants de [&hellip;]<\/p>\n","protected":false},"featured_media":73584,"template":"","meta":{"_et_pb_use_builder":"","_et_pb_old_content":"","_et_gb_content_width":""},"product_brand":[710],"product_cat":[373,713,636,708],"product_tag":[],"woo-feed-brand":[],"class_list":{"0":"post-73598","1":"product","2":"type-product","3":"status-publish","4":"has-post-thumbnail","6":"product_brand-linandelle","7":"product_cat-gant-de-toilette","8":"product_cat-selection-hiver","9":"product_cat-noel","10":"product_cat-selection-rentree","11":"tm-has-options","13":"first","14":"instock","15":"taxable","16":"shipping-taxable","17":"purchasable","18":"product-type-variable"},"yoast_head":"<!-- This site is optimized with the Yoast SEO Premium plugin v27.4 (Yoast SEO v27.4) - https:\/\/yoast.com\/product\/yoast-seo-premium-wordpress\/ -->\n<title>Lot de 2 gants de toilette coton \u00e9ponge ESSENTIELLE<\/title>\n<meta name=\"description\" content=\"La gamme Essentiel 600gr\/m2 synonyme de douceur et de qualit\u00e9, parfaite pour le plaisir des grands comme des petits.\" \/>\n<meta name=\"robots\" content=\"index, follow, max-snippet:-1, max-image-preview:large, max-video-preview:-1\" \/>\n<link rel=\"canonical\" href=\"https:\/\/linandelle.com\/fr\/produit\/lot-de-2-gants-de-toilette-coton-eponge-essentielle\/\" \/>\n<meta property=\"og:locale\" content=\"fr_FR\" \/>\n<meta property=\"og:type\" content=\"article\" \/>\n<meta property=\"og:title\" content=\"Lot de 2 gants de toilette coton \u00e9ponge ESSENTIELLE\" \/>\n<meta property=\"og:description\" content=\"La gamme Essentiel 600gr\/m2 synonyme de douceur et de qualit\u00e9, parfaite pour le plaisir des grands comme des petits.\" \/>\n<meta property=\"og:url\" content=\"https:\/\/linandelle.com\/fr\/produit\/lot-de-2-gants-de-toilette-coton-eponge-essentielle\/\" \/>\n<meta property=\"og:site_name\" content=\"Linandelle\" \/>\n<meta property=\"article:publisher\" content=\"https:\/\/www.facebook.com\/Linandelle\" \/>\n<meta property=\"article:modified_time\" content=\"2026-04-16T01:30:12+00:00\" \/>\n<meta property=\"og:image\" content=\"https:\/\/linandelle.com\/wp-content\/uploads\/2023\/12\/lot-2-gants-beige.jpg\" \/>\n\t<meta property=\"og:image:width\" content=\"1600\" \/>\n\t<meta property=\"og:image:height\" content=\"1600\" \/>\n\t<meta property=\"og:image:type\" content=\"image\/jpeg\" \/>\n<meta name=\"twitter:card\" content=\"summary_large_image\" \/>\n<meta name=\"twitter:label1\" content=\"Dur\u00e9e de lecture estim\u00e9e\" \/>\n\t<meta name=\"twitter:data1\" content=\"2 minutes\" \/>\n<script type=\"application\/ld+json\" class=\"yoast-schema-graph\">{\"@context\":\"https:\\\/\\\/schema.org\",\"@graph\":[{\"@type\":\"WebPage\",\"@id\":\"https:\\\/\\\/linandelle.com\\\/fr\\\/produit\\\/lot-de-2-gants-de-toilette-coton-eponge-essentielle\\\/\",\"url\":\"https:\\\/\\\/linandelle.com\\\/fr\\\/produit\\\/lot-de-2-gants-de-toilette-coton-eponge-essentielle\\\/\",\"name\":\"Lot de 2 gants de toilette coton \u00e9ponge ESSENTIELLE\",\"isPartOf\":{\"@id\":\"https:\\\/\\\/linandelle.com\\\/fr\\\/#website\"},\"primaryImageOfPage\":{\"@id\":\"https:\\\/\\\/linandelle.com\\\/fr\\\/produit\\\/lot-de-2-gants-de-toilette-coton-eponge-essentielle\\\/#primaryimage\"},\"image\":{\"@id\":\"https:\\\/\\\/linandelle.com\\\/fr\\\/produit\\\/lot-de-2-gants-de-toilette-coton-eponge-essentielle\\\/#primaryimage\"},\"thumbnailUrl\":\"https:\\\/\\\/linandelle.com\\\/wp-content\\\/uploads\\\/2023\\\/12\\\/lot-2-gants-beige.jpg\",\"datePublished\":\"2023-12-20T15:17:04+00:00\",\"dateModified\":\"2026-04-16T01:30:12+00:00\",\"description\":\"La gamme Essentiel 600gr\\\/m2 synonyme de douceur et de qualit\u00e9, parfaite pour le plaisir des grands comme des petits.\",\"breadcrumb\":{\"@id\":\"https:\\\/\\\/linandelle.com\\\/fr\\\/produit\\\/lot-de-2-gants-de-toilette-coton-eponge-essentielle\\\/#breadcrumb\"},\"inLanguage\":\"fr-FR\",\"potentialAction\":[{\"@type\":\"ReadAction\",\"target\":[\"https:\\\/\\\/linandelle.com\\\/fr\\\/produit\\\/lot-de-2-gants-de-toilette-coton-eponge-essentielle\\\/\"]}]},{\"@type\":\"ImageObject\",\"inLanguage\":\"fr-FR\",\"@id\":\"https:\\\/\\\/linandelle.com\\\/fr\\\/produit\\\/lot-de-2-gants-de-toilette-coton-eponge-essentielle\\\/#primaryimage\",\"url\":\"https:\\\/\\\/linandelle.com\\\/wp-content\\\/uploads\\\/2023\\\/12\\\/lot-2-gants-beige.jpg\",\"contentUrl\":\"https:\\\/\\\/linandelle.com\\\/wp-content\\\/uploads\\\/2023\\\/12\\\/lot-2-gants-beige.jpg\",\"width\":1600,\"height\":1600},{\"@type\":\"BreadcrumbList\",\"@id\":\"https:\\\/\\\/linandelle.com\\\/fr\\\/produit\\\/lot-de-2-gants-de-toilette-coton-eponge-essentielle\\\/#breadcrumb\",\"itemListElement\":[{\"@type\":\"ListItem\",\"position\":1,\"name\":\"Produits\",\"item\":\"https:\\\/\\\/linandelle.com\\\/fr\\\/shop\\\/\"},{\"@type\":\"ListItem\",\"position\":2,\"name\":\"Lot de 2 gants de toilette coton eponge ESSENTIELLE\"}]},{\"@type\":\"WebSite\",\"@id\":\"https:\\\/\\\/linandelle.com\\\/fr\\\/#website\",\"url\":\"https:\\\/\\\/linandelle.com\\\/fr\\\/\",\"name\":\"Linandelle\",\"description\":\"Linandelle, plus que du linge, l&#039;essentiel\",\"publisher\":{\"@id\":\"https:\\\/\\\/linandelle.com\\\/fr\\\/#organization\"},\"potentialAction\":[{\"@type\":\"SearchAction\",\"target\":{\"@type\":\"EntryPoint\",\"urlTemplate\":\"https:\\\/\\\/linandelle.com\\\/fr\\\/?s={search_term_string}\"},\"query-input\":{\"@type\":\"PropertyValueSpecification\",\"valueRequired\":true,\"valueName\":\"search_term_string\"}}],\"inLanguage\":\"fr-FR\"},{\"@type\":\"Organization\",\"@id\":\"https:\\\/\\\/linandelle.com\\\/fr\\\/#organization\",\"name\":\"Linandelle\",\"url\":\"https:\\\/\\\/linandelle.com\\\/fr\\\/\",\"logo\":{\"@type\":\"ImageObject\",\"inLanguage\":\"fr-FR\",\"@id\":\"https:\\\/\\\/linandelle.com\\\/fr\\\/#\\\/schema\\\/logo\\\/image\\\/\",\"url\":\"https:\\\/\\\/linandelle.com\\\/wp-content\\\/uploads\\\/2022\\\/03\\\/logo-linandelle.jpg\",\"contentUrl\":\"https:\\\/\\\/linandelle.com\\\/wp-content\\\/uploads\\\/2022\\\/03\\\/logo-linandelle.jpg\",\"width\":739,\"height\":738,\"caption\":\"Linandelle\"},\"image\":{\"@id\":\"https:\\\/\\\/linandelle.com\\\/fr\\\/#\\\/schema\\\/logo\\\/image\\\/\"},\"sameAs\":[\"https:\\\/\\\/www.facebook.com\\\/Linandelle\",\"https:\\\/\\\/www.instagram.com\\\/linandelle\\\/\",\"https:\\\/\\\/www.linkedin.com\\\/company\\\/18483801\\\/admin\\\/dashboard\\\/\",\"https:\\\/\\\/www.pinterest.fr\\\/linandelle\\\/_created\\\/\",\"https:\\\/\\\/www.youtube.com\\\/@linandellecharleval1016\"],\"email\":\"contact@linandelle.com\",\"telephone\":\"0232687800\",\"legalName\":\"SARL DU PONT DES JARDINS\",\"vatID\":\"FR27448856641\",\"taxID\":\"44885664100015\",\"numberOfEmployees\":{\"@type\":\"QuantitativeValue\",\"minValue\":\"1\",\"maxValue\":\"10\"}}]}<\/script>\n<!-- \/ Yoast SEO Premium plugin. -->","yoast_head_json":{"title":"Lot de 2 gants de toilette coton \u00e9ponge ESSENTIELLE","description":"La gamme Essentiel 600gr\/m2 synonyme de douceur et de qualit\u00e9, parfaite pour le plaisir des grands comme des petits.","robots":{"index":"index","follow":"follow","max-snippet":"max-snippet:-1","max-image-preview":"max-image-preview:large","max-video-preview":"max-video-preview:-1"},"canonical":"https:\/\/linandelle.com\/fr\/produit\/lot-de-2-gants-de-toilette-coton-eponge-essentielle\/","og_locale":"fr_FR","og_type":"article","og_title":"Lot de 2 gants de toilette coton \u00e9ponge ESSENTIELLE","og_description":"La gamme Essentiel 600gr\/m2 synonyme de douceur et de qualit\u00e9, parfaite pour le plaisir des grands comme des petits.","og_url":"https:\/\/linandelle.com\/fr\/produit\/lot-de-2-gants-de-toilette-coton-eponge-essentielle\/","og_site_name":"Linandelle","article_publisher":"https:\/\/www.facebook.com\/Linandelle","article_modified_time":"2026-04-16T01:30:12+00:00","og_image":[{"width":1600,"height":1600,"url":"https:\/\/linandelle.com\/wp-content\/uploads\/2023\/12\/lot-2-gants-beige.jpg","type":"image\/jpeg"}],"twitter_card":"summary_large_image","twitter_misc":{"Dur\u00e9e de lecture estim\u00e9e":"2 minutes"},"schema":{"@context":"https:\/\/schema.org","@graph":[{"@type":"WebPage","@id":"https:\/\/linandelle.com\/fr\/produit\/lot-de-2-gants-de-toilette-coton-eponge-essentielle\/","url":"https:\/\/linandelle.com\/fr\/produit\/lot-de-2-gants-de-toilette-coton-eponge-essentielle\/","name":"Lot de 2 gants de toilette coton \u00e9ponge ESSENTIELLE","isPartOf":{"@id":"https:\/\/linandelle.com\/fr\/#website"},"primaryImageOfPage":{"@id":"https:\/\/linandelle.com\/fr\/produit\/lot-de-2-gants-de-toilette-coton-eponge-essentielle\/#primaryimage"},"image":{"@id":"https:\/\/linandelle.com\/fr\/produit\/lot-de-2-gants-de-toilette-coton-eponge-essentielle\/#primaryimage"},"thumbnailUrl":"https:\/\/linandelle.com\/wp-content\/uploads\/2023\/12\/lot-2-gants-beige.jpg","datePublished":"2023-12-20T15:17:04+00:00","dateModified":"2026-04-16T01:30:12+00:00","description":"La gamme Essentiel 600gr\/m2 synonyme de douceur et de qualit\u00e9, parfaite pour le plaisir des grands comme des petits.","breadcrumb":{"@id":"https:\/\/linandelle.com\/fr\/produit\/lot-de-2-gants-de-toilette-coton-eponge-essentielle\/#breadcrumb"},"inLanguage":"fr-FR","potentialAction":[{"@type":"ReadAction","target":["https:\/\/linandelle.com\/fr\/produit\/lot-de-2-gants-de-toilette-coton-eponge-essentielle\/"]}]},{"@type":"ImageObject","inLanguage":"fr-FR","@id":"https:\/\/linandelle.com\/fr\/produit\/lot-de-2-gants-de-toilette-coton-eponge-essentielle\/#primaryimage","url":"https:\/\/linandelle.com\/wp-content\/uploads\/2023\/12\/lot-2-gants-beige.jpg","contentUrl":"https:\/\/linandelle.com\/wp-content\/uploads\/2023\/12\/lot-2-gants-beige.jpg","width":1600,"height":1600},{"@type":"BreadcrumbList","@id":"https:\/\/linandelle.com\/fr\/produit\/lot-de-2-gants-de-toilette-coton-eponge-essentielle\/#breadcrumb","itemListElement":[{"@type":"ListItem","position":1,"name":"Produits","item":"https:\/\/linandelle.com\/fr\/shop\/"},{"@type":"ListItem","position":2,"name":"Lot de 2 gants de toilette coton eponge ESSENTIELLE"}]},{"@type":"WebSite","@id":"https:\/\/linandelle.com\/fr\/#website","url":"https:\/\/linandelle.com\/fr\/","name":"Linandelle","description":"Linandelle, plus que du linge, l&#039;essentiel","publisher":{"@id":"https:\/\/linandelle.com\/fr\/#organization"},"potentialAction":[{"@type":"SearchAction","target":{"@type":"EntryPoint","urlTemplate":"https:\/\/linandelle.com\/fr\/?s={search_term_string}"},"query-input":{"@type":"PropertyValueSpecification","valueRequired":true,"valueName":"search_term_string"}}],"inLanguage":"fr-FR"},{"@type":"Organization","@id":"https:\/\/linandelle.com\/fr\/#organization","name":"Linandelle","url":"https:\/\/linandelle.com\/fr\/","logo":{"@type":"ImageObject","inLanguage":"fr-FR","@id":"https:\/\/linandelle.com\/fr\/#\/schema\/logo\/image\/","url":"https:\/\/linandelle.com\/wp-content\/uploads\/2022\/03\/logo-linandelle.jpg","contentUrl":"https:\/\/linandelle.com\/wp-content\/uploads\/2022\/03\/logo-linandelle.jpg","width":739,"height":738,"caption":"Linandelle"},"image":{"@id":"https:\/\/linandelle.com\/fr\/#\/schema\/logo\/image\/"},"sameAs":["https:\/\/www.facebook.com\/Linandelle","https:\/\/www.instagram.com\/linandelle\/","https:\/\/www.linkedin.com\/company\/18483801\/admin\/dashboard\/","https:\/\/www.pinterest.fr\/linandelle\/_created\/","https:\/\/www.youtube.com\/@linandellecharleval1016"],"email":"contact@linandelle.com","telephone":"0232687800","legalName":"SARL DU PONT DES JARDINS","vatID":"FR27448856641","taxID":"44885664100015","numberOfEmployees":{"@type":"QuantitativeValue","minValue":"1","maxValue":"10"}}]}},"_links":{"self":[{"href":"https:\/\/linandelle.com\/fr\/wp-json\/wp\/v2\/product\/73598","targetHints":{"allow":["GET"]}}],"collection":[{"href":"https:\/\/linandelle.com\/fr\/wp-json\/wp\/v2\/product"}],"about":[{"href":"https:\/\/linandelle.com\/fr\/wp-json\/wp\/v2\/types\/product"}],"wp:featuredmedia":[{"embeddable":true,"href":"https:\/\/linandelle.com\/fr\/wp-json\/wp\/v2\/media\/73584"}],"wp:attachment":[{"href":"https:\/\/linandelle.com\/fr\/wp-json\/wp\/v2\/media?parent=73598"}],"wp:term":[{"taxonomy":"product_brand","embeddable":true,"href":"https:\/\/linandelle.com\/fr\/wp-json\/wp\/v2\/product_brand?post=73598"},{"taxonomy":"product_cat","embeddable":true,"href":"https:\/\/linandelle.com\/fr\/wp-json\/wp\/v2\/product_cat?post=73598"},{"taxonomy":"product_tag","embeddable":true,"href":"https:\/\/linandelle.com\/fr\/wp-json\/wp\/v2\/product_tag?post=73598"},{"taxonomy":"woo-feed-brand","embeddable":true,"href":"https:\/\/linandelle.com\/fr\/wp-json\/wp\/v2\/woo-feed-brand?post=73598"}],"curies":[{"name":"wp","href":"https:\/\/api.w.org\/{rel}","templated":true}]}}