{"id":74571,"date":"2024-03-20T11:54:03","date_gmt":"2024-03-20T10:54:03","guid":{"rendered":"https:\/\/linandelle.com\/fr\/?post_type=product&#038;p=74571"},"modified":"2026-04-22T09:15:40","modified_gmt":"2026-04-22T07:15:40","slug":"lot-de-6-mouchoirs-en-tissus-coton-jumel-victoeia","status":"publish","type":"product","link":"https:\/\/linandelle.com\/fr\/produit\/lot-de-6-mouchoirs-en-tissus-coton-jumel-victoeia\/","title":{"rendered":"Lot de 6 mouchoirs en tissus coton jumel VICTORIA"},"content":{"rendered":"<div class=\"et_pb_all_tabs\">\n<div class=\"et_pb_tab clearfix et_pb_active_content et-pb-active-slide\">\n<div>\n<h2 style=\"text-align: center;\" data-start=\"245\" data-end=\"315\"><strong data-start=\"245\" data-end=\"315\">Mouchoirs en tissu femme VICTORIA \u2013 Lot de 6 mouchoirs 100 % coton<\/strong><\/h2>\n<p data-start=\"317\" data-end=\"630\">D\u00e9couvrez le lot de <strong data-start=\"337\" data-end=\"381\">6 mouchoirs en tissu pour femme VICTORIA<\/strong>, confectionn\u00e9s en 100 % coton Jumel, un coton de grande qualit\u00e9 reconnu pour sa finesse et sa r\u00e9sistance. Doux, \u00e9l\u00e9gants et durables, ces <strong data-start=\"524\" data-end=\"555\">mouchoirs en coton lavables<\/strong> constituent une alternative \u00e9cologique et pratique aux mouchoirs jetables.<\/p>\n<p data-start=\"632\" data-end=\"891\"><em>Le <strong data-start=\"635\" data-end=\"650\">coton Jumel<\/strong> est un coton \u00e0 longues fibres, fin et solide, traditionnellement utilis\u00e9 pour la fabrication de <strong data-start=\"747\" data-end=\"780\">mouchoirs en tissu de qualit\u00e9<\/strong>. Pr\u00e9sent sur le march\u00e9 mondial depuis 1821, il est appr\u00e9ci\u00e9 pour son toucher agr\u00e9able et sa grande durabilit\u00e9.<\/em><\/p>\n<p data-start=\"893\" data-end=\"1045\"><strong>\u00c0 la fois tendance et respectueux de l\u2019environnement, le mouchoir en tissu VICTORIA est \u00e9galement une belle id\u00e9e de cadeau utile et \u00e9l\u00e9gant. Vous pouvez personnaliser les mouchoirs avec une broderie (un pr\u00e9nom, un surnom..)\u00a0<\/strong><\/p>\n<p data-start=\"1047\" data-end=\"1085\">Ce lot de mouchoirs femme comprend :<\/p>\n<ul data-start=\"1086\" data-end=\"1153\">\n<li data-section-id=\"hc5mt5\" data-start=\"1086\" data-end=\"1107\">\n<p data-start=\"1088\" data-end=\"1107\">2 mouchoirs roses<\/p>\n<\/li>\n<li data-section-id=\"y4fxxo\" data-start=\"1108\" data-end=\"1129\">\n<p data-start=\"1110\" data-end=\"1129\">2 mouchoirs bleus<\/p>\n<\/li>\n<li data-section-id=\"v85tgf\" data-start=\"1130\" data-end=\"1153\">\n<p data-start=\"1132\" data-end=\"1153\">2 mouchoirs violets<\/p>\n<\/li>\n<\/ul>\n<h3 data-section-id=\"j295zf\" data-start=\"1155\" data-end=\"1198\">Mouchoirs personnalisables par broderie<\/h3>\n<p data-start=\"1199\" data-end=\"1497\">Une <strong data-start=\"1203\" data-end=\"1246\">option de personnalisation par broderie<\/strong> est disponible sur ce produit.<br data-start=\"1277\" data-end=\"1280\" \/>Vous pouvez personnaliser vos mouchoirs en tissu avec <strong data-start=\"1334\" data-end=\"1378\">des initiales, un pr\u00e9nom ou un petit mot<\/strong>. Choisissez la <strong data-start=\"1394\" data-end=\"1420\">couleur de la broderie<\/strong> ainsi que le <strong data-start=\"1434\" data-end=\"1453\">style de police<\/strong> pour cr\u00e9er un mouchoir unique et personnel.<\/p>\n<h3 data-section-id=\"1ysewqs\" data-start=\"1499\" data-end=\"1542\">Caract\u00e9ristiques des mouchoirs en tissu<\/h3>\n<ul data-start=\"1543\" data-end=\"1728\">\n<li data-section-id=\"1nuzcud\" data-start=\"1543\" data-end=\"1558\">\n<p data-start=\"1545\" data-end=\"1558\">100 % coton<\/p>\n<\/li>\n<li data-section-id=\"418ia4\" data-start=\"1559\" data-end=\"1571\">\n<p data-start=\"1561\" data-end=\"1571\">120 g\/m\u00b2<\/p>\n<\/li>\n<li data-section-id=\"1coqgxe\" data-start=\"1572\" data-end=\"1595\">\n<p data-start=\"1574\" data-end=\"1595\">Taille : 35 \u00d7 35 cm<\/p>\n<\/li>\n<li data-section-id=\"fzzhoc\" data-start=\"1596\" data-end=\"1635\">\n<p data-start=\"1598\" data-end=\"1635\">Mouchoirs lavables et r\u00e9utilisables<\/p>\n<\/li>\n<li data-section-id=\"19e269u\" data-start=\"1636\" data-end=\"1673\">\n<p data-start=\"1638\" data-end=\"1673\">Fabriqu\u00e9s dans l\u2019Union europ\u00e9enne<\/p>\n<\/li>\n<li data-section-id=\"xhwppl\" data-start=\"1674\" data-end=\"1703\">\n<p data-start=\"1676\" data-end=\"1703\">Lavage en machine \u00e0 40 \u00b0C<\/p>\n<\/li>\n<li data-section-id=\"ii5vzu\" data-start=\"1704\" data-end=\"1728\">\n<p data-start=\"1706\" data-end=\"1728\">Certification Oeko-Te<\/p>\n<\/li>\n<\/ul>\n<\/div>\n<div class=\"et_pb_tab_content\">\u2022 Ce produit lab\u00e9llis\u00e9 STANDARD 100 by OEKO-TEX\u00ae &#8211; certificat n\u00b0 CQ 1102\/4 IFTH suit un processus de fabrication certifi\u00e9 et contr\u00f4l\u00e9, respectueux de votre peau.<br \/>\n\u2022 Le STANDARD 100 by OEKO-TEX\u00ae est le premier label qui r\u00e9pond aux besoins des consommateurs en mati\u00e8re d\u2019\u00e9cologie humaine. Il garantit l\u2019absence, dans les articles certifi\u00e9s de substances nocives ou pouvant pr\u00e9senter un risque pour la sant\u00e9.<\/div>\n<div class=\"et_pb_tab_content\">Dans la m\u00eame gamme, d\u00e9couvrez aussi le mouchoir <a href=\"https:\/\/linandelle.com\/fr\/produit\/lot-de-6-mouchoirs-romain-a-broder\/\">ROMAIN<\/a> et <a href=\"https:\/\/linandelle.com\/fr\/produit\/lot-de-6-mouchoirs-blancs-a-broder\/\">POCHETTE.<\/a><\/div>\n<\/div>\n<\/div>\n","protected":false},"excerpt":{"rendered":"<div class=\"et_pb_module et_pb_wc_description et_pb_wc_description_0_tb_body et_pb_bg_layout_light et_pb_text_align_left\">\n<div class=\"et_pb_module_inner\">\n<div class=\"et_pb_module et_pb_wc_description et_pb_wc_description_0_tb_body et_pb_bg_layout_light et_pb_text_align_left\">\n<div class=\"et_pb_module_inner\">\n<p>Optez pour le lot de 6 mouchoirs coton Victoria, option personnalisation par broderie disponible, pour faire ou se faire plaisir !<\/p>\n<\/div>\n<\/div>\n<div class=\"et_pb_module et_pb_wc_price et_pb_wc_price_0_tb_body prix-produit et_pb_text_align_left\">\n<div class=\"et_pb_module_inner\"><\/div>\n<\/div>\n<\/div>\n<\/div>\n<div class=\"et_pb_module et_pb_wc_price et_pb_wc_price_0_tb_body prix-produit et_pb_text_align_left\">\n<div class=\"et_pb_module_inner\"><\/div>\n<\/div>\n","protected":false},"featured_media":74573,"template":"","meta":{"_et_pb_use_builder":"","_et_pb_old_content":"","_et_gb_content_width":""},"product_brand":[710],"product_cat":[325,841,636,27],"product_tag":[],"woo-feed-brand":[],"class_list":{"0":"post-74571","1":"product","2":"type-product","3":"status-publish","4":"has-post-thumbnail","6":"product_brand-linandelle","7":"product_cat-mouchoirs-a-broder","8":"product_cat-mouchoirs-tissus","9":"product_cat-noel","10":"product_cat-table","11":"tm-has-options","13":"first","14":"instock","15":"sale","16":"featured","17":"taxable","18":"shipping-taxable","19":"purchasable","20":"product-type-simple"},"yoast_head":"<!-- This site is optimized with the Yoast SEO Premium plugin v27.5 (Yoast SEO v27.5) - https:\/\/yoast.com\/product\/yoast-seo-premium-wordpress\/ -->\n<title>Lot de 6 mouchoirs femme en tissu 100% coton jumel VICTORIA<\/title>\n<meta name=\"description\" content=\"Lot de 6 mouchoirs femme VICTORIA, 100% coton, 30x30cm, plus \u00e9cologique, c\u2019est aussi une superbe id\u00e9e cadeau que vous pouvez personnaliser par une broderie.\" \/>\n<meta name=\"robots\" content=\"index, follow, max-snippet:-1, max-image-preview:large, max-video-preview:-1\" \/>\n<link rel=\"canonical\" href=\"https:\/\/linandelle.com\/fr\/produit\/lot-de-6-mouchoirs-en-tissus-coton-jumel-victoeia\/\" \/>\n<meta property=\"og:locale\" content=\"fr_FR\" \/>\n<meta property=\"og:type\" content=\"article\" \/>\n<meta property=\"og:title\" content=\"Lot de 6 mouchoirs femme en tissu 100% coton jumel VICTORIA\" \/>\n<meta property=\"og:description\" content=\"Lot de 6 mouchoirs femme VICTORIA, 100% coton, 30x30cm, plus \u00e9cologique, c\u2019est aussi une superbe id\u00e9e cadeau que vous pouvez personnaliser par une broderie.\" \/>\n<meta property=\"og:url\" content=\"https:\/\/linandelle.com\/fr\/produit\/lot-de-6-mouchoirs-en-tissus-coton-jumel-victoeia\/\" \/>\n<meta property=\"og:site_name\" content=\"Linandelle\" \/>\n<meta property=\"article:publisher\" content=\"https:\/\/www.facebook.com\/Linandelle\" \/>\n<meta property=\"article:modified_time\" content=\"2026-04-22T07:15:40+00:00\" \/>\n<meta property=\"og:image\" content=\"https:\/\/linandelle.com\/wp-content\/uploads\/2024\/03\/ambiance-moichoir-victoria.jpg\" \/>\n\t<meta property=\"og:image:width\" content=\"1600\" \/>\n\t<meta property=\"og:image:height\" content=\"1600\" \/>\n\t<meta property=\"og:image:type\" content=\"image\/jpeg\" \/>\n<meta name=\"twitter:card\" content=\"summary_large_image\" \/>\n<meta name=\"twitter:label1\" content=\"Dur\u00e9e de lecture estim\u00e9e\" \/>\n\t<meta name=\"twitter:data1\" content=\"2 minutes\" \/>\n<script type=\"application\/ld+json\" class=\"yoast-schema-graph\">{\"@context\":\"https:\\\/\\\/schema.org\",\"@graph\":[{\"@type\":\"WebPage\",\"@id\":\"https:\\\/\\\/linandelle.com\\\/fr\\\/produit\\\/lot-de-6-mouchoirs-en-tissus-coton-jumel-victoeia\\\/\",\"url\":\"https:\\\/\\\/linandelle.com\\\/fr\\\/produit\\\/lot-de-6-mouchoirs-en-tissus-coton-jumel-victoeia\\\/\",\"name\":\"Lot de 6 mouchoirs femme en tissu 100% coton jumel VICTORIA\",\"isPartOf\":{\"@id\":\"https:\\\/\\\/linandelle.com\\\/fr\\\/#website\"},\"primaryImageOfPage\":{\"@id\":\"https:\\\/\\\/linandelle.com\\\/fr\\\/produit\\\/lot-de-6-mouchoirs-en-tissus-coton-jumel-victoeia\\\/#primaryimage\"},\"image\":{\"@id\":\"https:\\\/\\\/linandelle.com\\\/fr\\\/produit\\\/lot-de-6-mouchoirs-en-tissus-coton-jumel-victoeia\\\/#primaryimage\"},\"thumbnailUrl\":\"https:\\\/\\\/linandelle.com\\\/wp-content\\\/uploads\\\/2024\\\/03\\\/ambiance-moichoir-victoria.jpg\",\"datePublished\":\"2024-03-20T10:54:03+00:00\",\"dateModified\":\"2026-04-22T07:15:40+00:00\",\"description\":\"Lot de 6 mouchoirs femme VICTORIA, 100% coton, 30x30cm, plus \u00e9cologique, c\u2019est aussi une superbe id\u00e9e cadeau que vous pouvez personnaliser par une broderie.\",\"breadcrumb\":{\"@id\":\"https:\\\/\\\/linandelle.com\\\/fr\\\/produit\\\/lot-de-6-mouchoirs-en-tissus-coton-jumel-victoeia\\\/#breadcrumb\"},\"inLanguage\":\"fr-FR\",\"potentialAction\":[{\"@type\":\"ReadAction\",\"target\":[\"https:\\\/\\\/linandelle.com\\\/fr\\\/produit\\\/lot-de-6-mouchoirs-en-tissus-coton-jumel-victoeia\\\/\"]}]},{\"@type\":\"ImageObject\",\"inLanguage\":\"fr-FR\",\"@id\":\"https:\\\/\\\/linandelle.com\\\/fr\\\/produit\\\/lot-de-6-mouchoirs-en-tissus-coton-jumel-victoeia\\\/#primaryimage\",\"url\":\"https:\\\/\\\/linandelle.com\\\/wp-content\\\/uploads\\\/2024\\\/03\\\/ambiance-moichoir-victoria.jpg\",\"contentUrl\":\"https:\\\/\\\/linandelle.com\\\/wp-content\\\/uploads\\\/2024\\\/03\\\/ambiance-moichoir-victoria.jpg\",\"width\":1600,\"height\":1600},{\"@type\":\"BreadcrumbList\",\"@id\":\"https:\\\/\\\/linandelle.com\\\/fr\\\/produit\\\/lot-de-6-mouchoirs-en-tissus-coton-jumel-victoeia\\\/#breadcrumb\",\"itemListElement\":[{\"@type\":\"ListItem\",\"position\":1,\"name\":\"Produits\",\"item\":\"https:\\\/\\\/linandelle.com\\\/fr\\\/shop\\\/\"},{\"@type\":\"ListItem\",\"position\":2,\"name\":\"Lot de 6 mouchoirs en tissus coton jumel VICTORIA\"}]},{\"@type\":\"WebSite\",\"@id\":\"https:\\\/\\\/linandelle.com\\\/fr\\\/#website\",\"url\":\"https:\\\/\\\/linandelle.com\\\/fr\\\/\",\"name\":\"Linandelle\",\"description\":\"Linandelle, plus que du linge, l&#039;essentiel\",\"publisher\":{\"@id\":\"https:\\\/\\\/linandelle.com\\\/fr\\\/#organization\"},\"potentialAction\":[{\"@type\":\"SearchAction\",\"target\":{\"@type\":\"EntryPoint\",\"urlTemplate\":\"https:\\\/\\\/linandelle.com\\\/fr\\\/?s={search_term_string}\"},\"query-input\":{\"@type\":\"PropertyValueSpecification\",\"valueRequired\":true,\"valueName\":\"search_term_string\"}}],\"inLanguage\":\"fr-FR\"},{\"@type\":\"Organization\",\"@id\":\"https:\\\/\\\/linandelle.com\\\/fr\\\/#organization\",\"name\":\"Linandelle\",\"url\":\"https:\\\/\\\/linandelle.com\\\/fr\\\/\",\"logo\":{\"@type\":\"ImageObject\",\"inLanguage\":\"fr-FR\",\"@id\":\"https:\\\/\\\/linandelle.com\\\/fr\\\/#\\\/schema\\\/logo\\\/image\\\/\",\"url\":\"https:\\\/\\\/linandelle.com\\\/wp-content\\\/uploads\\\/2022\\\/03\\\/logo-linandelle.jpg\",\"contentUrl\":\"https:\\\/\\\/linandelle.com\\\/wp-content\\\/uploads\\\/2022\\\/03\\\/logo-linandelle.jpg\",\"width\":739,\"height\":738,\"caption\":\"Linandelle\"},\"image\":{\"@id\":\"https:\\\/\\\/linandelle.com\\\/fr\\\/#\\\/schema\\\/logo\\\/image\\\/\"},\"sameAs\":[\"https:\\\/\\\/www.facebook.com\\\/Linandelle\",\"https:\\\/\\\/www.instagram.com\\\/linandelle\\\/\",\"https:\\\/\\\/www.linkedin.com\\\/company\\\/18483801\\\/admin\\\/dashboard\\\/\",\"https:\\\/\\\/www.pinterest.fr\\\/linandelle\\\/_created\\\/\",\"https:\\\/\\\/www.youtube.com\\\/@linandellecharleval1016\"],\"email\":\"contact@linandelle.com\",\"telephone\":\"0232687800\",\"legalName\":\"SARL DU PONT DES JARDINS\",\"vatID\":\"FR27448856641\",\"taxID\":\"44885664100015\",\"numberOfEmployees\":{\"@type\":\"QuantitativeValue\",\"minValue\":\"1\",\"maxValue\":\"10\"}}]}<\/script>\n<!-- \/ Yoast SEO Premium plugin. -->","yoast_head_json":{"title":"Lot de 6 mouchoirs femme en tissu 100% coton jumel VICTORIA","description":"Lot de 6 mouchoirs femme VICTORIA, 100% coton, 30x30cm, plus \u00e9cologique, c\u2019est aussi une superbe id\u00e9e cadeau que vous pouvez personnaliser par une broderie.","robots":{"index":"index","follow":"follow","max-snippet":"max-snippet:-1","max-image-preview":"max-image-preview:large","max-video-preview":"max-video-preview:-1"},"canonical":"https:\/\/linandelle.com\/fr\/produit\/lot-de-6-mouchoirs-en-tissus-coton-jumel-victoeia\/","og_locale":"fr_FR","og_type":"article","og_title":"Lot de 6 mouchoirs femme en tissu 100% coton jumel VICTORIA","og_description":"Lot de 6 mouchoirs femme VICTORIA, 100% coton, 30x30cm, plus \u00e9cologique, c\u2019est aussi une superbe id\u00e9e cadeau que vous pouvez personnaliser par une broderie.","og_url":"https:\/\/linandelle.com\/fr\/produit\/lot-de-6-mouchoirs-en-tissus-coton-jumel-victoeia\/","og_site_name":"Linandelle","article_publisher":"https:\/\/www.facebook.com\/Linandelle","article_modified_time":"2026-04-22T07:15:40+00:00","og_image":[{"width":1600,"height":1600,"url":"https:\/\/linandelle.com\/wp-content\/uploads\/2024\/03\/ambiance-moichoir-victoria.jpg","type":"image\/jpeg"}],"twitter_card":"summary_large_image","twitter_misc":{"Dur\u00e9e de lecture estim\u00e9e":"2 minutes"},"schema":{"@context":"https:\/\/schema.org","@graph":[{"@type":"WebPage","@id":"https:\/\/linandelle.com\/fr\/produit\/lot-de-6-mouchoirs-en-tissus-coton-jumel-victoeia\/","url":"https:\/\/linandelle.com\/fr\/produit\/lot-de-6-mouchoirs-en-tissus-coton-jumel-victoeia\/","name":"Lot de 6 mouchoirs femme en tissu 100% coton jumel VICTORIA","isPartOf":{"@id":"https:\/\/linandelle.com\/fr\/#website"},"primaryImageOfPage":{"@id":"https:\/\/linandelle.com\/fr\/produit\/lot-de-6-mouchoirs-en-tissus-coton-jumel-victoeia\/#primaryimage"},"image":{"@id":"https:\/\/linandelle.com\/fr\/produit\/lot-de-6-mouchoirs-en-tissus-coton-jumel-victoeia\/#primaryimage"},"thumbnailUrl":"https:\/\/linandelle.com\/wp-content\/uploads\/2024\/03\/ambiance-moichoir-victoria.jpg","datePublished":"2024-03-20T10:54:03+00:00","dateModified":"2026-04-22T07:15:40+00:00","description":"Lot de 6 mouchoirs femme VICTORIA, 100% coton, 30x30cm, plus \u00e9cologique, c\u2019est aussi une superbe id\u00e9e cadeau que vous pouvez personnaliser par une broderie.","breadcrumb":{"@id":"https:\/\/linandelle.com\/fr\/produit\/lot-de-6-mouchoirs-en-tissus-coton-jumel-victoeia\/#breadcrumb"},"inLanguage":"fr-FR","potentialAction":[{"@type":"ReadAction","target":["https:\/\/linandelle.com\/fr\/produit\/lot-de-6-mouchoirs-en-tissus-coton-jumel-victoeia\/"]}]},{"@type":"ImageObject","inLanguage":"fr-FR","@id":"https:\/\/linandelle.com\/fr\/produit\/lot-de-6-mouchoirs-en-tissus-coton-jumel-victoeia\/#primaryimage","url":"https:\/\/linandelle.com\/wp-content\/uploads\/2024\/03\/ambiance-moichoir-victoria.jpg","contentUrl":"https:\/\/linandelle.com\/wp-content\/uploads\/2024\/03\/ambiance-moichoir-victoria.jpg","width":1600,"height":1600},{"@type":"BreadcrumbList","@id":"https:\/\/linandelle.com\/fr\/produit\/lot-de-6-mouchoirs-en-tissus-coton-jumel-victoeia\/#breadcrumb","itemListElement":[{"@type":"ListItem","position":1,"name":"Produits","item":"https:\/\/linandelle.com\/fr\/shop\/"},{"@type":"ListItem","position":2,"name":"Lot de 6 mouchoirs en tissus coton jumel VICTORIA"}]},{"@type":"WebSite","@id":"https:\/\/linandelle.com\/fr\/#website","url":"https:\/\/linandelle.com\/fr\/","name":"Linandelle","description":"Linandelle, plus que du linge, l&#039;essentiel","publisher":{"@id":"https:\/\/linandelle.com\/fr\/#organization"},"potentialAction":[{"@type":"SearchAction","target":{"@type":"EntryPoint","urlTemplate":"https:\/\/linandelle.com\/fr\/?s={search_term_string}"},"query-input":{"@type":"PropertyValueSpecification","valueRequired":true,"valueName":"search_term_string"}}],"inLanguage":"fr-FR"},{"@type":"Organization","@id":"https:\/\/linandelle.com\/fr\/#organization","name":"Linandelle","url":"https:\/\/linandelle.com\/fr\/","logo":{"@type":"ImageObject","inLanguage":"fr-FR","@id":"https:\/\/linandelle.com\/fr\/#\/schema\/logo\/image\/","url":"https:\/\/linandelle.com\/wp-content\/uploads\/2022\/03\/logo-linandelle.jpg","contentUrl":"https:\/\/linandelle.com\/wp-content\/uploads\/2022\/03\/logo-linandelle.jpg","width":739,"height":738,"caption":"Linandelle"},"image":{"@id":"https:\/\/linandelle.com\/fr\/#\/schema\/logo\/image\/"},"sameAs":["https:\/\/www.facebook.com\/Linandelle","https:\/\/www.instagram.com\/linandelle\/","https:\/\/www.linkedin.com\/company\/18483801\/admin\/dashboard\/","https:\/\/www.pinterest.fr\/linandelle\/_created\/","https:\/\/www.youtube.com\/@linandellecharleval1016"],"email":"contact@linandelle.com","telephone":"0232687800","legalName":"SARL DU PONT DES JARDINS","vatID":"FR27448856641","taxID":"44885664100015","numberOfEmployees":{"@type":"QuantitativeValue","minValue":"1","maxValue":"10"}}]}},"_links":{"self":[{"href":"https:\/\/linandelle.com\/fr\/wp-json\/wp\/v2\/product\/74571","targetHints":{"allow":["GET"]}}],"collection":[{"href":"https:\/\/linandelle.com\/fr\/wp-json\/wp\/v2\/product"}],"about":[{"href":"https:\/\/linandelle.com\/fr\/wp-json\/wp\/v2\/types\/product"}],"wp:featuredmedia":[{"embeddable":true,"href":"https:\/\/linandelle.com\/fr\/wp-json\/wp\/v2\/media\/74573"}],"wp:attachment":[{"href":"https:\/\/linandelle.com\/fr\/wp-json\/wp\/v2\/media?parent=74571"}],"wp:term":[{"taxonomy":"product_brand","embeddable":true,"href":"https:\/\/linandelle.com\/fr\/wp-json\/wp\/v2\/product_brand?post=74571"},{"taxonomy":"product_cat","embeddable":true,"href":"https:\/\/linandelle.com\/fr\/wp-json\/wp\/v2\/product_cat?post=74571"},{"taxonomy":"product_tag","embeddable":true,"href":"https:\/\/linandelle.com\/fr\/wp-json\/wp\/v2\/product_tag?post=74571"},{"taxonomy":"woo-feed-brand","embeddable":true,"href":"https:\/\/linandelle.com\/fr\/wp-json\/wp\/v2\/woo-feed-brand?post=74571"}],"curies":[{"name":"wp","href":"https:\/\/api.w.org\/{rel}","templated":true}]}}