{"id":75033,"date":"2024-04-09T13:56:36","date_gmt":"2024-04-09T11:56:36","guid":{"rendered":"https:\/\/linandelle.com\/fr\/?post_type=product&#038;p=75033"},"modified":"2026-03-25T09:10:37","modified_gmt":"2026-03-25T08:10:37","slug":"luxe-douceur-housse-de-couette-lyocell-300fils-soie-vegetale-dolcevita","status":"publish","type":"product","link":"https:\/\/linandelle.com\/fr\/produit\/luxe-douceur-housse-de-couette-lyocell-300fils-soie-vegetale-dolcevita\/","title":{"rendered":"Housse de couette 100% lyocell 300fils DOLCEVITA"},"content":{"rendered":"<h3>Housse de couettes en soie v\u00e9g\u00e9tale DOLCEVITA<\/h3>\n<h5>Mais qu\u2019est-ce que la fibre lyocell ?<\/h5>\n<p><em>\u00ab\u00a0Le Tencel, appel\u00e9 aussi Lyocell, est une <strong>mati\u00e8re textile plus \u00e9cologique<\/strong>. Elle est fabriqu\u00e9e \u00e0 partir de pulpe de bois, le plus souvent issue des arbres d&rsquo;eucalyptus que l&rsquo;on trouve dans les for\u00eats de pins par exemple, dans des zones \u00e0 humidit\u00e9 mod\u00e9r\u00e9e \u00e0 forte.\u00a0\u00bb<\/em> Notre parure de lit de qualit\u00e9 sup\u00e9rieure en fibres lyocell se caract\u00e9rise par sa texture velout\u00e9e, brillante et particuli\u00e8rement douce gr\u00e2ce \u00e0 sa qualit\u00e9 de confection, 300fils cm\u00b2. La housse de couette DOLCEVITA d\u00e9tient des propri\u00e9t\u00e9s respirantes\u00a0 qui aident \u00e0 pr\u00e9venir de la transpiration excessive. Elle limite la formation \u00a0des bact\u00e9ries et des odeurs \u00a0gr\u00e2ce \u00e0 son excellente r\u00e9gulation de l&rsquo;humidit\u00e9.<\/p>\n<h5>Caract\u00e9ristiques :<\/h5>\n<ul>\n<li>100% lyocell<\/li>\n<li>300fils cm\u00b2<\/li>\n<li>Finition rabat bouteille<\/li>\n<li>\u00a0Lavage en machine \u00e0 40\u00b0<\/li>\n<li>S\u00e8che-linge autoris\u00e9<\/li>\n<li>Norme OekoTex<\/li>\n<li>Fabriqu\u00e9 au Portugal<\/li>\n<\/ul>\n<p>\u2022 Ce produit lab\u00e9llis\u00e9 STANDARD 100 by OEKO-TEX\u00ae &#8211; certificat n\u00b0 CQ 1102\/4 IFTH suit un processus de fabrication certifi\u00e9 et contr\u00f4l\u00e9, respectueux de votre peau. \u2022 Le STANDARD 100 by OEKO-TEX\u00ae est le premier label qui r\u00e9pond aux besoins des consommateurs en mati\u00e8re d\u2019\u00e9cologie humaine. Il garantit l\u2019absence, dans les articles certifi\u00e9s de substances nocives ou pouvant pr\u00e9senter un risque pour la sant\u00e9. \u00a0 En savoir plus: &#8211; Tr\u00e8s doux &#8211; 100% lyocell 300fils cm\u00b2 &#8211; Rabat finition bouteille &#8211; Coloris grands teints &#8211; Lavable \u00e0 40\u00b0C.<\/p>\n","protected":false},"excerpt":{"rendered":"<div id=\"tw-target-text-container\" class=\"tw-ta-container F0azHf tw-nfl\" tabindex=\"0\">\n<p id=\"tw-target-text\" class=\"tw-data-text tw-text-large tw-ta\" dir=\"ltr\" data-placeholder=\"Traduction\" aria-label=\"Texte traduit\" data-ved=\"2ahUKEwjqx-PCnreFAxX2_AIHHS7lCuUQ3ewLegQIBRAT\"><span class=\"Y2IQFc\" lang=\"fr\" style=\"font-size: 8pt;\">D\u00e9couvrez notre linge de lit TENCEL\u2122 Lyocell, compos\u00e9 \u00e0 100% de fibre Lyocell obtenue \u00e0 partir d&rsquo;eucalyptus. <\/span><\/p>\n<p class=\"tw-data-text tw-text-large tw-ta\" dir=\"ltr\" data-placeholder=\"Traduction\" aria-label=\"Texte traduit\" data-ved=\"2ahUKEwjqx-PCnreFAxX2_AIHHS7lCuUQ3ewLegQIBRAT\"><span class=\"Y2IQFc\" lang=\"fr\" style=\"font-size: 8pt;\">\u2714\ufe0f Ultra doux, l\u00e9ger et a\u00e9r\u00e9 <\/span><\/p>\n<p class=\"tw-data-text tw-text-large tw-ta\" dir=\"ltr\" data-placeholder=\"Traduction\" aria-label=\"Texte traduit\" data-ved=\"2ahUKEwjqx-PCnreFAxX2_AIHHS7lCuUQ3ewLegQIBRAT\"><span class=\"Y2IQFc\" lang=\"fr\" style=\"font-size: 8pt;\">\u2714\ufe0f Inhibe les acariens et les bact\u00e9ries<\/span><\/p>\n<p class=\"tw-data-text tw-text-large tw-ta\" dir=\"ltr\" data-placeholder=\"Traduction\" aria-label=\"Texte traduit\" data-ved=\"2ahUKEwjqx-PCnreFAxX2_AIHHS7lCuUQ3ewLegQIBRAT\"><span class=\"Y2IQFc\" lang=\"fr\" style=\"font-size: 8pt;\">\u2714\ufe0f Mati\u00e8re plus \u00e9cologique <\/span><\/p>\n<p class=\"tw-data-text tw-text-large tw-ta\" dir=\"ltr\" data-placeholder=\"Traduction\" aria-label=\"Texte traduit\" data-ved=\"2ahUKEwjqx-PCnreFAxX2_AIHHS7lCuUQ3ewLegQIBRAT\"><span class=\"Y2IQFc\" lang=\"fr\" style=\"font-size: 8pt;\">\u2714\ufe0f Transpiration limit\u00e9e\u00a0 <\/span><\/p>\n<p class=\"tw-data-text tw-text-large tw-ta\" dir=\"ltr\" data-placeholder=\"Traduction\" aria-label=\"Texte traduit\" data-ved=\"2ahUKEwjqx-PCnreFAxX2_AIHHS7lCuUQ3ewLegQIBRAT\"><span class=\"Y2IQFc\" lang=\"fr\" style=\"font-size: 8pt;\">\u2714\ufe0f Fabriqu\u00e9 de mani\u00e8re durable au Portugal.<\/span><\/p>\n<\/div>\n<div id=\"tw-target-rmn-container\" class=\"tw-target-rmn tw-ta-container F0azHf tw-nfl\">\n<pre id=\"tw-target-rmn\" class=\"tw-data-placeholder tw-text-small tw-ta\" dir=\"ltr\" data-placeholder=\"\"><\/pre>\n<\/div>\n","protected":false},"featured_media":83030,"template":"","meta":{"_et_pb_use_builder":"off","_et_pb_old_content":"<h3>Housse de couettes en soie v\u00e9g\u00e9tale DOLCEVITA<\/h3>\r\n\u00a0\r\n<h5>Mais qu\u2019est-ce que la fibre lyocell ?<\/h5>\r\n<em>\u00ab\u00a0Le Tencel, appel\u00e9 aussi Lyocell, est une <strong>mati\u00e8re textile plus \u00e9cologique<\/strong>. Elle est fabriqu\u00e9e \u00e0 partir de pulpe de bois, le plus souvent issue des arbres d'eucalyptus que l'on trouve dans les for\u00eats de pins par exemple, dans des zones \u00e0 humidit\u00e9 mod\u00e9r\u00e9e \u00e0 forte.\u00a0\u00bb<\/em>\r\n\r\nNotre parure de lit de qualit\u00e9 sup\u00e9rieure en fibres lyocell se caract\u00e9rise par sa texture velout\u00e9e, brillante et particuli\u00e8rement douce gr\u00e2ce \u00e0 sa qualit\u00e9 de confection, 300fils cm\u00b2.\r\n\r\nLa housse de couette DOLCEVITA d\u00e9tient des propri\u00e9t\u00e9s respirantes\u00a0 qui aident \u00e0 pr\u00e9venir de la transpiration excessive. Elle limite la formation \u00a0des bact\u00e9ries et des odeurs \u00a0gr\u00e2ce \u00e0 son excellente r\u00e9gulation de l'humidit\u00e9.\r\n<h5>Caract\u00e9ristiques :<\/h5>\r\n<ul>\r\n \t<li>100% lyocell<\/li>\r\n \t<li>300fils cm\u00b2<\/li>\r\n \t<li>Finition rabat bouteille<\/li>\r\n \t<li>\u00a0Lavage en machine \u00e0 40\u00b0<\/li>\r\n \t<li>S\u00e8che-linge autoris\u00e9<\/li>\r\n \t<li>Norme OekoTex<\/li>\r\n \t<li>Fabriqu\u00e9 au Portugal<\/li>\r\n<\/ul>\r\n\u00a0\r\n\r\n\u2022 Ce produit lab\u00e9llis\u00e9 STANDARD 100 by OEKO-TEX\u00ae - certificat n\u00b0 CQ 1102\/4 IFTH suit un processus de fabrication certifi\u00e9 et contr\u00f4l\u00e9, respectueux de votre peau.\r\n\u2022 Le STANDARD 100 by OEKO-TEX\u00ae est le premier label qui r\u00e9pond aux besoins des consommateurs en mati\u00e8re d\u2019\u00e9cologie humaine. Il garantit l\u2019absence, dans les articles certifi\u00e9s de substances nocives ou pouvant pr\u00e9senter un risque pour la sant\u00e9.\r\n\r\n\u00a0\r\n\r\nEn savoir plus:\r\n\r\n- Tr\u00e8s doux\r\n\r\n- 100% lyocell 300fils cm\u00b2\r\n\r\n- Rabat finition bouteille\r\n\r\n- Coloris grands teints\r\n\r\n- Lavable \u00e0 40\u00b0C.","_et_gb_content_width":""},"product_brand":[710],"product_cat":[696,856,185,713,24,708],"product_tag":[],"woo-feed-brand":[],"class_list":{"0":"post-75033","1":"product","2":"type-product","3":"status-publish","4":"has-post-thumbnail","6":"product_brand-linandelle","7":"product_cat-nouveautes-printemps-ete","8":"product_cat-housse-de-couettte-ecologique-en-pulpe-de-bois","9":"product_cat-housses-de-couettes-unies","10":"product_cat-selection-hiver","11":"product_cat-linge-de-lit","12":"product_cat-selection-rentree","13":"tm-no-options","15":"first","16":"instock","17":"featured","18":"taxable","19":"shipping-taxable","20":"purchasable","21":"product-type-variable"},"yoast_head":"<!-- This site is optimized with the Yoast SEO Premium plugin v27.3 (Yoast SEO v27.3) - https:\/\/yoast.com\/product\/yoast-seo-premium-wordpress\/ -->\n<title>Housse de couette naturelle 100% lyocell DOLCEVITA<\/title>\n<meta name=\"description\" content=\"Housse de couette pur lyocell, haut de gamme, 300fils m\u00b2, coloris unis tendances,. Assorties aux taies. Mati\u00e8re naturelle, \u00e9cologique, et tr\u00e8s durable.\" \/>\n<meta name=\"robots\" content=\"index, follow, max-snippet:-1, max-image-preview:large, max-video-preview:-1\" \/>\n<link rel=\"canonical\" href=\"https:\/\/linandelle.com\/fr\/produit\/luxe-douceur-housse-de-couette-lyocell-300fils-soie-vegetale-dolcevita\/\" \/>\n<meta property=\"og:locale\" content=\"fr_FR\" \/>\n<meta property=\"og:type\" content=\"article\" \/>\n<meta property=\"og:title\" content=\"Housse de couette naturelle 100% lyocell DOLCEVITA\" \/>\n<meta property=\"og:description\" content=\"Housse de couette pur lyocell, haut de gamme, 300fils m\u00b2, coloris unis tendances,. Assorties aux taies. Mati\u00e8re naturelle, \u00e9cologique, et tr\u00e8s durable.\" \/>\n<meta property=\"og:url\" content=\"https:\/\/linandelle.com\/fr\/produit\/luxe-douceur-housse-de-couette-lyocell-300fils-soie-vegetale-dolcevita\/\" \/>\n<meta property=\"og:site_name\" content=\"Linandelle\" \/>\n<meta property=\"article:publisher\" content=\"https:\/\/www.facebook.com\/Linandelle\" \/>\n<meta property=\"article:modified_time\" content=\"2026-03-25T08:10:37+00:00\" \/>\n<meta property=\"og:image\" content=\"https:\/\/linandelle.com\/wp-content\/uploads\/2024\/04\/hc-carre-petrol-ambiance-2.jpg\" \/>\n\t<meta property=\"og:image:width\" content=\"1200\" \/>\n\t<meta property=\"og:image:height\" content=\"1200\" \/>\n\t<meta property=\"og:image:type\" content=\"image\/jpeg\" \/>\n<meta name=\"twitter:card\" content=\"summary_large_image\" \/>\n<meta name=\"twitter:label1\" content=\"Dur\u00e9e de lecture estim\u00e9e\" \/>\n\t<meta name=\"twitter:data1\" content=\"2 minutes\" \/>\n<script type=\"application\/ld+json\" class=\"yoast-schema-graph\">{\"@context\":\"https:\\\/\\\/schema.org\",\"@graph\":[{\"@type\":\"WebPage\",\"@id\":\"https:\\\/\\\/linandelle.com\\\/fr\\\/produit\\\/luxe-douceur-housse-de-couette-lyocell-300fils-soie-vegetale-dolcevita\\\/\",\"url\":\"https:\\\/\\\/linandelle.com\\\/fr\\\/produit\\\/luxe-douceur-housse-de-couette-lyocell-300fils-soie-vegetale-dolcevita\\\/\",\"name\":\"Housse de couette naturelle 100% lyocell DOLCEVITA\",\"isPartOf\":{\"@id\":\"https:\\\/\\\/linandelle.com\\\/fr\\\/#website\"},\"primaryImageOfPage\":{\"@id\":\"https:\\\/\\\/linandelle.com\\\/fr\\\/produit\\\/luxe-douceur-housse-de-couette-lyocell-300fils-soie-vegetale-dolcevita\\\/#primaryimage\"},\"image\":{\"@id\":\"https:\\\/\\\/linandelle.com\\\/fr\\\/produit\\\/luxe-douceur-housse-de-couette-lyocell-300fils-soie-vegetale-dolcevita\\\/#primaryimage\"},\"thumbnailUrl\":\"https:\\\/\\\/linandelle.com\\\/wp-content\\\/uploads\\\/2024\\\/04\\\/hc-carre-petrol-ambiance-2.jpg\",\"datePublished\":\"2024-04-09T11:56:36+00:00\",\"dateModified\":\"2026-03-25T08:10:37+00:00\",\"description\":\"Housse de couette pur lyocell, haut de gamme, 300fils m\u00b2, coloris unis tendances,. Assorties aux taies. Mati\u00e8re naturelle, \u00e9cologique, et tr\u00e8s durable.\",\"breadcrumb\":{\"@id\":\"https:\\\/\\\/linandelle.com\\\/fr\\\/produit\\\/luxe-douceur-housse-de-couette-lyocell-300fils-soie-vegetale-dolcevita\\\/#breadcrumb\"},\"inLanguage\":\"fr-FR\",\"potentialAction\":[{\"@type\":\"ReadAction\",\"target\":[\"https:\\\/\\\/linandelle.com\\\/fr\\\/produit\\\/luxe-douceur-housse-de-couette-lyocell-300fils-soie-vegetale-dolcevita\\\/\"]}]},{\"@type\":\"ImageObject\",\"inLanguage\":\"fr-FR\",\"@id\":\"https:\\\/\\\/linandelle.com\\\/fr\\\/produit\\\/luxe-douceur-housse-de-couette-lyocell-300fils-soie-vegetale-dolcevita\\\/#primaryimage\",\"url\":\"https:\\\/\\\/linandelle.com\\\/wp-content\\\/uploads\\\/2024\\\/04\\\/hc-carre-petrol-ambiance-2.jpg\",\"contentUrl\":\"https:\\\/\\\/linandelle.com\\\/wp-content\\\/uploads\\\/2024\\\/04\\\/hc-carre-petrol-ambiance-2.jpg\",\"width\":1200,\"height\":1200,\"caption\":\"Housse de couette en satin v\u00e9g\u00e9tal 100% lyocell fabriq\u00e9e par Linandelle coloris bleu lagon\"},{\"@type\":\"BreadcrumbList\",\"@id\":\"https:\\\/\\\/linandelle.com\\\/fr\\\/produit\\\/luxe-douceur-housse-de-couette-lyocell-300fils-soie-vegetale-dolcevita\\\/#breadcrumb\",\"itemListElement\":[{\"@type\":\"ListItem\",\"position\":1,\"name\":\"Produits\",\"item\":\"https:\\\/\\\/linandelle.com\\\/fr\\\/shop\\\/\"},{\"@type\":\"ListItem\",\"position\":2,\"name\":\"Housse de couette 100% lyocell 300fils DOLCEVITA\"}]},{\"@type\":\"WebSite\",\"@id\":\"https:\\\/\\\/linandelle.com\\\/fr\\\/#website\",\"url\":\"https:\\\/\\\/linandelle.com\\\/fr\\\/\",\"name\":\"Linandelle\",\"description\":\"Linandelle, plus que du linge, l&#039;essentiel\",\"publisher\":{\"@id\":\"https:\\\/\\\/linandelle.com\\\/fr\\\/#organization\"},\"potentialAction\":[{\"@type\":\"SearchAction\",\"target\":{\"@type\":\"EntryPoint\",\"urlTemplate\":\"https:\\\/\\\/linandelle.com\\\/fr\\\/?s={search_term_string}\"},\"query-input\":{\"@type\":\"PropertyValueSpecification\",\"valueRequired\":true,\"valueName\":\"search_term_string\"}}],\"inLanguage\":\"fr-FR\"},{\"@type\":\"Organization\",\"@id\":\"https:\\\/\\\/linandelle.com\\\/fr\\\/#organization\",\"name\":\"Linandelle\",\"url\":\"https:\\\/\\\/linandelle.com\\\/fr\\\/\",\"logo\":{\"@type\":\"ImageObject\",\"inLanguage\":\"fr-FR\",\"@id\":\"https:\\\/\\\/linandelle.com\\\/fr\\\/#\\\/schema\\\/logo\\\/image\\\/\",\"url\":\"https:\\\/\\\/linandelle.com\\\/wp-content\\\/uploads\\\/2022\\\/03\\\/logo-linandelle.jpg\",\"contentUrl\":\"https:\\\/\\\/linandelle.com\\\/wp-content\\\/uploads\\\/2022\\\/03\\\/logo-linandelle.jpg\",\"width\":739,\"height\":738,\"caption\":\"Linandelle\"},\"image\":{\"@id\":\"https:\\\/\\\/linandelle.com\\\/fr\\\/#\\\/schema\\\/logo\\\/image\\\/\"},\"sameAs\":[\"https:\\\/\\\/www.facebook.com\\\/Linandelle\",\"https:\\\/\\\/www.instagram.com\\\/linandelle\\\/\",\"https:\\\/\\\/www.linkedin.com\\\/company\\\/18483801\\\/admin\\\/dashboard\\\/\",\"https:\\\/\\\/www.pinterest.fr\\\/linandelle\\\/_created\\\/\",\"https:\\\/\\\/www.youtube.com\\\/@linandellecharleval1016\"],\"email\":\"contact@linandelle.com\",\"telephone\":\"0232687800\",\"legalName\":\"SARL DU PONT DES JARDINS\",\"vatID\":\"FR27448856641\",\"taxID\":\"44885664100015\",\"numberOfEmployees\":{\"@type\":\"QuantitativeValue\",\"minValue\":\"1\",\"maxValue\":\"10\"}}]}<\/script>\n<!-- \/ Yoast SEO Premium plugin. -->","yoast_head_json":{"title":"Housse de couette naturelle 100% lyocell DOLCEVITA","description":"Housse de couette pur lyocell, haut de gamme, 300fils m\u00b2, coloris unis tendances,. Assorties aux taies. Mati\u00e8re naturelle, \u00e9cologique, et tr\u00e8s durable.","robots":{"index":"index","follow":"follow","max-snippet":"max-snippet:-1","max-image-preview":"max-image-preview:large","max-video-preview":"max-video-preview:-1"},"canonical":"https:\/\/linandelle.com\/fr\/produit\/luxe-douceur-housse-de-couette-lyocell-300fils-soie-vegetale-dolcevita\/","og_locale":"fr_FR","og_type":"article","og_title":"Housse de couette naturelle 100% lyocell DOLCEVITA","og_description":"Housse de couette pur lyocell, haut de gamme, 300fils m\u00b2, coloris unis tendances,. Assorties aux taies. Mati\u00e8re naturelle, \u00e9cologique, et tr\u00e8s durable.","og_url":"https:\/\/linandelle.com\/fr\/produit\/luxe-douceur-housse-de-couette-lyocell-300fils-soie-vegetale-dolcevita\/","og_site_name":"Linandelle","article_publisher":"https:\/\/www.facebook.com\/Linandelle","article_modified_time":"2026-03-25T08:10:37+00:00","og_image":[{"width":1200,"height":1200,"url":"https:\/\/linandelle.com\/wp-content\/uploads\/2024\/04\/hc-carre-petrol-ambiance-2.jpg","type":"image\/jpeg"}],"twitter_card":"summary_large_image","twitter_misc":{"Dur\u00e9e de lecture estim\u00e9e":"2 minutes"},"schema":{"@context":"https:\/\/schema.org","@graph":[{"@type":"WebPage","@id":"https:\/\/linandelle.com\/fr\/produit\/luxe-douceur-housse-de-couette-lyocell-300fils-soie-vegetale-dolcevita\/","url":"https:\/\/linandelle.com\/fr\/produit\/luxe-douceur-housse-de-couette-lyocell-300fils-soie-vegetale-dolcevita\/","name":"Housse de couette naturelle 100% lyocell DOLCEVITA","isPartOf":{"@id":"https:\/\/linandelle.com\/fr\/#website"},"primaryImageOfPage":{"@id":"https:\/\/linandelle.com\/fr\/produit\/luxe-douceur-housse-de-couette-lyocell-300fils-soie-vegetale-dolcevita\/#primaryimage"},"image":{"@id":"https:\/\/linandelle.com\/fr\/produit\/luxe-douceur-housse-de-couette-lyocell-300fils-soie-vegetale-dolcevita\/#primaryimage"},"thumbnailUrl":"https:\/\/linandelle.com\/wp-content\/uploads\/2024\/04\/hc-carre-petrol-ambiance-2.jpg","datePublished":"2024-04-09T11:56:36+00:00","dateModified":"2026-03-25T08:10:37+00:00","description":"Housse de couette pur lyocell, haut de gamme, 300fils m\u00b2, coloris unis tendances,. Assorties aux taies. Mati\u00e8re naturelle, \u00e9cologique, et tr\u00e8s durable.","breadcrumb":{"@id":"https:\/\/linandelle.com\/fr\/produit\/luxe-douceur-housse-de-couette-lyocell-300fils-soie-vegetale-dolcevita\/#breadcrumb"},"inLanguage":"fr-FR","potentialAction":[{"@type":"ReadAction","target":["https:\/\/linandelle.com\/fr\/produit\/luxe-douceur-housse-de-couette-lyocell-300fils-soie-vegetale-dolcevita\/"]}]},{"@type":"ImageObject","inLanguage":"fr-FR","@id":"https:\/\/linandelle.com\/fr\/produit\/luxe-douceur-housse-de-couette-lyocell-300fils-soie-vegetale-dolcevita\/#primaryimage","url":"https:\/\/linandelle.com\/wp-content\/uploads\/2024\/04\/hc-carre-petrol-ambiance-2.jpg","contentUrl":"https:\/\/linandelle.com\/wp-content\/uploads\/2024\/04\/hc-carre-petrol-ambiance-2.jpg","width":1200,"height":1200,"caption":"Housse de couette en satin v\u00e9g\u00e9tal 100% lyocell fabriq\u00e9e par Linandelle coloris bleu lagon"},{"@type":"BreadcrumbList","@id":"https:\/\/linandelle.com\/fr\/produit\/luxe-douceur-housse-de-couette-lyocell-300fils-soie-vegetale-dolcevita\/#breadcrumb","itemListElement":[{"@type":"ListItem","position":1,"name":"Produits","item":"https:\/\/linandelle.com\/fr\/shop\/"},{"@type":"ListItem","position":2,"name":"Housse de couette 100% lyocell 300fils DOLCEVITA"}]},{"@type":"WebSite","@id":"https:\/\/linandelle.com\/fr\/#website","url":"https:\/\/linandelle.com\/fr\/","name":"Linandelle","description":"Linandelle, plus que du linge, l&#039;essentiel","publisher":{"@id":"https:\/\/linandelle.com\/fr\/#organization"},"potentialAction":[{"@type":"SearchAction","target":{"@type":"EntryPoint","urlTemplate":"https:\/\/linandelle.com\/fr\/?s={search_term_string}"},"query-input":{"@type":"PropertyValueSpecification","valueRequired":true,"valueName":"search_term_string"}}],"inLanguage":"fr-FR"},{"@type":"Organization","@id":"https:\/\/linandelle.com\/fr\/#organization","name":"Linandelle","url":"https:\/\/linandelle.com\/fr\/","logo":{"@type":"ImageObject","inLanguage":"fr-FR","@id":"https:\/\/linandelle.com\/fr\/#\/schema\/logo\/image\/","url":"https:\/\/linandelle.com\/wp-content\/uploads\/2022\/03\/logo-linandelle.jpg","contentUrl":"https:\/\/linandelle.com\/wp-content\/uploads\/2022\/03\/logo-linandelle.jpg","width":739,"height":738,"caption":"Linandelle"},"image":{"@id":"https:\/\/linandelle.com\/fr\/#\/schema\/logo\/image\/"},"sameAs":["https:\/\/www.facebook.com\/Linandelle","https:\/\/www.instagram.com\/linandelle\/","https:\/\/www.linkedin.com\/company\/18483801\/admin\/dashboard\/","https:\/\/www.pinterest.fr\/linandelle\/_created\/","https:\/\/www.youtube.com\/@linandellecharleval1016"],"email":"contact@linandelle.com","telephone":"0232687800","legalName":"SARL DU PONT DES JARDINS","vatID":"FR27448856641","taxID":"44885664100015","numberOfEmployees":{"@type":"QuantitativeValue","minValue":"1","maxValue":"10"}}]}},"_links":{"self":[{"href":"https:\/\/linandelle.com\/fr\/wp-json\/wp\/v2\/product\/75033","targetHints":{"allow":["GET"]}}],"collection":[{"href":"https:\/\/linandelle.com\/fr\/wp-json\/wp\/v2\/product"}],"about":[{"href":"https:\/\/linandelle.com\/fr\/wp-json\/wp\/v2\/types\/product"}],"wp:featuredmedia":[{"embeddable":true,"href":"https:\/\/linandelle.com\/fr\/wp-json\/wp\/v2\/media\/83030"}],"wp:attachment":[{"href":"https:\/\/linandelle.com\/fr\/wp-json\/wp\/v2\/media?parent=75033"}],"wp:term":[{"taxonomy":"product_brand","embeddable":true,"href":"https:\/\/linandelle.com\/fr\/wp-json\/wp\/v2\/product_brand?post=75033"},{"taxonomy":"product_cat","embeddable":true,"href":"https:\/\/linandelle.com\/fr\/wp-json\/wp\/v2\/product_cat?post=75033"},{"taxonomy":"product_tag","embeddable":true,"href":"https:\/\/linandelle.com\/fr\/wp-json\/wp\/v2\/product_tag?post=75033"},{"taxonomy":"woo-feed-brand","embeddable":true,"href":"https:\/\/linandelle.com\/fr\/wp-json\/wp\/v2\/woo-feed-brand?post=75033"}],"curies":[{"name":"wp","href":"https:\/\/api.w.org\/{rel}","templated":true}]}}