{"id":76135,"date":"2024-04-29T16:40:33","date_gmt":"2024-04-29T14:40:33","guid":{"rendered":"https:\/\/linandelle.com\/fr\/?post_type=product&#038;p=76135"},"modified":"2026-04-24T11:07:26","modified_gmt":"2026-04-24T09:07:26","slug":"tapis-de-bain-en-coton-800gr-delux","status":"publish","type":"product","link":"https:\/\/linandelle.com\/fr\/produit\/tapis-de-bain-en-coton-800gr-delux\/","title":{"rendered":"Tapis de bain en coton 800gr DELUX"},"content":{"rendered":"<h4>Tapis de bain DELUX<\/h4>\n<p>\u00c9ponge tr\u00e8s dense pour une absorption efficace de 800gr\/m\u00b2, Le tapis de bain DELUX est compos\u00e9 100% de coton pour une dimension de 50x80cm. Ses dimensions sont id\u00e9ales pour toutes les tailles de salle de bain. Accordez-le, avec l&rsquo;ensemble de votre linge de bain en choisissant la couleur id\u00e9ale parmi notre vaste choix de coloris. C\u2019est un accessoire \u00e0 la fois d\u00e9coratif et pratique dans vos salles de bain. S\u00e9chez-vous les pieds, pr\u00e9servez vos sols, et \u00e9vitez de glisser!<\/p>\n<h5><strong>D\u00e9tail technique et entretien :<\/strong><\/h5>\n<p>Format\u00a0: 50x80cm Composition : 100% coton en bouclette \u00e9ponge rase Grammage\u00a0: 800gr\/m2 Coloris disponibles : Sable, Taupe, Bleu Marine, Noir, Bleu c\u00e9ladon, Gris. Coloris grand teint Fabriqu\u00e9 en UE Norme Oeko Tex Lavage en machine : 60\u00b0C \u00a0 En savoir plus\u00a0: &#8211; Tapis de bain 50x80cm &#8211; Peu encombrant &#8211; 100% coton doux et absorbant &#8211; Disponible en de nombreux coloris &#8211; Entretien facile en machine.<\/p>\n","protected":false},"excerpt":{"rendered":"<p>Tapis de bain \u00e9ponge dense 800gr m\u00b2, disponible en plusieurs coloris.<\/p>\n<p>Fabriqu\u00e9 au Portugal.<\/p>\n","protected":false},"featured_media":76602,"template":"","meta":{"_et_pb_use_builder":"off","_et_pb_old_content":"<h4>Tapis de bain DELUX<\/h4>\r\n\u00c9ponge tr\u00e8s dense pour une absorption efficace de 800gr\/m\u00b2,\r\n\r\nLe tapis de bain DELUX est compos\u00e9 100% de coton pour une dimension de 50x80cm. Ses dimensions sont id\u00e9ales pour toutes les tailles de salle de bain.\r\n\r\nAccordez-le, avec l'ensemble de votre linge de bain en choisissant la couleur id\u00e9ale parmi notre vaste choix de coloris.\r\n\r\nC\u2019est un accessoire \u00e0 la fois d\u00e9coratif et pratique dans vos salles de bain.\r\n\r\nS\u00e9chez-vous les pieds, pr\u00e9servez vos sols, et \u00e9vitez de glisser!\r\n<h5><strong>D\u00e9tail technique et entretien :<\/strong><\/h5>\r\nFormat\u00a0: 50x80cm\r\n\r\nComposition : 100% coton en bouclette \u00e9ponge rase\r\n\r\nGrammage\u00a0: 800gr\/m2\r\n\r\nColoris disponibles : Sable, Taupe, Bleu Marine, Noir, Bleu c\u00e9ladon, Gris.\r\n\r\nColoris grand teint\r\n\r\nFabriqu\u00e9 en UE\r\n\r\nNorme Oeko Tex\r\n\r\nLavage en machine : 60\u00b0C\r\n\r\n\u00a0\r\n\r\nEn savoir plus\u00a0:\r\n\r\n- Tapis de bain 50x80cm\r\n\r\n- Peu encombrant\r\n\r\n- 100% coton doux et absorbant\r\n\r\n- Disponible en de nombreux coloris\r\n\r\n- Entretien facile en machine.","_et_gb_content_width":""},"product_brand":[710],"product_cat":[696,25,836],"product_tag":[],"woo-feed-brand":[],"class_list":{"0":"post-76135","1":"product","2":"type-product","3":"status-publish","4":"has-post-thumbnail","6":"product_brand-linandelle","7":"product_cat-nouveautes-printemps-ete","8":"product_cat-salle-de-bain","9":"product_cat-tapis-de-bain-coton-eponge-linandelle","10":"tm-has-options","12":"first","13":"instock","14":"sale","15":"featured","16":"taxable","17":"shipping-taxable","18":"purchasable","19":"product-type-variable"},"yoast_head":"<!-- This site is optimized with the Yoast SEO Premium plugin v27.5 (Yoast SEO v27.5) - https:\/\/yoast.com\/product\/yoast-seo-premium-wordpress\/ -->\n<title>Tapis de bain 800gr 50x80CM DELUX<\/title>\n<meta name=\"description\" content=\"Tapis de bain uni 100% coton 800r m\u00b2 doux et tr\u00e8s absorbant en petit format 50x80cm, pratique et d\u00e9coratif. Disponible en plusieurs coloris.\" \/>\n<meta name=\"robots\" content=\"index, follow, max-snippet:-1, max-image-preview:large, max-video-preview:-1\" \/>\n<link rel=\"canonical\" href=\"https:\/\/linandelle.com\/fr\/produit\/tapis-de-bain-en-coton-800gr-delux\/\" \/>\n<meta property=\"og:locale\" content=\"fr_FR\" \/>\n<meta property=\"og:type\" content=\"article\" \/>\n<meta property=\"og:title\" content=\"Tapis de bain 800gr 50x80CM DELUX\" \/>\n<meta property=\"og:description\" content=\"Tapis de bain uni 100% coton 800r m\u00b2 doux et tr\u00e8s absorbant en petit format 50x80cm, pratique et d\u00e9coratif. Disponible en plusieurs coloris.\" \/>\n<meta property=\"og:url\" content=\"https:\/\/linandelle.com\/fr\/produit\/tapis-de-bain-en-coton-800gr-delux\/\" \/>\n<meta property=\"og:site_name\" content=\"Linandelle\" \/>\n<meta property=\"article:publisher\" content=\"https:\/\/www.facebook.com\/Linandelle\" \/>\n<meta property=\"article:modified_time\" content=\"2026-04-24T09:07:26+00:00\" \/>\n<meta property=\"og:image\" content=\"https:\/\/linandelle.com\/wp-content\/uploads\/2024\/04\/tapis-sable-avec-baignoire-et-plante.jpg\" \/>\n\t<meta property=\"og:image:width\" content=\"1200\" \/>\n\t<meta property=\"og:image:height\" content=\"1200\" \/>\n\t<meta property=\"og:image:type\" content=\"image\/jpeg\" \/>\n<meta name=\"twitter:card\" content=\"summary_large_image\" \/>\n<meta name=\"twitter:label1\" content=\"Dur\u00e9e de lecture estim\u00e9e\" \/>\n\t<meta name=\"twitter:data1\" content=\"1 minute\" \/>\n<script type=\"application\/ld+json\" class=\"yoast-schema-graph\">{\"@context\":\"https:\\\/\\\/schema.org\",\"@graph\":[{\"@type\":\"WebPage\",\"@id\":\"https:\\\/\\\/linandelle.com\\\/fr\\\/produit\\\/tapis-de-bain-en-coton-800gr-delux\\\/\",\"url\":\"https:\\\/\\\/linandelle.com\\\/fr\\\/produit\\\/tapis-de-bain-en-coton-800gr-delux\\\/\",\"name\":\"Tapis de bain 800gr 50x80CM DELUX\",\"isPartOf\":{\"@id\":\"https:\\\/\\\/linandelle.com\\\/fr\\\/#website\"},\"primaryImageOfPage\":{\"@id\":\"https:\\\/\\\/linandelle.com\\\/fr\\\/produit\\\/tapis-de-bain-en-coton-800gr-delux\\\/#primaryimage\"},\"image\":{\"@id\":\"https:\\\/\\\/linandelle.com\\\/fr\\\/produit\\\/tapis-de-bain-en-coton-800gr-delux\\\/#primaryimage\"},\"thumbnailUrl\":\"https:\\\/\\\/linandelle.com\\\/wp-content\\\/uploads\\\/2024\\\/04\\\/tapis-sable-avec-baignoire-et-plante.jpg\",\"datePublished\":\"2024-04-29T14:40:33+00:00\",\"dateModified\":\"2026-04-24T09:07:26+00:00\",\"description\":\"Tapis de bain uni 100% coton 800r m\u00b2 doux et tr\u00e8s absorbant en petit format 50x80cm, pratique et d\u00e9coratif. Disponible en plusieurs coloris.\",\"breadcrumb\":{\"@id\":\"https:\\\/\\\/linandelle.com\\\/fr\\\/produit\\\/tapis-de-bain-en-coton-800gr-delux\\\/#breadcrumb\"},\"inLanguage\":\"fr-FR\",\"potentialAction\":[{\"@type\":\"ReadAction\",\"target\":[\"https:\\\/\\\/linandelle.com\\\/fr\\\/produit\\\/tapis-de-bain-en-coton-800gr-delux\\\/\"]}]},{\"@type\":\"ImageObject\",\"inLanguage\":\"fr-FR\",\"@id\":\"https:\\\/\\\/linandelle.com\\\/fr\\\/produit\\\/tapis-de-bain-en-coton-800gr-delux\\\/#primaryimage\",\"url\":\"https:\\\/\\\/linandelle.com\\\/wp-content\\\/uploads\\\/2024\\\/04\\\/tapis-sable-avec-baignoire-et-plante.jpg\",\"contentUrl\":\"https:\\\/\\\/linandelle.com\\\/wp-content\\\/uploads\\\/2024\\\/04\\\/tapis-sable-avec-baignoire-et-plante.jpg\",\"width\":1200,\"height\":1200},{\"@type\":\"BreadcrumbList\",\"@id\":\"https:\\\/\\\/linandelle.com\\\/fr\\\/produit\\\/tapis-de-bain-en-coton-800gr-delux\\\/#breadcrumb\",\"itemListElement\":[{\"@type\":\"ListItem\",\"position\":1,\"name\":\"Produits\",\"item\":\"https:\\\/\\\/linandelle.com\\\/fr\\\/shop\\\/\"},{\"@type\":\"ListItem\",\"position\":2,\"name\":\"Tapis de bain en coton 800gr DELUX\"}]},{\"@type\":\"WebSite\",\"@id\":\"https:\\\/\\\/linandelle.com\\\/fr\\\/#website\",\"url\":\"https:\\\/\\\/linandelle.com\\\/fr\\\/\",\"name\":\"Linandelle\",\"description\":\"Linandelle, plus que du linge, l&#039;essentiel\",\"publisher\":{\"@id\":\"https:\\\/\\\/linandelle.com\\\/fr\\\/#organization\"},\"potentialAction\":[{\"@type\":\"SearchAction\",\"target\":{\"@type\":\"EntryPoint\",\"urlTemplate\":\"https:\\\/\\\/linandelle.com\\\/fr\\\/?s={search_term_string}\"},\"query-input\":{\"@type\":\"PropertyValueSpecification\",\"valueRequired\":true,\"valueName\":\"search_term_string\"}}],\"inLanguage\":\"fr-FR\"},{\"@type\":\"Organization\",\"@id\":\"https:\\\/\\\/linandelle.com\\\/fr\\\/#organization\",\"name\":\"Linandelle\",\"url\":\"https:\\\/\\\/linandelle.com\\\/fr\\\/\",\"logo\":{\"@type\":\"ImageObject\",\"inLanguage\":\"fr-FR\",\"@id\":\"https:\\\/\\\/linandelle.com\\\/fr\\\/#\\\/schema\\\/logo\\\/image\\\/\",\"url\":\"https:\\\/\\\/linandelle.com\\\/wp-content\\\/uploads\\\/2022\\\/03\\\/logo-linandelle.jpg\",\"contentUrl\":\"https:\\\/\\\/linandelle.com\\\/wp-content\\\/uploads\\\/2022\\\/03\\\/logo-linandelle.jpg\",\"width\":739,\"height\":738,\"caption\":\"Linandelle\"},\"image\":{\"@id\":\"https:\\\/\\\/linandelle.com\\\/fr\\\/#\\\/schema\\\/logo\\\/image\\\/\"},\"sameAs\":[\"https:\\\/\\\/www.facebook.com\\\/Linandelle\",\"https:\\\/\\\/www.instagram.com\\\/linandelle\\\/\",\"https:\\\/\\\/www.linkedin.com\\\/company\\\/18483801\\\/admin\\\/dashboard\\\/\",\"https:\\\/\\\/www.pinterest.fr\\\/linandelle\\\/_created\\\/\",\"https:\\\/\\\/www.youtube.com\\\/@linandellecharleval1016\"],\"email\":\"contact@linandelle.com\",\"telephone\":\"0232687800\",\"legalName\":\"SARL DU PONT DES JARDINS\",\"vatID\":\"FR27448856641\",\"taxID\":\"44885664100015\",\"numberOfEmployees\":{\"@type\":\"QuantitativeValue\",\"minValue\":\"1\",\"maxValue\":\"10\"}}]}<\/script>\n<!-- \/ Yoast SEO Premium plugin. -->","yoast_head_json":{"title":"Tapis de bain 800gr 50x80CM DELUX","description":"Tapis de bain uni 100% coton 800r m\u00b2 doux et tr\u00e8s absorbant en petit format 50x80cm, pratique et d\u00e9coratif. Disponible en plusieurs coloris.","robots":{"index":"index","follow":"follow","max-snippet":"max-snippet:-1","max-image-preview":"max-image-preview:large","max-video-preview":"max-video-preview:-1"},"canonical":"https:\/\/linandelle.com\/fr\/produit\/tapis-de-bain-en-coton-800gr-delux\/","og_locale":"fr_FR","og_type":"article","og_title":"Tapis de bain 800gr 50x80CM DELUX","og_description":"Tapis de bain uni 100% coton 800r m\u00b2 doux et tr\u00e8s absorbant en petit format 50x80cm, pratique et d\u00e9coratif. Disponible en plusieurs coloris.","og_url":"https:\/\/linandelle.com\/fr\/produit\/tapis-de-bain-en-coton-800gr-delux\/","og_site_name":"Linandelle","article_publisher":"https:\/\/www.facebook.com\/Linandelle","article_modified_time":"2026-04-24T09:07:26+00:00","og_image":[{"width":1200,"height":1200,"url":"https:\/\/linandelle.com\/wp-content\/uploads\/2024\/04\/tapis-sable-avec-baignoire-et-plante.jpg","type":"image\/jpeg"}],"twitter_card":"summary_large_image","twitter_misc":{"Dur\u00e9e de lecture estim\u00e9e":"1 minute"},"schema":{"@context":"https:\/\/schema.org","@graph":[{"@type":"WebPage","@id":"https:\/\/linandelle.com\/fr\/produit\/tapis-de-bain-en-coton-800gr-delux\/","url":"https:\/\/linandelle.com\/fr\/produit\/tapis-de-bain-en-coton-800gr-delux\/","name":"Tapis de bain 800gr 50x80CM DELUX","isPartOf":{"@id":"https:\/\/linandelle.com\/fr\/#website"},"primaryImageOfPage":{"@id":"https:\/\/linandelle.com\/fr\/produit\/tapis-de-bain-en-coton-800gr-delux\/#primaryimage"},"image":{"@id":"https:\/\/linandelle.com\/fr\/produit\/tapis-de-bain-en-coton-800gr-delux\/#primaryimage"},"thumbnailUrl":"https:\/\/linandelle.com\/wp-content\/uploads\/2024\/04\/tapis-sable-avec-baignoire-et-plante.jpg","datePublished":"2024-04-29T14:40:33+00:00","dateModified":"2026-04-24T09:07:26+00:00","description":"Tapis de bain uni 100% coton 800r m\u00b2 doux et tr\u00e8s absorbant en petit format 50x80cm, pratique et d\u00e9coratif. Disponible en plusieurs coloris.","breadcrumb":{"@id":"https:\/\/linandelle.com\/fr\/produit\/tapis-de-bain-en-coton-800gr-delux\/#breadcrumb"},"inLanguage":"fr-FR","potentialAction":[{"@type":"ReadAction","target":["https:\/\/linandelle.com\/fr\/produit\/tapis-de-bain-en-coton-800gr-delux\/"]}]},{"@type":"ImageObject","inLanguage":"fr-FR","@id":"https:\/\/linandelle.com\/fr\/produit\/tapis-de-bain-en-coton-800gr-delux\/#primaryimage","url":"https:\/\/linandelle.com\/wp-content\/uploads\/2024\/04\/tapis-sable-avec-baignoire-et-plante.jpg","contentUrl":"https:\/\/linandelle.com\/wp-content\/uploads\/2024\/04\/tapis-sable-avec-baignoire-et-plante.jpg","width":1200,"height":1200},{"@type":"BreadcrumbList","@id":"https:\/\/linandelle.com\/fr\/produit\/tapis-de-bain-en-coton-800gr-delux\/#breadcrumb","itemListElement":[{"@type":"ListItem","position":1,"name":"Produits","item":"https:\/\/linandelle.com\/fr\/shop\/"},{"@type":"ListItem","position":2,"name":"Tapis de bain en coton 800gr DELUX"}]},{"@type":"WebSite","@id":"https:\/\/linandelle.com\/fr\/#website","url":"https:\/\/linandelle.com\/fr\/","name":"Linandelle","description":"Linandelle, plus que du linge, l&#039;essentiel","publisher":{"@id":"https:\/\/linandelle.com\/fr\/#organization"},"potentialAction":[{"@type":"SearchAction","target":{"@type":"EntryPoint","urlTemplate":"https:\/\/linandelle.com\/fr\/?s={search_term_string}"},"query-input":{"@type":"PropertyValueSpecification","valueRequired":true,"valueName":"search_term_string"}}],"inLanguage":"fr-FR"},{"@type":"Organization","@id":"https:\/\/linandelle.com\/fr\/#organization","name":"Linandelle","url":"https:\/\/linandelle.com\/fr\/","logo":{"@type":"ImageObject","inLanguage":"fr-FR","@id":"https:\/\/linandelle.com\/fr\/#\/schema\/logo\/image\/","url":"https:\/\/linandelle.com\/wp-content\/uploads\/2022\/03\/logo-linandelle.jpg","contentUrl":"https:\/\/linandelle.com\/wp-content\/uploads\/2022\/03\/logo-linandelle.jpg","width":739,"height":738,"caption":"Linandelle"},"image":{"@id":"https:\/\/linandelle.com\/fr\/#\/schema\/logo\/image\/"},"sameAs":["https:\/\/www.facebook.com\/Linandelle","https:\/\/www.instagram.com\/linandelle\/","https:\/\/www.linkedin.com\/company\/18483801\/admin\/dashboard\/","https:\/\/www.pinterest.fr\/linandelle\/_created\/","https:\/\/www.youtube.com\/@linandellecharleval1016"],"email":"contact@linandelle.com","telephone":"0232687800","legalName":"SARL DU PONT DES JARDINS","vatID":"FR27448856641","taxID":"44885664100015","numberOfEmployees":{"@type":"QuantitativeValue","minValue":"1","maxValue":"10"}}]}},"_links":{"self":[{"href":"https:\/\/linandelle.com\/fr\/wp-json\/wp\/v2\/product\/76135","targetHints":{"allow":["GET"]}}],"collection":[{"href":"https:\/\/linandelle.com\/fr\/wp-json\/wp\/v2\/product"}],"about":[{"href":"https:\/\/linandelle.com\/fr\/wp-json\/wp\/v2\/types\/product"}],"wp:featuredmedia":[{"embeddable":true,"href":"https:\/\/linandelle.com\/fr\/wp-json\/wp\/v2\/media\/76602"}],"wp:attachment":[{"href":"https:\/\/linandelle.com\/fr\/wp-json\/wp\/v2\/media?parent=76135"}],"wp:term":[{"taxonomy":"product_brand","embeddable":true,"href":"https:\/\/linandelle.com\/fr\/wp-json\/wp\/v2\/product_brand?post=76135"},{"taxonomy":"product_cat","embeddable":true,"href":"https:\/\/linandelle.com\/fr\/wp-json\/wp\/v2\/product_cat?post=76135"},{"taxonomy":"product_tag","embeddable":true,"href":"https:\/\/linandelle.com\/fr\/wp-json\/wp\/v2\/product_tag?post=76135"},{"taxonomy":"woo-feed-brand","embeddable":true,"href":"https:\/\/linandelle.com\/fr\/wp-json\/wp\/v2\/woo-feed-brand?post=76135"}],"curies":[{"name":"wp","href":"https:\/\/api.w.org\/{rel}","templated":true}]}}