{"id":77139,"date":"2024-07-25T17:26:20","date_gmt":"2024-07-25T15:26:20","guid":{"rendered":"https:\/\/linandelle.com\/fr\/?post_type=product&#038;p=77139"},"modified":"2026-04-15T03:25:46","modified_gmt":"2026-04-15T01:25:46","slug":"drap-de-douche-coton-lin-eponge-aline","status":"publish","type":"product","link":"https:\/\/linandelle.com\/fr\/produit\/drap-de-douche-coton-lin-eponge-aline\/","title":{"rendered":"Drap de douche coton lin \u00e9ponge ALINE"},"content":{"rendered":"<h4><strong><u>Drap de douche coton lin bouclette \u00e9ponge ALINE.<\/u><\/strong><\/h4>\n<p>Une toute nouvelle gamme d\u2019\u00e9ponge coton lin.<\/p>\n<p><strong><em>Quel est l\u2019avantage du m\u00e9lange coton lin ? <\/em><\/strong><\/p>\n<p><em>Le lin est la plus solide de toutes les fibres de tissus,\u00a0 il est plus r\u00e9sistant dans le temps et il ne se d\u00e9forme pas. Au fil des lavages, vous b\u00e9n\u00e9ficierez en plus de son extr\u00eame douceuur.<\/em><\/p>\n<p>Une gamme, plus respectueuse de l\u2019environnement.<\/p>\n<p>Elle n\u2019est pas qu\u2019utile, elle est \u00e9galement tr\u00e8s \u00e9l\u00e9gante gr\u00e2ce \u00e0 son liteau d\u00e9coratif.<\/p>\n<p>Retrouvez la gamme compl\u00e8te, gant, serviette, drap de douche, maxi drap de bain.<\/p>\n<p>Pour offrir, ou se faire plaisir, cette ligne de bain \u00e0 toutes les qualit\u00e9s n\u00e9cessaires pour vous satisfaire.<\/p>\n<p>Caract\u00e9ristiques du drap de douche ALINE:<\/p>\n<ul>\n<li>Vendue \u00e0 l&rsquo;unit\u00e9<\/li>\n<li>80% coton\/ 20% lin<\/li>\n<li>Taille : 70x140cm<\/li>\n<li>Liteau d\u00e9coratif<\/li>\n<li>Coton peign\u00e9 longues fibres<\/li>\n<li>Densit\u00e9 : 500gr\/m2<\/li>\n<li>Coloris grand teint<\/li>\n<li>Lavable en machine \u00e0 60\u00b0C<\/li>\n<li>Fabriqu\u00e9 en U.E.<\/li>\n<li>Marque Linandelle<\/li>\n<\/ul>\n<p><u>Conseil d\u2019entretien\u00a0: <\/u><\/p>\n<p>Il est recommand\u00e9 de laisser tremper \u00e0 froid 1ou 2 heures avant le premier lavage \u00e0 chaud, afin de faire d\u00e9gorger l&rsquo;exc\u00e9dent de couleur et de permettre aux fibres de coton de trouver doucement leurs tailles d\u00e9finitives au contact de l&rsquo;eau).<\/p>\n<ul>\n<li>Ce produit lab\u00e9llis\u00e9 STANDARD 100 by\u00a0OEKO-TEX\u00ae &#8211; certificat n\u00b0 CQ 1102\/4 IFTH suit un processus de fabrication certifi\u00e9 et contr\u00f4l\u00e9, respectueux de votre peau.<\/li>\n<li>Le STANDARD 100 by\u00a0OEKO-TEX\u00ae est le premier label qui r\u00e9pond aux besoins des consommateurs en mati\u00e8re d\u2019\u00e9cologie humaine. Il garantit l\u2019absence, dans les articles certifi\u00e9s de substances nocives ou pouvant pr\u00e9senter un risque pour la sant\u00e9\u00bb<\/li>\n<\/ul>\n<p>En savoir plus\u00a0:<\/p>\n<p>&#8211; Vendu \u00e0 l\u2019unit\u00e9<\/p>\n<p>&#8211; 80% coton \/ 20% lin<\/p>\n<p>&#8211; Liteau renforc\u00e9 d\u00e9coratif<\/p>\n<p>&#8211; Du gant au drap de bain<\/p>\n<p>&#8211; Fabriqu\u00e9e en UE. Oeko Tex.<\/p>\n<p>&nbsp;<\/p>\n","protected":false},"excerpt":{"rendered":"<div class=\"et_pb_module et_pb_wc_description et_pb_wc_description_0_tb_body et_pb_bg_layout_light et_pb_text_align_left\">\n<div class=\"et_pb_module_inner\">\n<p>Une gamme en coton lin, plus \u00e9cologique, coloris naturel fabriqu\u00e9e par Linandelle.<\/p>\n<\/div>\n<\/div>\n<div class=\"et_pb_module et_pb_code et_pb_code_3_tb_body\">\n<div class=\"et_pb_code_inner\"><\/div>\n<\/div>\n<div class=\"et_pb_module et_pb_code et_pb_code_4_tb_body\"><\/div>\n<div class=\"et_pb_module et_pb_code et_pb_code_5_tb_body\">\n<div class=\"et_pb_code_inner\"><\/div>\n<\/div>\n<div class=\"et_pb_module et_pb_code et_pb_code_6_tb_body\">\n<div class=\"et_pb_code_inner\"><\/div>\n<\/div>\n<div class=\"et_pb_module et_pb_code et_pb_code_7_tb_body et_clickable\">\n<div class=\"et_pb_code_inner\"><\/div>\n<\/div>\n<div class=\"et_pb_module et_pb_code et_pb_code_8_tb_body\"><\/div>\n<div class=\"et_pb_with_border et_pb_module et_pb_wc_add_to_cart et_pb_wc_add_to_cart_0_tb_body prix-total et_pb_with_focus_border et_pb_fields_label_position_default et_pb_bg_layout_ et_pb_woo_custom_button_icon et_pb_text_align_left\" data-button-class=\"single_add_to_cart_button\" data-button-icon=\"=\" data-button-icon-tablet=\"\" data-button-icon-phone=\"\">\n<div class=\"et_pb_module_inner\">\n<form class=\"cart\" action=\"https:\/\/linandelle.com\/fr\/produit\/serviette-de-toilette-coton-lin-eponge-lina\/\" enctype=\"multipart\/form-data\" method=\"post\">\n<div class=\"tinv-wraper woocommerce tinv-wishlist tinvwl-before-add-to-cart tinvwl-woocommerce_before_add_to_cart_button\" data-tinvwl_product_id=\"77134\"><\/div>\n<\/form>\n<\/div>\n<\/div>\n","protected":false},"featured_media":77150,"template":"","meta":{"_et_pb_use_builder":"","_et_pb_old_content":"","_et_gb_content_width":""},"product_brand":[710],"product_cat":[617,713,636,708],"product_tag":[],"woo-feed-brand":[],"class_list":{"0":"post-77139","1":"product","2":"type-product","3":"status-publish","4":"has-post-thumbnail","6":"product_brand-linandelle","7":"product_cat-gammes-de-bain","8":"product_cat-selection-hiver","9":"product_cat-noel","10":"product_cat-selection-rentree","11":"tm-has-options","13":"first","14":"instock","15":"taxable","16":"shipping-taxable","17":"purchasable","18":"product-type-simple"},"yoast_head":"<!-- This site is optimized with the Yoast SEO Premium plugin v27.3 (Yoast SEO v27.3) - https:\/\/yoast.com\/product\/yoast-seo-premium-wordpress\/ -->\n<title>Drap de douche coton lin bouclette \u00e9ponge ALINE<\/title>\n<meta name=\"description\" content=\"Gamme de linge de bain rare en France compos\u00e9e de 80% coton et 20% lin, encore plus absorbante, 500gr m\u00b2, coloris naturel. Assortiment complet disponible, gant, serviette, drap de douce, maxi drap de bain.\" \/>\n<meta name=\"robots\" content=\"index, follow, max-snippet:-1, max-image-preview:large, max-video-preview:-1\" \/>\n<link rel=\"canonical\" href=\"https:\/\/linandelle.com\/fr\/produit\/drap-de-douche-coton-lin-eponge-aline\/\" \/>\n<meta property=\"og:locale\" content=\"fr_FR\" \/>\n<meta property=\"og:type\" content=\"article\" \/>\n<meta property=\"og:title\" content=\"Drap de douche coton lin bouclette \u00e9ponge ALINE\" \/>\n<meta property=\"og:description\" content=\"Gamme de linge de bain rare en France compos\u00e9e de 80% coton et 20% lin, encore plus absorbante, 500gr m\u00b2, coloris naturel. Assortiment complet disponible, gant, serviette, drap de douce, maxi drap de bain.\" \/>\n<meta property=\"og:url\" content=\"https:\/\/linandelle.com\/fr\/produit\/drap-de-douche-coton-lin-eponge-aline\/\" \/>\n<meta property=\"og:site_name\" content=\"Linandelle\" \/>\n<meta property=\"article:publisher\" content=\"https:\/\/www.facebook.com\/Linandelle\" \/>\n<meta property=\"article:modified_time\" content=\"2026-04-15T01:25:46+00:00\" \/>\n<meta property=\"og:image\" content=\"https:\/\/linandelle.com\/wp-content\/uploads\/2024\/07\/aline-serviette-FB-v2.jpg\" \/>\n\t<meta property=\"og:image:width\" content=\"1200\" \/>\n\t<meta property=\"og:image:height\" content=\"1200\" \/>\n\t<meta property=\"og:image:type\" content=\"image\/jpeg\" \/>\n<meta name=\"twitter:card\" content=\"summary_large_image\" \/>\n<meta name=\"twitter:label1\" content=\"Dur\u00e9e de lecture estim\u00e9e\" \/>\n\t<meta name=\"twitter:data1\" content=\"2 minutes\" \/>\n<script type=\"application\/ld+json\" class=\"yoast-schema-graph\">{\"@context\":\"https:\\\/\\\/schema.org\",\"@graph\":[{\"@type\":\"WebPage\",\"@id\":\"https:\\\/\\\/linandelle.com\\\/fr\\\/produit\\\/drap-de-douche-coton-lin-eponge-aline\\\/\",\"url\":\"https:\\\/\\\/linandelle.com\\\/fr\\\/produit\\\/drap-de-douche-coton-lin-eponge-aline\\\/\",\"name\":\"Drap de douche coton lin bouclette \u00e9ponge ALINE\",\"isPartOf\":{\"@id\":\"https:\\\/\\\/linandelle.com\\\/fr\\\/#website\"},\"primaryImageOfPage\":{\"@id\":\"https:\\\/\\\/linandelle.com\\\/fr\\\/produit\\\/drap-de-douche-coton-lin-eponge-aline\\\/#primaryimage\"},\"image\":{\"@id\":\"https:\\\/\\\/linandelle.com\\\/fr\\\/produit\\\/drap-de-douche-coton-lin-eponge-aline\\\/#primaryimage\"},\"thumbnailUrl\":\"https:\\\/\\\/linandelle.com\\\/wp-content\\\/uploads\\\/2024\\\/07\\\/aline-serviette-FB-v2.jpg\",\"datePublished\":\"2024-07-25T15:26:20+00:00\",\"dateModified\":\"2026-04-15T01:25:46+00:00\",\"description\":\"Gamme de linge de bain rare en France compos\u00e9e de 80% coton et 20% lin, encore plus absorbante, 500gr m\u00b2, coloris naturel. Assortiment complet disponible, gant, serviette, drap de douce, maxi drap de bain.\",\"breadcrumb\":{\"@id\":\"https:\\\/\\\/linandelle.com\\\/fr\\\/produit\\\/drap-de-douche-coton-lin-eponge-aline\\\/#breadcrumb\"},\"inLanguage\":\"fr-FR\",\"potentialAction\":[{\"@type\":\"ReadAction\",\"target\":[\"https:\\\/\\\/linandelle.com\\\/fr\\\/produit\\\/drap-de-douche-coton-lin-eponge-aline\\\/\"]}]},{\"@type\":\"ImageObject\",\"inLanguage\":\"fr-FR\",\"@id\":\"https:\\\/\\\/linandelle.com\\\/fr\\\/produit\\\/drap-de-douche-coton-lin-eponge-aline\\\/#primaryimage\",\"url\":\"https:\\\/\\\/linandelle.com\\\/wp-content\\\/uploads\\\/2024\\\/07\\\/aline-serviette-FB-v2.jpg\",\"contentUrl\":\"https:\\\/\\\/linandelle.com\\\/wp-content\\\/uploads\\\/2024\\\/07\\\/aline-serviette-FB-v2.jpg\",\"width\":1200,\"height\":1200},{\"@type\":\"BreadcrumbList\",\"@id\":\"https:\\\/\\\/linandelle.com\\\/fr\\\/produit\\\/drap-de-douche-coton-lin-eponge-aline\\\/#breadcrumb\",\"itemListElement\":[{\"@type\":\"ListItem\",\"position\":1,\"name\":\"Produits\",\"item\":\"https:\\\/\\\/linandelle.com\\\/fr\\\/shop\\\/\"},{\"@type\":\"ListItem\",\"position\":2,\"name\":\"Drap de douche coton lin \u00e9ponge ALINE\"}]},{\"@type\":\"WebSite\",\"@id\":\"https:\\\/\\\/linandelle.com\\\/fr\\\/#website\",\"url\":\"https:\\\/\\\/linandelle.com\\\/fr\\\/\",\"name\":\"Linandelle\",\"description\":\"Linandelle, plus que du linge, l&#039;essentiel\",\"publisher\":{\"@id\":\"https:\\\/\\\/linandelle.com\\\/fr\\\/#organization\"},\"potentialAction\":[{\"@type\":\"SearchAction\",\"target\":{\"@type\":\"EntryPoint\",\"urlTemplate\":\"https:\\\/\\\/linandelle.com\\\/fr\\\/?s={search_term_string}\"},\"query-input\":{\"@type\":\"PropertyValueSpecification\",\"valueRequired\":true,\"valueName\":\"search_term_string\"}}],\"inLanguage\":\"fr-FR\"},{\"@type\":\"Organization\",\"@id\":\"https:\\\/\\\/linandelle.com\\\/fr\\\/#organization\",\"name\":\"Linandelle\",\"url\":\"https:\\\/\\\/linandelle.com\\\/fr\\\/\",\"logo\":{\"@type\":\"ImageObject\",\"inLanguage\":\"fr-FR\",\"@id\":\"https:\\\/\\\/linandelle.com\\\/fr\\\/#\\\/schema\\\/logo\\\/image\\\/\",\"url\":\"https:\\\/\\\/linandelle.com\\\/wp-content\\\/uploads\\\/2022\\\/03\\\/logo-linandelle.jpg\",\"contentUrl\":\"https:\\\/\\\/linandelle.com\\\/wp-content\\\/uploads\\\/2022\\\/03\\\/logo-linandelle.jpg\",\"width\":739,\"height\":738,\"caption\":\"Linandelle\"},\"image\":{\"@id\":\"https:\\\/\\\/linandelle.com\\\/fr\\\/#\\\/schema\\\/logo\\\/image\\\/\"},\"sameAs\":[\"https:\\\/\\\/www.facebook.com\\\/Linandelle\",\"https:\\\/\\\/www.instagram.com\\\/linandelle\\\/\",\"https:\\\/\\\/www.linkedin.com\\\/company\\\/18483801\\\/admin\\\/dashboard\\\/\",\"https:\\\/\\\/www.pinterest.fr\\\/linandelle\\\/_created\\\/\",\"https:\\\/\\\/www.youtube.com\\\/@linandellecharleval1016\"],\"email\":\"contact@linandelle.com\",\"telephone\":\"0232687800\",\"legalName\":\"SARL DU PONT DES JARDINS\",\"vatID\":\"FR27448856641\",\"taxID\":\"44885664100015\",\"numberOfEmployees\":{\"@type\":\"QuantitativeValue\",\"minValue\":\"1\",\"maxValue\":\"10\"}}]}<\/script>\n<!-- \/ Yoast SEO Premium plugin. -->","yoast_head_json":{"title":"Drap de douche coton lin bouclette \u00e9ponge ALINE","description":"Gamme de linge de bain rare en France compos\u00e9e de 80% coton et 20% lin, encore plus absorbante, 500gr m\u00b2, coloris naturel. Assortiment complet disponible, gant, serviette, drap de douce, maxi drap de bain.","robots":{"index":"index","follow":"follow","max-snippet":"max-snippet:-1","max-image-preview":"max-image-preview:large","max-video-preview":"max-video-preview:-1"},"canonical":"https:\/\/linandelle.com\/fr\/produit\/drap-de-douche-coton-lin-eponge-aline\/","og_locale":"fr_FR","og_type":"article","og_title":"Drap de douche coton lin bouclette \u00e9ponge ALINE","og_description":"Gamme de linge de bain rare en France compos\u00e9e de 80% coton et 20% lin, encore plus absorbante, 500gr m\u00b2, coloris naturel. Assortiment complet disponible, gant, serviette, drap de douce, maxi drap de bain.","og_url":"https:\/\/linandelle.com\/fr\/produit\/drap-de-douche-coton-lin-eponge-aline\/","og_site_name":"Linandelle","article_publisher":"https:\/\/www.facebook.com\/Linandelle","article_modified_time":"2026-04-15T01:25:46+00:00","og_image":[{"width":1200,"height":1200,"url":"https:\/\/linandelle.com\/wp-content\/uploads\/2024\/07\/aline-serviette-FB-v2.jpg","type":"image\/jpeg"}],"twitter_card":"summary_large_image","twitter_misc":{"Dur\u00e9e de lecture estim\u00e9e":"2 minutes"},"schema":{"@context":"https:\/\/schema.org","@graph":[{"@type":"WebPage","@id":"https:\/\/linandelle.com\/fr\/produit\/drap-de-douche-coton-lin-eponge-aline\/","url":"https:\/\/linandelle.com\/fr\/produit\/drap-de-douche-coton-lin-eponge-aline\/","name":"Drap de douche coton lin bouclette \u00e9ponge ALINE","isPartOf":{"@id":"https:\/\/linandelle.com\/fr\/#website"},"primaryImageOfPage":{"@id":"https:\/\/linandelle.com\/fr\/produit\/drap-de-douche-coton-lin-eponge-aline\/#primaryimage"},"image":{"@id":"https:\/\/linandelle.com\/fr\/produit\/drap-de-douche-coton-lin-eponge-aline\/#primaryimage"},"thumbnailUrl":"https:\/\/linandelle.com\/wp-content\/uploads\/2024\/07\/aline-serviette-FB-v2.jpg","datePublished":"2024-07-25T15:26:20+00:00","dateModified":"2026-04-15T01:25:46+00:00","description":"Gamme de linge de bain rare en France compos\u00e9e de 80% coton et 20% lin, encore plus absorbante, 500gr m\u00b2, coloris naturel. Assortiment complet disponible, gant, serviette, drap de douce, maxi drap de bain.","breadcrumb":{"@id":"https:\/\/linandelle.com\/fr\/produit\/drap-de-douche-coton-lin-eponge-aline\/#breadcrumb"},"inLanguage":"fr-FR","potentialAction":[{"@type":"ReadAction","target":["https:\/\/linandelle.com\/fr\/produit\/drap-de-douche-coton-lin-eponge-aline\/"]}]},{"@type":"ImageObject","inLanguage":"fr-FR","@id":"https:\/\/linandelle.com\/fr\/produit\/drap-de-douche-coton-lin-eponge-aline\/#primaryimage","url":"https:\/\/linandelle.com\/wp-content\/uploads\/2024\/07\/aline-serviette-FB-v2.jpg","contentUrl":"https:\/\/linandelle.com\/wp-content\/uploads\/2024\/07\/aline-serviette-FB-v2.jpg","width":1200,"height":1200},{"@type":"BreadcrumbList","@id":"https:\/\/linandelle.com\/fr\/produit\/drap-de-douche-coton-lin-eponge-aline\/#breadcrumb","itemListElement":[{"@type":"ListItem","position":1,"name":"Produits","item":"https:\/\/linandelle.com\/fr\/shop\/"},{"@type":"ListItem","position":2,"name":"Drap de douche coton lin \u00e9ponge ALINE"}]},{"@type":"WebSite","@id":"https:\/\/linandelle.com\/fr\/#website","url":"https:\/\/linandelle.com\/fr\/","name":"Linandelle","description":"Linandelle, plus que du linge, l&#039;essentiel","publisher":{"@id":"https:\/\/linandelle.com\/fr\/#organization"},"potentialAction":[{"@type":"SearchAction","target":{"@type":"EntryPoint","urlTemplate":"https:\/\/linandelle.com\/fr\/?s={search_term_string}"},"query-input":{"@type":"PropertyValueSpecification","valueRequired":true,"valueName":"search_term_string"}}],"inLanguage":"fr-FR"},{"@type":"Organization","@id":"https:\/\/linandelle.com\/fr\/#organization","name":"Linandelle","url":"https:\/\/linandelle.com\/fr\/","logo":{"@type":"ImageObject","inLanguage":"fr-FR","@id":"https:\/\/linandelle.com\/fr\/#\/schema\/logo\/image\/","url":"https:\/\/linandelle.com\/wp-content\/uploads\/2022\/03\/logo-linandelle.jpg","contentUrl":"https:\/\/linandelle.com\/wp-content\/uploads\/2022\/03\/logo-linandelle.jpg","width":739,"height":738,"caption":"Linandelle"},"image":{"@id":"https:\/\/linandelle.com\/fr\/#\/schema\/logo\/image\/"},"sameAs":["https:\/\/www.facebook.com\/Linandelle","https:\/\/www.instagram.com\/linandelle\/","https:\/\/www.linkedin.com\/company\/18483801\/admin\/dashboard\/","https:\/\/www.pinterest.fr\/linandelle\/_created\/","https:\/\/www.youtube.com\/@linandellecharleval1016"],"email":"contact@linandelle.com","telephone":"0232687800","legalName":"SARL DU PONT DES JARDINS","vatID":"FR27448856641","taxID":"44885664100015","numberOfEmployees":{"@type":"QuantitativeValue","minValue":"1","maxValue":"10"}}]}},"_links":{"self":[{"href":"https:\/\/linandelle.com\/fr\/wp-json\/wp\/v2\/product\/77139","targetHints":{"allow":["GET"]}}],"collection":[{"href":"https:\/\/linandelle.com\/fr\/wp-json\/wp\/v2\/product"}],"about":[{"href":"https:\/\/linandelle.com\/fr\/wp-json\/wp\/v2\/types\/product"}],"wp:featuredmedia":[{"embeddable":true,"href":"https:\/\/linandelle.com\/fr\/wp-json\/wp\/v2\/media\/77150"}],"wp:attachment":[{"href":"https:\/\/linandelle.com\/fr\/wp-json\/wp\/v2\/media?parent=77139"}],"wp:term":[{"taxonomy":"product_brand","embeddable":true,"href":"https:\/\/linandelle.com\/fr\/wp-json\/wp\/v2\/product_brand?post=77139"},{"taxonomy":"product_cat","embeddable":true,"href":"https:\/\/linandelle.com\/fr\/wp-json\/wp\/v2\/product_cat?post=77139"},{"taxonomy":"product_tag","embeddable":true,"href":"https:\/\/linandelle.com\/fr\/wp-json\/wp\/v2\/product_tag?post=77139"},{"taxonomy":"woo-feed-brand","embeddable":true,"href":"https:\/\/linandelle.com\/fr\/wp-json\/wp\/v2\/woo-feed-brand?post=77139"}],"curies":[{"name":"wp","href":"https:\/\/api.w.org\/{rel}","templated":true}]}}