{"id":80115,"date":"2024-11-15T17:13:16","date_gmt":"2024-11-15T16:13:16","guid":{"rendered":"https:\/\/linandelle.com\/fr\/?post_type=product&#038;p=80115"},"modified":"2026-04-22T09:17:46","modified_gmt":"2026-04-22T07:17:46","slug":"peignoir-enfant-capuche-en-coton-nid-dabeille-jadou","status":"publish","type":"product","link":"https:\/\/linandelle.com\/fr\/produit\/peignoir-enfant-capuche-en-coton-nid-dabeille-jadou\/","title":{"rendered":"Peignoir enfant mixte en coton nid d&rsquo;abeille JADOU"},"content":{"rendered":"<h2><strong>Peignoir coton nid d&rsquo;abeille enfant JADOU<\/strong><\/h2>\n<p>D\u00e9couvrez notre tout nouveau peignoir pour enfant en coton nid d&rsquo;abeille.<\/p>\n<p>Profitez de l\u2019option de personnalisation par broderie, pour un achat unique.<\/p>\n<p>Le peignoir JADOU est confectionn\u00e9 \u00a0avec soin dans notre atelier, il offre une l\u00e9g\u00e8ret\u00e9 id\u00e9ale pour les moments de d\u00e9tente apr\u00e8s la douche ou pour fl\u00e2ner \u00e0 la maison. Son tissu en nid d&rsquo;abeille garantit une absorption optimale tout en offrant une l\u00e9g\u00e8ret\u00e9 incomparable. Gr\u00e2ce \u00e0 notre service de broderie, pensez \u00e0 la personnalisation, avec un pr\u00e9nom ou des initiales, id\u00e9al pour offrir ! Disponible du 2 ans au 12 ans en 4 coloris, vos enfants appr\u00e9cieront aussi sa grande capuche et ses 2\u00a0larges\u00a0poches.<\/p>\n<h3><strong>Caract\u00e9ristique de la sortie de bain JADOU<\/strong><\/h3>\n<ul>\n<li>100% coton, 250gr\/m2<\/li>\n<li>2 grandes poches.<\/li>\n<li>1 Capuche<\/li>\n<li>1 Ceinture<\/li>\n<li>Taulle\u00a0: du 2 au 12ans<\/li>\n<li>Marque Linandelle<\/li>\n<li>Fabriqu\u00e9 en France<\/li>\n<li>Lavable en machine \u00e0 40\u00b0.<\/li>\n<li>Norme Oeko Tex<\/li>\n<\/ul>\n<p>&nbsp;<\/p>\n<p>Il est conseill\u00e9 de laisser tremper quelques heures \u00e0 l&rsquo;eau froide pr\u00e9alablement.Ce produit lab\u00e9llis\u00e9 STANDARD 100 by OEKO-TEX\u00ae &#8211; certificat n\u00b0 CQ 1102\/4 IFTH suit un processus de fabrication certifi\u00e9 et contr\u00f4l\u00e9, respectueux de votre peau<\/p>\n<p>e STANDARD 100 by OEKO-TEX\u00ae est le premier label qui r\u00e9pond aux besoins des consommateurs en mati\u00e8re d\u2019\u00e9cologie humaine. Il garantit l\u2019absence, dans les articles certifi\u00e9s de substances nocives ou pouvant pr\u00e9senter un risque pour la sant\u00e9\u00bb<\/p>\n<p>En savoir plus\u00a0:<\/p>\n<p>&#8211; Peignoir enfant nid d&rsquo;abeille<\/p>\n<p>&#8211; Capuche<\/p>\n<p>&#8211; Ceinture ajustable<\/p>\n<p>&#8211; 100% coton<\/p>\n<p>&#8211; Fabriqu\u00e9 en France. Oeko Tex.<\/p>\n","protected":false},"excerpt":{"rendered":"<ul>\n<li><span style=\"font-size: 12pt;\">D\u00e9couvrez notre peignoir \u00e0 capuche confectionn\u00e9 en France 100% coton nid d&rsquo;abeille, disponible en plusieurs coloris, personnalisable par une broderie, livraison 48 \u00e0 72H.<\/span><\/li>\n<\/ul>\n","protected":false},"featured_media":80172,"template":"","meta":{"_et_pb_use_builder":"","_et_pb_old_content":"","_et_gb_content_width":""},"product_brand":[710],"product_cat":[696,318,697,357,708],"product_tag":[],"woo-feed-brand":[],"class_list":{"0":"post-80115","1":"product","2":"type-product","3":"status-publish","4":"has-post-thumbnail","6":"product_brand-linandelle","7":"product_cat-nouveautes-printemps-ete","8":"product_cat-enfants","9":"product_cat-produits-made-in-france","10":"product_cat-peignoirs-enfants-et-ados","11":"product_cat-selection-rentree","12":"tm-has-options","14":"first","15":"instock","16":"sale","17":"featured","18":"taxable","19":"shipping-taxable","20":"purchasable","21":"product-type-variable"},"yoast_head":"<!-- This site is optimized with the Yoast SEO Premium plugin v27.4 (Yoast SEO v27.4) - https:\/\/yoast.com\/product\/yoast-seo-premium-wordpress\/ -->\n<title>Peignoir enfant capuche en coton nid d&#039;abeille JADOU<\/title>\n<meta name=\"description\" content=\"Sortie de bain personnalisable avec broderie, pour enfant, avec capuche. Disponible du 4 au 12 ans, en coton nid d&#039;abeille 250gr m\u00b2. Fabriqu\u00e9 en France.\" \/>\n<meta name=\"robots\" content=\"index, follow, max-snippet:-1, max-image-preview:large, max-video-preview:-1\" \/>\n<link rel=\"canonical\" href=\"https:\/\/linandelle.com\/fr\/produit\/peignoir-enfant-capuche-en-coton-nid-dabeille-jadou\/\" \/>\n<meta property=\"og:locale\" content=\"fr_FR\" \/>\n<meta property=\"og:type\" content=\"article\" \/>\n<meta property=\"og:title\" content=\"Peignoir enfant capuche en coton nid d&#039;abeille JADOU\" \/>\n<meta property=\"og:description\" content=\"Sortie de bain personnalisable avec broderie, pour enfant, avec capuche. Disponible du 4 au 12 ans, en coton nid d&#039;abeille 250gr m\u00b2. Fabriqu\u00e9 en France.\" \/>\n<meta property=\"og:url\" content=\"https:\/\/linandelle.com\/fr\/produit\/peignoir-enfant-capuche-en-coton-nid-dabeille-jadou\/\" \/>\n<meta property=\"og:site_name\" content=\"Linandelle\" \/>\n<meta property=\"article:publisher\" content=\"https:\/\/www.facebook.com\/Linandelle\" \/>\n<meta property=\"article:modified_time\" content=\"2026-04-22T07:17:46+00:00\" \/>\n<meta property=\"og:image\" content=\"https:\/\/linandelle.com\/wp-content\/uploads\/2024\/11\/jadou-choco-face-faience.jpg\" \/>\n\t<meta property=\"og:image:width\" content=\"1200\" \/>\n\t<meta property=\"og:image:height\" content=\"1200\" \/>\n\t<meta property=\"og:image:type\" content=\"image\/jpeg\" \/>\n<meta name=\"twitter:card\" content=\"summary_large_image\" \/>\n<meta name=\"twitter:label1\" content=\"Dur\u00e9e de lecture estim\u00e9e\" \/>\n\t<meta name=\"twitter:data1\" content=\"2 minutes\" \/>\n<script type=\"application\/ld+json\" class=\"yoast-schema-graph\">{\"@context\":\"https:\\\/\\\/schema.org\",\"@graph\":[{\"@type\":\"WebPage\",\"@id\":\"https:\\\/\\\/linandelle.com\\\/fr\\\/produit\\\/peignoir-enfant-capuche-en-coton-nid-dabeille-jadou\\\/\",\"url\":\"https:\\\/\\\/linandelle.com\\\/fr\\\/produit\\\/peignoir-enfant-capuche-en-coton-nid-dabeille-jadou\\\/\",\"name\":\"Peignoir enfant capuche en coton nid d'abeille JADOU\",\"isPartOf\":{\"@id\":\"https:\\\/\\\/linandelle.com\\\/fr\\\/#website\"},\"primaryImageOfPage\":{\"@id\":\"https:\\\/\\\/linandelle.com\\\/fr\\\/produit\\\/peignoir-enfant-capuche-en-coton-nid-dabeille-jadou\\\/#primaryimage\"},\"image\":{\"@id\":\"https:\\\/\\\/linandelle.com\\\/fr\\\/produit\\\/peignoir-enfant-capuche-en-coton-nid-dabeille-jadou\\\/#primaryimage\"},\"thumbnailUrl\":\"https:\\\/\\\/linandelle.com\\\/wp-content\\\/uploads\\\/2024\\\/11\\\/jadou-choco-face-faience.jpg\",\"datePublished\":\"2024-11-15T16:13:16+00:00\",\"dateModified\":\"2026-04-22T07:17:46+00:00\",\"description\":\"Sortie de bain personnalisable avec broderie, pour enfant, avec capuche. Disponible du 4 au 12 ans, en coton nid d'abeille 250gr m\u00b2. Fabriqu\u00e9 en France.\",\"breadcrumb\":{\"@id\":\"https:\\\/\\\/linandelle.com\\\/fr\\\/produit\\\/peignoir-enfant-capuche-en-coton-nid-dabeille-jadou\\\/#breadcrumb\"},\"inLanguage\":\"fr-FR\",\"potentialAction\":[{\"@type\":\"ReadAction\",\"target\":[\"https:\\\/\\\/linandelle.com\\\/fr\\\/produit\\\/peignoir-enfant-capuche-en-coton-nid-dabeille-jadou\\\/\"]}]},{\"@type\":\"ImageObject\",\"inLanguage\":\"fr-FR\",\"@id\":\"https:\\\/\\\/linandelle.com\\\/fr\\\/produit\\\/peignoir-enfant-capuche-en-coton-nid-dabeille-jadou\\\/#primaryimage\",\"url\":\"https:\\\/\\\/linandelle.com\\\/wp-content\\\/uploads\\\/2024\\\/11\\\/jadou-choco-face-faience.jpg\",\"contentUrl\":\"https:\\\/\\\/linandelle.com\\\/wp-content\\\/uploads\\\/2024\\\/11\\\/jadou-choco-face-faience.jpg\",\"width\":1200,\"height\":1200},{\"@type\":\"BreadcrumbList\",\"@id\":\"https:\\\/\\\/linandelle.com\\\/fr\\\/produit\\\/peignoir-enfant-capuche-en-coton-nid-dabeille-jadou\\\/#breadcrumb\",\"itemListElement\":[{\"@type\":\"ListItem\",\"position\":1,\"name\":\"Produits\",\"item\":\"https:\\\/\\\/linandelle.com\\\/fr\\\/shop\\\/\"},{\"@type\":\"ListItem\",\"position\":2,\"name\":\"Peignoir enfant mixte en coton nid d&rsquo;abeille JADOU\"}]},{\"@type\":\"WebSite\",\"@id\":\"https:\\\/\\\/linandelle.com\\\/fr\\\/#website\",\"url\":\"https:\\\/\\\/linandelle.com\\\/fr\\\/\",\"name\":\"Linandelle\",\"description\":\"Linandelle, plus que du linge, l&#039;essentiel\",\"publisher\":{\"@id\":\"https:\\\/\\\/linandelle.com\\\/fr\\\/#organization\"},\"potentialAction\":[{\"@type\":\"SearchAction\",\"target\":{\"@type\":\"EntryPoint\",\"urlTemplate\":\"https:\\\/\\\/linandelle.com\\\/fr\\\/?s={search_term_string}\"},\"query-input\":{\"@type\":\"PropertyValueSpecification\",\"valueRequired\":true,\"valueName\":\"search_term_string\"}}],\"inLanguage\":\"fr-FR\"},{\"@type\":\"Organization\",\"@id\":\"https:\\\/\\\/linandelle.com\\\/fr\\\/#organization\",\"name\":\"Linandelle\",\"url\":\"https:\\\/\\\/linandelle.com\\\/fr\\\/\",\"logo\":{\"@type\":\"ImageObject\",\"inLanguage\":\"fr-FR\",\"@id\":\"https:\\\/\\\/linandelle.com\\\/fr\\\/#\\\/schema\\\/logo\\\/image\\\/\",\"url\":\"https:\\\/\\\/linandelle.com\\\/wp-content\\\/uploads\\\/2022\\\/03\\\/logo-linandelle.jpg\",\"contentUrl\":\"https:\\\/\\\/linandelle.com\\\/wp-content\\\/uploads\\\/2022\\\/03\\\/logo-linandelle.jpg\",\"width\":739,\"height\":738,\"caption\":\"Linandelle\"},\"image\":{\"@id\":\"https:\\\/\\\/linandelle.com\\\/fr\\\/#\\\/schema\\\/logo\\\/image\\\/\"},\"sameAs\":[\"https:\\\/\\\/www.facebook.com\\\/Linandelle\",\"https:\\\/\\\/www.instagram.com\\\/linandelle\\\/\",\"https:\\\/\\\/www.linkedin.com\\\/company\\\/18483801\\\/admin\\\/dashboard\\\/\",\"https:\\\/\\\/www.pinterest.fr\\\/linandelle\\\/_created\\\/\",\"https:\\\/\\\/www.youtube.com\\\/@linandellecharleval1016\"],\"email\":\"contact@linandelle.com\",\"telephone\":\"0232687800\",\"legalName\":\"SARL DU PONT DES JARDINS\",\"vatID\":\"FR27448856641\",\"taxID\":\"44885664100015\",\"numberOfEmployees\":{\"@type\":\"QuantitativeValue\",\"minValue\":\"1\",\"maxValue\":\"10\"}}]}<\/script>\n<!-- \/ Yoast SEO Premium plugin. -->","yoast_head_json":{"title":"Peignoir enfant capuche en coton nid d'abeille JADOU","description":"Sortie de bain personnalisable avec broderie, pour enfant, avec capuche. Disponible du 4 au 12 ans, en coton nid d'abeille 250gr m\u00b2. Fabriqu\u00e9 en France.","robots":{"index":"index","follow":"follow","max-snippet":"max-snippet:-1","max-image-preview":"max-image-preview:large","max-video-preview":"max-video-preview:-1"},"canonical":"https:\/\/linandelle.com\/fr\/produit\/peignoir-enfant-capuche-en-coton-nid-dabeille-jadou\/","og_locale":"fr_FR","og_type":"article","og_title":"Peignoir enfant capuche en coton nid d'abeille JADOU","og_description":"Sortie de bain personnalisable avec broderie, pour enfant, avec capuche. Disponible du 4 au 12 ans, en coton nid d'abeille 250gr m\u00b2. Fabriqu\u00e9 en France.","og_url":"https:\/\/linandelle.com\/fr\/produit\/peignoir-enfant-capuche-en-coton-nid-dabeille-jadou\/","og_site_name":"Linandelle","article_publisher":"https:\/\/www.facebook.com\/Linandelle","article_modified_time":"2026-04-22T07:17:46+00:00","og_image":[{"width":1200,"height":1200,"url":"https:\/\/linandelle.com\/wp-content\/uploads\/2024\/11\/jadou-choco-face-faience.jpg","type":"image\/jpeg"}],"twitter_card":"summary_large_image","twitter_misc":{"Dur\u00e9e de lecture estim\u00e9e":"2 minutes"},"schema":{"@context":"https:\/\/schema.org","@graph":[{"@type":"WebPage","@id":"https:\/\/linandelle.com\/fr\/produit\/peignoir-enfant-capuche-en-coton-nid-dabeille-jadou\/","url":"https:\/\/linandelle.com\/fr\/produit\/peignoir-enfant-capuche-en-coton-nid-dabeille-jadou\/","name":"Peignoir enfant capuche en coton nid d'abeille JADOU","isPartOf":{"@id":"https:\/\/linandelle.com\/fr\/#website"},"primaryImageOfPage":{"@id":"https:\/\/linandelle.com\/fr\/produit\/peignoir-enfant-capuche-en-coton-nid-dabeille-jadou\/#primaryimage"},"image":{"@id":"https:\/\/linandelle.com\/fr\/produit\/peignoir-enfant-capuche-en-coton-nid-dabeille-jadou\/#primaryimage"},"thumbnailUrl":"https:\/\/linandelle.com\/wp-content\/uploads\/2024\/11\/jadou-choco-face-faience.jpg","datePublished":"2024-11-15T16:13:16+00:00","dateModified":"2026-04-22T07:17:46+00:00","description":"Sortie de bain personnalisable avec broderie, pour enfant, avec capuche. Disponible du 4 au 12 ans, en coton nid d'abeille 250gr m\u00b2. Fabriqu\u00e9 en France.","breadcrumb":{"@id":"https:\/\/linandelle.com\/fr\/produit\/peignoir-enfant-capuche-en-coton-nid-dabeille-jadou\/#breadcrumb"},"inLanguage":"fr-FR","potentialAction":[{"@type":"ReadAction","target":["https:\/\/linandelle.com\/fr\/produit\/peignoir-enfant-capuche-en-coton-nid-dabeille-jadou\/"]}]},{"@type":"ImageObject","inLanguage":"fr-FR","@id":"https:\/\/linandelle.com\/fr\/produit\/peignoir-enfant-capuche-en-coton-nid-dabeille-jadou\/#primaryimage","url":"https:\/\/linandelle.com\/wp-content\/uploads\/2024\/11\/jadou-choco-face-faience.jpg","contentUrl":"https:\/\/linandelle.com\/wp-content\/uploads\/2024\/11\/jadou-choco-face-faience.jpg","width":1200,"height":1200},{"@type":"BreadcrumbList","@id":"https:\/\/linandelle.com\/fr\/produit\/peignoir-enfant-capuche-en-coton-nid-dabeille-jadou\/#breadcrumb","itemListElement":[{"@type":"ListItem","position":1,"name":"Produits","item":"https:\/\/linandelle.com\/fr\/shop\/"},{"@type":"ListItem","position":2,"name":"Peignoir enfant mixte en coton nid d&rsquo;abeille JADOU"}]},{"@type":"WebSite","@id":"https:\/\/linandelle.com\/fr\/#website","url":"https:\/\/linandelle.com\/fr\/","name":"Linandelle","description":"Linandelle, plus que du linge, l&#039;essentiel","publisher":{"@id":"https:\/\/linandelle.com\/fr\/#organization"},"potentialAction":[{"@type":"SearchAction","target":{"@type":"EntryPoint","urlTemplate":"https:\/\/linandelle.com\/fr\/?s={search_term_string}"},"query-input":{"@type":"PropertyValueSpecification","valueRequired":true,"valueName":"search_term_string"}}],"inLanguage":"fr-FR"},{"@type":"Organization","@id":"https:\/\/linandelle.com\/fr\/#organization","name":"Linandelle","url":"https:\/\/linandelle.com\/fr\/","logo":{"@type":"ImageObject","inLanguage":"fr-FR","@id":"https:\/\/linandelle.com\/fr\/#\/schema\/logo\/image\/","url":"https:\/\/linandelle.com\/wp-content\/uploads\/2022\/03\/logo-linandelle.jpg","contentUrl":"https:\/\/linandelle.com\/wp-content\/uploads\/2022\/03\/logo-linandelle.jpg","width":739,"height":738,"caption":"Linandelle"},"image":{"@id":"https:\/\/linandelle.com\/fr\/#\/schema\/logo\/image\/"},"sameAs":["https:\/\/www.facebook.com\/Linandelle","https:\/\/www.instagram.com\/linandelle\/","https:\/\/www.linkedin.com\/company\/18483801\/admin\/dashboard\/","https:\/\/www.pinterest.fr\/linandelle\/_created\/","https:\/\/www.youtube.com\/@linandellecharleval1016"],"email":"contact@linandelle.com","telephone":"0232687800","legalName":"SARL DU PONT DES JARDINS","vatID":"FR27448856641","taxID":"44885664100015","numberOfEmployees":{"@type":"QuantitativeValue","minValue":"1","maxValue":"10"}}]}},"_links":{"self":[{"href":"https:\/\/linandelle.com\/fr\/wp-json\/wp\/v2\/product\/80115","targetHints":{"allow":["GET"]}}],"collection":[{"href":"https:\/\/linandelle.com\/fr\/wp-json\/wp\/v2\/product"}],"about":[{"href":"https:\/\/linandelle.com\/fr\/wp-json\/wp\/v2\/types\/product"}],"wp:featuredmedia":[{"embeddable":true,"href":"https:\/\/linandelle.com\/fr\/wp-json\/wp\/v2\/media\/80172"}],"wp:attachment":[{"href":"https:\/\/linandelle.com\/fr\/wp-json\/wp\/v2\/media?parent=80115"}],"wp:term":[{"taxonomy":"product_brand","embeddable":true,"href":"https:\/\/linandelle.com\/fr\/wp-json\/wp\/v2\/product_brand?post=80115"},{"taxonomy":"product_cat","embeddable":true,"href":"https:\/\/linandelle.com\/fr\/wp-json\/wp\/v2\/product_cat?post=80115"},{"taxonomy":"product_tag","embeddable":true,"href":"https:\/\/linandelle.com\/fr\/wp-json\/wp\/v2\/product_tag?post=80115"},{"taxonomy":"woo-feed-brand","embeddable":true,"href":"https:\/\/linandelle.com\/fr\/wp-json\/wp\/v2\/woo-feed-brand?post=80115"}],"curies":[{"name":"wp","href":"https:\/\/api.w.org\/{rel}","templated":true}]}}