{"id":80280,"date":"2024-11-22T16:26:54","date_gmt":"2024-11-22T15:26:54","guid":{"rendered":"https:\/\/linandelle.com\/fr\/?post_type=product&#038;p=80280"},"modified":"2026-04-24T14:33:00","modified_gmt":"2026-04-24T12:33:00","slug":"nappe-100-coton-imprimees-flocon","status":"publish","type":"product","link":"https:\/\/linandelle.com\/fr\/produit\/nappe-100-coton-imprimees-flocon\/","title":{"rendered":"Nappe 100% coton imprim\u00e9s FLOCON"},"content":{"rendered":"<h1><strong>Nappe FLOCON<\/strong><\/h1>\n<p>C\u00e9l\u00e9brez la magie des f\u00eates avec la nappe coton FLOCON.<\/p>\n<p>Une belle table pour les f\u00eates de fin d\u2019ann\u00e9e, c\u2019est important pour vous aussi\u00a0? C\u2019est le meilleur moment pour mettre les petits plats dans les grands.<\/p>\n<p>La nappe Flocon, est confectionn\u00e9e en Normandie, par notre couturi\u00e8re.<\/p>\n<p>Vous trouverez dans la m\u00eame collection, les serviettes de table et le chemin de table.<\/p>\n<h3><u>Caract\u00e9ristiques de la nappe\u00a0:<\/u><\/h3>\n<p>100% coton<\/p>\n<p>Coloris blanc\/rouge\/gris<\/p>\n<p>Ourlets sur tout le tour de la nappe<\/p>\n<p>Fabriqu\u00e9e en France<\/p>\n<p>Norme Oeko-Tex<\/p>\n<p>Tailles disponibles : 150&#215;150, 150&#215;200, 150&#215;250, 150&#215;300. Si vous ne trouvez longueur \u00a0souhait\u00e9e, n\u2019h\u00e9sitez pas \u00e0 nous contacter, nous pouvons confectionner \u00e0 la demande Fabriqu\u00e9e dans nos\u00a0 locaux, par notre couturi\u00e8re, qualit\u00e9 et savoir-faire Fran\u00e7ais. Conseil d\u2019entretien : Il est recommand\u00e9 de faire tremper la nappe dans de l\u2019eau avec un bouchon de vinaigre, une petite heure \u00a0avant le premier lavage \u00e0 faible temp\u00e9rature, pour sceller les fibres (\u00e9viter les taches lors de l\u2019utilisation) et profiter de la nappe durablement.<\/p>\n<p>En savoir plus\u00a0: &#8211; Nappe 100% coton &#8211; Fabriqu\u00e9e en France \u2013 coton imprim\u00e9s &#8211; 170gr m\u00b2 &#8211; Lavable en machine \u00e0 60\u00b0.<\/p>\n<p>&nbsp;<\/p>\n<p>&nbsp;<\/p>\n","protected":false},"excerpt":{"rendered":"<p>Article confectionn\u00e9 en France par nos couturi\u00e8res Amandine et Flora.<\/p>\n","protected":false},"featured_media":80286,"template":"","meta":{"_et_pb_use_builder":"off","_et_pb_old_content":"<h5><strong>Nappe LINELLE<\/strong><\/h5>\r\nUne collection en lin naturel, \u00e9cologique, raffin\u00e9 et robuste c\u2019est l\u2019alli\u00e9e parfaite pour tous vos repas.\r\n\r\nDans la m\u00eame collection vous pourrez trouver le chemin de table, et les serviettes de tables, la manique, le gant, le tablier enfant et le tablier adulte.\r\n<p style=\"text-align: center\"><u>Caract\u00e9ristiques de la nappe\u00a0:<\/u><\/p>\r\n<p style=\"text-align: center\">100% lin<\/p>\r\n<p style=\"text-align: center\">170gr \/ m\u00b2<\/p>\r\n<p style=\"text-align: center\">Coloris naturel<\/p>\r\n<p style=\"text-align: center\">Ourlets sur tout le tour de la nappe<\/p>\r\n<p style=\"text-align: center\">Fabriqu\u00e9e en France<\/p>\r\n<p style=\"text-align: center\">Norme Oeko-Tex<\/p>\r\n\u00a0\r\n\r\nTailles disponibles\u00a0: 150x150, 150x200, 150x250, 150x300.\r\n\r\nSi vous ne trouvez longueur \u00a0souhait\u00e9e, n\u2019h\u00e9sitez pas \u00e0 nous contacter, nous pouvons confectionner \u00e0 la demande\r\n\r\nFabriqu\u00e9e dans nos\u00a0 locaux, par notre couturi\u00e8re, qualit\u00e9 et savoir-faire Fran\u00e7ais.\r\n\r\nConseil d\u2019entretien\u00a0: Il est recommand\u00e9 de faire tremper la nappe dans de l\u2019eau avec un bouchon de vinaigre, une petite heure \u00a0avant le premier lavage \u00e0 faible temp\u00e9rature, pour sceller les fibres (\u00e9viter les taches lors de l\u2019utilisation) et profiter de la nappe durablement.\r\n\r\n\u00a0\r\n\r\nEn savoir plus\u00a0:\r\n\r\n- Nappe 100% lin\r\n\r\n- Fabriqu\u00e9e en France\r\n\r\n- Lin naturel\r\n\r\n- 170gr m\u00b2\r\n\r\n- Lavable en machine \u00e0 60\u00b0.","_et_gb_content_width":""},"product_brand":[710],"product_cat":[704,697,442,636,27],"product_tag":[],"woo-feed-brand":[],"class_list":{"0":"post-80280","1":"product","2":"type-product","3":"status-publish","4":"has-post-thumbnail","6":"product_brand-linandelle","7":"product_cat-gamme-en-lin","8":"product_cat-produits-made-in-france","9":"product_cat-nappes-chemins-de-table","10":"product_cat-noel","11":"product_cat-table","12":"tm-has-options","14":"first","15":"instock","16":"featured","17":"taxable","18":"shipping-taxable","19":"purchasable","20":"product-type-variable"},"yoast_head":"<!-- This site is optimized with the Yoast SEO Premium plugin v27.5 (Yoast SEO v27.5) - https:\/\/yoast.com\/product\/yoast-seo-premium-wordpress\/ -->\n<title>Nappe pur coton made in france FLOCON<\/title>\n<meta name=\"description\" content=\"Une jolie nappe pour passer de magnifiques f\u00eates de fin d\u2019ann\u00e9e. Confectionn\u00e9e \u00e0 partir de coton imprim\u00e9s, dans nos ateliers en Normandie.\" \/>\n<meta name=\"robots\" content=\"index, follow, max-snippet:-1, max-image-preview:large, max-video-preview:-1\" \/>\n<link rel=\"canonical\" href=\"https:\/\/linandelle.com\/fr\/produit\/nappe-100-coton-imprimees-flocon\/\" \/>\n<meta property=\"og:locale\" content=\"fr_FR\" \/>\n<meta property=\"og:type\" content=\"article\" \/>\n<meta property=\"og:title\" content=\"Nappe pur coton made in france FLOCON\" \/>\n<meta property=\"og:description\" content=\"Une jolie nappe pour passer de magnifiques f\u00eates de fin d\u2019ann\u00e9e. Confectionn\u00e9e \u00e0 partir de coton imprim\u00e9s, dans nos ateliers en Normandie.\" \/>\n<meta property=\"og:url\" content=\"https:\/\/linandelle.com\/fr\/produit\/nappe-100-coton-imprimees-flocon\/\" \/>\n<meta property=\"og:site_name\" content=\"Linandelle\" \/>\n<meta property=\"article:publisher\" content=\"https:\/\/www.facebook.com\/Linandelle\" \/>\n<meta property=\"article:modified_time\" content=\"2026-04-24T12:33:00+00:00\" \/>\n<meta property=\"og:image\" content=\"https:\/\/linandelle.com\/wp-content\/uploads\/2024\/11\/NAPPE-NOEL-CARRE-ambiance.jpg\" \/>\n\t<meta property=\"og:image:width\" content=\"1600\" \/>\n\t<meta property=\"og:image:height\" content=\"1600\" \/>\n\t<meta property=\"og:image:type\" content=\"image\/jpeg\" \/>\n<meta name=\"twitter:card\" content=\"summary_large_image\" \/>\n<meta name=\"twitter:label1\" content=\"Dur\u00e9e de lecture estim\u00e9e\" \/>\n\t<meta name=\"twitter:data1\" content=\"2 minutes\" \/>\n<script type=\"application\/ld+json\" class=\"yoast-schema-graph\">{\"@context\":\"https:\\\/\\\/schema.org\",\"@graph\":[{\"@type\":\"WebPage\",\"@id\":\"https:\\\/\\\/linandelle.com\\\/fr\\\/produit\\\/nappe-100-coton-imprimees-flocon\\\/\",\"url\":\"https:\\\/\\\/linandelle.com\\\/fr\\\/produit\\\/nappe-100-coton-imprimees-flocon\\\/\",\"name\":\"Nappe pur coton made in france FLOCON\",\"isPartOf\":{\"@id\":\"https:\\\/\\\/linandelle.com\\\/fr\\\/#website\"},\"primaryImageOfPage\":{\"@id\":\"https:\\\/\\\/linandelle.com\\\/fr\\\/produit\\\/nappe-100-coton-imprimees-flocon\\\/#primaryimage\"},\"image\":{\"@id\":\"https:\\\/\\\/linandelle.com\\\/fr\\\/produit\\\/nappe-100-coton-imprimees-flocon\\\/#primaryimage\"},\"thumbnailUrl\":\"https:\\\/\\\/linandelle.com\\\/wp-content\\\/uploads\\\/2024\\\/11\\\/NAPPE-NOEL-CARRE-ambiance.jpg\",\"datePublished\":\"2024-11-22T15:26:54+00:00\",\"dateModified\":\"2026-04-24T12:33:00+00:00\",\"description\":\"Une jolie nappe pour passer de magnifiques f\u00eates de fin d\u2019ann\u00e9e. Confectionn\u00e9e \u00e0 partir de coton imprim\u00e9s, dans nos ateliers en Normandie.\",\"breadcrumb\":{\"@id\":\"https:\\\/\\\/linandelle.com\\\/fr\\\/produit\\\/nappe-100-coton-imprimees-flocon\\\/#breadcrumb\"},\"inLanguage\":\"fr-FR\",\"potentialAction\":[{\"@type\":\"ReadAction\",\"target\":[\"https:\\\/\\\/linandelle.com\\\/fr\\\/produit\\\/nappe-100-coton-imprimees-flocon\\\/\"]}]},{\"@type\":\"ImageObject\",\"inLanguage\":\"fr-FR\",\"@id\":\"https:\\\/\\\/linandelle.com\\\/fr\\\/produit\\\/nappe-100-coton-imprimees-flocon\\\/#primaryimage\",\"url\":\"https:\\\/\\\/linandelle.com\\\/wp-content\\\/uploads\\\/2024\\\/11\\\/NAPPE-NOEL-CARRE-ambiance.jpg\",\"contentUrl\":\"https:\\\/\\\/linandelle.com\\\/wp-content\\\/uploads\\\/2024\\\/11\\\/NAPPE-NOEL-CARRE-ambiance.jpg\",\"width\":1600,\"height\":1600,\"caption\":\"NAPPE NOEL CARRE ambiance\"},{\"@type\":\"BreadcrumbList\",\"@id\":\"https:\\\/\\\/linandelle.com\\\/fr\\\/produit\\\/nappe-100-coton-imprimees-flocon\\\/#breadcrumb\",\"itemListElement\":[{\"@type\":\"ListItem\",\"position\":1,\"name\":\"Produits\",\"item\":\"https:\\\/\\\/linandelle.com\\\/fr\\\/shop\\\/\"},{\"@type\":\"ListItem\",\"position\":2,\"name\":\"Nappe 100% coton imprim\u00e9s FLOCON\"}]},{\"@type\":\"WebSite\",\"@id\":\"https:\\\/\\\/linandelle.com\\\/fr\\\/#website\",\"url\":\"https:\\\/\\\/linandelle.com\\\/fr\\\/\",\"name\":\"Linandelle\",\"description\":\"Linandelle, plus que du linge, l&#039;essentiel\",\"publisher\":{\"@id\":\"https:\\\/\\\/linandelle.com\\\/fr\\\/#organization\"},\"potentialAction\":[{\"@type\":\"SearchAction\",\"target\":{\"@type\":\"EntryPoint\",\"urlTemplate\":\"https:\\\/\\\/linandelle.com\\\/fr\\\/?s={search_term_string}\"},\"query-input\":{\"@type\":\"PropertyValueSpecification\",\"valueRequired\":true,\"valueName\":\"search_term_string\"}}],\"inLanguage\":\"fr-FR\"},{\"@type\":\"Organization\",\"@id\":\"https:\\\/\\\/linandelle.com\\\/fr\\\/#organization\",\"name\":\"Linandelle\",\"url\":\"https:\\\/\\\/linandelle.com\\\/fr\\\/\",\"logo\":{\"@type\":\"ImageObject\",\"inLanguage\":\"fr-FR\",\"@id\":\"https:\\\/\\\/linandelle.com\\\/fr\\\/#\\\/schema\\\/logo\\\/image\\\/\",\"url\":\"https:\\\/\\\/linandelle.com\\\/wp-content\\\/uploads\\\/2022\\\/03\\\/logo-linandelle.jpg\",\"contentUrl\":\"https:\\\/\\\/linandelle.com\\\/wp-content\\\/uploads\\\/2022\\\/03\\\/logo-linandelle.jpg\",\"width\":739,\"height\":738,\"caption\":\"Linandelle\"},\"image\":{\"@id\":\"https:\\\/\\\/linandelle.com\\\/fr\\\/#\\\/schema\\\/logo\\\/image\\\/\"},\"sameAs\":[\"https:\\\/\\\/www.facebook.com\\\/Linandelle\",\"https:\\\/\\\/www.instagram.com\\\/linandelle\\\/\",\"https:\\\/\\\/www.linkedin.com\\\/company\\\/18483801\\\/admin\\\/dashboard\\\/\",\"https:\\\/\\\/www.pinterest.fr\\\/linandelle\\\/_created\\\/\",\"https:\\\/\\\/www.youtube.com\\\/@linandellecharleval1016\"],\"email\":\"contact@linandelle.com\",\"telephone\":\"0232687800\",\"legalName\":\"SARL DU PONT DES JARDINS\",\"vatID\":\"FR27448856641\",\"taxID\":\"44885664100015\",\"numberOfEmployees\":{\"@type\":\"QuantitativeValue\",\"minValue\":\"1\",\"maxValue\":\"10\"}}]}<\/script>\n<!-- \/ Yoast SEO Premium plugin. -->","yoast_head_json":{"title":"Nappe pur coton made in france FLOCON","description":"Une jolie nappe pour passer de magnifiques f\u00eates de fin d\u2019ann\u00e9e. Confectionn\u00e9e \u00e0 partir de coton imprim\u00e9s, dans nos ateliers en Normandie.","robots":{"index":"index","follow":"follow","max-snippet":"max-snippet:-1","max-image-preview":"max-image-preview:large","max-video-preview":"max-video-preview:-1"},"canonical":"https:\/\/linandelle.com\/fr\/produit\/nappe-100-coton-imprimees-flocon\/","og_locale":"fr_FR","og_type":"article","og_title":"Nappe pur coton made in france FLOCON","og_description":"Une jolie nappe pour passer de magnifiques f\u00eates de fin d\u2019ann\u00e9e. Confectionn\u00e9e \u00e0 partir de coton imprim\u00e9s, dans nos ateliers en Normandie.","og_url":"https:\/\/linandelle.com\/fr\/produit\/nappe-100-coton-imprimees-flocon\/","og_site_name":"Linandelle","article_publisher":"https:\/\/www.facebook.com\/Linandelle","article_modified_time":"2026-04-24T12:33:00+00:00","og_image":[{"width":1600,"height":1600,"url":"https:\/\/linandelle.com\/wp-content\/uploads\/2024\/11\/NAPPE-NOEL-CARRE-ambiance.jpg","type":"image\/jpeg"}],"twitter_card":"summary_large_image","twitter_misc":{"Dur\u00e9e de lecture estim\u00e9e":"2 minutes"},"schema":{"@context":"https:\/\/schema.org","@graph":[{"@type":"WebPage","@id":"https:\/\/linandelle.com\/fr\/produit\/nappe-100-coton-imprimees-flocon\/","url":"https:\/\/linandelle.com\/fr\/produit\/nappe-100-coton-imprimees-flocon\/","name":"Nappe pur coton made in france FLOCON","isPartOf":{"@id":"https:\/\/linandelle.com\/fr\/#website"},"primaryImageOfPage":{"@id":"https:\/\/linandelle.com\/fr\/produit\/nappe-100-coton-imprimees-flocon\/#primaryimage"},"image":{"@id":"https:\/\/linandelle.com\/fr\/produit\/nappe-100-coton-imprimees-flocon\/#primaryimage"},"thumbnailUrl":"https:\/\/linandelle.com\/wp-content\/uploads\/2024\/11\/NAPPE-NOEL-CARRE-ambiance.jpg","datePublished":"2024-11-22T15:26:54+00:00","dateModified":"2026-04-24T12:33:00+00:00","description":"Une jolie nappe pour passer de magnifiques f\u00eates de fin d\u2019ann\u00e9e. Confectionn\u00e9e \u00e0 partir de coton imprim\u00e9s, dans nos ateliers en Normandie.","breadcrumb":{"@id":"https:\/\/linandelle.com\/fr\/produit\/nappe-100-coton-imprimees-flocon\/#breadcrumb"},"inLanguage":"fr-FR","potentialAction":[{"@type":"ReadAction","target":["https:\/\/linandelle.com\/fr\/produit\/nappe-100-coton-imprimees-flocon\/"]}]},{"@type":"ImageObject","inLanguage":"fr-FR","@id":"https:\/\/linandelle.com\/fr\/produit\/nappe-100-coton-imprimees-flocon\/#primaryimage","url":"https:\/\/linandelle.com\/wp-content\/uploads\/2024\/11\/NAPPE-NOEL-CARRE-ambiance.jpg","contentUrl":"https:\/\/linandelle.com\/wp-content\/uploads\/2024\/11\/NAPPE-NOEL-CARRE-ambiance.jpg","width":1600,"height":1600,"caption":"NAPPE NOEL CARRE ambiance"},{"@type":"BreadcrumbList","@id":"https:\/\/linandelle.com\/fr\/produit\/nappe-100-coton-imprimees-flocon\/#breadcrumb","itemListElement":[{"@type":"ListItem","position":1,"name":"Produits","item":"https:\/\/linandelle.com\/fr\/shop\/"},{"@type":"ListItem","position":2,"name":"Nappe 100% coton imprim\u00e9s FLOCON"}]},{"@type":"WebSite","@id":"https:\/\/linandelle.com\/fr\/#website","url":"https:\/\/linandelle.com\/fr\/","name":"Linandelle","description":"Linandelle, plus que du linge, l&#039;essentiel","publisher":{"@id":"https:\/\/linandelle.com\/fr\/#organization"},"potentialAction":[{"@type":"SearchAction","target":{"@type":"EntryPoint","urlTemplate":"https:\/\/linandelle.com\/fr\/?s={search_term_string}"},"query-input":{"@type":"PropertyValueSpecification","valueRequired":true,"valueName":"search_term_string"}}],"inLanguage":"fr-FR"},{"@type":"Organization","@id":"https:\/\/linandelle.com\/fr\/#organization","name":"Linandelle","url":"https:\/\/linandelle.com\/fr\/","logo":{"@type":"ImageObject","inLanguage":"fr-FR","@id":"https:\/\/linandelle.com\/fr\/#\/schema\/logo\/image\/","url":"https:\/\/linandelle.com\/wp-content\/uploads\/2022\/03\/logo-linandelle.jpg","contentUrl":"https:\/\/linandelle.com\/wp-content\/uploads\/2022\/03\/logo-linandelle.jpg","width":739,"height":738,"caption":"Linandelle"},"image":{"@id":"https:\/\/linandelle.com\/fr\/#\/schema\/logo\/image\/"},"sameAs":["https:\/\/www.facebook.com\/Linandelle","https:\/\/www.instagram.com\/linandelle\/","https:\/\/www.linkedin.com\/company\/18483801\/admin\/dashboard\/","https:\/\/www.pinterest.fr\/linandelle\/_created\/","https:\/\/www.youtube.com\/@linandellecharleval1016"],"email":"contact@linandelle.com","telephone":"0232687800","legalName":"SARL DU PONT DES JARDINS","vatID":"FR27448856641","taxID":"44885664100015","numberOfEmployees":{"@type":"QuantitativeValue","minValue":"1","maxValue":"10"}}]}},"_links":{"self":[{"href":"https:\/\/linandelle.com\/fr\/wp-json\/wp\/v2\/product\/80280","targetHints":{"allow":["GET"]}}],"collection":[{"href":"https:\/\/linandelle.com\/fr\/wp-json\/wp\/v2\/product"}],"about":[{"href":"https:\/\/linandelle.com\/fr\/wp-json\/wp\/v2\/types\/product"}],"wp:featuredmedia":[{"embeddable":true,"href":"https:\/\/linandelle.com\/fr\/wp-json\/wp\/v2\/media\/80286"}],"wp:attachment":[{"href":"https:\/\/linandelle.com\/fr\/wp-json\/wp\/v2\/media?parent=80280"}],"wp:term":[{"taxonomy":"product_brand","embeddable":true,"href":"https:\/\/linandelle.com\/fr\/wp-json\/wp\/v2\/product_brand?post=80280"},{"taxonomy":"product_cat","embeddable":true,"href":"https:\/\/linandelle.com\/fr\/wp-json\/wp\/v2\/product_cat?post=80280"},{"taxonomy":"product_tag","embeddable":true,"href":"https:\/\/linandelle.com\/fr\/wp-json\/wp\/v2\/product_tag?post=80280"},{"taxonomy":"woo-feed-brand","embeddable":true,"href":"https:\/\/linandelle.com\/fr\/wp-json\/wp\/v2\/woo-feed-brand?post=80280"}],"curies":[{"name":"wp","href":"https:\/\/api.w.org\/{rel}","templated":true}]}}