{"id":80460,"date":"2024-11-28T11:46:01","date_gmt":"2024-11-28T10:46:01","guid":{"rendered":"https:\/\/linandelle.com\/fr\/?post_type=product&#038;p=80460"},"modified":"2026-04-23T15:00:44","modified_gmt":"2026-04-23T13:00:44","slug":"parure-housse-de-couette-coton-flanelle57-fils-imprime-roma","status":"publish","type":"product","link":"https:\/\/linandelle.com\/fr\/produit\/parure-housse-de-couette-coton-flanelle57-fils-imprime-roma\/","title":{"rendered":"Parure housse de couette coton flanelle 57 fils imprim\u00e9 ROMA"},"content":{"rendered":"<h1><strong>Parure en coton\u00a0 flanelle ROMA<br \/>\n<\/strong><\/h1>\n<p>Un tout nouveau mod\u00e8le de Linge de lit en coton flanelle pour passer un hiver au chaud !<\/p>\n<p>La flanelle est un coton \u00e9pais gratt\u00e9, qui absorbe et conserve votre chaleur, donnant aux draps cette sensation de chaleur.<br \/>\nParticuli\u00e8rement recherch\u00e9s dans les saisons froides, dans des pi\u00e8ces peu chauff\u00e9es, ou pour les enfants souvent frileux.<\/p>\n<h5><strong>Caract\u00e9ristique de la parure ROMA :<\/strong><\/h5>\n<p>La parure comprend \u00a0la housse de couette\u00a0 et les taies d&rsquo;oreiller 65X65.<br \/>\nDisponible pour tous les lits de 90&#215;190 (1 place) \u00e0 180&#215;200 (King size)<br \/>\nMotifs imprim\u00e9s floraux<\/p>\n<p>Composition 100% coton flanelle 180gr\/m2<br \/>\nLavage en machine \u00e0 40\u00b0C<br \/>\nNorme Oeko tex<br \/>\nFabriqu\u00e9 en UE<\/p>\n<p>D\u00e9tail des dimensions propos\u00e9es :<\/p>\n<p>Pour lit 1 personne 90&#215;190 :housse de couette140x200\u00a0 + 1 taie 65&#215;65<br \/>\nPour lit 2 personnes 140&#215;190 : Housse de couete 220&#215;240 + 2 taies 65&#215;65<br \/>\nPour lit 2 personnes 160&#215;200 \/ 180&#215;200 : Housse de couette 240&#215;260 + 2 taies 65&#215;65<\/p>\n<p>En savoir plus\u00a0:<\/p>\n<p>&#8211; Parure coton<\/p>\n<p>&#8211; Parure housse de couette + taies<\/p>\n<p>&#8211; Coton 57 fils<\/p>\n<p>&#8211; Fabriqu\u00e9e en U.E<\/p>\n<p>&#8211; Tr\u00e8s chaude.<\/p>\n<p>&nbsp;<\/p>\n<h5><\/h5>\n<p>&nbsp;<\/p>\n<p>&nbsp;<\/p>\n","protected":false},"excerpt":{"rendered":"<p>Parure en coton\u00a0 flanelle ROMA Un tout nouveau mod\u00e8le de Linge de lit en coton flanelle pour passer un hiver au chaud ! La flanelle est un coton \u00e9pais gratt\u00e9, qui absorbe et conserve votre chaleur, donnant aux draps cette sensation de chaleur. Particuli\u00e8rement recherch\u00e9s dans les saisons froides, dans des pi\u00e8ces peu chauff\u00e9es, ou [&hellip;]<\/p>\n","protected":false},"featured_media":80449,"template":"","meta":{"_et_pb_use_builder":"","_et_pb_old_content":"","_et_gb_content_width":""},"product_brand":[710],"product_cat":[626,713,24,167],"product_tag":[],"woo-feed-brand":[],"class_list":{"0":"post-80460","1":"product","2":"type-product","3":"status-publish","4":"has-post-thumbnail","6":"product_brand-linandelle","7":"product_cat-fins-de-series","8":"product_cat-selection-hiver","9":"product_cat-linge-de-lit","10":"product_cat-parures-de-lit","11":"tm-no-options","13":"first","14":"instock","15":"sale","16":"featured","17":"taxable","18":"shipping-taxable","19":"purchasable","20":"product-type-variable"},"yoast_head":"<!-- This site is optimized with the Yoast SEO Premium plugin v27.4 (Yoast SEO v27.4) - https:\/\/yoast.com\/product\/yoast-seo-premium-wordpress\/ -->\n<title>Parure housse de couette flanelle ROMA<\/title>\n<meta name=\"description\" content=\"Parure de lit \u00e0 motifs 100% coton imprim\u00e9 flanelle, id\u00e9ale pour les nuits fraiches d&#039;hiver, d&#039;une grande douceur et d&#039;une tr\u00e8s belle qualit\u00e9\" \/>\n<meta name=\"robots\" content=\"index, follow, max-snippet:-1, max-image-preview:large, max-video-preview:-1\" \/>\n<link rel=\"canonical\" href=\"https:\/\/linandelle.com\/fr\/produit\/parure-housse-de-couette-coton-flanelle57-fils-imprime-roma\/\" \/>\n<meta property=\"og:locale\" content=\"fr_FR\" \/>\n<meta property=\"og:type\" content=\"article\" \/>\n<meta property=\"og:title\" content=\"Parure housse de couette flanelle ROMA\" \/>\n<meta property=\"og:description\" content=\"Parure de lit \u00e0 motifs 100% coton imprim\u00e9 flanelle, id\u00e9ale pour les nuits fraiches d&#039;hiver, d&#039;une grande douceur et d&#039;une tr\u00e8s belle qualit\u00e9\" \/>\n<meta property=\"og:url\" content=\"https:\/\/linandelle.com\/fr\/produit\/parure-housse-de-couette-coton-flanelle57-fils-imprime-roma\/\" \/>\n<meta property=\"og:site_name\" content=\"Linandelle\" \/>\n<meta property=\"article:publisher\" content=\"https:\/\/www.facebook.com\/Linandelle\" \/>\n<meta property=\"article:modified_time\" content=\"2026-04-23T13:00:44+00:00\" \/>\n<meta property=\"og:image\" content=\"https:\/\/linandelle.com\/wp-content\/uploads\/2024\/11\/ROMA-AZUL-scaled.jpg\" \/>\n\t<meta property=\"og:image:width\" content=\"2880\" \/>\n\t<meta property=\"og:image:height\" content=\"2880\" \/>\n\t<meta property=\"og:image:type\" content=\"image\/jpeg\" \/>\n<meta name=\"twitter:card\" content=\"summary_large_image\" \/>\n<meta name=\"twitter:label1\" content=\"Dur\u00e9e de lecture estim\u00e9e\" \/>\n\t<meta name=\"twitter:data1\" content=\"2 minutes\" \/>\n<script type=\"application\/ld+json\" class=\"yoast-schema-graph\">{\"@context\":\"https:\\\/\\\/schema.org\",\"@graph\":[{\"@type\":\"WebPage\",\"@id\":\"https:\\\/\\\/linandelle.com\\\/fr\\\/produit\\\/parure-housse-de-couette-coton-flanelle57-fils-imprime-roma\\\/\",\"url\":\"https:\\\/\\\/linandelle.com\\\/fr\\\/produit\\\/parure-housse-de-couette-coton-flanelle57-fils-imprime-roma\\\/\",\"name\":\"Parure housse de couette flanelle ROMA\",\"isPartOf\":{\"@id\":\"https:\\\/\\\/linandelle.com\\\/fr\\\/#website\"},\"primaryImageOfPage\":{\"@id\":\"https:\\\/\\\/linandelle.com\\\/fr\\\/produit\\\/parure-housse-de-couette-coton-flanelle57-fils-imprime-roma\\\/#primaryimage\"},\"image\":{\"@id\":\"https:\\\/\\\/linandelle.com\\\/fr\\\/produit\\\/parure-housse-de-couette-coton-flanelle57-fils-imprime-roma\\\/#primaryimage\"},\"thumbnailUrl\":\"https:\\\/\\\/linandelle.com\\\/wp-content\\\/uploads\\\/2024\\\/11\\\/ROMA-AZUL-scaled.jpg\",\"datePublished\":\"2024-11-28T10:46:01+00:00\",\"dateModified\":\"2026-04-23T13:00:44+00:00\",\"description\":\"Parure de lit \u00e0 motifs 100% coton imprim\u00e9 flanelle, id\u00e9ale pour les nuits fraiches d'hiver, d'une grande douceur et d'une tr\u00e8s belle qualit\u00e9\",\"breadcrumb\":{\"@id\":\"https:\\\/\\\/linandelle.com\\\/fr\\\/produit\\\/parure-housse-de-couette-coton-flanelle57-fils-imprime-roma\\\/#breadcrumb\"},\"inLanguage\":\"fr-FR\",\"potentialAction\":[{\"@type\":\"ReadAction\",\"target\":[\"https:\\\/\\\/linandelle.com\\\/fr\\\/produit\\\/parure-housse-de-couette-coton-flanelle57-fils-imprime-roma\\\/\"]}]},{\"@type\":\"ImageObject\",\"inLanguage\":\"fr-FR\",\"@id\":\"https:\\\/\\\/linandelle.com\\\/fr\\\/produit\\\/parure-housse-de-couette-coton-flanelle57-fils-imprime-roma\\\/#primaryimage\",\"url\":\"https:\\\/\\\/linandelle.com\\\/wp-content\\\/uploads\\\/2024\\\/11\\\/ROMA-AZUL-scaled.jpg\",\"contentUrl\":\"https:\\\/\\\/linandelle.com\\\/wp-content\\\/uploads\\\/2024\\\/11\\\/ROMA-AZUL-scaled.jpg\",\"width\":2880,\"height\":2880},{\"@type\":\"BreadcrumbList\",\"@id\":\"https:\\\/\\\/linandelle.com\\\/fr\\\/produit\\\/parure-housse-de-couette-coton-flanelle57-fils-imprime-roma\\\/#breadcrumb\",\"itemListElement\":[{\"@type\":\"ListItem\",\"position\":1,\"name\":\"Produits\",\"item\":\"https:\\\/\\\/linandelle.com\\\/fr\\\/shop\\\/\"},{\"@type\":\"ListItem\",\"position\":2,\"name\":\"Parure housse de couette coton flanelle 57 fils imprim\u00e9 ROMA\"}]},{\"@type\":\"WebSite\",\"@id\":\"https:\\\/\\\/linandelle.com\\\/fr\\\/#website\",\"url\":\"https:\\\/\\\/linandelle.com\\\/fr\\\/\",\"name\":\"Linandelle\",\"description\":\"Linandelle, plus que du linge, l&#039;essentiel\",\"publisher\":{\"@id\":\"https:\\\/\\\/linandelle.com\\\/fr\\\/#organization\"},\"potentialAction\":[{\"@type\":\"SearchAction\",\"target\":{\"@type\":\"EntryPoint\",\"urlTemplate\":\"https:\\\/\\\/linandelle.com\\\/fr\\\/?s={search_term_string}\"},\"query-input\":{\"@type\":\"PropertyValueSpecification\",\"valueRequired\":true,\"valueName\":\"search_term_string\"}}],\"inLanguage\":\"fr-FR\"},{\"@type\":\"Organization\",\"@id\":\"https:\\\/\\\/linandelle.com\\\/fr\\\/#organization\",\"name\":\"Linandelle\",\"url\":\"https:\\\/\\\/linandelle.com\\\/fr\\\/\",\"logo\":{\"@type\":\"ImageObject\",\"inLanguage\":\"fr-FR\",\"@id\":\"https:\\\/\\\/linandelle.com\\\/fr\\\/#\\\/schema\\\/logo\\\/image\\\/\",\"url\":\"https:\\\/\\\/linandelle.com\\\/wp-content\\\/uploads\\\/2022\\\/03\\\/logo-linandelle.jpg\",\"contentUrl\":\"https:\\\/\\\/linandelle.com\\\/wp-content\\\/uploads\\\/2022\\\/03\\\/logo-linandelle.jpg\",\"width\":739,\"height\":738,\"caption\":\"Linandelle\"},\"image\":{\"@id\":\"https:\\\/\\\/linandelle.com\\\/fr\\\/#\\\/schema\\\/logo\\\/image\\\/\"},\"sameAs\":[\"https:\\\/\\\/www.facebook.com\\\/Linandelle\",\"https:\\\/\\\/www.instagram.com\\\/linandelle\\\/\",\"https:\\\/\\\/www.linkedin.com\\\/company\\\/18483801\\\/admin\\\/dashboard\\\/\",\"https:\\\/\\\/www.pinterest.fr\\\/linandelle\\\/_created\\\/\",\"https:\\\/\\\/www.youtube.com\\\/@linandellecharleval1016\"],\"email\":\"contact@linandelle.com\",\"telephone\":\"0232687800\",\"legalName\":\"SARL DU PONT DES JARDINS\",\"vatID\":\"FR27448856641\",\"taxID\":\"44885664100015\",\"numberOfEmployees\":{\"@type\":\"QuantitativeValue\",\"minValue\":\"1\",\"maxValue\":\"10\"}}]}<\/script>\n<!-- \/ Yoast SEO Premium plugin. -->","yoast_head_json":{"title":"Parure housse de couette flanelle ROMA","description":"Parure de lit \u00e0 motifs 100% coton imprim\u00e9 flanelle, id\u00e9ale pour les nuits fraiches d'hiver, d'une grande douceur et d'une tr\u00e8s belle qualit\u00e9","robots":{"index":"index","follow":"follow","max-snippet":"max-snippet:-1","max-image-preview":"max-image-preview:large","max-video-preview":"max-video-preview:-1"},"canonical":"https:\/\/linandelle.com\/fr\/produit\/parure-housse-de-couette-coton-flanelle57-fils-imprime-roma\/","og_locale":"fr_FR","og_type":"article","og_title":"Parure housse de couette flanelle ROMA","og_description":"Parure de lit \u00e0 motifs 100% coton imprim\u00e9 flanelle, id\u00e9ale pour les nuits fraiches d'hiver, d'une grande douceur et d'une tr\u00e8s belle qualit\u00e9","og_url":"https:\/\/linandelle.com\/fr\/produit\/parure-housse-de-couette-coton-flanelle57-fils-imprime-roma\/","og_site_name":"Linandelle","article_publisher":"https:\/\/www.facebook.com\/Linandelle","article_modified_time":"2026-04-23T13:00:44+00:00","og_image":[{"width":2880,"height":2880,"url":"https:\/\/linandelle.com\/wp-content\/uploads\/2024\/11\/ROMA-AZUL-scaled.jpg","type":"image\/jpeg"}],"twitter_card":"summary_large_image","twitter_misc":{"Dur\u00e9e de lecture estim\u00e9e":"2 minutes"},"schema":{"@context":"https:\/\/schema.org","@graph":[{"@type":"WebPage","@id":"https:\/\/linandelle.com\/fr\/produit\/parure-housse-de-couette-coton-flanelle57-fils-imprime-roma\/","url":"https:\/\/linandelle.com\/fr\/produit\/parure-housse-de-couette-coton-flanelle57-fils-imprime-roma\/","name":"Parure housse de couette flanelle ROMA","isPartOf":{"@id":"https:\/\/linandelle.com\/fr\/#website"},"primaryImageOfPage":{"@id":"https:\/\/linandelle.com\/fr\/produit\/parure-housse-de-couette-coton-flanelle57-fils-imprime-roma\/#primaryimage"},"image":{"@id":"https:\/\/linandelle.com\/fr\/produit\/parure-housse-de-couette-coton-flanelle57-fils-imprime-roma\/#primaryimage"},"thumbnailUrl":"https:\/\/linandelle.com\/wp-content\/uploads\/2024\/11\/ROMA-AZUL-scaled.jpg","datePublished":"2024-11-28T10:46:01+00:00","dateModified":"2026-04-23T13:00:44+00:00","description":"Parure de lit \u00e0 motifs 100% coton imprim\u00e9 flanelle, id\u00e9ale pour les nuits fraiches d'hiver, d'une grande douceur et d'une tr\u00e8s belle qualit\u00e9","breadcrumb":{"@id":"https:\/\/linandelle.com\/fr\/produit\/parure-housse-de-couette-coton-flanelle57-fils-imprime-roma\/#breadcrumb"},"inLanguage":"fr-FR","potentialAction":[{"@type":"ReadAction","target":["https:\/\/linandelle.com\/fr\/produit\/parure-housse-de-couette-coton-flanelle57-fils-imprime-roma\/"]}]},{"@type":"ImageObject","inLanguage":"fr-FR","@id":"https:\/\/linandelle.com\/fr\/produit\/parure-housse-de-couette-coton-flanelle57-fils-imprime-roma\/#primaryimage","url":"https:\/\/linandelle.com\/wp-content\/uploads\/2024\/11\/ROMA-AZUL-scaled.jpg","contentUrl":"https:\/\/linandelle.com\/wp-content\/uploads\/2024\/11\/ROMA-AZUL-scaled.jpg","width":2880,"height":2880},{"@type":"BreadcrumbList","@id":"https:\/\/linandelle.com\/fr\/produit\/parure-housse-de-couette-coton-flanelle57-fils-imprime-roma\/#breadcrumb","itemListElement":[{"@type":"ListItem","position":1,"name":"Produits","item":"https:\/\/linandelle.com\/fr\/shop\/"},{"@type":"ListItem","position":2,"name":"Parure housse de couette coton flanelle 57 fils imprim\u00e9 ROMA"}]},{"@type":"WebSite","@id":"https:\/\/linandelle.com\/fr\/#website","url":"https:\/\/linandelle.com\/fr\/","name":"Linandelle","description":"Linandelle, plus que du linge, l&#039;essentiel","publisher":{"@id":"https:\/\/linandelle.com\/fr\/#organization"},"potentialAction":[{"@type":"SearchAction","target":{"@type":"EntryPoint","urlTemplate":"https:\/\/linandelle.com\/fr\/?s={search_term_string}"},"query-input":{"@type":"PropertyValueSpecification","valueRequired":true,"valueName":"search_term_string"}}],"inLanguage":"fr-FR"},{"@type":"Organization","@id":"https:\/\/linandelle.com\/fr\/#organization","name":"Linandelle","url":"https:\/\/linandelle.com\/fr\/","logo":{"@type":"ImageObject","inLanguage":"fr-FR","@id":"https:\/\/linandelle.com\/fr\/#\/schema\/logo\/image\/","url":"https:\/\/linandelle.com\/wp-content\/uploads\/2022\/03\/logo-linandelle.jpg","contentUrl":"https:\/\/linandelle.com\/wp-content\/uploads\/2022\/03\/logo-linandelle.jpg","width":739,"height":738,"caption":"Linandelle"},"image":{"@id":"https:\/\/linandelle.com\/fr\/#\/schema\/logo\/image\/"},"sameAs":["https:\/\/www.facebook.com\/Linandelle","https:\/\/www.instagram.com\/linandelle\/","https:\/\/www.linkedin.com\/company\/18483801\/admin\/dashboard\/","https:\/\/www.pinterest.fr\/linandelle\/_created\/","https:\/\/www.youtube.com\/@linandellecharleval1016"],"email":"contact@linandelle.com","telephone":"0232687800","legalName":"SARL DU PONT DES JARDINS","vatID":"FR27448856641","taxID":"44885664100015","numberOfEmployees":{"@type":"QuantitativeValue","minValue":"1","maxValue":"10"}}]}},"_links":{"self":[{"href":"https:\/\/linandelle.com\/fr\/wp-json\/wp\/v2\/product\/80460","targetHints":{"allow":["GET"]}}],"collection":[{"href":"https:\/\/linandelle.com\/fr\/wp-json\/wp\/v2\/product"}],"about":[{"href":"https:\/\/linandelle.com\/fr\/wp-json\/wp\/v2\/types\/product"}],"wp:featuredmedia":[{"embeddable":true,"href":"https:\/\/linandelle.com\/fr\/wp-json\/wp\/v2\/media\/80449"}],"wp:attachment":[{"href":"https:\/\/linandelle.com\/fr\/wp-json\/wp\/v2\/media?parent=80460"}],"wp:term":[{"taxonomy":"product_brand","embeddable":true,"href":"https:\/\/linandelle.com\/fr\/wp-json\/wp\/v2\/product_brand?post=80460"},{"taxonomy":"product_cat","embeddable":true,"href":"https:\/\/linandelle.com\/fr\/wp-json\/wp\/v2\/product_cat?post=80460"},{"taxonomy":"product_tag","embeddable":true,"href":"https:\/\/linandelle.com\/fr\/wp-json\/wp\/v2\/product_tag?post=80460"},{"taxonomy":"woo-feed-brand","embeddable":true,"href":"https:\/\/linandelle.com\/fr\/wp-json\/wp\/v2\/woo-feed-brand?post=80460"}],"curies":[{"name":"wp","href":"https:\/\/api.w.org\/{rel}","templated":true}]}}