{"id":82489,"date":"2025-04-08T17:19:28","date_gmt":"2025-04-08T15:19:28","guid":{"rendered":"https:\/\/linandelle.com\/fr\/?post_type=product&#038;p=82489"},"modified":"2026-04-28T17:58:13","modified_gmt":"2026-04-28T15:58:13","slug":"serviette-et-gants-de-toilette-en-coton-eponge-etoile","status":"publish","type":"product","link":"https:\/\/linandelle.com\/fr\/produit\/serviette-et-gants-de-toilette-en-coton-eponge-etoile\/","title":{"rendered":"Serviette et 2 gants de toilette en coton \u00e9ponge \u00c9TOILE"},"content":{"rendered":"<h3>Serviette enfant et 2 gants de toilette en coton \u00e9ponge 480 g\/m\u00b2 \u2013 Motif \u00c9toile<\/h3>\n<p>Offrez \u00e0 votre enfant douceur, confort et autonomie avec la serviette accompagn\u00e9e de ses 2 gants de toilette motif \u00c9toile. Con\u00e7ue sp\u00e9cialement pour les plus petits, Cet ensemble de bain en coton \u00e9ponge de haute qualit\u00e9 permet \u00e0 votre enfant de se laver et de se s\u00e9cher seul, en toute simplicit\u00e9.<\/p>\n<p>Fabriqu\u00e9s \u00e0 partir d\u2019une \u00e9ponge \u00e9paisse de 480 g\/m\u00b2, la serviette et les gants offrent une excellente capacit\u00e9 d\u2019absorption tout en respectant la peau sensible et d\u00e9licate des enfants. Leur texture douce et moelleuse garantit un confort optimal au quotidien, m\u00eame apr\u00e8s de nombreux lavages.<\/p>\n<p>Disponibles en coloris intemporels \u2013 blanc, gris, taupe et \u00e9cru \u2013 ils s\u2019adaptent facilement \u00e0 tous les styles.<\/p>\n<p>La jolie bande \u00e0 motifs \u00e9toile, apporte une touche \u00e0 la fois ludique et \u00e9l\u00e9gante \u00e0 la salle de bain<\/p>\n<h3>Personnalisation par broderie<\/h3>\n<p>Ajoutez une touche unique \u00e0 votre linge de bain gr\u00e2ce \u00e0 la personnalisation par broderie. Faites broder le pr\u00e9nom de votre enfant sur la serviette pour cr\u00e9er un produit \u00e0 la fois pratique et personnel.<\/p>\n<p>La broderie est r\u00e9alis\u00e9e avec soin pour garantir un rendu esth\u00e9tique et durable, r\u00e9sistant aux lavages r\u00e9p\u00e9t\u00e9s. Une id\u00e9e parfaite pour un cadeau de naissance, un anniversaire ou tout simplement pour faire plaisir.<\/p>\n<h3>Fabrication fran\u00e7aise<\/h3>\n<p>Cette serviette et les gants de toilette sont fabriqu\u00e9s en France, gage de qualit\u00e9 et de savoir-faire. En choisissant ce produit, vous privil\u00e9giez une fabrication locale, respectueuse des normes et con\u00e7ue pour durer.<\/p>\n<h3>Caract\u00e9ristiques<\/h3>\n<ul>\n<li>Ensemble compos\u00e9 d\u2019une serviette (50 x 80 cm) et de 2 gants de toilette (16 x 12 cm)<\/li>\n<li>Mati\u00e8re : coton \u00e9ponge 480 g\/m\u00b2, \u00e9pais et absorbant<\/li>\n<li>Bande d\u00e9corative \u00e0 motifs \u00e9toiles<\/li>\n<li>Doux et respectueux de la peau des enfants<\/li>\n<li>Fabrication fran\u00e7aise<\/li>\n<li>Certification Oeko-Tex (sans substances nocives)<\/li>\n<li>Coloris disponibles : blanc, gris, taupe, \u00e9cru<\/li>\n<li>Personnalisation possible par broderie<\/li>\n<\/ul>\n<h3>Pourquoi choisir la serviette et les gants motif \u00c9toile ?<\/h3>\n<ul>\n<li>Id\u00e9al pour encourager l\u2019autonomie des enfants<\/li>\n<li>Parfait pour une utilisation quotidienne (bain, douche)<\/li>\n<li>Produit personnalisable pour un cadeau unique<\/li>\n<li>Excellente qualit\u00e9 et grande durabilit\u00e9<\/li>\n<li>Design doux et enfantin avec motif \u00e9toiles<\/li>\n<\/ul>\n<p>&nbsp;<\/p>\n<ul>\n<li>Ce produit lab\u00e9llis\u00e9 STANDARD 100 by\u00a0OEKO-TEX\u00ae &#8211; certificat n\u00b0 CQ 1102\/4 IFTH suit un processus de fabrication certifi\u00e9 et contr\u00f4l\u00e9, respectueux de votre peau.<\/li>\n<li>Le STANDARD 100 by\u00a0OEKO-TEX\u00ae est le premier label qui r\u00e9pond aux besoins des consommateurs en mati\u00e8re d\u2019\u00e9cologie humaine. Il garantit l\u2019absence, dans les articles certifi\u00e9s de substances nocives ou pouvant pr\u00e9senter un risque pour la sant\u00e9\u00bb<\/li>\n<\/ul>\n<div class=\"et_pb_row et_pb_row_3_tb_body\">\n<div class=\"et_pb_column et_pb_column_4_4 et_pb_column_4_tb_body et_pb_css_mix_blend_mode_passthrough et-last-child\">\n<div class=\"et_pb_module et_pb_wc_tabs et_pb_wc_tabs_0_tb_body et_pb_tabs \">\n<div class=\"et_pb_all_tabs\">\n<div class=\"et_pb_tab clearfix et_pb_active_content et-pb-active-slide\"><\/div>\n<\/div>\n<\/div>\n<\/div>\n<\/div>\n","protected":false},"excerpt":{"rendered":"<p>Lot comprenant la serviette de bain pour enfant et le gant de toilette assorti, fabriqu\u00e9 en France, livraison rapide 48 \u00e0 72h.<\/p>\n","protected":false},"featured_media":82482,"template":"","meta":{"_et_pb_use_builder":"","_et_pb_old_content":"","_et_gb_content_width":""},"product_brand":[],"product_cat":[697,909],"product_tag":[],"woo-feed-brand":[],"class_list":{"0":"post-82489","1":"product","2":"type-product","3":"status-publish","4":"has-post-thumbnail","6":"product_cat-produits-made-in-france","7":"product_cat-serviettes-de-bain-enfant","8":"tm-has-options","10":"first","11":"instock","12":"sale","13":"taxable","14":"shipping-taxable","15":"purchasable","16":"product-type-variable"},"yoast_head":"<!-- This site is optimized with the Yoast SEO Premium plugin v27.5 (Yoast SEO v27.5) - https:\/\/yoast.com\/product\/yoast-seo-premium-wordpress\/ -->\n<title>Serviette et 2 gants de toilette coton \u00e9ponge 480gr m\u00b2 \u00c9TOILE<\/title>\n<meta name=\"description\" content=\"La serviette et les 2 gants de toilette enfant \u00c9TOILE, fabriqu\u00e9s en France dans nos ateliers, personnalisation possible par une broderie. Super cadeau !\" \/>\n<meta name=\"robots\" content=\"index, follow, max-snippet:-1, max-image-preview:large, max-video-preview:-1\" \/>\n<link rel=\"canonical\" href=\"https:\/\/linandelle.com\/fr\/produit\/serviette-et-gants-de-toilette-en-coton-eponge-etoile\/\" \/>\n<meta property=\"og:locale\" content=\"fr_FR\" \/>\n<meta property=\"og:type\" content=\"article\" \/>\n<meta property=\"og:title\" content=\"Serviette et 2 gants de toilette coton \u00e9ponge 480gr m\u00b2 \u00c9TOILE\" \/>\n<meta property=\"og:description\" content=\"La serviette et les 2 gants de toilette enfant \u00c9TOILE, fabriqu\u00e9s en France dans nos ateliers, personnalisation possible par une broderie. Super cadeau !\" \/>\n<meta property=\"og:url\" content=\"https:\/\/linandelle.com\/fr\/produit\/serviette-et-gants-de-toilette-en-coton-eponge-etoile\/\" \/>\n<meta property=\"og:site_name\" content=\"Linandelle\" \/>\n<meta property=\"article:publisher\" content=\"https:\/\/www.facebook.com\/Linandelle\" \/>\n<meta property=\"article:modified_time\" content=\"2026-04-28T15:58:13+00:00\" \/>\n<meta property=\"og:image\" content=\"https:\/\/linandelle.com\/wp-content\/uploads\/2025\/04\/serviette-taupe.jpg\" \/>\n\t<meta property=\"og:image:width\" content=\"1200\" \/>\n\t<meta property=\"og:image:height\" content=\"1200\" \/>\n\t<meta property=\"og:image:type\" content=\"image\/jpeg\" \/>\n<meta name=\"twitter:card\" content=\"summary_large_image\" \/>\n<meta name=\"twitter:label1\" content=\"Dur\u00e9e de lecture estim\u00e9e\" \/>\n\t<meta name=\"twitter:data1\" content=\"3 minutes\" \/>\n<script type=\"application\/ld+json\" class=\"yoast-schema-graph\">{\"@context\":\"https:\\\/\\\/schema.org\",\"@graph\":[{\"@type\":\"WebPage\",\"@id\":\"https:\\\/\\\/linandelle.com\\\/fr\\\/produit\\\/serviette-et-gants-de-toilette-en-coton-eponge-etoile\\\/\",\"url\":\"https:\\\/\\\/linandelle.com\\\/fr\\\/produit\\\/serviette-et-gants-de-toilette-en-coton-eponge-etoile\\\/\",\"name\":\"Serviette et 2 gants de toilette coton \u00e9ponge 480gr m\u00b2 \u00c9TOILE\",\"isPartOf\":{\"@id\":\"https:\\\/\\\/linandelle.com\\\/fr\\\/#website\"},\"primaryImageOfPage\":{\"@id\":\"https:\\\/\\\/linandelle.com\\\/fr\\\/produit\\\/serviette-et-gants-de-toilette-en-coton-eponge-etoile\\\/#primaryimage\"},\"image\":{\"@id\":\"https:\\\/\\\/linandelle.com\\\/fr\\\/produit\\\/serviette-et-gants-de-toilette-en-coton-eponge-etoile\\\/#primaryimage\"},\"thumbnailUrl\":\"https:\\\/\\\/linandelle.com\\\/wp-content\\\/uploads\\\/2025\\\/04\\\/serviette-taupe.jpg\",\"datePublished\":\"2025-04-08T15:19:28+00:00\",\"dateModified\":\"2026-04-28T15:58:13+00:00\",\"description\":\"La serviette et les 2 gants de toilette enfant \u00c9TOILE, fabriqu\u00e9s en France dans nos ateliers, personnalisation possible par une broderie. Super cadeau !\",\"breadcrumb\":{\"@id\":\"https:\\\/\\\/linandelle.com\\\/fr\\\/produit\\\/serviette-et-gants-de-toilette-en-coton-eponge-etoile\\\/#breadcrumb\"},\"inLanguage\":\"fr-FR\",\"potentialAction\":[{\"@type\":\"ReadAction\",\"target\":[\"https:\\\/\\\/linandelle.com\\\/fr\\\/produit\\\/serviette-et-gants-de-toilette-en-coton-eponge-etoile\\\/\"]}]},{\"@type\":\"ImageObject\",\"inLanguage\":\"fr-FR\",\"@id\":\"https:\\\/\\\/linandelle.com\\\/fr\\\/produit\\\/serviette-et-gants-de-toilette-en-coton-eponge-etoile\\\/#primaryimage\",\"url\":\"https:\\\/\\\/linandelle.com\\\/wp-content\\\/uploads\\\/2025\\\/04\\\/serviette-taupe.jpg\",\"contentUrl\":\"https:\\\/\\\/linandelle.com\\\/wp-content\\\/uploads\\\/2025\\\/04\\\/serviette-taupe.jpg\",\"width\":1200,\"height\":1200},{\"@type\":\"BreadcrumbList\",\"@id\":\"https:\\\/\\\/linandelle.com\\\/fr\\\/produit\\\/serviette-et-gants-de-toilette-en-coton-eponge-etoile\\\/#breadcrumb\",\"itemListElement\":[{\"@type\":\"ListItem\",\"position\":1,\"name\":\"Produits\",\"item\":\"https:\\\/\\\/linandelle.com\\\/fr\\\/shop\\\/\"},{\"@type\":\"ListItem\",\"position\":2,\"name\":\"Serviette et 2 gants de toilette en coton \u00e9ponge \u00c9TOILE\"}]},{\"@type\":\"WebSite\",\"@id\":\"https:\\\/\\\/linandelle.com\\\/fr\\\/#website\",\"url\":\"https:\\\/\\\/linandelle.com\\\/fr\\\/\",\"name\":\"Linandelle\",\"description\":\"Linandelle, plus que du linge, l&#039;essentiel\",\"publisher\":{\"@id\":\"https:\\\/\\\/linandelle.com\\\/fr\\\/#organization\"},\"potentialAction\":[{\"@type\":\"SearchAction\",\"target\":{\"@type\":\"EntryPoint\",\"urlTemplate\":\"https:\\\/\\\/linandelle.com\\\/fr\\\/?s={search_term_string}\"},\"query-input\":{\"@type\":\"PropertyValueSpecification\",\"valueRequired\":true,\"valueName\":\"search_term_string\"}}],\"inLanguage\":\"fr-FR\"},{\"@type\":\"Organization\",\"@id\":\"https:\\\/\\\/linandelle.com\\\/fr\\\/#organization\",\"name\":\"Linandelle\",\"url\":\"https:\\\/\\\/linandelle.com\\\/fr\\\/\",\"logo\":{\"@type\":\"ImageObject\",\"inLanguage\":\"fr-FR\",\"@id\":\"https:\\\/\\\/linandelle.com\\\/fr\\\/#\\\/schema\\\/logo\\\/image\\\/\",\"url\":\"https:\\\/\\\/linandelle.com\\\/wp-content\\\/uploads\\\/2022\\\/03\\\/logo-linandelle.jpg\",\"contentUrl\":\"https:\\\/\\\/linandelle.com\\\/wp-content\\\/uploads\\\/2022\\\/03\\\/logo-linandelle.jpg\",\"width\":739,\"height\":738,\"caption\":\"Linandelle\"},\"image\":{\"@id\":\"https:\\\/\\\/linandelle.com\\\/fr\\\/#\\\/schema\\\/logo\\\/image\\\/\"},\"sameAs\":[\"https:\\\/\\\/www.facebook.com\\\/Linandelle\",\"https:\\\/\\\/www.instagram.com\\\/linandelle\\\/\",\"https:\\\/\\\/www.linkedin.com\\\/company\\\/18483801\\\/admin\\\/dashboard\\\/\",\"https:\\\/\\\/www.pinterest.fr\\\/linandelle\\\/_created\\\/\",\"https:\\\/\\\/www.youtube.com\\\/@linandellecharleval1016\"],\"email\":\"contact@linandelle.com\",\"telephone\":\"0232687800\",\"legalName\":\"SARL DU PONT DES JARDINS\",\"vatID\":\"FR27448856641\",\"taxID\":\"44885664100015\",\"numberOfEmployees\":{\"@type\":\"QuantitativeValue\",\"minValue\":\"1\",\"maxValue\":\"10\"}}]}<\/script>\n<!-- \/ Yoast SEO Premium plugin. -->","yoast_head_json":{"title":"Serviette et 2 gants de toilette coton \u00e9ponge 480gr m\u00b2 \u00c9TOILE","description":"La serviette et les 2 gants de toilette enfant \u00c9TOILE, fabriqu\u00e9s en France dans nos ateliers, personnalisation possible par une broderie. Super cadeau !","robots":{"index":"index","follow":"follow","max-snippet":"max-snippet:-1","max-image-preview":"max-image-preview:large","max-video-preview":"max-video-preview:-1"},"canonical":"https:\/\/linandelle.com\/fr\/produit\/serviette-et-gants-de-toilette-en-coton-eponge-etoile\/","og_locale":"fr_FR","og_type":"article","og_title":"Serviette et 2 gants de toilette coton \u00e9ponge 480gr m\u00b2 \u00c9TOILE","og_description":"La serviette et les 2 gants de toilette enfant \u00c9TOILE, fabriqu\u00e9s en France dans nos ateliers, personnalisation possible par une broderie. Super cadeau !","og_url":"https:\/\/linandelle.com\/fr\/produit\/serviette-et-gants-de-toilette-en-coton-eponge-etoile\/","og_site_name":"Linandelle","article_publisher":"https:\/\/www.facebook.com\/Linandelle","article_modified_time":"2026-04-28T15:58:13+00:00","og_image":[{"width":1200,"height":1200,"url":"https:\/\/linandelle.com\/wp-content\/uploads\/2025\/04\/serviette-taupe.jpg","type":"image\/jpeg"}],"twitter_card":"summary_large_image","twitter_misc":{"Dur\u00e9e de lecture estim\u00e9e":"3 minutes"},"schema":{"@context":"https:\/\/schema.org","@graph":[{"@type":"WebPage","@id":"https:\/\/linandelle.com\/fr\/produit\/serviette-et-gants-de-toilette-en-coton-eponge-etoile\/","url":"https:\/\/linandelle.com\/fr\/produit\/serviette-et-gants-de-toilette-en-coton-eponge-etoile\/","name":"Serviette et 2 gants de toilette coton \u00e9ponge 480gr m\u00b2 \u00c9TOILE","isPartOf":{"@id":"https:\/\/linandelle.com\/fr\/#website"},"primaryImageOfPage":{"@id":"https:\/\/linandelle.com\/fr\/produit\/serviette-et-gants-de-toilette-en-coton-eponge-etoile\/#primaryimage"},"image":{"@id":"https:\/\/linandelle.com\/fr\/produit\/serviette-et-gants-de-toilette-en-coton-eponge-etoile\/#primaryimage"},"thumbnailUrl":"https:\/\/linandelle.com\/wp-content\/uploads\/2025\/04\/serviette-taupe.jpg","datePublished":"2025-04-08T15:19:28+00:00","dateModified":"2026-04-28T15:58:13+00:00","description":"La serviette et les 2 gants de toilette enfant \u00c9TOILE, fabriqu\u00e9s en France dans nos ateliers, personnalisation possible par une broderie. Super cadeau !","breadcrumb":{"@id":"https:\/\/linandelle.com\/fr\/produit\/serviette-et-gants-de-toilette-en-coton-eponge-etoile\/#breadcrumb"},"inLanguage":"fr-FR","potentialAction":[{"@type":"ReadAction","target":["https:\/\/linandelle.com\/fr\/produit\/serviette-et-gants-de-toilette-en-coton-eponge-etoile\/"]}]},{"@type":"ImageObject","inLanguage":"fr-FR","@id":"https:\/\/linandelle.com\/fr\/produit\/serviette-et-gants-de-toilette-en-coton-eponge-etoile\/#primaryimage","url":"https:\/\/linandelle.com\/wp-content\/uploads\/2025\/04\/serviette-taupe.jpg","contentUrl":"https:\/\/linandelle.com\/wp-content\/uploads\/2025\/04\/serviette-taupe.jpg","width":1200,"height":1200},{"@type":"BreadcrumbList","@id":"https:\/\/linandelle.com\/fr\/produit\/serviette-et-gants-de-toilette-en-coton-eponge-etoile\/#breadcrumb","itemListElement":[{"@type":"ListItem","position":1,"name":"Produits","item":"https:\/\/linandelle.com\/fr\/shop\/"},{"@type":"ListItem","position":2,"name":"Serviette et 2 gants de toilette en coton \u00e9ponge \u00c9TOILE"}]},{"@type":"WebSite","@id":"https:\/\/linandelle.com\/fr\/#website","url":"https:\/\/linandelle.com\/fr\/","name":"Linandelle","description":"Linandelle, plus que du linge, l&#039;essentiel","publisher":{"@id":"https:\/\/linandelle.com\/fr\/#organization"},"potentialAction":[{"@type":"SearchAction","target":{"@type":"EntryPoint","urlTemplate":"https:\/\/linandelle.com\/fr\/?s={search_term_string}"},"query-input":{"@type":"PropertyValueSpecification","valueRequired":true,"valueName":"search_term_string"}}],"inLanguage":"fr-FR"},{"@type":"Organization","@id":"https:\/\/linandelle.com\/fr\/#organization","name":"Linandelle","url":"https:\/\/linandelle.com\/fr\/","logo":{"@type":"ImageObject","inLanguage":"fr-FR","@id":"https:\/\/linandelle.com\/fr\/#\/schema\/logo\/image\/","url":"https:\/\/linandelle.com\/wp-content\/uploads\/2022\/03\/logo-linandelle.jpg","contentUrl":"https:\/\/linandelle.com\/wp-content\/uploads\/2022\/03\/logo-linandelle.jpg","width":739,"height":738,"caption":"Linandelle"},"image":{"@id":"https:\/\/linandelle.com\/fr\/#\/schema\/logo\/image\/"},"sameAs":["https:\/\/www.facebook.com\/Linandelle","https:\/\/www.instagram.com\/linandelle\/","https:\/\/www.linkedin.com\/company\/18483801\/admin\/dashboard\/","https:\/\/www.pinterest.fr\/linandelle\/_created\/","https:\/\/www.youtube.com\/@linandellecharleval1016"],"email":"contact@linandelle.com","telephone":"0232687800","legalName":"SARL DU PONT DES JARDINS","vatID":"FR27448856641","taxID":"44885664100015","numberOfEmployees":{"@type":"QuantitativeValue","minValue":"1","maxValue":"10"}}]}},"_links":{"self":[{"href":"https:\/\/linandelle.com\/fr\/wp-json\/wp\/v2\/product\/82489","targetHints":{"allow":["GET"]}}],"collection":[{"href":"https:\/\/linandelle.com\/fr\/wp-json\/wp\/v2\/product"}],"about":[{"href":"https:\/\/linandelle.com\/fr\/wp-json\/wp\/v2\/types\/product"}],"wp:featuredmedia":[{"embeddable":true,"href":"https:\/\/linandelle.com\/fr\/wp-json\/wp\/v2\/media\/82482"}],"wp:attachment":[{"href":"https:\/\/linandelle.com\/fr\/wp-json\/wp\/v2\/media?parent=82489"}],"wp:term":[{"taxonomy":"product_brand","embeddable":true,"href":"https:\/\/linandelle.com\/fr\/wp-json\/wp\/v2\/product_brand?post=82489"},{"taxonomy":"product_cat","embeddable":true,"href":"https:\/\/linandelle.com\/fr\/wp-json\/wp\/v2\/product_cat?post=82489"},{"taxonomy":"product_tag","embeddable":true,"href":"https:\/\/linandelle.com\/fr\/wp-json\/wp\/v2\/product_tag?post=82489"},{"taxonomy":"woo-feed-brand","embeddable":true,"href":"https:\/\/linandelle.com\/fr\/wp-json\/wp\/v2\/woo-feed-brand?post=82489"}],"curies":[{"name":"wp","href":"https:\/\/api.w.org\/{rel}","templated":true}]}}