{"id":82517,"date":"2025-04-09T11:40:52","date_gmt":"2025-04-09T09:40:52","guid":{"rendered":"https:\/\/linandelle.com\/fr\/?post_type=product&#038;p=82517"},"modified":"2026-04-22T09:16:57","modified_gmt":"2026-04-22T07:16:57","slug":"cape-de-bain-bebe-eponge-480gr-m%c2%b2-fabriquee-en-france-tournicoquin","status":"publish","type":"product","link":"https:\/\/linandelle.com\/fr\/produit\/cape-de-bain-bebe-eponge-480gr-m%c2%b2-fabriquee-en-france-tournicoquin\/","title":{"rendered":"Cape de bain b\u00e9b\u00e9 coton \u00e9ponge TOURNICOQUIN"},"content":{"rendered":"<p><strong><u>Sortie de bain\u00a0 en coton \u00e9ponge TOURNICOQUIN<\/u><\/strong><\/p>\n<p>Vous recherchez une sortie de bain en \u00e9ponge pour b\u00e9b\u00e9 d\u2019une tr\u00e8s belle qualit\u00e9\u00a0?<\/p>\n<p>La cape de bain est fabriqu\u00e9e en France, dans nos ateliers.<\/p>\n<p>Les capes de bain Linandelle sont incontournables !<\/p>\n<p>L\u2019\u00e9ponge utilis\u00e9e respecte la peau de votre b\u00e9b\u00e9, et le bandeau \u00e0 motif enfantin apporte originalit\u00e9.<\/p>\n<p>Elle peut \u00eatre personnalis\u00e9e en brodant le pr\u00e9nom ou surnom \u00a0de l&rsquo;enfant, ce qui en fait une tr\u00e8s belle id\u00e9e cadeau.<\/p>\n<p><strong><u>Caract\u00e9ristiques de la cape TOURNICOQUIN<\/u><\/strong><\/p>\n<p>Linandelle vous propose cet accessoire \u00a0de bain fabriqu\u00e9 dans nos ateliers fran\u00e7ais.<\/p>\n<ul>\n<li>\u00a0Compos\u00e9e en 100% bouclette \u00e9ponge 480gr\/m2.<\/li>\n<li>Dimensions 80x80cm<\/li>\n<li>Disponible en, gris, blanc, taupe, \u00e9cru.<\/li>\n<li>Bandeau \u00e0 motif 100% coton<\/li>\n<li>Fabriqu\u00e9e en France.<\/li>\n<li>Norme OekoTex.<\/li>\n<\/ul>\n<p><strong>Nos conseils d&rsquo;entretien :<\/strong><\/p>\n<p>100% coton, lavable en machine \u00e0 60\u00b0C, s\u00e8che-linge autoris\u00e9.<\/p>\n<p><strong>Les avantages de l&rsquo;\u00e9ponge :<\/strong><\/p>\n<p>L&rsquo;\u00e9ponge 480gr m\u00b2 est particuli\u00e8rement douce absorbante et tr\u00e8s r\u00e9sistante.<\/p>\n<p>Elle s\u00e8che rapidement et garde son moelleux m\u00eame apr\u00e8s utilisation.<\/p>\n<ul>\n<li>Ce produit lab\u00e9llis\u00e9 STANDARD 100 by OEKO-TEX\u00ae &#8211; certificat n\u00b0 CQ 1102\/4 IFTH suit un processus de fabrication certifi\u00e9 et contr\u00f4l\u00e9, respectueux de votre peau.<br \/>\n\u2022 Le STANDARD 100 by OEKO-TEX\u00ae est le premier label qui r\u00e9pond aux besoins des consommateurs en mati\u00e8re d\u2019\u00e9cologie humaine. Il garantit l\u2019absence, dans les articles certifi\u00e9s de substances nocives ou pouvant pr\u00e9senter un risque pour la sant\u00e9<\/li>\n<\/ul>\n<p>En savoir plus\u00a0:<\/p>\n<p>&#8211; \u00c9ponge 480gr<\/p>\n<p>&#8211; Capuche pour la t\u00eate<\/p>\n<p>&#8211; Fabriqu\u00e9e en France<\/p>\n<p>&#8211; Tr\u00e8s douce<\/p>\n<p>&#8211; Motifs originaux.<\/p>\n","protected":false},"excerpt":{"rendered":"<p>Cape de bain b\u00e9b\u00e9 en coton \u00e9ponge confectionn\u00e9e en France par nos couturi\u00e8re Amandine et Flora, Livraison rapide en 48\/72h.<\/p>\n","protected":false},"featured_media":82535,"template":"","meta":{"_et_pb_use_builder":"","_et_pb_old_content":"","_et_gb_content_width":""},"product_brand":[710],"product_cat":[707,318,697],"product_tag":[],"woo-feed-brand":[],"class_list":{"0":"post-82517","1":"product","2":"type-product","3":"status-publish","4":"has-post-thumbnail","6":"product_brand-linandelle","7":"product_cat-cape-de-bain-bebe-fabrique-en-france","8":"product_cat-enfants","9":"product_cat-produits-made-in-france","10":"tm-has-options","12":"first","13":"instock","14":"sale","15":"featured","16":"taxable","17":"shipping-taxable","18":"purchasable","19":"product-type-variable"},"yoast_head":"<!-- This site is optimized with the Yoast SEO Premium plugin v27.5 (Yoast SEO v27.5) - https:\/\/yoast.com\/product\/yoast-seo-premium-wordpress\/ -->\n<title>Cape de bain b\u00e9b\u00e9 en ponge \u00e0 motifs TOURNICOQUIN<\/title>\n<meta name=\"description\" content=\"A la recherche d&#039;un cadeau pour un nouveau-n\u00e9 ? Linandelle vous propose une cape de bain \u00e0 personnaliser par broderie aux motifs enfantins.\" \/>\n<meta name=\"robots\" content=\"index, follow, max-snippet:-1, max-image-preview:large, max-video-preview:-1\" \/>\n<link rel=\"canonical\" href=\"https:\/\/linandelle.com\/fr\/produit\/cape-de-bain-bebe-eponge-480gr-m\u00b2-fabriquee-en-france-tournicoquin\/\" \/>\n<meta property=\"og:locale\" content=\"fr_FR\" \/>\n<meta property=\"og:type\" content=\"article\" \/>\n<meta property=\"og:title\" content=\"Cape de bain b\u00e9b\u00e9 en ponge \u00e0 motifs TOURNICOQUIN\" \/>\n<meta property=\"og:description\" content=\"A la recherche d&#039;un cadeau pour un nouveau-n\u00e9 ? Linandelle vous propose une cape de bain \u00e0 personnaliser par broderie aux motifs enfantins.\" \/>\n<meta property=\"og:url\" content=\"https:\/\/linandelle.com\/fr\/produit\/cape-de-bain-bebe-eponge-480gr-m\u00b2-fabriquee-en-france-tournicoquin\/\" \/>\n<meta property=\"og:site_name\" content=\"Linandelle\" \/>\n<meta property=\"article:publisher\" content=\"https:\/\/www.facebook.com\/Linandelle\" \/>\n<meta property=\"article:modified_time\" content=\"2026-04-22T07:16:57+00:00\" \/>\n<meta property=\"og:image\" content=\"https:\/\/linandelle.com\/wp-content\/uploads\/2025\/04\/cape-beige.jpg\" \/>\n\t<meta property=\"og:image:width\" content=\"1200\" \/>\n\t<meta property=\"og:image:height\" content=\"1200\" \/>\n\t<meta property=\"og:image:type\" content=\"image\/jpeg\" \/>\n<meta name=\"twitter:card\" content=\"summary_large_image\" \/>\n<meta name=\"twitter:label1\" content=\"Dur\u00e9e de lecture estim\u00e9e\" \/>\n\t<meta name=\"twitter:data1\" content=\"2 minutes\" \/>\n<script type=\"application\/ld+json\" class=\"yoast-schema-graph\">{\"@context\":\"https:\\\/\\\/schema.org\",\"@graph\":[{\"@type\":\"WebPage\",\"@id\":\"https:\\\/\\\/linandelle.com\\\/fr\\\/produit\\\/cape-de-bain-bebe-eponge-480gr-m%c2%b2-fabriquee-en-france-tournicoquin\\\/\",\"url\":\"https:\\\/\\\/linandelle.com\\\/fr\\\/produit\\\/cape-de-bain-bebe-eponge-480gr-m%c2%b2-fabriquee-en-france-tournicoquin\\\/\",\"name\":\"Cape de bain b\u00e9b\u00e9 en ponge \u00e0 motifs TOURNICOQUIN\",\"isPartOf\":{\"@id\":\"https:\\\/\\\/linandelle.com\\\/fr\\\/#website\"},\"primaryImageOfPage\":{\"@id\":\"https:\\\/\\\/linandelle.com\\\/fr\\\/produit\\\/cape-de-bain-bebe-eponge-480gr-m%c2%b2-fabriquee-en-france-tournicoquin\\\/#primaryimage\"},\"image\":{\"@id\":\"https:\\\/\\\/linandelle.com\\\/fr\\\/produit\\\/cape-de-bain-bebe-eponge-480gr-m%c2%b2-fabriquee-en-france-tournicoquin\\\/#primaryimage\"},\"thumbnailUrl\":\"https:\\\/\\\/linandelle.com\\\/wp-content\\\/uploads\\\/2025\\\/04\\\/cape-beige.jpg\",\"datePublished\":\"2025-04-09T09:40:52+00:00\",\"dateModified\":\"2026-04-22T07:16:57+00:00\",\"description\":\"A la recherche d'un cadeau pour un nouveau-n\u00e9 ? Linandelle vous propose une cape de bain \u00e0 personnaliser par broderie aux motifs enfantins.\",\"breadcrumb\":{\"@id\":\"https:\\\/\\\/linandelle.com\\\/fr\\\/produit\\\/cape-de-bain-bebe-eponge-480gr-m%c2%b2-fabriquee-en-france-tournicoquin\\\/#breadcrumb\"},\"inLanguage\":\"fr-FR\",\"potentialAction\":[{\"@type\":\"ReadAction\",\"target\":[\"https:\\\/\\\/linandelle.com\\\/fr\\\/produit\\\/cape-de-bain-bebe-eponge-480gr-m%c2%b2-fabriquee-en-france-tournicoquin\\\/\"]}]},{\"@type\":\"ImageObject\",\"inLanguage\":\"fr-FR\",\"@id\":\"https:\\\/\\\/linandelle.com\\\/fr\\\/produit\\\/cape-de-bain-bebe-eponge-480gr-m%c2%b2-fabriquee-en-france-tournicoquin\\\/#primaryimage\",\"url\":\"https:\\\/\\\/linandelle.com\\\/wp-content\\\/uploads\\\/2025\\\/04\\\/cape-beige.jpg\",\"contentUrl\":\"https:\\\/\\\/linandelle.com\\\/wp-content\\\/uploads\\\/2025\\\/04\\\/cape-beige.jpg\",\"width\":1200,\"height\":1200},{\"@type\":\"BreadcrumbList\",\"@id\":\"https:\\\/\\\/linandelle.com\\\/fr\\\/produit\\\/cape-de-bain-bebe-eponge-480gr-m%c2%b2-fabriquee-en-france-tournicoquin\\\/#breadcrumb\",\"itemListElement\":[{\"@type\":\"ListItem\",\"position\":1,\"name\":\"Produits\",\"item\":\"https:\\\/\\\/linandelle.com\\\/fr\\\/shop\\\/\"},{\"@type\":\"ListItem\",\"position\":2,\"name\":\"Cape de bain b\u00e9b\u00e9 coton \u00e9ponge TOURNICOQUIN\"}]},{\"@type\":\"WebSite\",\"@id\":\"https:\\\/\\\/linandelle.com\\\/fr\\\/#website\",\"url\":\"https:\\\/\\\/linandelle.com\\\/fr\\\/\",\"name\":\"Linandelle\",\"description\":\"Linandelle, plus que du linge, l&#039;essentiel\",\"publisher\":{\"@id\":\"https:\\\/\\\/linandelle.com\\\/fr\\\/#organization\"},\"potentialAction\":[{\"@type\":\"SearchAction\",\"target\":{\"@type\":\"EntryPoint\",\"urlTemplate\":\"https:\\\/\\\/linandelle.com\\\/fr\\\/?s={search_term_string}\"},\"query-input\":{\"@type\":\"PropertyValueSpecification\",\"valueRequired\":true,\"valueName\":\"search_term_string\"}}],\"inLanguage\":\"fr-FR\"},{\"@type\":\"Organization\",\"@id\":\"https:\\\/\\\/linandelle.com\\\/fr\\\/#organization\",\"name\":\"Linandelle\",\"url\":\"https:\\\/\\\/linandelle.com\\\/fr\\\/\",\"logo\":{\"@type\":\"ImageObject\",\"inLanguage\":\"fr-FR\",\"@id\":\"https:\\\/\\\/linandelle.com\\\/fr\\\/#\\\/schema\\\/logo\\\/image\\\/\",\"url\":\"https:\\\/\\\/linandelle.com\\\/wp-content\\\/uploads\\\/2022\\\/03\\\/logo-linandelle.jpg\",\"contentUrl\":\"https:\\\/\\\/linandelle.com\\\/wp-content\\\/uploads\\\/2022\\\/03\\\/logo-linandelle.jpg\",\"width\":739,\"height\":738,\"caption\":\"Linandelle\"},\"image\":{\"@id\":\"https:\\\/\\\/linandelle.com\\\/fr\\\/#\\\/schema\\\/logo\\\/image\\\/\"},\"sameAs\":[\"https:\\\/\\\/www.facebook.com\\\/Linandelle\",\"https:\\\/\\\/www.instagram.com\\\/linandelle\\\/\",\"https:\\\/\\\/www.linkedin.com\\\/company\\\/18483801\\\/admin\\\/dashboard\\\/\",\"https:\\\/\\\/www.pinterest.fr\\\/linandelle\\\/_created\\\/\",\"https:\\\/\\\/www.youtube.com\\\/@linandellecharleval1016\"],\"email\":\"contact@linandelle.com\",\"telephone\":\"0232687800\",\"legalName\":\"SARL DU PONT DES JARDINS\",\"vatID\":\"FR27448856641\",\"taxID\":\"44885664100015\",\"numberOfEmployees\":{\"@type\":\"QuantitativeValue\",\"minValue\":\"1\",\"maxValue\":\"10\"}}]}<\/script>\n<!-- \/ Yoast SEO Premium plugin. -->","yoast_head_json":{"title":"Cape de bain b\u00e9b\u00e9 en ponge \u00e0 motifs TOURNICOQUIN","description":"A la recherche d'un cadeau pour un nouveau-n\u00e9 ? Linandelle vous propose une cape de bain \u00e0 personnaliser par broderie aux motifs enfantins.","robots":{"index":"index","follow":"follow","max-snippet":"max-snippet:-1","max-image-preview":"max-image-preview:large","max-video-preview":"max-video-preview:-1"},"canonical":"https:\/\/linandelle.com\/fr\/produit\/cape-de-bain-bebe-eponge-480gr-m\u00b2-fabriquee-en-france-tournicoquin\/","og_locale":"fr_FR","og_type":"article","og_title":"Cape de bain b\u00e9b\u00e9 en ponge \u00e0 motifs TOURNICOQUIN","og_description":"A la recherche d'un cadeau pour un nouveau-n\u00e9 ? Linandelle vous propose une cape de bain \u00e0 personnaliser par broderie aux motifs enfantins.","og_url":"https:\/\/linandelle.com\/fr\/produit\/cape-de-bain-bebe-eponge-480gr-m\u00b2-fabriquee-en-france-tournicoquin\/","og_site_name":"Linandelle","article_publisher":"https:\/\/www.facebook.com\/Linandelle","article_modified_time":"2026-04-22T07:16:57+00:00","og_image":[{"width":1200,"height":1200,"url":"https:\/\/linandelle.com\/wp-content\/uploads\/2025\/04\/cape-beige.jpg","type":"image\/jpeg"}],"twitter_card":"summary_large_image","twitter_misc":{"Dur\u00e9e de lecture estim\u00e9e":"2 minutes"},"schema":{"@context":"https:\/\/schema.org","@graph":[{"@type":"WebPage","@id":"https:\/\/linandelle.com\/fr\/produit\/cape-de-bain-bebe-eponge-480gr-m%c2%b2-fabriquee-en-france-tournicoquin\/","url":"https:\/\/linandelle.com\/fr\/produit\/cape-de-bain-bebe-eponge-480gr-m%c2%b2-fabriquee-en-france-tournicoquin\/","name":"Cape de bain b\u00e9b\u00e9 en ponge \u00e0 motifs TOURNICOQUIN","isPartOf":{"@id":"https:\/\/linandelle.com\/fr\/#website"},"primaryImageOfPage":{"@id":"https:\/\/linandelle.com\/fr\/produit\/cape-de-bain-bebe-eponge-480gr-m%c2%b2-fabriquee-en-france-tournicoquin\/#primaryimage"},"image":{"@id":"https:\/\/linandelle.com\/fr\/produit\/cape-de-bain-bebe-eponge-480gr-m%c2%b2-fabriquee-en-france-tournicoquin\/#primaryimage"},"thumbnailUrl":"https:\/\/linandelle.com\/wp-content\/uploads\/2025\/04\/cape-beige.jpg","datePublished":"2025-04-09T09:40:52+00:00","dateModified":"2026-04-22T07:16:57+00:00","description":"A la recherche d'un cadeau pour un nouveau-n\u00e9 ? Linandelle vous propose une cape de bain \u00e0 personnaliser par broderie aux motifs enfantins.","breadcrumb":{"@id":"https:\/\/linandelle.com\/fr\/produit\/cape-de-bain-bebe-eponge-480gr-m%c2%b2-fabriquee-en-france-tournicoquin\/#breadcrumb"},"inLanguage":"fr-FR","potentialAction":[{"@type":"ReadAction","target":["https:\/\/linandelle.com\/fr\/produit\/cape-de-bain-bebe-eponge-480gr-m%c2%b2-fabriquee-en-france-tournicoquin\/"]}]},{"@type":"ImageObject","inLanguage":"fr-FR","@id":"https:\/\/linandelle.com\/fr\/produit\/cape-de-bain-bebe-eponge-480gr-m%c2%b2-fabriquee-en-france-tournicoquin\/#primaryimage","url":"https:\/\/linandelle.com\/wp-content\/uploads\/2025\/04\/cape-beige.jpg","contentUrl":"https:\/\/linandelle.com\/wp-content\/uploads\/2025\/04\/cape-beige.jpg","width":1200,"height":1200},{"@type":"BreadcrumbList","@id":"https:\/\/linandelle.com\/fr\/produit\/cape-de-bain-bebe-eponge-480gr-m%c2%b2-fabriquee-en-france-tournicoquin\/#breadcrumb","itemListElement":[{"@type":"ListItem","position":1,"name":"Produits","item":"https:\/\/linandelle.com\/fr\/shop\/"},{"@type":"ListItem","position":2,"name":"Cape de bain b\u00e9b\u00e9 coton \u00e9ponge TOURNICOQUIN"}]},{"@type":"WebSite","@id":"https:\/\/linandelle.com\/fr\/#website","url":"https:\/\/linandelle.com\/fr\/","name":"Linandelle","description":"Linandelle, plus que du linge, l&#039;essentiel","publisher":{"@id":"https:\/\/linandelle.com\/fr\/#organization"},"potentialAction":[{"@type":"SearchAction","target":{"@type":"EntryPoint","urlTemplate":"https:\/\/linandelle.com\/fr\/?s={search_term_string}"},"query-input":{"@type":"PropertyValueSpecification","valueRequired":true,"valueName":"search_term_string"}}],"inLanguage":"fr-FR"},{"@type":"Organization","@id":"https:\/\/linandelle.com\/fr\/#organization","name":"Linandelle","url":"https:\/\/linandelle.com\/fr\/","logo":{"@type":"ImageObject","inLanguage":"fr-FR","@id":"https:\/\/linandelle.com\/fr\/#\/schema\/logo\/image\/","url":"https:\/\/linandelle.com\/wp-content\/uploads\/2022\/03\/logo-linandelle.jpg","contentUrl":"https:\/\/linandelle.com\/wp-content\/uploads\/2022\/03\/logo-linandelle.jpg","width":739,"height":738,"caption":"Linandelle"},"image":{"@id":"https:\/\/linandelle.com\/fr\/#\/schema\/logo\/image\/"},"sameAs":["https:\/\/www.facebook.com\/Linandelle","https:\/\/www.instagram.com\/linandelle\/","https:\/\/www.linkedin.com\/company\/18483801\/admin\/dashboard\/","https:\/\/www.pinterest.fr\/linandelle\/_created\/","https:\/\/www.youtube.com\/@linandellecharleval1016"],"email":"contact@linandelle.com","telephone":"0232687800","legalName":"SARL DU PONT DES JARDINS","vatID":"FR27448856641","taxID":"44885664100015","numberOfEmployees":{"@type":"QuantitativeValue","minValue":"1","maxValue":"10"}}]}},"_links":{"self":[{"href":"https:\/\/linandelle.com\/fr\/wp-json\/wp\/v2\/product\/82517","targetHints":{"allow":["GET"]}}],"collection":[{"href":"https:\/\/linandelle.com\/fr\/wp-json\/wp\/v2\/product"}],"about":[{"href":"https:\/\/linandelle.com\/fr\/wp-json\/wp\/v2\/types\/product"}],"wp:featuredmedia":[{"embeddable":true,"href":"https:\/\/linandelle.com\/fr\/wp-json\/wp\/v2\/media\/82535"}],"wp:attachment":[{"href":"https:\/\/linandelle.com\/fr\/wp-json\/wp\/v2\/media?parent=82517"}],"wp:term":[{"taxonomy":"product_brand","embeddable":true,"href":"https:\/\/linandelle.com\/fr\/wp-json\/wp\/v2\/product_brand?post=82517"},{"taxonomy":"product_cat","embeddable":true,"href":"https:\/\/linandelle.com\/fr\/wp-json\/wp\/v2\/product_cat?post=82517"},{"taxonomy":"product_tag","embeddable":true,"href":"https:\/\/linandelle.com\/fr\/wp-json\/wp\/v2\/product_tag?post=82517"},{"taxonomy":"woo-feed-brand","embeddable":true,"href":"https:\/\/linandelle.com\/fr\/wp-json\/wp\/v2\/woo-feed-brand?post=82517"}],"curies":[{"name":"wp","href":"https:\/\/api.w.org\/{rel}","templated":true}]}}