{"id":82741,"date":"2025-04-23T17:22:48","date_gmt":"2025-04-23T15:22:48","guid":{"rendered":"https:\/\/linandelle.com\/fr\/?post_type=product&#038;p=82741"},"modified":"2026-04-21T14:48:45","modified_gmt":"2026-04-21T12:48:45","slug":"bavoir-adulte-100-lin-naturel-linelle","status":"publish","type":"product","link":"https:\/\/linandelle.com\/fr\/produit\/bavoir-adulte-100-lin-naturel-linelle\/","title":{"rendered":"Bavoir adulte 100% lin naturel LINELLE"},"content":{"rendered":"<h2>Bavoir\u00a0 adulte 100% lin naturel LINELLE<\/h2>\n<p>Qui a dit qu\u2019un bavoir adulte ne pouvait pas \u00eatre \u00e9l\u00e9gant\u00a0?<\/p>\n<p>D\u00e9couvrez notre grand bavoir en lin naturel, pour adulte.<\/p>\n<p>Le tissu utilis\u00e9, est dense, 240gr m\u00b2 est permet donc au bavoir une meilleure tenue.<\/p>\n<p>Dans la m\u00eame gamme, retrouvez la nappe, les serviettes de table ou encore le tablier adulte fabriqu\u00e9 en France.<\/p>\n<h3>Caract\u00e9ristiques du bavoir adulte 100% lin<\/h3>\n<ul>\n<li>Vendu \u00e0 l&rsquo;unit\u00e9<\/li>\n<li>\u00a0Dimension : 50x70cm<\/li>\n<li>100% Lin 240gr m\u00b2<\/li>\n<li>Fermeture \u00e0 liens<\/li>\n<li>Coloris : naturel.<\/li>\n<li>Lavage \u00e0 60\u00b0C en machine.<\/li>\n<li>Fabriqu\u00e9 en France.<\/li>\n<\/ul>\n<p>En savoir plus :<\/p>\n<p>&#8211; Fabriqu\u00e9 en France.<\/p>\n<p>&#8211; Coloris : naturel<\/p>\n<p>&#8211; Dimension : 50x70cm<\/p>\n<p>&#8211; 100% Lin.<\/p>\n<p>&nbsp;<\/p>\n","protected":false},"excerpt":{"rendered":"<p>Bavoir 100% lin fabriqu\u00e9 en France par notre couturi\u00e8re, livraison rapide 48\/72h.<\/p>\n","protected":false},"featured_media":82744,"template":"","meta":{"_et_pb_use_builder":"","_et_pb_old_content":"","_et_gb_content_width":""},"product_brand":[710],"product_cat":[704,697,329,27],"product_tag":[],"woo-feed-brand":[],"class_list":{"0":"post-82741","1":"product","2":"type-product","3":"status-publish","4":"has-post-thumbnail","6":"product_brand-linandelle","7":"product_cat-gamme-en-lin","8":"product_cat-produits-made-in-france","9":"product_cat-serviettes-de-table-a-carreaux","10":"product_cat-table","11":"tm-no-options","13":"first","14":"instock","15":"featured","16":"taxable","17":"shipping-taxable","18":"purchasable","19":"product-type-simple"},"yoast_head":"<!-- This site is optimized with the Yoast SEO Premium plugin v27.4 (Yoast SEO v27.4) - https:\/\/yoast.com\/product\/yoast-seo-premium-wordpress\/ -->\n<title>Bavoir adulte 100% lin naturel LINELLE<\/title>\n<meta name=\"description\" content=\"Grand bavoir 100% lin pour adulte, fabriqu\u00e9 en France dans nos ateliers avec soin. Dans la m\u00eame gamme vous retrouverez la nappe ou encore les serviettes de table..\" \/>\n<meta name=\"robots\" content=\"index, follow, max-snippet:-1, max-image-preview:large, max-video-preview:-1\" \/>\n<link rel=\"canonical\" href=\"https:\/\/linandelle.com\/fr\/produit\/bavoir-adulte-100-lin-naturel-linelle\/\" \/>\n<meta property=\"og:locale\" content=\"fr_FR\" \/>\n<meta property=\"og:type\" content=\"article\" \/>\n<meta property=\"og:title\" content=\"Bavoir adulte 100% lin naturel LINELLE\" \/>\n<meta property=\"og:description\" content=\"Grand bavoir 100% lin pour adulte, fabriqu\u00e9 en France dans nos ateliers avec soin. Dans la m\u00eame gamme vous retrouverez la nappe ou encore les serviettes de table..\" \/>\n<meta property=\"og:url\" content=\"https:\/\/linandelle.com\/fr\/produit\/bavoir-adulte-100-lin-naturel-linelle\/\" \/>\n<meta property=\"og:site_name\" content=\"Linandelle\" \/>\n<meta property=\"article:publisher\" content=\"https:\/\/www.facebook.com\/Linandelle\" \/>\n<meta property=\"article:modified_time\" content=\"2026-04-21T12:48:45+00:00\" \/>\n<meta property=\"og:image\" content=\"https:\/\/linandelle.com\/wp-content\/uploads\/2025\/04\/bavoir-linelle-ambiance-2.jpg\" \/>\n\t<meta property=\"og:image:width\" content=\"1200\" \/>\n\t<meta property=\"og:image:height\" content=\"1200\" \/>\n\t<meta property=\"og:image:type\" content=\"image\/jpeg\" \/>\n<meta name=\"twitter:card\" content=\"summary_large_image\" \/>\n<meta name=\"twitter:label1\" content=\"Dur\u00e9e de lecture estim\u00e9e\" \/>\n\t<meta name=\"twitter:data1\" content=\"1 minute\" \/>\n<script type=\"application\/ld+json\" class=\"yoast-schema-graph\">{\"@context\":\"https:\\\/\\\/schema.org\",\"@graph\":[{\"@type\":\"WebPage\",\"@id\":\"https:\\\/\\\/linandelle.com\\\/fr\\\/produit\\\/bavoir-adulte-100-lin-naturel-linelle\\\/\",\"url\":\"https:\\\/\\\/linandelle.com\\\/fr\\\/produit\\\/bavoir-adulte-100-lin-naturel-linelle\\\/\",\"name\":\"Bavoir adulte 100% lin naturel LINELLE\",\"isPartOf\":{\"@id\":\"https:\\\/\\\/linandelle.com\\\/fr\\\/#website\"},\"primaryImageOfPage\":{\"@id\":\"https:\\\/\\\/linandelle.com\\\/fr\\\/produit\\\/bavoir-adulte-100-lin-naturel-linelle\\\/#primaryimage\"},\"image\":{\"@id\":\"https:\\\/\\\/linandelle.com\\\/fr\\\/produit\\\/bavoir-adulte-100-lin-naturel-linelle\\\/#primaryimage\"},\"thumbnailUrl\":\"https:\\\/\\\/linandelle.com\\\/wp-content\\\/uploads\\\/2025\\\/04\\\/bavoir-linelle-ambiance-2.jpg\",\"datePublished\":\"2025-04-23T15:22:48+00:00\",\"dateModified\":\"2026-04-21T12:48:45+00:00\",\"description\":\"Grand bavoir 100% lin pour adulte, fabriqu\u00e9 en France dans nos ateliers avec soin. Dans la m\u00eame gamme vous retrouverez la nappe ou encore les serviettes de table..\",\"breadcrumb\":{\"@id\":\"https:\\\/\\\/linandelle.com\\\/fr\\\/produit\\\/bavoir-adulte-100-lin-naturel-linelle\\\/#breadcrumb\"},\"inLanguage\":\"fr-FR\",\"potentialAction\":[{\"@type\":\"ReadAction\",\"target\":[\"https:\\\/\\\/linandelle.com\\\/fr\\\/produit\\\/bavoir-adulte-100-lin-naturel-linelle\\\/\"]}]},{\"@type\":\"ImageObject\",\"inLanguage\":\"fr-FR\",\"@id\":\"https:\\\/\\\/linandelle.com\\\/fr\\\/produit\\\/bavoir-adulte-100-lin-naturel-linelle\\\/#primaryimage\",\"url\":\"https:\\\/\\\/linandelle.com\\\/wp-content\\\/uploads\\\/2025\\\/04\\\/bavoir-linelle-ambiance-2.jpg\",\"contentUrl\":\"https:\\\/\\\/linandelle.com\\\/wp-content\\\/uploads\\\/2025\\\/04\\\/bavoir-linelle-ambiance-2.jpg\",\"width\":1200,\"height\":1200},{\"@type\":\"BreadcrumbList\",\"@id\":\"https:\\\/\\\/linandelle.com\\\/fr\\\/produit\\\/bavoir-adulte-100-lin-naturel-linelle\\\/#breadcrumb\",\"itemListElement\":[{\"@type\":\"ListItem\",\"position\":1,\"name\":\"Produits\",\"item\":\"https:\\\/\\\/linandelle.com\\\/fr\\\/shop\\\/\"},{\"@type\":\"ListItem\",\"position\":2,\"name\":\"Bavoir adulte 100% lin naturel LINELLE\"}]},{\"@type\":\"WebSite\",\"@id\":\"https:\\\/\\\/linandelle.com\\\/fr\\\/#website\",\"url\":\"https:\\\/\\\/linandelle.com\\\/fr\\\/\",\"name\":\"Linandelle\",\"description\":\"Linandelle, plus que du linge, l&#039;essentiel\",\"publisher\":{\"@id\":\"https:\\\/\\\/linandelle.com\\\/fr\\\/#organization\"},\"potentialAction\":[{\"@type\":\"SearchAction\",\"target\":{\"@type\":\"EntryPoint\",\"urlTemplate\":\"https:\\\/\\\/linandelle.com\\\/fr\\\/?s={search_term_string}\"},\"query-input\":{\"@type\":\"PropertyValueSpecification\",\"valueRequired\":true,\"valueName\":\"search_term_string\"}}],\"inLanguage\":\"fr-FR\"},{\"@type\":\"Organization\",\"@id\":\"https:\\\/\\\/linandelle.com\\\/fr\\\/#organization\",\"name\":\"Linandelle\",\"url\":\"https:\\\/\\\/linandelle.com\\\/fr\\\/\",\"logo\":{\"@type\":\"ImageObject\",\"inLanguage\":\"fr-FR\",\"@id\":\"https:\\\/\\\/linandelle.com\\\/fr\\\/#\\\/schema\\\/logo\\\/image\\\/\",\"url\":\"https:\\\/\\\/linandelle.com\\\/wp-content\\\/uploads\\\/2022\\\/03\\\/logo-linandelle.jpg\",\"contentUrl\":\"https:\\\/\\\/linandelle.com\\\/wp-content\\\/uploads\\\/2022\\\/03\\\/logo-linandelle.jpg\",\"width\":739,\"height\":738,\"caption\":\"Linandelle\"},\"image\":{\"@id\":\"https:\\\/\\\/linandelle.com\\\/fr\\\/#\\\/schema\\\/logo\\\/image\\\/\"},\"sameAs\":[\"https:\\\/\\\/www.facebook.com\\\/Linandelle\",\"https:\\\/\\\/www.instagram.com\\\/linandelle\\\/\",\"https:\\\/\\\/www.linkedin.com\\\/company\\\/18483801\\\/admin\\\/dashboard\\\/\",\"https:\\\/\\\/www.pinterest.fr\\\/linandelle\\\/_created\\\/\",\"https:\\\/\\\/www.youtube.com\\\/@linandellecharleval1016\"],\"email\":\"contact@linandelle.com\",\"telephone\":\"0232687800\",\"legalName\":\"SARL DU PONT DES JARDINS\",\"vatID\":\"FR27448856641\",\"taxID\":\"44885664100015\",\"numberOfEmployees\":{\"@type\":\"QuantitativeValue\",\"minValue\":\"1\",\"maxValue\":\"10\"}}]}<\/script>\n<!-- \/ Yoast SEO Premium plugin. -->","yoast_head_json":{"title":"Bavoir adulte 100% lin naturel LINELLE","description":"Grand bavoir 100% lin pour adulte, fabriqu\u00e9 en France dans nos ateliers avec soin. Dans la m\u00eame gamme vous retrouverez la nappe ou encore les serviettes de table..","robots":{"index":"index","follow":"follow","max-snippet":"max-snippet:-1","max-image-preview":"max-image-preview:large","max-video-preview":"max-video-preview:-1"},"canonical":"https:\/\/linandelle.com\/fr\/produit\/bavoir-adulte-100-lin-naturel-linelle\/","og_locale":"fr_FR","og_type":"article","og_title":"Bavoir adulte 100% lin naturel LINELLE","og_description":"Grand bavoir 100% lin pour adulte, fabriqu\u00e9 en France dans nos ateliers avec soin. Dans la m\u00eame gamme vous retrouverez la nappe ou encore les serviettes de table..","og_url":"https:\/\/linandelle.com\/fr\/produit\/bavoir-adulte-100-lin-naturel-linelle\/","og_site_name":"Linandelle","article_publisher":"https:\/\/www.facebook.com\/Linandelle","article_modified_time":"2026-04-21T12:48:45+00:00","og_image":[{"width":1200,"height":1200,"url":"https:\/\/linandelle.com\/wp-content\/uploads\/2025\/04\/bavoir-linelle-ambiance-2.jpg","type":"image\/jpeg"}],"twitter_card":"summary_large_image","twitter_misc":{"Dur\u00e9e de lecture estim\u00e9e":"1 minute"},"schema":{"@context":"https:\/\/schema.org","@graph":[{"@type":"WebPage","@id":"https:\/\/linandelle.com\/fr\/produit\/bavoir-adulte-100-lin-naturel-linelle\/","url":"https:\/\/linandelle.com\/fr\/produit\/bavoir-adulte-100-lin-naturel-linelle\/","name":"Bavoir adulte 100% lin naturel LINELLE","isPartOf":{"@id":"https:\/\/linandelle.com\/fr\/#website"},"primaryImageOfPage":{"@id":"https:\/\/linandelle.com\/fr\/produit\/bavoir-adulte-100-lin-naturel-linelle\/#primaryimage"},"image":{"@id":"https:\/\/linandelle.com\/fr\/produit\/bavoir-adulte-100-lin-naturel-linelle\/#primaryimage"},"thumbnailUrl":"https:\/\/linandelle.com\/wp-content\/uploads\/2025\/04\/bavoir-linelle-ambiance-2.jpg","datePublished":"2025-04-23T15:22:48+00:00","dateModified":"2026-04-21T12:48:45+00:00","description":"Grand bavoir 100% lin pour adulte, fabriqu\u00e9 en France dans nos ateliers avec soin. Dans la m\u00eame gamme vous retrouverez la nappe ou encore les serviettes de table..","breadcrumb":{"@id":"https:\/\/linandelle.com\/fr\/produit\/bavoir-adulte-100-lin-naturel-linelle\/#breadcrumb"},"inLanguage":"fr-FR","potentialAction":[{"@type":"ReadAction","target":["https:\/\/linandelle.com\/fr\/produit\/bavoir-adulte-100-lin-naturel-linelle\/"]}]},{"@type":"ImageObject","inLanguage":"fr-FR","@id":"https:\/\/linandelle.com\/fr\/produit\/bavoir-adulte-100-lin-naturel-linelle\/#primaryimage","url":"https:\/\/linandelle.com\/wp-content\/uploads\/2025\/04\/bavoir-linelle-ambiance-2.jpg","contentUrl":"https:\/\/linandelle.com\/wp-content\/uploads\/2025\/04\/bavoir-linelle-ambiance-2.jpg","width":1200,"height":1200},{"@type":"BreadcrumbList","@id":"https:\/\/linandelle.com\/fr\/produit\/bavoir-adulte-100-lin-naturel-linelle\/#breadcrumb","itemListElement":[{"@type":"ListItem","position":1,"name":"Produits","item":"https:\/\/linandelle.com\/fr\/shop\/"},{"@type":"ListItem","position":2,"name":"Bavoir adulte 100% lin naturel LINELLE"}]},{"@type":"WebSite","@id":"https:\/\/linandelle.com\/fr\/#website","url":"https:\/\/linandelle.com\/fr\/","name":"Linandelle","description":"Linandelle, plus que du linge, l&#039;essentiel","publisher":{"@id":"https:\/\/linandelle.com\/fr\/#organization"},"potentialAction":[{"@type":"SearchAction","target":{"@type":"EntryPoint","urlTemplate":"https:\/\/linandelle.com\/fr\/?s={search_term_string}"},"query-input":{"@type":"PropertyValueSpecification","valueRequired":true,"valueName":"search_term_string"}}],"inLanguage":"fr-FR"},{"@type":"Organization","@id":"https:\/\/linandelle.com\/fr\/#organization","name":"Linandelle","url":"https:\/\/linandelle.com\/fr\/","logo":{"@type":"ImageObject","inLanguage":"fr-FR","@id":"https:\/\/linandelle.com\/fr\/#\/schema\/logo\/image\/","url":"https:\/\/linandelle.com\/wp-content\/uploads\/2022\/03\/logo-linandelle.jpg","contentUrl":"https:\/\/linandelle.com\/wp-content\/uploads\/2022\/03\/logo-linandelle.jpg","width":739,"height":738,"caption":"Linandelle"},"image":{"@id":"https:\/\/linandelle.com\/fr\/#\/schema\/logo\/image\/"},"sameAs":["https:\/\/www.facebook.com\/Linandelle","https:\/\/www.instagram.com\/linandelle\/","https:\/\/www.linkedin.com\/company\/18483801\/admin\/dashboard\/","https:\/\/www.pinterest.fr\/linandelle\/_created\/","https:\/\/www.youtube.com\/@linandellecharleval1016"],"email":"contact@linandelle.com","telephone":"0232687800","legalName":"SARL DU PONT DES JARDINS","vatID":"FR27448856641","taxID":"44885664100015","numberOfEmployees":{"@type":"QuantitativeValue","minValue":"1","maxValue":"10"}}]}},"_links":{"self":[{"href":"https:\/\/linandelle.com\/fr\/wp-json\/wp\/v2\/product\/82741","targetHints":{"allow":["GET"]}}],"collection":[{"href":"https:\/\/linandelle.com\/fr\/wp-json\/wp\/v2\/product"}],"about":[{"href":"https:\/\/linandelle.com\/fr\/wp-json\/wp\/v2\/types\/product"}],"wp:featuredmedia":[{"embeddable":true,"href":"https:\/\/linandelle.com\/fr\/wp-json\/wp\/v2\/media\/82744"}],"wp:attachment":[{"href":"https:\/\/linandelle.com\/fr\/wp-json\/wp\/v2\/media?parent=82741"}],"wp:term":[{"taxonomy":"product_brand","embeddable":true,"href":"https:\/\/linandelle.com\/fr\/wp-json\/wp\/v2\/product_brand?post=82741"},{"taxonomy":"product_cat","embeddable":true,"href":"https:\/\/linandelle.com\/fr\/wp-json\/wp\/v2\/product_cat?post=82741"},{"taxonomy":"product_tag","embeddable":true,"href":"https:\/\/linandelle.com\/fr\/wp-json\/wp\/v2\/product_tag?post=82741"},{"taxonomy":"woo-feed-brand","embeddable":true,"href":"https:\/\/linandelle.com\/fr\/wp-json\/wp\/v2\/woo-feed-brand?post=82741"}],"curies":[{"name":"wp","href":"https:\/\/api.w.org\/{rel}","templated":true}]}}