{"id":82762,"date":"2025-04-24T17:49:22","date_gmt":"2025-04-24T15:49:22","guid":{"rendered":"https:\/\/linandelle.com\/fr\/?post_type=product&#038;p=82762"},"modified":"2026-04-27T15:02:37","modified_gmt":"2026-04-27T13:02:37","slug":"parure-housse-de-couette-coton-120-gr-marrocos","status":"publish","type":"product","link":"https:\/\/linandelle.com\/fr\/produit\/parure-housse-de-couette-coton-120-gr-marrocos\/","title":{"rendered":"Parure housse de couette coton 120 gr MARROCOS"},"content":{"rendered":"<h2><strong>Parure housse de couette MARROCOS<\/strong><\/h2>\n<p>Un tout nouveau mod\u00e8le de linge de lit en coton, une association de motifs et de couleurs modernes, \u00e0 tester absolument dans une chambre moderne.<\/p>\n<p>La parure MARROCOS a \u00e9t\u00e9 confectionn\u00e9e \u00e0 partir d&rsquo;un coton de qualit\u00e9 et les motifs modernes suffisent \u00e0 relever un mobilier neutre.<\/p>\n<p>Qualit\u00e9 et originalit\u00e9 garantie !<\/p>\n<p>La parure comprend une housse de couette et les taies assorties.<\/p>\n<h3><strong>Caract\u00e9ristiques de la parure :<\/strong><\/h3>\n<ul>\n<li>100% coton 120gr \/m\u00b2<\/li>\n<li>Tissage \u00e0 partir de fibres longues pour assurer douceur et r\u00e9sistance aux lavages et \u00e0 l&rsquo;usage.<\/li>\n<li>Fermeture \u00e0 pressions<\/li>\n<li>Entretien : Lavage \u00e0 60\u00b0C<\/li>\n<li>Fabriqu\u00e9 en U.E<\/li>\n<li>Norme Oeko-Tex<\/li>\n<\/ul>\n<p>Housse de couette 140&#215;200 + 1 taie 65&#215;65<br \/>\nHousse de couette 220&#215;240 + 2 taies 65&#215;65<br \/>\nhousse de couette 240&#215;260\u00a0 + 2 taies 65&#215;65<\/p>\n<p>En savoir plus\u00a0:<\/p>\n<p>&#8211; tissage coton serr\u00e9 120 fils\/cm2<\/p>\n<p>&#8211; 100% coton<\/p>\n<p>&#8211; passage de main pratique<\/p>\n<p>&#8211; repassage superflu<\/p>\n<p>&#8211; fermeture \u00e0 pression.<\/p>\n<p>&nbsp;<\/p>\n","protected":false},"excerpt":{"rendered":"<p>Housse de couette coton 120 fils, imprim\u00e9s , disponible en plusieurs coloris, livraison rapide 48\/72h.<\/p>\n","protected":false},"featured_media":83157,"template":"","meta":{"_et_pb_use_builder":"","_et_pb_old_content":"","_et_gb_content_width":""},"product_brand":[710],"product_cat":[696,626,24,167],"product_tag":[],"woo-feed-brand":[],"class_list":{"0":"post-82762","1":"product","2":"type-product","3":"status-publish","4":"has-post-thumbnail","6":"product_brand-linandelle","7":"product_cat-nouveautes-printemps-ete","8":"product_cat-fins-de-series","9":"product_cat-linge-de-lit","10":"product_cat-parures-de-lit","11":"tm-no-options","13":"first","14":"instock","15":"sale","16":"featured","17":"taxable","18":"shipping-taxable","19":"purchasable","20":"product-type-variable"},"yoast_head":"<!-- This site is optimized with the Yoast SEO Premium plugin v27.5 (Yoast SEO v27.5) - https:\/\/yoast.com\/product\/yoast-seo-premium-wordpress\/ -->\n<title>Parure housse de couette coton imprim\u00e9s MARROCOS<\/title>\n<meta name=\"description\" content=\"Parure de lit housse de couette \u00e0 motifs 100% coton imprim\u00e9s, tendance, apportera de la fraicheur dans vos chambres.Coton 120 fils, fermeture \u00e0 pression\" \/>\n<meta name=\"robots\" content=\"index, follow, max-snippet:-1, max-image-preview:large, max-video-preview:-1\" \/>\n<link rel=\"canonical\" href=\"https:\/\/linandelle.com\/fr\/produit\/parure-housse-de-couette-coton-120-gr-marrocos\/\" \/>\n<meta property=\"og:locale\" content=\"fr_FR\" \/>\n<meta property=\"og:type\" content=\"article\" \/>\n<meta property=\"og:title\" content=\"Parure housse de couette coton imprim\u00e9s MARROCOS\" \/>\n<meta property=\"og:description\" content=\"Parure de lit housse de couette \u00e0 motifs 100% coton imprim\u00e9s, tendance, apportera de la fraicheur dans vos chambres.Coton 120 fils, fermeture \u00e0 pression\" \/>\n<meta property=\"og:url\" content=\"https:\/\/linandelle.com\/fr\/produit\/parure-housse-de-couette-coton-120-gr-marrocos\/\" \/>\n<meta property=\"og:site_name\" content=\"Linandelle\" \/>\n<meta property=\"article:publisher\" content=\"https:\/\/www.facebook.com\/Linandelle\" \/>\n<meta property=\"article:modified_time\" content=\"2026-04-27T13:02:37+00:00\" \/>\n<meta property=\"og:image\" content=\"https:\/\/linandelle.com\/wp-content\/uploads\/2025\/04\/marrocos-gris-ambiance-2.jpg\" \/>\n\t<meta property=\"og:image:width\" content=\"1200\" \/>\n\t<meta property=\"og:image:height\" content=\"1200\" \/>\n\t<meta property=\"og:image:type\" content=\"image\/jpeg\" \/>\n<meta name=\"twitter:card\" content=\"summary_large_image\" \/>\n<meta name=\"twitter:label1\" content=\"Dur\u00e9e de lecture estim\u00e9e\" \/>\n\t<meta name=\"twitter:data1\" content=\"1 minute\" \/>\n<script type=\"application\/ld+json\" class=\"yoast-schema-graph\">{\"@context\":\"https:\\\/\\\/schema.org\",\"@graph\":[{\"@type\":\"WebPage\",\"@id\":\"https:\\\/\\\/linandelle.com\\\/fr\\\/produit\\\/parure-housse-de-couette-coton-120-gr-marrocos\\\/\",\"url\":\"https:\\\/\\\/linandelle.com\\\/fr\\\/produit\\\/parure-housse-de-couette-coton-120-gr-marrocos\\\/\",\"name\":\"Parure housse de couette coton imprim\u00e9s MARROCOS\",\"isPartOf\":{\"@id\":\"https:\\\/\\\/linandelle.com\\\/fr\\\/#website\"},\"primaryImageOfPage\":{\"@id\":\"https:\\\/\\\/linandelle.com\\\/fr\\\/produit\\\/parure-housse-de-couette-coton-120-gr-marrocos\\\/#primaryimage\"},\"image\":{\"@id\":\"https:\\\/\\\/linandelle.com\\\/fr\\\/produit\\\/parure-housse-de-couette-coton-120-gr-marrocos\\\/#primaryimage\"},\"thumbnailUrl\":\"https:\\\/\\\/linandelle.com\\\/wp-content\\\/uploads\\\/2025\\\/04\\\/marrocos-gris-ambiance-2.jpg\",\"datePublished\":\"2025-04-24T15:49:22+00:00\",\"dateModified\":\"2026-04-27T13:02:37+00:00\",\"description\":\"Parure de lit housse de couette \u00e0 motifs 100% coton imprim\u00e9s, tendance, apportera de la fraicheur dans vos chambres.Coton 120 fils, fermeture \u00e0 pression\",\"breadcrumb\":{\"@id\":\"https:\\\/\\\/linandelle.com\\\/fr\\\/produit\\\/parure-housse-de-couette-coton-120-gr-marrocos\\\/#breadcrumb\"},\"inLanguage\":\"fr-FR\",\"potentialAction\":[{\"@type\":\"ReadAction\",\"target\":[\"https:\\\/\\\/linandelle.com\\\/fr\\\/produit\\\/parure-housse-de-couette-coton-120-gr-marrocos\\\/\"]}]},{\"@type\":\"ImageObject\",\"inLanguage\":\"fr-FR\",\"@id\":\"https:\\\/\\\/linandelle.com\\\/fr\\\/produit\\\/parure-housse-de-couette-coton-120-gr-marrocos\\\/#primaryimage\",\"url\":\"https:\\\/\\\/linandelle.com\\\/wp-content\\\/uploads\\\/2025\\\/04\\\/marrocos-gris-ambiance-2.jpg\",\"contentUrl\":\"https:\\\/\\\/linandelle.com\\\/wp-content\\\/uploads\\\/2025\\\/04\\\/marrocos-gris-ambiance-2.jpg\",\"width\":1200,\"height\":1200},{\"@type\":\"BreadcrumbList\",\"@id\":\"https:\\\/\\\/linandelle.com\\\/fr\\\/produit\\\/parure-housse-de-couette-coton-120-gr-marrocos\\\/#breadcrumb\",\"itemListElement\":[{\"@type\":\"ListItem\",\"position\":1,\"name\":\"Produits\",\"item\":\"https:\\\/\\\/linandelle.com\\\/fr\\\/shop\\\/\"},{\"@type\":\"ListItem\",\"position\":2,\"name\":\"Parure housse de couette coton 120 gr MARROCOS\"}]},{\"@type\":\"WebSite\",\"@id\":\"https:\\\/\\\/linandelle.com\\\/fr\\\/#website\",\"url\":\"https:\\\/\\\/linandelle.com\\\/fr\\\/\",\"name\":\"Linandelle\",\"description\":\"Linandelle, plus que du linge, l&#039;essentiel\",\"publisher\":{\"@id\":\"https:\\\/\\\/linandelle.com\\\/fr\\\/#organization\"},\"potentialAction\":[{\"@type\":\"SearchAction\",\"target\":{\"@type\":\"EntryPoint\",\"urlTemplate\":\"https:\\\/\\\/linandelle.com\\\/fr\\\/?s={search_term_string}\"},\"query-input\":{\"@type\":\"PropertyValueSpecification\",\"valueRequired\":true,\"valueName\":\"search_term_string\"}}],\"inLanguage\":\"fr-FR\"},{\"@type\":\"Organization\",\"@id\":\"https:\\\/\\\/linandelle.com\\\/fr\\\/#organization\",\"name\":\"Linandelle\",\"url\":\"https:\\\/\\\/linandelle.com\\\/fr\\\/\",\"logo\":{\"@type\":\"ImageObject\",\"inLanguage\":\"fr-FR\",\"@id\":\"https:\\\/\\\/linandelle.com\\\/fr\\\/#\\\/schema\\\/logo\\\/image\\\/\",\"url\":\"https:\\\/\\\/linandelle.com\\\/wp-content\\\/uploads\\\/2022\\\/03\\\/logo-linandelle.jpg\",\"contentUrl\":\"https:\\\/\\\/linandelle.com\\\/wp-content\\\/uploads\\\/2022\\\/03\\\/logo-linandelle.jpg\",\"width\":739,\"height\":738,\"caption\":\"Linandelle\"},\"image\":{\"@id\":\"https:\\\/\\\/linandelle.com\\\/fr\\\/#\\\/schema\\\/logo\\\/image\\\/\"},\"sameAs\":[\"https:\\\/\\\/www.facebook.com\\\/Linandelle\",\"https:\\\/\\\/www.instagram.com\\\/linandelle\\\/\",\"https:\\\/\\\/www.linkedin.com\\\/company\\\/18483801\\\/admin\\\/dashboard\\\/\",\"https:\\\/\\\/www.pinterest.fr\\\/linandelle\\\/_created\\\/\",\"https:\\\/\\\/www.youtube.com\\\/@linandellecharleval1016\"],\"email\":\"contact@linandelle.com\",\"telephone\":\"0232687800\",\"legalName\":\"SARL DU PONT DES JARDINS\",\"vatID\":\"FR27448856641\",\"taxID\":\"44885664100015\",\"numberOfEmployees\":{\"@type\":\"QuantitativeValue\",\"minValue\":\"1\",\"maxValue\":\"10\"}}]}<\/script>\n<!-- \/ Yoast SEO Premium plugin. -->","yoast_head_json":{"title":"Parure housse de couette coton imprim\u00e9s MARROCOS","description":"Parure de lit housse de couette \u00e0 motifs 100% coton imprim\u00e9s, tendance, apportera de la fraicheur dans vos chambres.Coton 120 fils, fermeture \u00e0 pression","robots":{"index":"index","follow":"follow","max-snippet":"max-snippet:-1","max-image-preview":"max-image-preview:large","max-video-preview":"max-video-preview:-1"},"canonical":"https:\/\/linandelle.com\/fr\/produit\/parure-housse-de-couette-coton-120-gr-marrocos\/","og_locale":"fr_FR","og_type":"article","og_title":"Parure housse de couette coton imprim\u00e9s MARROCOS","og_description":"Parure de lit housse de couette \u00e0 motifs 100% coton imprim\u00e9s, tendance, apportera de la fraicheur dans vos chambres.Coton 120 fils, fermeture \u00e0 pression","og_url":"https:\/\/linandelle.com\/fr\/produit\/parure-housse-de-couette-coton-120-gr-marrocos\/","og_site_name":"Linandelle","article_publisher":"https:\/\/www.facebook.com\/Linandelle","article_modified_time":"2026-04-27T13:02:37+00:00","og_image":[{"width":1200,"height":1200,"url":"https:\/\/linandelle.com\/wp-content\/uploads\/2025\/04\/marrocos-gris-ambiance-2.jpg","type":"image\/jpeg"}],"twitter_card":"summary_large_image","twitter_misc":{"Dur\u00e9e de lecture estim\u00e9e":"1 minute"},"schema":{"@context":"https:\/\/schema.org","@graph":[{"@type":"WebPage","@id":"https:\/\/linandelle.com\/fr\/produit\/parure-housse-de-couette-coton-120-gr-marrocos\/","url":"https:\/\/linandelle.com\/fr\/produit\/parure-housse-de-couette-coton-120-gr-marrocos\/","name":"Parure housse de couette coton imprim\u00e9s MARROCOS","isPartOf":{"@id":"https:\/\/linandelle.com\/fr\/#website"},"primaryImageOfPage":{"@id":"https:\/\/linandelle.com\/fr\/produit\/parure-housse-de-couette-coton-120-gr-marrocos\/#primaryimage"},"image":{"@id":"https:\/\/linandelle.com\/fr\/produit\/parure-housse-de-couette-coton-120-gr-marrocos\/#primaryimage"},"thumbnailUrl":"https:\/\/linandelle.com\/wp-content\/uploads\/2025\/04\/marrocos-gris-ambiance-2.jpg","datePublished":"2025-04-24T15:49:22+00:00","dateModified":"2026-04-27T13:02:37+00:00","description":"Parure de lit housse de couette \u00e0 motifs 100% coton imprim\u00e9s, tendance, apportera de la fraicheur dans vos chambres.Coton 120 fils, fermeture \u00e0 pression","breadcrumb":{"@id":"https:\/\/linandelle.com\/fr\/produit\/parure-housse-de-couette-coton-120-gr-marrocos\/#breadcrumb"},"inLanguage":"fr-FR","potentialAction":[{"@type":"ReadAction","target":["https:\/\/linandelle.com\/fr\/produit\/parure-housse-de-couette-coton-120-gr-marrocos\/"]}]},{"@type":"ImageObject","inLanguage":"fr-FR","@id":"https:\/\/linandelle.com\/fr\/produit\/parure-housse-de-couette-coton-120-gr-marrocos\/#primaryimage","url":"https:\/\/linandelle.com\/wp-content\/uploads\/2025\/04\/marrocos-gris-ambiance-2.jpg","contentUrl":"https:\/\/linandelle.com\/wp-content\/uploads\/2025\/04\/marrocos-gris-ambiance-2.jpg","width":1200,"height":1200},{"@type":"BreadcrumbList","@id":"https:\/\/linandelle.com\/fr\/produit\/parure-housse-de-couette-coton-120-gr-marrocos\/#breadcrumb","itemListElement":[{"@type":"ListItem","position":1,"name":"Produits","item":"https:\/\/linandelle.com\/fr\/shop\/"},{"@type":"ListItem","position":2,"name":"Parure housse de couette coton 120 gr MARROCOS"}]},{"@type":"WebSite","@id":"https:\/\/linandelle.com\/fr\/#website","url":"https:\/\/linandelle.com\/fr\/","name":"Linandelle","description":"Linandelle, plus que du linge, l&#039;essentiel","publisher":{"@id":"https:\/\/linandelle.com\/fr\/#organization"},"potentialAction":[{"@type":"SearchAction","target":{"@type":"EntryPoint","urlTemplate":"https:\/\/linandelle.com\/fr\/?s={search_term_string}"},"query-input":{"@type":"PropertyValueSpecification","valueRequired":true,"valueName":"search_term_string"}}],"inLanguage":"fr-FR"},{"@type":"Organization","@id":"https:\/\/linandelle.com\/fr\/#organization","name":"Linandelle","url":"https:\/\/linandelle.com\/fr\/","logo":{"@type":"ImageObject","inLanguage":"fr-FR","@id":"https:\/\/linandelle.com\/fr\/#\/schema\/logo\/image\/","url":"https:\/\/linandelle.com\/wp-content\/uploads\/2022\/03\/logo-linandelle.jpg","contentUrl":"https:\/\/linandelle.com\/wp-content\/uploads\/2022\/03\/logo-linandelle.jpg","width":739,"height":738,"caption":"Linandelle"},"image":{"@id":"https:\/\/linandelle.com\/fr\/#\/schema\/logo\/image\/"},"sameAs":["https:\/\/www.facebook.com\/Linandelle","https:\/\/www.instagram.com\/linandelle\/","https:\/\/www.linkedin.com\/company\/18483801\/admin\/dashboard\/","https:\/\/www.pinterest.fr\/linandelle\/_created\/","https:\/\/www.youtube.com\/@linandellecharleval1016"],"email":"contact@linandelle.com","telephone":"0232687800","legalName":"SARL DU PONT DES JARDINS","vatID":"FR27448856641","taxID":"44885664100015","numberOfEmployees":{"@type":"QuantitativeValue","minValue":"1","maxValue":"10"}}]}},"_links":{"self":[{"href":"https:\/\/linandelle.com\/fr\/wp-json\/wp\/v2\/product\/82762","targetHints":{"allow":["GET"]}}],"collection":[{"href":"https:\/\/linandelle.com\/fr\/wp-json\/wp\/v2\/product"}],"about":[{"href":"https:\/\/linandelle.com\/fr\/wp-json\/wp\/v2\/types\/product"}],"wp:featuredmedia":[{"embeddable":true,"href":"https:\/\/linandelle.com\/fr\/wp-json\/wp\/v2\/media\/83157"}],"wp:attachment":[{"href":"https:\/\/linandelle.com\/fr\/wp-json\/wp\/v2\/media?parent=82762"}],"wp:term":[{"taxonomy":"product_brand","embeddable":true,"href":"https:\/\/linandelle.com\/fr\/wp-json\/wp\/v2\/product_brand?post=82762"},{"taxonomy":"product_cat","embeddable":true,"href":"https:\/\/linandelle.com\/fr\/wp-json\/wp\/v2\/product_cat?post=82762"},{"taxonomy":"product_tag","embeddable":true,"href":"https:\/\/linandelle.com\/fr\/wp-json\/wp\/v2\/product_tag?post=82762"},{"taxonomy":"woo-feed-brand","embeddable":true,"href":"https:\/\/linandelle.com\/fr\/wp-json\/wp\/v2\/woo-feed-brand?post=82762"}],"curies":[{"name":"wp","href":"https:\/\/api.w.org\/{rel}","templated":true}]}}