{"id":84559,"date":"2025-08-22T08:37:15","date_gmt":"2025-08-22T06:37:15","guid":{"rendered":"https:\/\/linandelle.com\/fr\/?post_type=product&#038;p=84559"},"modified":"2026-04-22T09:18:04","modified_gmt":"2026-04-22T07:18:04","slug":"nappe-coton-lin-naturel-floralie","status":"publish","type":"product","link":"https:\/\/linandelle.com\/fr\/produit\/nappe-coton-lin-naturel-floralie\/","title":{"rendered":"Nappe coton lin naturel FLORALIE"},"content":{"rendered":"<h2><strong>Nappe pur lin naturel et coton fleuris FLORALIE<br \/>\n<\/strong><\/h2>\n<p>L\u2019\u00e9l\u00e9gance naturelle s\u2019invite \u00e0 la table !\u00a0Tiss\u00e9e en <strong>coton et lin naturel<\/strong>, la <strong>nappe<\/strong> FLORALIE s\u00e9duit par ses <strong>motifs fleuris<\/strong> d\u00e9licats, qui apportent fraicheur et raffinement \u00e0 vos repas.\u00a0La nappe, Floralie sublimera vos moments de partage.<\/p>\n<h3><strong>Caract\u00e9ristiques de la nappe FLORALIE<\/strong><\/h3>\n<ul>\n<li>54% Coton \/ 46 % Lin<\/li>\n<li>240gr \/ m\u00b2<\/li>\n<li>Coloris naturel<\/li>\n<li>Ourlets sur tout le tour de la nappe<\/li>\n<li>Fabriqu\u00e9e en France<\/li>\n<li>Norme Oeko-Tex<\/li>\n<li>Tailles disponibles\u00a0: 130&#215;130, 150&#215;150, 150&#215;200, 150&#215;250, 150&#215;300.<\/li>\n<\/ul>\n<p>Si vous ne trouvez pas la longueur souhait\u00e9e, nous pouvons confectionner \u00e0 la demande. Votre <strong>nappe sur mesure<\/strong> \u00e0 <strong>motif fleuris<\/strong>, en <strong>coton-lin<\/strong>, Floralie, sera fabriqu\u00e9e dans nos locaux, par notre couturi\u00e8re, assurant qualit\u00e9 et savoir-faire fran\u00e7ais. N\u2019h\u00e9sitez pas \u00e0 nous contacter.<\/p>\n<h3><strong>Conseil d\u2019entretien<\/strong><\/h3>\n<p>Il est recommand\u00e9 de faire tremper la nappe dans de l\u2019eau avec un bouchon de vinaigre, une petite heure avant le premier lavage \u00e0 faible temp\u00e9rature, pour sceller les fibres (\u00e9viter les taches lors de l\u2019utilisation) et profiter de la nappe durablement.\u00a0Lavable en machine \u00e0 60\u00b0.<\/p>\n<p>D\u00e9couvrez <a href=\"https:\/\/linandelle.com\/fr\/produit\/lot-de-6-serviettes-de-table-coton-lin-floralie\/\">les serviettes de table<\/a> et le <a href=\"https:\/\/linandelle.com\/fr\/produit\/chemin-de-table-coton-lin-naturel-floralie\/\">chemin de table<\/a> dans la m\u00eame gamme.<\/p>\n","protected":false},"excerpt":{"rendered":"<div class=\"et_pb_module et_pb_wc_description et_pb_wc_description_0_tb_body et_pb_bg_layout_light et_pb_text_align_left\">\n<div class=\"et_pb_module_inner\">\n<ul>\n<li><span style=\"font-size: 12pt;\">Article confectionn\u00e9 en France par nos couturi\u00e8res Amandine et Flora.<\/span><\/li>\n<\/ul>\n<\/div>\n<\/div>\n<div class=\"et_pb_module et_pb_wc_price et_pb_wc_price_0_tb_body prix-produit et_pb_text_align_left\">\n<div class=\"et_pb_module_inner\"><\/div>\n<\/div>\n","protected":false},"featured_media":84589,"template":"","meta":{"_et_pb_use_builder":"off","_et_pb_old_content":"<h5><strong>Nappe LINELLE<\/strong><\/h5>\r\nUne collection en lin naturel, \u00e9cologique, raffin\u00e9 et robuste c\u2019est l\u2019alli\u00e9e parfaite pour tous vos repas.\r\n\r\nDans la m\u00eame collection vous pourrez trouver le chemin de table, et les serviettes de tables, la manique, le gant, le tablier enfant et le tablier adulte.\r\n<p style=\"text-align: center\"><u>Caract\u00e9ristiques de la nappe\u00a0:<\/u><\/p>\r\n<p style=\"text-align: center\">100% lin<\/p>\r\n<p style=\"text-align: center\">170gr \/ m\u00b2<\/p>\r\n<p style=\"text-align: center\">Coloris naturel<\/p>\r\n<p style=\"text-align: center\">Ourlets sur tout le tour de la nappe<\/p>\r\n<p style=\"text-align: center\">Fabriqu\u00e9e en France<\/p>\r\n<p style=\"text-align: center\">Norme Oeko-Tex<\/p>\r\n\u00a0\r\n\r\nTailles disponibles\u00a0: 150x150, 150x200, 150x250, 150x300.\r\n\r\nSi vous ne trouvez longueur \u00a0souhait\u00e9e, n\u2019h\u00e9sitez pas \u00e0 nous contacter, nous pouvons confectionner \u00e0 la demande\r\n\r\nFabriqu\u00e9e dans nos\u00a0 locaux, par notre couturi\u00e8re, qualit\u00e9 et savoir-faire Fran\u00e7ais.\r\n\r\nConseil d\u2019entretien\u00a0: Il est recommand\u00e9 de faire tremper la nappe dans de l\u2019eau avec un bouchon de vinaigre, une petite heure \u00a0avant le premier lavage \u00e0 faible temp\u00e9rature, pour sceller les fibres (\u00e9viter les taches lors de l\u2019utilisation) et profiter de la nappe durablement.\r\n\r\n\u00a0\r\n\r\nEn savoir plus\u00a0:\r\n\r\n- Nappe 100% lin\r\n\r\n- Fabriqu\u00e9e en France\r\n\r\n- Lin naturel\r\n\r\n- 170gr m\u00b2\r\n\r\n- Lavable en machine \u00e0 60\u00b0.","_et_gb_content_width":""},"product_brand":[710],"product_cat":[696,704,697,442,27],"product_tag":[],"woo-feed-brand":[],"class_list":{"0":"post-84559","1":"product","2":"type-product","3":"status-publish","4":"has-post-thumbnail","6":"product_brand-linandelle","7":"product_cat-nouveautes-printemps-ete","8":"product_cat-gamme-en-lin","9":"product_cat-produits-made-in-france","10":"product_cat-nappes-chemins-de-table","11":"product_cat-table","12":"tm-has-options","14":"first","15":"instock","16":"sale","17":"featured","18":"taxable","19":"shipping-taxable","20":"purchasable","21":"product-type-variable"},"yoast_head":"<!-- This site is optimized with the Yoast SEO Premium plugin v27.4 (Yoast SEO v27.4) - https:\/\/yoast.com\/product\/yoast-seo-premium-wordpress\/ -->\n<title>Nappe coton et lin naturel \u00e0 fleurs FLORALIE<\/title>\n<meta name=\"description\" content=\"Nappe en lin et coton r\u00e9f\u00e9rence FLARALIE, coloris naturel avec fleurs de couleurs; confectionn\u00e9e en France par notre couturi\u00e8re, livraison rapide 48 \u00e0 72h.\" \/>\n<meta name=\"robots\" content=\"index, follow, max-snippet:-1, max-image-preview:large, max-video-preview:-1\" \/>\n<link rel=\"canonical\" href=\"https:\/\/linandelle.com\/fr\/produit\/nappe-coton-lin-naturel-floralie\/\" \/>\n<meta property=\"og:locale\" content=\"fr_FR\" \/>\n<meta property=\"og:type\" content=\"article\" \/>\n<meta property=\"og:title\" content=\"Nappe coton et lin naturel \u00e0 fleurs FLORALIE\" \/>\n<meta property=\"og:description\" content=\"Nappe en lin et coton r\u00e9f\u00e9rence FLARALIE, coloris naturel avec fleurs de couleurs; confectionn\u00e9e en France par notre couturi\u00e8re, livraison rapide 48 \u00e0 72h.\" \/>\n<meta property=\"og:url\" content=\"https:\/\/linandelle.com\/fr\/produit\/nappe-coton-lin-naturel-floralie\/\" \/>\n<meta property=\"og:site_name\" content=\"Linandelle\" \/>\n<meta property=\"article:publisher\" content=\"https:\/\/www.facebook.com\/Linandelle\" \/>\n<meta property=\"article:modified_time\" content=\"2026-04-22T07:18:04+00:00\" \/>\n<meta property=\"og:image\" content=\"https:\/\/linandelle.com\/wp-content\/uploads\/2025\/08\/ambiance-bleu.jpg\" \/>\n\t<meta property=\"og:image:width\" content=\"1200\" \/>\n\t<meta property=\"og:image:height\" content=\"1200\" \/>\n\t<meta property=\"og:image:type\" content=\"image\/jpeg\" \/>\n<meta name=\"twitter:card\" content=\"summary_large_image\" \/>\n<meta name=\"twitter:label1\" content=\"Dur\u00e9e de lecture estim\u00e9e\" \/>\n\t<meta name=\"twitter:data1\" content=\"2 minutes\" \/>\n<script type=\"application\/ld+json\" class=\"yoast-schema-graph\">{\"@context\":\"https:\\\/\\\/schema.org\",\"@graph\":[{\"@type\":\"WebPage\",\"@id\":\"https:\\\/\\\/linandelle.com\\\/fr\\\/produit\\\/nappe-coton-lin-naturel-floralie\\\/\",\"url\":\"https:\\\/\\\/linandelle.com\\\/fr\\\/produit\\\/nappe-coton-lin-naturel-floralie\\\/\",\"name\":\"Nappe coton et lin naturel \u00e0 fleurs FLORALIE\",\"isPartOf\":{\"@id\":\"https:\\\/\\\/linandelle.com\\\/fr\\\/#website\"},\"primaryImageOfPage\":{\"@id\":\"https:\\\/\\\/linandelle.com\\\/fr\\\/produit\\\/nappe-coton-lin-naturel-floralie\\\/#primaryimage\"},\"image\":{\"@id\":\"https:\\\/\\\/linandelle.com\\\/fr\\\/produit\\\/nappe-coton-lin-naturel-floralie\\\/#primaryimage\"},\"thumbnailUrl\":\"https:\\\/\\\/linandelle.com\\\/wp-content\\\/uploads\\\/2025\\\/08\\\/ambiance-bleu.jpg\",\"datePublished\":\"2025-08-22T06:37:15+00:00\",\"dateModified\":\"2026-04-22T07:18:04+00:00\",\"description\":\"Nappe en lin et coton r\u00e9f\u00e9rence FLARALIE, coloris naturel avec fleurs de couleurs; confectionn\u00e9e en France par notre couturi\u00e8re, livraison rapide 48 \u00e0 72h.\",\"breadcrumb\":{\"@id\":\"https:\\\/\\\/linandelle.com\\\/fr\\\/produit\\\/nappe-coton-lin-naturel-floralie\\\/#breadcrumb\"},\"inLanguage\":\"fr-FR\",\"potentialAction\":[{\"@type\":\"ReadAction\",\"target\":[\"https:\\\/\\\/linandelle.com\\\/fr\\\/produit\\\/nappe-coton-lin-naturel-floralie\\\/\"]}]},{\"@type\":\"ImageObject\",\"inLanguage\":\"fr-FR\",\"@id\":\"https:\\\/\\\/linandelle.com\\\/fr\\\/produit\\\/nappe-coton-lin-naturel-floralie\\\/#primaryimage\",\"url\":\"https:\\\/\\\/linandelle.com\\\/wp-content\\\/uploads\\\/2025\\\/08\\\/ambiance-bleu.jpg\",\"contentUrl\":\"https:\\\/\\\/linandelle.com\\\/wp-content\\\/uploads\\\/2025\\\/08\\\/ambiance-bleu.jpg\",\"width\":1200,\"height\":1200},{\"@type\":\"BreadcrumbList\",\"@id\":\"https:\\\/\\\/linandelle.com\\\/fr\\\/produit\\\/nappe-coton-lin-naturel-floralie\\\/#breadcrumb\",\"itemListElement\":[{\"@type\":\"ListItem\",\"position\":1,\"name\":\"Produits\",\"item\":\"https:\\\/\\\/linandelle.com\\\/fr\\\/shop\\\/\"},{\"@type\":\"ListItem\",\"position\":2,\"name\":\"Nappe coton lin naturel FLORALIE\"}]},{\"@type\":\"WebSite\",\"@id\":\"https:\\\/\\\/linandelle.com\\\/fr\\\/#website\",\"url\":\"https:\\\/\\\/linandelle.com\\\/fr\\\/\",\"name\":\"Linandelle\",\"description\":\"Linandelle, plus que du linge, l&#039;essentiel\",\"publisher\":{\"@id\":\"https:\\\/\\\/linandelle.com\\\/fr\\\/#organization\"},\"potentialAction\":[{\"@type\":\"SearchAction\",\"target\":{\"@type\":\"EntryPoint\",\"urlTemplate\":\"https:\\\/\\\/linandelle.com\\\/fr\\\/?s={search_term_string}\"},\"query-input\":{\"@type\":\"PropertyValueSpecification\",\"valueRequired\":true,\"valueName\":\"search_term_string\"}}],\"inLanguage\":\"fr-FR\"},{\"@type\":\"Organization\",\"@id\":\"https:\\\/\\\/linandelle.com\\\/fr\\\/#organization\",\"name\":\"Linandelle\",\"url\":\"https:\\\/\\\/linandelle.com\\\/fr\\\/\",\"logo\":{\"@type\":\"ImageObject\",\"inLanguage\":\"fr-FR\",\"@id\":\"https:\\\/\\\/linandelle.com\\\/fr\\\/#\\\/schema\\\/logo\\\/image\\\/\",\"url\":\"https:\\\/\\\/linandelle.com\\\/wp-content\\\/uploads\\\/2022\\\/03\\\/logo-linandelle.jpg\",\"contentUrl\":\"https:\\\/\\\/linandelle.com\\\/wp-content\\\/uploads\\\/2022\\\/03\\\/logo-linandelle.jpg\",\"width\":739,\"height\":738,\"caption\":\"Linandelle\"},\"image\":{\"@id\":\"https:\\\/\\\/linandelle.com\\\/fr\\\/#\\\/schema\\\/logo\\\/image\\\/\"},\"sameAs\":[\"https:\\\/\\\/www.facebook.com\\\/Linandelle\",\"https:\\\/\\\/www.instagram.com\\\/linandelle\\\/\",\"https:\\\/\\\/www.linkedin.com\\\/company\\\/18483801\\\/admin\\\/dashboard\\\/\",\"https:\\\/\\\/www.pinterest.fr\\\/linandelle\\\/_created\\\/\",\"https:\\\/\\\/www.youtube.com\\\/@linandellecharleval1016\"],\"email\":\"contact@linandelle.com\",\"telephone\":\"0232687800\",\"legalName\":\"SARL DU PONT DES JARDINS\",\"vatID\":\"FR27448856641\",\"taxID\":\"44885664100015\",\"numberOfEmployees\":{\"@type\":\"QuantitativeValue\",\"minValue\":\"1\",\"maxValue\":\"10\"}}]}<\/script>\n<!-- \/ Yoast SEO Premium plugin. -->","yoast_head_json":{"title":"Nappe coton et lin naturel \u00e0 fleurs FLORALIE","description":"Nappe en lin et coton r\u00e9f\u00e9rence FLARALIE, coloris naturel avec fleurs de couleurs; confectionn\u00e9e en France par notre couturi\u00e8re, livraison rapide 48 \u00e0 72h.","robots":{"index":"index","follow":"follow","max-snippet":"max-snippet:-1","max-image-preview":"max-image-preview:large","max-video-preview":"max-video-preview:-1"},"canonical":"https:\/\/linandelle.com\/fr\/produit\/nappe-coton-lin-naturel-floralie\/","og_locale":"fr_FR","og_type":"article","og_title":"Nappe coton et lin naturel \u00e0 fleurs FLORALIE","og_description":"Nappe en lin et coton r\u00e9f\u00e9rence FLARALIE, coloris naturel avec fleurs de couleurs; confectionn\u00e9e en France par notre couturi\u00e8re, livraison rapide 48 \u00e0 72h.","og_url":"https:\/\/linandelle.com\/fr\/produit\/nappe-coton-lin-naturel-floralie\/","og_site_name":"Linandelle","article_publisher":"https:\/\/www.facebook.com\/Linandelle","article_modified_time":"2026-04-22T07:18:04+00:00","og_image":[{"width":1200,"height":1200,"url":"https:\/\/linandelle.com\/wp-content\/uploads\/2025\/08\/ambiance-bleu.jpg","type":"image\/jpeg"}],"twitter_card":"summary_large_image","twitter_misc":{"Dur\u00e9e de lecture estim\u00e9e":"2 minutes"},"schema":{"@context":"https:\/\/schema.org","@graph":[{"@type":"WebPage","@id":"https:\/\/linandelle.com\/fr\/produit\/nappe-coton-lin-naturel-floralie\/","url":"https:\/\/linandelle.com\/fr\/produit\/nappe-coton-lin-naturel-floralie\/","name":"Nappe coton et lin naturel \u00e0 fleurs FLORALIE","isPartOf":{"@id":"https:\/\/linandelle.com\/fr\/#website"},"primaryImageOfPage":{"@id":"https:\/\/linandelle.com\/fr\/produit\/nappe-coton-lin-naturel-floralie\/#primaryimage"},"image":{"@id":"https:\/\/linandelle.com\/fr\/produit\/nappe-coton-lin-naturel-floralie\/#primaryimage"},"thumbnailUrl":"https:\/\/linandelle.com\/wp-content\/uploads\/2025\/08\/ambiance-bleu.jpg","datePublished":"2025-08-22T06:37:15+00:00","dateModified":"2026-04-22T07:18:04+00:00","description":"Nappe en lin et coton r\u00e9f\u00e9rence FLARALIE, coloris naturel avec fleurs de couleurs; confectionn\u00e9e en France par notre couturi\u00e8re, livraison rapide 48 \u00e0 72h.","breadcrumb":{"@id":"https:\/\/linandelle.com\/fr\/produit\/nappe-coton-lin-naturel-floralie\/#breadcrumb"},"inLanguage":"fr-FR","potentialAction":[{"@type":"ReadAction","target":["https:\/\/linandelle.com\/fr\/produit\/nappe-coton-lin-naturel-floralie\/"]}]},{"@type":"ImageObject","inLanguage":"fr-FR","@id":"https:\/\/linandelle.com\/fr\/produit\/nappe-coton-lin-naturel-floralie\/#primaryimage","url":"https:\/\/linandelle.com\/wp-content\/uploads\/2025\/08\/ambiance-bleu.jpg","contentUrl":"https:\/\/linandelle.com\/wp-content\/uploads\/2025\/08\/ambiance-bleu.jpg","width":1200,"height":1200},{"@type":"BreadcrumbList","@id":"https:\/\/linandelle.com\/fr\/produit\/nappe-coton-lin-naturel-floralie\/#breadcrumb","itemListElement":[{"@type":"ListItem","position":1,"name":"Produits","item":"https:\/\/linandelle.com\/fr\/shop\/"},{"@type":"ListItem","position":2,"name":"Nappe coton lin naturel FLORALIE"}]},{"@type":"WebSite","@id":"https:\/\/linandelle.com\/fr\/#website","url":"https:\/\/linandelle.com\/fr\/","name":"Linandelle","description":"Linandelle, plus que du linge, l&#039;essentiel","publisher":{"@id":"https:\/\/linandelle.com\/fr\/#organization"},"potentialAction":[{"@type":"SearchAction","target":{"@type":"EntryPoint","urlTemplate":"https:\/\/linandelle.com\/fr\/?s={search_term_string}"},"query-input":{"@type":"PropertyValueSpecification","valueRequired":true,"valueName":"search_term_string"}}],"inLanguage":"fr-FR"},{"@type":"Organization","@id":"https:\/\/linandelle.com\/fr\/#organization","name":"Linandelle","url":"https:\/\/linandelle.com\/fr\/","logo":{"@type":"ImageObject","inLanguage":"fr-FR","@id":"https:\/\/linandelle.com\/fr\/#\/schema\/logo\/image\/","url":"https:\/\/linandelle.com\/wp-content\/uploads\/2022\/03\/logo-linandelle.jpg","contentUrl":"https:\/\/linandelle.com\/wp-content\/uploads\/2022\/03\/logo-linandelle.jpg","width":739,"height":738,"caption":"Linandelle"},"image":{"@id":"https:\/\/linandelle.com\/fr\/#\/schema\/logo\/image\/"},"sameAs":["https:\/\/www.facebook.com\/Linandelle","https:\/\/www.instagram.com\/linandelle\/","https:\/\/www.linkedin.com\/company\/18483801\/admin\/dashboard\/","https:\/\/www.pinterest.fr\/linandelle\/_created\/","https:\/\/www.youtube.com\/@linandellecharleval1016"],"email":"contact@linandelle.com","telephone":"0232687800","legalName":"SARL DU PONT DES JARDINS","vatID":"FR27448856641","taxID":"44885664100015","numberOfEmployees":{"@type":"QuantitativeValue","minValue":"1","maxValue":"10"}}]}},"_links":{"self":[{"href":"https:\/\/linandelle.com\/fr\/wp-json\/wp\/v2\/product\/84559","targetHints":{"allow":["GET"]}}],"collection":[{"href":"https:\/\/linandelle.com\/fr\/wp-json\/wp\/v2\/product"}],"about":[{"href":"https:\/\/linandelle.com\/fr\/wp-json\/wp\/v2\/types\/product"}],"wp:featuredmedia":[{"embeddable":true,"href":"https:\/\/linandelle.com\/fr\/wp-json\/wp\/v2\/media\/84589"}],"wp:attachment":[{"href":"https:\/\/linandelle.com\/fr\/wp-json\/wp\/v2\/media?parent=84559"}],"wp:term":[{"taxonomy":"product_brand","embeddable":true,"href":"https:\/\/linandelle.com\/fr\/wp-json\/wp\/v2\/product_brand?post=84559"},{"taxonomy":"product_cat","embeddable":true,"href":"https:\/\/linandelle.com\/fr\/wp-json\/wp\/v2\/product_cat?post=84559"},{"taxonomy":"product_tag","embeddable":true,"href":"https:\/\/linandelle.com\/fr\/wp-json\/wp\/v2\/product_tag?post=84559"},{"taxonomy":"woo-feed-brand","embeddable":true,"href":"https:\/\/linandelle.com\/fr\/wp-json\/wp\/v2\/woo-feed-brand?post=84559"}],"curies":[{"name":"wp","href":"https:\/\/api.w.org\/{rel}","templated":true}]}}