{"id":84581,"date":"2025-08-22T08:44:21","date_gmt":"2025-08-22T06:44:21","guid":{"rendered":"https:\/\/linandelle.com\/fr\/?post_type=product&#038;p=84581"},"modified":"2026-04-22T09:15:28","modified_gmt":"2026-04-22T07:15:28","slug":"chemin-de-table-coton-lin-naturel-floralie","status":"publish","type":"product","link":"https:\/\/linandelle.com\/fr\/produit\/chemin-de-table-coton-lin-naturel-floralie\/","title":{"rendered":"Chemin de table coton lin naturel FLORALIE"},"content":{"rendered":"<div id=\"mainProductDescription\">\n<h2><strong><u>Chemin de table coton lin naturel FLORALIE<\/u><\/strong><\/h2>\n<p>Envie d\u2019un diner aux chandelles\u00a0 ou d&rsquo;une table champ\u00eatre? Nous avons con\u00e7u et fabriqu\u00e9 le chemin de table qualit\u00e9 FLORALIE pour r\u00e9pondre \u00e0 vos attentes. Fabriqu\u00e9 en coton \u2013 lin, mati\u00e8re naturelle et \u00e9co-responsable, dans nos ateliers de confection.<\/p>\n<p>Seul ou accompagn\u00e9 des serviettes, la gamme FLORALIE apportera\u00a0 \u00e9l\u00e9gance, et raffinement \u00e0 vos tables.<\/p>\n<h3><strong>Caract\u00e9ristiques du chemin de table :<\/strong><\/h3>\n<ul>\n<li>\u00a0Vendu \u00e0 l&rsquo;unit\u00e9<\/li>\n<li>240gr m\u00b2<\/li>\n<li>Dimension : 150&#215;50 cm<\/li>\n<li>54% Coton \/ 46 % Lin<\/li>\n<li>Coloris : naturel.<\/li>\n<li>Lavage \u00e0 60\u00b0C en machine.<\/li>\n<li>Ourlet sur tout le tour du chemin de table.<\/li>\n<li>Fabriqu\u00e9 en France<\/li>\n<\/ul>\n<p>Ce produit lab\u00e9llis\u00e9 STANDARD 100 by OEKO-TEX\u00ae &#8211; certificat n\u00b0 CQ 1102\/4 IFTH suit un processus de fabrication certifi\u00e9 et contr\u00f4l\u00e9, respectueux de votre peau. \u2022 Le STANDARD 100 by OEKO-TEX\u00ae est le premier label qui r\u00e9pond aux besoins des consommateurs en mati\u00e8re d\u2019\u00e9cologie humaine. Il garantit l\u2019absence, dans les articles certifi\u00e9s de substances nocives ou pouvant pr\u00e9senter un risque pour la sant\u00e9\u00bb En savoir plus : &#8211; 100% LIN &#8211; Fabriqu\u00e9 en France &#8211; 50x160cm &#8211; Lavage \u00e0 60\u00b0C en machine &#8211; 170gr m\u00b2.<\/p>\n<\/div>\n","protected":false},"excerpt":{"rendered":"<p>Vis-\u00e0-vis coton lin naturel \u00e0 motifs fleuris, fabriqu\u00e9 en France.<\/p>\n<p>Livraison rapide 48\/72h.<\/p>\n","protected":false},"featured_media":85399,"template":"","meta":{"_et_pb_use_builder":"off","_et_pb_old_content":"<h4><u>Chemin de table 100% Lin LINELLE<\/u><\/h4>\r\nEnvie d\u2019un diner aux chandelles\u00a0 ou d'une table champ\u00eatre? Nous avons con\u00e7u et fabriqu\u00e9 le chemin de table qualit\u00e9 Linelle pour r\u00e9pondre \u00e0 vos attentes.\r\n\r\nFabriqu\u00e9 en lin, mati\u00e8re naturelle et \u00e9co-responsable, dans nos ateliers de confection ,\r\n\r\nSeul ou accompagn\u00e9 des serviettes, la gamme Linelle apportera\u00a0 \u00e9l\u00e9gance, et raffinement \u00e0 vos tables.\r\n\r\n\u00a0\r\n<div id=\"mainProductDescription\">\r\n<h5>Caract\u00e9ristiques du chemin de table :<\/h5>\r\n<ul>\r\n \t<li>\u00a0Vendu \u00e0 l'unit\u00e9<\/li>\r\n \t<li>170gr m\u00b2<\/li>\r\n \t<li>Dimension : 150x50 cm<\/li>\r\n \t<li>100% Lin<\/li>\r\n \t<li>Coloris : naturel.<\/li>\r\n \t<li>Lavage \u00e0 60\u00b0C en machine.<\/li>\r\n \t<li>Ourlet sur tout le tour du chemin de table.<\/li>\r\n \t<li>Fabriqu\u00e9 en France<\/li>\r\n<\/ul>\r\nCe produit lab\u00e9llis\u00e9 STANDARD 100 by OEKO-TEX\u00ae - certificat n\u00b0 CQ 1102\/4 IFTH suit un processus de fabrication certifi\u00e9 et contr\u00f4l\u00e9, respectueux de votre peau.\r\n\r\n\u2022 Le STANDARD 100 by OEKO-TEX\u00ae est le premier label qui r\u00e9pond aux besoins des consommateurs en mati\u00e8re d\u2019\u00e9cologie humaine. Il garantit l\u2019absence, dans les articles certifi\u00e9s de substances nocives ou pouvant pr\u00e9senter un risque pour la sant\u00e9\u00bb\r\n\r\nEn savoir plus\u00a0:\r\n\r\n- 100% LIN\r\n\r\n- Fabriqu\u00e9 en France\r\n\r\n- 50x160cm\r\n\r\n- Lavage \u00e0 60\u00b0C en machine\r\n\r\n- 170gr m\u00b2.\r\n\r\n<\/div>","_et_gb_content_width":""},"product_brand":[710],"product_cat":[839,704,697],"product_tag":[],"woo-feed-brand":[],"class_list":{"0":"post-84581","1":"product","2":"type-product","3":"status-publish","4":"has-post-thumbnail","6":"product_brand-linandelle","7":"product_cat-chemins-de-table","8":"product_cat-gamme-en-lin","9":"product_cat-produits-made-in-france","10":"tm-has-options","12":"first","13":"instock","14":"sale","15":"featured","16":"taxable","17":"shipping-taxable","18":"purchasable","19":"product-type-variable"},"yoast_head":"<!-- This site is optimized with the Yoast SEO Premium plugin v27.4 (Yoast SEO v27.4) - https:\/\/yoast.com\/product\/yoast-seo-premium-wordpress\/ -->\n<title>Chemin de table coton lin naturel FLORALIE made in France<\/title>\n<meta name=\"description\" content=\"Un chemin de table de qualit\u00e9, fabriqu\u00e9 en France, dans nos ateliers, de quoi apporter \u00e9l\u00e9gance et raffinement \u00e0 vos tables.\" \/>\n<meta name=\"robots\" content=\"index, follow, max-snippet:-1, max-image-preview:large, max-video-preview:-1\" \/>\n<link rel=\"canonical\" href=\"https:\/\/linandelle.com\/fr\/produit\/chemin-de-table-coton-lin-naturel-floralie\/\" \/>\n<meta property=\"og:locale\" content=\"fr_FR\" \/>\n<meta property=\"og:type\" content=\"article\" \/>\n<meta property=\"og:title\" content=\"Chemin de table coton lin naturel FLORALIE made in France\" \/>\n<meta property=\"og:description\" content=\"Un chemin de table de qualit\u00e9, fabriqu\u00e9 en France, dans nos ateliers, de quoi apporter \u00e9l\u00e9gance et raffinement \u00e0 vos tables.\" \/>\n<meta property=\"og:url\" content=\"https:\/\/linandelle.com\/fr\/produit\/chemin-de-table-coton-lin-naturel-floralie\/\" \/>\n<meta property=\"og:site_name\" content=\"Linandelle\" \/>\n<meta property=\"article:publisher\" content=\"https:\/\/www.facebook.com\/Linandelle\" \/>\n<meta property=\"article:modified_time\" content=\"2026-04-22T07:15:28+00:00\" \/>\n<meta property=\"og:image\" content=\"https:\/\/linandelle.com\/wp-content\/uploads\/2025\/08\/73085cac-9d65-4d76-a488-ed5d66717041.jpg\" \/>\n\t<meta property=\"og:image:width\" content=\"1417\" \/>\n\t<meta property=\"og:image:height\" content=\"1417\" \/>\n\t<meta property=\"og:image:type\" content=\"image\/jpeg\" \/>\n<meta name=\"twitter:card\" content=\"summary_large_image\" \/>\n<meta name=\"twitter:label1\" content=\"Dur\u00e9e de lecture estim\u00e9e\" \/>\n\t<meta name=\"twitter:data1\" content=\"2 minutes\" \/>\n<script type=\"application\/ld+json\" class=\"yoast-schema-graph\">{\"@context\":\"https:\\\/\\\/schema.org\",\"@graph\":[{\"@type\":\"WebPage\",\"@id\":\"https:\\\/\\\/linandelle.com\\\/fr\\\/produit\\\/chemin-de-table-coton-lin-naturel-floralie\\\/\",\"url\":\"https:\\\/\\\/linandelle.com\\\/fr\\\/produit\\\/chemin-de-table-coton-lin-naturel-floralie\\\/\",\"name\":\"Chemin de table coton lin naturel FLORALIE made in France\",\"isPartOf\":{\"@id\":\"https:\\\/\\\/linandelle.com\\\/fr\\\/#website\"},\"primaryImageOfPage\":{\"@id\":\"https:\\\/\\\/linandelle.com\\\/fr\\\/produit\\\/chemin-de-table-coton-lin-naturel-floralie\\\/#primaryimage\"},\"image\":{\"@id\":\"https:\\\/\\\/linandelle.com\\\/fr\\\/produit\\\/chemin-de-table-coton-lin-naturel-floralie\\\/#primaryimage\"},\"thumbnailUrl\":\"https:\\\/\\\/linandelle.com\\\/wp-content\\\/uploads\\\/2025\\\/08\\\/73085cac-9d65-4d76-a488-ed5d66717041.jpg\",\"datePublished\":\"2025-08-22T06:44:21+00:00\",\"dateModified\":\"2026-04-22T07:15:28+00:00\",\"description\":\"Un chemin de table de qualit\u00e9, fabriqu\u00e9 en France, dans nos ateliers, de quoi apporter \u00e9l\u00e9gance et raffinement \u00e0 vos tables.\",\"breadcrumb\":{\"@id\":\"https:\\\/\\\/linandelle.com\\\/fr\\\/produit\\\/chemin-de-table-coton-lin-naturel-floralie\\\/#breadcrumb\"},\"inLanguage\":\"fr-FR\",\"potentialAction\":[{\"@type\":\"ReadAction\",\"target\":[\"https:\\\/\\\/linandelle.com\\\/fr\\\/produit\\\/chemin-de-table-coton-lin-naturel-floralie\\\/\"]}]},{\"@type\":\"ImageObject\",\"inLanguage\":\"fr-FR\",\"@id\":\"https:\\\/\\\/linandelle.com\\\/fr\\\/produit\\\/chemin-de-table-coton-lin-naturel-floralie\\\/#primaryimage\",\"url\":\"https:\\\/\\\/linandelle.com\\\/wp-content\\\/uploads\\\/2025\\\/08\\\/73085cac-9d65-4d76-a488-ed5d66717041.jpg\",\"contentUrl\":\"https:\\\/\\\/linandelle.com\\\/wp-content\\\/uploads\\\/2025\\\/08\\\/73085cac-9d65-4d76-a488-ed5d66717041.jpg\",\"width\":1417,\"height\":1417},{\"@type\":\"BreadcrumbList\",\"@id\":\"https:\\\/\\\/linandelle.com\\\/fr\\\/produit\\\/chemin-de-table-coton-lin-naturel-floralie\\\/#breadcrumb\",\"itemListElement\":[{\"@type\":\"ListItem\",\"position\":1,\"name\":\"Produits\",\"item\":\"https:\\\/\\\/linandelle.com\\\/fr\\\/shop\\\/\"},{\"@type\":\"ListItem\",\"position\":2,\"name\":\"Chemin de table coton lin naturel FLORALIE\"}]},{\"@type\":\"WebSite\",\"@id\":\"https:\\\/\\\/linandelle.com\\\/fr\\\/#website\",\"url\":\"https:\\\/\\\/linandelle.com\\\/fr\\\/\",\"name\":\"Linandelle\",\"description\":\"Linandelle, plus que du linge, l&#039;essentiel\",\"publisher\":{\"@id\":\"https:\\\/\\\/linandelle.com\\\/fr\\\/#organization\"},\"potentialAction\":[{\"@type\":\"SearchAction\",\"target\":{\"@type\":\"EntryPoint\",\"urlTemplate\":\"https:\\\/\\\/linandelle.com\\\/fr\\\/?s={search_term_string}\"},\"query-input\":{\"@type\":\"PropertyValueSpecification\",\"valueRequired\":true,\"valueName\":\"search_term_string\"}}],\"inLanguage\":\"fr-FR\"},{\"@type\":\"Organization\",\"@id\":\"https:\\\/\\\/linandelle.com\\\/fr\\\/#organization\",\"name\":\"Linandelle\",\"url\":\"https:\\\/\\\/linandelle.com\\\/fr\\\/\",\"logo\":{\"@type\":\"ImageObject\",\"inLanguage\":\"fr-FR\",\"@id\":\"https:\\\/\\\/linandelle.com\\\/fr\\\/#\\\/schema\\\/logo\\\/image\\\/\",\"url\":\"https:\\\/\\\/linandelle.com\\\/wp-content\\\/uploads\\\/2022\\\/03\\\/logo-linandelle.jpg\",\"contentUrl\":\"https:\\\/\\\/linandelle.com\\\/wp-content\\\/uploads\\\/2022\\\/03\\\/logo-linandelle.jpg\",\"width\":739,\"height\":738,\"caption\":\"Linandelle\"},\"image\":{\"@id\":\"https:\\\/\\\/linandelle.com\\\/fr\\\/#\\\/schema\\\/logo\\\/image\\\/\"},\"sameAs\":[\"https:\\\/\\\/www.facebook.com\\\/Linandelle\",\"https:\\\/\\\/www.instagram.com\\\/linandelle\\\/\",\"https:\\\/\\\/www.linkedin.com\\\/company\\\/18483801\\\/admin\\\/dashboard\\\/\",\"https:\\\/\\\/www.pinterest.fr\\\/linandelle\\\/_created\\\/\",\"https:\\\/\\\/www.youtube.com\\\/@linandellecharleval1016\"],\"email\":\"contact@linandelle.com\",\"telephone\":\"0232687800\",\"legalName\":\"SARL DU PONT DES JARDINS\",\"vatID\":\"FR27448856641\",\"taxID\":\"44885664100015\",\"numberOfEmployees\":{\"@type\":\"QuantitativeValue\",\"minValue\":\"1\",\"maxValue\":\"10\"}}]}<\/script>\n<!-- \/ Yoast SEO Premium plugin. -->","yoast_head_json":{"title":"Chemin de table coton lin naturel FLORALIE made in France","description":"Un chemin de table de qualit\u00e9, fabriqu\u00e9 en France, dans nos ateliers, de quoi apporter \u00e9l\u00e9gance et raffinement \u00e0 vos tables.","robots":{"index":"index","follow":"follow","max-snippet":"max-snippet:-1","max-image-preview":"max-image-preview:large","max-video-preview":"max-video-preview:-1"},"canonical":"https:\/\/linandelle.com\/fr\/produit\/chemin-de-table-coton-lin-naturel-floralie\/","og_locale":"fr_FR","og_type":"article","og_title":"Chemin de table coton lin naturel FLORALIE made in France","og_description":"Un chemin de table de qualit\u00e9, fabriqu\u00e9 en France, dans nos ateliers, de quoi apporter \u00e9l\u00e9gance et raffinement \u00e0 vos tables.","og_url":"https:\/\/linandelle.com\/fr\/produit\/chemin-de-table-coton-lin-naturel-floralie\/","og_site_name":"Linandelle","article_publisher":"https:\/\/www.facebook.com\/Linandelle","article_modified_time":"2026-04-22T07:15:28+00:00","og_image":[{"width":1417,"height":1417,"url":"https:\/\/linandelle.com\/wp-content\/uploads\/2025\/08\/73085cac-9d65-4d76-a488-ed5d66717041.jpg","type":"image\/jpeg"}],"twitter_card":"summary_large_image","twitter_misc":{"Dur\u00e9e de lecture estim\u00e9e":"2 minutes"},"schema":{"@context":"https:\/\/schema.org","@graph":[{"@type":"WebPage","@id":"https:\/\/linandelle.com\/fr\/produit\/chemin-de-table-coton-lin-naturel-floralie\/","url":"https:\/\/linandelle.com\/fr\/produit\/chemin-de-table-coton-lin-naturel-floralie\/","name":"Chemin de table coton lin naturel FLORALIE made in France","isPartOf":{"@id":"https:\/\/linandelle.com\/fr\/#website"},"primaryImageOfPage":{"@id":"https:\/\/linandelle.com\/fr\/produit\/chemin-de-table-coton-lin-naturel-floralie\/#primaryimage"},"image":{"@id":"https:\/\/linandelle.com\/fr\/produit\/chemin-de-table-coton-lin-naturel-floralie\/#primaryimage"},"thumbnailUrl":"https:\/\/linandelle.com\/wp-content\/uploads\/2025\/08\/73085cac-9d65-4d76-a488-ed5d66717041.jpg","datePublished":"2025-08-22T06:44:21+00:00","dateModified":"2026-04-22T07:15:28+00:00","description":"Un chemin de table de qualit\u00e9, fabriqu\u00e9 en France, dans nos ateliers, de quoi apporter \u00e9l\u00e9gance et raffinement \u00e0 vos tables.","breadcrumb":{"@id":"https:\/\/linandelle.com\/fr\/produit\/chemin-de-table-coton-lin-naturel-floralie\/#breadcrumb"},"inLanguage":"fr-FR","potentialAction":[{"@type":"ReadAction","target":["https:\/\/linandelle.com\/fr\/produit\/chemin-de-table-coton-lin-naturel-floralie\/"]}]},{"@type":"ImageObject","inLanguage":"fr-FR","@id":"https:\/\/linandelle.com\/fr\/produit\/chemin-de-table-coton-lin-naturel-floralie\/#primaryimage","url":"https:\/\/linandelle.com\/wp-content\/uploads\/2025\/08\/73085cac-9d65-4d76-a488-ed5d66717041.jpg","contentUrl":"https:\/\/linandelle.com\/wp-content\/uploads\/2025\/08\/73085cac-9d65-4d76-a488-ed5d66717041.jpg","width":1417,"height":1417},{"@type":"BreadcrumbList","@id":"https:\/\/linandelle.com\/fr\/produit\/chemin-de-table-coton-lin-naturel-floralie\/#breadcrumb","itemListElement":[{"@type":"ListItem","position":1,"name":"Produits","item":"https:\/\/linandelle.com\/fr\/shop\/"},{"@type":"ListItem","position":2,"name":"Chemin de table coton lin naturel FLORALIE"}]},{"@type":"WebSite","@id":"https:\/\/linandelle.com\/fr\/#website","url":"https:\/\/linandelle.com\/fr\/","name":"Linandelle","description":"Linandelle, plus que du linge, l&#039;essentiel","publisher":{"@id":"https:\/\/linandelle.com\/fr\/#organization"},"potentialAction":[{"@type":"SearchAction","target":{"@type":"EntryPoint","urlTemplate":"https:\/\/linandelle.com\/fr\/?s={search_term_string}"},"query-input":{"@type":"PropertyValueSpecification","valueRequired":true,"valueName":"search_term_string"}}],"inLanguage":"fr-FR"},{"@type":"Organization","@id":"https:\/\/linandelle.com\/fr\/#organization","name":"Linandelle","url":"https:\/\/linandelle.com\/fr\/","logo":{"@type":"ImageObject","inLanguage":"fr-FR","@id":"https:\/\/linandelle.com\/fr\/#\/schema\/logo\/image\/","url":"https:\/\/linandelle.com\/wp-content\/uploads\/2022\/03\/logo-linandelle.jpg","contentUrl":"https:\/\/linandelle.com\/wp-content\/uploads\/2022\/03\/logo-linandelle.jpg","width":739,"height":738,"caption":"Linandelle"},"image":{"@id":"https:\/\/linandelle.com\/fr\/#\/schema\/logo\/image\/"},"sameAs":["https:\/\/www.facebook.com\/Linandelle","https:\/\/www.instagram.com\/linandelle\/","https:\/\/www.linkedin.com\/company\/18483801\/admin\/dashboard\/","https:\/\/www.pinterest.fr\/linandelle\/_created\/","https:\/\/www.youtube.com\/@linandellecharleval1016"],"email":"contact@linandelle.com","telephone":"0232687800","legalName":"SARL DU PONT DES JARDINS","vatID":"FR27448856641","taxID":"44885664100015","numberOfEmployees":{"@type":"QuantitativeValue","minValue":"1","maxValue":"10"}}]}},"_links":{"self":[{"href":"https:\/\/linandelle.com\/fr\/wp-json\/wp\/v2\/product\/84581","targetHints":{"allow":["GET"]}}],"collection":[{"href":"https:\/\/linandelle.com\/fr\/wp-json\/wp\/v2\/product"}],"about":[{"href":"https:\/\/linandelle.com\/fr\/wp-json\/wp\/v2\/types\/product"}],"wp:featuredmedia":[{"embeddable":true,"href":"https:\/\/linandelle.com\/fr\/wp-json\/wp\/v2\/media\/85399"}],"wp:attachment":[{"href":"https:\/\/linandelle.com\/fr\/wp-json\/wp\/v2\/media?parent=84581"}],"wp:term":[{"taxonomy":"product_brand","embeddable":true,"href":"https:\/\/linandelle.com\/fr\/wp-json\/wp\/v2\/product_brand?post=84581"},{"taxonomy":"product_cat","embeddable":true,"href":"https:\/\/linandelle.com\/fr\/wp-json\/wp\/v2\/product_cat?post=84581"},{"taxonomy":"product_tag","embeddable":true,"href":"https:\/\/linandelle.com\/fr\/wp-json\/wp\/v2\/product_tag?post=84581"},{"taxonomy":"woo-feed-brand","embeddable":true,"href":"https:\/\/linandelle.com\/fr\/wp-json\/wp\/v2\/woo-feed-brand?post=84581"}],"curies":[{"name":"wp","href":"https:\/\/api.w.org\/{rel}","templated":true}]}}