{"id":8499,"date":"2021-07-13T10:31:41","date_gmt":"2021-07-13T08:31:41","guid":{"rendered":"https:\/\/linandelle.com\/produit\/gris-acier-tissu-au-metre-en-lin\/"},"modified":"2026-04-23T16:42:13","modified_gmt":"2026-04-23T14:42:13","slug":"gris-acier-tissu-au-metre-en-lin","status":"publish","type":"product","link":"https:\/\/linandelle.com\/fr\/produit\/gris-acier-tissu-au-metre-en-lin\/","title":{"rendered":"GRIS ACIER &#8211; Tissu au m\u00e9tre, en lin"},"content":{"rendered":"<p>A la recherche d&rsquo;un tissu en lin d&rsquo;origine fran\u00e7aise ? Linandelle vous propose son tissu en lin d&rsquo;origine fran\u00e7aise pour vos diff\u00e9rentes confections.<br \/>\nTissu au m\u00e8tre, en lin, coloris gris acier<br \/>\nRetrouvez notre tissu 100% lin, coloris gris acier, issu de Normandie et de qualit\u00e9 professionnelle.<br \/>\nCes toiles sont solides et les couleurs sont en tiss\u00e9 teint (jacquard).<br \/>\nId\u00e9al pour confectionner linge de lit, v\u00eatements, sacs, rideaux, nappes, accessoires patchwork, ou tous les objets de vos loisirs cr\u00e9atifs.<\/p>\n<p>Caract\u00e9ristiques de notre tissu en lin :<\/p>\n<p>C&rsquo;est une des fibres textiles les plus resistantes.<br \/>\nLe lin est un tissu thermor\u00e9gulateur.<br \/>\nLe lin est un tissu anti-allergique et \u00e9cologique.<\/p>\n<p>Largeur: 140 cm<\/p>\n<p>220 gr\/m\u00b2<\/p>\n<p>Teint\u00e9 gris acier<\/p>\n<p>Si vous souhaitez recevoir des \u00e9chantillons avant de passer commande, visitez la page <a href=\"https:\/\/linandelle.com\/fr\/produit\/echantillons-tissus-au-metre-linandelle\/\">Echantillons tissus au m\u00e8tre<\/a><\/p>\n<p>Entretien du tissu en lin :<br \/>\nLavable en machine \u00e0 30\u00b0C. Le lin \u00e9tant une fibre naturelle, il est recommand\u00e9 de laisser tremper \u00e0 l&rsquo;eau froide 1 \u00e0 2h avant le premier lavage \u00e0 chaud. Cela a pour vertu de laver le tissu de ses impuret\u00e9s suite \u00e0 la fabrication, notamment la colle r\u00e9siduelle et de fixer les fibres, qui ne r\u00e9treciront plus.<\/p>\n<p>En savoir plus :<br \/>\n\u2022 Ce produit lab\u00e9llis\u00e9 STANDARD 100 by OEKO-TEX\u00ae &#8211; certificat n\u00b0 CQ 1102\/4 IFTH suit un processus de fabrication certifi\u00e9 et contr\u00f4l\u00e9, respectueux de votre peau.<br \/>\n\u2022 Le STANDARD 100 by OEKO-TEX\u00ae est le premier label qui r\u00e9pond aux besoins des consommateurs en mati\u00e8re d\u2019\u00e9cologie humaine. Il garantit l\u2019absence, dans les articles certifi\u00e9s de substances nocives ou pouvant pr\u00e9senter un risque pour la sant\u00e9.<\/p>\n","protected":false},"excerpt":{"rendered":"<p>Tissu 100% li, largeur 150cm.<\/p>\n","protected":false},"featured_media":37593,"template":"","meta":{"_et_pb_use_builder":"","_et_pb_old_content":"","_et_gb_content_width":""},"product_brand":[710],"product_cat":[315,26],"product_tag":[],"woo-feed-brand":[],"class_list":{"0":"post-8499","1":"product","2":"type-product","3":"status-publish","4":"has-post-thumbnail","6":"product_brand-linandelle","7":"product_cat-tissu-100-lin-au-metre","8":"product_cat-tissus-au-metre","9":"tm-no-options","11":"first","12":"instock","13":"featured","14":"taxable","15":"shipping-taxable","16":"purchasable","17":"product-type-simple"},"yoast_head":"<!-- This site is optimized with the Yoast SEO Premium plugin v27.4 (Yoast SEO v27.4) - https:\/\/yoast.com\/product\/yoast-seo-premium-wordpress\/ -->\n<title>Tissu au m\u00e8tre, pur lin, coloris gris acier - Fabriqu\u00e9 en France<\/title>\n<meta name=\"description\" content=\"Tissu 100% lin de grande qualit\u00e9, coloris gris acier, made in France. Utilisez le pour toutes vos confections\" \/>\n<meta name=\"robots\" content=\"index, follow, max-snippet:-1, max-image-preview:large, max-video-preview:-1\" \/>\n<link rel=\"canonical\" href=\"https:\/\/linandelle.com\/fr\/produit\/gris-acier-tissu-au-metre-en-lin\/\" \/>\n<meta property=\"og:locale\" content=\"fr_FR\" \/>\n<meta property=\"og:type\" content=\"article\" \/>\n<meta property=\"og:title\" content=\"Tissu au m\u00e8tre, pur lin, coloris gris acier - Fabriqu\u00e9 en France\" \/>\n<meta property=\"og:description\" content=\"Tissu 100% lin de grande qualit\u00e9, coloris gris acier, made in France. Utilisez le pour toutes vos confections\" \/>\n<meta property=\"og:url\" content=\"https:\/\/linandelle.com\/fr\/produit\/gris-acier-tissu-au-metre-en-lin\/\" \/>\n<meta property=\"og:site_name\" content=\"Linandelle\" \/>\n<meta property=\"article:publisher\" content=\"https:\/\/www.facebook.com\/Linandelle\" \/>\n<meta property=\"article:modified_time\" content=\"2026-04-23T14:42:13+00:00\" \/>\n<meta property=\"og:image\" content=\"https:\/\/linandelle.com\/wp-content\/uploads\/2021\/07\/tissu-lin-gris-zoom.jpg\" \/>\n\t<meta property=\"og:image:width\" content=\"1600\" \/>\n\t<meta property=\"og:image:height\" content=\"1600\" \/>\n\t<meta property=\"og:image:type\" content=\"image\/jpeg\" \/>\n<meta name=\"twitter:card\" content=\"summary_large_image\" \/>\n<meta name=\"twitter:label1\" content=\"Dur\u00e9e de lecture estim\u00e9e\" \/>\n\t<meta name=\"twitter:data1\" content=\"2 minutes\" \/>\n<script type=\"application\/ld+json\" class=\"yoast-schema-graph\">{\"@context\":\"https:\\\/\\\/schema.org\",\"@graph\":[{\"@type\":\"WebPage\",\"@id\":\"https:\\\/\\\/linandelle.com\\\/fr\\\/produit\\\/gris-acier-tissu-au-metre-en-lin\\\/\",\"url\":\"https:\\\/\\\/linandelle.com\\\/fr\\\/produit\\\/gris-acier-tissu-au-metre-en-lin\\\/\",\"name\":\"Tissu au m\u00e8tre, pur lin, coloris gris acier - Fabriqu\u00e9 en France\",\"isPartOf\":{\"@id\":\"https:\\\/\\\/linandelle.com\\\/fr\\\/#website\"},\"primaryImageOfPage\":{\"@id\":\"https:\\\/\\\/linandelle.com\\\/fr\\\/produit\\\/gris-acier-tissu-au-metre-en-lin\\\/#primaryimage\"},\"image\":{\"@id\":\"https:\\\/\\\/linandelle.com\\\/fr\\\/produit\\\/gris-acier-tissu-au-metre-en-lin\\\/#primaryimage\"},\"thumbnailUrl\":\"https:\\\/\\\/linandelle.com\\\/wp-content\\\/uploads\\\/2021\\\/07\\\/tissu-lin-gris-zoom.jpg\",\"datePublished\":\"2021-07-13T08:31:41+00:00\",\"dateModified\":\"2026-04-23T14:42:13+00:00\",\"description\":\"Tissu 100% lin de grande qualit\u00e9, coloris gris acier, made in France. Utilisez le pour toutes vos confections\",\"breadcrumb\":{\"@id\":\"https:\\\/\\\/linandelle.com\\\/fr\\\/produit\\\/gris-acier-tissu-au-metre-en-lin\\\/#breadcrumb\"},\"inLanguage\":\"fr-FR\",\"potentialAction\":[{\"@type\":\"ReadAction\",\"target\":[\"https:\\\/\\\/linandelle.com\\\/fr\\\/produit\\\/gris-acier-tissu-au-metre-en-lin\\\/\"]}]},{\"@type\":\"ImageObject\",\"inLanguage\":\"fr-FR\",\"@id\":\"https:\\\/\\\/linandelle.com\\\/fr\\\/produit\\\/gris-acier-tissu-au-metre-en-lin\\\/#primaryimage\",\"url\":\"https:\\\/\\\/linandelle.com\\\/wp-content\\\/uploads\\\/2021\\\/07\\\/tissu-lin-gris-zoom.jpg\",\"contentUrl\":\"https:\\\/\\\/linandelle.com\\\/wp-content\\\/uploads\\\/2021\\\/07\\\/tissu-lin-gris-zoom.jpg\",\"width\":1600,\"height\":1600},{\"@type\":\"BreadcrumbList\",\"@id\":\"https:\\\/\\\/linandelle.com\\\/fr\\\/produit\\\/gris-acier-tissu-au-metre-en-lin\\\/#breadcrumb\",\"itemListElement\":[{\"@type\":\"ListItem\",\"position\":1,\"name\":\"Produits\",\"item\":\"https:\\\/\\\/linandelle.com\\\/fr\\\/shop\\\/\"},{\"@type\":\"ListItem\",\"position\":2,\"name\":\"GRIS ACIER &#8211; Tissu au m\u00e9tre, en lin\"}]},{\"@type\":\"WebSite\",\"@id\":\"https:\\\/\\\/linandelle.com\\\/fr\\\/#website\",\"url\":\"https:\\\/\\\/linandelle.com\\\/fr\\\/\",\"name\":\"Linandelle\",\"description\":\"Linandelle, plus que du linge, l&#039;essentiel\",\"publisher\":{\"@id\":\"https:\\\/\\\/linandelle.com\\\/fr\\\/#organization\"},\"potentialAction\":[{\"@type\":\"SearchAction\",\"target\":{\"@type\":\"EntryPoint\",\"urlTemplate\":\"https:\\\/\\\/linandelle.com\\\/fr\\\/?s={search_term_string}\"},\"query-input\":{\"@type\":\"PropertyValueSpecification\",\"valueRequired\":true,\"valueName\":\"search_term_string\"}}],\"inLanguage\":\"fr-FR\"},{\"@type\":\"Organization\",\"@id\":\"https:\\\/\\\/linandelle.com\\\/fr\\\/#organization\",\"name\":\"Linandelle\",\"url\":\"https:\\\/\\\/linandelle.com\\\/fr\\\/\",\"logo\":{\"@type\":\"ImageObject\",\"inLanguage\":\"fr-FR\",\"@id\":\"https:\\\/\\\/linandelle.com\\\/fr\\\/#\\\/schema\\\/logo\\\/image\\\/\",\"url\":\"https:\\\/\\\/linandelle.com\\\/wp-content\\\/uploads\\\/2022\\\/03\\\/logo-linandelle.jpg\",\"contentUrl\":\"https:\\\/\\\/linandelle.com\\\/wp-content\\\/uploads\\\/2022\\\/03\\\/logo-linandelle.jpg\",\"width\":739,\"height\":738,\"caption\":\"Linandelle\"},\"image\":{\"@id\":\"https:\\\/\\\/linandelle.com\\\/fr\\\/#\\\/schema\\\/logo\\\/image\\\/\"},\"sameAs\":[\"https:\\\/\\\/www.facebook.com\\\/Linandelle\",\"https:\\\/\\\/www.instagram.com\\\/linandelle\\\/\",\"https:\\\/\\\/www.linkedin.com\\\/company\\\/18483801\\\/admin\\\/dashboard\\\/\",\"https:\\\/\\\/www.pinterest.fr\\\/linandelle\\\/_created\\\/\",\"https:\\\/\\\/www.youtube.com\\\/@linandellecharleval1016\"],\"email\":\"contact@linandelle.com\",\"telephone\":\"0232687800\",\"legalName\":\"SARL DU PONT DES JARDINS\",\"vatID\":\"FR27448856641\",\"taxID\":\"44885664100015\",\"numberOfEmployees\":{\"@type\":\"QuantitativeValue\",\"minValue\":\"1\",\"maxValue\":\"10\"}}]}<\/script>\n<!-- \/ Yoast SEO Premium plugin. -->","yoast_head_json":{"title":"Tissu au m\u00e8tre, pur lin, coloris gris acier - Fabriqu\u00e9 en France","description":"Tissu 100% lin de grande qualit\u00e9, coloris gris acier, made in France. Utilisez le pour toutes vos confections","robots":{"index":"index","follow":"follow","max-snippet":"max-snippet:-1","max-image-preview":"max-image-preview:large","max-video-preview":"max-video-preview:-1"},"canonical":"https:\/\/linandelle.com\/fr\/produit\/gris-acier-tissu-au-metre-en-lin\/","og_locale":"fr_FR","og_type":"article","og_title":"Tissu au m\u00e8tre, pur lin, coloris gris acier - Fabriqu\u00e9 en France","og_description":"Tissu 100% lin de grande qualit\u00e9, coloris gris acier, made in France. Utilisez le pour toutes vos confections","og_url":"https:\/\/linandelle.com\/fr\/produit\/gris-acier-tissu-au-metre-en-lin\/","og_site_name":"Linandelle","article_publisher":"https:\/\/www.facebook.com\/Linandelle","article_modified_time":"2026-04-23T14:42:13+00:00","og_image":[{"width":1600,"height":1600,"url":"https:\/\/linandelle.com\/wp-content\/uploads\/2021\/07\/tissu-lin-gris-zoom.jpg","type":"image\/jpeg"}],"twitter_card":"summary_large_image","twitter_misc":{"Dur\u00e9e de lecture estim\u00e9e":"2 minutes"},"schema":{"@context":"https:\/\/schema.org","@graph":[{"@type":"WebPage","@id":"https:\/\/linandelle.com\/fr\/produit\/gris-acier-tissu-au-metre-en-lin\/","url":"https:\/\/linandelle.com\/fr\/produit\/gris-acier-tissu-au-metre-en-lin\/","name":"Tissu au m\u00e8tre, pur lin, coloris gris acier - Fabriqu\u00e9 en France","isPartOf":{"@id":"https:\/\/linandelle.com\/fr\/#website"},"primaryImageOfPage":{"@id":"https:\/\/linandelle.com\/fr\/produit\/gris-acier-tissu-au-metre-en-lin\/#primaryimage"},"image":{"@id":"https:\/\/linandelle.com\/fr\/produit\/gris-acier-tissu-au-metre-en-lin\/#primaryimage"},"thumbnailUrl":"https:\/\/linandelle.com\/wp-content\/uploads\/2021\/07\/tissu-lin-gris-zoom.jpg","datePublished":"2021-07-13T08:31:41+00:00","dateModified":"2026-04-23T14:42:13+00:00","description":"Tissu 100% lin de grande qualit\u00e9, coloris gris acier, made in France. Utilisez le pour toutes vos confections","breadcrumb":{"@id":"https:\/\/linandelle.com\/fr\/produit\/gris-acier-tissu-au-metre-en-lin\/#breadcrumb"},"inLanguage":"fr-FR","potentialAction":[{"@type":"ReadAction","target":["https:\/\/linandelle.com\/fr\/produit\/gris-acier-tissu-au-metre-en-lin\/"]}]},{"@type":"ImageObject","inLanguage":"fr-FR","@id":"https:\/\/linandelle.com\/fr\/produit\/gris-acier-tissu-au-metre-en-lin\/#primaryimage","url":"https:\/\/linandelle.com\/wp-content\/uploads\/2021\/07\/tissu-lin-gris-zoom.jpg","contentUrl":"https:\/\/linandelle.com\/wp-content\/uploads\/2021\/07\/tissu-lin-gris-zoom.jpg","width":1600,"height":1600},{"@type":"BreadcrumbList","@id":"https:\/\/linandelle.com\/fr\/produit\/gris-acier-tissu-au-metre-en-lin\/#breadcrumb","itemListElement":[{"@type":"ListItem","position":1,"name":"Produits","item":"https:\/\/linandelle.com\/fr\/shop\/"},{"@type":"ListItem","position":2,"name":"GRIS ACIER &#8211; Tissu au m\u00e9tre, en lin"}]},{"@type":"WebSite","@id":"https:\/\/linandelle.com\/fr\/#website","url":"https:\/\/linandelle.com\/fr\/","name":"Linandelle","description":"Linandelle, plus que du linge, l&#039;essentiel","publisher":{"@id":"https:\/\/linandelle.com\/fr\/#organization"},"potentialAction":[{"@type":"SearchAction","target":{"@type":"EntryPoint","urlTemplate":"https:\/\/linandelle.com\/fr\/?s={search_term_string}"},"query-input":{"@type":"PropertyValueSpecification","valueRequired":true,"valueName":"search_term_string"}}],"inLanguage":"fr-FR"},{"@type":"Organization","@id":"https:\/\/linandelle.com\/fr\/#organization","name":"Linandelle","url":"https:\/\/linandelle.com\/fr\/","logo":{"@type":"ImageObject","inLanguage":"fr-FR","@id":"https:\/\/linandelle.com\/fr\/#\/schema\/logo\/image\/","url":"https:\/\/linandelle.com\/wp-content\/uploads\/2022\/03\/logo-linandelle.jpg","contentUrl":"https:\/\/linandelle.com\/wp-content\/uploads\/2022\/03\/logo-linandelle.jpg","width":739,"height":738,"caption":"Linandelle"},"image":{"@id":"https:\/\/linandelle.com\/fr\/#\/schema\/logo\/image\/"},"sameAs":["https:\/\/www.facebook.com\/Linandelle","https:\/\/www.instagram.com\/linandelle\/","https:\/\/www.linkedin.com\/company\/18483801\/admin\/dashboard\/","https:\/\/www.pinterest.fr\/linandelle\/_created\/","https:\/\/www.youtube.com\/@linandellecharleval1016"],"email":"contact@linandelle.com","telephone":"0232687800","legalName":"SARL DU PONT DES JARDINS","vatID":"FR27448856641","taxID":"44885664100015","numberOfEmployees":{"@type":"QuantitativeValue","minValue":"1","maxValue":"10"}}]}},"_links":{"self":[{"href":"https:\/\/linandelle.com\/fr\/wp-json\/wp\/v2\/product\/8499","targetHints":{"allow":["GET"]}}],"collection":[{"href":"https:\/\/linandelle.com\/fr\/wp-json\/wp\/v2\/product"}],"about":[{"href":"https:\/\/linandelle.com\/fr\/wp-json\/wp\/v2\/types\/product"}],"wp:featuredmedia":[{"embeddable":true,"href":"https:\/\/linandelle.com\/fr\/wp-json\/wp\/v2\/media\/37593"}],"wp:attachment":[{"href":"https:\/\/linandelle.com\/fr\/wp-json\/wp\/v2\/media?parent=8499"}],"wp:term":[{"taxonomy":"product_brand","embeddable":true,"href":"https:\/\/linandelle.com\/fr\/wp-json\/wp\/v2\/product_brand?post=8499"},{"taxonomy":"product_cat","embeddable":true,"href":"https:\/\/linandelle.com\/fr\/wp-json\/wp\/v2\/product_cat?post=8499"},{"taxonomy":"product_tag","embeddable":true,"href":"https:\/\/linandelle.com\/fr\/wp-json\/wp\/v2\/product_tag?post=8499"},{"taxonomy":"woo-feed-brand","embeddable":true,"href":"https:\/\/linandelle.com\/fr\/wp-json\/wp\/v2\/woo-feed-brand?post=8499"}],"curies":[{"name":"wp","href":"https:\/\/api.w.org\/{rel}","templated":true}]}}