{"id":85231,"date":"2025-10-17T13:19:21","date_gmt":"2025-10-17T11:19:21","guid":{"rendered":"https:\/\/linandelle.com\/fr\/?post_type=product&#038;p=85231"},"modified":"2026-04-27T15:27:32","modified_gmt":"2026-04-27T13:27:32","slug":"alese-protege-matelas-impermeable-impermeable-silencieux-coton","status":"publish","type":"product","link":"https:\/\/linandelle.com\/fr\/produit\/alese-protege-matelas-impermeable-impermeable-silencieux-coton\/","title":{"rendered":"Al\u00e8se prot\u00e8ge matelas imperm\u00e9able enduction respirante INTEGRAL"},"content":{"rendered":"<h1 style=\"text-align: center;\">Prot\u00e8ge matelas INT\u00c9GRAL imperm\u00e9able respirant<\/h1>\n<p>Offrez \u00e0 votre matelas une protection compl\u00e8te et durable avec l&rsquo;al\u00e8se int\u00e9grale. Elle enveloppe enti\u00e8rement le matelas sur toutes ses faces\u00a0garantissant une protection int\u00e9grale contre les taches, la poussi\u00e8re, l\u2019humidit\u00e9, et les acariens.<\/p>\n<p>La mise en place est tr\u00e8s facile gr\u00e2ce \u00e0 la fermeture zipp\u00e9e pr\u00e9sente \u00e0 la fois sur une largeur et sur une longueur. Bonnet de 30cm.<\/p>\n<p>Sa membrane imperm\u00e9able et respirante bloque efficacement les liquides tout en laissant circuler l\u2019air pour pr\u00e9server la fra\u00eecheur et le confort de votre literie.<br \/>\nDouce au toucher, sa surface en tissu extensible s\u2019adapte parfaitement \u00e0 toutes les hauteurs de matelas, sans faire de bruit ni alt\u00e9rer le confort\u00a0de\u00a0couchage.<\/p>\n<h3 style=\"text-align: center;\"><strong><u>Caract\u00e9ristiques\u00a0: <\/u><\/strong><\/h3>\n<p style=\"text-align: center;\">Composition d\u00e9taill\u00e9e : 80% coton, 20% polyur\u00e9thane<\/p>\n<p style=\"text-align: center;\">Bonnet de 30cm<\/p>\n<p style=\"text-align: center;\">Fermeture \u00e0 zip dans une ligueur et une largeur pour faciliter la mise en place<\/p>\n<p style=\"text-align: center;\">Lavable en machine \u00e0 60\u00b0. (Apr\u00e8s trempage et\/ou premier lavage \u00e0 froid)<\/p>\n<p style=\"text-align: center;\">S\u00e9chage en machine tol\u00e9r\u00e9.<\/p>\n<p style=\"text-align: center;\">Fabriqu\u00e9 en U.E<\/p>\n<p>Tailles disponibles : 70&#215;190 cm, 80x190cm, 80&#215;200 cm, 90&#215;190 cm, 90&#215;200 cm, 100&#215;200 cm, 110&#215;190 cm, 120&#215;190 cm, 120&#215;200 cm, 140&#215;190 cm, 140&#215;200 cm, 160&#215;200 cm, 180&#215;200 cm, 200&#215;200 cm, 2x70x190, 2x80x200, 2x90x200, 2x100x200.<\/p>\n<p>\u2022 Ce produit labellis\u00e9 STANDARD 100 by OEKO-TEX\u00ae &#8211; certificat n\u00b0 CQ 1102\/4 IFTH suit un processus de fabrication certifi\u00e9 et contr\u00f4l\u00e9, respectueux de votre peau.<br \/>\n\u2022 Le STANDARD 100 by OEKO-TEX\u00ae est le premier label qui r\u00e9pond aux besoins des consommateurs en mati\u00e8re d\u2019\u00e9cologie humaine. Il garantit l\u2019absence, dans les articles certifi\u00e9s de substances nocives ou pouvant pr\u00e9senter un risque pour la sant\u00e9<\/p>\n","protected":false},"excerpt":{"rendered":"<p>R\u00e9nove matelas en coton, imperm\u00e9able et r\u00e9sistant, fermeture \u00e0 zip.<\/p>\n<p>Livraison rapide en 48h.<\/p>\n","protected":false},"featured_media":85326,"template":"","meta":{"_et_pb_use_builder":"","_et_pb_old_content":"","_et_gb_content_width":""},"product_brand":[710],"product_cat":[713,24,259,598,708],"product_tag":[],"woo-feed-brand":[],"class_list":{"0":"post-85231","1":"product","2":"type-product","3":"status-publish","4":"has-post-thumbnail","6":"product_brand-linandelle","7":"product_cat-selection-hiver","8":"product_cat-linge-de-lit","9":"product_cat-protege-matelas","10":"product_cat-protege-matelas-impermeable-respirant-silence","11":"product_cat-selection-rentree","12":"tm-no-options","14":"first","15":"instock","16":"featured","17":"taxable","18":"shipping-taxable","19":"purchasable","20":"product-type-variable"},"yoast_head":"<!-- This site is optimized with the Yoast SEO Premium plugin v27.5 (Yoast SEO v27.5) - https:\/\/yoast.com\/product\/yoast-seo-premium-wordpress\/ -->\n<title>Housse int\u00e9grale pour matelas imperm\u00e9able fermeture \u00e0 zip<\/title>\n<meta name=\"description\" content=\"Prot\u00e8ge matelas imperm\u00e9able et micro-respirant avec grand bonnet de 30cm. Il est naturellement anti-acariens et prot\u00e8ge l&#039;int\u00e9gralit\u00e9 du matelas.\" \/>\n<meta name=\"robots\" content=\"index, follow, max-snippet:-1, max-image-preview:large, max-video-preview:-1\" \/>\n<link rel=\"canonical\" href=\"https:\/\/linandelle.com\/fr\/produit\/alese-protege-matelas-impermeable-impermeable-silencieux-coton\/\" \/>\n<meta property=\"og:locale\" content=\"fr_FR\" \/>\n<meta property=\"og:type\" content=\"article\" \/>\n<meta property=\"og:title\" content=\"Housse int\u00e9grale pour matelas imperm\u00e9able fermeture \u00e0 zip\" \/>\n<meta property=\"og:description\" content=\"Prot\u00e8ge matelas imperm\u00e9able et micro-respirant avec grand bonnet de 30cm. Il est naturellement anti-acariens et prot\u00e8ge l&#039;int\u00e9gralit\u00e9 du matelas.\" \/>\n<meta property=\"og:url\" content=\"https:\/\/linandelle.com\/fr\/produit\/alese-protege-matelas-impermeable-impermeable-silencieux-coton\/\" \/>\n<meta property=\"og:site_name\" content=\"Linandelle\" \/>\n<meta property=\"article:publisher\" content=\"https:\/\/www.facebook.com\/Linandelle\" \/>\n<meta property=\"article:modified_time\" content=\"2026-04-27T13:27:32+00:00\" \/>\n<meta property=\"og:image\" content=\"https:\/\/linandelle.com\/wp-content\/uploads\/2025\/10\/b91904a9-0d38-48f8-a60d-dca80ae47d92.jpg\" \/>\n\t<meta property=\"og:image:width\" content=\"1200\" \/>\n\t<meta property=\"og:image:height\" content=\"1200\" \/>\n\t<meta property=\"og:image:type\" content=\"image\/jpeg\" \/>\n<meta name=\"twitter:card\" content=\"summary_large_image\" \/>\n<meta name=\"twitter:label1\" content=\"Dur\u00e9e de lecture estim\u00e9e\" \/>\n\t<meta name=\"twitter:data1\" content=\"2 minutes\" \/>\n<script type=\"application\/ld+json\" class=\"yoast-schema-graph\">{\"@context\":\"https:\\\/\\\/schema.org\",\"@graph\":[{\"@type\":\"WebPage\",\"@id\":\"https:\\\/\\\/linandelle.com\\\/fr\\\/produit\\\/alese-protege-matelas-impermeable-impermeable-silencieux-coton\\\/\",\"url\":\"https:\\\/\\\/linandelle.com\\\/fr\\\/produit\\\/alese-protege-matelas-impermeable-impermeable-silencieux-coton\\\/\",\"name\":\"Housse int\u00e9grale pour matelas imperm\u00e9able fermeture \u00e0 zip\",\"isPartOf\":{\"@id\":\"https:\\\/\\\/linandelle.com\\\/fr\\\/#website\"},\"primaryImageOfPage\":{\"@id\":\"https:\\\/\\\/linandelle.com\\\/fr\\\/produit\\\/alese-protege-matelas-impermeable-impermeable-silencieux-coton\\\/#primaryimage\"},\"image\":{\"@id\":\"https:\\\/\\\/linandelle.com\\\/fr\\\/produit\\\/alese-protege-matelas-impermeable-impermeable-silencieux-coton\\\/#primaryimage\"},\"thumbnailUrl\":\"https:\\\/\\\/linandelle.com\\\/wp-content\\\/uploads\\\/2025\\\/10\\\/b91904a9-0d38-48f8-a60d-dca80ae47d92.jpg\",\"datePublished\":\"2025-10-17T11:19:21+00:00\",\"dateModified\":\"2026-04-27T13:27:32+00:00\",\"description\":\"Prot\u00e8ge matelas imperm\u00e9able et micro-respirant avec grand bonnet de 30cm. Il est naturellement anti-acariens et prot\u00e8ge l'int\u00e9gralit\u00e9 du matelas.\",\"breadcrumb\":{\"@id\":\"https:\\\/\\\/linandelle.com\\\/fr\\\/produit\\\/alese-protege-matelas-impermeable-impermeable-silencieux-coton\\\/#breadcrumb\"},\"inLanguage\":\"fr-FR\",\"potentialAction\":[{\"@type\":\"ReadAction\",\"target\":[\"https:\\\/\\\/linandelle.com\\\/fr\\\/produit\\\/alese-protege-matelas-impermeable-impermeable-silencieux-coton\\\/\"]}]},{\"@type\":\"ImageObject\",\"inLanguage\":\"fr-FR\",\"@id\":\"https:\\\/\\\/linandelle.com\\\/fr\\\/produit\\\/alese-protege-matelas-impermeable-impermeable-silencieux-coton\\\/#primaryimage\",\"url\":\"https:\\\/\\\/linandelle.com\\\/wp-content\\\/uploads\\\/2025\\\/10\\\/b91904a9-0d38-48f8-a60d-dca80ae47d92.jpg\",\"contentUrl\":\"https:\\\/\\\/linandelle.com\\\/wp-content\\\/uploads\\\/2025\\\/10\\\/b91904a9-0d38-48f8-a60d-dca80ae47d92.jpg\",\"width\":1200,\"height\":1200},{\"@type\":\"BreadcrumbList\",\"@id\":\"https:\\\/\\\/linandelle.com\\\/fr\\\/produit\\\/alese-protege-matelas-impermeable-impermeable-silencieux-coton\\\/#breadcrumb\",\"itemListElement\":[{\"@type\":\"ListItem\",\"position\":1,\"name\":\"Produits\",\"item\":\"https:\\\/\\\/linandelle.com\\\/fr\\\/shop\\\/\"},{\"@type\":\"ListItem\",\"position\":2,\"name\":\"Al\u00e8se prot\u00e8ge matelas imperm\u00e9able enduction respirante INTEGRAL\"}]},{\"@type\":\"WebSite\",\"@id\":\"https:\\\/\\\/linandelle.com\\\/fr\\\/#website\",\"url\":\"https:\\\/\\\/linandelle.com\\\/fr\\\/\",\"name\":\"Linandelle\",\"description\":\"Linandelle, plus que du linge, l&#039;essentiel\",\"publisher\":{\"@id\":\"https:\\\/\\\/linandelle.com\\\/fr\\\/#organization\"},\"potentialAction\":[{\"@type\":\"SearchAction\",\"target\":{\"@type\":\"EntryPoint\",\"urlTemplate\":\"https:\\\/\\\/linandelle.com\\\/fr\\\/?s={search_term_string}\"},\"query-input\":{\"@type\":\"PropertyValueSpecification\",\"valueRequired\":true,\"valueName\":\"search_term_string\"}}],\"inLanguage\":\"fr-FR\"},{\"@type\":\"Organization\",\"@id\":\"https:\\\/\\\/linandelle.com\\\/fr\\\/#organization\",\"name\":\"Linandelle\",\"url\":\"https:\\\/\\\/linandelle.com\\\/fr\\\/\",\"logo\":{\"@type\":\"ImageObject\",\"inLanguage\":\"fr-FR\",\"@id\":\"https:\\\/\\\/linandelle.com\\\/fr\\\/#\\\/schema\\\/logo\\\/image\\\/\",\"url\":\"https:\\\/\\\/linandelle.com\\\/wp-content\\\/uploads\\\/2022\\\/03\\\/logo-linandelle.jpg\",\"contentUrl\":\"https:\\\/\\\/linandelle.com\\\/wp-content\\\/uploads\\\/2022\\\/03\\\/logo-linandelle.jpg\",\"width\":739,\"height\":738,\"caption\":\"Linandelle\"},\"image\":{\"@id\":\"https:\\\/\\\/linandelle.com\\\/fr\\\/#\\\/schema\\\/logo\\\/image\\\/\"},\"sameAs\":[\"https:\\\/\\\/www.facebook.com\\\/Linandelle\",\"https:\\\/\\\/www.instagram.com\\\/linandelle\\\/\",\"https:\\\/\\\/www.linkedin.com\\\/company\\\/18483801\\\/admin\\\/dashboard\\\/\",\"https:\\\/\\\/www.pinterest.fr\\\/linandelle\\\/_created\\\/\",\"https:\\\/\\\/www.youtube.com\\\/@linandellecharleval1016\"],\"email\":\"contact@linandelle.com\",\"telephone\":\"0232687800\",\"legalName\":\"SARL DU PONT DES JARDINS\",\"vatID\":\"FR27448856641\",\"taxID\":\"44885664100015\",\"numberOfEmployees\":{\"@type\":\"QuantitativeValue\",\"minValue\":\"1\",\"maxValue\":\"10\"}}]}<\/script>\n<!-- \/ Yoast SEO Premium plugin. -->","yoast_head_json":{"title":"Housse int\u00e9grale pour matelas imperm\u00e9able fermeture \u00e0 zip","description":"Prot\u00e8ge matelas imperm\u00e9able et micro-respirant avec grand bonnet de 30cm. Il est naturellement anti-acariens et prot\u00e8ge l'int\u00e9gralit\u00e9 du matelas.","robots":{"index":"index","follow":"follow","max-snippet":"max-snippet:-1","max-image-preview":"max-image-preview:large","max-video-preview":"max-video-preview:-1"},"canonical":"https:\/\/linandelle.com\/fr\/produit\/alese-protege-matelas-impermeable-impermeable-silencieux-coton\/","og_locale":"fr_FR","og_type":"article","og_title":"Housse int\u00e9grale pour matelas imperm\u00e9able fermeture \u00e0 zip","og_description":"Prot\u00e8ge matelas imperm\u00e9able et micro-respirant avec grand bonnet de 30cm. Il est naturellement anti-acariens et prot\u00e8ge l'int\u00e9gralit\u00e9 du matelas.","og_url":"https:\/\/linandelle.com\/fr\/produit\/alese-protege-matelas-impermeable-impermeable-silencieux-coton\/","og_site_name":"Linandelle","article_publisher":"https:\/\/www.facebook.com\/Linandelle","article_modified_time":"2026-04-27T13:27:32+00:00","og_image":[{"width":1200,"height":1200,"url":"https:\/\/linandelle.com\/wp-content\/uploads\/2025\/10\/b91904a9-0d38-48f8-a60d-dca80ae47d92.jpg","type":"image\/jpeg"}],"twitter_card":"summary_large_image","twitter_misc":{"Dur\u00e9e de lecture estim\u00e9e":"2 minutes"},"schema":{"@context":"https:\/\/schema.org","@graph":[{"@type":"WebPage","@id":"https:\/\/linandelle.com\/fr\/produit\/alese-protege-matelas-impermeable-impermeable-silencieux-coton\/","url":"https:\/\/linandelle.com\/fr\/produit\/alese-protege-matelas-impermeable-impermeable-silencieux-coton\/","name":"Housse int\u00e9grale pour matelas imperm\u00e9able fermeture \u00e0 zip","isPartOf":{"@id":"https:\/\/linandelle.com\/fr\/#website"},"primaryImageOfPage":{"@id":"https:\/\/linandelle.com\/fr\/produit\/alese-protege-matelas-impermeable-impermeable-silencieux-coton\/#primaryimage"},"image":{"@id":"https:\/\/linandelle.com\/fr\/produit\/alese-protege-matelas-impermeable-impermeable-silencieux-coton\/#primaryimage"},"thumbnailUrl":"https:\/\/linandelle.com\/wp-content\/uploads\/2025\/10\/b91904a9-0d38-48f8-a60d-dca80ae47d92.jpg","datePublished":"2025-10-17T11:19:21+00:00","dateModified":"2026-04-27T13:27:32+00:00","description":"Prot\u00e8ge matelas imperm\u00e9able et micro-respirant avec grand bonnet de 30cm. Il est naturellement anti-acariens et prot\u00e8ge l'int\u00e9gralit\u00e9 du matelas.","breadcrumb":{"@id":"https:\/\/linandelle.com\/fr\/produit\/alese-protege-matelas-impermeable-impermeable-silencieux-coton\/#breadcrumb"},"inLanguage":"fr-FR","potentialAction":[{"@type":"ReadAction","target":["https:\/\/linandelle.com\/fr\/produit\/alese-protege-matelas-impermeable-impermeable-silencieux-coton\/"]}]},{"@type":"ImageObject","inLanguage":"fr-FR","@id":"https:\/\/linandelle.com\/fr\/produit\/alese-protege-matelas-impermeable-impermeable-silencieux-coton\/#primaryimage","url":"https:\/\/linandelle.com\/wp-content\/uploads\/2025\/10\/b91904a9-0d38-48f8-a60d-dca80ae47d92.jpg","contentUrl":"https:\/\/linandelle.com\/wp-content\/uploads\/2025\/10\/b91904a9-0d38-48f8-a60d-dca80ae47d92.jpg","width":1200,"height":1200},{"@type":"BreadcrumbList","@id":"https:\/\/linandelle.com\/fr\/produit\/alese-protege-matelas-impermeable-impermeable-silencieux-coton\/#breadcrumb","itemListElement":[{"@type":"ListItem","position":1,"name":"Produits","item":"https:\/\/linandelle.com\/fr\/shop\/"},{"@type":"ListItem","position":2,"name":"Al\u00e8se prot\u00e8ge matelas imperm\u00e9able enduction respirante INTEGRAL"}]},{"@type":"WebSite","@id":"https:\/\/linandelle.com\/fr\/#website","url":"https:\/\/linandelle.com\/fr\/","name":"Linandelle","description":"Linandelle, plus que du linge, l&#039;essentiel","publisher":{"@id":"https:\/\/linandelle.com\/fr\/#organization"},"potentialAction":[{"@type":"SearchAction","target":{"@type":"EntryPoint","urlTemplate":"https:\/\/linandelle.com\/fr\/?s={search_term_string}"},"query-input":{"@type":"PropertyValueSpecification","valueRequired":true,"valueName":"search_term_string"}}],"inLanguage":"fr-FR"},{"@type":"Organization","@id":"https:\/\/linandelle.com\/fr\/#organization","name":"Linandelle","url":"https:\/\/linandelle.com\/fr\/","logo":{"@type":"ImageObject","inLanguage":"fr-FR","@id":"https:\/\/linandelle.com\/fr\/#\/schema\/logo\/image\/","url":"https:\/\/linandelle.com\/wp-content\/uploads\/2022\/03\/logo-linandelle.jpg","contentUrl":"https:\/\/linandelle.com\/wp-content\/uploads\/2022\/03\/logo-linandelle.jpg","width":739,"height":738,"caption":"Linandelle"},"image":{"@id":"https:\/\/linandelle.com\/fr\/#\/schema\/logo\/image\/"},"sameAs":["https:\/\/www.facebook.com\/Linandelle","https:\/\/www.instagram.com\/linandelle\/","https:\/\/www.linkedin.com\/company\/18483801\/admin\/dashboard\/","https:\/\/www.pinterest.fr\/linandelle\/_created\/","https:\/\/www.youtube.com\/@linandellecharleval1016"],"email":"contact@linandelle.com","telephone":"0232687800","legalName":"SARL DU PONT DES JARDINS","vatID":"FR27448856641","taxID":"44885664100015","numberOfEmployees":{"@type":"QuantitativeValue","minValue":"1","maxValue":"10"}}]}},"_links":{"self":[{"href":"https:\/\/linandelle.com\/fr\/wp-json\/wp\/v2\/product\/85231","targetHints":{"allow":["GET"]}}],"collection":[{"href":"https:\/\/linandelle.com\/fr\/wp-json\/wp\/v2\/product"}],"about":[{"href":"https:\/\/linandelle.com\/fr\/wp-json\/wp\/v2\/types\/product"}],"wp:featuredmedia":[{"embeddable":true,"href":"https:\/\/linandelle.com\/fr\/wp-json\/wp\/v2\/media\/85326"}],"wp:attachment":[{"href":"https:\/\/linandelle.com\/fr\/wp-json\/wp\/v2\/media?parent=85231"}],"wp:term":[{"taxonomy":"product_brand","embeddable":true,"href":"https:\/\/linandelle.com\/fr\/wp-json\/wp\/v2\/product_brand?post=85231"},{"taxonomy":"product_cat","embeddable":true,"href":"https:\/\/linandelle.com\/fr\/wp-json\/wp\/v2\/product_cat?post=85231"},{"taxonomy":"product_tag","embeddable":true,"href":"https:\/\/linandelle.com\/fr\/wp-json\/wp\/v2\/product_tag?post=85231"},{"taxonomy":"woo-feed-brand","embeddable":true,"href":"https:\/\/linandelle.com\/fr\/wp-json\/wp\/v2\/woo-feed-brand?post=85231"}],"curies":[{"name":"wp","href":"https:\/\/api.w.org\/{rel}","templated":true}]}}