{"id":85329,"date":"2025-10-24T15:45:41","date_gmt":"2025-10-24T13:45:41","guid":{"rendered":"https:\/\/linandelle.com\/fr\/?post_type=product&#038;p=85329"},"modified":"2026-04-23T14:58:55","modified_gmt":"2026-04-23T12:58:55","slug":"lot-de-serviettes-de-table-coton-imprimes-lutin","status":"publish","type":"product","link":"https:\/\/linandelle.com\/fr\/produit\/lot-de-serviettes-de-table-coton-imprimes-lutin\/","title":{"rendered":"Lot de serviettes de table coton imprim\u00e9s LUTIN"},"content":{"rendered":"<h3><strong><u>Lot de 6 serviettes de table\u00a0 coton imprim\u00e9s LUTIN<\/u><\/strong><\/h3>\n<p>C\u00e9l\u00e9brez la magie des f\u00eates avec les serviettes coton LUTIN.<\/p>\n<p>Une belle table pour les f\u00eates de Noel, c\u2019est important pour vous aussi\u00a0? C\u2019est le meilleur moment pour mettre les petits plats dans les grands.<\/p>\n<p>Les serviettes LUTIN, sont confectionn\u00e9es en Normandie, par notre couturi\u00e8re.<\/p>\n<p>Vous trouverez dans la m\u00eame collection, la nappe et le chemin de table.<\/p>\n<h5><strong>Caract\u00e9ristiques de la serviette de table en tissu :<\/strong><\/h5>\n<ul>\n<li>\u00a0Vendue par lot de 6.<\/li>\n<li>Dimension : 50&#215;50 \u00a0cm<\/li>\n<li>100% COTON<\/li>\n<li>190gr m\u00b2<\/li>\n<li>Coloris : blanc.<\/li>\n<li>Lavage \u00e0 60\u00b0C en machine.<\/li>\n<li>Ourlet sur tout le tour de la serviette.<\/li>\n<li>Fabriqu\u00e9e, tiss\u00e9e, teint en France<\/li>\n<\/ul>\n<p>Ce produit lab\u00e9llis\u00e9 STANDARD 100 by OEKO-TEX\u00ae &#8211; certificat n\u00b0 CQ 1102\/4 IFTH suit un processus de fabrication certifi\u00e9 et contr\u00f4l\u00e9, respectueux de votre peau.<\/p>\n<ul>\n<li>Le STANDARD 100 by OEKO-TEX\u00ae est le premier label qui r\u00e9pond aux besoins des consommateurs en mati\u00e8re d\u2019\u00e9cologie humaine. Il garantit l\u2019absence, dans les articles certifi\u00e9s de substances nocives ou pouvant pr\u00e9senter un risque pour la sant\u00e9\u00bb<\/li>\n<\/ul>\n","protected":false},"excerpt":{"rendered":"<p>Serviettes de table 100% coton\u00a0 confectionn\u00e9es en France .<\/p>\n<p>Livraison rapide en 48h.<\/p>\n","protected":false},"featured_media":85397,"template":"","meta":{"_et_pb_use_builder":"off","_et_pb_old_content":"<h5><strong><u>Lot de 6 serviettes de table\u00a0 coton lin blanc METIS.\r\n<\/u><\/strong><\/h5>\r\nUne table \u00a0raffin\u00e9e, \u00e9l\u00e9gante, la serviette METIS \u00a0sera l\u2019alli\u00e9e de vos tables pour toutes vos id\u00e9es \u00a0de \u00a0d\u00e9cors.\r\n\r\nTr\u00e8s facile d\u2019entretien, et adapt\u00e9 au lavage intensif, la serviette METIS s\u2019adresse aussi bien aux particuliers qu\u2019aux professionnels.\r\n\r\nFabriqu\u00e9 en coton lin, mati\u00e8re naturelle et \u00e9co-responsable dans nos ateliers de confection fran\u00e7ais.\r\n\r\nL\u2019option broderie \u00a0apporte la touche personnelle \u00a0sympa qui fait plaisir \u00a0\u00e0 coup s\u00fbr.\r\n<h5><strong>Caract\u00e9ristiques de la serviette :<\/strong><\/h5>\r\n<ul>\r\n \t<li>\u00a0Vendu par lot de 6.<\/li>\r\n \t<li>Dimension : 50x50 \u00a0cm<\/li>\r\n \t<li>65% coton 35% lin<\/li>\r\n \t<li>Coloris : blanc.<\/li>\r\n \t<li>Lavage \u00e0 60\u00b0C en machine.<\/li>\r\n \t<li>Ourlet sur tout le tour de la serviette.<\/li>\r\n \t<li>Fabriqu\u00e9e, tiss\u00e9e, teint en France<\/li>\r\n<\/ul>\r\nCe produit lab\u00e9llis\u00e9 STANDARD 100 by OEKO-TEX\u00ae - certificat n\u00b0 CQ 1102\/4 IFTH suit un processus de fabrication certifi\u00e9 et contr\u00f4l\u00e9, respectueux de votre peau.\r\n<ul>\r\n \t<li>Le STANDARD 100 by OEKO-TEX\u00ae est le premier label qui r\u00e9pond aux besoins des consommateurs en mati\u00e8re d\u2019\u00e9cologie humaine. Il garantit l\u2019absence, dans les articles certifi\u00e9s de substances nocives ou pouvant pr\u00e9senter un risque pour la sant\u00e9\u00bb<\/li>\r\n<\/ul>\r\n\u00a0\r\n\r\nEn savoir plus :\r\n\r\n- Tr\u00e8s r\u00e9sistante\r\n\r\n- 50X50cm\r\n\r\n- M\u00e9lange coton lin\r\n\r\n- Fabriqu\u00e9es en France\r\n\r\n- Lavable en machine.","_et_gb_content_width":""},"product_brand":[710],"product_cat":[697,636,329,27],"product_tag":[],"woo-feed-brand":[],"class_list":{"0":"post-85329","1":"product","2":"type-product","3":"status-publish","4":"has-post-thumbnail","6":"product_brand-linandelle","7":"product_cat-produits-made-in-france","8":"product_cat-noel","9":"product_cat-serviettes-de-table-a-carreaux","10":"product_cat-table","11":"tm-no-options","13":"first","14":"instock","15":"sale","16":"featured","17":"taxable","18":"shipping-taxable","19":"purchasable","20":"product-type-variable"},"yoast_head":"<!-- This site is optimized with the Yoast SEO Premium plugin v27.5 (Yoast SEO v27.5) - https:\/\/yoast.com\/product\/yoast-seo-premium-wordpress\/ -->\n<title>Lots de 6 serviettes de table coton imprim\u00e9s Lutin<\/title>\n<meta name=\"description\" content=\"Sublimez vos tables de f\u00eates avec les serviettes de table, 100% coton imprim\u00e9s GNOME, vendues par lot de 6, confectionn\u00e9es en France dans nos ateliers\" \/>\n<meta name=\"robots\" content=\"index, follow, max-snippet:-1, max-image-preview:large, max-video-preview:-1\" \/>\n<link rel=\"canonical\" href=\"https:\/\/linandelle.com\/fr\/produit\/lot-de-serviettes-de-table-coton-imprimes-lutin\/\" \/>\n<meta property=\"og:locale\" content=\"fr_FR\" \/>\n<meta property=\"og:type\" content=\"article\" \/>\n<meta property=\"og:title\" content=\"Lots de 6 serviettes de table coton imprim\u00e9s Lutin\" \/>\n<meta property=\"og:description\" content=\"Sublimez vos tables de f\u00eates avec les serviettes de table, 100% coton imprim\u00e9s GNOME, vendues par lot de 6, confectionn\u00e9es en France dans nos ateliers\" \/>\n<meta property=\"og:url\" content=\"https:\/\/linandelle.com\/fr\/produit\/lot-de-serviettes-de-table-coton-imprimes-lutin\/\" \/>\n<meta property=\"og:site_name\" content=\"Linandelle\" \/>\n<meta property=\"article:publisher\" content=\"https:\/\/www.facebook.com\/Linandelle\" \/>\n<meta property=\"article:modified_time\" content=\"2026-04-23T12:58:55+00:00\" \/>\n<meta property=\"og:image\" content=\"https:\/\/linandelle.com\/wp-content\/uploads\/2025\/10\/IMG_6513-Modifie.jpg\" \/>\n\t<meta property=\"og:image:width\" content=\"943\" \/>\n\t<meta property=\"og:image:height\" content=\"943\" \/>\n\t<meta property=\"og:image:type\" content=\"image\/jpeg\" \/>\n<meta name=\"twitter:card\" content=\"summary_large_image\" \/>\n<meta name=\"twitter:label1\" content=\"Dur\u00e9e de lecture estim\u00e9e\" \/>\n\t<meta name=\"twitter:data1\" content=\"2 minutes\" \/>\n<script type=\"application\/ld+json\" class=\"yoast-schema-graph\">{\"@context\":\"https:\\\/\\\/schema.org\",\"@graph\":[{\"@type\":\"WebPage\",\"@id\":\"https:\\\/\\\/linandelle.com\\\/fr\\\/produit\\\/lot-de-serviettes-de-table-coton-imprimes-lutin\\\/\",\"url\":\"https:\\\/\\\/linandelle.com\\\/fr\\\/produit\\\/lot-de-serviettes-de-table-coton-imprimes-lutin\\\/\",\"name\":\"Lots de 6 serviettes de table coton imprim\u00e9s Lutin\",\"isPartOf\":{\"@id\":\"https:\\\/\\\/linandelle.com\\\/fr\\\/#website\"},\"primaryImageOfPage\":{\"@id\":\"https:\\\/\\\/linandelle.com\\\/fr\\\/produit\\\/lot-de-serviettes-de-table-coton-imprimes-lutin\\\/#primaryimage\"},\"image\":{\"@id\":\"https:\\\/\\\/linandelle.com\\\/fr\\\/produit\\\/lot-de-serviettes-de-table-coton-imprimes-lutin\\\/#primaryimage\"},\"thumbnailUrl\":\"https:\\\/\\\/linandelle.com\\\/wp-content\\\/uploads\\\/2025\\\/10\\\/IMG_6513-Modifie.jpg\",\"datePublished\":\"2025-10-24T13:45:41+00:00\",\"dateModified\":\"2026-04-23T12:58:55+00:00\",\"description\":\"Sublimez vos tables de f\u00eates avec les serviettes de table, 100% coton imprim\u00e9s GNOME, vendues par lot de 6, confectionn\u00e9es en France dans nos ateliers\",\"breadcrumb\":{\"@id\":\"https:\\\/\\\/linandelle.com\\\/fr\\\/produit\\\/lot-de-serviettes-de-table-coton-imprimes-lutin\\\/#breadcrumb\"},\"inLanguage\":\"fr-FR\",\"potentialAction\":[{\"@type\":\"ReadAction\",\"target\":[\"https:\\\/\\\/linandelle.com\\\/fr\\\/produit\\\/lot-de-serviettes-de-table-coton-imprimes-lutin\\\/\"]}]},{\"@type\":\"ImageObject\",\"inLanguage\":\"fr-FR\",\"@id\":\"https:\\\/\\\/linandelle.com\\\/fr\\\/produit\\\/lot-de-serviettes-de-table-coton-imprimes-lutin\\\/#primaryimage\",\"url\":\"https:\\\/\\\/linandelle.com\\\/wp-content\\\/uploads\\\/2025\\\/10\\\/IMG_6513-Modifie.jpg\",\"contentUrl\":\"https:\\\/\\\/linandelle.com\\\/wp-content\\\/uploads\\\/2025\\\/10\\\/IMG_6513-Modifie.jpg\",\"width\":943,\"height\":943,\"caption\":\"Serviette de table en tissu lavable 100% coton imprim\u00e9s\"},{\"@type\":\"BreadcrumbList\",\"@id\":\"https:\\\/\\\/linandelle.com\\\/fr\\\/produit\\\/lot-de-serviettes-de-table-coton-imprimes-lutin\\\/#breadcrumb\",\"itemListElement\":[{\"@type\":\"ListItem\",\"position\":1,\"name\":\"Produits\",\"item\":\"https:\\\/\\\/linandelle.com\\\/fr\\\/shop\\\/\"},{\"@type\":\"ListItem\",\"position\":2,\"name\":\"Lot de serviettes de table coton imprim\u00e9s LUTIN\"}]},{\"@type\":\"WebSite\",\"@id\":\"https:\\\/\\\/linandelle.com\\\/fr\\\/#website\",\"url\":\"https:\\\/\\\/linandelle.com\\\/fr\\\/\",\"name\":\"Linandelle\",\"description\":\"Linandelle, plus que du linge, l&#039;essentiel\",\"publisher\":{\"@id\":\"https:\\\/\\\/linandelle.com\\\/fr\\\/#organization\"},\"potentialAction\":[{\"@type\":\"SearchAction\",\"target\":{\"@type\":\"EntryPoint\",\"urlTemplate\":\"https:\\\/\\\/linandelle.com\\\/fr\\\/?s={search_term_string}\"},\"query-input\":{\"@type\":\"PropertyValueSpecification\",\"valueRequired\":true,\"valueName\":\"search_term_string\"}}],\"inLanguage\":\"fr-FR\"},{\"@type\":\"Organization\",\"@id\":\"https:\\\/\\\/linandelle.com\\\/fr\\\/#organization\",\"name\":\"Linandelle\",\"url\":\"https:\\\/\\\/linandelle.com\\\/fr\\\/\",\"logo\":{\"@type\":\"ImageObject\",\"inLanguage\":\"fr-FR\",\"@id\":\"https:\\\/\\\/linandelle.com\\\/fr\\\/#\\\/schema\\\/logo\\\/image\\\/\",\"url\":\"https:\\\/\\\/linandelle.com\\\/wp-content\\\/uploads\\\/2022\\\/03\\\/logo-linandelle.jpg\",\"contentUrl\":\"https:\\\/\\\/linandelle.com\\\/wp-content\\\/uploads\\\/2022\\\/03\\\/logo-linandelle.jpg\",\"width\":739,\"height\":738,\"caption\":\"Linandelle\"},\"image\":{\"@id\":\"https:\\\/\\\/linandelle.com\\\/fr\\\/#\\\/schema\\\/logo\\\/image\\\/\"},\"sameAs\":[\"https:\\\/\\\/www.facebook.com\\\/Linandelle\",\"https:\\\/\\\/www.instagram.com\\\/linandelle\\\/\",\"https:\\\/\\\/www.linkedin.com\\\/company\\\/18483801\\\/admin\\\/dashboard\\\/\",\"https:\\\/\\\/www.pinterest.fr\\\/linandelle\\\/_created\\\/\",\"https:\\\/\\\/www.youtube.com\\\/@linandellecharleval1016\"],\"email\":\"contact@linandelle.com\",\"telephone\":\"0232687800\",\"legalName\":\"SARL DU PONT DES JARDINS\",\"vatID\":\"FR27448856641\",\"taxID\":\"44885664100015\",\"numberOfEmployees\":{\"@type\":\"QuantitativeValue\",\"minValue\":\"1\",\"maxValue\":\"10\"}}]}<\/script>\n<!-- \/ Yoast SEO Premium plugin. -->","yoast_head_json":{"title":"Lots de 6 serviettes de table coton imprim\u00e9s Lutin","description":"Sublimez vos tables de f\u00eates avec les serviettes de table, 100% coton imprim\u00e9s GNOME, vendues par lot de 6, confectionn\u00e9es en France dans nos ateliers","robots":{"index":"index","follow":"follow","max-snippet":"max-snippet:-1","max-image-preview":"max-image-preview:large","max-video-preview":"max-video-preview:-1"},"canonical":"https:\/\/linandelle.com\/fr\/produit\/lot-de-serviettes-de-table-coton-imprimes-lutin\/","og_locale":"fr_FR","og_type":"article","og_title":"Lots de 6 serviettes de table coton imprim\u00e9s Lutin","og_description":"Sublimez vos tables de f\u00eates avec les serviettes de table, 100% coton imprim\u00e9s GNOME, vendues par lot de 6, confectionn\u00e9es en France dans nos ateliers","og_url":"https:\/\/linandelle.com\/fr\/produit\/lot-de-serviettes-de-table-coton-imprimes-lutin\/","og_site_name":"Linandelle","article_publisher":"https:\/\/www.facebook.com\/Linandelle","article_modified_time":"2026-04-23T12:58:55+00:00","og_image":[{"width":943,"height":943,"url":"https:\/\/linandelle.com\/wp-content\/uploads\/2025\/10\/IMG_6513-Modifie.jpg","type":"image\/jpeg"}],"twitter_card":"summary_large_image","twitter_misc":{"Dur\u00e9e de lecture estim\u00e9e":"2 minutes"},"schema":{"@context":"https:\/\/schema.org","@graph":[{"@type":"WebPage","@id":"https:\/\/linandelle.com\/fr\/produit\/lot-de-serviettes-de-table-coton-imprimes-lutin\/","url":"https:\/\/linandelle.com\/fr\/produit\/lot-de-serviettes-de-table-coton-imprimes-lutin\/","name":"Lots de 6 serviettes de table coton imprim\u00e9s Lutin","isPartOf":{"@id":"https:\/\/linandelle.com\/fr\/#website"},"primaryImageOfPage":{"@id":"https:\/\/linandelle.com\/fr\/produit\/lot-de-serviettes-de-table-coton-imprimes-lutin\/#primaryimage"},"image":{"@id":"https:\/\/linandelle.com\/fr\/produit\/lot-de-serviettes-de-table-coton-imprimes-lutin\/#primaryimage"},"thumbnailUrl":"https:\/\/linandelle.com\/wp-content\/uploads\/2025\/10\/IMG_6513-Modifie.jpg","datePublished":"2025-10-24T13:45:41+00:00","dateModified":"2026-04-23T12:58:55+00:00","description":"Sublimez vos tables de f\u00eates avec les serviettes de table, 100% coton imprim\u00e9s GNOME, vendues par lot de 6, confectionn\u00e9es en France dans nos ateliers","breadcrumb":{"@id":"https:\/\/linandelle.com\/fr\/produit\/lot-de-serviettes-de-table-coton-imprimes-lutin\/#breadcrumb"},"inLanguage":"fr-FR","potentialAction":[{"@type":"ReadAction","target":["https:\/\/linandelle.com\/fr\/produit\/lot-de-serviettes-de-table-coton-imprimes-lutin\/"]}]},{"@type":"ImageObject","inLanguage":"fr-FR","@id":"https:\/\/linandelle.com\/fr\/produit\/lot-de-serviettes-de-table-coton-imprimes-lutin\/#primaryimage","url":"https:\/\/linandelle.com\/wp-content\/uploads\/2025\/10\/IMG_6513-Modifie.jpg","contentUrl":"https:\/\/linandelle.com\/wp-content\/uploads\/2025\/10\/IMG_6513-Modifie.jpg","width":943,"height":943,"caption":"Serviette de table en tissu lavable 100% coton imprim\u00e9s"},{"@type":"BreadcrumbList","@id":"https:\/\/linandelle.com\/fr\/produit\/lot-de-serviettes-de-table-coton-imprimes-lutin\/#breadcrumb","itemListElement":[{"@type":"ListItem","position":1,"name":"Produits","item":"https:\/\/linandelle.com\/fr\/shop\/"},{"@type":"ListItem","position":2,"name":"Lot de serviettes de table coton imprim\u00e9s LUTIN"}]},{"@type":"WebSite","@id":"https:\/\/linandelle.com\/fr\/#website","url":"https:\/\/linandelle.com\/fr\/","name":"Linandelle","description":"Linandelle, plus que du linge, l&#039;essentiel","publisher":{"@id":"https:\/\/linandelle.com\/fr\/#organization"},"potentialAction":[{"@type":"SearchAction","target":{"@type":"EntryPoint","urlTemplate":"https:\/\/linandelle.com\/fr\/?s={search_term_string}"},"query-input":{"@type":"PropertyValueSpecification","valueRequired":true,"valueName":"search_term_string"}}],"inLanguage":"fr-FR"},{"@type":"Organization","@id":"https:\/\/linandelle.com\/fr\/#organization","name":"Linandelle","url":"https:\/\/linandelle.com\/fr\/","logo":{"@type":"ImageObject","inLanguage":"fr-FR","@id":"https:\/\/linandelle.com\/fr\/#\/schema\/logo\/image\/","url":"https:\/\/linandelle.com\/wp-content\/uploads\/2022\/03\/logo-linandelle.jpg","contentUrl":"https:\/\/linandelle.com\/wp-content\/uploads\/2022\/03\/logo-linandelle.jpg","width":739,"height":738,"caption":"Linandelle"},"image":{"@id":"https:\/\/linandelle.com\/fr\/#\/schema\/logo\/image\/"},"sameAs":["https:\/\/www.facebook.com\/Linandelle","https:\/\/www.instagram.com\/linandelle\/","https:\/\/www.linkedin.com\/company\/18483801\/admin\/dashboard\/","https:\/\/www.pinterest.fr\/linandelle\/_created\/","https:\/\/www.youtube.com\/@linandellecharleval1016"],"email":"contact@linandelle.com","telephone":"0232687800","legalName":"SARL DU PONT DES JARDINS","vatID":"FR27448856641","taxID":"44885664100015","numberOfEmployees":{"@type":"QuantitativeValue","minValue":"1","maxValue":"10"}}]}},"_links":{"self":[{"href":"https:\/\/linandelle.com\/fr\/wp-json\/wp\/v2\/product\/85329","targetHints":{"allow":["GET"]}}],"collection":[{"href":"https:\/\/linandelle.com\/fr\/wp-json\/wp\/v2\/product"}],"about":[{"href":"https:\/\/linandelle.com\/fr\/wp-json\/wp\/v2\/types\/product"}],"wp:featuredmedia":[{"embeddable":true,"href":"https:\/\/linandelle.com\/fr\/wp-json\/wp\/v2\/media\/85397"}],"wp:attachment":[{"href":"https:\/\/linandelle.com\/fr\/wp-json\/wp\/v2\/media?parent=85329"}],"wp:term":[{"taxonomy":"product_brand","embeddable":true,"href":"https:\/\/linandelle.com\/fr\/wp-json\/wp\/v2\/product_brand?post=85329"},{"taxonomy":"product_cat","embeddable":true,"href":"https:\/\/linandelle.com\/fr\/wp-json\/wp\/v2\/product_cat?post=85329"},{"taxonomy":"product_tag","embeddable":true,"href":"https:\/\/linandelle.com\/fr\/wp-json\/wp\/v2\/product_tag?post=85329"},{"taxonomy":"woo-feed-brand","embeddable":true,"href":"https:\/\/linandelle.com\/fr\/wp-json\/wp\/v2\/woo-feed-brand?post=85329"}],"curies":[{"name":"wp","href":"https:\/\/api.w.org\/{rel}","templated":true}]}}