{"id":8539,"date":"2021-07-13T11:04:55","date_gmt":"2021-07-13T09:04:55","guid":{"rendered":"https:\/\/linandelle.com\/produit\/tissu-bouclette-eponge-au-metre-coloris-caramel\/"},"modified":"2026-04-29T09:07:04","modified_gmt":"2026-04-29T07:07:04","slug":"tissu-bouclette-eponge-au-metre-coloris-caramel","status":"publish","type":"product","link":"https:\/\/linandelle.com\/fr\/produit\/tissu-bouclette-eponge-au-metre-coloris-caramel\/","title":{"rendered":"Tissu bouclette \u00e9ponge au m\u00e9tre, coloris caramel"},"content":{"rendered":"<p>A la recherche d&rsquo;un tissu en bouclette \u00e9ponge, doux et confortable pour vos cr\u00e9ations ? Linandelle vous propose son tissu bouclette \u00e9ponge, en diff\u00e9rents coloris et \u00e0 prix abordable.<\/p>\n<p>Tissu bouclette \u00e9ponge, au m\u00e8tre, coloris caramel<br \/>\nLe tissu bouclette est connu pour son confort, surtout l&rsquo;hiver, et pour ses qualit\u00e9s absorbantes !<\/p>\n<p>Caract\u00e9ristiques du tissu bouclette :<br \/>\n&#8211; Profitez d&rsquo;une s\u00e9l\u00e9ction de tissu en bouclette \u00e9ponge 100% coton<br \/>\n&#8211; Laize 155cm<br \/>\n&#8211; Coloris grand teint<br \/>\n&#8211; Lavable en machine \u00e0 60\u00b0C<br \/>\n&#8211; Eponge tr\u00e8s absorbante, en 480gr\/m2<br \/>\n&#8211; Fabriqu\u00e9 en UE<\/p>\n<p>Id\u00e9al pour confectionner vos accessoires de piscine, spa, plage, thalasso th\u00e9rapie, ou pour votre domicile tout simplement \u00e0 partir d&rsquo;une \u00e9ponge tr\u00e8s absorbante. Vous pourrez y fabriquer vos serviettes, essuies mains, gants, peignoirs, et m\u00eame, si vous \u00eates professionnel en medecine, vos assises pour vos tables, plus confortables et r\u00e9sistant que le papier.<\/p>\n<p>Le tissu bouclette \u00e9ponge est \u00e9galement disponible d&rsquo;autres coloris : ivoire, gris perle, blanc et noir.<\/p>\n<p>Si vous souhaitez recevoir des \u00e9chantillons avant de passer commande, visitez la page <a href=\"https:\/\/linandelle.com\/fr\/produit\/echantillons-tissus-au-metre-linandelle\/\">Echantillons tissus au m\u00e8tre<\/a><\/p>\n<p>En savoir plus :<br \/>\n\u2022 Ce produit lab\u00e9llis\u00e9 STANDARD 100 by OEKO-TEX\u00ae &#8211; certificat n\u00b0 CQ 1102\/4 IFTH suit un processus de fabrication certifi\u00e9 et contr\u00f4l\u00e9, respectueux de votre peau.<br \/>\n\u2022 Le STANDARD 100 by OEKO-TEX\u00ae est le premier label qui r\u00e9pond aux besoins des consommateurs en mati\u00e8re d\u2019\u00e9cologie humaine. Il garantit l\u2019absence, dans les articles certifi\u00e9s de substances nocives ou pouvant pr\u00e9senter un risque pour la sant\u00e9.<\/p>\n","protected":false},"excerpt":{"rendered":"<p>A la recherche d&rsquo;un tissu en bouclette \u00e9ponge, doux et confortable pour vos cr\u00e9ations ? Linandelle vous propose son tissu bouclette \u00e9ponge, en diff\u00e9rents coloris et \u00e0 prix abordable. Tissu bouclette \u00e9ponge, au m\u00e8tre, coloris caramel Le tissu bouclette est connu pour son confort, surtout l&rsquo;hiver, et pour ses qualit\u00e9s absorbantes ! Caract\u00e9ristiques du tissu [&hellip;]<\/p>\n","protected":false},"featured_media":8540,"template":"","meta":{"_et_pb_use_builder":"","_et_pb_old_content":"","_et_gb_content_width":""},"product_brand":[710],"product_cat":[322,26],"product_tag":[],"woo-feed-brand":[],"class_list":{"0":"post-8539","1":"product","2":"type-product","3":"status-publish","4":"has-post-thumbnail","6":"product_brand-linandelle","7":"product_cat-tissu-eponge-au-metre","8":"product_cat-tissus-au-metre","9":"tm-no-options","11":"first","12":"instock","13":"sale","14":"featured","15":"taxable","16":"shipping-taxable","17":"purchasable","18":"product-type-simple"},"yoast_head":"<!-- This site is optimized with the Yoast SEO Premium plugin v27.5 (Yoast SEO v27.5) - https:\/\/yoast.com\/product\/yoast-seo-premium-wordpress\/ -->\n<title>Tissu \u00e9ponge au m\u00e8tre, coloris caramel<\/title>\n<meta name=\"description\" content=\"Tissu au m\u00e8tre en bouclette \u00e9ponge 100% coton, laize 155cm, coloris caramel. Poids 480gr\/m2\" \/>\n<meta name=\"robots\" content=\"index, follow, max-snippet:-1, max-image-preview:large, max-video-preview:-1\" \/>\n<link rel=\"canonical\" href=\"https:\/\/linandelle.com\/fr\/produit\/tissu-bouclette-eponge-au-metre-coloris-caramel\/\" \/>\n<meta property=\"og:locale\" content=\"fr_FR\" \/>\n<meta property=\"og:type\" content=\"article\" \/>\n<meta property=\"og:title\" content=\"Tissu \u00e9ponge au m\u00e8tre, coloris caramel\" \/>\n<meta property=\"og:description\" content=\"Tissu au m\u00e8tre en bouclette \u00e9ponge 100% coton, laize 155cm, coloris caramel. Poids 480gr\/m2\" \/>\n<meta property=\"og:url\" content=\"https:\/\/linandelle.com\/fr\/produit\/tissu-bouclette-eponge-au-metre-coloris-caramel\/\" \/>\n<meta property=\"og:site_name\" content=\"Linandelle\" \/>\n<meta property=\"article:publisher\" content=\"https:\/\/www.facebook.com\/Linandelle\" \/>\n<meta property=\"article:modified_time\" content=\"2026-04-29T07:07:04+00:00\" \/>\n<meta property=\"og:image\" content=\"https:\/\/linandelle.com\/wp-content\/uploads\/2021\/07\/Tissu_caramel_au_metre_480gr.jpg\" \/>\n\t<meta property=\"og:image:width\" content=\"750\" \/>\n\t<meta property=\"og:image:height\" content=\"750\" \/>\n\t<meta property=\"og:image:type\" content=\"image\/jpeg\" \/>\n<meta name=\"twitter:card\" content=\"summary_large_image\" \/>\n<meta name=\"twitter:label1\" content=\"Dur\u00e9e de lecture estim\u00e9e\" \/>\n\t<meta name=\"twitter:data1\" content=\"2 minutes\" \/>\n<script type=\"application\/ld+json\" class=\"yoast-schema-graph\">{\"@context\":\"https:\\\/\\\/schema.org\",\"@graph\":[{\"@type\":\"WebPage\",\"@id\":\"https:\\\/\\\/linandelle.com\\\/fr\\\/produit\\\/tissu-bouclette-eponge-au-metre-coloris-caramel\\\/\",\"url\":\"https:\\\/\\\/linandelle.com\\\/fr\\\/produit\\\/tissu-bouclette-eponge-au-metre-coloris-caramel\\\/\",\"name\":\"Tissu \u00e9ponge au m\u00e8tre, coloris caramel\",\"isPartOf\":{\"@id\":\"https:\\\/\\\/linandelle.com\\\/fr\\\/#website\"},\"primaryImageOfPage\":{\"@id\":\"https:\\\/\\\/linandelle.com\\\/fr\\\/produit\\\/tissu-bouclette-eponge-au-metre-coloris-caramel\\\/#primaryimage\"},\"image\":{\"@id\":\"https:\\\/\\\/linandelle.com\\\/fr\\\/produit\\\/tissu-bouclette-eponge-au-metre-coloris-caramel\\\/#primaryimage\"},\"thumbnailUrl\":\"https:\\\/\\\/linandelle.com\\\/wp-content\\\/uploads\\\/2021\\\/07\\\/Tissu_caramel_au_metre_480gr.jpg\",\"datePublished\":\"2021-07-13T09:04:55+00:00\",\"dateModified\":\"2026-04-29T07:07:04+00:00\",\"description\":\"Tissu au m\u00e8tre en bouclette \u00e9ponge 100% coton, laize 155cm, coloris caramel. Poids 480gr\\\/m2\",\"breadcrumb\":{\"@id\":\"https:\\\/\\\/linandelle.com\\\/fr\\\/produit\\\/tissu-bouclette-eponge-au-metre-coloris-caramel\\\/#breadcrumb\"},\"inLanguage\":\"fr-FR\",\"potentialAction\":[{\"@type\":\"ReadAction\",\"target\":[\"https:\\\/\\\/linandelle.com\\\/fr\\\/produit\\\/tissu-bouclette-eponge-au-metre-coloris-caramel\\\/\"]}]},{\"@type\":\"ImageObject\",\"inLanguage\":\"fr-FR\",\"@id\":\"https:\\\/\\\/linandelle.com\\\/fr\\\/produit\\\/tissu-bouclette-eponge-au-metre-coloris-caramel\\\/#primaryimage\",\"url\":\"https:\\\/\\\/linandelle.com\\\/wp-content\\\/uploads\\\/2021\\\/07\\\/Tissu_caramel_au_metre_480gr.jpg\",\"contentUrl\":\"https:\\\/\\\/linandelle.com\\\/wp-content\\\/uploads\\\/2021\\\/07\\\/Tissu_caramel_au_metre_480gr.jpg\",\"width\":750,\"height\":750,\"caption\":\"tissu bouclette \u00e9ponge au m\u00e8tre caramel\"},{\"@type\":\"BreadcrumbList\",\"@id\":\"https:\\\/\\\/linandelle.com\\\/fr\\\/produit\\\/tissu-bouclette-eponge-au-metre-coloris-caramel\\\/#breadcrumb\",\"itemListElement\":[{\"@type\":\"ListItem\",\"position\":1,\"name\":\"Produits\",\"item\":\"https:\\\/\\\/linandelle.com\\\/fr\\\/shop\\\/\"},{\"@type\":\"ListItem\",\"position\":2,\"name\":\"Tissu bouclette \u00e9ponge au m\u00e9tre, coloris caramel\"}]},{\"@type\":\"WebSite\",\"@id\":\"https:\\\/\\\/linandelle.com\\\/fr\\\/#website\",\"url\":\"https:\\\/\\\/linandelle.com\\\/fr\\\/\",\"name\":\"Linandelle\",\"description\":\"Linandelle, plus que du linge, l&#039;essentiel\",\"publisher\":{\"@id\":\"https:\\\/\\\/linandelle.com\\\/fr\\\/#organization\"},\"potentialAction\":[{\"@type\":\"SearchAction\",\"target\":{\"@type\":\"EntryPoint\",\"urlTemplate\":\"https:\\\/\\\/linandelle.com\\\/fr\\\/?s={search_term_string}\"},\"query-input\":{\"@type\":\"PropertyValueSpecification\",\"valueRequired\":true,\"valueName\":\"search_term_string\"}}],\"inLanguage\":\"fr-FR\"},{\"@type\":\"Organization\",\"@id\":\"https:\\\/\\\/linandelle.com\\\/fr\\\/#organization\",\"name\":\"Linandelle\",\"url\":\"https:\\\/\\\/linandelle.com\\\/fr\\\/\",\"logo\":{\"@type\":\"ImageObject\",\"inLanguage\":\"fr-FR\",\"@id\":\"https:\\\/\\\/linandelle.com\\\/fr\\\/#\\\/schema\\\/logo\\\/image\\\/\",\"url\":\"https:\\\/\\\/linandelle.com\\\/wp-content\\\/uploads\\\/2022\\\/03\\\/logo-linandelle.jpg\",\"contentUrl\":\"https:\\\/\\\/linandelle.com\\\/wp-content\\\/uploads\\\/2022\\\/03\\\/logo-linandelle.jpg\",\"width\":739,\"height\":738,\"caption\":\"Linandelle\"},\"image\":{\"@id\":\"https:\\\/\\\/linandelle.com\\\/fr\\\/#\\\/schema\\\/logo\\\/image\\\/\"},\"sameAs\":[\"https:\\\/\\\/www.facebook.com\\\/Linandelle\",\"https:\\\/\\\/www.instagram.com\\\/linandelle\\\/\",\"https:\\\/\\\/www.linkedin.com\\\/company\\\/18483801\\\/admin\\\/dashboard\\\/\",\"https:\\\/\\\/www.pinterest.fr\\\/linandelle\\\/_created\\\/\",\"https:\\\/\\\/www.youtube.com\\\/@linandellecharleval1016\"],\"email\":\"contact@linandelle.com\",\"telephone\":\"0232687800\",\"legalName\":\"SARL DU PONT DES JARDINS\",\"vatID\":\"FR27448856641\",\"taxID\":\"44885664100015\",\"numberOfEmployees\":{\"@type\":\"QuantitativeValue\",\"minValue\":\"1\",\"maxValue\":\"10\"}}]}<\/script>\n<!-- \/ Yoast SEO Premium plugin. -->","yoast_head_json":{"title":"Tissu \u00e9ponge au m\u00e8tre, coloris caramel","description":"Tissu au m\u00e8tre en bouclette \u00e9ponge 100% coton, laize 155cm, coloris caramel. Poids 480gr\/m2","robots":{"index":"index","follow":"follow","max-snippet":"max-snippet:-1","max-image-preview":"max-image-preview:large","max-video-preview":"max-video-preview:-1"},"canonical":"https:\/\/linandelle.com\/fr\/produit\/tissu-bouclette-eponge-au-metre-coloris-caramel\/","og_locale":"fr_FR","og_type":"article","og_title":"Tissu \u00e9ponge au m\u00e8tre, coloris caramel","og_description":"Tissu au m\u00e8tre en bouclette \u00e9ponge 100% coton, laize 155cm, coloris caramel. Poids 480gr\/m2","og_url":"https:\/\/linandelle.com\/fr\/produit\/tissu-bouclette-eponge-au-metre-coloris-caramel\/","og_site_name":"Linandelle","article_publisher":"https:\/\/www.facebook.com\/Linandelle","article_modified_time":"2026-04-29T07:07:04+00:00","og_image":[{"width":750,"height":750,"url":"https:\/\/linandelle.com\/wp-content\/uploads\/2021\/07\/Tissu_caramel_au_metre_480gr.jpg","type":"image\/jpeg"}],"twitter_card":"summary_large_image","twitter_misc":{"Dur\u00e9e de lecture estim\u00e9e":"2 minutes"},"schema":{"@context":"https:\/\/schema.org","@graph":[{"@type":"WebPage","@id":"https:\/\/linandelle.com\/fr\/produit\/tissu-bouclette-eponge-au-metre-coloris-caramel\/","url":"https:\/\/linandelle.com\/fr\/produit\/tissu-bouclette-eponge-au-metre-coloris-caramel\/","name":"Tissu \u00e9ponge au m\u00e8tre, coloris caramel","isPartOf":{"@id":"https:\/\/linandelle.com\/fr\/#website"},"primaryImageOfPage":{"@id":"https:\/\/linandelle.com\/fr\/produit\/tissu-bouclette-eponge-au-metre-coloris-caramel\/#primaryimage"},"image":{"@id":"https:\/\/linandelle.com\/fr\/produit\/tissu-bouclette-eponge-au-metre-coloris-caramel\/#primaryimage"},"thumbnailUrl":"https:\/\/linandelle.com\/wp-content\/uploads\/2021\/07\/Tissu_caramel_au_metre_480gr.jpg","datePublished":"2021-07-13T09:04:55+00:00","dateModified":"2026-04-29T07:07:04+00:00","description":"Tissu au m\u00e8tre en bouclette \u00e9ponge 100% coton, laize 155cm, coloris caramel. Poids 480gr\/m2","breadcrumb":{"@id":"https:\/\/linandelle.com\/fr\/produit\/tissu-bouclette-eponge-au-metre-coloris-caramel\/#breadcrumb"},"inLanguage":"fr-FR","potentialAction":[{"@type":"ReadAction","target":["https:\/\/linandelle.com\/fr\/produit\/tissu-bouclette-eponge-au-metre-coloris-caramel\/"]}]},{"@type":"ImageObject","inLanguage":"fr-FR","@id":"https:\/\/linandelle.com\/fr\/produit\/tissu-bouclette-eponge-au-metre-coloris-caramel\/#primaryimage","url":"https:\/\/linandelle.com\/wp-content\/uploads\/2021\/07\/Tissu_caramel_au_metre_480gr.jpg","contentUrl":"https:\/\/linandelle.com\/wp-content\/uploads\/2021\/07\/Tissu_caramel_au_metre_480gr.jpg","width":750,"height":750,"caption":"tissu bouclette \u00e9ponge au m\u00e8tre caramel"},{"@type":"BreadcrumbList","@id":"https:\/\/linandelle.com\/fr\/produit\/tissu-bouclette-eponge-au-metre-coloris-caramel\/#breadcrumb","itemListElement":[{"@type":"ListItem","position":1,"name":"Produits","item":"https:\/\/linandelle.com\/fr\/shop\/"},{"@type":"ListItem","position":2,"name":"Tissu bouclette \u00e9ponge au m\u00e9tre, coloris caramel"}]},{"@type":"WebSite","@id":"https:\/\/linandelle.com\/fr\/#website","url":"https:\/\/linandelle.com\/fr\/","name":"Linandelle","description":"Linandelle, plus que du linge, l&#039;essentiel","publisher":{"@id":"https:\/\/linandelle.com\/fr\/#organization"},"potentialAction":[{"@type":"SearchAction","target":{"@type":"EntryPoint","urlTemplate":"https:\/\/linandelle.com\/fr\/?s={search_term_string}"},"query-input":{"@type":"PropertyValueSpecification","valueRequired":true,"valueName":"search_term_string"}}],"inLanguage":"fr-FR"},{"@type":"Organization","@id":"https:\/\/linandelle.com\/fr\/#organization","name":"Linandelle","url":"https:\/\/linandelle.com\/fr\/","logo":{"@type":"ImageObject","inLanguage":"fr-FR","@id":"https:\/\/linandelle.com\/fr\/#\/schema\/logo\/image\/","url":"https:\/\/linandelle.com\/wp-content\/uploads\/2022\/03\/logo-linandelle.jpg","contentUrl":"https:\/\/linandelle.com\/wp-content\/uploads\/2022\/03\/logo-linandelle.jpg","width":739,"height":738,"caption":"Linandelle"},"image":{"@id":"https:\/\/linandelle.com\/fr\/#\/schema\/logo\/image\/"},"sameAs":["https:\/\/www.facebook.com\/Linandelle","https:\/\/www.instagram.com\/linandelle\/","https:\/\/www.linkedin.com\/company\/18483801\/admin\/dashboard\/","https:\/\/www.pinterest.fr\/linandelle\/_created\/","https:\/\/www.youtube.com\/@linandellecharleval1016"],"email":"contact@linandelle.com","telephone":"0232687800","legalName":"SARL DU PONT DES JARDINS","vatID":"FR27448856641","taxID":"44885664100015","numberOfEmployees":{"@type":"QuantitativeValue","minValue":"1","maxValue":"10"}}]}},"_links":{"self":[{"href":"https:\/\/linandelle.com\/fr\/wp-json\/wp\/v2\/product\/8539","targetHints":{"allow":["GET"]}}],"collection":[{"href":"https:\/\/linandelle.com\/fr\/wp-json\/wp\/v2\/product"}],"about":[{"href":"https:\/\/linandelle.com\/fr\/wp-json\/wp\/v2\/types\/product"}],"wp:featuredmedia":[{"embeddable":true,"href":"https:\/\/linandelle.com\/fr\/wp-json\/wp\/v2\/media\/8540"}],"wp:attachment":[{"href":"https:\/\/linandelle.com\/fr\/wp-json\/wp\/v2\/media?parent=8539"}],"wp:term":[{"taxonomy":"product_brand","embeddable":true,"href":"https:\/\/linandelle.com\/fr\/wp-json\/wp\/v2\/product_brand?post=8539"},{"taxonomy":"product_cat","embeddable":true,"href":"https:\/\/linandelle.com\/fr\/wp-json\/wp\/v2\/product_cat?post=8539"},{"taxonomy":"product_tag","embeddable":true,"href":"https:\/\/linandelle.com\/fr\/wp-json\/wp\/v2\/product_tag?post=8539"},{"taxonomy":"woo-feed-brand","embeddable":true,"href":"https:\/\/linandelle.com\/fr\/wp-json\/wp\/v2\/woo-feed-brand?post=8539"}],"curies":[{"name":"wp","href":"https:\/\/api.w.org\/{rel}","templated":true}]}}