{"id":85401,"date":"2025-10-28T14:11:59","date_gmt":"2025-10-28T13:11:59","guid":{"rendered":"https:\/\/linandelle.com\/fr\/?post_type=product&#038;p=85401"},"modified":"2026-04-21T14:55:02","modified_gmt":"2026-04-21T12:55:02","slug":"chemin-de-table-coton-imprimes-motifs-noel-lutin","status":"publish","type":"product","link":"https:\/\/linandelle.com\/fr\/produit\/chemin-de-table-coton-imprimes-motifs-noel-lutin\/","title":{"rendered":"Chemin de table coton 190gr m\u00b2 motifs LUTIN"},"content":{"rendered":"<div class=\"et_pb_tab clearfix et_pb_active_content et-pb-active-slide\">\n<div class=\"et_pb_tab_content\">\n<h1><strong><u>Chemin de table coton imprim\u00e9s LUTIN<\/u><\/strong><\/h1>\n<p>C\u00e9l\u00e9brez la magie des f\u00eates avec le chemin de table coton LUTIN.<\/p>\n<p>Une belle table pour les f\u00eates de fin d\u2019ann\u00e9e, c\u2019est important pour vous aussi\u00a0? C\u2019est le meilleur moment pour mettre les petits plats dans les grands.<\/p>\n<p>Les vis \u00e0 vis Lutin, sont confectionn\u00e9s en Normandie, par notre couturi\u00e8re.<\/p>\n<p>Vous trouverez dans la m\u00eame collection, la nappe et les serviettes de table.<\/p>\n<h3><strong>Caract\u00e9ristiques du chemin de table :<\/strong><\/h3>\n<ul>\n<li>Vendu \u00e0 l&rsquo;unit\u00e9<\/li>\n<li>Dimensions 45x150cm<\/li>\n<li>100% COTON<\/li>\n<li>190gr m\u00b2<\/li>\n<li>Coloris : blanc<\/li>\n<li>Lavage \u00e0 60\u00b0C en machine<\/li>\n<li>Ourlet sur tout le tour du chemin de table<\/li>\n<li>Fabriqu\u00e9e, tiss\u00e9e, teint en France<\/li>\n<\/ul>\n<p>Ce produit lab\u00e9llis\u00e9 STANDARD 100 by OEKO-TEX\u00ae &#8211; certificat n\u00b0 CQ 1102\/4 IFTH suit un processus de fabrication certifi\u00e9 et contr\u00f4l\u00e9, respectueux de votre peau.<\/p>\n<ul>\n<li>Le STANDARD 100 by OEKO-TEX\u00ae est le premier label qui r\u00e9pond aux besoins des consommateurs en mati\u00e8re d\u2019\u00e9cologie humaine. Il garantit l\u2019absence, dans les articles certifi\u00e9s de substances nocives ou pouvant pr\u00e9senter un risque pour la sant\u00e9\u00bb<\/li>\n<\/ul>\n<\/div>\n<\/div>\n","protected":false},"excerpt":{"rendered":"<p>Chemin de table 100% coton imprim\u00e9s, motifs LUTIN, fabriqu\u00e9 en France.<\/p>\n<p>Livraison rapide 48h.<\/p>\n","protected":false},"featured_media":85343,"template":"","meta":{"_et_pb_use_builder":"off","_et_pb_old_content":"<h5><strong>Chemin de table coton lin METIS.<\/strong><\/h5>\r\nQuoi de plus \u00e9l\u00e9gant \u00a0qu\u2019un chemin de table en coton lin metis blanc. Ilhabillera vos tables en fonction de vos id\u00e9es de d\u00e9corations.\r\n\r\nCe centre de table allie\u00a0 \u00e9l\u00e9gance et qualit\u00e9.\r\n\r\nDimensions : 45x150cm.\r\n\r\nS\u2019il ne s\u2019agit pas de la longueur souhait\u00e9e, n\u2019h\u00e9sitez pas \u00e0 nous contacter, nous pouvons confectionner \u00e0 la demande\r\n\r\nFabriqu\u00e9e dans nos\u00a0 locaux, par notre couturi\u00e8re, qualit\u00e9 et savoir-faire Fran\u00e7ais.\r\n\r\nOurlets sur tout le tour du centre de table.\r\n\r\nFabriqu\u00e9 en France\r\n\r\nNorme Oeko-Tex.\r\n\r\nDans la m\u00eame collection vous pourrez trouver le la nappe, et les serviettes de tables.\r\n\r\n\u00a0\r\n\r\nEn savoir plus\u00a0:\r\n\r\n- Chemin de table 45x150cm\r\n\r\n- M\u00e9lange coton lin\r\n\r\n- Fabriqu\u00e9 en France\r\n\r\n- Lavage en machine\r\n\r\n- Nappe et serviettes assorties.\r\n\r\n\u00a0","_et_gb_content_width":""},"product_brand":[710],"product_cat":[839,697,636],"product_tag":[],"woo-feed-brand":[],"class_list":{"0":"post-85401","1":"product","2":"type-product","3":"status-publish","4":"has-post-thumbnail","6":"product_brand-linandelle","7":"product_cat-chemins-de-table","8":"product_cat-produits-made-in-france","9":"product_cat-noel","10":"tm-has-options","12":"first","13":"instock","14":"featured","15":"taxable","16":"shipping-taxable","17":"purchasable","18":"product-type-variable","19":"has-default-attributes"},"yoast_head":"<!-- This site is optimized with the Yoast SEO Premium plugin v27.5 (Yoast SEO v27.5) - https:\/\/yoast.com\/product\/yoast-seo-premium-wordpress\/ -->\n<title>Chemin de table coton imprim\u00e9s LUTIN<\/title>\n<meta name=\"description\" content=\"Une collection made in France, confectionn\u00e9e par notre couturi\u00e8re en coton imprim\u00e9es. Serviettes, nappes assorties, de quoi sublimer vos tables pour les f\u00eates.\" \/>\n<meta name=\"robots\" content=\"index, follow, max-snippet:-1, max-image-preview:large, max-video-preview:-1\" \/>\n<link rel=\"canonical\" href=\"https:\/\/linandelle.com\/fr\/produit\/chemin-de-table-coton-imprimes-motifs-noel-lutin\/\" \/>\n<meta property=\"og:locale\" content=\"fr_FR\" \/>\n<meta property=\"og:type\" content=\"article\" \/>\n<meta property=\"og:title\" content=\"Chemin de table coton imprim\u00e9s LUTIN\" \/>\n<meta property=\"og:description\" content=\"Une collection made in France, confectionn\u00e9e par notre couturi\u00e8re en coton imprim\u00e9es. Serviettes, nappes assorties, de quoi sublimer vos tables pour les f\u00eates.\" \/>\n<meta property=\"og:url\" content=\"https:\/\/linandelle.com\/fr\/produit\/chemin-de-table-coton-imprimes-motifs-noel-lutin\/\" \/>\n<meta property=\"og:site_name\" content=\"Linandelle\" \/>\n<meta property=\"article:publisher\" content=\"https:\/\/www.facebook.com\/Linandelle\" \/>\n<meta property=\"article:modified_time\" content=\"2026-04-21T12:55:02+00:00\" \/>\n<meta property=\"og:image\" content=\"https:\/\/linandelle.com\/wp-content\/uploads\/2025\/10\/d7cd8166-99e2-45d4-a12f-7c90fab24254.jpg\" \/>\n\t<meta property=\"og:image:width\" content=\"1200\" \/>\n\t<meta property=\"og:image:height\" content=\"1200\" \/>\n\t<meta property=\"og:image:type\" content=\"image\/jpeg\" \/>\n<meta name=\"twitter:card\" content=\"summary_large_image\" \/>\n<meta name=\"twitter:label1\" content=\"Dur\u00e9e de lecture estim\u00e9e\" \/>\n\t<meta name=\"twitter:data1\" content=\"2 minutes\" \/>\n<script type=\"application\/ld+json\" class=\"yoast-schema-graph\">{\"@context\":\"https:\\\/\\\/schema.org\",\"@graph\":[{\"@type\":\"WebPage\",\"@id\":\"https:\\\/\\\/linandelle.com\\\/fr\\\/produit\\\/chemin-de-table-coton-imprimes-motifs-noel-lutin\\\/\",\"url\":\"https:\\\/\\\/linandelle.com\\\/fr\\\/produit\\\/chemin-de-table-coton-imprimes-motifs-noel-lutin\\\/\",\"name\":\"Chemin de table coton imprim\u00e9s LUTIN\",\"isPartOf\":{\"@id\":\"https:\\\/\\\/linandelle.com\\\/fr\\\/#website\"},\"primaryImageOfPage\":{\"@id\":\"https:\\\/\\\/linandelle.com\\\/fr\\\/produit\\\/chemin-de-table-coton-imprimes-motifs-noel-lutin\\\/#primaryimage\"},\"image\":{\"@id\":\"https:\\\/\\\/linandelle.com\\\/fr\\\/produit\\\/chemin-de-table-coton-imprimes-motifs-noel-lutin\\\/#primaryimage\"},\"thumbnailUrl\":\"https:\\\/\\\/linandelle.com\\\/wp-content\\\/uploads\\\/2025\\\/10\\\/d7cd8166-99e2-45d4-a12f-7c90fab24254.jpg\",\"datePublished\":\"2025-10-28T13:11:59+00:00\",\"dateModified\":\"2026-04-21T12:55:02+00:00\",\"description\":\"Une collection made in France, confectionn\u00e9e par notre couturi\u00e8re en coton imprim\u00e9es. Serviettes, nappes assorties, de quoi sublimer vos tables pour les f\u00eates.\",\"breadcrumb\":{\"@id\":\"https:\\\/\\\/linandelle.com\\\/fr\\\/produit\\\/chemin-de-table-coton-imprimes-motifs-noel-lutin\\\/#breadcrumb\"},\"inLanguage\":\"fr-FR\",\"potentialAction\":[{\"@type\":\"ReadAction\",\"target\":[\"https:\\\/\\\/linandelle.com\\\/fr\\\/produit\\\/chemin-de-table-coton-imprimes-motifs-noel-lutin\\\/\"]}]},{\"@type\":\"ImageObject\",\"inLanguage\":\"fr-FR\",\"@id\":\"https:\\\/\\\/linandelle.com\\\/fr\\\/produit\\\/chemin-de-table-coton-imprimes-motifs-noel-lutin\\\/#primaryimage\",\"url\":\"https:\\\/\\\/linandelle.com\\\/wp-content\\\/uploads\\\/2025\\\/10\\\/d7cd8166-99e2-45d4-a12f-7c90fab24254.jpg\",\"contentUrl\":\"https:\\\/\\\/linandelle.com\\\/wp-content\\\/uploads\\\/2025\\\/10\\\/d7cd8166-99e2-45d4-a12f-7c90fab24254.jpg\",\"width\":1200,\"height\":1200},{\"@type\":\"BreadcrumbList\",\"@id\":\"https:\\\/\\\/linandelle.com\\\/fr\\\/produit\\\/chemin-de-table-coton-imprimes-motifs-noel-lutin\\\/#breadcrumb\",\"itemListElement\":[{\"@type\":\"ListItem\",\"position\":1,\"name\":\"Produits\",\"item\":\"https:\\\/\\\/linandelle.com\\\/fr\\\/shop\\\/\"},{\"@type\":\"ListItem\",\"position\":2,\"name\":\"Chemin de table coton 190gr m\u00b2 motifs LUTIN\"}]},{\"@type\":\"WebSite\",\"@id\":\"https:\\\/\\\/linandelle.com\\\/fr\\\/#website\",\"url\":\"https:\\\/\\\/linandelle.com\\\/fr\\\/\",\"name\":\"Linandelle\",\"description\":\"Linandelle, plus que du linge, l&#039;essentiel\",\"publisher\":{\"@id\":\"https:\\\/\\\/linandelle.com\\\/fr\\\/#organization\"},\"potentialAction\":[{\"@type\":\"SearchAction\",\"target\":{\"@type\":\"EntryPoint\",\"urlTemplate\":\"https:\\\/\\\/linandelle.com\\\/fr\\\/?s={search_term_string}\"},\"query-input\":{\"@type\":\"PropertyValueSpecification\",\"valueRequired\":true,\"valueName\":\"search_term_string\"}}],\"inLanguage\":\"fr-FR\"},{\"@type\":\"Organization\",\"@id\":\"https:\\\/\\\/linandelle.com\\\/fr\\\/#organization\",\"name\":\"Linandelle\",\"url\":\"https:\\\/\\\/linandelle.com\\\/fr\\\/\",\"logo\":{\"@type\":\"ImageObject\",\"inLanguage\":\"fr-FR\",\"@id\":\"https:\\\/\\\/linandelle.com\\\/fr\\\/#\\\/schema\\\/logo\\\/image\\\/\",\"url\":\"https:\\\/\\\/linandelle.com\\\/wp-content\\\/uploads\\\/2022\\\/03\\\/logo-linandelle.jpg\",\"contentUrl\":\"https:\\\/\\\/linandelle.com\\\/wp-content\\\/uploads\\\/2022\\\/03\\\/logo-linandelle.jpg\",\"width\":739,\"height\":738,\"caption\":\"Linandelle\"},\"image\":{\"@id\":\"https:\\\/\\\/linandelle.com\\\/fr\\\/#\\\/schema\\\/logo\\\/image\\\/\"},\"sameAs\":[\"https:\\\/\\\/www.facebook.com\\\/Linandelle\",\"https:\\\/\\\/www.instagram.com\\\/linandelle\\\/\",\"https:\\\/\\\/www.linkedin.com\\\/company\\\/18483801\\\/admin\\\/dashboard\\\/\",\"https:\\\/\\\/www.pinterest.fr\\\/linandelle\\\/_created\\\/\",\"https:\\\/\\\/www.youtube.com\\\/@linandellecharleval1016\"],\"email\":\"contact@linandelle.com\",\"telephone\":\"0232687800\",\"legalName\":\"SARL DU PONT DES JARDINS\",\"vatID\":\"FR27448856641\",\"taxID\":\"44885664100015\",\"numberOfEmployees\":{\"@type\":\"QuantitativeValue\",\"minValue\":\"1\",\"maxValue\":\"10\"}}]}<\/script>\n<!-- \/ Yoast SEO Premium plugin. -->","yoast_head_json":{"title":"Chemin de table coton imprim\u00e9s LUTIN","description":"Une collection made in France, confectionn\u00e9e par notre couturi\u00e8re en coton imprim\u00e9es. Serviettes, nappes assorties, de quoi sublimer vos tables pour les f\u00eates.","robots":{"index":"index","follow":"follow","max-snippet":"max-snippet:-1","max-image-preview":"max-image-preview:large","max-video-preview":"max-video-preview:-1"},"canonical":"https:\/\/linandelle.com\/fr\/produit\/chemin-de-table-coton-imprimes-motifs-noel-lutin\/","og_locale":"fr_FR","og_type":"article","og_title":"Chemin de table coton imprim\u00e9s LUTIN","og_description":"Une collection made in France, confectionn\u00e9e par notre couturi\u00e8re en coton imprim\u00e9es. Serviettes, nappes assorties, de quoi sublimer vos tables pour les f\u00eates.","og_url":"https:\/\/linandelle.com\/fr\/produit\/chemin-de-table-coton-imprimes-motifs-noel-lutin\/","og_site_name":"Linandelle","article_publisher":"https:\/\/www.facebook.com\/Linandelle","article_modified_time":"2026-04-21T12:55:02+00:00","og_image":[{"width":1200,"height":1200,"url":"https:\/\/linandelle.com\/wp-content\/uploads\/2025\/10\/d7cd8166-99e2-45d4-a12f-7c90fab24254.jpg","type":"image\/jpeg"}],"twitter_card":"summary_large_image","twitter_misc":{"Dur\u00e9e de lecture estim\u00e9e":"2 minutes"},"schema":{"@context":"https:\/\/schema.org","@graph":[{"@type":"WebPage","@id":"https:\/\/linandelle.com\/fr\/produit\/chemin-de-table-coton-imprimes-motifs-noel-lutin\/","url":"https:\/\/linandelle.com\/fr\/produit\/chemin-de-table-coton-imprimes-motifs-noel-lutin\/","name":"Chemin de table coton imprim\u00e9s LUTIN","isPartOf":{"@id":"https:\/\/linandelle.com\/fr\/#website"},"primaryImageOfPage":{"@id":"https:\/\/linandelle.com\/fr\/produit\/chemin-de-table-coton-imprimes-motifs-noel-lutin\/#primaryimage"},"image":{"@id":"https:\/\/linandelle.com\/fr\/produit\/chemin-de-table-coton-imprimes-motifs-noel-lutin\/#primaryimage"},"thumbnailUrl":"https:\/\/linandelle.com\/wp-content\/uploads\/2025\/10\/d7cd8166-99e2-45d4-a12f-7c90fab24254.jpg","datePublished":"2025-10-28T13:11:59+00:00","dateModified":"2026-04-21T12:55:02+00:00","description":"Une collection made in France, confectionn\u00e9e par notre couturi\u00e8re en coton imprim\u00e9es. Serviettes, nappes assorties, de quoi sublimer vos tables pour les f\u00eates.","breadcrumb":{"@id":"https:\/\/linandelle.com\/fr\/produit\/chemin-de-table-coton-imprimes-motifs-noel-lutin\/#breadcrumb"},"inLanguage":"fr-FR","potentialAction":[{"@type":"ReadAction","target":["https:\/\/linandelle.com\/fr\/produit\/chemin-de-table-coton-imprimes-motifs-noel-lutin\/"]}]},{"@type":"ImageObject","inLanguage":"fr-FR","@id":"https:\/\/linandelle.com\/fr\/produit\/chemin-de-table-coton-imprimes-motifs-noel-lutin\/#primaryimage","url":"https:\/\/linandelle.com\/wp-content\/uploads\/2025\/10\/d7cd8166-99e2-45d4-a12f-7c90fab24254.jpg","contentUrl":"https:\/\/linandelle.com\/wp-content\/uploads\/2025\/10\/d7cd8166-99e2-45d4-a12f-7c90fab24254.jpg","width":1200,"height":1200},{"@type":"BreadcrumbList","@id":"https:\/\/linandelle.com\/fr\/produit\/chemin-de-table-coton-imprimes-motifs-noel-lutin\/#breadcrumb","itemListElement":[{"@type":"ListItem","position":1,"name":"Produits","item":"https:\/\/linandelle.com\/fr\/shop\/"},{"@type":"ListItem","position":2,"name":"Chemin de table coton 190gr m\u00b2 motifs LUTIN"}]},{"@type":"WebSite","@id":"https:\/\/linandelle.com\/fr\/#website","url":"https:\/\/linandelle.com\/fr\/","name":"Linandelle","description":"Linandelle, plus que du linge, l&#039;essentiel","publisher":{"@id":"https:\/\/linandelle.com\/fr\/#organization"},"potentialAction":[{"@type":"SearchAction","target":{"@type":"EntryPoint","urlTemplate":"https:\/\/linandelle.com\/fr\/?s={search_term_string}"},"query-input":{"@type":"PropertyValueSpecification","valueRequired":true,"valueName":"search_term_string"}}],"inLanguage":"fr-FR"},{"@type":"Organization","@id":"https:\/\/linandelle.com\/fr\/#organization","name":"Linandelle","url":"https:\/\/linandelle.com\/fr\/","logo":{"@type":"ImageObject","inLanguage":"fr-FR","@id":"https:\/\/linandelle.com\/fr\/#\/schema\/logo\/image\/","url":"https:\/\/linandelle.com\/wp-content\/uploads\/2022\/03\/logo-linandelle.jpg","contentUrl":"https:\/\/linandelle.com\/wp-content\/uploads\/2022\/03\/logo-linandelle.jpg","width":739,"height":738,"caption":"Linandelle"},"image":{"@id":"https:\/\/linandelle.com\/fr\/#\/schema\/logo\/image\/"},"sameAs":["https:\/\/www.facebook.com\/Linandelle","https:\/\/www.instagram.com\/linandelle\/","https:\/\/www.linkedin.com\/company\/18483801\/admin\/dashboard\/","https:\/\/www.pinterest.fr\/linandelle\/_created\/","https:\/\/www.youtube.com\/@linandellecharleval1016"],"email":"contact@linandelle.com","telephone":"0232687800","legalName":"SARL DU PONT DES JARDINS","vatID":"FR27448856641","taxID":"44885664100015","numberOfEmployees":{"@type":"QuantitativeValue","minValue":"1","maxValue":"10"}}]}},"_links":{"self":[{"href":"https:\/\/linandelle.com\/fr\/wp-json\/wp\/v2\/product\/85401","targetHints":{"allow":["GET"]}}],"collection":[{"href":"https:\/\/linandelle.com\/fr\/wp-json\/wp\/v2\/product"}],"about":[{"href":"https:\/\/linandelle.com\/fr\/wp-json\/wp\/v2\/types\/product"}],"wp:featuredmedia":[{"embeddable":true,"href":"https:\/\/linandelle.com\/fr\/wp-json\/wp\/v2\/media\/85343"}],"wp:attachment":[{"href":"https:\/\/linandelle.com\/fr\/wp-json\/wp\/v2\/media?parent=85401"}],"wp:term":[{"taxonomy":"product_brand","embeddable":true,"href":"https:\/\/linandelle.com\/fr\/wp-json\/wp\/v2\/product_brand?post=85401"},{"taxonomy":"product_cat","embeddable":true,"href":"https:\/\/linandelle.com\/fr\/wp-json\/wp\/v2\/product_cat?post=85401"},{"taxonomy":"product_tag","embeddable":true,"href":"https:\/\/linandelle.com\/fr\/wp-json\/wp\/v2\/product_tag?post=85401"},{"taxonomy":"woo-feed-brand","embeddable":true,"href":"https:\/\/linandelle.com\/fr\/wp-json\/wp\/v2\/woo-feed-brand?post=85401"}],"curies":[{"name":"wp","href":"https:\/\/api.w.org\/{rel}","templated":true}]}}