{"id":85403,"date":"2025-10-29T08:22:47","date_gmt":"2025-10-29T07:22:47","guid":{"rendered":"https:\/\/linandelle.com\/fr\/?post_type=product&#038;p=85403"},"modified":"2026-04-21T10:06:20","modified_gmt":"2026-04-21T08:06:20","slug":"tissu-100-coton-imprimes-motifs-lutin-largeur-150m","status":"publish","type":"product","link":"https:\/\/linandelle.com\/fr\/produit\/tissu-100-coton-imprimes-motifs-lutin-largeur-150m\/","title":{"rendered":"Tissu coton imprim\u00e9s 190gr m\u00b2 LUTIN"},"content":{"rendered":"<h1><strong><u>Tissu au m\u00e8tre coton \u00e0 motifs LUTIN laize 150cm<\/u><\/strong><\/h1>\n<p>Vous souhaitez confectionner votre nappe pour c\u00e9l\u00e9brer la magie du r\u00e9veillon de \u00a0No\u00ebl, Linandelle vous propose son tissu au m\u00e8tre 100% coton longues fibres, 190gr m\u00b2, largeur 150cm.<\/p>\n<p>Le tissu LUTIN est id\u00e9al pour sublimer vos tables de f\u00eates.<\/p>\n<p>Que ce soit pour la confection de nappes, de serviettes en tissus, ou de chemin de table, toutes les id\u00e9es sont les bienvenues.<\/p>\n<p>Le motif LUTIN et \u00e0 la fois traditionnel, authentique et original !<\/p>\n<p>C&rsquo;est notre coup de c\u0153ur pour les f\u00eates de fin d&rsquo;ann\u00e9e<\/p>\n<h3>Caract\u00e9ristiques du tissu LUTIN :<\/h3>\n<ul>\n<li>100% coton<\/li>\n<li>Laize 150cm<\/li>\n<li>Motifs LUTIN<\/li>\n<li>190gr m\u00b2<\/li>\n<li>Norme Oeko Tex<\/li>\n<li>Fabriqu\u00e9 au Portugal<\/li>\n<\/ul>\n<p>Si vous souhaitez recevoir des \u00e9chantillons avant de passer commande, visitez la page <u><a href=\"https:\/\/linandelle.com\/fr\/produit\/echantillons-tissus-au-metre-linandelle\/\">\u00c9chantillons tissus au m\u00e8tre<\/a><\/u> Entretien du tissu en machine \u00e0 40 ou 60\u00b0.<\/p>\n<p>&nbsp;<\/p>\n","protected":false},"excerpt":{"rendered":"<div class=\"et_pb_module et_pb_wc_description et_pb_wc_description_0_tb_body et_pb_bg_layout_light et_pb_text_align_left\">\n<ul>\n<li style=\"list-style-type: none;\">\n<ul>\n<li>100% coton<\/li>\n<li>Laize 150cm<\/li>\n<li>Motifs LUTIN<\/li>\n<li>190gr m\u00b2<\/li>\n<li>Norme Oeko Tex<\/li>\n<li>Fabriqu\u00e9 au Portugal<\/li>\n<\/ul>\n<\/li>\n<\/ul>\n<\/div>\n","protected":false},"featured_media":85335,"template":"","meta":{"_et_pb_use_builder":"off","_et_pb_old_content":"<strong><u>Tissu au m\u00e8tre 100% coton imprim\u00e9s carreaux ROSE <\/u><\/strong>\r\n\r\nId\u00e9al pour la confection de v\u00eatements, de linge de table ou d\u2019articles d\u00e9coratifs\u2026\r\n\r\nTissu d'une qualit\u00e9 sup\u00e9rieure, pour professionnel et particulier.\r\n\r\nTissu coton, tiss\u00e9 teint, coloris rose\r\n\r\nFabriqu\u00e9 au Portugal\r\n\r\nNorme Oeko-Tex\r\n\r\nSi vous souhaitez recevoir des \u00e9chantillons avant de passer commande, visitez la page <u><a href=\"https:\/\/linandelle.com\/fr\/produit\/echantillons-tissus-au-metre-linandelle\/\">Echantillons tissus au m\u00e8tre<\/a><\/u>\r\n\r\nEntretien du tissu en coton:\r\nLavable en machine \u00e0 60\u00b0C. le coton est une fibre naturelle, il est recommand\u00e9 de laisser tremper \u00e0 l'eau froide 1 \u00e0 2h avant le premier lavage \u00e0 chaud. Cela a pour vertu de laver le tissu de ses impuret\u00e9s suite \u00e0 la fabrication, notamment la colle r\u00e9siduelle et de fixer les fibres, et ainsi limiter le retrait.\r\n\r\nEn savoir plus :\r\n\u2022 Ce produit lab\u00e9llis\u00e9 STANDARD 100 by OEKO-TEX\u00ae - certificat n\u00b0 CQ 1102\/4 IFTH suit un processus de fabrication certifi\u00e9 et contr\u00f4l\u00e9, respectueux de votre peau.\r\n\u2022 Le STANDARD 100 by OEKO-TEX\u00ae est le premier label qui r\u00e9pond aux besoins des consommateurs en mati\u00e8re d\u2019\u00e9cologie humaine. Il garantit l\u2019absence, dans les articles certifi\u00e9s de substances nocives ou pouvant pr\u00e9senter un risque pour la sant\u00e9.","_et_gb_content_width":""},"product_brand":[710],"product_cat":[695,26],"product_tag":[],"woo-feed-brand":[],"class_list":{"0":"post-85403","1":"product","2":"type-product","3":"status-publish","4":"has-post-thumbnail","6":"product_brand-linandelle","7":"product_cat-tissu-100-coton-au-metre","8":"product_cat-tissus-au-metre","9":"tm-no-options","11":"first","12":"instock","13":"featured","14":"taxable","15":"shipping-taxable","16":"purchasable","17":"product-type-simple"},"yoast_head":"<!-- This site is optimized with the Yoast SEO Premium plugin v27.4 (Yoast SEO v27.4) - https:\/\/yoast.com\/product\/yoast-seo-premium-wordpress\/ -->\n<title>Tissu au m\u00e8tre coton 190gr m\u00b2 motifs No\u00ebl<\/title>\n<meta name=\"description\" content=\"Optez pour ce tissu coton \u00e0 motifs f\u00e9\u00e9riques, fabriqu\u00e9 \u00e0 partir de coton longues fibres, le tissu LUTIN est de qualit\u00e9, id\u00e9al pour la confection de nappes..\" \/>\n<meta name=\"robots\" content=\"index, follow, max-snippet:-1, max-image-preview:large, max-video-preview:-1\" \/>\n<link rel=\"canonical\" href=\"https:\/\/linandelle.com\/fr\/produit\/tissu-100-coton-imprimes-motifs-lutin-largeur-150m\/\" \/>\n<meta property=\"og:locale\" content=\"fr_FR\" \/>\n<meta property=\"og:type\" content=\"article\" \/>\n<meta property=\"og:title\" content=\"Tissu au m\u00e8tre coton 190gr m\u00b2 motifs No\u00ebl\" \/>\n<meta property=\"og:description\" content=\"Optez pour ce tissu coton \u00e0 motifs f\u00e9\u00e9riques, fabriqu\u00e9 \u00e0 partir de coton longues fibres, le tissu LUTIN est de qualit\u00e9, id\u00e9al pour la confection de nappes..\" \/>\n<meta property=\"og:url\" content=\"https:\/\/linandelle.com\/fr\/produit\/tissu-100-coton-imprimes-motifs-lutin-largeur-150m\/\" \/>\n<meta property=\"og:site_name\" content=\"Linandelle\" \/>\n<meta property=\"article:publisher\" content=\"https:\/\/www.facebook.com\/Linandelle\" \/>\n<meta property=\"article:modified_time\" content=\"2026-04-21T08:06:20+00:00\" \/>\n<meta property=\"og:image\" content=\"https:\/\/linandelle.com\/wp-content\/uploads\/2025\/10\/aa082148-4c2d-4042-a76f-2f06bff2ccce.jpg\" \/>\n\t<meta property=\"og:image:width\" content=\"1200\" \/>\n\t<meta property=\"og:image:height\" content=\"1200\" \/>\n\t<meta property=\"og:image:type\" content=\"image\/jpeg\" \/>\n<meta name=\"twitter:card\" content=\"summary_large_image\" \/>\n<meta name=\"twitter:label1\" content=\"Dur\u00e9e de lecture estim\u00e9e\" \/>\n\t<meta name=\"twitter:data1\" content=\"1 minute\" \/>\n<script type=\"application\/ld+json\" class=\"yoast-schema-graph\">{\"@context\":\"https:\\\/\\\/schema.org\",\"@graph\":[{\"@type\":\"WebPage\",\"@id\":\"https:\\\/\\\/linandelle.com\\\/fr\\\/produit\\\/tissu-100-coton-imprimes-motifs-lutin-largeur-150m\\\/\",\"url\":\"https:\\\/\\\/linandelle.com\\\/fr\\\/produit\\\/tissu-100-coton-imprimes-motifs-lutin-largeur-150m\\\/\",\"name\":\"Tissu au m\u00e8tre coton 190gr m\u00b2 motifs No\u00ebl\",\"isPartOf\":{\"@id\":\"https:\\\/\\\/linandelle.com\\\/fr\\\/#website\"},\"primaryImageOfPage\":{\"@id\":\"https:\\\/\\\/linandelle.com\\\/fr\\\/produit\\\/tissu-100-coton-imprimes-motifs-lutin-largeur-150m\\\/#primaryimage\"},\"image\":{\"@id\":\"https:\\\/\\\/linandelle.com\\\/fr\\\/produit\\\/tissu-100-coton-imprimes-motifs-lutin-largeur-150m\\\/#primaryimage\"},\"thumbnailUrl\":\"https:\\\/\\\/linandelle.com\\\/wp-content\\\/uploads\\\/2025\\\/10\\\/aa082148-4c2d-4042-a76f-2f06bff2ccce.jpg\",\"datePublished\":\"2025-10-29T07:22:47+00:00\",\"dateModified\":\"2026-04-21T08:06:20+00:00\",\"description\":\"Optez pour ce tissu coton \u00e0 motifs f\u00e9\u00e9riques, fabriqu\u00e9 \u00e0 partir de coton longues fibres, le tissu LUTIN est de qualit\u00e9, id\u00e9al pour la confection de nappes..\",\"breadcrumb\":{\"@id\":\"https:\\\/\\\/linandelle.com\\\/fr\\\/produit\\\/tissu-100-coton-imprimes-motifs-lutin-largeur-150m\\\/#breadcrumb\"},\"inLanguage\":\"fr-FR\",\"potentialAction\":[{\"@type\":\"ReadAction\",\"target\":[\"https:\\\/\\\/linandelle.com\\\/fr\\\/produit\\\/tissu-100-coton-imprimes-motifs-lutin-largeur-150m\\\/\"]}]},{\"@type\":\"ImageObject\",\"inLanguage\":\"fr-FR\",\"@id\":\"https:\\\/\\\/linandelle.com\\\/fr\\\/produit\\\/tissu-100-coton-imprimes-motifs-lutin-largeur-150m\\\/#primaryimage\",\"url\":\"https:\\\/\\\/linandelle.com\\\/wp-content\\\/uploads\\\/2025\\\/10\\\/aa082148-4c2d-4042-a76f-2f06bff2ccce.jpg\",\"contentUrl\":\"https:\\\/\\\/linandelle.com\\\/wp-content\\\/uploads\\\/2025\\\/10\\\/aa082148-4c2d-4042-a76f-2f06bff2ccce.jpg\",\"width\":1200,\"height\":1200},{\"@type\":\"BreadcrumbList\",\"@id\":\"https:\\\/\\\/linandelle.com\\\/fr\\\/produit\\\/tissu-100-coton-imprimes-motifs-lutin-largeur-150m\\\/#breadcrumb\",\"itemListElement\":[{\"@type\":\"ListItem\",\"position\":1,\"name\":\"Produits\",\"item\":\"https:\\\/\\\/linandelle.com\\\/fr\\\/shop\\\/\"},{\"@type\":\"ListItem\",\"position\":2,\"name\":\"Tissu coton imprim\u00e9s 190gr m\u00b2 LUTIN\"}]},{\"@type\":\"WebSite\",\"@id\":\"https:\\\/\\\/linandelle.com\\\/fr\\\/#website\",\"url\":\"https:\\\/\\\/linandelle.com\\\/fr\\\/\",\"name\":\"Linandelle\",\"description\":\"Linandelle, plus que du linge, l&#039;essentiel\",\"publisher\":{\"@id\":\"https:\\\/\\\/linandelle.com\\\/fr\\\/#organization\"},\"potentialAction\":[{\"@type\":\"SearchAction\",\"target\":{\"@type\":\"EntryPoint\",\"urlTemplate\":\"https:\\\/\\\/linandelle.com\\\/fr\\\/?s={search_term_string}\"},\"query-input\":{\"@type\":\"PropertyValueSpecification\",\"valueRequired\":true,\"valueName\":\"search_term_string\"}}],\"inLanguage\":\"fr-FR\"},{\"@type\":\"Organization\",\"@id\":\"https:\\\/\\\/linandelle.com\\\/fr\\\/#organization\",\"name\":\"Linandelle\",\"url\":\"https:\\\/\\\/linandelle.com\\\/fr\\\/\",\"logo\":{\"@type\":\"ImageObject\",\"inLanguage\":\"fr-FR\",\"@id\":\"https:\\\/\\\/linandelle.com\\\/fr\\\/#\\\/schema\\\/logo\\\/image\\\/\",\"url\":\"https:\\\/\\\/linandelle.com\\\/wp-content\\\/uploads\\\/2022\\\/03\\\/logo-linandelle.jpg\",\"contentUrl\":\"https:\\\/\\\/linandelle.com\\\/wp-content\\\/uploads\\\/2022\\\/03\\\/logo-linandelle.jpg\",\"width\":739,\"height\":738,\"caption\":\"Linandelle\"},\"image\":{\"@id\":\"https:\\\/\\\/linandelle.com\\\/fr\\\/#\\\/schema\\\/logo\\\/image\\\/\"},\"sameAs\":[\"https:\\\/\\\/www.facebook.com\\\/Linandelle\",\"https:\\\/\\\/www.instagram.com\\\/linandelle\\\/\",\"https:\\\/\\\/www.linkedin.com\\\/company\\\/18483801\\\/admin\\\/dashboard\\\/\",\"https:\\\/\\\/www.pinterest.fr\\\/linandelle\\\/_created\\\/\",\"https:\\\/\\\/www.youtube.com\\\/@linandellecharleval1016\"],\"email\":\"contact@linandelle.com\",\"telephone\":\"0232687800\",\"legalName\":\"SARL DU PONT DES JARDINS\",\"vatID\":\"FR27448856641\",\"taxID\":\"44885664100015\",\"numberOfEmployees\":{\"@type\":\"QuantitativeValue\",\"minValue\":\"1\",\"maxValue\":\"10\"}}]}<\/script>\n<!-- \/ Yoast SEO Premium plugin. -->","yoast_head_json":{"title":"Tissu au m\u00e8tre coton 190gr m\u00b2 motifs No\u00ebl","description":"Optez pour ce tissu coton \u00e0 motifs f\u00e9\u00e9riques, fabriqu\u00e9 \u00e0 partir de coton longues fibres, le tissu LUTIN est de qualit\u00e9, id\u00e9al pour la confection de nappes..","robots":{"index":"index","follow":"follow","max-snippet":"max-snippet:-1","max-image-preview":"max-image-preview:large","max-video-preview":"max-video-preview:-1"},"canonical":"https:\/\/linandelle.com\/fr\/produit\/tissu-100-coton-imprimes-motifs-lutin-largeur-150m\/","og_locale":"fr_FR","og_type":"article","og_title":"Tissu au m\u00e8tre coton 190gr m\u00b2 motifs No\u00ebl","og_description":"Optez pour ce tissu coton \u00e0 motifs f\u00e9\u00e9riques, fabriqu\u00e9 \u00e0 partir de coton longues fibres, le tissu LUTIN est de qualit\u00e9, id\u00e9al pour la confection de nappes..","og_url":"https:\/\/linandelle.com\/fr\/produit\/tissu-100-coton-imprimes-motifs-lutin-largeur-150m\/","og_site_name":"Linandelle","article_publisher":"https:\/\/www.facebook.com\/Linandelle","article_modified_time":"2026-04-21T08:06:20+00:00","og_image":[{"width":1200,"height":1200,"url":"https:\/\/linandelle.com\/wp-content\/uploads\/2025\/10\/aa082148-4c2d-4042-a76f-2f06bff2ccce.jpg","type":"image\/jpeg"}],"twitter_card":"summary_large_image","twitter_misc":{"Dur\u00e9e de lecture estim\u00e9e":"1 minute"},"schema":{"@context":"https:\/\/schema.org","@graph":[{"@type":"WebPage","@id":"https:\/\/linandelle.com\/fr\/produit\/tissu-100-coton-imprimes-motifs-lutin-largeur-150m\/","url":"https:\/\/linandelle.com\/fr\/produit\/tissu-100-coton-imprimes-motifs-lutin-largeur-150m\/","name":"Tissu au m\u00e8tre coton 190gr m\u00b2 motifs No\u00ebl","isPartOf":{"@id":"https:\/\/linandelle.com\/fr\/#website"},"primaryImageOfPage":{"@id":"https:\/\/linandelle.com\/fr\/produit\/tissu-100-coton-imprimes-motifs-lutin-largeur-150m\/#primaryimage"},"image":{"@id":"https:\/\/linandelle.com\/fr\/produit\/tissu-100-coton-imprimes-motifs-lutin-largeur-150m\/#primaryimage"},"thumbnailUrl":"https:\/\/linandelle.com\/wp-content\/uploads\/2025\/10\/aa082148-4c2d-4042-a76f-2f06bff2ccce.jpg","datePublished":"2025-10-29T07:22:47+00:00","dateModified":"2026-04-21T08:06:20+00:00","description":"Optez pour ce tissu coton \u00e0 motifs f\u00e9\u00e9riques, fabriqu\u00e9 \u00e0 partir de coton longues fibres, le tissu LUTIN est de qualit\u00e9, id\u00e9al pour la confection de nappes..","breadcrumb":{"@id":"https:\/\/linandelle.com\/fr\/produit\/tissu-100-coton-imprimes-motifs-lutin-largeur-150m\/#breadcrumb"},"inLanguage":"fr-FR","potentialAction":[{"@type":"ReadAction","target":["https:\/\/linandelle.com\/fr\/produit\/tissu-100-coton-imprimes-motifs-lutin-largeur-150m\/"]}]},{"@type":"ImageObject","inLanguage":"fr-FR","@id":"https:\/\/linandelle.com\/fr\/produit\/tissu-100-coton-imprimes-motifs-lutin-largeur-150m\/#primaryimage","url":"https:\/\/linandelle.com\/wp-content\/uploads\/2025\/10\/aa082148-4c2d-4042-a76f-2f06bff2ccce.jpg","contentUrl":"https:\/\/linandelle.com\/wp-content\/uploads\/2025\/10\/aa082148-4c2d-4042-a76f-2f06bff2ccce.jpg","width":1200,"height":1200},{"@type":"BreadcrumbList","@id":"https:\/\/linandelle.com\/fr\/produit\/tissu-100-coton-imprimes-motifs-lutin-largeur-150m\/#breadcrumb","itemListElement":[{"@type":"ListItem","position":1,"name":"Produits","item":"https:\/\/linandelle.com\/fr\/shop\/"},{"@type":"ListItem","position":2,"name":"Tissu coton imprim\u00e9s 190gr m\u00b2 LUTIN"}]},{"@type":"WebSite","@id":"https:\/\/linandelle.com\/fr\/#website","url":"https:\/\/linandelle.com\/fr\/","name":"Linandelle","description":"Linandelle, plus que du linge, l&#039;essentiel","publisher":{"@id":"https:\/\/linandelle.com\/fr\/#organization"},"potentialAction":[{"@type":"SearchAction","target":{"@type":"EntryPoint","urlTemplate":"https:\/\/linandelle.com\/fr\/?s={search_term_string}"},"query-input":{"@type":"PropertyValueSpecification","valueRequired":true,"valueName":"search_term_string"}}],"inLanguage":"fr-FR"},{"@type":"Organization","@id":"https:\/\/linandelle.com\/fr\/#organization","name":"Linandelle","url":"https:\/\/linandelle.com\/fr\/","logo":{"@type":"ImageObject","inLanguage":"fr-FR","@id":"https:\/\/linandelle.com\/fr\/#\/schema\/logo\/image\/","url":"https:\/\/linandelle.com\/wp-content\/uploads\/2022\/03\/logo-linandelle.jpg","contentUrl":"https:\/\/linandelle.com\/wp-content\/uploads\/2022\/03\/logo-linandelle.jpg","width":739,"height":738,"caption":"Linandelle"},"image":{"@id":"https:\/\/linandelle.com\/fr\/#\/schema\/logo\/image\/"},"sameAs":["https:\/\/www.facebook.com\/Linandelle","https:\/\/www.instagram.com\/linandelle\/","https:\/\/www.linkedin.com\/company\/18483801\/admin\/dashboard\/","https:\/\/www.pinterest.fr\/linandelle\/_created\/","https:\/\/www.youtube.com\/@linandellecharleval1016"],"email":"contact@linandelle.com","telephone":"0232687800","legalName":"SARL DU PONT DES JARDINS","vatID":"FR27448856641","taxID":"44885664100015","numberOfEmployees":{"@type":"QuantitativeValue","minValue":"1","maxValue":"10"}}]}},"_links":{"self":[{"href":"https:\/\/linandelle.com\/fr\/wp-json\/wp\/v2\/product\/85403","targetHints":{"allow":["GET"]}}],"collection":[{"href":"https:\/\/linandelle.com\/fr\/wp-json\/wp\/v2\/product"}],"about":[{"href":"https:\/\/linandelle.com\/fr\/wp-json\/wp\/v2\/types\/product"}],"wp:featuredmedia":[{"embeddable":true,"href":"https:\/\/linandelle.com\/fr\/wp-json\/wp\/v2\/media\/85335"}],"wp:attachment":[{"href":"https:\/\/linandelle.com\/fr\/wp-json\/wp\/v2\/media?parent=85403"}],"wp:term":[{"taxonomy":"product_brand","embeddable":true,"href":"https:\/\/linandelle.com\/fr\/wp-json\/wp\/v2\/product_brand?post=85403"},{"taxonomy":"product_cat","embeddable":true,"href":"https:\/\/linandelle.com\/fr\/wp-json\/wp\/v2\/product_cat?post=85403"},{"taxonomy":"product_tag","embeddable":true,"href":"https:\/\/linandelle.com\/fr\/wp-json\/wp\/v2\/product_tag?post=85403"},{"taxonomy":"woo-feed-brand","embeddable":true,"href":"https:\/\/linandelle.com\/fr\/wp-json\/wp\/v2\/woo-feed-brand?post=85403"}],"curies":[{"name":"wp","href":"https:\/\/api.w.org\/{rel}","templated":true}]}}