{"id":85419,"date":"2025-10-29T10:22:24","date_gmt":"2025-10-29T09:22:24","guid":{"rendered":"https:\/\/linandelle.com\/fr\/?post_type=product&#038;p=85419"},"modified":"2026-04-27T15:05:08","modified_gmt":"2026-04-27T13:05:08","slug":"tissu-coton-imprimes-190gr-m%c2%b2-winter","status":"publish","type":"product","link":"https:\/\/linandelle.com\/fr\/produit\/tissu-coton-imprimes-190gr-m%c2%b2-winter\/","title":{"rendered":"Tissu coton imprim\u00e9s 190gr m\u00b2 WINTER"},"content":{"rendered":"<h1><strong><u>Tissu au m\u00e8tre pur coton laize 150cm \u00e0 motifs WINTER\u00a0<\/u><\/strong><\/h1>\n<p>Plongez dans la magie de l\u2019hiver, avec le tissu 100% coton au motif hivernal raffin\u00e9\u00a0! Doux, r\u00e9sistant et facile \u00e0 travailler, il est parfait pour toutes vos cr\u00e9ations d\u00e9co de saison\u00a0: nappe, serviette, chemin de table, housse de coussin, torchons\u2026.<\/p>\n<p>Son imprim\u00e9 inspir\u00e9 des ambiances cocooning d\u2019hiver apportera \u00e9l\u00e9gance \u00e0 votre int\u00e9rieur tout en gardant la praticit\u00e9 d\u2019un coton de qualit\u00e9.<\/p>\n<p>Agr\u00e9able au toucher et d\u2019un entretien facile, le tissu WINTER va devenir votre insensible pour vos cr\u00e9ation d\u2019hiver.<\/p>\n<h3><strong>Caract\u00e9ristiques du tissu WINTER:<\/strong><\/h3>\n<ul>\n<li>100% coton<\/li>\n<li>Laize 150cm<\/li>\n<li>Motifs hivernal<\/li>\n<li>190gr m\u00b2<\/li>\n<li>Norme Oeko Tex<\/li>\n<li>Fabriqu\u00e9 au Portugal<\/li>\n<\/ul>\n<p>Si vous souhaitez recevoir des \u00e9chantillons avant de passer commande, visitez la page <u><a href=\"https:\/\/linandelle.com\/fr\/produit\/echantillons-tissus-au-metre-linandelle\/\">\u00c9chantillons tissus au m\u00e8tre<\/a><\/u> Entretien du tissu en machine \u00e0 40 ou 60\u00b0.<\/p>\n","protected":false},"excerpt":{"rendered":"<div class=\"et_pb_module et_pb_wc_description et_pb_wc_description_0_tb_body et_pb_bg_layout_light et_pb_text_align_left\">\n<ul>\n<li style=\"list-style-type: none;\">\n<ul>\n<li>100% coton<\/li>\n<li>Laize 150cm<\/li>\n<li>Motifs WINTER<\/li>\n<li>190gr m\u00b2<\/li>\n<li>Norme Oeko Tex<\/li>\n<li>Fabriqu\u00e9 au Portugal<\/li>\n<\/ul>\n<\/li>\n<\/ul>\n<\/div>\n","protected":false},"featured_media":80277,"template":"","meta":{"_et_pb_use_builder":"off","_et_pb_old_content":"<strong><u>Tissu au m\u00e8tre 100% coton imprim\u00e9s carreaux ROSE <\/u><\/strong>\r\n\r\nId\u00e9al pour la confection de v\u00eatements, de linge de table ou d\u2019articles d\u00e9coratifs\u2026\r\n\r\nTissu d'une qualit\u00e9 sup\u00e9rieure, pour professionnel et particulier.\r\n\r\nTissu coton, tiss\u00e9 teint, coloris rose\r\n\r\nFabriqu\u00e9 au Portugal\r\n\r\nNorme Oeko-Tex\r\n\r\nSi vous souhaitez recevoir des \u00e9chantillons avant de passer commande, visitez la page <u><a href=\"https:\/\/linandelle.com\/fr\/produit\/echantillons-tissus-au-metre-linandelle\/\">Echantillons tissus au m\u00e8tre<\/a><\/u>\r\n\r\nEntretien du tissu en coton:\r\nLavable en machine \u00e0 60\u00b0C. le coton est une fibre naturelle, il est recommand\u00e9 de laisser tremper \u00e0 l'eau froide 1 \u00e0 2h avant le premier lavage \u00e0 chaud. Cela a pour vertu de laver le tissu de ses impuret\u00e9s suite \u00e0 la fabrication, notamment la colle r\u00e9siduelle et de fixer les fibres, et ainsi limiter le retrait.\r\n\r\nEn savoir plus :\r\n\u2022 Ce produit lab\u00e9llis\u00e9 STANDARD 100 by OEKO-TEX\u00ae - certificat n\u00b0 CQ 1102\/4 IFTH suit un processus de fabrication certifi\u00e9 et contr\u00f4l\u00e9, respectueux de votre peau.\r\n\u2022 Le STANDARD 100 by OEKO-TEX\u00ae est le premier label qui r\u00e9pond aux besoins des consommateurs en mati\u00e8re d\u2019\u00e9cologie humaine. Il garantit l\u2019absence, dans les articles certifi\u00e9s de substances nocives ou pouvant pr\u00e9senter un risque pour la sant\u00e9.","_et_gb_content_width":""},"product_brand":[710],"product_cat":[695,26],"product_tag":[],"woo-feed-brand":[],"class_list":{"0":"post-85419","1":"product","2":"type-product","3":"status-publish","4":"has-post-thumbnail","6":"product_brand-linandelle","7":"product_cat-tissu-100-coton-au-metre","8":"product_cat-tissus-au-metre","9":"tm-no-options","11":"first","12":"instock","13":"sale","14":"featured","15":"taxable","16":"shipping-taxable","17":"purchasable","18":"product-type-simple"},"yoast_head":"<!-- This site is optimized with the Yoast SEO Premium plugin v27.5 (Yoast SEO v27.5) - https:\/\/yoast.com\/product\/yoast-seo-premium-wordpress\/ -->\n<title>Tissu au m\u00e8tre coton imprim\u00e9s WINTER<\/title>\n<meta name=\"description\" content=\"Ce tissu inspire le chalet \u00e0 la montagne, le chocolat chaud avec un bon plaid douillet, et les bons repas \u00e0 partager en famille. Tissu 100% coton 190gr m\u00b2.\" \/>\n<meta name=\"robots\" content=\"index, follow, max-snippet:-1, max-image-preview:large, max-video-preview:-1\" \/>\n<link rel=\"canonical\" href=\"https:\/\/linandelle.com\/fr\/produit\/tissu-coton-imprimes-190gr-m\u00b2-winter\/\" \/>\n<meta property=\"og:locale\" content=\"fr_FR\" \/>\n<meta property=\"og:type\" content=\"article\" \/>\n<meta property=\"og:title\" content=\"Tissu au m\u00e8tre coton imprim\u00e9s WINTER\" \/>\n<meta property=\"og:description\" content=\"Ce tissu inspire le chalet \u00e0 la montagne, le chocolat chaud avec un bon plaid douillet, et les bons repas \u00e0 partager en famille. Tissu 100% coton 190gr m\u00b2.\" \/>\n<meta property=\"og:url\" content=\"https:\/\/linandelle.com\/fr\/produit\/tissu-coton-imprimes-190gr-m\u00b2-winter\/\" \/>\n<meta property=\"og:site_name\" content=\"Linandelle\" \/>\n<meta property=\"article:publisher\" content=\"https:\/\/www.facebook.com\/Linandelle\" \/>\n<meta property=\"article:modified_time\" content=\"2026-04-27T13:05:08+00:00\" \/>\n<meta property=\"og:image\" content=\"https:\/\/linandelle.com\/wp-content\/uploads\/2024\/11\/serviette-noel-detour.jpg\" \/>\n\t<meta property=\"og:image:width\" content=\"1600\" \/>\n\t<meta property=\"og:image:height\" content=\"1600\" \/>\n\t<meta property=\"og:image:type\" content=\"image\/jpeg\" \/>\n<meta name=\"twitter:card\" content=\"summary_large_image\" \/>\n<meta name=\"twitter:label1\" content=\"Dur\u00e9e de lecture estim\u00e9e\" \/>\n\t<meta name=\"twitter:data1\" content=\"1 minute\" \/>\n<script type=\"application\/ld+json\" class=\"yoast-schema-graph\">{\"@context\":\"https:\\\/\\\/schema.org\",\"@graph\":[{\"@type\":\"WebPage\",\"@id\":\"https:\\\/\\\/linandelle.com\\\/fr\\\/produit\\\/tissu-coton-imprimes-190gr-m%c2%b2-winter\\\/\",\"url\":\"https:\\\/\\\/linandelle.com\\\/fr\\\/produit\\\/tissu-coton-imprimes-190gr-m%c2%b2-winter\\\/\",\"name\":\"Tissu au m\u00e8tre coton imprim\u00e9s WINTER\",\"isPartOf\":{\"@id\":\"https:\\\/\\\/linandelle.com\\\/fr\\\/#website\"},\"primaryImageOfPage\":{\"@id\":\"https:\\\/\\\/linandelle.com\\\/fr\\\/produit\\\/tissu-coton-imprimes-190gr-m%c2%b2-winter\\\/#primaryimage\"},\"image\":{\"@id\":\"https:\\\/\\\/linandelle.com\\\/fr\\\/produit\\\/tissu-coton-imprimes-190gr-m%c2%b2-winter\\\/#primaryimage\"},\"thumbnailUrl\":\"https:\\\/\\\/linandelle.com\\\/wp-content\\\/uploads\\\/2024\\\/11\\\/serviette-noel-detour.jpg\",\"datePublished\":\"2025-10-29T09:22:24+00:00\",\"dateModified\":\"2026-04-27T13:05:08+00:00\",\"description\":\"Ce tissu inspire le chalet \u00e0 la montagne, le chocolat chaud avec un bon plaid douillet, et les bons repas \u00e0 partager en famille. Tissu 100% coton 190gr m\u00b2.\",\"breadcrumb\":{\"@id\":\"https:\\\/\\\/linandelle.com\\\/fr\\\/produit\\\/tissu-coton-imprimes-190gr-m%c2%b2-winter\\\/#breadcrumb\"},\"inLanguage\":\"fr-FR\",\"potentialAction\":[{\"@type\":\"ReadAction\",\"target\":[\"https:\\\/\\\/linandelle.com\\\/fr\\\/produit\\\/tissu-coton-imprimes-190gr-m%c2%b2-winter\\\/\"]}]},{\"@type\":\"ImageObject\",\"inLanguage\":\"fr-FR\",\"@id\":\"https:\\\/\\\/linandelle.com\\\/fr\\\/produit\\\/tissu-coton-imprimes-190gr-m%c2%b2-winter\\\/#primaryimage\",\"url\":\"https:\\\/\\\/linandelle.com\\\/wp-content\\\/uploads\\\/2024\\\/11\\\/serviette-noel-detour.jpg\",\"contentUrl\":\"https:\\\/\\\/linandelle.com\\\/wp-content\\\/uploads\\\/2024\\\/11\\\/serviette-noel-detour.jpg\",\"width\":1600,\"height\":1600},{\"@type\":\"BreadcrumbList\",\"@id\":\"https:\\\/\\\/linandelle.com\\\/fr\\\/produit\\\/tissu-coton-imprimes-190gr-m%c2%b2-winter\\\/#breadcrumb\",\"itemListElement\":[{\"@type\":\"ListItem\",\"position\":1,\"name\":\"Produits\",\"item\":\"https:\\\/\\\/linandelle.com\\\/fr\\\/shop\\\/\"},{\"@type\":\"ListItem\",\"position\":2,\"name\":\"Tissu coton imprim\u00e9s 190gr m\u00b2 WINTER\"}]},{\"@type\":\"WebSite\",\"@id\":\"https:\\\/\\\/linandelle.com\\\/fr\\\/#website\",\"url\":\"https:\\\/\\\/linandelle.com\\\/fr\\\/\",\"name\":\"Linandelle\",\"description\":\"Linandelle, plus que du linge, l&#039;essentiel\",\"publisher\":{\"@id\":\"https:\\\/\\\/linandelle.com\\\/fr\\\/#organization\"},\"potentialAction\":[{\"@type\":\"SearchAction\",\"target\":{\"@type\":\"EntryPoint\",\"urlTemplate\":\"https:\\\/\\\/linandelle.com\\\/fr\\\/?s={search_term_string}\"},\"query-input\":{\"@type\":\"PropertyValueSpecification\",\"valueRequired\":true,\"valueName\":\"search_term_string\"}}],\"inLanguage\":\"fr-FR\"},{\"@type\":\"Organization\",\"@id\":\"https:\\\/\\\/linandelle.com\\\/fr\\\/#organization\",\"name\":\"Linandelle\",\"url\":\"https:\\\/\\\/linandelle.com\\\/fr\\\/\",\"logo\":{\"@type\":\"ImageObject\",\"inLanguage\":\"fr-FR\",\"@id\":\"https:\\\/\\\/linandelle.com\\\/fr\\\/#\\\/schema\\\/logo\\\/image\\\/\",\"url\":\"https:\\\/\\\/linandelle.com\\\/wp-content\\\/uploads\\\/2022\\\/03\\\/logo-linandelle.jpg\",\"contentUrl\":\"https:\\\/\\\/linandelle.com\\\/wp-content\\\/uploads\\\/2022\\\/03\\\/logo-linandelle.jpg\",\"width\":739,\"height\":738,\"caption\":\"Linandelle\"},\"image\":{\"@id\":\"https:\\\/\\\/linandelle.com\\\/fr\\\/#\\\/schema\\\/logo\\\/image\\\/\"},\"sameAs\":[\"https:\\\/\\\/www.facebook.com\\\/Linandelle\",\"https:\\\/\\\/www.instagram.com\\\/linandelle\\\/\",\"https:\\\/\\\/www.linkedin.com\\\/company\\\/18483801\\\/admin\\\/dashboard\\\/\",\"https:\\\/\\\/www.pinterest.fr\\\/linandelle\\\/_created\\\/\",\"https:\\\/\\\/www.youtube.com\\\/@linandellecharleval1016\"],\"email\":\"contact@linandelle.com\",\"telephone\":\"0232687800\",\"legalName\":\"SARL DU PONT DES JARDINS\",\"vatID\":\"FR27448856641\",\"taxID\":\"44885664100015\",\"numberOfEmployees\":{\"@type\":\"QuantitativeValue\",\"minValue\":\"1\",\"maxValue\":\"10\"}}]}<\/script>\n<!-- \/ Yoast SEO Premium plugin. -->","yoast_head_json":{"title":"Tissu au m\u00e8tre coton imprim\u00e9s WINTER","description":"Ce tissu inspire le chalet \u00e0 la montagne, le chocolat chaud avec un bon plaid douillet, et les bons repas \u00e0 partager en famille. Tissu 100% coton 190gr m\u00b2.","robots":{"index":"index","follow":"follow","max-snippet":"max-snippet:-1","max-image-preview":"max-image-preview:large","max-video-preview":"max-video-preview:-1"},"canonical":"https:\/\/linandelle.com\/fr\/produit\/tissu-coton-imprimes-190gr-m\u00b2-winter\/","og_locale":"fr_FR","og_type":"article","og_title":"Tissu au m\u00e8tre coton imprim\u00e9s WINTER","og_description":"Ce tissu inspire le chalet \u00e0 la montagne, le chocolat chaud avec un bon plaid douillet, et les bons repas \u00e0 partager en famille. Tissu 100% coton 190gr m\u00b2.","og_url":"https:\/\/linandelle.com\/fr\/produit\/tissu-coton-imprimes-190gr-m\u00b2-winter\/","og_site_name":"Linandelle","article_publisher":"https:\/\/www.facebook.com\/Linandelle","article_modified_time":"2026-04-27T13:05:08+00:00","og_image":[{"width":1600,"height":1600,"url":"https:\/\/linandelle.com\/wp-content\/uploads\/2024\/11\/serviette-noel-detour.jpg","type":"image\/jpeg"}],"twitter_card":"summary_large_image","twitter_misc":{"Dur\u00e9e de lecture estim\u00e9e":"1 minute"},"schema":{"@context":"https:\/\/schema.org","@graph":[{"@type":"WebPage","@id":"https:\/\/linandelle.com\/fr\/produit\/tissu-coton-imprimes-190gr-m%c2%b2-winter\/","url":"https:\/\/linandelle.com\/fr\/produit\/tissu-coton-imprimes-190gr-m%c2%b2-winter\/","name":"Tissu au m\u00e8tre coton imprim\u00e9s WINTER","isPartOf":{"@id":"https:\/\/linandelle.com\/fr\/#website"},"primaryImageOfPage":{"@id":"https:\/\/linandelle.com\/fr\/produit\/tissu-coton-imprimes-190gr-m%c2%b2-winter\/#primaryimage"},"image":{"@id":"https:\/\/linandelle.com\/fr\/produit\/tissu-coton-imprimes-190gr-m%c2%b2-winter\/#primaryimage"},"thumbnailUrl":"https:\/\/linandelle.com\/wp-content\/uploads\/2024\/11\/serviette-noel-detour.jpg","datePublished":"2025-10-29T09:22:24+00:00","dateModified":"2026-04-27T13:05:08+00:00","description":"Ce tissu inspire le chalet \u00e0 la montagne, le chocolat chaud avec un bon plaid douillet, et les bons repas \u00e0 partager en famille. Tissu 100% coton 190gr m\u00b2.","breadcrumb":{"@id":"https:\/\/linandelle.com\/fr\/produit\/tissu-coton-imprimes-190gr-m%c2%b2-winter\/#breadcrumb"},"inLanguage":"fr-FR","potentialAction":[{"@type":"ReadAction","target":["https:\/\/linandelle.com\/fr\/produit\/tissu-coton-imprimes-190gr-m%c2%b2-winter\/"]}]},{"@type":"ImageObject","inLanguage":"fr-FR","@id":"https:\/\/linandelle.com\/fr\/produit\/tissu-coton-imprimes-190gr-m%c2%b2-winter\/#primaryimage","url":"https:\/\/linandelle.com\/wp-content\/uploads\/2024\/11\/serviette-noel-detour.jpg","contentUrl":"https:\/\/linandelle.com\/wp-content\/uploads\/2024\/11\/serviette-noel-detour.jpg","width":1600,"height":1600},{"@type":"BreadcrumbList","@id":"https:\/\/linandelle.com\/fr\/produit\/tissu-coton-imprimes-190gr-m%c2%b2-winter\/#breadcrumb","itemListElement":[{"@type":"ListItem","position":1,"name":"Produits","item":"https:\/\/linandelle.com\/fr\/shop\/"},{"@type":"ListItem","position":2,"name":"Tissu coton imprim\u00e9s 190gr m\u00b2 WINTER"}]},{"@type":"WebSite","@id":"https:\/\/linandelle.com\/fr\/#website","url":"https:\/\/linandelle.com\/fr\/","name":"Linandelle","description":"Linandelle, plus que du linge, l&#039;essentiel","publisher":{"@id":"https:\/\/linandelle.com\/fr\/#organization"},"potentialAction":[{"@type":"SearchAction","target":{"@type":"EntryPoint","urlTemplate":"https:\/\/linandelle.com\/fr\/?s={search_term_string}"},"query-input":{"@type":"PropertyValueSpecification","valueRequired":true,"valueName":"search_term_string"}}],"inLanguage":"fr-FR"},{"@type":"Organization","@id":"https:\/\/linandelle.com\/fr\/#organization","name":"Linandelle","url":"https:\/\/linandelle.com\/fr\/","logo":{"@type":"ImageObject","inLanguage":"fr-FR","@id":"https:\/\/linandelle.com\/fr\/#\/schema\/logo\/image\/","url":"https:\/\/linandelle.com\/wp-content\/uploads\/2022\/03\/logo-linandelle.jpg","contentUrl":"https:\/\/linandelle.com\/wp-content\/uploads\/2022\/03\/logo-linandelle.jpg","width":739,"height":738,"caption":"Linandelle"},"image":{"@id":"https:\/\/linandelle.com\/fr\/#\/schema\/logo\/image\/"},"sameAs":["https:\/\/www.facebook.com\/Linandelle","https:\/\/www.instagram.com\/linandelle\/","https:\/\/www.linkedin.com\/company\/18483801\/admin\/dashboard\/","https:\/\/www.pinterest.fr\/linandelle\/_created\/","https:\/\/www.youtube.com\/@linandellecharleval1016"],"email":"contact@linandelle.com","telephone":"0232687800","legalName":"SARL DU PONT DES JARDINS","vatID":"FR27448856641","taxID":"44885664100015","numberOfEmployees":{"@type":"QuantitativeValue","minValue":"1","maxValue":"10"}}]}},"_links":{"self":[{"href":"https:\/\/linandelle.com\/fr\/wp-json\/wp\/v2\/product\/85419","targetHints":{"allow":["GET"]}}],"collection":[{"href":"https:\/\/linandelle.com\/fr\/wp-json\/wp\/v2\/product"}],"about":[{"href":"https:\/\/linandelle.com\/fr\/wp-json\/wp\/v2\/types\/product"}],"wp:featuredmedia":[{"embeddable":true,"href":"https:\/\/linandelle.com\/fr\/wp-json\/wp\/v2\/media\/80277"}],"wp:attachment":[{"href":"https:\/\/linandelle.com\/fr\/wp-json\/wp\/v2\/media?parent=85419"}],"wp:term":[{"taxonomy":"product_brand","embeddable":true,"href":"https:\/\/linandelle.com\/fr\/wp-json\/wp\/v2\/product_brand?post=85419"},{"taxonomy":"product_cat","embeddable":true,"href":"https:\/\/linandelle.com\/fr\/wp-json\/wp\/v2\/product_cat?post=85419"},{"taxonomy":"product_tag","embeddable":true,"href":"https:\/\/linandelle.com\/fr\/wp-json\/wp\/v2\/product_tag?post=85419"},{"taxonomy":"woo-feed-brand","embeddable":true,"href":"https:\/\/linandelle.com\/fr\/wp-json\/wp\/v2\/woo-feed-brand?post=85419"}],"curies":[{"name":"wp","href":"https:\/\/api.w.org\/{rel}","templated":true}]}}