{"id":8579,"date":"2021-07-13T11:27:46","date_gmt":"2021-07-13T09:27:46","guid":{"rendered":"https:\/\/linandelle.com\/produit\/masque-en-tissu-coton-lavable-afnor\/"},"modified":"2026-04-21T10:07:23","modified_gmt":"2026-04-21T08:07:23","slug":"masque-en-tissu-coton-lavable-afnor","status":"publish","type":"product","link":"https:\/\/linandelle.com\/fr\/produit\/masque-en-tissu-coton-lavable-afnor\/","title":{"rendered":"Masque en tissu coton lavable Afnor"},"content":{"rendered":"<p>La livraison \u00e9tant offerte \u00e0 partir de 49\u20ac de commande, cela correspond \u00e0 17 masques (sinon, 4,50\u20ac de frais d&rsquo;envoi en colissimo suivi)<\/p>\n<p>Choix de la couleur du masque Blanc ou Beige<\/p>\n<p>Masque en tissu lavable deux couches 100% coton percale blanc 200 fils\/cm2 (coton serr\u00e9).<br \/>\nCe masque est le mod\u00e8le fabriqu\u00e9 et distribu\u00e9 au Portugal depuis le d\u00e9but de la crise sanitaire.<\/p>\n<p>Conforme aux normes AFNOR Spec S76-001<\/p>\n<p>Mais il s&rsquo;agit d&rsquo;un masque dit \u00ab\u00a0aternatif\u00a0\u00bb, anti-projections qui ne convient pas au personnel soignant.<\/p>\n<p>Il est con\u00e7u pour prot\u00e8ger votre entourage des projections \u00e9mises lorsque vous parlez ou toussez.<\/p>\n<p>Il r\u00e9pond aux besoins des entreprises et des familles.<\/p>\n<p>Fixations \u00e9lastiques sur chaque oreille. Convient \u00e9galement aux enfants de plus de 4 ans.<br \/>\nId\u00e9alement un masque ne doit pas se porter plus de 4h.<br \/>\nLe masque est lavable en machine \u00e0 60\u00b0C environ 20 fois.<br \/>\nNorme Oeko Tex.<br \/>\nFabriqu\u00e9 en U.E<\/p>\n<p>=&gt; Voir les autres produits n\u00e9cessaires \u00e0 la confection de masques par vos soins<\/p>\n","protected":false},"excerpt":{"rendered":"<p>La livraison \u00e9tant offerte \u00e0 partir de 49\u20ac de commande, cela correspond \u00e0 17 masques (sinon, 4,50\u20ac de frais d&rsquo;envoi en colissimo suivi) Choix de la couleur du masque Blanc ou Beige Masque en tissu lavable deux couches 100% coton percale blanc 200 fils\/cm2 (coton serr\u00e9). Ce masque est le mod\u00e8le fabriqu\u00e9 et distribu\u00e9 au [&hellip;]<\/p>\n","protected":false},"featured_media":8582,"template":"","meta":{"_et_pb_use_builder":"","_et_pb_old_content":"","_et_gb_content_width":""},"product_brand":[710],"product_cat":[27],"product_tag":[],"woo-feed-brand":[],"class_list":{"0":"post-8579","1":"product","2":"type-product","3":"status-publish","4":"has-post-thumbnail","6":"product_brand-linandelle","7":"product_cat-table","8":"tm-has-styled-variations","9":"tm-has-options","11":"first","12":"instock","13":"featured","14":"taxable","15":"shipping-taxable","16":"purchasable","17":"product-type-simple"},"yoast_head":"<!-- This site is optimized with the Yoast SEO Premium plugin v27.4 (Yoast SEO v27.4) - https:\/\/yoast.com\/product\/yoast-seo-premium-wordpress\/ -->\n<title>Masque en tissu coton lavable Afnor - Linandelle<\/title>\n<meta name=\"description\" content=\"D\u00e9couvrez notre masque en tissu coton lavable Afnor ! Conforme aux normes AFNOR Spec S76-001. Choix de couleur blanc ou beige.\" \/>\n<meta name=\"robots\" content=\"index, follow, max-snippet:-1, max-image-preview:large, max-video-preview:-1\" \/>\n<link rel=\"canonical\" href=\"https:\/\/linandelle.com\/fr\/produit\/masque-en-tissu-coton-lavable-afnor\/\" \/>\n<meta property=\"og:locale\" content=\"fr_FR\" \/>\n<meta property=\"og:type\" content=\"article\" \/>\n<meta property=\"og:title\" content=\"Masque en tissu coton lavable Afnor - Linandelle\" \/>\n<meta property=\"og:description\" content=\"D\u00e9couvrez notre masque en tissu coton lavable Afnor ! Conforme aux normes AFNOR Spec S76-001. Choix de couleur blanc ou beige.\" \/>\n<meta property=\"og:url\" content=\"https:\/\/linandelle.com\/fr\/produit\/masque-en-tissu-coton-lavable-afnor\/\" \/>\n<meta property=\"og:site_name\" content=\"Linandelle\" \/>\n<meta property=\"article:publisher\" content=\"https:\/\/www.facebook.com\/Linandelle\" \/>\n<meta property=\"article:modified_time\" content=\"2026-04-21T08:07:23+00:00\" \/>\n<meta property=\"og:image\" content=\"https:\/\/linandelle.com\/wp-content\/uploads\/2021\/07\/masque_tissu_covid19_blanc.jpg\" \/>\n\t<meta property=\"og:image:width\" content=\"750\" \/>\n\t<meta property=\"og:image:height\" content=\"750\" \/>\n\t<meta property=\"og:image:type\" content=\"image\/jpeg\" \/>\n<meta name=\"twitter:card\" content=\"summary_large_image\" \/>\n<meta name=\"twitter:label1\" content=\"Dur\u00e9e de lecture estim\u00e9e\" \/>\n\t<meta name=\"twitter:data1\" content=\"1 minute\" \/>\n<script type=\"application\/ld+json\" class=\"yoast-schema-graph\">{\"@context\":\"https:\\\/\\\/schema.org\",\"@graph\":[{\"@type\":\"WebPage\",\"@id\":\"https:\\\/\\\/linandelle.com\\\/fr\\\/produit\\\/masque-en-tissu-coton-lavable-afnor\\\/\",\"url\":\"https:\\\/\\\/linandelle.com\\\/fr\\\/produit\\\/masque-en-tissu-coton-lavable-afnor\\\/\",\"name\":\"Masque en tissu coton lavable Afnor - Linandelle\",\"isPartOf\":{\"@id\":\"https:\\\/\\\/linandelle.com\\\/fr\\\/#website\"},\"primaryImageOfPage\":{\"@id\":\"https:\\\/\\\/linandelle.com\\\/fr\\\/produit\\\/masque-en-tissu-coton-lavable-afnor\\\/#primaryimage\"},\"image\":{\"@id\":\"https:\\\/\\\/linandelle.com\\\/fr\\\/produit\\\/masque-en-tissu-coton-lavable-afnor\\\/#primaryimage\"},\"thumbnailUrl\":\"https:\\\/\\\/linandelle.com\\\/wp-content\\\/uploads\\\/2021\\\/07\\\/masque_tissu_covid19_blanc.jpg\",\"datePublished\":\"2021-07-13T09:27:46+00:00\",\"dateModified\":\"2026-04-21T08:07:23+00:00\",\"description\":\"D\u00e9couvrez notre masque en tissu coton lavable Afnor ! Conforme aux normes AFNOR Spec S76-001. Choix de couleur blanc ou beige.\",\"breadcrumb\":{\"@id\":\"https:\\\/\\\/linandelle.com\\\/fr\\\/produit\\\/masque-en-tissu-coton-lavable-afnor\\\/#breadcrumb\"},\"inLanguage\":\"fr-FR\",\"potentialAction\":[{\"@type\":\"ReadAction\",\"target\":[\"https:\\\/\\\/linandelle.com\\\/fr\\\/produit\\\/masque-en-tissu-coton-lavable-afnor\\\/\"]}]},{\"@type\":\"ImageObject\",\"inLanguage\":\"fr-FR\",\"@id\":\"https:\\\/\\\/linandelle.com\\\/fr\\\/produit\\\/masque-en-tissu-coton-lavable-afnor\\\/#primaryimage\",\"url\":\"https:\\\/\\\/linandelle.com\\\/wp-content\\\/uploads\\\/2021\\\/07\\\/masque_tissu_covid19_blanc.jpg\",\"contentUrl\":\"https:\\\/\\\/linandelle.com\\\/wp-content\\\/uploads\\\/2021\\\/07\\\/masque_tissu_covid19_blanc.jpg\",\"width\":750,\"height\":750,\"caption\":\"Masque en tissu coton lavable Afnor\"},{\"@type\":\"BreadcrumbList\",\"@id\":\"https:\\\/\\\/linandelle.com\\\/fr\\\/produit\\\/masque-en-tissu-coton-lavable-afnor\\\/#breadcrumb\",\"itemListElement\":[{\"@type\":\"ListItem\",\"position\":1,\"name\":\"Produits\",\"item\":\"https:\\\/\\\/linandelle.com\\\/fr\\\/shop\\\/\"},{\"@type\":\"ListItem\",\"position\":2,\"name\":\"Masque en tissu coton lavable Afnor\"}]},{\"@type\":\"WebSite\",\"@id\":\"https:\\\/\\\/linandelle.com\\\/fr\\\/#website\",\"url\":\"https:\\\/\\\/linandelle.com\\\/fr\\\/\",\"name\":\"Linandelle\",\"description\":\"Linandelle, plus que du linge, l&#039;essentiel\",\"publisher\":{\"@id\":\"https:\\\/\\\/linandelle.com\\\/fr\\\/#organization\"},\"potentialAction\":[{\"@type\":\"SearchAction\",\"target\":{\"@type\":\"EntryPoint\",\"urlTemplate\":\"https:\\\/\\\/linandelle.com\\\/fr\\\/?s={search_term_string}\"},\"query-input\":{\"@type\":\"PropertyValueSpecification\",\"valueRequired\":true,\"valueName\":\"search_term_string\"}}],\"inLanguage\":\"fr-FR\"},{\"@type\":\"Organization\",\"@id\":\"https:\\\/\\\/linandelle.com\\\/fr\\\/#organization\",\"name\":\"Linandelle\",\"url\":\"https:\\\/\\\/linandelle.com\\\/fr\\\/\",\"logo\":{\"@type\":\"ImageObject\",\"inLanguage\":\"fr-FR\",\"@id\":\"https:\\\/\\\/linandelle.com\\\/fr\\\/#\\\/schema\\\/logo\\\/image\\\/\",\"url\":\"https:\\\/\\\/linandelle.com\\\/wp-content\\\/uploads\\\/2022\\\/03\\\/logo-linandelle.jpg\",\"contentUrl\":\"https:\\\/\\\/linandelle.com\\\/wp-content\\\/uploads\\\/2022\\\/03\\\/logo-linandelle.jpg\",\"width\":739,\"height\":738,\"caption\":\"Linandelle\"},\"image\":{\"@id\":\"https:\\\/\\\/linandelle.com\\\/fr\\\/#\\\/schema\\\/logo\\\/image\\\/\"},\"sameAs\":[\"https:\\\/\\\/www.facebook.com\\\/Linandelle\",\"https:\\\/\\\/www.instagram.com\\\/linandelle\\\/\",\"https:\\\/\\\/www.linkedin.com\\\/company\\\/18483801\\\/admin\\\/dashboard\\\/\",\"https:\\\/\\\/www.pinterest.fr\\\/linandelle\\\/_created\\\/\",\"https:\\\/\\\/www.youtube.com\\\/@linandellecharleval1016\"],\"email\":\"contact@linandelle.com\",\"telephone\":\"0232687800\",\"legalName\":\"SARL DU PONT DES JARDINS\",\"vatID\":\"FR27448856641\",\"taxID\":\"44885664100015\",\"numberOfEmployees\":{\"@type\":\"QuantitativeValue\",\"minValue\":\"1\",\"maxValue\":\"10\"}}]}<\/script>\n<!-- \/ Yoast SEO Premium plugin. -->","yoast_head_json":{"title":"Masque en tissu coton lavable Afnor - Linandelle","description":"D\u00e9couvrez notre masque en tissu coton lavable Afnor ! Conforme aux normes AFNOR Spec S76-001. Choix de couleur blanc ou beige.","robots":{"index":"index","follow":"follow","max-snippet":"max-snippet:-1","max-image-preview":"max-image-preview:large","max-video-preview":"max-video-preview:-1"},"canonical":"https:\/\/linandelle.com\/fr\/produit\/masque-en-tissu-coton-lavable-afnor\/","og_locale":"fr_FR","og_type":"article","og_title":"Masque en tissu coton lavable Afnor - Linandelle","og_description":"D\u00e9couvrez notre masque en tissu coton lavable Afnor ! Conforme aux normes AFNOR Spec S76-001. Choix de couleur blanc ou beige.","og_url":"https:\/\/linandelle.com\/fr\/produit\/masque-en-tissu-coton-lavable-afnor\/","og_site_name":"Linandelle","article_publisher":"https:\/\/www.facebook.com\/Linandelle","article_modified_time":"2026-04-21T08:07:23+00:00","og_image":[{"width":750,"height":750,"url":"https:\/\/linandelle.com\/wp-content\/uploads\/2021\/07\/masque_tissu_covid19_blanc.jpg","type":"image\/jpeg"}],"twitter_card":"summary_large_image","twitter_misc":{"Dur\u00e9e de lecture estim\u00e9e":"1 minute"},"schema":{"@context":"https:\/\/schema.org","@graph":[{"@type":"WebPage","@id":"https:\/\/linandelle.com\/fr\/produit\/masque-en-tissu-coton-lavable-afnor\/","url":"https:\/\/linandelle.com\/fr\/produit\/masque-en-tissu-coton-lavable-afnor\/","name":"Masque en tissu coton lavable Afnor - Linandelle","isPartOf":{"@id":"https:\/\/linandelle.com\/fr\/#website"},"primaryImageOfPage":{"@id":"https:\/\/linandelle.com\/fr\/produit\/masque-en-tissu-coton-lavable-afnor\/#primaryimage"},"image":{"@id":"https:\/\/linandelle.com\/fr\/produit\/masque-en-tissu-coton-lavable-afnor\/#primaryimage"},"thumbnailUrl":"https:\/\/linandelle.com\/wp-content\/uploads\/2021\/07\/masque_tissu_covid19_blanc.jpg","datePublished":"2021-07-13T09:27:46+00:00","dateModified":"2026-04-21T08:07:23+00:00","description":"D\u00e9couvrez notre masque en tissu coton lavable Afnor ! Conforme aux normes AFNOR Spec S76-001. Choix de couleur blanc ou beige.","breadcrumb":{"@id":"https:\/\/linandelle.com\/fr\/produit\/masque-en-tissu-coton-lavable-afnor\/#breadcrumb"},"inLanguage":"fr-FR","potentialAction":[{"@type":"ReadAction","target":["https:\/\/linandelle.com\/fr\/produit\/masque-en-tissu-coton-lavable-afnor\/"]}]},{"@type":"ImageObject","inLanguage":"fr-FR","@id":"https:\/\/linandelle.com\/fr\/produit\/masque-en-tissu-coton-lavable-afnor\/#primaryimage","url":"https:\/\/linandelle.com\/wp-content\/uploads\/2021\/07\/masque_tissu_covid19_blanc.jpg","contentUrl":"https:\/\/linandelle.com\/wp-content\/uploads\/2021\/07\/masque_tissu_covid19_blanc.jpg","width":750,"height":750,"caption":"Masque en tissu coton lavable Afnor"},{"@type":"BreadcrumbList","@id":"https:\/\/linandelle.com\/fr\/produit\/masque-en-tissu-coton-lavable-afnor\/#breadcrumb","itemListElement":[{"@type":"ListItem","position":1,"name":"Produits","item":"https:\/\/linandelle.com\/fr\/shop\/"},{"@type":"ListItem","position":2,"name":"Masque en tissu coton lavable Afnor"}]},{"@type":"WebSite","@id":"https:\/\/linandelle.com\/fr\/#website","url":"https:\/\/linandelle.com\/fr\/","name":"Linandelle","description":"Linandelle, plus que du linge, l&#039;essentiel","publisher":{"@id":"https:\/\/linandelle.com\/fr\/#organization"},"potentialAction":[{"@type":"SearchAction","target":{"@type":"EntryPoint","urlTemplate":"https:\/\/linandelle.com\/fr\/?s={search_term_string}"},"query-input":{"@type":"PropertyValueSpecification","valueRequired":true,"valueName":"search_term_string"}}],"inLanguage":"fr-FR"},{"@type":"Organization","@id":"https:\/\/linandelle.com\/fr\/#organization","name":"Linandelle","url":"https:\/\/linandelle.com\/fr\/","logo":{"@type":"ImageObject","inLanguage":"fr-FR","@id":"https:\/\/linandelle.com\/fr\/#\/schema\/logo\/image\/","url":"https:\/\/linandelle.com\/wp-content\/uploads\/2022\/03\/logo-linandelle.jpg","contentUrl":"https:\/\/linandelle.com\/wp-content\/uploads\/2022\/03\/logo-linandelle.jpg","width":739,"height":738,"caption":"Linandelle"},"image":{"@id":"https:\/\/linandelle.com\/fr\/#\/schema\/logo\/image\/"},"sameAs":["https:\/\/www.facebook.com\/Linandelle","https:\/\/www.instagram.com\/linandelle\/","https:\/\/www.linkedin.com\/company\/18483801\/admin\/dashboard\/","https:\/\/www.pinterest.fr\/linandelle\/_created\/","https:\/\/www.youtube.com\/@linandellecharleval1016"],"email":"contact@linandelle.com","telephone":"0232687800","legalName":"SARL DU PONT DES JARDINS","vatID":"FR27448856641","taxID":"44885664100015","numberOfEmployees":{"@type":"QuantitativeValue","minValue":"1","maxValue":"10"}}]}},"_links":{"self":[{"href":"https:\/\/linandelle.com\/fr\/wp-json\/wp\/v2\/product\/8579","targetHints":{"allow":["GET"]}}],"collection":[{"href":"https:\/\/linandelle.com\/fr\/wp-json\/wp\/v2\/product"}],"about":[{"href":"https:\/\/linandelle.com\/fr\/wp-json\/wp\/v2\/types\/product"}],"wp:featuredmedia":[{"embeddable":true,"href":"https:\/\/linandelle.com\/fr\/wp-json\/wp\/v2\/media\/8582"}],"wp:attachment":[{"href":"https:\/\/linandelle.com\/fr\/wp-json\/wp\/v2\/media?parent=8579"}],"wp:term":[{"taxonomy":"product_brand","embeddable":true,"href":"https:\/\/linandelle.com\/fr\/wp-json\/wp\/v2\/product_brand?post=8579"},{"taxonomy":"product_cat","embeddable":true,"href":"https:\/\/linandelle.com\/fr\/wp-json\/wp\/v2\/product_cat?post=8579"},{"taxonomy":"product_tag","embeddable":true,"href":"https:\/\/linandelle.com\/fr\/wp-json\/wp\/v2\/product_tag?post=8579"},{"taxonomy":"woo-feed-brand","embeddable":true,"href":"https:\/\/linandelle.com\/fr\/wp-json\/wp\/v2\/woo-feed-brand?post=8579"}],"curies":[{"name":"wp","href":"https:\/\/api.w.org\/{rel}","templated":true}]}}