{"id":8586,"date":"2021-07-13T11:37:41","date_gmt":"2021-07-13T09:37:41","guid":{"rendered":"https:\/\/linandelle.com\/produit\/lot-de-10-serviettes-de-table-carreaux-vichy-normand-vert-nelly\/"},"modified":"2026-04-28T10:57:11","modified_gmt":"2026-04-28T08:57:11","slug":"lot-de-serviettes-de-table-carreaux-vichy-normand-vert-nelly","status":"publish","type":"product","link":"https:\/\/linandelle.com\/fr\/produit\/lot-de-serviettes-de-table-carreaux-vichy-normand-vert-nelly\/","title":{"rendered":"Lot de serviettes de table carreaux vichy normand vert NELLY"},"content":{"rendered":"<p>Les traditionnelles serviettes de table en coton \u00e0 carreaux Nelly nous rappellent la convivialit\u00e9 des repas de notre enfance. Et elles ne d\u00e9rogent pas \u00e0 leurs r\u00e9putation, grandes et solides. Caract\u00e9ristiques des serviettes NELLY Propos\u00e9es par lot de 2\u00a0 et de 10 \u00e0 la couleur 100% coton, finition 4 ourlets Grand format 50x50cm Tr\u00e8s r\u00e9sistantes Coloris disponibles : vert, <a href=\"https:\/\/linandelle.com\/fr\/produit\/lot-de-10-serviettes-de-table-carreaux-vichy-normand-rouge-nelly\/\">rouge,<\/a> <a href=\"https:\/\/linandelle.com\/fr\/produit\/lot-de-10-serviettes-de-table-carreaux-vichy-normand-jaune-nelly\/\">jaune<\/a>, <a href=\"https:\/\/linandelle.com\/fr\/produit\/lot-de-10-serviettes-de-table-carreaux-vichy-normand-bleu-nelly\/\">bleu,<\/a> <a href=\"https:\/\/linandelle.com\/fr\/produit\/lot-de-10-serviettes-de-table-carreaux-vichy-normand-marron-nelly\/\">marron. <\/a> Lavage en machine \u00e0 95\u00b0C S\u00e9chage machine autoris\u00e9 Fabriqu\u00e9 en U.E Norme Oeko Tex En savoir plus : &#8211; &#8211; Tr\u00e8s r\u00e9sistante &#8211; Fabriqu\u00e9e en U.E &#8211; 50X50cm &#8211; 100% coton &#8211; Lavable en machine \u00e0 60\u00b0.<\/p>\n","protected":false},"excerpt":{"rendered":"<p>Les traditionnelles serviettes de table en coton \u00e0 carreaux Nelly nous rappellent la convivialit\u00e9 des repas de notre enfance. Et elles ne d\u00e9rogent pas \u00e0 leurs r\u00e9putation, grandes et solides. Caract\u00e9ristiques des serviettes NELLY Propos\u00e9es par lot de 2\u00a0 et de 10 \u00e0 la couleur 100% coton, finition 4 ourlets Grand format 50x50cm Tr\u00e8s r\u00e9sistantes [&hellip;]<\/p>\n","protected":false},"featured_media":76648,"template":"","meta":{"_et_pb_use_builder":"off","_et_pb_old_content":"Les traditionnelles serviettes de table en coton \u00e0 carreaux Nelly nous rappellent la convivialit\u00e9 des repas de notre enfance.\r\nEt elles ne d\u00e9rogent pas \u00e0 leurs r\u00e9putation, grandes et solides.\r\nCaract\u00e9ristiques des serviettes NELLY\r\n\r\nPropos\u00e9es par lot de 2\u00a0 et de 10 \u00e0 la couleur\r\n100% coton, finition 4 ourlets\r\nGrand format 50x50cm\r\nTr\u00e8s r\u00e9sistantes\r\n\r\nColoris disponibles : vert, <a href=\"https:\/\/linandelle.com\/fr\/produit\/lot-de-10-serviettes-de-table-carreaux-vichy-normand-rouge-nelly\/\">rouge,<\/a> <a href=\"https:\/\/linandelle.com\/fr\/produit\/lot-de-10-serviettes-de-table-carreaux-vichy-normand-jaune-nelly\/\">jaune<\/a>, <a href=\"https:\/\/linandelle.com\/fr\/produit\/lot-de-10-serviettes-de-table-carreaux-vichy-normand-bleu-nelly\/\">bleu,<\/a> <a href=\"https:\/\/linandelle.com\/fr\/produit\/lot-de-10-serviettes-de-table-carreaux-vichy-normand-marron-nelly\/\">marron. <\/a>\r\n\r\nLavage en machine \u00e0 95\u00b0C\r\nS\u00e9chage machine autoris\u00e9\r\nFabriqu\u00e9 en U.E\r\nNorme Oeko Tex\r\n\r\nEn savoir plus :\r\n\r\n- - Tr\u00e8s r\u00e9sistante\r\n\r\n- Fabriqu\u00e9e en U.E\r\n\r\n- 50X50cm\r\n\r\n- 100% coton\r\n\r\n- Lavable en machine \u00e0 60\u00b0.\r\n\r\n\u00a0","_et_gb_content_width":""},"product_brand":[710],"product_cat":[696,636,329,27],"product_tag":[],"woo-feed-brand":[],"class_list":{"0":"post-8586","1":"product","2":"type-product","3":"status-publish","4":"has-post-thumbnail","6":"product_brand-linandelle","7":"product_cat-nouveautes-printemps-ete","8":"product_cat-noel","9":"product_cat-serviettes-de-table-a-carreaux","10":"product_cat-table","11":"tm-has-options","13":"first","14":"instock","15":"sale","16":"featured","17":"taxable","18":"shipping-taxable","19":"purchasable","20":"product-type-variable"},"yoast_head":"<!-- This site is optimized with the Yoast SEO Premium plugin v27.5 (Yoast SEO v27.5) - https:\/\/yoast.com\/product\/yoast-seo-premium-wordpress\/ -->\n<title>Lot de serviettes de table coton carreaux vichy normand vert NELLY<\/title>\n<meta name=\"description\" content=\"Lot de serviettes de table en coton \u00e9conomique, \u00e0 carreaux vichy normand vert, grandes et r\u00e9sistantes, pour les particuliers et les professionnels de la restauration\" \/>\n<meta name=\"robots\" content=\"index, follow, max-snippet:-1, max-image-preview:large, max-video-preview:-1\" \/>\n<link rel=\"canonical\" href=\"https:\/\/linandelle.com\/fr\/produit\/lot-de-serviettes-de-table-carreaux-vichy-normand-vert-nelly\/\" \/>\n<meta property=\"og:locale\" content=\"fr_FR\" \/>\n<meta property=\"og:type\" content=\"article\" \/>\n<meta property=\"og:title\" content=\"Lot de serviettes de table coton carreaux vichy normand vert NELLY\" \/>\n<meta property=\"og:description\" content=\"Lot de serviettes de table en coton \u00e9conomique, \u00e0 carreaux vichy normand vert, grandes et r\u00e9sistantes, pour les particuliers et les professionnels de la restauration\" \/>\n<meta property=\"og:url\" content=\"https:\/\/linandelle.com\/fr\/produit\/lot-de-serviettes-de-table-carreaux-vichy-normand-vert-nelly\/\" \/>\n<meta property=\"og:site_name\" content=\"Linandelle\" \/>\n<meta property=\"article:publisher\" content=\"https:\/\/www.facebook.com\/Linandelle\" \/>\n<meta property=\"article:modified_time\" content=\"2026-04-28T08:57:11+00:00\" \/>\n<meta property=\"og:image\" content=\"https:\/\/linandelle.com\/wp-content\/uploads\/2023\/04\/ambiance-lot-10-serviettes-verte.jpg\" \/>\n\t<meta property=\"og:image:width\" content=\"1200\" \/>\n\t<meta property=\"og:image:height\" content=\"1200\" \/>\n\t<meta property=\"og:image:type\" content=\"image\/jpeg\" \/>\n<meta name=\"twitter:card\" content=\"summary_large_image\" \/>\n<meta name=\"twitter:label1\" content=\"Dur\u00e9e de lecture estim\u00e9e\" \/>\n\t<meta name=\"twitter:data1\" content=\"1 minute\" \/>\n<script type=\"application\/ld+json\" class=\"yoast-schema-graph\">{\"@context\":\"https:\\\/\\\/schema.org\",\"@graph\":[{\"@type\":\"WebPage\",\"@id\":\"https:\\\/\\\/linandelle.com\\\/fr\\\/produit\\\/lot-de-serviettes-de-table-carreaux-vichy-normand-vert-nelly\\\/\",\"url\":\"https:\\\/\\\/linandelle.com\\\/fr\\\/produit\\\/lot-de-serviettes-de-table-carreaux-vichy-normand-vert-nelly\\\/\",\"name\":\"Lot de serviettes de table coton carreaux vichy normand vert NELLY\",\"isPartOf\":{\"@id\":\"https:\\\/\\\/linandelle.com\\\/fr\\\/#website\"},\"primaryImageOfPage\":{\"@id\":\"https:\\\/\\\/linandelle.com\\\/fr\\\/produit\\\/lot-de-serviettes-de-table-carreaux-vichy-normand-vert-nelly\\\/#primaryimage\"},\"image\":{\"@id\":\"https:\\\/\\\/linandelle.com\\\/fr\\\/produit\\\/lot-de-serviettes-de-table-carreaux-vichy-normand-vert-nelly\\\/#primaryimage\"},\"thumbnailUrl\":\"https:\\\/\\\/linandelle.com\\\/wp-content\\\/uploads\\\/2023\\\/04\\\/ambiance-lot-10-serviettes-verte.jpg\",\"datePublished\":\"2021-07-13T09:37:41+00:00\",\"dateModified\":\"2026-04-28T08:57:11+00:00\",\"description\":\"Lot de serviettes de table en coton \u00e9conomique, \u00e0 carreaux vichy normand vert, grandes et r\u00e9sistantes, pour les particuliers et les professionnels de la restauration\",\"breadcrumb\":{\"@id\":\"https:\\\/\\\/linandelle.com\\\/fr\\\/produit\\\/lot-de-serviettes-de-table-carreaux-vichy-normand-vert-nelly\\\/#breadcrumb\"},\"inLanguage\":\"fr-FR\",\"potentialAction\":[{\"@type\":\"ReadAction\",\"target\":[\"https:\\\/\\\/linandelle.com\\\/fr\\\/produit\\\/lot-de-serviettes-de-table-carreaux-vichy-normand-vert-nelly\\\/\"]}]},{\"@type\":\"ImageObject\",\"inLanguage\":\"fr-FR\",\"@id\":\"https:\\\/\\\/linandelle.com\\\/fr\\\/produit\\\/lot-de-serviettes-de-table-carreaux-vichy-normand-vert-nelly\\\/#primaryimage\",\"url\":\"https:\\\/\\\/linandelle.com\\\/wp-content\\\/uploads\\\/2023\\\/04\\\/ambiance-lot-10-serviettes-verte.jpg\",\"contentUrl\":\"https:\\\/\\\/linandelle.com\\\/wp-content\\\/uploads\\\/2023\\\/04\\\/ambiance-lot-10-serviettes-verte.jpg\",\"width\":1200,\"height\":1200},{\"@type\":\"BreadcrumbList\",\"@id\":\"https:\\\/\\\/linandelle.com\\\/fr\\\/produit\\\/lot-de-serviettes-de-table-carreaux-vichy-normand-vert-nelly\\\/#breadcrumb\",\"itemListElement\":[{\"@type\":\"ListItem\",\"position\":1,\"name\":\"Produits\",\"item\":\"https:\\\/\\\/linandelle.com\\\/fr\\\/shop\\\/\"},{\"@type\":\"ListItem\",\"position\":2,\"name\":\"Lot de serviettes de table carreaux vichy normand vert NELLY\"}]},{\"@type\":\"WebSite\",\"@id\":\"https:\\\/\\\/linandelle.com\\\/fr\\\/#website\",\"url\":\"https:\\\/\\\/linandelle.com\\\/fr\\\/\",\"name\":\"Linandelle\",\"description\":\"Linandelle, plus que du linge, l&#039;essentiel\",\"publisher\":{\"@id\":\"https:\\\/\\\/linandelle.com\\\/fr\\\/#organization\"},\"potentialAction\":[{\"@type\":\"SearchAction\",\"target\":{\"@type\":\"EntryPoint\",\"urlTemplate\":\"https:\\\/\\\/linandelle.com\\\/fr\\\/?s={search_term_string}\"},\"query-input\":{\"@type\":\"PropertyValueSpecification\",\"valueRequired\":true,\"valueName\":\"search_term_string\"}}],\"inLanguage\":\"fr-FR\"},{\"@type\":\"Organization\",\"@id\":\"https:\\\/\\\/linandelle.com\\\/fr\\\/#organization\",\"name\":\"Linandelle\",\"url\":\"https:\\\/\\\/linandelle.com\\\/fr\\\/\",\"logo\":{\"@type\":\"ImageObject\",\"inLanguage\":\"fr-FR\",\"@id\":\"https:\\\/\\\/linandelle.com\\\/fr\\\/#\\\/schema\\\/logo\\\/image\\\/\",\"url\":\"https:\\\/\\\/linandelle.com\\\/wp-content\\\/uploads\\\/2022\\\/03\\\/logo-linandelle.jpg\",\"contentUrl\":\"https:\\\/\\\/linandelle.com\\\/wp-content\\\/uploads\\\/2022\\\/03\\\/logo-linandelle.jpg\",\"width\":739,\"height\":738,\"caption\":\"Linandelle\"},\"image\":{\"@id\":\"https:\\\/\\\/linandelle.com\\\/fr\\\/#\\\/schema\\\/logo\\\/image\\\/\"},\"sameAs\":[\"https:\\\/\\\/www.facebook.com\\\/Linandelle\",\"https:\\\/\\\/www.instagram.com\\\/linandelle\\\/\",\"https:\\\/\\\/www.linkedin.com\\\/company\\\/18483801\\\/admin\\\/dashboard\\\/\",\"https:\\\/\\\/www.pinterest.fr\\\/linandelle\\\/_created\\\/\",\"https:\\\/\\\/www.youtube.com\\\/@linandellecharleval1016\"],\"email\":\"contact@linandelle.com\",\"telephone\":\"0232687800\",\"legalName\":\"SARL DU PONT DES JARDINS\",\"vatID\":\"FR27448856641\",\"taxID\":\"44885664100015\",\"numberOfEmployees\":{\"@type\":\"QuantitativeValue\",\"minValue\":\"1\",\"maxValue\":\"10\"}}]}<\/script>\n<!-- \/ Yoast SEO Premium plugin. -->","yoast_head_json":{"title":"Lot de serviettes de table coton carreaux vichy normand vert NELLY","description":"Lot de serviettes de table en coton \u00e9conomique, \u00e0 carreaux vichy normand vert, grandes et r\u00e9sistantes, pour les particuliers et les professionnels de la restauration","robots":{"index":"index","follow":"follow","max-snippet":"max-snippet:-1","max-image-preview":"max-image-preview:large","max-video-preview":"max-video-preview:-1"},"canonical":"https:\/\/linandelle.com\/fr\/produit\/lot-de-serviettes-de-table-carreaux-vichy-normand-vert-nelly\/","og_locale":"fr_FR","og_type":"article","og_title":"Lot de serviettes de table coton carreaux vichy normand vert NELLY","og_description":"Lot de serviettes de table en coton \u00e9conomique, \u00e0 carreaux vichy normand vert, grandes et r\u00e9sistantes, pour les particuliers et les professionnels de la restauration","og_url":"https:\/\/linandelle.com\/fr\/produit\/lot-de-serviettes-de-table-carreaux-vichy-normand-vert-nelly\/","og_site_name":"Linandelle","article_publisher":"https:\/\/www.facebook.com\/Linandelle","article_modified_time":"2026-04-28T08:57:11+00:00","og_image":[{"width":1200,"height":1200,"url":"https:\/\/linandelle.com\/wp-content\/uploads\/2023\/04\/ambiance-lot-10-serviettes-verte.jpg","type":"image\/jpeg"}],"twitter_card":"summary_large_image","twitter_misc":{"Dur\u00e9e de lecture estim\u00e9e":"1 minute"},"schema":{"@context":"https:\/\/schema.org","@graph":[{"@type":"WebPage","@id":"https:\/\/linandelle.com\/fr\/produit\/lot-de-serviettes-de-table-carreaux-vichy-normand-vert-nelly\/","url":"https:\/\/linandelle.com\/fr\/produit\/lot-de-serviettes-de-table-carreaux-vichy-normand-vert-nelly\/","name":"Lot de serviettes de table coton carreaux vichy normand vert NELLY","isPartOf":{"@id":"https:\/\/linandelle.com\/fr\/#website"},"primaryImageOfPage":{"@id":"https:\/\/linandelle.com\/fr\/produit\/lot-de-serviettes-de-table-carreaux-vichy-normand-vert-nelly\/#primaryimage"},"image":{"@id":"https:\/\/linandelle.com\/fr\/produit\/lot-de-serviettes-de-table-carreaux-vichy-normand-vert-nelly\/#primaryimage"},"thumbnailUrl":"https:\/\/linandelle.com\/wp-content\/uploads\/2023\/04\/ambiance-lot-10-serviettes-verte.jpg","datePublished":"2021-07-13T09:37:41+00:00","dateModified":"2026-04-28T08:57:11+00:00","description":"Lot de serviettes de table en coton \u00e9conomique, \u00e0 carreaux vichy normand vert, grandes et r\u00e9sistantes, pour les particuliers et les professionnels de la restauration","breadcrumb":{"@id":"https:\/\/linandelle.com\/fr\/produit\/lot-de-serviettes-de-table-carreaux-vichy-normand-vert-nelly\/#breadcrumb"},"inLanguage":"fr-FR","potentialAction":[{"@type":"ReadAction","target":["https:\/\/linandelle.com\/fr\/produit\/lot-de-serviettes-de-table-carreaux-vichy-normand-vert-nelly\/"]}]},{"@type":"ImageObject","inLanguage":"fr-FR","@id":"https:\/\/linandelle.com\/fr\/produit\/lot-de-serviettes-de-table-carreaux-vichy-normand-vert-nelly\/#primaryimage","url":"https:\/\/linandelle.com\/wp-content\/uploads\/2023\/04\/ambiance-lot-10-serviettes-verte.jpg","contentUrl":"https:\/\/linandelle.com\/wp-content\/uploads\/2023\/04\/ambiance-lot-10-serviettes-verte.jpg","width":1200,"height":1200},{"@type":"BreadcrumbList","@id":"https:\/\/linandelle.com\/fr\/produit\/lot-de-serviettes-de-table-carreaux-vichy-normand-vert-nelly\/#breadcrumb","itemListElement":[{"@type":"ListItem","position":1,"name":"Produits","item":"https:\/\/linandelle.com\/fr\/shop\/"},{"@type":"ListItem","position":2,"name":"Lot de serviettes de table carreaux vichy normand vert NELLY"}]},{"@type":"WebSite","@id":"https:\/\/linandelle.com\/fr\/#website","url":"https:\/\/linandelle.com\/fr\/","name":"Linandelle","description":"Linandelle, plus que du linge, l&#039;essentiel","publisher":{"@id":"https:\/\/linandelle.com\/fr\/#organization"},"potentialAction":[{"@type":"SearchAction","target":{"@type":"EntryPoint","urlTemplate":"https:\/\/linandelle.com\/fr\/?s={search_term_string}"},"query-input":{"@type":"PropertyValueSpecification","valueRequired":true,"valueName":"search_term_string"}}],"inLanguage":"fr-FR"},{"@type":"Organization","@id":"https:\/\/linandelle.com\/fr\/#organization","name":"Linandelle","url":"https:\/\/linandelle.com\/fr\/","logo":{"@type":"ImageObject","inLanguage":"fr-FR","@id":"https:\/\/linandelle.com\/fr\/#\/schema\/logo\/image\/","url":"https:\/\/linandelle.com\/wp-content\/uploads\/2022\/03\/logo-linandelle.jpg","contentUrl":"https:\/\/linandelle.com\/wp-content\/uploads\/2022\/03\/logo-linandelle.jpg","width":739,"height":738,"caption":"Linandelle"},"image":{"@id":"https:\/\/linandelle.com\/fr\/#\/schema\/logo\/image\/"},"sameAs":["https:\/\/www.facebook.com\/Linandelle","https:\/\/www.instagram.com\/linandelle\/","https:\/\/www.linkedin.com\/company\/18483801\/admin\/dashboard\/","https:\/\/www.pinterest.fr\/linandelle\/_created\/","https:\/\/www.youtube.com\/@linandellecharleval1016"],"email":"contact@linandelle.com","telephone":"0232687800","legalName":"SARL DU PONT DES JARDINS","vatID":"FR27448856641","taxID":"44885664100015","numberOfEmployees":{"@type":"QuantitativeValue","minValue":"1","maxValue":"10"}}]}},"_links":{"self":[{"href":"https:\/\/linandelle.com\/fr\/wp-json\/wp\/v2\/product\/8586","targetHints":{"allow":["GET"]}}],"collection":[{"href":"https:\/\/linandelle.com\/fr\/wp-json\/wp\/v2\/product"}],"about":[{"href":"https:\/\/linandelle.com\/fr\/wp-json\/wp\/v2\/types\/product"}],"wp:featuredmedia":[{"embeddable":true,"href":"https:\/\/linandelle.com\/fr\/wp-json\/wp\/v2\/media\/76648"}],"wp:attachment":[{"href":"https:\/\/linandelle.com\/fr\/wp-json\/wp\/v2\/media?parent=8586"}],"wp:term":[{"taxonomy":"product_brand","embeddable":true,"href":"https:\/\/linandelle.com\/fr\/wp-json\/wp\/v2\/product_brand?post=8586"},{"taxonomy":"product_cat","embeddable":true,"href":"https:\/\/linandelle.com\/fr\/wp-json\/wp\/v2\/product_cat?post=8586"},{"taxonomy":"product_tag","embeddable":true,"href":"https:\/\/linandelle.com\/fr\/wp-json\/wp\/v2\/product_tag?post=8586"},{"taxonomy":"woo-feed-brand","embeddable":true,"href":"https:\/\/linandelle.com\/fr\/wp-json\/wp\/v2\/woo-feed-brand?post=8586"}],"curies":[{"name":"wp","href":"https:\/\/api.w.org\/{rel}","templated":true}]}}